{"id":1101,"date":"2026-01-25T00:37:42","date_gmt":"2026-01-24T22:37:42","guid":{"rendered":"https:\/\/www.transtoyou.com\/de\/product\/rifaximin-xifaxan\/"},"modified":"2026-03-02T17:36:35","modified_gmt":"2026-03-02T15:36:35","slug":"rifaximin-xifaxan","status":"publish","type":"product","link":"https:\/\/www.transtoyou.com\/de\/product\/rifaximin-xifaxan\/","title":{"rendered":"Rifaximin (Xifaxan)"},"content":{"rendered":"<p>Rifaximin, allgemein bekannt unter dem Markennamen Xifaxan, ist ein Antibiotikum, das zur Behandlung verschiedener Infektionen des Verdauungstrakts eingesetzt wird, insbesondere bei Reisedurchfall, der durch bestimmte Bakterien verursacht wird. Was Rifaximin einzigartig macht, ist, dass es fast ausschlie\u00dflich im Magen-Darm-Trakt wirkt, was bedeutet, dass nur sehr wenig von dem Medikament in den Blutkreislauf aufgenommen wird. Diese lokale Wirkung hilft, die Infektion an ihrer Quelle zu bek\u00e4mpfen, w\u00e4hrend die Auswirkungen anderswo im K\u00f6rper minimiert werden.<\/p>\n<p>Das Medikament ist besonders n\u00fctzlich f\u00fcr die kurzfristige Linderung von Durchfall, der durch Escherichia Coli verursacht wird, ein h\u00e4ufiges Bakterium, das f\u00fcr Reisedurchfall verantwortlich ist. Im Gegensatz zu einigen breiter wirkenden Antibiotika st\u00f6rt Rifaximin weniger wahrscheinlich das Gleichgewicht der Darmflora, was helfen kann, das Risiko weiterer Verdauungsst\u00f6rungen zu reduzieren. Es wird oft f\u00fcr einige Tage eingenommen, typischerweise in Tablettenform, und die Anwender k\u00f6nnen innerhalb von 24 bis 48 Stunden nach Beginn der Behandlung eine Verbesserung bemerken.<\/p>\n<p>Es wird im Allgemeinen gut vertragen, obwohl leichte Nebenwirkungen wie Kopfschmerzen, \u00dcbelkeit oder Bauchkr\u00e4mpfe auftreten k\u00f6nnen. Rifaximin wird auch f\u00fcr andere Erkrankungen wie das Reizdarmsyndrom mit Durchfall (IBS-D) eingesetzt und in einigen F\u00e4llen, um das Risiko von Komplikationen bei Lebererkrankungen zu verringern, obwohl diese Anwendungen spezialisierter sind.<\/p>\n","protected":false},"excerpt":{"rendered":"<ul>\n<li>Greift bakterielle Durchf\u00e4lle an der Quelle an<\/li>\n<li>Minimale Aufnahme im K\u00f6rper<\/li>\n<li>Schnelle Linderung bei Reisedurchfall<\/li>\n<\/ul>\n","protected":false},"featured_media":1103,"comment_status":"open","ping_status":"closed","template":"","meta":[],"product_brand":[],"product_cat":[110],"product_tag":[],"expert":[16],"class_list":{"0":"post-1101","1":"product","2":"type-product","3":"status-publish","4":"has-post-thumbnail","6":"product_cat-durchfall","7":"expert-dr-c-alexandru","9":"first","10":"instock","11":"shipping-taxable","12":"product-type-variable"},"yoast_head":"<!-- This site is optimized with the Yoast SEO plugin v27.0 - https:\/\/yoast.com\/product\/yoast-seo-wordpress\/ -->\n<title>Rifaximin (Xifaxan) | Gezielte Linderung f\u00fcr den Darm - Transtoyou<\/title>\n<meta name=\"description\" content=\"Rifaximin (Xifaxan) zielt auf Darmbakterien ab und lindert effektiv Durchfall. Hier erh\u00e4ltlich f\u00fcr eine bequeme L\u00f6sung bei Verdauungsproblemen.\" \/>\n<meta name=\"robots\" content=\"noindex, follow, max-snippet:-1, max-image-preview:large, max-video-preview:-1\" \/>\n<meta property=\"og:locale\" content=\"de_DE\" \/>\n<meta property=\"og:type\" content=\"article\" \/>\n<meta property=\"og:title\" content=\"Rifaximin (Xifaxan) | Gezielte Linderung f\u00fcr den Darm - Transtoyou\" \/>\n<meta property=\"og:description\" content=\"Rifaximin (Xifaxan) zielt auf Darmbakterien ab und lindert effektiv Durchfall. Hier erh\u00e4ltlich f\u00fcr eine bequeme L\u00f6sung bei Verdauungsproblemen.\" \/>\n<meta property=\"og:url\" content=\"https:\/\/www.transtoyou.com\/de\/product\/rifaximin-xifaxan\/\" \/>\n<meta property=\"og:site_name\" content=\"Transtoyou - DE\" \/>\n<meta property=\"article:modified_time\" content=\"2026-03-02T15:36:35+00:00\" \/>\n<meta name=\"twitter:card\" content=\"summary_large_image\" \/>\n<meta name=\"twitter:label1\" content=\"Gesch\u00e4tzte Lesezeit\" \/>\n\t<meta name=\"twitter:data1\" content=\"1\u00a0Minute\" \/>\n<script type=\"application\/ld+json\" class=\"yoast-schema-graph\">{\"@context\":\"https:\/\/schema.org\",\"@graph\":[{\"@type\":\"WebPage\",\"@id\":\"https:\/\/www.transtoyou.com\/de\/product\/rifaximin-xifaxan\/\",\"url\":\"https:\/\/www.transtoyou.com\/de\/product\/rifaximin-xifaxan\/\",\"name\":\"Rifaximin (Xifaxan) | Gezielte Linderung f\u00fcr den Darm - Transtoyou\",\"isPartOf\":{\"@id\":\"https:\/\/www.transtoyou.com\/de\/#website\"},\"primaryImageOfPage\":{\"@id\":\"https:\/\/www.transtoyou.com\/de\/product\/rifaximin-xifaxan\/#primaryimage\"},\"image\":{\"@id\":\"https:\/\/www.transtoyou.com\/de\/product\/rifaximin-xifaxan\/#primaryimage\"},\"thumbnailUrl\":\"https:\/\/www.transtoyou.com\/de\/wp-content\/uploads\/sites\/4\/2026\/01\/tty-no-product-image-124.webp\",\"datePublished\":\"2026-01-24T22:37:42+00:00\",\"dateModified\":\"2026-03-02T15:36:35+00:00\",\"description\":\"Rifaximin (Xifaxan) zielt auf Darmbakterien ab und lindert effektiv Durchfall. Hier erh\u00e4ltlich f\u00fcr eine bequeme L\u00f6sung bei Verdauungsproblemen.\",\"breadcrumb\":{\"@id\":\"https:\/\/www.transtoyou.com\/de\/product\/rifaximin-xifaxan\/#breadcrumb\"},\"inLanguage\":\"de\",\"potentialAction\":[{\"@type\":\"ReadAction\",\"target\":[\"https:\/\/www.transtoyou.com\/de\/product\/rifaximin-xifaxan\/\"]}]},{\"@type\":\"ImageObject\",\"inLanguage\":\"de\",\"@id\":\"https:\/\/www.transtoyou.com\/de\/product\/rifaximin-xifaxan\/#primaryimage\",\"url\":\"https:\/\/www.transtoyou.com\/de\/wp-content\/uploads\/sites\/4\/2026\/01\/tty-no-product-image-124.webp\",\"contentUrl\":\"https:\/\/www.transtoyou.com\/de\/wp-content\/uploads\/sites\/4\/2026\/01\/tty-no-product-image-124.webp\",\"width\":1000,\"height\":1000,\"caption\":\"Standardproduktbild\"},{\"@type\":\"WebSite\",\"@id\":\"https:\/\/www.transtoyou.com\/de\/#website\",\"url\":\"https:\/\/www.transtoyou.com\/de\/\",\"name\":\"Transtoyou - DE\",\"description\":\"DE\",\"publisher\":{\"@id\":\"https:\/\/www.transtoyou.com\/de\/#organization\"},\"potentialAction\":[{\"@type\":\"SearchAction\",\"target\":{\"@type\":\"EntryPoint\",\"urlTemplate\":\"https:\/\/www.transtoyou.com\/de\/?s={search_term_string}\"},\"query-input\":{\"@type\":\"PropertyValueSpecification\",\"valueRequired\":true,\"valueName\":\"search_term_string\"}}],\"inLanguage\":\"de\"},{\"@type\":\"Organization\",\"@id\":\"https:\/\/www.transtoyou.com\/de\/#organization\",\"name\":\"Transtoyou - DE\",\"url\":\"https:\/\/www.transtoyou.com\/de\/\",\"logo\":{\"@type\":\"ImageObject\",\"inLanguage\":\"de\",\"@id\":\"https:\/\/www.transtoyou.com\/de\/#\/schema\/logo\/image\/\",\"url\":\"https:\/\/www.transtoyou.com\/de\/wp-content\/uploads\/sites\/4\/2026\/01\/logo-tty-menu-bar-300x87-1.webp\",\"contentUrl\":\"https:\/\/www.transtoyou.com\/de\/wp-content\/uploads\/sites\/4\/2026\/01\/logo-tty-menu-bar-300x87-1.webp\",\"width\":300,\"height\":87,\"caption\":\"Transtoyou - DE\"},\"image\":{\"@id\":\"https:\/\/www.transtoyou.com\/de\/#\/schema\/logo\/image\/\"}}]}<\/script>\n<!-- \/ Yoast SEO plugin. -->","yoast_head_json":{"title":"Rifaximin (Xifaxan) | Gezielte Linderung f\u00fcr den Darm - Transtoyou","description":"Rifaximin (Xifaxan) zielt auf Darmbakterien ab und lindert effektiv Durchfall. Hier erh\u00e4ltlich f\u00fcr eine bequeme L\u00f6sung bei Verdauungsproblemen.","robots":{"index":"noindex","follow":"follow","max-snippet":"max-snippet:-1","max-image-preview":"max-image-preview:large","max-video-preview":"max-video-preview:-1"},"og_locale":"de_DE","og_type":"article","og_title":"Rifaximin (Xifaxan) | Gezielte Linderung f\u00fcr den Darm - Transtoyou","og_description":"Rifaximin (Xifaxan) zielt auf Darmbakterien ab und lindert effektiv Durchfall. Hier erh\u00e4ltlich f\u00fcr eine bequeme L\u00f6sung bei Verdauungsproblemen.","og_url":"https:\/\/www.transtoyou.com\/de\/product\/rifaximin-xifaxan\/","og_site_name":"Transtoyou - DE","article_modified_time":"2026-03-02T15:36:35+00:00","twitter_card":"summary_large_image","twitter_misc":{"Gesch\u00e4tzte Lesezeit":"1\u00a0Minute"},"schema":{"@context":"https:\/\/schema.org","@graph":[{"@type":"WebPage","@id":"https:\/\/www.transtoyou.com\/de\/product\/rifaximin-xifaxan\/","url":"https:\/\/www.transtoyou.com\/de\/product\/rifaximin-xifaxan\/","name":"Rifaximin (Xifaxan) | Gezielte Linderung f\u00fcr den Darm - Transtoyou","isPartOf":{"@id":"https:\/\/www.transtoyou.com\/de\/#website"},"primaryImageOfPage":{"@id":"https:\/\/www.transtoyou.com\/de\/product\/rifaximin-xifaxan\/#primaryimage"},"image":{"@id":"https:\/\/www.transtoyou.com\/de\/product\/rifaximin-xifaxan\/#primaryimage"},"thumbnailUrl":"https:\/\/www.transtoyou.com\/de\/wp-content\/uploads\/sites\/4\/2026\/01\/tty-no-product-image-124.webp","datePublished":"2026-01-24T22:37:42+00:00","dateModified":"2026-03-02T15:36:35+00:00","description":"Rifaximin (Xifaxan) zielt auf Darmbakterien ab und lindert effektiv Durchfall. Hier erh\u00e4ltlich f\u00fcr eine bequeme L\u00f6sung bei Verdauungsproblemen.","breadcrumb":{"@id":"https:\/\/www.transtoyou.com\/de\/product\/rifaximin-xifaxan\/#breadcrumb"},"inLanguage":"de","potentialAction":[{"@type":"ReadAction","target":["https:\/\/www.transtoyou.com\/de\/product\/rifaximin-xifaxan\/"]}]},{"@type":"ImageObject","inLanguage":"de","@id":"https:\/\/www.transtoyou.com\/de\/product\/rifaximin-xifaxan\/#primaryimage","url":"https:\/\/www.transtoyou.com\/de\/wp-content\/uploads\/sites\/4\/2026\/01\/tty-no-product-image-124.webp","contentUrl":"https:\/\/www.transtoyou.com\/de\/wp-content\/uploads\/sites\/4\/2026\/01\/tty-no-product-image-124.webp","width":1000,"height":1000,"caption":"Standardproduktbild"},{"@type":"WebSite","@id":"https:\/\/www.transtoyou.com\/de\/#website","url":"https:\/\/www.transtoyou.com\/de\/","name":"Transtoyou - DE","description":"DE","publisher":{"@id":"https:\/\/www.transtoyou.com\/de\/#organization"},"potentialAction":[{"@type":"SearchAction","target":{"@type":"EntryPoint","urlTemplate":"https:\/\/www.transtoyou.com\/de\/?s={search_term_string}"},"query-input":{"@type":"PropertyValueSpecification","valueRequired":true,"valueName":"search_term_string"}}],"inLanguage":"de"},{"@type":"Organization","@id":"https:\/\/www.transtoyou.com\/de\/#organization","name":"Transtoyou - DE","url":"https:\/\/www.transtoyou.com\/de\/","logo":{"@type":"ImageObject","inLanguage":"de","@id":"https:\/\/www.transtoyou.com\/de\/#\/schema\/logo\/image\/","url":"https:\/\/www.transtoyou.com\/de\/wp-content\/uploads\/sites\/4\/2026\/01\/logo-tty-menu-bar-300x87-1.webp","contentUrl":"https:\/\/www.transtoyou.com\/de\/wp-content\/uploads\/sites\/4\/2026\/01\/logo-tty-menu-bar-300x87-1.webp","width":300,"height":87,"caption":"Transtoyou - DE"},"image":{"@id":"https:\/\/www.transtoyou.com\/de\/#\/schema\/logo\/image\/"}}]}},"_links":{"self":[{"href":"https:\/\/www.transtoyou.com\/de\/wp-json\/wp\/v2\/product\/1101","targetHints":{"allow":["GET"]}}],"collection":[{"href":"https:\/\/www.transtoyou.com\/de\/wp-json\/wp\/v2\/product"}],"about":[{"href":"https:\/\/www.transtoyou.com\/de\/wp-json\/wp\/v2\/types\/product"}],"replies":[{"embeddable":true,"href":"https:\/\/www.transtoyou.com\/de\/wp-json\/wp\/v2\/comments?post=1101"}],"wp:featuredmedia":[{"embeddable":true,"href":"https:\/\/www.transtoyou.com\/de\/wp-json\/wp\/v2\/media\/1103"}],"wp:attachment":[{"href":"https:\/\/www.transtoyou.com\/de\/wp-json\/wp\/v2\/media?parent=1101"}],"wp:term":[{"taxonomy":"product_brand","embeddable":true,"href":"https:\/\/www.transtoyou.com\/de\/wp-json\/wp\/v2\/product_brand?post=1101"},{"taxonomy":"product_cat","embeddable":true,"href":"https:\/\/www.transtoyou.com\/de\/wp-json\/wp\/v2\/product_cat?post=1101"},{"taxonomy":"product_tag","embeddable":true,"href":"https:\/\/www.transtoyou.com\/de\/wp-json\/wp\/v2\/product_tag?post=1101"},{"taxonomy":"expert","embeddable":true,"href":"https:\/\/www.transtoyou.com\/de\/wp-json\/wp\/v2\/expert?post=1101"}],"curies":[{"name":"wp","href":"https:\/\/api.w.org\/{rel}","templated":true}]}}