{"id":1104,"date":"2026-01-25T00:54:28","date_gmt":"2026-01-24T22:54:28","guid":{"rendered":"https:\/\/www.transtoyou.com\/de\/product\/norlevo-levonelle\/"},"modified":"2026-01-25T00:55:25","modified_gmt":"2026-01-24T22:55:25","slug":"norlevo-levonelle","status":"publish","type":"product","link":"https:\/\/www.transtoyou.com\/de\/product\/norlevo-levonelle\/","title":{"rendered":"Norlevo (Levonelle)"},"content":{"rendered":"<p>Norlevo, auch bekannt als Levonelle, ist eine Notfallverh\u00fctungspille (ECP), die dazu entwickelt wurde, eine Schwangerschaft nach ungesch\u00fctztem Geschlechtsverkehr oder Versagen der Verh\u00fctung (z.B. gerissene Kondome oder vergessene Pillen) zu verhindern. Es enth\u00e4lt Levonorgestrel, ein synthetisches Gestagen-Hormon, das das nat\u00fcrliche Progesteron des K\u00f6rpers nachahmt.<\/p>\n<p>Norlevo wirkt haupts\u00e4chlich, indem es den Eisprung verz\u00f6gert oder hemmt, was bedeutet, dass die Freisetzung einer Eizelle aus dem Eierstock verhindert wird. Ohne eine Eizelle kann keine Befruchtung stattfinden. Es kann auch den Zervixschleim und die Geb\u00e4rmutterschleimhaut ver\u00e4ndern, was es Spermien erschwert, eine Eizelle zu erreichen oder dass sich eine befruchtete Eizelle einnistet, obwohl dies ein sekund\u00e4rer Mechanismus ist und weniger gut etabliert.<\/p>\n<p>Es ist am effektivsten, wenn es so schnell wie m\u00f6glich eingenommen wird, idealerweise innerhalb von 12 Stunden, kann aber bis zu 72 Stunden (3 Tage) nach ungesch\u00fctztem Geschlechtsverkehr eingenommen werden. Die Wirksamkeit nimmt ab, je l\u00e4nger die Verz\u00f6gerung ist.<\/p>\n<p>Norlevo beendet keine bestehende Schwangerschaft und ist nicht f\u00fcr die regelm\u00e4\u00dfige Verh\u00fctung gedacht. Es ist nicht wirksam, wenn der Eisprung bereits stattgefunden hat. Es sch\u00fctzt auch nicht vor sexuell \u00fcbertragbaren Infektionen (STIs).<\/p>\n<p>Zu den Vorteilen geh\u00f6ren die breite Verf\u00fcgbarkeit, die einfache Anwendung und die gute Vertr\u00e4glichkeit, insbesondere wenn es schnell eingenommen wird. Nebenwirkungen sind in der Regel mild und vor\u00fcbergehend, wie \u00dcbelkeit, Kopfschmerzen, Brustempfindlichkeit, Schwindel oder Ver\u00e4nderungen im Menstruationszyklus.<\/p>\n","protected":false},"excerpt":{"rendered":"<ul>\n<li>Innerhalb von 72 Stunden einnehmen<\/li>\n<li>Ovulation verz\u00f6gern<\/li>\n<li>Notfallverh\u00fctung<\/li>\n<\/ul>\n","protected":false},"featured_media":1105,"comment_status":"open","ping_status":"closed","template":"","meta":[],"product_brand":[],"product_cat":[113],"product_tag":[],"expert":[19],"class_list":{"0":"post-1104","1":"product","2":"type-product","3":"status-publish","4":"has-post-thumbnail","6":"product_cat-notfallverhutung","7":"expert-dr-j-vazquez","9":"first","10":"instock","11":"shipping-taxable","12":"product-type-simple"},"yoast_head":"<!-- This site is optimized with the Yoast SEO plugin v27.0 - https:\/\/yoast.com\/product\/yoast-seo-wordpress\/ -->\n<title>Norlevo (Levonelle) | Schnell wirkende ECP - Transtoyou<\/title>\n<meta name=\"description\" content=\"Norlevo (Levonelle) ECP verhindert eine Schwangerschaft nach ungesch\u00fctztem Geschlechtsverkehr. Hier schnell verf\u00fcgbar. Wirksam bis zu 72 Stunden. Jetzt bei Transtoyou einkaufen.\" \/>\n<meta name=\"robots\" content=\"noindex, follow, max-snippet:-1, max-image-preview:large, max-video-preview:-1\" \/>\n<meta property=\"og:locale\" content=\"de_DE\" \/>\n<meta property=\"og:type\" content=\"article\" \/>\n<meta property=\"og:title\" content=\"Norlevo (Levonelle) | Schnell wirkende ECP - Transtoyou\" \/>\n<meta property=\"og:description\" content=\"Norlevo (Levonelle) ECP verhindert eine Schwangerschaft nach ungesch\u00fctztem Geschlechtsverkehr. Hier schnell verf\u00fcgbar. Wirksam bis zu 72 Stunden. Jetzt bei Transtoyou einkaufen.\" \/>\n<meta property=\"og:url\" content=\"https:\/\/www.transtoyou.com\/de\/product\/norlevo-levonelle\/\" \/>\n<meta property=\"og:site_name\" content=\"Transtoyou - DE\" \/>\n<meta property=\"article:modified_time\" content=\"2026-01-24T22:55:25+00:00\" \/>\n<meta name=\"twitter:card\" content=\"summary_large_image\" \/>\n<meta name=\"twitter:label1\" content=\"Gesch\u00e4tzte Lesezeit\" \/>\n\t<meta name=\"twitter:data1\" content=\"1\u00a0Minute\" \/>\n<script type=\"application\/ld+json\" class=\"yoast-schema-graph\">{\"@context\":\"https:\/\/schema.org\",\"@graph\":[{\"@type\":\"WebPage\",\"@id\":\"https:\/\/www.transtoyou.com\/de\/product\/norlevo-levonelle\/\",\"url\":\"https:\/\/www.transtoyou.com\/de\/product\/norlevo-levonelle\/\",\"name\":\"Norlevo (Levonelle) | Schnell wirkende ECP - Transtoyou\",\"isPartOf\":{\"@id\":\"https:\/\/www.transtoyou.com\/de\/#website\"},\"primaryImageOfPage\":{\"@id\":\"https:\/\/www.transtoyou.com\/de\/product\/norlevo-levonelle\/#primaryimage\"},\"image\":{\"@id\":\"https:\/\/www.transtoyou.com\/de\/product\/norlevo-levonelle\/#primaryimage\"},\"thumbnailUrl\":\"https:\/\/www.transtoyou.com\/de\/wp-content\/uploads\/sites\/4\/2026\/01\/tty-no-product-image-125.webp\",\"datePublished\":\"2026-01-24T22:54:28+00:00\",\"dateModified\":\"2026-01-24T22:55:25+00:00\",\"description\":\"Norlevo (Levonelle) ECP verhindert eine Schwangerschaft nach ungesch\u00fctztem Geschlechtsverkehr. Hier schnell verf\u00fcgbar. Wirksam bis zu 72 Stunden. Jetzt bei Transtoyou einkaufen.\",\"breadcrumb\":{\"@id\":\"https:\/\/www.transtoyou.com\/de\/product\/norlevo-levonelle\/#breadcrumb\"},\"inLanguage\":\"de\",\"potentialAction\":[{\"@type\":\"ReadAction\",\"target\":[\"https:\/\/www.transtoyou.com\/de\/product\/norlevo-levonelle\/\"]}]},{\"@type\":\"ImageObject\",\"inLanguage\":\"de\",\"@id\":\"https:\/\/www.transtoyou.com\/de\/product\/norlevo-levonelle\/#primaryimage\",\"url\":\"https:\/\/www.transtoyou.com\/de\/wp-content\/uploads\/sites\/4\/2026\/01\/tty-no-product-image-125.webp\",\"contentUrl\":\"https:\/\/www.transtoyou.com\/de\/wp-content\/uploads\/sites\/4\/2026\/01\/tty-no-product-image-125.webp\",\"width\":1000,\"height\":1000,\"caption\":\"Standardproduktbild\"},{\"@type\":\"WebSite\",\"@id\":\"https:\/\/www.transtoyou.com\/de\/#website\",\"url\":\"https:\/\/www.transtoyou.com\/de\/\",\"name\":\"Transtoyou - DE\",\"description\":\"DE\",\"publisher\":{\"@id\":\"https:\/\/www.transtoyou.com\/de\/#organization\"},\"potentialAction\":[{\"@type\":\"SearchAction\",\"target\":{\"@type\":\"EntryPoint\",\"urlTemplate\":\"https:\/\/www.transtoyou.com\/de\/?s={search_term_string}\"},\"query-input\":{\"@type\":\"PropertyValueSpecification\",\"valueRequired\":true,\"valueName\":\"search_term_string\"}}],\"inLanguage\":\"de\"},{\"@type\":\"Organization\",\"@id\":\"https:\/\/www.transtoyou.com\/de\/#organization\",\"name\":\"Transtoyou - DE\",\"url\":\"https:\/\/www.transtoyou.com\/de\/\",\"logo\":{\"@type\":\"ImageObject\",\"inLanguage\":\"de\",\"@id\":\"https:\/\/www.transtoyou.com\/de\/#\/schema\/logo\/image\/\",\"url\":\"https:\/\/www.transtoyou.com\/de\/wp-content\/uploads\/sites\/4\/2026\/01\/logo-tty-menu-bar-300x87-1.webp\",\"contentUrl\":\"https:\/\/www.transtoyou.com\/de\/wp-content\/uploads\/sites\/4\/2026\/01\/logo-tty-menu-bar-300x87-1.webp\",\"width\":300,\"height\":87,\"caption\":\"Transtoyou - DE\"},\"image\":{\"@id\":\"https:\/\/www.transtoyou.com\/de\/#\/schema\/logo\/image\/\"}}]}<\/script>\n<!-- \/ Yoast SEO plugin. -->","yoast_head_json":{"title":"Norlevo (Levonelle) | Schnell wirkende ECP - Transtoyou","description":"Norlevo (Levonelle) ECP verhindert eine Schwangerschaft nach ungesch\u00fctztem Geschlechtsverkehr. Hier schnell verf\u00fcgbar. Wirksam bis zu 72 Stunden. Jetzt bei Transtoyou einkaufen.","robots":{"index":"noindex","follow":"follow","max-snippet":"max-snippet:-1","max-image-preview":"max-image-preview:large","max-video-preview":"max-video-preview:-1"},"og_locale":"de_DE","og_type":"article","og_title":"Norlevo (Levonelle) | Schnell wirkende ECP - Transtoyou","og_description":"Norlevo (Levonelle) ECP verhindert eine Schwangerschaft nach ungesch\u00fctztem Geschlechtsverkehr. Hier schnell verf\u00fcgbar. Wirksam bis zu 72 Stunden. Jetzt bei Transtoyou einkaufen.","og_url":"https:\/\/www.transtoyou.com\/de\/product\/norlevo-levonelle\/","og_site_name":"Transtoyou - DE","article_modified_time":"2026-01-24T22:55:25+00:00","twitter_card":"summary_large_image","twitter_misc":{"Gesch\u00e4tzte Lesezeit":"1\u00a0Minute"},"schema":{"@context":"https:\/\/schema.org","@graph":[{"@type":"WebPage","@id":"https:\/\/www.transtoyou.com\/de\/product\/norlevo-levonelle\/","url":"https:\/\/www.transtoyou.com\/de\/product\/norlevo-levonelle\/","name":"Norlevo (Levonelle) | Schnell wirkende ECP - Transtoyou","isPartOf":{"@id":"https:\/\/www.transtoyou.com\/de\/#website"},"primaryImageOfPage":{"@id":"https:\/\/www.transtoyou.com\/de\/product\/norlevo-levonelle\/#primaryimage"},"image":{"@id":"https:\/\/www.transtoyou.com\/de\/product\/norlevo-levonelle\/#primaryimage"},"thumbnailUrl":"https:\/\/www.transtoyou.com\/de\/wp-content\/uploads\/sites\/4\/2026\/01\/tty-no-product-image-125.webp","datePublished":"2026-01-24T22:54:28+00:00","dateModified":"2026-01-24T22:55:25+00:00","description":"Norlevo (Levonelle) ECP verhindert eine Schwangerschaft nach ungesch\u00fctztem Geschlechtsverkehr. Hier schnell verf\u00fcgbar. Wirksam bis zu 72 Stunden. Jetzt bei Transtoyou einkaufen.","breadcrumb":{"@id":"https:\/\/www.transtoyou.com\/de\/product\/norlevo-levonelle\/#breadcrumb"},"inLanguage":"de","potentialAction":[{"@type":"ReadAction","target":["https:\/\/www.transtoyou.com\/de\/product\/norlevo-levonelle\/"]}]},{"@type":"ImageObject","inLanguage":"de","@id":"https:\/\/www.transtoyou.com\/de\/product\/norlevo-levonelle\/#primaryimage","url":"https:\/\/www.transtoyou.com\/de\/wp-content\/uploads\/sites\/4\/2026\/01\/tty-no-product-image-125.webp","contentUrl":"https:\/\/www.transtoyou.com\/de\/wp-content\/uploads\/sites\/4\/2026\/01\/tty-no-product-image-125.webp","width":1000,"height":1000,"caption":"Standardproduktbild"},{"@type":"WebSite","@id":"https:\/\/www.transtoyou.com\/de\/#website","url":"https:\/\/www.transtoyou.com\/de\/","name":"Transtoyou - DE","description":"DE","publisher":{"@id":"https:\/\/www.transtoyou.com\/de\/#organization"},"potentialAction":[{"@type":"SearchAction","target":{"@type":"EntryPoint","urlTemplate":"https:\/\/www.transtoyou.com\/de\/?s={search_term_string}"},"query-input":{"@type":"PropertyValueSpecification","valueRequired":true,"valueName":"search_term_string"}}],"inLanguage":"de"},{"@type":"Organization","@id":"https:\/\/www.transtoyou.com\/de\/#organization","name":"Transtoyou - DE","url":"https:\/\/www.transtoyou.com\/de\/","logo":{"@type":"ImageObject","inLanguage":"de","@id":"https:\/\/www.transtoyou.com\/de\/#\/schema\/logo\/image\/","url":"https:\/\/www.transtoyou.com\/de\/wp-content\/uploads\/sites\/4\/2026\/01\/logo-tty-menu-bar-300x87-1.webp","contentUrl":"https:\/\/www.transtoyou.com\/de\/wp-content\/uploads\/sites\/4\/2026\/01\/logo-tty-menu-bar-300x87-1.webp","width":300,"height":87,"caption":"Transtoyou - DE"},"image":{"@id":"https:\/\/www.transtoyou.com\/de\/#\/schema\/logo\/image\/"}}]}},"_links":{"self":[{"href":"https:\/\/www.transtoyou.com\/de\/wp-json\/wp\/v2\/product\/1104","targetHints":{"allow":["GET"]}}],"collection":[{"href":"https:\/\/www.transtoyou.com\/de\/wp-json\/wp\/v2\/product"}],"about":[{"href":"https:\/\/www.transtoyou.com\/de\/wp-json\/wp\/v2\/types\/product"}],"replies":[{"embeddable":true,"href":"https:\/\/www.transtoyou.com\/de\/wp-json\/wp\/v2\/comments?post=1104"}],"wp:featuredmedia":[{"embeddable":true,"href":"https:\/\/www.transtoyou.com\/de\/wp-json\/wp\/v2\/media\/1105"}],"wp:attachment":[{"href":"https:\/\/www.transtoyou.com\/de\/wp-json\/wp\/v2\/media?parent=1104"}],"wp:term":[{"taxonomy":"product_brand","embeddable":true,"href":"https:\/\/www.transtoyou.com\/de\/wp-json\/wp\/v2\/product_brand?post=1104"},{"taxonomy":"product_cat","embeddable":true,"href":"https:\/\/www.transtoyou.com\/de\/wp-json\/wp\/v2\/product_cat?post=1104"},{"taxonomy":"product_tag","embeddable":true,"href":"https:\/\/www.transtoyou.com\/de\/wp-json\/wp\/v2\/product_tag?post=1104"},{"taxonomy":"expert","embeddable":true,"href":"https:\/\/www.transtoyou.com\/de\/wp-json\/wp\/v2\/expert?post=1104"}],"curies":[{"name":"wp","href":"https:\/\/api.w.org\/{rel}","templated":true}]}}