{"id":1106,"date":"2026-01-25T01:11:27","date_gmt":"2026-01-24T23:11:27","guid":{"rendered":"https:\/\/www.transtoyou.com\/de\/product\/ellaone\/"},"modified":"2026-01-25T01:12:26","modified_gmt":"2026-01-24T23:12:26","slug":"ellaone","status":"publish","type":"product","link":"https:\/\/www.transtoyou.com\/de\/product\/ellaone\/","title":{"rendered":"EllaOne"},"content":{"rendered":"<p>EllaOne ist ein hormonelles Notfallverh\u00fctungsmittel, das verwendet wird, um eine ungewollte Schwangerschaft nach ungesch\u00fctztem Geschlechtsverkehr oder Versagen der Verh\u00fctung (z. B. Kondomriss oder vergessene Antibabypillen) zu verhindern. Es enth\u00e4lt Ulipristalacetat, einen selektiven Progesteronrezeptormodulator (SPRM).<\/p>\n<p>EllaOne wirkt haupts\u00e4chlich, indem es den Eisprung verz\u00f6gert oder hemmt, also die Freisetzung einer Eizelle aus dem Eierstock. Wenn der Eisprung bereits stattgefunden hat, kann es m\u00f6glicherweise nicht wirksam sein, und es beendet keine bestehende Schwangerschaft. Ulipristal bindet an Progesteronrezeptoren und blockiert das nat\u00fcrliche Hormon Progesteron, das f\u00fcr den Eisprung erforderlich ist.<\/p>\n<p>EllaOne ist am effektivsten, wenn es so schnell wie m\u00f6glich nach ungesch\u00fctztem Geschlechtsverkehr eingenommen wird, idealerweise innerhalb von 24 Stunden, kann aber bis zu 120 Stunden (5 Tage) danach eingenommen werden. Klinische Studien zeigen, dass es im 5-Tage-Fenster wirksamer bleibt als Notfallverh\u00fctungsmittel auf Levonorgestrelbasis.<\/p>\n<p>EllaOne ist nicht f\u00fcr die regelm\u00e4\u00dfige Verh\u00fctung gedacht und sollte nicht mehr als einmal innerhalb des gleichen Menstruationszyklus verwendet werden. Es bietet keinen Schutz vor sexuell \u00fcbertragbaren Infektionen (STIs). Zu den Vorteilen von EllaOne geh\u00f6ren ein l\u00e4ngeres Wirksamkeitsfenster als bei anderen Notfallverh\u00fctungsmitteln, hohe Wirksamkeit bei schneller Einnahme und ein gut vertr\u00e4gliches Sicherheitsprofil.<\/p>\n<p>H\u00e4ufige Nebenwirkungen k\u00f6nnen Kopfschmerzen, \u00dcbelkeit, Bauchschmerzen, Menstruationsunregelm\u00e4\u00dfigkeiten und M\u00fcdigkeit umfassen. Es sollte nicht von Frauen verwendet werden, die bereits schwanger sind, und Vorsicht ist geboten f\u00fcr diejenigen, die hormonelle Verh\u00fctungsmittel verwenden, da deren Wirksamkeit nach der Einnahme von EllaOne vor\u00fcbergehend reduziert sein kann.<\/p>\n","protected":false},"excerpt":{"rendered":"<ul>\n<li>Wirksam bis zu 5 Tage<\/li>\n<li>Verz\u00f6gert den Eisprung<\/li>\n<li>F\u00fcr die Notfallverh\u00fctung<\/li>\n<\/ul>\n","protected":false},"featured_media":1107,"comment_status":"open","ping_status":"closed","template":"","meta":[],"product_brand":[],"product_cat":[113],"product_tag":[],"expert":[19],"class_list":{"0":"post-1106","1":"product","2":"type-product","3":"status-publish","4":"has-post-thumbnail","6":"product_cat-notfallverhutung","7":"expert-dr-j-vazquez","9":"first","10":"instock","11":"shipping-taxable","12":"product-type-simple"},"yoast_head":"<!-- This site is optimized with the Yoast SEO plugin v27.0 - https:\/\/yoast.com\/product\/yoast-seo-wordpress\/ -->\n<title>EllaOne | Schnell wirkendes Notfallverh\u00fctungsmittel - Transtoyou<\/title>\n<meta name=\"description\" content=\"Kaufe EllaOne, ein hormonelles Notfallverh\u00fctungsmittel zur Verhinderung ungewollter Schwangerschaften. Wirksam innerhalb von 5 Tagen nach dem Geschlechtsverkehr. Jetzt erh\u00e4ltlich.\" \/>\n<meta name=\"robots\" content=\"noindex, follow, max-snippet:-1, max-image-preview:large, max-video-preview:-1\" \/>\n<meta property=\"og:locale\" content=\"de_DE\" \/>\n<meta property=\"og:type\" content=\"article\" \/>\n<meta property=\"og:title\" content=\"EllaOne | Schnell wirkendes Notfallverh\u00fctungsmittel - Transtoyou\" \/>\n<meta property=\"og:description\" content=\"Kaufe EllaOne, ein hormonelles Notfallverh\u00fctungsmittel zur Verhinderung ungewollter Schwangerschaften. Wirksam innerhalb von 5 Tagen nach dem Geschlechtsverkehr. Jetzt erh\u00e4ltlich.\" \/>\n<meta property=\"og:url\" content=\"https:\/\/www.transtoyou.com\/de\/product\/ellaone\/\" \/>\n<meta property=\"og:site_name\" content=\"Transtoyou - DE\" \/>\n<meta property=\"article:modified_time\" content=\"2026-01-24T23:12:26+00:00\" \/>\n<meta name=\"twitter:card\" content=\"summary_large_image\" \/>\n<meta name=\"twitter:label1\" content=\"Gesch\u00e4tzte Lesezeit\" \/>\n\t<meta name=\"twitter:data1\" content=\"1\u00a0Minute\" \/>\n<script type=\"application\/ld+json\" class=\"yoast-schema-graph\">{\"@context\":\"https:\/\/schema.org\",\"@graph\":[{\"@type\":\"WebPage\",\"@id\":\"https:\/\/www.transtoyou.com\/de\/product\/ellaone\/\",\"url\":\"https:\/\/www.transtoyou.com\/de\/product\/ellaone\/\",\"name\":\"EllaOne | Schnell wirkendes Notfallverh\u00fctungsmittel - Transtoyou\",\"isPartOf\":{\"@id\":\"https:\/\/www.transtoyou.com\/de\/#website\"},\"primaryImageOfPage\":{\"@id\":\"https:\/\/www.transtoyou.com\/de\/product\/ellaone\/#primaryimage\"},\"image\":{\"@id\":\"https:\/\/www.transtoyou.com\/de\/product\/ellaone\/#primaryimage\"},\"thumbnailUrl\":\"https:\/\/www.transtoyou.com\/de\/wp-content\/uploads\/sites\/4\/2026\/01\/tty-no-product-image-126.webp\",\"datePublished\":\"2026-01-24T23:11:27+00:00\",\"dateModified\":\"2026-01-24T23:12:26+00:00\",\"description\":\"Kaufe EllaOne, ein hormonelles Notfallverh\u00fctungsmittel zur Verhinderung ungewollter Schwangerschaften. Wirksam innerhalb von 5 Tagen nach dem Geschlechtsverkehr. Jetzt erh\u00e4ltlich.\",\"breadcrumb\":{\"@id\":\"https:\/\/www.transtoyou.com\/de\/product\/ellaone\/#breadcrumb\"},\"inLanguage\":\"de\",\"potentialAction\":[{\"@type\":\"ReadAction\",\"target\":[\"https:\/\/www.transtoyou.com\/de\/product\/ellaone\/\"]}]},{\"@type\":\"ImageObject\",\"inLanguage\":\"de\",\"@id\":\"https:\/\/www.transtoyou.com\/de\/product\/ellaone\/#primaryimage\",\"url\":\"https:\/\/www.transtoyou.com\/de\/wp-content\/uploads\/sites\/4\/2026\/01\/tty-no-product-image-126.webp\",\"contentUrl\":\"https:\/\/www.transtoyou.com\/de\/wp-content\/uploads\/sites\/4\/2026\/01\/tty-no-product-image-126.webp\",\"width\":1000,\"height\":1000,\"caption\":\"Standardproduktbild\"},{\"@type\":\"WebSite\",\"@id\":\"https:\/\/www.transtoyou.com\/de\/#website\",\"url\":\"https:\/\/www.transtoyou.com\/de\/\",\"name\":\"Transtoyou - DE\",\"description\":\"DE\",\"publisher\":{\"@id\":\"https:\/\/www.transtoyou.com\/de\/#organization\"},\"potentialAction\":[{\"@type\":\"SearchAction\",\"target\":{\"@type\":\"EntryPoint\",\"urlTemplate\":\"https:\/\/www.transtoyou.com\/de\/?s={search_term_string}\"},\"query-input\":{\"@type\":\"PropertyValueSpecification\",\"valueRequired\":true,\"valueName\":\"search_term_string\"}}],\"inLanguage\":\"de\"},{\"@type\":\"Organization\",\"@id\":\"https:\/\/www.transtoyou.com\/de\/#organization\",\"name\":\"Transtoyou - DE\",\"url\":\"https:\/\/www.transtoyou.com\/de\/\",\"logo\":{\"@type\":\"ImageObject\",\"inLanguage\":\"de\",\"@id\":\"https:\/\/www.transtoyou.com\/de\/#\/schema\/logo\/image\/\",\"url\":\"https:\/\/www.transtoyou.com\/de\/wp-content\/uploads\/sites\/4\/2026\/01\/logo-tty-menu-bar-300x87-1.webp\",\"contentUrl\":\"https:\/\/www.transtoyou.com\/de\/wp-content\/uploads\/sites\/4\/2026\/01\/logo-tty-menu-bar-300x87-1.webp\",\"width\":300,\"height\":87,\"caption\":\"Transtoyou - DE\"},\"image\":{\"@id\":\"https:\/\/www.transtoyou.com\/de\/#\/schema\/logo\/image\/\"}}]}<\/script>\n<!-- \/ Yoast SEO plugin. -->","yoast_head_json":{"title":"EllaOne | Schnell wirkendes Notfallverh\u00fctungsmittel - Transtoyou","description":"Kaufe EllaOne, ein hormonelles Notfallverh\u00fctungsmittel zur Verhinderung ungewollter Schwangerschaften. Wirksam innerhalb von 5 Tagen nach dem Geschlechtsverkehr. Jetzt erh\u00e4ltlich.","robots":{"index":"noindex","follow":"follow","max-snippet":"max-snippet:-1","max-image-preview":"max-image-preview:large","max-video-preview":"max-video-preview:-1"},"og_locale":"de_DE","og_type":"article","og_title":"EllaOne | Schnell wirkendes Notfallverh\u00fctungsmittel - Transtoyou","og_description":"Kaufe EllaOne, ein hormonelles Notfallverh\u00fctungsmittel zur Verhinderung ungewollter Schwangerschaften. Wirksam innerhalb von 5 Tagen nach dem Geschlechtsverkehr. Jetzt erh\u00e4ltlich.","og_url":"https:\/\/www.transtoyou.com\/de\/product\/ellaone\/","og_site_name":"Transtoyou - DE","article_modified_time":"2026-01-24T23:12:26+00:00","twitter_card":"summary_large_image","twitter_misc":{"Gesch\u00e4tzte Lesezeit":"1\u00a0Minute"},"schema":{"@context":"https:\/\/schema.org","@graph":[{"@type":"WebPage","@id":"https:\/\/www.transtoyou.com\/de\/product\/ellaone\/","url":"https:\/\/www.transtoyou.com\/de\/product\/ellaone\/","name":"EllaOne | Schnell wirkendes Notfallverh\u00fctungsmittel - Transtoyou","isPartOf":{"@id":"https:\/\/www.transtoyou.com\/de\/#website"},"primaryImageOfPage":{"@id":"https:\/\/www.transtoyou.com\/de\/product\/ellaone\/#primaryimage"},"image":{"@id":"https:\/\/www.transtoyou.com\/de\/product\/ellaone\/#primaryimage"},"thumbnailUrl":"https:\/\/www.transtoyou.com\/de\/wp-content\/uploads\/sites\/4\/2026\/01\/tty-no-product-image-126.webp","datePublished":"2026-01-24T23:11:27+00:00","dateModified":"2026-01-24T23:12:26+00:00","description":"Kaufe EllaOne, ein hormonelles Notfallverh\u00fctungsmittel zur Verhinderung ungewollter Schwangerschaften. Wirksam innerhalb von 5 Tagen nach dem Geschlechtsverkehr. Jetzt erh\u00e4ltlich.","breadcrumb":{"@id":"https:\/\/www.transtoyou.com\/de\/product\/ellaone\/#breadcrumb"},"inLanguage":"de","potentialAction":[{"@type":"ReadAction","target":["https:\/\/www.transtoyou.com\/de\/product\/ellaone\/"]}]},{"@type":"ImageObject","inLanguage":"de","@id":"https:\/\/www.transtoyou.com\/de\/product\/ellaone\/#primaryimage","url":"https:\/\/www.transtoyou.com\/de\/wp-content\/uploads\/sites\/4\/2026\/01\/tty-no-product-image-126.webp","contentUrl":"https:\/\/www.transtoyou.com\/de\/wp-content\/uploads\/sites\/4\/2026\/01\/tty-no-product-image-126.webp","width":1000,"height":1000,"caption":"Standardproduktbild"},{"@type":"WebSite","@id":"https:\/\/www.transtoyou.com\/de\/#website","url":"https:\/\/www.transtoyou.com\/de\/","name":"Transtoyou - DE","description":"DE","publisher":{"@id":"https:\/\/www.transtoyou.com\/de\/#organization"},"potentialAction":[{"@type":"SearchAction","target":{"@type":"EntryPoint","urlTemplate":"https:\/\/www.transtoyou.com\/de\/?s={search_term_string}"},"query-input":{"@type":"PropertyValueSpecification","valueRequired":true,"valueName":"search_term_string"}}],"inLanguage":"de"},{"@type":"Organization","@id":"https:\/\/www.transtoyou.com\/de\/#organization","name":"Transtoyou - DE","url":"https:\/\/www.transtoyou.com\/de\/","logo":{"@type":"ImageObject","inLanguage":"de","@id":"https:\/\/www.transtoyou.com\/de\/#\/schema\/logo\/image\/","url":"https:\/\/www.transtoyou.com\/de\/wp-content\/uploads\/sites\/4\/2026\/01\/logo-tty-menu-bar-300x87-1.webp","contentUrl":"https:\/\/www.transtoyou.com\/de\/wp-content\/uploads\/sites\/4\/2026\/01\/logo-tty-menu-bar-300x87-1.webp","width":300,"height":87,"caption":"Transtoyou - DE"},"image":{"@id":"https:\/\/www.transtoyou.com\/de\/#\/schema\/logo\/image\/"}}]}},"_links":{"self":[{"href":"https:\/\/www.transtoyou.com\/de\/wp-json\/wp\/v2\/product\/1106","targetHints":{"allow":["GET"]}}],"collection":[{"href":"https:\/\/www.transtoyou.com\/de\/wp-json\/wp\/v2\/product"}],"about":[{"href":"https:\/\/www.transtoyou.com\/de\/wp-json\/wp\/v2\/types\/product"}],"replies":[{"embeddable":true,"href":"https:\/\/www.transtoyou.com\/de\/wp-json\/wp\/v2\/comments?post=1106"}],"wp:featuredmedia":[{"embeddable":true,"href":"https:\/\/www.transtoyou.com\/de\/wp-json\/wp\/v2\/media\/1107"}],"wp:attachment":[{"href":"https:\/\/www.transtoyou.com\/de\/wp-json\/wp\/v2\/media?parent=1106"}],"wp:term":[{"taxonomy":"product_brand","embeddable":true,"href":"https:\/\/www.transtoyou.com\/de\/wp-json\/wp\/v2\/product_brand?post=1106"},{"taxonomy":"product_cat","embeddable":true,"href":"https:\/\/www.transtoyou.com\/de\/wp-json\/wp\/v2\/product_cat?post=1106"},{"taxonomy":"product_tag","embeddable":true,"href":"https:\/\/www.transtoyou.com\/de\/wp-json\/wp\/v2\/product_tag?post=1106"},{"taxonomy":"expert","embeddable":true,"href":"https:\/\/www.transtoyou.com\/de\/wp-json\/wp\/v2\/expert?post=1106"}],"curies":[{"name":"wp","href":"https:\/\/api.w.org\/{rel}","templated":true}]}}