{"id":1111,"date":"2026-01-25T01:43:22","date_gmt":"2026-01-24T23:43:22","guid":{"rendered":"https:\/\/www.transtoyou.com\/de\/product\/postinor\/"},"modified":"2026-01-25T01:44:17","modified_gmt":"2026-01-24T23:44:17","slug":"postinor","status":"publish","type":"product","link":"https:\/\/www.transtoyou.com\/de\/product\/postinor\/","title":{"rendered":"Postinor"},"content":{"rendered":"<p>Postinor ist eine Notfallverh\u00fctungspille, die verwendet wird, um eine Schwangerschaft nach ungesch\u00fctztem Geschlechtsverkehr oder Versagen von Verh\u00fctungsmitteln (z. B. vergessene Pille oder Kondomriss) zu verhindern. Der Wirkstoff ist Levonorgestrel, ein synthetisches Gestagen-Hormon, das das nat\u00fcrliche Progesteron nachahmt.<\/p>\n<p>Der prim\u00e4re Wirkmechanismus besteht darin, den Eisprung zu verz\u00f6gern oder zu hemmen, also die Freisetzung einer Eizelle aus dem Eierstock. Dadurch verringert Postinor die Wahrscheinlichkeit einer Befruchtung. Es kann auch Ver\u00e4nderungen des Zervixschleims und der Geb\u00e4rmutterschleimhaut verursachen, wodurch es f\u00fcr Spermien schwieriger wird, eine Eizelle zu erreichen oder dass sich eine befruchtete Eizelle in der Geb\u00e4rmutter einnistet. Es beendet jedoch keine bestehende Schwangerschaft und hat keine Wirkung, sobald die Einnistung erfolgt ist.<\/p>\n<p>Postinor sollte so schnell wie m\u00f6glich nach ungesch\u00fctztem Geschlechtsverkehr eingenommen werden, vorzugsweise innerhalb von 12 Stunden und nicht sp\u00e4ter als 72 Stunden (3 Tage). Je fr\u00fcher es eingenommen wird, desto effektiver ist es. Es ist nicht f\u00fcr die regelm\u00e4\u00dfige Anwendung als Verh\u00fctungsmittel gedacht und sollte laufende Verh\u00fctungsmethoden nicht ersetzen. Es sch\u00fctzt auch nicht vor sexuell \u00fcbertragbaren Infektionen (STIs).<\/p>\n<p>Die Vorteile von Postinor umfassen die einfache Verf\u00fcgbarkeit, die unkomplizierte Einnahme als Einzeldosis und im Allgemeinen milde Nebenwirkungen. Einige Anwender k\u00f6nnen \u00dcbelkeit, Ver\u00e4nderungen im Menstruationszyklus, Brustempfindlichkeit, M\u00fcdigkeit oder Bauchbeschwerden erfahren. Die meisten Nebenwirkungen klingen innerhalb weniger Tage ab.<\/p>\n","protected":false},"excerpt":{"rendered":"<ul>\n<li>Innerhalb von 72 Stunden einnehmen<\/li>\n<li>Ovulation verz\u00f6gern<\/li>\n<li>Einzeldosis Notfallverh\u00fctung<\/li>\n<\/ul>\n","protected":false},"featured_media":1112,"comment_status":"open","ping_status":"closed","template":"","meta":[],"product_brand":[],"product_cat":[113],"product_tag":[],"expert":[19],"class_list":{"0":"post-1111","1":"product","2":"type-product","3":"status-publish","4":"has-post-thumbnail","6":"product_cat-notfallverhutung","7":"expert-dr-j-vazquez","9":"first","10":"instock","11":"shipping-taxable","12":"product-type-simple"},"yoast_head":"<!-- This site is optimized with the Yoast SEO plugin v27.0 - https:\/\/yoast.com\/product\/yoast-seo-wordpress\/ -->\n<title>Postinor | Notfallverh\u00fctungsmittel - Transtoyou<\/title>\n<meta name=\"description\" content=\"Verhindere eine Schwangerschaft nach ungesch\u00fctztem Geschlechtsverkehr mit Postinor, jetzt bei Transtoyou erh\u00e4ltlich. Schnelle Wirkung innerhalb von 72 Stunden erh\u00f6ht die Effektivit\u00e4t.\" \/>\n<meta name=\"robots\" content=\"noindex, follow, max-snippet:-1, max-image-preview:large, max-video-preview:-1\" \/>\n<meta property=\"og:locale\" content=\"de_DE\" \/>\n<meta property=\"og:type\" content=\"article\" \/>\n<meta property=\"og:title\" content=\"Postinor | Notfallverh\u00fctungsmittel - Transtoyou\" \/>\n<meta property=\"og:description\" content=\"Verhindere eine Schwangerschaft nach ungesch\u00fctztem Geschlechtsverkehr mit Postinor, jetzt bei Transtoyou erh\u00e4ltlich. Schnelle Wirkung innerhalb von 72 Stunden erh\u00f6ht die Effektivit\u00e4t.\" \/>\n<meta property=\"og:url\" content=\"https:\/\/www.transtoyou.com\/de\/product\/postinor\/\" \/>\n<meta property=\"og:site_name\" content=\"Transtoyou - DE\" \/>\n<meta property=\"article:modified_time\" content=\"2026-01-24T23:44:17+00:00\" \/>\n<meta name=\"twitter:card\" content=\"summary_large_image\" \/>\n<meta name=\"twitter:label1\" content=\"Gesch\u00e4tzte Lesezeit\" \/>\n\t<meta name=\"twitter:data1\" content=\"1\u00a0Minute\" \/>\n<script type=\"application\/ld+json\" class=\"yoast-schema-graph\">{\"@context\":\"https:\/\/schema.org\",\"@graph\":[{\"@type\":\"WebPage\",\"@id\":\"https:\/\/www.transtoyou.com\/de\/product\/postinor\/\",\"url\":\"https:\/\/www.transtoyou.com\/de\/product\/postinor\/\",\"name\":\"Postinor | Notfallverh\u00fctungsmittel - Transtoyou\",\"isPartOf\":{\"@id\":\"https:\/\/www.transtoyou.com\/de\/#website\"},\"primaryImageOfPage\":{\"@id\":\"https:\/\/www.transtoyou.com\/de\/product\/postinor\/#primaryimage\"},\"image\":{\"@id\":\"https:\/\/www.transtoyou.com\/de\/product\/postinor\/#primaryimage\"},\"thumbnailUrl\":\"https:\/\/www.transtoyou.com\/de\/wp-content\/uploads\/sites\/4\/2026\/01\/tty-no-product-image-128.webp\",\"datePublished\":\"2026-01-24T23:43:22+00:00\",\"dateModified\":\"2026-01-24T23:44:17+00:00\",\"description\":\"Verhindere eine Schwangerschaft nach ungesch\u00fctztem Geschlechtsverkehr mit Postinor, jetzt bei Transtoyou erh\u00e4ltlich. Schnelle Wirkung innerhalb von 72 Stunden erh\u00f6ht die Effektivit\u00e4t.\",\"breadcrumb\":{\"@id\":\"https:\/\/www.transtoyou.com\/de\/product\/postinor\/#breadcrumb\"},\"inLanguage\":\"de\",\"potentialAction\":[{\"@type\":\"ReadAction\",\"target\":[\"https:\/\/www.transtoyou.com\/de\/product\/postinor\/\"]}]},{\"@type\":\"ImageObject\",\"inLanguage\":\"de\",\"@id\":\"https:\/\/www.transtoyou.com\/de\/product\/postinor\/#primaryimage\",\"url\":\"https:\/\/www.transtoyou.com\/de\/wp-content\/uploads\/sites\/4\/2026\/01\/tty-no-product-image-128.webp\",\"contentUrl\":\"https:\/\/www.transtoyou.com\/de\/wp-content\/uploads\/sites\/4\/2026\/01\/tty-no-product-image-128.webp\",\"width\":1000,\"height\":1000,\"caption\":\"Standardproduktbild\"},{\"@type\":\"WebSite\",\"@id\":\"https:\/\/www.transtoyou.com\/de\/#website\",\"url\":\"https:\/\/www.transtoyou.com\/de\/\",\"name\":\"Transtoyou - DE\",\"description\":\"DE\",\"publisher\":{\"@id\":\"https:\/\/www.transtoyou.com\/de\/#organization\"},\"potentialAction\":[{\"@type\":\"SearchAction\",\"target\":{\"@type\":\"EntryPoint\",\"urlTemplate\":\"https:\/\/www.transtoyou.com\/de\/?s={search_term_string}\"},\"query-input\":{\"@type\":\"PropertyValueSpecification\",\"valueRequired\":true,\"valueName\":\"search_term_string\"}}],\"inLanguage\":\"de\"},{\"@type\":\"Organization\",\"@id\":\"https:\/\/www.transtoyou.com\/de\/#organization\",\"name\":\"Transtoyou - DE\",\"url\":\"https:\/\/www.transtoyou.com\/de\/\",\"logo\":{\"@type\":\"ImageObject\",\"inLanguage\":\"de\",\"@id\":\"https:\/\/www.transtoyou.com\/de\/#\/schema\/logo\/image\/\",\"url\":\"https:\/\/www.transtoyou.com\/de\/wp-content\/uploads\/sites\/4\/2026\/01\/logo-tty-menu-bar-300x87-1.webp\",\"contentUrl\":\"https:\/\/www.transtoyou.com\/de\/wp-content\/uploads\/sites\/4\/2026\/01\/logo-tty-menu-bar-300x87-1.webp\",\"width\":300,\"height\":87,\"caption\":\"Transtoyou - DE\"},\"image\":{\"@id\":\"https:\/\/www.transtoyou.com\/de\/#\/schema\/logo\/image\/\"}}]}<\/script>\n<!-- \/ Yoast SEO plugin. -->","yoast_head_json":{"title":"Postinor | Notfallverh\u00fctungsmittel - Transtoyou","description":"Verhindere eine Schwangerschaft nach ungesch\u00fctztem Geschlechtsverkehr mit Postinor, jetzt bei Transtoyou erh\u00e4ltlich. Schnelle Wirkung innerhalb von 72 Stunden erh\u00f6ht die Effektivit\u00e4t.","robots":{"index":"noindex","follow":"follow","max-snippet":"max-snippet:-1","max-image-preview":"max-image-preview:large","max-video-preview":"max-video-preview:-1"},"og_locale":"de_DE","og_type":"article","og_title":"Postinor | Notfallverh\u00fctungsmittel - Transtoyou","og_description":"Verhindere eine Schwangerschaft nach ungesch\u00fctztem Geschlechtsverkehr mit Postinor, jetzt bei Transtoyou erh\u00e4ltlich. Schnelle Wirkung innerhalb von 72 Stunden erh\u00f6ht die Effektivit\u00e4t.","og_url":"https:\/\/www.transtoyou.com\/de\/product\/postinor\/","og_site_name":"Transtoyou - DE","article_modified_time":"2026-01-24T23:44:17+00:00","twitter_card":"summary_large_image","twitter_misc":{"Gesch\u00e4tzte Lesezeit":"1\u00a0Minute"},"schema":{"@context":"https:\/\/schema.org","@graph":[{"@type":"WebPage","@id":"https:\/\/www.transtoyou.com\/de\/product\/postinor\/","url":"https:\/\/www.transtoyou.com\/de\/product\/postinor\/","name":"Postinor | Notfallverh\u00fctungsmittel - Transtoyou","isPartOf":{"@id":"https:\/\/www.transtoyou.com\/de\/#website"},"primaryImageOfPage":{"@id":"https:\/\/www.transtoyou.com\/de\/product\/postinor\/#primaryimage"},"image":{"@id":"https:\/\/www.transtoyou.com\/de\/product\/postinor\/#primaryimage"},"thumbnailUrl":"https:\/\/www.transtoyou.com\/de\/wp-content\/uploads\/sites\/4\/2026\/01\/tty-no-product-image-128.webp","datePublished":"2026-01-24T23:43:22+00:00","dateModified":"2026-01-24T23:44:17+00:00","description":"Verhindere eine Schwangerschaft nach ungesch\u00fctztem Geschlechtsverkehr mit Postinor, jetzt bei Transtoyou erh\u00e4ltlich. Schnelle Wirkung innerhalb von 72 Stunden erh\u00f6ht die Effektivit\u00e4t.","breadcrumb":{"@id":"https:\/\/www.transtoyou.com\/de\/product\/postinor\/#breadcrumb"},"inLanguage":"de","potentialAction":[{"@type":"ReadAction","target":["https:\/\/www.transtoyou.com\/de\/product\/postinor\/"]}]},{"@type":"ImageObject","inLanguage":"de","@id":"https:\/\/www.transtoyou.com\/de\/product\/postinor\/#primaryimage","url":"https:\/\/www.transtoyou.com\/de\/wp-content\/uploads\/sites\/4\/2026\/01\/tty-no-product-image-128.webp","contentUrl":"https:\/\/www.transtoyou.com\/de\/wp-content\/uploads\/sites\/4\/2026\/01\/tty-no-product-image-128.webp","width":1000,"height":1000,"caption":"Standardproduktbild"},{"@type":"WebSite","@id":"https:\/\/www.transtoyou.com\/de\/#website","url":"https:\/\/www.transtoyou.com\/de\/","name":"Transtoyou - DE","description":"DE","publisher":{"@id":"https:\/\/www.transtoyou.com\/de\/#organization"},"potentialAction":[{"@type":"SearchAction","target":{"@type":"EntryPoint","urlTemplate":"https:\/\/www.transtoyou.com\/de\/?s={search_term_string}"},"query-input":{"@type":"PropertyValueSpecification","valueRequired":true,"valueName":"search_term_string"}}],"inLanguage":"de"},{"@type":"Organization","@id":"https:\/\/www.transtoyou.com\/de\/#organization","name":"Transtoyou - DE","url":"https:\/\/www.transtoyou.com\/de\/","logo":{"@type":"ImageObject","inLanguage":"de","@id":"https:\/\/www.transtoyou.com\/de\/#\/schema\/logo\/image\/","url":"https:\/\/www.transtoyou.com\/de\/wp-content\/uploads\/sites\/4\/2026\/01\/logo-tty-menu-bar-300x87-1.webp","contentUrl":"https:\/\/www.transtoyou.com\/de\/wp-content\/uploads\/sites\/4\/2026\/01\/logo-tty-menu-bar-300x87-1.webp","width":300,"height":87,"caption":"Transtoyou - DE"},"image":{"@id":"https:\/\/www.transtoyou.com\/de\/#\/schema\/logo\/image\/"}}]}},"_links":{"self":[{"href":"https:\/\/www.transtoyou.com\/de\/wp-json\/wp\/v2\/product\/1111","targetHints":{"allow":["GET"]}}],"collection":[{"href":"https:\/\/www.transtoyou.com\/de\/wp-json\/wp\/v2\/product"}],"about":[{"href":"https:\/\/www.transtoyou.com\/de\/wp-json\/wp\/v2\/types\/product"}],"replies":[{"embeddable":true,"href":"https:\/\/www.transtoyou.com\/de\/wp-json\/wp\/v2\/comments?post=1111"}],"wp:featuredmedia":[{"embeddable":true,"href":"https:\/\/www.transtoyou.com\/de\/wp-json\/wp\/v2\/media\/1112"}],"wp:attachment":[{"href":"https:\/\/www.transtoyou.com\/de\/wp-json\/wp\/v2\/media?parent=1111"}],"wp:term":[{"taxonomy":"product_brand","embeddable":true,"href":"https:\/\/www.transtoyou.com\/de\/wp-json\/wp\/v2\/product_brand?post=1111"},{"taxonomy":"product_cat","embeddable":true,"href":"https:\/\/www.transtoyou.com\/de\/wp-json\/wp\/v2\/product_cat?post=1111"},{"taxonomy":"product_tag","embeddable":true,"href":"https:\/\/www.transtoyou.com\/de\/wp-json\/wp\/v2\/product_tag?post=1111"},{"taxonomy":"expert","embeddable":true,"href":"https:\/\/www.transtoyou.com\/de\/wp-json\/wp\/v2\/expert?post=1111"}],"curies":[{"name":"wp","href":"https:\/\/api.w.org\/{rel}","templated":true}]}}