{"id":1113,"date":"2026-01-25T01:58:59","date_gmt":"2026-01-24T23:58:59","guid":{"rendered":"https:\/\/www.transtoyou.com\/de\/product\/protopic\/"},"modified":"2026-03-02T13:35:09","modified_gmt":"2026-03-02T11:35:09","slug":"protopic","status":"publish","type":"product","link":"https:\/\/www.transtoyou.com\/de\/product\/protopic\/","title":{"rendered":"Protopic"},"content":{"rendered":"<p>Protopic ist eine topische Behandlung, die verschrieben werden kann, um moderates bis schweres Ekzem zu behandeln, insbesondere in F\u00e4llen, in denen andere Behandlungen wie Kortikosteroid-Cremes nicht wirksam oder nicht geeignet sind. Es enth\u00e4lt den Wirkstoff Tacrolimus, der zu einer Gruppe von Medikamenten geh\u00f6rt, die als Calcineurininhibitoren bekannt sind. Im Gegensatz zu Steroiden d\u00fcnnt Protopic die Haut nicht, was es zu einer geeigneteren langfristigen Option unter medizinischer Aufsicht f\u00fcr empfindliche Bereiche wie das Gesicht, den Hals und Hautfalten macht.<\/p>\n<p>Ekzem, auch bekannt als atopische Dermatitis, ist eine chronische entz\u00fcndliche Hauterkrankung, die trockene, juckende, rote und gereizte Haut verursacht. Das Immunsystem von Menschen mit Ekzem neigt dazu, \u00fcberm\u00e4\u00dfig auf Ausl\u00f6ser zu reagieren, was zu anhaltenden Sch\u00fcben f\u00fchrt. Protopic wirkt, indem es die Immunantwort der Haut moduliert, Entz\u00fcndungen reduziert und Symptome wie Juckreiz und R\u00f6tung lindert.<\/p>\n<p>Die Salbe wird direkt auf die betroffenen Hautstellen aufgetragen, normalerweise einmal oder zweimal t\u00e4glich, abh\u00e4ngig von der Schwere der Erkrankung und dem Behandlungsplan, der von einem Gesundheitsdienstleister empfohlen wird. Die Behandlung beginnt oft mit einer t\u00e4glichen Anwendung und kann reduziert werden, wenn sich die Symptome verbessern. Da es nicht-steroidale Eigenschaften hat, wird Protopic h\u00e4ufig zur langfristigen Behandlung verwendet, insbesondere in Bereichen, in denen die Haut d\u00fcnner und empfindlicher ist.<\/p>\n<p>Mehrere Anwender beginnen, innerhalb der ersten Woche der Anwendung eine Verbesserung der Symptome zu bemerken. Protopic wird im Allgemeinen gut vertragen, obwohl einige Anwender in den ersten Tagen der Behandlung ein warmes, brennendes oder stechendes Gef\u00fchl an der Anwendungsstelle versp\u00fcren k\u00f6nnen. Dies l\u00e4sst normalerweise nach, w\u00e4hrend sich die Haut anpasst. Weitere m\u00f6gliche Nebenwirkungen sind R\u00f6tung, Juckreiz oder leichte Hautinfektionen.<\/p>\n","protected":false},"excerpt":{"rendered":"<ul>\n<li>Steroide-freie Ekzembehandlung<\/li>\n<li>Kontrolliert Sch\u00fcbe effektiv<\/li>\n<li>Sicher f\u00fcr die Langzeitanwendung<\/li>\n<\/ul>\n","protected":false},"featured_media":1115,"comment_status":"open","ping_status":"closed","template":"","meta":[],"product_brand":[],"product_cat":[112],"product_tag":[],"expert":[19],"class_list":{"0":"post-1113","1":"product","2":"type-product","3":"status-publish","4":"has-post-thumbnail","6":"product_cat-ekzem","7":"expert-dr-j-vazquez","9":"first","10":"instock","11":"shipping-taxable","12":"product-type-variable"},"yoast_head":"<!-- This site is optimized with the Yoast SEO plugin v27.0 - https:\/\/yoast.com\/product\/yoast-seo-wordpress\/ -->\n<title>Protopic | Ekzemlinderung f\u00fcr empfindliche Haut - Transtoyou<\/title>\n<meta name=\"description\" content=\"Protopic, eine steroidfreie Behandlung von Ekzemen, lindert Entz\u00fcndungen und Juckreiz. Ideal f\u00fcr empfindliche Haut. Entdecke Protopic bei Transtoyou.\" \/>\n<meta name=\"robots\" content=\"noindex, follow, max-snippet:-1, max-image-preview:large, max-video-preview:-1\" \/>\n<meta property=\"og:locale\" content=\"de_DE\" \/>\n<meta property=\"og:type\" content=\"article\" \/>\n<meta property=\"og:title\" content=\"Protopic | Ekzemlinderung f\u00fcr empfindliche Haut - Transtoyou\" \/>\n<meta property=\"og:description\" content=\"Protopic, eine steroidfreie Behandlung von Ekzemen, lindert Entz\u00fcndungen und Juckreiz. Ideal f\u00fcr empfindliche Haut. Entdecke Protopic bei Transtoyou.\" \/>\n<meta property=\"og:url\" content=\"https:\/\/www.transtoyou.com\/de\/product\/protopic\/\" \/>\n<meta property=\"og:site_name\" content=\"Transtoyou - DE\" \/>\n<meta property=\"article:modified_time\" content=\"2026-03-02T11:35:09+00:00\" \/>\n<meta name=\"twitter:card\" content=\"summary_large_image\" \/>\n<meta name=\"twitter:label1\" content=\"Gesch\u00e4tzte Lesezeit\" \/>\n\t<meta name=\"twitter:data1\" content=\"1\u00a0Minute\" \/>\n<script type=\"application\/ld+json\" class=\"yoast-schema-graph\">{\"@context\":\"https:\/\/schema.org\",\"@graph\":[{\"@type\":\"WebPage\",\"@id\":\"https:\/\/www.transtoyou.com\/de\/product\/protopic\/\",\"url\":\"https:\/\/www.transtoyou.com\/de\/product\/protopic\/\",\"name\":\"Protopic | Ekzemlinderung f\u00fcr empfindliche Haut - Transtoyou\",\"isPartOf\":{\"@id\":\"https:\/\/www.transtoyou.com\/de\/#website\"},\"primaryImageOfPage\":{\"@id\":\"https:\/\/www.transtoyou.com\/de\/product\/protopic\/#primaryimage\"},\"image\":{\"@id\":\"https:\/\/www.transtoyou.com\/de\/product\/protopic\/#primaryimage\"},\"thumbnailUrl\":\"https:\/\/www.transtoyou.com\/de\/wp-content\/uploads\/sites\/4\/2026\/01\/tty-no-product-image-129.webp\",\"datePublished\":\"2026-01-24T23:58:59+00:00\",\"dateModified\":\"2026-03-02T11:35:09+00:00\",\"description\":\"Protopic, eine steroidfreie Behandlung von Ekzemen, lindert Entz\u00fcndungen und Juckreiz. Ideal f\u00fcr empfindliche Haut. Entdecke Protopic bei Transtoyou.\",\"breadcrumb\":{\"@id\":\"https:\/\/www.transtoyou.com\/de\/product\/protopic\/#breadcrumb\"},\"inLanguage\":\"de\",\"potentialAction\":[{\"@type\":\"ReadAction\",\"target\":[\"https:\/\/www.transtoyou.com\/de\/product\/protopic\/\"]}]},{\"@type\":\"ImageObject\",\"inLanguage\":\"de\",\"@id\":\"https:\/\/www.transtoyou.com\/de\/product\/protopic\/#primaryimage\",\"url\":\"https:\/\/www.transtoyou.com\/de\/wp-content\/uploads\/sites\/4\/2026\/01\/tty-no-product-image-129.webp\",\"contentUrl\":\"https:\/\/www.transtoyou.com\/de\/wp-content\/uploads\/sites\/4\/2026\/01\/tty-no-product-image-129.webp\",\"width\":1000,\"height\":1000,\"caption\":\"Standardproduktbild\"},{\"@type\":\"WebSite\",\"@id\":\"https:\/\/www.transtoyou.com\/de\/#website\",\"url\":\"https:\/\/www.transtoyou.com\/de\/\",\"name\":\"Transtoyou - DE\",\"description\":\"DE\",\"publisher\":{\"@id\":\"https:\/\/www.transtoyou.com\/de\/#organization\"},\"potentialAction\":[{\"@type\":\"SearchAction\",\"target\":{\"@type\":\"EntryPoint\",\"urlTemplate\":\"https:\/\/www.transtoyou.com\/de\/?s={search_term_string}\"},\"query-input\":{\"@type\":\"PropertyValueSpecification\",\"valueRequired\":true,\"valueName\":\"search_term_string\"}}],\"inLanguage\":\"de\"},{\"@type\":\"Organization\",\"@id\":\"https:\/\/www.transtoyou.com\/de\/#organization\",\"name\":\"Transtoyou - DE\",\"url\":\"https:\/\/www.transtoyou.com\/de\/\",\"logo\":{\"@type\":\"ImageObject\",\"inLanguage\":\"de\",\"@id\":\"https:\/\/www.transtoyou.com\/de\/#\/schema\/logo\/image\/\",\"url\":\"https:\/\/www.transtoyou.com\/de\/wp-content\/uploads\/sites\/4\/2026\/01\/logo-tty-menu-bar-300x87-1.webp\",\"contentUrl\":\"https:\/\/www.transtoyou.com\/de\/wp-content\/uploads\/sites\/4\/2026\/01\/logo-tty-menu-bar-300x87-1.webp\",\"width\":300,\"height\":87,\"caption\":\"Transtoyou - DE\"},\"image\":{\"@id\":\"https:\/\/www.transtoyou.com\/de\/#\/schema\/logo\/image\/\"}}]}<\/script>\n<!-- \/ Yoast SEO plugin. -->","yoast_head_json":{"title":"Protopic | Ekzemlinderung f\u00fcr empfindliche Haut - Transtoyou","description":"Protopic, eine steroidfreie Behandlung von Ekzemen, lindert Entz\u00fcndungen und Juckreiz. Ideal f\u00fcr empfindliche Haut. Entdecke Protopic bei Transtoyou.","robots":{"index":"noindex","follow":"follow","max-snippet":"max-snippet:-1","max-image-preview":"max-image-preview:large","max-video-preview":"max-video-preview:-1"},"og_locale":"de_DE","og_type":"article","og_title":"Protopic | Ekzemlinderung f\u00fcr empfindliche Haut - Transtoyou","og_description":"Protopic, eine steroidfreie Behandlung von Ekzemen, lindert Entz\u00fcndungen und Juckreiz. Ideal f\u00fcr empfindliche Haut. Entdecke Protopic bei Transtoyou.","og_url":"https:\/\/www.transtoyou.com\/de\/product\/protopic\/","og_site_name":"Transtoyou - DE","article_modified_time":"2026-03-02T11:35:09+00:00","twitter_card":"summary_large_image","twitter_misc":{"Gesch\u00e4tzte Lesezeit":"1\u00a0Minute"},"schema":{"@context":"https:\/\/schema.org","@graph":[{"@type":"WebPage","@id":"https:\/\/www.transtoyou.com\/de\/product\/protopic\/","url":"https:\/\/www.transtoyou.com\/de\/product\/protopic\/","name":"Protopic | Ekzemlinderung f\u00fcr empfindliche Haut - Transtoyou","isPartOf":{"@id":"https:\/\/www.transtoyou.com\/de\/#website"},"primaryImageOfPage":{"@id":"https:\/\/www.transtoyou.com\/de\/product\/protopic\/#primaryimage"},"image":{"@id":"https:\/\/www.transtoyou.com\/de\/product\/protopic\/#primaryimage"},"thumbnailUrl":"https:\/\/www.transtoyou.com\/de\/wp-content\/uploads\/sites\/4\/2026\/01\/tty-no-product-image-129.webp","datePublished":"2026-01-24T23:58:59+00:00","dateModified":"2026-03-02T11:35:09+00:00","description":"Protopic, eine steroidfreie Behandlung von Ekzemen, lindert Entz\u00fcndungen und Juckreiz. Ideal f\u00fcr empfindliche Haut. Entdecke Protopic bei Transtoyou.","breadcrumb":{"@id":"https:\/\/www.transtoyou.com\/de\/product\/protopic\/#breadcrumb"},"inLanguage":"de","potentialAction":[{"@type":"ReadAction","target":["https:\/\/www.transtoyou.com\/de\/product\/protopic\/"]}]},{"@type":"ImageObject","inLanguage":"de","@id":"https:\/\/www.transtoyou.com\/de\/product\/protopic\/#primaryimage","url":"https:\/\/www.transtoyou.com\/de\/wp-content\/uploads\/sites\/4\/2026\/01\/tty-no-product-image-129.webp","contentUrl":"https:\/\/www.transtoyou.com\/de\/wp-content\/uploads\/sites\/4\/2026\/01\/tty-no-product-image-129.webp","width":1000,"height":1000,"caption":"Standardproduktbild"},{"@type":"WebSite","@id":"https:\/\/www.transtoyou.com\/de\/#website","url":"https:\/\/www.transtoyou.com\/de\/","name":"Transtoyou - DE","description":"DE","publisher":{"@id":"https:\/\/www.transtoyou.com\/de\/#organization"},"potentialAction":[{"@type":"SearchAction","target":{"@type":"EntryPoint","urlTemplate":"https:\/\/www.transtoyou.com\/de\/?s={search_term_string}"},"query-input":{"@type":"PropertyValueSpecification","valueRequired":true,"valueName":"search_term_string"}}],"inLanguage":"de"},{"@type":"Organization","@id":"https:\/\/www.transtoyou.com\/de\/#organization","name":"Transtoyou - DE","url":"https:\/\/www.transtoyou.com\/de\/","logo":{"@type":"ImageObject","inLanguage":"de","@id":"https:\/\/www.transtoyou.com\/de\/#\/schema\/logo\/image\/","url":"https:\/\/www.transtoyou.com\/de\/wp-content\/uploads\/sites\/4\/2026\/01\/logo-tty-menu-bar-300x87-1.webp","contentUrl":"https:\/\/www.transtoyou.com\/de\/wp-content\/uploads\/sites\/4\/2026\/01\/logo-tty-menu-bar-300x87-1.webp","width":300,"height":87,"caption":"Transtoyou - DE"},"image":{"@id":"https:\/\/www.transtoyou.com\/de\/#\/schema\/logo\/image\/"}}]}},"_links":{"self":[{"href":"https:\/\/www.transtoyou.com\/de\/wp-json\/wp\/v2\/product\/1113","targetHints":{"allow":["GET"]}}],"collection":[{"href":"https:\/\/www.transtoyou.com\/de\/wp-json\/wp\/v2\/product"}],"about":[{"href":"https:\/\/www.transtoyou.com\/de\/wp-json\/wp\/v2\/types\/product"}],"replies":[{"embeddable":true,"href":"https:\/\/www.transtoyou.com\/de\/wp-json\/wp\/v2\/comments?post=1113"}],"wp:featuredmedia":[{"embeddable":true,"href":"https:\/\/www.transtoyou.com\/de\/wp-json\/wp\/v2\/media\/1115"}],"wp:attachment":[{"href":"https:\/\/www.transtoyou.com\/de\/wp-json\/wp\/v2\/media?parent=1113"}],"wp:term":[{"taxonomy":"product_brand","embeddable":true,"href":"https:\/\/www.transtoyou.com\/de\/wp-json\/wp\/v2\/product_brand?post=1113"},{"taxonomy":"product_cat","embeddable":true,"href":"https:\/\/www.transtoyou.com\/de\/wp-json\/wp\/v2\/product_cat?post=1113"},{"taxonomy":"product_tag","embeddable":true,"href":"https:\/\/www.transtoyou.com\/de\/wp-json\/wp\/v2\/product_tag?post=1113"},{"taxonomy":"expert","embeddable":true,"href":"https:\/\/www.transtoyou.com\/de\/wp-json\/wp\/v2\/expert?post=1113"}],"curies":[{"name":"wp","href":"https:\/\/api.w.org\/{rel}","templated":true}]}}