{"id":1116,"date":"2026-01-25T02:17:20","date_gmt":"2026-01-25T00:17:20","guid":{"rendered":"https:\/\/www.transtoyou.com\/de\/product\/ebixa\/"},"modified":"2026-01-25T02:18:20","modified_gmt":"2026-01-25T00:18:20","slug":"ebixa","status":"publish","type":"product","link":"https:\/\/www.transtoyou.com\/de\/product\/ebixa\/","title":{"rendered":"Ebixa"},"content":{"rendered":"<p>Ebixa ist ein rezeptpflichtiges Medikament zur Behandlung von moderaten bis schweren Stadien der Alzheimer-Krankheit. Es enth\u00e4lt den Wirkstoff Memantin, der wirkt, indem er die Glutamataktivit\u00e4t im Gehirn reguliert, einen chemischen Botenstoff, der am Lernen, Ged\u00e4chtnis und der Kognition beteiligt ist. Bei Alzheimer kann eine \u00fcberm\u00e4\u00dfige Glutamataktivit\u00e4t zu einer \u00dcberstimulation und Sch\u00e4digung von Nervenzellen f\u00fchren. Ebixa hilft, das Gleichgewicht wiederherzustellen und sch\u00fctzt das Gehirn vor dieser \u00dcberstimulation, was dazu beitragen kann, die kognitive Funktion l\u00e4nger aufrechtzuerhalten.<\/p>\n<p>Obwohl die Alzheimer-Krankheit fortschreitend ist und nicht geheilt werden kann, kann Ebixa helfen, bestimmte Symptome im Zusammenhang mit Ged\u00e4chtnis, Denken und Verhalten zu lindern. Es kann Patienten unterst\u00fctzen, aktiv an t\u00e4glichen Aktivit\u00e4ten teilzunehmen, klarer mit anderen zu interagieren und eine gewisse Unabh\u00e4ngigkeit l\u00e4nger zu bewahren. Obwohl die Wirkungen von Person zu Person variieren, erleben viele eine Stabilisierung oder leichte Verbesserung der kognitiven Symptome im Laufe der Zeit.<\/p>\n<p>Ebixa wird normalerweise einmal t\u00e4glich eingenommen. Die Behandlung beginnt typischerweise mit einer niedrigen Dosis, die \u00fcber mehrere Wochen schrittweise erh\u00f6ht wird, um dem K\u00f6rper die Anpassung zu erm\u00f6glichen. Das Medikament ist am effektivsten, wenn es regelm\u00e4\u00dfig als Teil eines langfristigen Behandlungsplans eingenommen wird.<\/p>\n<p>Nebenwirkungen sind in der Regel mild und k\u00f6nnen Schwindel, Kopfschmerzen, Verstopfung oder Verwirrtheit in den fr\u00fchen Behandlungsphasen umfassen. Diese Symptome nehmen oft ab, w\u00e4hrend sich der K\u00f6rper anpasst. Ebixa gilt f\u00fcr die meisten Patienten als sicher, ist jedoch m\u00f6glicherweise nicht geeignet f\u00fcr Personen mit schweren Nierenproblemen oder bestimmten anderen medizinischen Bedingungen.<\/p>\n","protected":false},"excerpt":{"rendered":"<ul>\n<li>Kann das Ged\u00e4chtnis, die Aufmerksamkeit und die t\u00e4gliche Funktion verbessern<\/li>\n<li>Reduziert Verhaltensst\u00f6rungen<\/li>\n<li>Geeignet f\u00fcr die Anwendung mit anderen Demenzmedikamenten<\/li>\n<\/ul>\n","protected":false},"featured_media":1118,"comment_status":"open","ping_status":"closed","template":"","meta":[],"product_brand":[],"product_cat":[105],"product_tag":[],"expert":[16],"class_list":{"0":"post-1116","1":"product","2":"type-product","3":"status-publish","4":"has-post-thumbnail","6":"product_cat-demenz-gehirn","7":"expert-dr-c-alexandru","9":"first","10":"instock","11":"shipping-taxable","12":"product-type-variable"},"yoast_head":"<!-- This site is optimized with the Yoast SEO plugin v27.0 - https:\/\/yoast.com\/product\/yoast-seo-wordpress\/ -->\n<title>Ebixa | Unterst\u00fctzt die kognitive Gesundheit - Transtoyou<\/title>\n<meta name=\"description\" content=\"Entdecke Ebixa bei Transtoyou, eine klinisch zugelassene Behandlung f\u00fcr mittelschwere bis schwere Alzheimer, die die kognitive Funktion mit Memantin unterst\u00fctzt.\" \/>\n<meta name=\"robots\" content=\"noindex, follow, max-snippet:-1, max-image-preview:large, max-video-preview:-1\" \/>\n<meta property=\"og:locale\" content=\"de_DE\" \/>\n<meta property=\"og:type\" content=\"article\" \/>\n<meta property=\"og:title\" content=\"Ebixa | Unterst\u00fctzt die kognitive Gesundheit - Transtoyou\" \/>\n<meta property=\"og:description\" content=\"Entdecke Ebixa bei Transtoyou, eine klinisch zugelassene Behandlung f\u00fcr mittelschwere bis schwere Alzheimer, die die kognitive Funktion mit Memantin unterst\u00fctzt.\" \/>\n<meta property=\"og:url\" content=\"https:\/\/www.transtoyou.com\/de\/product\/ebixa\/\" \/>\n<meta property=\"og:site_name\" content=\"Transtoyou - DE\" \/>\n<meta property=\"article:modified_time\" content=\"2026-01-25T00:18:20+00:00\" \/>\n<meta name=\"twitter:card\" content=\"summary_large_image\" \/>\n<meta name=\"twitter:label1\" content=\"Gesch\u00e4tzte Lesezeit\" \/>\n\t<meta name=\"twitter:data1\" content=\"1\u00a0Minute\" \/>\n<script type=\"application\/ld+json\" class=\"yoast-schema-graph\">{\"@context\":\"https:\/\/schema.org\",\"@graph\":[{\"@type\":\"WebPage\",\"@id\":\"https:\/\/www.transtoyou.com\/de\/product\/ebixa\/\",\"url\":\"https:\/\/www.transtoyou.com\/de\/product\/ebixa\/\",\"name\":\"Ebixa | Unterst\u00fctzt die kognitive Gesundheit - Transtoyou\",\"isPartOf\":{\"@id\":\"https:\/\/www.transtoyou.com\/de\/#website\"},\"primaryImageOfPage\":{\"@id\":\"https:\/\/www.transtoyou.com\/de\/product\/ebixa\/#primaryimage\"},\"image\":{\"@id\":\"https:\/\/www.transtoyou.com\/de\/product\/ebixa\/#primaryimage\"},\"thumbnailUrl\":\"https:\/\/www.transtoyou.com\/de\/wp-content\/uploads\/sites\/4\/2026\/01\/tty-no-product-image-130.webp\",\"datePublished\":\"2026-01-25T00:17:20+00:00\",\"dateModified\":\"2026-01-25T00:18:20+00:00\",\"description\":\"Entdecke Ebixa bei Transtoyou, eine klinisch zugelassene Behandlung f\u00fcr mittelschwere bis schwere Alzheimer, die die kognitive Funktion mit Memantin unterst\u00fctzt.\",\"breadcrumb\":{\"@id\":\"https:\/\/www.transtoyou.com\/de\/product\/ebixa\/#breadcrumb\"},\"inLanguage\":\"de\",\"potentialAction\":[{\"@type\":\"ReadAction\",\"target\":[\"https:\/\/www.transtoyou.com\/de\/product\/ebixa\/\"]}]},{\"@type\":\"ImageObject\",\"inLanguage\":\"de\",\"@id\":\"https:\/\/www.transtoyou.com\/de\/product\/ebixa\/#primaryimage\",\"url\":\"https:\/\/www.transtoyou.com\/de\/wp-content\/uploads\/sites\/4\/2026\/01\/tty-no-product-image-130.webp\",\"contentUrl\":\"https:\/\/www.transtoyou.com\/de\/wp-content\/uploads\/sites\/4\/2026\/01\/tty-no-product-image-130.webp\",\"width\":1000,\"height\":1000,\"caption\":\"Standardproduktbild\"},{\"@type\":\"WebSite\",\"@id\":\"https:\/\/www.transtoyou.com\/de\/#website\",\"url\":\"https:\/\/www.transtoyou.com\/de\/\",\"name\":\"Transtoyou - DE\",\"description\":\"DE\",\"publisher\":{\"@id\":\"https:\/\/www.transtoyou.com\/de\/#organization\"},\"potentialAction\":[{\"@type\":\"SearchAction\",\"target\":{\"@type\":\"EntryPoint\",\"urlTemplate\":\"https:\/\/www.transtoyou.com\/de\/?s={search_term_string}\"},\"query-input\":{\"@type\":\"PropertyValueSpecification\",\"valueRequired\":true,\"valueName\":\"search_term_string\"}}],\"inLanguage\":\"de\"},{\"@type\":\"Organization\",\"@id\":\"https:\/\/www.transtoyou.com\/de\/#organization\",\"name\":\"Transtoyou - DE\",\"url\":\"https:\/\/www.transtoyou.com\/de\/\",\"logo\":{\"@type\":\"ImageObject\",\"inLanguage\":\"de\",\"@id\":\"https:\/\/www.transtoyou.com\/de\/#\/schema\/logo\/image\/\",\"url\":\"https:\/\/www.transtoyou.com\/de\/wp-content\/uploads\/sites\/4\/2026\/01\/logo-tty-menu-bar-300x87-1.webp\",\"contentUrl\":\"https:\/\/www.transtoyou.com\/de\/wp-content\/uploads\/sites\/4\/2026\/01\/logo-tty-menu-bar-300x87-1.webp\",\"width\":300,\"height\":87,\"caption\":\"Transtoyou - DE\"},\"image\":{\"@id\":\"https:\/\/www.transtoyou.com\/de\/#\/schema\/logo\/image\/\"}}]}<\/script>\n<!-- \/ Yoast SEO plugin. -->","yoast_head_json":{"title":"Ebixa | Unterst\u00fctzt die kognitive Gesundheit - Transtoyou","description":"Entdecke Ebixa bei Transtoyou, eine klinisch zugelassene Behandlung f\u00fcr mittelschwere bis schwere Alzheimer, die die kognitive Funktion mit Memantin unterst\u00fctzt.","robots":{"index":"noindex","follow":"follow","max-snippet":"max-snippet:-1","max-image-preview":"max-image-preview:large","max-video-preview":"max-video-preview:-1"},"og_locale":"de_DE","og_type":"article","og_title":"Ebixa | Unterst\u00fctzt die kognitive Gesundheit - Transtoyou","og_description":"Entdecke Ebixa bei Transtoyou, eine klinisch zugelassene Behandlung f\u00fcr mittelschwere bis schwere Alzheimer, die die kognitive Funktion mit Memantin unterst\u00fctzt.","og_url":"https:\/\/www.transtoyou.com\/de\/product\/ebixa\/","og_site_name":"Transtoyou - DE","article_modified_time":"2026-01-25T00:18:20+00:00","twitter_card":"summary_large_image","twitter_misc":{"Gesch\u00e4tzte Lesezeit":"1\u00a0Minute"},"schema":{"@context":"https:\/\/schema.org","@graph":[{"@type":"WebPage","@id":"https:\/\/www.transtoyou.com\/de\/product\/ebixa\/","url":"https:\/\/www.transtoyou.com\/de\/product\/ebixa\/","name":"Ebixa | Unterst\u00fctzt die kognitive Gesundheit - Transtoyou","isPartOf":{"@id":"https:\/\/www.transtoyou.com\/de\/#website"},"primaryImageOfPage":{"@id":"https:\/\/www.transtoyou.com\/de\/product\/ebixa\/#primaryimage"},"image":{"@id":"https:\/\/www.transtoyou.com\/de\/product\/ebixa\/#primaryimage"},"thumbnailUrl":"https:\/\/www.transtoyou.com\/de\/wp-content\/uploads\/sites\/4\/2026\/01\/tty-no-product-image-130.webp","datePublished":"2026-01-25T00:17:20+00:00","dateModified":"2026-01-25T00:18:20+00:00","description":"Entdecke Ebixa bei Transtoyou, eine klinisch zugelassene Behandlung f\u00fcr mittelschwere bis schwere Alzheimer, die die kognitive Funktion mit Memantin unterst\u00fctzt.","breadcrumb":{"@id":"https:\/\/www.transtoyou.com\/de\/product\/ebixa\/#breadcrumb"},"inLanguage":"de","potentialAction":[{"@type":"ReadAction","target":["https:\/\/www.transtoyou.com\/de\/product\/ebixa\/"]}]},{"@type":"ImageObject","inLanguage":"de","@id":"https:\/\/www.transtoyou.com\/de\/product\/ebixa\/#primaryimage","url":"https:\/\/www.transtoyou.com\/de\/wp-content\/uploads\/sites\/4\/2026\/01\/tty-no-product-image-130.webp","contentUrl":"https:\/\/www.transtoyou.com\/de\/wp-content\/uploads\/sites\/4\/2026\/01\/tty-no-product-image-130.webp","width":1000,"height":1000,"caption":"Standardproduktbild"},{"@type":"WebSite","@id":"https:\/\/www.transtoyou.com\/de\/#website","url":"https:\/\/www.transtoyou.com\/de\/","name":"Transtoyou - DE","description":"DE","publisher":{"@id":"https:\/\/www.transtoyou.com\/de\/#organization"},"potentialAction":[{"@type":"SearchAction","target":{"@type":"EntryPoint","urlTemplate":"https:\/\/www.transtoyou.com\/de\/?s={search_term_string}"},"query-input":{"@type":"PropertyValueSpecification","valueRequired":true,"valueName":"search_term_string"}}],"inLanguage":"de"},{"@type":"Organization","@id":"https:\/\/www.transtoyou.com\/de\/#organization","name":"Transtoyou - DE","url":"https:\/\/www.transtoyou.com\/de\/","logo":{"@type":"ImageObject","inLanguage":"de","@id":"https:\/\/www.transtoyou.com\/de\/#\/schema\/logo\/image\/","url":"https:\/\/www.transtoyou.com\/de\/wp-content\/uploads\/sites\/4\/2026\/01\/logo-tty-menu-bar-300x87-1.webp","contentUrl":"https:\/\/www.transtoyou.com\/de\/wp-content\/uploads\/sites\/4\/2026\/01\/logo-tty-menu-bar-300x87-1.webp","width":300,"height":87,"caption":"Transtoyou - DE"},"image":{"@id":"https:\/\/www.transtoyou.com\/de\/#\/schema\/logo\/image\/"}}]}},"_links":{"self":[{"href":"https:\/\/www.transtoyou.com\/de\/wp-json\/wp\/v2\/product\/1116","targetHints":{"allow":["GET"]}}],"collection":[{"href":"https:\/\/www.transtoyou.com\/de\/wp-json\/wp\/v2\/product"}],"about":[{"href":"https:\/\/www.transtoyou.com\/de\/wp-json\/wp\/v2\/types\/product"}],"replies":[{"embeddable":true,"href":"https:\/\/www.transtoyou.com\/de\/wp-json\/wp\/v2\/comments?post=1116"}],"wp:featuredmedia":[{"embeddable":true,"href":"https:\/\/www.transtoyou.com\/de\/wp-json\/wp\/v2\/media\/1118"}],"wp:attachment":[{"href":"https:\/\/www.transtoyou.com\/de\/wp-json\/wp\/v2\/media?parent=1116"}],"wp:term":[{"taxonomy":"product_brand","embeddable":true,"href":"https:\/\/www.transtoyou.com\/de\/wp-json\/wp\/v2\/product_brand?post=1116"},{"taxonomy":"product_cat","embeddable":true,"href":"https:\/\/www.transtoyou.com\/de\/wp-json\/wp\/v2\/product_cat?post=1116"},{"taxonomy":"product_tag","embeddable":true,"href":"https:\/\/www.transtoyou.com\/de\/wp-json\/wp\/v2\/product_tag?post=1116"},{"taxonomy":"expert","embeddable":true,"href":"https:\/\/www.transtoyou.com\/de\/wp-json\/wp\/v2\/expert?post=1116"}],"curies":[{"name":"wp","href":"https:\/\/api.w.org\/{rel}","templated":true}]}}