{"id":1119,"date":"2026-01-25T02:34:37","date_gmt":"2026-01-25T00:34:37","guid":{"rendered":"https:\/\/www.transtoyou.com\/de\/product\/donepezil\/"},"modified":"2026-02-14T10:58:12","modified_gmt":"2026-02-14T08:58:12","slug":"donepezil","status":"publish","type":"product","link":"https:\/\/www.transtoyou.com\/de\/product\/donepezil\/","title":{"rendered":"Donepezil"},"content":{"rendered":"<p>Donepezil ist ein Medikament, das zur Behandlung von Symptomen des kognitiven R\u00fcckgangs bei Personen mit Alzheimer-Krankheit und anderen Formen von Demenz eingesetzt wird. Es geh\u00f6rt zu einer Klasse von Medikamenten, die als Acetylcholinesterase-Hemmer bekannt sind. Durch die Erh\u00f6hung der Spiegel eines wichtigen Neurotransmitters namens Acetylcholin im Gehirn unterst\u00fctzt Donepezil das Ged\u00e4chtnis, die Aufmerksamkeit und die allgemeine geistige Funktion bei Patienten mit leichter bis m\u00e4\u00dfiger kognitiver Beeintr\u00e4chtigung.<\/p>\n<p>Die Alzheimer-Krankheit und \u00e4hnliche Zust\u00e4nde verringern allm\u00e4hlich die F\u00e4higkeit des Gehirns, zu kommunizieren und Informationen zu verarbeiten. Acetylcholin ist einer der chemischen Stoffe im Gehirn, die am Lernen und Ged\u00e4chtnis beteiligt sind, und die Spiegel dieses Stoffes sind bei Menschen mit Demenz oft niedriger. Donepezil wirkt, indem es den Abbau von Acetylcholin verlangsamt, sodass Nervenzellen effektiver \u00fcber einen l\u00e4ngeren Zeitraum kommunizieren k\u00f6nnen.<\/p>\n<p>Obwohl Donepezil Demenz nicht heilt oder deren Fortschreiten stoppt, kann es die Symptome verbessern oder f\u00fcr eine gewisse Zeit stabilisieren. Patienten, die Donepezil einnehmen, k\u00f6nnen eine verbesserte Wachsamkeit, eine gr\u00f6\u00dfere F\u00e4higkeit zur Durchf\u00fchrung allt\u00e4glicher Aufgaben oder eine Verz\u00f6gerung der Verschlechterung von Verwirrung und Ged\u00e4chtnisverlust bemerken. Diese Wirkungen variieren von Person zu Person und k\u00f6nnen \u00fcber mehrere Wochen konsequenter Anwendung deutlicher werden.<\/p>\n<p>Donepezil wird typischerweise einmal t\u00e4glich, oft am Abend, eingenommen. Es liegt in Tablettenform vor und wird im Allgemeinen gut vertragen. Einige Menschen k\u00f6nnen Nebenwirkungen wie \u00dcbelkeit, Durchfall, Schlaflosigkeit oder Muskelkr\u00e4mpfe erleben. Diese Reaktionen sind in der Regel mild und neigen dazu, mit der Zeit oder durch Anpassung der Dosierung abzunehmen.<\/p>\n","protected":false},"excerpt":{"rendered":"<ul>\n<li>Hilft, Ged\u00e4chtnis, Konzentration und Denken zu verbessern<\/li>\n<li>Verwendet bei mildem, moderatem und schwerem Alzheimer<\/li>\n<li>Unterst\u00fctzt die t\u00e4gliche Funktionsf\u00e4higkeit und Unabh\u00e4ngigkeit<\/li>\n<\/ul>\n","protected":false},"featured_media":1121,"comment_status":"open","ping_status":"closed","template":"","meta":[],"product_brand":[],"product_cat":[105],"product_tag":[],"expert":[16],"class_list":{"0":"post-1119","1":"product","2":"type-product","3":"status-publish","4":"has-post-thumbnail","6":"product_cat-demenz-gehirn","7":"expert-dr-c-alexandru","9":"first","10":"instock","11":"shipping-taxable","12":"product-type-variable"},"yoast_head":"<!-- This site is optimized with the Yoast SEO plugin v27.0 - https:\/\/yoast.com\/product\/yoast-seo-wordpress\/ -->\n<title>Donepezil | Unterst\u00fctzt Ged\u00e4chtnis &amp; Konzentration - Transtoyou<\/title>\n<meta name=\"description\" content=\"Entdecke Donepezil bei Transtoyou, um kognitive Beeintr\u00e4chtigungen zu behandeln. Verbessere Ged\u00e4chtnis und Konzentration bei Demenzpatienten.\" \/>\n<meta name=\"robots\" content=\"noindex, follow, max-snippet:-1, max-image-preview:large, max-video-preview:-1\" \/>\n<meta property=\"og:locale\" content=\"de_DE\" \/>\n<meta property=\"og:type\" content=\"article\" \/>\n<meta property=\"og:title\" content=\"Donepezil | Unterst\u00fctzt Ged\u00e4chtnis &amp; Konzentration - Transtoyou\" \/>\n<meta property=\"og:description\" content=\"Entdecke Donepezil bei Transtoyou, um kognitive Beeintr\u00e4chtigungen zu behandeln. Verbessere Ged\u00e4chtnis und Konzentration bei Demenzpatienten.\" \/>\n<meta property=\"og:url\" content=\"https:\/\/www.transtoyou.com\/de\/product\/donepezil\/\" \/>\n<meta property=\"og:site_name\" content=\"Transtoyou - DE\" \/>\n<meta property=\"article:modified_time\" content=\"2026-02-14T08:58:12+00:00\" \/>\n<meta name=\"twitter:card\" content=\"summary_large_image\" \/>\n<meta name=\"twitter:label1\" content=\"Gesch\u00e4tzte Lesezeit\" \/>\n\t<meta name=\"twitter:data1\" content=\"1\u00a0Minute\" \/>\n<script type=\"application\/ld+json\" class=\"yoast-schema-graph\">{\"@context\":\"https:\/\/schema.org\",\"@graph\":[{\"@type\":\"WebPage\",\"@id\":\"https:\/\/www.transtoyou.com\/de\/product\/donepezil\/\",\"url\":\"https:\/\/www.transtoyou.com\/de\/product\/donepezil\/\",\"name\":\"Donepezil | Unterst\u00fctzt Ged\u00e4chtnis & Konzentration - Transtoyou\",\"isPartOf\":{\"@id\":\"https:\/\/www.transtoyou.com\/de\/#website\"},\"primaryImageOfPage\":{\"@id\":\"https:\/\/www.transtoyou.com\/de\/product\/donepezil\/#primaryimage\"},\"image\":{\"@id\":\"https:\/\/www.transtoyou.com\/de\/product\/donepezil\/#primaryimage\"},\"thumbnailUrl\":\"https:\/\/www.transtoyou.com\/de\/wp-content\/uploads\/sites\/4\/2026\/01\/tty-no-product-image-131.webp\",\"datePublished\":\"2026-01-25T00:34:37+00:00\",\"dateModified\":\"2026-02-14T08:58:12+00:00\",\"description\":\"Entdecke Donepezil bei Transtoyou, um kognitive Beeintr\u00e4chtigungen zu behandeln. Verbessere Ged\u00e4chtnis und Konzentration bei Demenzpatienten.\",\"breadcrumb\":{\"@id\":\"https:\/\/www.transtoyou.com\/de\/product\/donepezil\/#breadcrumb\"},\"inLanguage\":\"de\",\"potentialAction\":[{\"@type\":\"ReadAction\",\"target\":[\"https:\/\/www.transtoyou.com\/de\/product\/donepezil\/\"]}]},{\"@type\":\"ImageObject\",\"inLanguage\":\"de\",\"@id\":\"https:\/\/www.transtoyou.com\/de\/product\/donepezil\/#primaryimage\",\"url\":\"https:\/\/www.transtoyou.com\/de\/wp-content\/uploads\/sites\/4\/2026\/01\/tty-no-product-image-131.webp\",\"contentUrl\":\"https:\/\/www.transtoyou.com\/de\/wp-content\/uploads\/sites\/4\/2026\/01\/tty-no-product-image-131.webp\",\"width\":1000,\"height\":1000,\"caption\":\"Standardproduktbild\"},{\"@type\":\"WebSite\",\"@id\":\"https:\/\/www.transtoyou.com\/de\/#website\",\"url\":\"https:\/\/www.transtoyou.com\/de\/\",\"name\":\"Transtoyou - DE\",\"description\":\"DE\",\"publisher\":{\"@id\":\"https:\/\/www.transtoyou.com\/de\/#organization\"},\"potentialAction\":[{\"@type\":\"SearchAction\",\"target\":{\"@type\":\"EntryPoint\",\"urlTemplate\":\"https:\/\/www.transtoyou.com\/de\/?s={search_term_string}\"},\"query-input\":{\"@type\":\"PropertyValueSpecification\",\"valueRequired\":true,\"valueName\":\"search_term_string\"}}],\"inLanguage\":\"de\"},{\"@type\":\"Organization\",\"@id\":\"https:\/\/www.transtoyou.com\/de\/#organization\",\"name\":\"Transtoyou - DE\",\"url\":\"https:\/\/www.transtoyou.com\/de\/\",\"logo\":{\"@type\":\"ImageObject\",\"inLanguage\":\"de\",\"@id\":\"https:\/\/www.transtoyou.com\/de\/#\/schema\/logo\/image\/\",\"url\":\"https:\/\/www.transtoyou.com\/de\/wp-content\/uploads\/sites\/4\/2026\/01\/logo-tty-menu-bar-300x87-1.webp\",\"contentUrl\":\"https:\/\/www.transtoyou.com\/de\/wp-content\/uploads\/sites\/4\/2026\/01\/logo-tty-menu-bar-300x87-1.webp\",\"width\":300,\"height\":87,\"caption\":\"Transtoyou - DE\"},\"image\":{\"@id\":\"https:\/\/www.transtoyou.com\/de\/#\/schema\/logo\/image\/\"}}]}<\/script>\n<!-- \/ Yoast SEO plugin. -->","yoast_head_json":{"title":"Donepezil | Unterst\u00fctzt Ged\u00e4chtnis & Konzentration - Transtoyou","description":"Entdecke Donepezil bei Transtoyou, um kognitive Beeintr\u00e4chtigungen zu behandeln. Verbessere Ged\u00e4chtnis und Konzentration bei Demenzpatienten.","robots":{"index":"noindex","follow":"follow","max-snippet":"max-snippet:-1","max-image-preview":"max-image-preview:large","max-video-preview":"max-video-preview:-1"},"og_locale":"de_DE","og_type":"article","og_title":"Donepezil | Unterst\u00fctzt Ged\u00e4chtnis & Konzentration - Transtoyou","og_description":"Entdecke Donepezil bei Transtoyou, um kognitive Beeintr\u00e4chtigungen zu behandeln. Verbessere Ged\u00e4chtnis und Konzentration bei Demenzpatienten.","og_url":"https:\/\/www.transtoyou.com\/de\/product\/donepezil\/","og_site_name":"Transtoyou - DE","article_modified_time":"2026-02-14T08:58:12+00:00","twitter_card":"summary_large_image","twitter_misc":{"Gesch\u00e4tzte Lesezeit":"1\u00a0Minute"},"schema":{"@context":"https:\/\/schema.org","@graph":[{"@type":"WebPage","@id":"https:\/\/www.transtoyou.com\/de\/product\/donepezil\/","url":"https:\/\/www.transtoyou.com\/de\/product\/donepezil\/","name":"Donepezil | Unterst\u00fctzt Ged\u00e4chtnis & Konzentration - Transtoyou","isPartOf":{"@id":"https:\/\/www.transtoyou.com\/de\/#website"},"primaryImageOfPage":{"@id":"https:\/\/www.transtoyou.com\/de\/product\/donepezil\/#primaryimage"},"image":{"@id":"https:\/\/www.transtoyou.com\/de\/product\/donepezil\/#primaryimage"},"thumbnailUrl":"https:\/\/www.transtoyou.com\/de\/wp-content\/uploads\/sites\/4\/2026\/01\/tty-no-product-image-131.webp","datePublished":"2026-01-25T00:34:37+00:00","dateModified":"2026-02-14T08:58:12+00:00","description":"Entdecke Donepezil bei Transtoyou, um kognitive Beeintr\u00e4chtigungen zu behandeln. Verbessere Ged\u00e4chtnis und Konzentration bei Demenzpatienten.","breadcrumb":{"@id":"https:\/\/www.transtoyou.com\/de\/product\/donepezil\/#breadcrumb"},"inLanguage":"de","potentialAction":[{"@type":"ReadAction","target":["https:\/\/www.transtoyou.com\/de\/product\/donepezil\/"]}]},{"@type":"ImageObject","inLanguage":"de","@id":"https:\/\/www.transtoyou.com\/de\/product\/donepezil\/#primaryimage","url":"https:\/\/www.transtoyou.com\/de\/wp-content\/uploads\/sites\/4\/2026\/01\/tty-no-product-image-131.webp","contentUrl":"https:\/\/www.transtoyou.com\/de\/wp-content\/uploads\/sites\/4\/2026\/01\/tty-no-product-image-131.webp","width":1000,"height":1000,"caption":"Standardproduktbild"},{"@type":"WebSite","@id":"https:\/\/www.transtoyou.com\/de\/#website","url":"https:\/\/www.transtoyou.com\/de\/","name":"Transtoyou - DE","description":"DE","publisher":{"@id":"https:\/\/www.transtoyou.com\/de\/#organization"},"potentialAction":[{"@type":"SearchAction","target":{"@type":"EntryPoint","urlTemplate":"https:\/\/www.transtoyou.com\/de\/?s={search_term_string}"},"query-input":{"@type":"PropertyValueSpecification","valueRequired":true,"valueName":"search_term_string"}}],"inLanguage":"de"},{"@type":"Organization","@id":"https:\/\/www.transtoyou.com\/de\/#organization","name":"Transtoyou - DE","url":"https:\/\/www.transtoyou.com\/de\/","logo":{"@type":"ImageObject","inLanguage":"de","@id":"https:\/\/www.transtoyou.com\/de\/#\/schema\/logo\/image\/","url":"https:\/\/www.transtoyou.com\/de\/wp-content\/uploads\/sites\/4\/2026\/01\/logo-tty-menu-bar-300x87-1.webp","contentUrl":"https:\/\/www.transtoyou.com\/de\/wp-content\/uploads\/sites\/4\/2026\/01\/logo-tty-menu-bar-300x87-1.webp","width":300,"height":87,"caption":"Transtoyou - DE"},"image":{"@id":"https:\/\/www.transtoyou.com\/de\/#\/schema\/logo\/image\/"}}]}},"_links":{"self":[{"href":"https:\/\/www.transtoyou.com\/de\/wp-json\/wp\/v2\/product\/1119","targetHints":{"allow":["GET"]}}],"collection":[{"href":"https:\/\/www.transtoyou.com\/de\/wp-json\/wp\/v2\/product"}],"about":[{"href":"https:\/\/www.transtoyou.com\/de\/wp-json\/wp\/v2\/types\/product"}],"replies":[{"embeddable":true,"href":"https:\/\/www.transtoyou.com\/de\/wp-json\/wp\/v2\/comments?post=1119"}],"wp:featuredmedia":[{"embeddable":true,"href":"https:\/\/www.transtoyou.com\/de\/wp-json\/wp\/v2\/media\/1121"}],"wp:attachment":[{"href":"https:\/\/www.transtoyou.com\/de\/wp-json\/wp\/v2\/media?parent=1119"}],"wp:term":[{"taxonomy":"product_brand","embeddable":true,"href":"https:\/\/www.transtoyou.com\/de\/wp-json\/wp\/v2\/product_brand?post=1119"},{"taxonomy":"product_cat","embeddable":true,"href":"https:\/\/www.transtoyou.com\/de\/wp-json\/wp\/v2\/product_cat?post=1119"},{"taxonomy":"product_tag","embeddable":true,"href":"https:\/\/www.transtoyou.com\/de\/wp-json\/wp\/v2\/product_tag?post=1119"},{"taxonomy":"expert","embeddable":true,"href":"https:\/\/www.transtoyou.com\/de\/wp-json\/wp\/v2\/expert?post=1119"}],"curies":[{"name":"wp","href":"https:\/\/api.w.org\/{rel}","templated":true}]}}