{"id":1124,"date":"2026-01-25T03:08:00","date_gmt":"2026-01-25T01:08:00","guid":{"rendered":"https:\/\/www.transtoyou.com\/de\/product\/flixotide\/"},"modified":"2026-02-17T10:59:52","modified_gmt":"2026-02-17T08:59:52","slug":"flixotide","status":"publish","type":"product","link":"https:\/\/www.transtoyou.com\/de\/product\/flixotide\/","title":{"rendered":"Flixotide"},"content":{"rendered":"<p>Flixotide ist ein rezeptpflichtiges Inhalationsmittel, das zur Behandlung chronischer Atemwegserkrankungen wie Asthma und chronisch obstruktiver Lungenerkrankung (COPD) eingesetzt wird. Es enth\u00e4lt Fluticasonpropionat, ein Kortikosteroid, das hilft, Entz\u00fcndungen in den Atemwegen zu reduzieren, wodurch das Atmen im Laufe der Zeit erleichtert wird. Anstatt sofortige Linderung w\u00e4hrend eines Anfalls zu bieten, wird Flixotide t\u00e4glich verwendet, um Symptome zu verhindern und eine langfristige Atemwegstabilit\u00e4t aufrechtzuerhalten.<\/p>\n<p>Entz\u00fcndungen in der Lunge sind ein Schl\u00fcsselfaktor sowohl bei Asthma als auch bei COPD. Sie f\u00fchren dazu, dass die Atemwege anschwellen, gereizt und verengt werden, was das Atmen erschwert und Symptome wie Husten, Keuchen, Engegef\u00fchl in der Brust oder Atemnot ausl\u00f6st. Flixotide wirkt, indem es diese Entz\u00fcndung beruhigt, sodass die Luft freier str\u00f6men kann und die Wahrscheinlichkeit von Sch\u00fcben oder Verschlechterungen verringert wird.<\/p>\n<p>Es wird normalerweise zweimal t\u00e4glich eingenommen. Das Medikament muss konsequent verwendet werden, auch wenn die Symptome unter Kontrolle sind, da die Vorteile mit der t\u00e4glichen Anwendung allm\u00e4hlich zunehmen.<\/p>\n<p>F\u00fcr Menschen mit Asthma kann Flixotide helfen, die Lungenfunktion zu verbessern und die Abh\u00e4ngigkeit von schnell wirkenden Inhalatoren zu verringern. Bei Patienten mit COPD reduziert es die H\u00e4ufigkeit und Schwere von Exazerbationen, insbesondere wenn es zusammen mit Bronchodilatatoren angewendet wird.<\/p>\n<p>H\u00e4ufige Nebenwirkungen k\u00f6nnen Heiserkeit, Halsschmerzen oder Mundsoor umfassen. Das Aussp\u00fclen des Mundes nach der Inhalation kann helfen, diese Effekte zu reduzieren. Flixotide ist kein Notfallinhalator und sollte nicht w\u00e4hrend akuter Atemanf\u00e4lle verwendet werden.<\/p>\n","protected":false},"excerpt":{"rendered":"<ul>\n<li>Reduziert effektiv Entz\u00fcndungen in der Lunge<\/li>\n<li>Verhindert Symptome von Asthma und COPD<\/li>\n<li>Verbessert die langfristige Atemkontrolle<\/li>\n<\/ul>\n","protected":false},"featured_media":1126,"comment_status":"open","ping_status":"closed","template":"","meta":[],"product_brand":[],"product_cat":[83,101],"product_tag":[],"expert":[18],"class_list":{"0":"post-1124","1":"product","2":"type-product","3":"status-publish","4":"has-post-thumbnail","6":"product_cat-asthma","7":"product_cat-copd","8":"expert-dr-g-varbanov","10":"first","11":"instock","12":"shipping-taxable","13":"product-type-variable"},"yoast_head":"<!-- This site is optimized with the Yoast SEO plugin v27.0 - https:\/\/yoast.com\/product\/yoast-seo-wordpress\/ -->\n<title>Flixotide | Asthma &amp; COPD effektiv managen - Transtoyou<\/title>\n<meta name=\"description\" content=\"Der Flixotide-Inhalator hilft bei der Behandlung von Asthma und COPD, indem er die Entz\u00fcndung der Atemwege reduziert. Jetzt erh\u00e4ltlich!\" \/>\n<meta name=\"robots\" content=\"noindex, follow, max-snippet:-1, max-image-preview:large, max-video-preview:-1\" \/>\n<meta property=\"og:locale\" content=\"de_DE\" \/>\n<meta property=\"og:type\" content=\"article\" \/>\n<meta property=\"og:title\" content=\"Flixotide | Asthma &amp; COPD effektiv managen - Transtoyou\" \/>\n<meta property=\"og:description\" content=\"Der Flixotide-Inhalator hilft bei der Behandlung von Asthma und COPD, indem er die Entz\u00fcndung der Atemwege reduziert. Jetzt erh\u00e4ltlich!\" \/>\n<meta property=\"og:url\" content=\"https:\/\/www.transtoyou.com\/de\/product\/flixotide\/\" \/>\n<meta property=\"og:site_name\" content=\"Transtoyou - DE\" \/>\n<meta property=\"article:modified_time\" content=\"2026-02-17T08:59:52+00:00\" \/>\n<meta name=\"twitter:card\" content=\"summary_large_image\" \/>\n<meta name=\"twitter:label1\" content=\"Gesch\u00e4tzte Lesezeit\" \/>\n\t<meta name=\"twitter:data1\" content=\"1\u00a0Minute\" \/>\n<script type=\"application\/ld+json\" class=\"yoast-schema-graph\">{\"@context\":\"https:\/\/schema.org\",\"@graph\":[{\"@type\":\"WebPage\",\"@id\":\"https:\/\/www.transtoyou.com\/de\/product\/flixotide\/\",\"url\":\"https:\/\/www.transtoyou.com\/de\/product\/flixotide\/\",\"name\":\"Flixotide | Asthma & COPD effektiv managen - Transtoyou\",\"isPartOf\":{\"@id\":\"https:\/\/www.transtoyou.com\/de\/#website\"},\"primaryImageOfPage\":{\"@id\":\"https:\/\/www.transtoyou.com\/de\/product\/flixotide\/#primaryimage\"},\"image\":{\"@id\":\"https:\/\/www.transtoyou.com\/de\/product\/flixotide\/#primaryimage\"},\"thumbnailUrl\":\"https:\/\/www.transtoyou.com\/de\/wp-content\/uploads\/sites\/4\/2026\/01\/tty-no-product-image-133.webp\",\"datePublished\":\"2026-01-25T01:08:00+00:00\",\"dateModified\":\"2026-02-17T08:59:52+00:00\",\"description\":\"Der Flixotide-Inhalator hilft bei der Behandlung von Asthma und COPD, indem er die Entz\u00fcndung der Atemwege reduziert. Jetzt erh\u00e4ltlich!\",\"breadcrumb\":{\"@id\":\"https:\/\/www.transtoyou.com\/de\/product\/flixotide\/#breadcrumb\"},\"inLanguage\":\"de\",\"potentialAction\":[{\"@type\":\"ReadAction\",\"target\":[\"https:\/\/www.transtoyou.com\/de\/product\/flixotide\/\"]}]},{\"@type\":\"ImageObject\",\"inLanguage\":\"de\",\"@id\":\"https:\/\/www.transtoyou.com\/de\/product\/flixotide\/#primaryimage\",\"url\":\"https:\/\/www.transtoyou.com\/de\/wp-content\/uploads\/sites\/4\/2026\/01\/tty-no-product-image-133.webp\",\"contentUrl\":\"https:\/\/www.transtoyou.com\/de\/wp-content\/uploads\/sites\/4\/2026\/01\/tty-no-product-image-133.webp\",\"width\":1000,\"height\":1000,\"caption\":\"Standardproduktbild\"},{\"@type\":\"WebSite\",\"@id\":\"https:\/\/www.transtoyou.com\/de\/#website\",\"url\":\"https:\/\/www.transtoyou.com\/de\/\",\"name\":\"Transtoyou - DE\",\"description\":\"DE\",\"publisher\":{\"@id\":\"https:\/\/www.transtoyou.com\/de\/#organization\"},\"potentialAction\":[{\"@type\":\"SearchAction\",\"target\":{\"@type\":\"EntryPoint\",\"urlTemplate\":\"https:\/\/www.transtoyou.com\/de\/?s={search_term_string}\"},\"query-input\":{\"@type\":\"PropertyValueSpecification\",\"valueRequired\":true,\"valueName\":\"search_term_string\"}}],\"inLanguage\":\"de\"},{\"@type\":\"Organization\",\"@id\":\"https:\/\/www.transtoyou.com\/de\/#organization\",\"name\":\"Transtoyou - DE\",\"url\":\"https:\/\/www.transtoyou.com\/de\/\",\"logo\":{\"@type\":\"ImageObject\",\"inLanguage\":\"de\",\"@id\":\"https:\/\/www.transtoyou.com\/de\/#\/schema\/logo\/image\/\",\"url\":\"https:\/\/www.transtoyou.com\/de\/wp-content\/uploads\/sites\/4\/2026\/01\/logo-tty-menu-bar-300x87-1.webp\",\"contentUrl\":\"https:\/\/www.transtoyou.com\/de\/wp-content\/uploads\/sites\/4\/2026\/01\/logo-tty-menu-bar-300x87-1.webp\",\"width\":300,\"height\":87,\"caption\":\"Transtoyou - DE\"},\"image\":{\"@id\":\"https:\/\/www.transtoyou.com\/de\/#\/schema\/logo\/image\/\"}}]}<\/script>\n<!-- \/ Yoast SEO plugin. -->","yoast_head_json":{"title":"Flixotide | Asthma & COPD effektiv managen - Transtoyou","description":"Der Flixotide-Inhalator hilft bei der Behandlung von Asthma und COPD, indem er die Entz\u00fcndung der Atemwege reduziert. Jetzt erh\u00e4ltlich!","robots":{"index":"noindex","follow":"follow","max-snippet":"max-snippet:-1","max-image-preview":"max-image-preview:large","max-video-preview":"max-video-preview:-1"},"og_locale":"de_DE","og_type":"article","og_title":"Flixotide | Asthma & COPD effektiv managen - Transtoyou","og_description":"Der Flixotide-Inhalator hilft bei der Behandlung von Asthma und COPD, indem er die Entz\u00fcndung der Atemwege reduziert. Jetzt erh\u00e4ltlich!","og_url":"https:\/\/www.transtoyou.com\/de\/product\/flixotide\/","og_site_name":"Transtoyou - DE","article_modified_time":"2026-02-17T08:59:52+00:00","twitter_card":"summary_large_image","twitter_misc":{"Gesch\u00e4tzte Lesezeit":"1\u00a0Minute"},"schema":{"@context":"https:\/\/schema.org","@graph":[{"@type":"WebPage","@id":"https:\/\/www.transtoyou.com\/de\/product\/flixotide\/","url":"https:\/\/www.transtoyou.com\/de\/product\/flixotide\/","name":"Flixotide | Asthma & COPD effektiv managen - Transtoyou","isPartOf":{"@id":"https:\/\/www.transtoyou.com\/de\/#website"},"primaryImageOfPage":{"@id":"https:\/\/www.transtoyou.com\/de\/product\/flixotide\/#primaryimage"},"image":{"@id":"https:\/\/www.transtoyou.com\/de\/product\/flixotide\/#primaryimage"},"thumbnailUrl":"https:\/\/www.transtoyou.com\/de\/wp-content\/uploads\/sites\/4\/2026\/01\/tty-no-product-image-133.webp","datePublished":"2026-01-25T01:08:00+00:00","dateModified":"2026-02-17T08:59:52+00:00","description":"Der Flixotide-Inhalator hilft bei der Behandlung von Asthma und COPD, indem er die Entz\u00fcndung der Atemwege reduziert. Jetzt erh\u00e4ltlich!","breadcrumb":{"@id":"https:\/\/www.transtoyou.com\/de\/product\/flixotide\/#breadcrumb"},"inLanguage":"de","potentialAction":[{"@type":"ReadAction","target":["https:\/\/www.transtoyou.com\/de\/product\/flixotide\/"]}]},{"@type":"ImageObject","inLanguage":"de","@id":"https:\/\/www.transtoyou.com\/de\/product\/flixotide\/#primaryimage","url":"https:\/\/www.transtoyou.com\/de\/wp-content\/uploads\/sites\/4\/2026\/01\/tty-no-product-image-133.webp","contentUrl":"https:\/\/www.transtoyou.com\/de\/wp-content\/uploads\/sites\/4\/2026\/01\/tty-no-product-image-133.webp","width":1000,"height":1000,"caption":"Standardproduktbild"},{"@type":"WebSite","@id":"https:\/\/www.transtoyou.com\/de\/#website","url":"https:\/\/www.transtoyou.com\/de\/","name":"Transtoyou - DE","description":"DE","publisher":{"@id":"https:\/\/www.transtoyou.com\/de\/#organization"},"potentialAction":[{"@type":"SearchAction","target":{"@type":"EntryPoint","urlTemplate":"https:\/\/www.transtoyou.com\/de\/?s={search_term_string}"},"query-input":{"@type":"PropertyValueSpecification","valueRequired":true,"valueName":"search_term_string"}}],"inLanguage":"de"},{"@type":"Organization","@id":"https:\/\/www.transtoyou.com\/de\/#organization","name":"Transtoyou - DE","url":"https:\/\/www.transtoyou.com\/de\/","logo":{"@type":"ImageObject","inLanguage":"de","@id":"https:\/\/www.transtoyou.com\/de\/#\/schema\/logo\/image\/","url":"https:\/\/www.transtoyou.com\/de\/wp-content\/uploads\/sites\/4\/2026\/01\/logo-tty-menu-bar-300x87-1.webp","contentUrl":"https:\/\/www.transtoyou.com\/de\/wp-content\/uploads\/sites\/4\/2026\/01\/logo-tty-menu-bar-300x87-1.webp","width":300,"height":87,"caption":"Transtoyou - DE"},"image":{"@id":"https:\/\/www.transtoyou.com\/de\/#\/schema\/logo\/image\/"}}]}},"_links":{"self":[{"href":"https:\/\/www.transtoyou.com\/de\/wp-json\/wp\/v2\/product\/1124","targetHints":{"allow":["GET"]}}],"collection":[{"href":"https:\/\/www.transtoyou.com\/de\/wp-json\/wp\/v2\/product"}],"about":[{"href":"https:\/\/www.transtoyou.com\/de\/wp-json\/wp\/v2\/types\/product"}],"replies":[{"embeddable":true,"href":"https:\/\/www.transtoyou.com\/de\/wp-json\/wp\/v2\/comments?post=1124"}],"wp:featuredmedia":[{"embeddable":true,"href":"https:\/\/www.transtoyou.com\/de\/wp-json\/wp\/v2\/media\/1126"}],"wp:attachment":[{"href":"https:\/\/www.transtoyou.com\/de\/wp-json\/wp\/v2\/media?parent=1124"}],"wp:term":[{"taxonomy":"product_brand","embeddable":true,"href":"https:\/\/www.transtoyou.com\/de\/wp-json\/wp\/v2\/product_brand?post=1124"},{"taxonomy":"product_cat","embeddable":true,"href":"https:\/\/www.transtoyou.com\/de\/wp-json\/wp\/v2\/product_cat?post=1124"},{"taxonomy":"product_tag","embeddable":true,"href":"https:\/\/www.transtoyou.com\/de\/wp-json\/wp\/v2\/product_tag?post=1124"},{"taxonomy":"expert","embeddable":true,"href":"https:\/\/www.transtoyou.com\/de\/wp-json\/wp\/v2\/expert?post=1124"}],"curies":[{"name":"wp","href":"https:\/\/api.w.org\/{rel}","templated":true}]}}