{"id":1127,"date":"2026-01-25T03:26:06","date_gmt":"2026-01-25T01:26:06","guid":{"rendered":"https:\/\/www.transtoyou.com\/de\/product\/nuvaring\/"},"modified":"2026-02-28T13:40:50","modified_gmt":"2026-02-28T11:40:50","slug":"nuvaring","status":"publish","type":"product","link":"https:\/\/www.transtoyou.com\/de\/product\/nuvaring\/","title":{"rendered":"NuvaRing"},"content":{"rendered":"<p>NuvaRing ist ein flexibler, transparenter Verh\u00fctungsring, der entwickelt wurde, um zuverl\u00e4ssigen Schutz vor Schwangerschaften durch ein niedrig dosiertes hormonelles System zu bieten. NuvaRing ist ein Ring, der einmal im Monat in die Vagina eingef\u00fchrt wird und eine konstante Hormonabgabe gew\u00e4hrleistet.<\/p>\n<p>Der Ring enth\u00e4lt zwei Hormone, Etonogestrel und Ethinylestradiol, die allm\u00e4hlich \u00fcber die Vaginalwand in den Blutkreislauf freigesetzt werden. Diese Hormone wirken zusammen, um den Eisprung zu verhindern, den Zervixschleim zu verdicken, um Spermien zu blockieren, und die Geb\u00e4rmutterschleimhaut zu ver\u00e4ndern, um die Wahrscheinlichkeit einer Einnistung zu verringern. Dieser Dreifachschutz macht NuvaRing zu einer effektiven Verh\u00fctungsmethode, wenn sie korrekt angewendet wird.<\/p>\n<p>Jeder Ring wird kontinuierlich f\u00fcr 21 Tage getragen, gefolgt von einer 7-t\u00e4gigen ringfreien Pause, w\u00e4hrend der normalerweise eine Abbruchblutung auftritt. Nach dieser Pause wird ein neuer Ring eingesetzt, auch wenn die Blutung nicht vollst\u00e4ndig gestoppt hat. Der Prozess ist so gestaltet, dass er einen nat\u00fcrlichen Menstruationszyklus nachahmt, w\u00e4hrend die Verh\u00fctungseffektivit\u00e4t w\u00e4hrend des gesamten Monats aufrechterhalten wird.<\/p>\n<p>NuvaRing ist beliebt bei denen, die nicht t\u00e4glich eine Pille einnehmen m\u00f6chten oder die eine nicht permanente, aber hochwirksame Verh\u00fctungsoption suchen. Es erfordert keine t\u00e4gliche Aufmerksamkeit, da es selbst eingef\u00fchrt und entfernt wird.<\/p>\n<p>Die meisten Benutzer vertragen NuvaRing gut. H\u00e4ufige Nebenwirkungen k\u00f6nnen Kopfschmerzen, Stimmungsschwankungen, Brustempfindlichkeit oder leichte vaginale Reizungen umfassen. Wie andere kombinierte hormonelle Verh\u00fctungsmittel ist NuvaRing nicht f\u00fcr Raucher \u00fcber 35 Jahre oder Personen mit einer Vorgeschichte bestimmter kardiovaskul\u00e4rer Erkrankungen geeignet.<\/p>\n","protected":false},"excerpt":{"rendered":"<ul>\n<li>Bequeme monatliche Verh\u00fctungsoption<\/li>\n<li>Hochwirksame Schwangerschaftsverh\u00fctung<\/li>\n<li>Reguliert und erleichtert den Menstruationszyklus<\/li>\n<\/ul>\n","protected":false},"featured_media":1129,"comment_status":"open","ping_status":"closed","template":"","meta":[],"product_brand":[],"product_cat":[100],"product_tag":[],"expert":[18],"class_list":{"0":"post-1127","1":"product","2":"type-product","3":"status-publish","4":"has-post-thumbnail","6":"product_cat-verhutungsring","7":"expert-dr-g-varbanov","9":"first","10":"instock","11":"shipping-taxable","12":"product-type-variable"},"yoast_head":"<!-- This site is optimized with the Yoast SEO plugin v27.0 - https:\/\/yoast.com\/product\/yoast-seo-wordpress\/ -->\n<title>NuvaRing | Zuverl\u00e4ssige hormonelle Verh\u00fctung - Transtoyou<\/title>\n<meta name=\"description\" content=\"NuvaRing, erh\u00e4ltlich bei Transtoyou, bietet zuverl\u00e4ssigen Schutz mit dreifacher Wirkung. Jetzt shoppen f\u00fcr effektive hormonelle Verh\u00fctung.\" \/>\n<meta name=\"robots\" content=\"noindex, follow, max-snippet:-1, max-image-preview:large, max-video-preview:-1\" \/>\n<meta property=\"og:locale\" content=\"de_DE\" \/>\n<meta property=\"og:type\" content=\"article\" \/>\n<meta property=\"og:title\" content=\"NuvaRing | Zuverl\u00e4ssige hormonelle Verh\u00fctung - Transtoyou\" \/>\n<meta property=\"og:description\" content=\"NuvaRing, erh\u00e4ltlich bei Transtoyou, bietet zuverl\u00e4ssigen Schutz mit dreifacher Wirkung. Jetzt shoppen f\u00fcr effektive hormonelle Verh\u00fctung.\" \/>\n<meta property=\"og:url\" content=\"https:\/\/www.transtoyou.com\/de\/product\/nuvaring\/\" \/>\n<meta property=\"og:site_name\" content=\"Transtoyou - DE\" \/>\n<meta property=\"article:modified_time\" content=\"2026-02-28T11:40:50+00:00\" \/>\n<meta name=\"twitter:card\" content=\"summary_large_image\" \/>\n<meta name=\"twitter:label1\" content=\"Gesch\u00e4tzte Lesezeit\" \/>\n\t<meta name=\"twitter:data1\" content=\"1\u00a0Minute\" \/>\n<script type=\"application\/ld+json\" class=\"yoast-schema-graph\">{\"@context\":\"https:\/\/schema.org\",\"@graph\":[{\"@type\":\"WebPage\",\"@id\":\"https:\/\/www.transtoyou.com\/de\/product\/nuvaring\/\",\"url\":\"https:\/\/www.transtoyou.com\/de\/product\/nuvaring\/\",\"name\":\"NuvaRing | Zuverl\u00e4ssige hormonelle Verh\u00fctung - Transtoyou\",\"isPartOf\":{\"@id\":\"https:\/\/www.transtoyou.com\/de\/#website\"},\"primaryImageOfPage\":{\"@id\":\"https:\/\/www.transtoyou.com\/de\/product\/nuvaring\/#primaryimage\"},\"image\":{\"@id\":\"https:\/\/www.transtoyou.com\/de\/product\/nuvaring\/#primaryimage\"},\"thumbnailUrl\":\"https:\/\/www.transtoyou.com\/de\/wp-content\/uploads\/sites\/4\/2026\/01\/tty-no-product-image-134.webp\",\"datePublished\":\"2026-01-25T01:26:06+00:00\",\"dateModified\":\"2026-02-28T11:40:50+00:00\",\"description\":\"NuvaRing, erh\u00e4ltlich bei Transtoyou, bietet zuverl\u00e4ssigen Schutz mit dreifacher Wirkung. Jetzt shoppen f\u00fcr effektive hormonelle Verh\u00fctung.\",\"breadcrumb\":{\"@id\":\"https:\/\/www.transtoyou.com\/de\/product\/nuvaring\/#breadcrumb\"},\"inLanguage\":\"de\",\"potentialAction\":[{\"@type\":\"ReadAction\",\"target\":[\"https:\/\/www.transtoyou.com\/de\/product\/nuvaring\/\"]}]},{\"@type\":\"ImageObject\",\"inLanguage\":\"de\",\"@id\":\"https:\/\/www.transtoyou.com\/de\/product\/nuvaring\/#primaryimage\",\"url\":\"https:\/\/www.transtoyou.com\/de\/wp-content\/uploads\/sites\/4\/2026\/01\/tty-no-product-image-134.webp\",\"contentUrl\":\"https:\/\/www.transtoyou.com\/de\/wp-content\/uploads\/sites\/4\/2026\/01\/tty-no-product-image-134.webp\",\"width\":1000,\"height\":1000,\"caption\":\"Standardproduktbild\"},{\"@type\":\"WebSite\",\"@id\":\"https:\/\/www.transtoyou.com\/de\/#website\",\"url\":\"https:\/\/www.transtoyou.com\/de\/\",\"name\":\"Transtoyou - DE\",\"description\":\"DE\",\"publisher\":{\"@id\":\"https:\/\/www.transtoyou.com\/de\/#organization\"},\"potentialAction\":[{\"@type\":\"SearchAction\",\"target\":{\"@type\":\"EntryPoint\",\"urlTemplate\":\"https:\/\/www.transtoyou.com\/de\/?s={search_term_string}\"},\"query-input\":{\"@type\":\"PropertyValueSpecification\",\"valueRequired\":true,\"valueName\":\"search_term_string\"}}],\"inLanguage\":\"de\"},{\"@type\":\"Organization\",\"@id\":\"https:\/\/www.transtoyou.com\/de\/#organization\",\"name\":\"Transtoyou - DE\",\"url\":\"https:\/\/www.transtoyou.com\/de\/\",\"logo\":{\"@type\":\"ImageObject\",\"inLanguage\":\"de\",\"@id\":\"https:\/\/www.transtoyou.com\/de\/#\/schema\/logo\/image\/\",\"url\":\"https:\/\/www.transtoyou.com\/de\/wp-content\/uploads\/sites\/4\/2026\/01\/logo-tty-menu-bar-300x87-1.webp\",\"contentUrl\":\"https:\/\/www.transtoyou.com\/de\/wp-content\/uploads\/sites\/4\/2026\/01\/logo-tty-menu-bar-300x87-1.webp\",\"width\":300,\"height\":87,\"caption\":\"Transtoyou - DE\"},\"image\":{\"@id\":\"https:\/\/www.transtoyou.com\/de\/#\/schema\/logo\/image\/\"}}]}<\/script>\n<!-- \/ Yoast SEO plugin. -->","yoast_head_json":{"title":"NuvaRing | Zuverl\u00e4ssige hormonelle Verh\u00fctung - Transtoyou","description":"NuvaRing, erh\u00e4ltlich bei Transtoyou, bietet zuverl\u00e4ssigen Schutz mit dreifacher Wirkung. Jetzt shoppen f\u00fcr effektive hormonelle Verh\u00fctung.","robots":{"index":"noindex","follow":"follow","max-snippet":"max-snippet:-1","max-image-preview":"max-image-preview:large","max-video-preview":"max-video-preview:-1"},"og_locale":"de_DE","og_type":"article","og_title":"NuvaRing | Zuverl\u00e4ssige hormonelle Verh\u00fctung - Transtoyou","og_description":"NuvaRing, erh\u00e4ltlich bei Transtoyou, bietet zuverl\u00e4ssigen Schutz mit dreifacher Wirkung. Jetzt shoppen f\u00fcr effektive hormonelle Verh\u00fctung.","og_url":"https:\/\/www.transtoyou.com\/de\/product\/nuvaring\/","og_site_name":"Transtoyou - DE","article_modified_time":"2026-02-28T11:40:50+00:00","twitter_card":"summary_large_image","twitter_misc":{"Gesch\u00e4tzte Lesezeit":"1\u00a0Minute"},"schema":{"@context":"https:\/\/schema.org","@graph":[{"@type":"WebPage","@id":"https:\/\/www.transtoyou.com\/de\/product\/nuvaring\/","url":"https:\/\/www.transtoyou.com\/de\/product\/nuvaring\/","name":"NuvaRing | Zuverl\u00e4ssige hormonelle Verh\u00fctung - Transtoyou","isPartOf":{"@id":"https:\/\/www.transtoyou.com\/de\/#website"},"primaryImageOfPage":{"@id":"https:\/\/www.transtoyou.com\/de\/product\/nuvaring\/#primaryimage"},"image":{"@id":"https:\/\/www.transtoyou.com\/de\/product\/nuvaring\/#primaryimage"},"thumbnailUrl":"https:\/\/www.transtoyou.com\/de\/wp-content\/uploads\/sites\/4\/2026\/01\/tty-no-product-image-134.webp","datePublished":"2026-01-25T01:26:06+00:00","dateModified":"2026-02-28T11:40:50+00:00","description":"NuvaRing, erh\u00e4ltlich bei Transtoyou, bietet zuverl\u00e4ssigen Schutz mit dreifacher Wirkung. Jetzt shoppen f\u00fcr effektive hormonelle Verh\u00fctung.","breadcrumb":{"@id":"https:\/\/www.transtoyou.com\/de\/product\/nuvaring\/#breadcrumb"},"inLanguage":"de","potentialAction":[{"@type":"ReadAction","target":["https:\/\/www.transtoyou.com\/de\/product\/nuvaring\/"]}]},{"@type":"ImageObject","inLanguage":"de","@id":"https:\/\/www.transtoyou.com\/de\/product\/nuvaring\/#primaryimage","url":"https:\/\/www.transtoyou.com\/de\/wp-content\/uploads\/sites\/4\/2026\/01\/tty-no-product-image-134.webp","contentUrl":"https:\/\/www.transtoyou.com\/de\/wp-content\/uploads\/sites\/4\/2026\/01\/tty-no-product-image-134.webp","width":1000,"height":1000,"caption":"Standardproduktbild"},{"@type":"WebSite","@id":"https:\/\/www.transtoyou.com\/de\/#website","url":"https:\/\/www.transtoyou.com\/de\/","name":"Transtoyou - DE","description":"DE","publisher":{"@id":"https:\/\/www.transtoyou.com\/de\/#organization"},"potentialAction":[{"@type":"SearchAction","target":{"@type":"EntryPoint","urlTemplate":"https:\/\/www.transtoyou.com\/de\/?s={search_term_string}"},"query-input":{"@type":"PropertyValueSpecification","valueRequired":true,"valueName":"search_term_string"}}],"inLanguage":"de"},{"@type":"Organization","@id":"https:\/\/www.transtoyou.com\/de\/#organization","name":"Transtoyou - DE","url":"https:\/\/www.transtoyou.com\/de\/","logo":{"@type":"ImageObject","inLanguage":"de","@id":"https:\/\/www.transtoyou.com\/de\/#\/schema\/logo\/image\/","url":"https:\/\/www.transtoyou.com\/de\/wp-content\/uploads\/sites\/4\/2026\/01\/logo-tty-menu-bar-300x87-1.webp","contentUrl":"https:\/\/www.transtoyou.com\/de\/wp-content\/uploads\/sites\/4\/2026\/01\/logo-tty-menu-bar-300x87-1.webp","width":300,"height":87,"caption":"Transtoyou - DE"},"image":{"@id":"https:\/\/www.transtoyou.com\/de\/#\/schema\/logo\/image\/"}}]}},"_links":{"self":[{"href":"https:\/\/www.transtoyou.com\/de\/wp-json\/wp\/v2\/product\/1127","targetHints":{"allow":["GET"]}}],"collection":[{"href":"https:\/\/www.transtoyou.com\/de\/wp-json\/wp\/v2\/product"}],"about":[{"href":"https:\/\/www.transtoyou.com\/de\/wp-json\/wp\/v2\/types\/product"}],"replies":[{"embeddable":true,"href":"https:\/\/www.transtoyou.com\/de\/wp-json\/wp\/v2\/comments?post=1127"}],"wp:featuredmedia":[{"embeddable":true,"href":"https:\/\/www.transtoyou.com\/de\/wp-json\/wp\/v2\/media\/1129"}],"wp:attachment":[{"href":"https:\/\/www.transtoyou.com\/de\/wp-json\/wp\/v2\/media?parent=1127"}],"wp:term":[{"taxonomy":"product_brand","embeddable":true,"href":"https:\/\/www.transtoyou.com\/de\/wp-json\/wp\/v2\/product_brand?post=1127"},{"taxonomy":"product_cat","embeddable":true,"href":"https:\/\/www.transtoyou.com\/de\/wp-json\/wp\/v2\/product_cat?post=1127"},{"taxonomy":"product_tag","embeddable":true,"href":"https:\/\/www.transtoyou.com\/de\/wp-json\/wp\/v2\/product_tag?post=1127"},{"taxonomy":"expert","embeddable":true,"href":"https:\/\/www.transtoyou.com\/de\/wp-json\/wp\/v2\/expert?post=1127"}],"curies":[{"name":"wp","href":"https:\/\/api.w.org\/{rel}","templated":true}]}}