{"id":1130,"date":"2026-01-25T03:42:15","date_gmt":"2026-01-25T01:42:15","guid":{"rendered":"https:\/\/www.transtoyou.com\/de\/product\/ginoring\/"},"modified":"2026-02-20T10:12:38","modified_gmt":"2026-02-20T08:12:38","slug":"ginoring","status":"publish","type":"product","link":"https:\/\/www.transtoyou.com\/de\/product\/ginoring\/","title":{"rendered":"Ginoring"},"content":{"rendered":"<p>Ginoring ist ein flexibler vaginaler Ring, der als hormonelles Verh\u00fctungsmittel zur Verhinderung einer Schwangerschaft verwendet wird. Er enth\u00e4lt Etonogestrel (ein Gestagen) und Ethinylestradiol (ein \u00d6strogen), zwei synthetische Hormone, die zusammenarbeiten, um den Eisprung, die Freisetzung eines Eies aus dem Eierstock, zu verhindern. Er verdickt auch den Zervixschleim, wodurch es f\u00fcr Spermien schwieriger wird, das Ei zu erreichen, und ver\u00e4ndert die Geb\u00e4rmutterschleimhaut, um die Einnistung zu verhindern.<\/p>\n<p>Ginoring wird drei aufeinanderfolgende Wochen in der Vagina getragen, gefolgt von einer einw\u00f6chigen Pause, in der normalerweise eine Abbruchblutung (\u00e4hnlich wie eine Periode) auftritt. Nach der vierten Woche wird ein neuer Ring eingesetzt. Die Hormone werden durch die Vaginalw\u00e4nde in den Blutkreislauf aufgenommen, was eine konstante Hormonkonzentration ohne die Notwendigkeit t\u00e4glicher Pillen gew\u00e4hrleistet.<\/p>\n<p>Der Ring ist einfach einzuf\u00fchren und zu entfernen und bleibt an Ort und Stelle, sobald er richtig positioniert ist. Er bietet effektiven, diskreten Schutz, wenn er richtig angewendet wird. Er kann auch helfen, den Menstruationszyklus zu regulieren, Kr\u00e4mpfe zu reduzieren und die Blutung zu verringern.<\/p>\n<p>Wie alle kombinierten hormonellen Verh\u00fctungsmittel ist Ginoring m\u00f6glicherweise nicht f\u00fcr alle Frauen geeignet, insbesondere nicht f\u00fcr solche mit einer Vorgeschichte von Blutgerinnseln, Schlaganf\u00e4llen oder hormonabh\u00e4ngigen Krebsarten. M\u00f6gliche Nebenwirkungen sind Kopfschmerzen, vaginale Reizungen, Stimmungsschwankungen oder Brustempfindlichkeit.<\/p>\n<p>Ginoring ist eine zuverl\u00e4ssige Verh\u00fctungsoption f\u00fcr Frauen, die eine nicht t\u00e4gliche, hormonbasierte Methode bevorzugen.<\/p>\n","protected":false},"excerpt":{"rendered":"<ul>\n<li>Monatlicher hormoneller Verh\u00fctungsring<\/li>\n<li>Verhindert den Eisprung und eine Schwangerschaft<\/li>\n<li>Bequeme und diskrete Option<\/li>\n<\/ul>\n","protected":false},"featured_media":1132,"comment_status":"open","ping_status":"closed","template":"","meta":[],"product_brand":[],"product_cat":[100],"product_tag":[],"expert":[19],"class_list":{"0":"post-1130","1":"product","2":"type-product","3":"status-publish","4":"has-post-thumbnail","6":"product_cat-verhutungsring","7":"expert-dr-j-vazquez","9":"first","10":"instock","11":"shipping-taxable","12":"product-type-variable"},"yoast_head":"<!-- This site is optimized with the Yoast SEO plugin v27.0 - https:\/\/yoast.com\/product\/yoast-seo-wordpress\/ -->\n<title>Ginoring | Zuverl\u00e4ssige Verh\u00fctungsl\u00f6sung - Transtoyou<\/title>\n<meta name=\"description\" content=\"Ginoring: Effektiver hormoneller Verh\u00fctungsring, einfach anzuwenden, reguliert Zyklen und lindert Kr\u00e4mpfe. Hol dir deinen noch heute bei Transtoyou.\" \/>\n<meta name=\"robots\" content=\"noindex, follow, max-snippet:-1, max-image-preview:large, max-video-preview:-1\" \/>\n<meta property=\"og:locale\" content=\"de_DE\" \/>\n<meta property=\"og:type\" content=\"article\" \/>\n<meta property=\"og:title\" content=\"Ginoring | Zuverl\u00e4ssige Verh\u00fctungsl\u00f6sung - Transtoyou\" \/>\n<meta property=\"og:description\" content=\"Ginoring: Effektiver hormoneller Verh\u00fctungsring, einfach anzuwenden, reguliert Zyklen und lindert Kr\u00e4mpfe. Hol dir deinen noch heute bei Transtoyou.\" \/>\n<meta property=\"og:url\" content=\"https:\/\/www.transtoyou.com\/de\/product\/ginoring\/\" \/>\n<meta property=\"og:site_name\" content=\"Transtoyou - DE\" \/>\n<meta property=\"article:modified_time\" content=\"2026-02-20T08:12:38+00:00\" \/>\n<meta name=\"twitter:card\" content=\"summary_large_image\" \/>\n<meta name=\"twitter:label1\" content=\"Gesch\u00e4tzte Lesezeit\" \/>\n\t<meta name=\"twitter:data1\" content=\"1\u00a0Minute\" \/>\n<script type=\"application\/ld+json\" class=\"yoast-schema-graph\">{\"@context\":\"https:\/\/schema.org\",\"@graph\":[{\"@type\":\"WebPage\",\"@id\":\"https:\/\/www.transtoyou.com\/de\/product\/ginoring\/\",\"url\":\"https:\/\/www.transtoyou.com\/de\/product\/ginoring\/\",\"name\":\"Ginoring | Zuverl\u00e4ssige Verh\u00fctungsl\u00f6sung - Transtoyou\",\"isPartOf\":{\"@id\":\"https:\/\/www.transtoyou.com\/de\/#website\"},\"primaryImageOfPage\":{\"@id\":\"https:\/\/www.transtoyou.com\/de\/product\/ginoring\/#primaryimage\"},\"image\":{\"@id\":\"https:\/\/www.transtoyou.com\/de\/product\/ginoring\/#primaryimage\"},\"thumbnailUrl\":\"https:\/\/www.transtoyou.com\/de\/wp-content\/uploads\/sites\/4\/2026\/01\/tty-no-product-image-135.webp\",\"datePublished\":\"2026-01-25T01:42:15+00:00\",\"dateModified\":\"2026-02-20T08:12:38+00:00\",\"description\":\"Ginoring: Effektiver hormoneller Verh\u00fctungsring, einfach anzuwenden, reguliert Zyklen und lindert Kr\u00e4mpfe. Hol dir deinen noch heute bei Transtoyou.\",\"breadcrumb\":{\"@id\":\"https:\/\/www.transtoyou.com\/de\/product\/ginoring\/#breadcrumb\"},\"inLanguage\":\"de\",\"potentialAction\":[{\"@type\":\"ReadAction\",\"target\":[\"https:\/\/www.transtoyou.com\/de\/product\/ginoring\/\"]}]},{\"@type\":\"ImageObject\",\"inLanguage\":\"de\",\"@id\":\"https:\/\/www.transtoyou.com\/de\/product\/ginoring\/#primaryimage\",\"url\":\"https:\/\/www.transtoyou.com\/de\/wp-content\/uploads\/sites\/4\/2026\/01\/tty-no-product-image-135.webp\",\"contentUrl\":\"https:\/\/www.transtoyou.com\/de\/wp-content\/uploads\/sites\/4\/2026\/01\/tty-no-product-image-135.webp\",\"width\":1000,\"height\":1000,\"caption\":\"Standardproduktbild\"},{\"@type\":\"WebSite\",\"@id\":\"https:\/\/www.transtoyou.com\/de\/#website\",\"url\":\"https:\/\/www.transtoyou.com\/de\/\",\"name\":\"Transtoyou - DE\",\"description\":\"DE\",\"publisher\":{\"@id\":\"https:\/\/www.transtoyou.com\/de\/#organization\"},\"potentialAction\":[{\"@type\":\"SearchAction\",\"target\":{\"@type\":\"EntryPoint\",\"urlTemplate\":\"https:\/\/www.transtoyou.com\/de\/?s={search_term_string}\"},\"query-input\":{\"@type\":\"PropertyValueSpecification\",\"valueRequired\":true,\"valueName\":\"search_term_string\"}}],\"inLanguage\":\"de\"},{\"@type\":\"Organization\",\"@id\":\"https:\/\/www.transtoyou.com\/de\/#organization\",\"name\":\"Transtoyou - DE\",\"url\":\"https:\/\/www.transtoyou.com\/de\/\",\"logo\":{\"@type\":\"ImageObject\",\"inLanguage\":\"de\",\"@id\":\"https:\/\/www.transtoyou.com\/de\/#\/schema\/logo\/image\/\",\"url\":\"https:\/\/www.transtoyou.com\/de\/wp-content\/uploads\/sites\/4\/2026\/01\/logo-tty-menu-bar-300x87-1.webp\",\"contentUrl\":\"https:\/\/www.transtoyou.com\/de\/wp-content\/uploads\/sites\/4\/2026\/01\/logo-tty-menu-bar-300x87-1.webp\",\"width\":300,\"height\":87,\"caption\":\"Transtoyou - DE\"},\"image\":{\"@id\":\"https:\/\/www.transtoyou.com\/de\/#\/schema\/logo\/image\/\"}}]}<\/script>\n<!-- \/ Yoast SEO plugin. -->","yoast_head_json":{"title":"Ginoring | Zuverl\u00e4ssige Verh\u00fctungsl\u00f6sung - Transtoyou","description":"Ginoring: Effektiver hormoneller Verh\u00fctungsring, einfach anzuwenden, reguliert Zyklen und lindert Kr\u00e4mpfe. Hol dir deinen noch heute bei Transtoyou.","robots":{"index":"noindex","follow":"follow","max-snippet":"max-snippet:-1","max-image-preview":"max-image-preview:large","max-video-preview":"max-video-preview:-1"},"og_locale":"de_DE","og_type":"article","og_title":"Ginoring | Zuverl\u00e4ssige Verh\u00fctungsl\u00f6sung - Transtoyou","og_description":"Ginoring: Effektiver hormoneller Verh\u00fctungsring, einfach anzuwenden, reguliert Zyklen und lindert Kr\u00e4mpfe. Hol dir deinen noch heute bei Transtoyou.","og_url":"https:\/\/www.transtoyou.com\/de\/product\/ginoring\/","og_site_name":"Transtoyou - DE","article_modified_time":"2026-02-20T08:12:38+00:00","twitter_card":"summary_large_image","twitter_misc":{"Gesch\u00e4tzte Lesezeit":"1\u00a0Minute"},"schema":{"@context":"https:\/\/schema.org","@graph":[{"@type":"WebPage","@id":"https:\/\/www.transtoyou.com\/de\/product\/ginoring\/","url":"https:\/\/www.transtoyou.com\/de\/product\/ginoring\/","name":"Ginoring | Zuverl\u00e4ssige Verh\u00fctungsl\u00f6sung - Transtoyou","isPartOf":{"@id":"https:\/\/www.transtoyou.com\/de\/#website"},"primaryImageOfPage":{"@id":"https:\/\/www.transtoyou.com\/de\/product\/ginoring\/#primaryimage"},"image":{"@id":"https:\/\/www.transtoyou.com\/de\/product\/ginoring\/#primaryimage"},"thumbnailUrl":"https:\/\/www.transtoyou.com\/de\/wp-content\/uploads\/sites\/4\/2026\/01\/tty-no-product-image-135.webp","datePublished":"2026-01-25T01:42:15+00:00","dateModified":"2026-02-20T08:12:38+00:00","description":"Ginoring: Effektiver hormoneller Verh\u00fctungsring, einfach anzuwenden, reguliert Zyklen und lindert Kr\u00e4mpfe. Hol dir deinen noch heute bei Transtoyou.","breadcrumb":{"@id":"https:\/\/www.transtoyou.com\/de\/product\/ginoring\/#breadcrumb"},"inLanguage":"de","potentialAction":[{"@type":"ReadAction","target":["https:\/\/www.transtoyou.com\/de\/product\/ginoring\/"]}]},{"@type":"ImageObject","inLanguage":"de","@id":"https:\/\/www.transtoyou.com\/de\/product\/ginoring\/#primaryimage","url":"https:\/\/www.transtoyou.com\/de\/wp-content\/uploads\/sites\/4\/2026\/01\/tty-no-product-image-135.webp","contentUrl":"https:\/\/www.transtoyou.com\/de\/wp-content\/uploads\/sites\/4\/2026\/01\/tty-no-product-image-135.webp","width":1000,"height":1000,"caption":"Standardproduktbild"},{"@type":"WebSite","@id":"https:\/\/www.transtoyou.com\/de\/#website","url":"https:\/\/www.transtoyou.com\/de\/","name":"Transtoyou - DE","description":"DE","publisher":{"@id":"https:\/\/www.transtoyou.com\/de\/#organization"},"potentialAction":[{"@type":"SearchAction","target":{"@type":"EntryPoint","urlTemplate":"https:\/\/www.transtoyou.com\/de\/?s={search_term_string}"},"query-input":{"@type":"PropertyValueSpecification","valueRequired":true,"valueName":"search_term_string"}}],"inLanguage":"de"},{"@type":"Organization","@id":"https:\/\/www.transtoyou.com\/de\/#organization","name":"Transtoyou - DE","url":"https:\/\/www.transtoyou.com\/de\/","logo":{"@type":"ImageObject","inLanguage":"de","@id":"https:\/\/www.transtoyou.com\/de\/#\/schema\/logo\/image\/","url":"https:\/\/www.transtoyou.com\/de\/wp-content\/uploads\/sites\/4\/2026\/01\/logo-tty-menu-bar-300x87-1.webp","contentUrl":"https:\/\/www.transtoyou.com\/de\/wp-content\/uploads\/sites\/4\/2026\/01\/logo-tty-menu-bar-300x87-1.webp","width":300,"height":87,"caption":"Transtoyou - DE"},"image":{"@id":"https:\/\/www.transtoyou.com\/de\/#\/schema\/logo\/image\/"}}]}},"_links":{"self":[{"href":"https:\/\/www.transtoyou.com\/de\/wp-json\/wp\/v2\/product\/1130","targetHints":{"allow":["GET"]}}],"collection":[{"href":"https:\/\/www.transtoyou.com\/de\/wp-json\/wp\/v2\/product"}],"about":[{"href":"https:\/\/www.transtoyou.com\/de\/wp-json\/wp\/v2\/types\/product"}],"replies":[{"embeddable":true,"href":"https:\/\/www.transtoyou.com\/de\/wp-json\/wp\/v2\/comments?post=1130"}],"wp:featuredmedia":[{"embeddable":true,"href":"https:\/\/www.transtoyou.com\/de\/wp-json\/wp\/v2\/media\/1132"}],"wp:attachment":[{"href":"https:\/\/www.transtoyou.com\/de\/wp-json\/wp\/v2\/media?parent=1130"}],"wp:term":[{"taxonomy":"product_brand","embeddable":true,"href":"https:\/\/www.transtoyou.com\/de\/wp-json\/wp\/v2\/product_brand?post=1130"},{"taxonomy":"product_cat","embeddable":true,"href":"https:\/\/www.transtoyou.com\/de\/wp-json\/wp\/v2\/product_cat?post=1130"},{"taxonomy":"product_tag","embeddable":true,"href":"https:\/\/www.transtoyou.com\/de\/wp-json\/wp\/v2\/product_tag?post=1130"},{"taxonomy":"expert","embeddable":true,"href":"https:\/\/www.transtoyou.com\/de\/wp-json\/wp\/v2\/expert?post=1130"}],"curies":[{"name":"wp","href":"https:\/\/api.w.org\/{rel}","templated":true}]}}