{"id":1133,"date":"2026-01-25T03:57:43","date_gmt":"2026-01-25T01:57:43","guid":{"rendered":"https:\/\/www.transtoyou.com\/de\/product\/evra-patch\/"},"modified":"2026-02-16T10:40:09","modified_gmt":"2026-02-16T08:40:09","slug":"evra-pflaster","status":"publish","type":"product","link":"https:\/\/www.transtoyou.com\/de\/product\/evra-pflaster\/","title":{"rendered":"Evra-Pflaster"},"content":{"rendered":"<p>Evra ist ein Verh\u00fctungspflaster, das f\u00fcr Frauen entwickelt wurde, um eine Schwangerschaft zu verhindern. Es enth\u00e4lt zwei Hormone: Ethinylestradiol (ein \u00d6strogen) und Norelgestromin (ein Gestagen). Diese Hormone \u00e4hneln den nat\u00fcrlichen Hormonen im K\u00f6rper und wirken zusammen, um den Eisprung zu stoppen, also die Freisetzung eines Eies aus dem Eierstock. Wenn kein Ei vorhanden ist, kann keine Schwangerschaft eintreten. Evra verdickt auch den Zervixschleim, was es Spermien erschwert, das Ei zu erreichen, und ver\u00e4ndert die Geb\u00e4rmutterschleimhaut, sodass sie weniger wahrscheinlich ein befruchtetes Ei unterst\u00fctzt.<\/p>\n<p>Das Pflaster wird auf die Haut aufgeklebt, und die Hormone werden direkt in den Blutkreislauf aufgenommen. Es wird einmal pro Woche f\u00fcr drei Wochen getragen, gefolgt von einer Woche ohne Pflaster, in der normalerweise eine Abbruchblutung auftritt. Dies macht es praktisch f\u00fcr diejenigen, die keine t\u00e4glichen Pillen einnehmen m\u00f6chten.<\/p>\n<p>Evra ist so effektiv wie die kombinierte Antibabypille, wenn es richtig angewendet wird. Zu den Vorteilen geh\u00f6ren konstante Hormonspiegel, w\u00f6chentliche Dosierung und keine Notwendigkeit f\u00fcr t\u00e4gliche Erinnerungen. Allerdings ist es wie alle hormonellen Verh\u00fctungsmittel m\u00f6glicherweise nicht f\u00fcr jede Frau geeignet, insbesondere f\u00fcr Frauen mit einer Vorgeschichte von Blutgerinnseln, Schlaganf\u00e4llen oder bestimmten Krebsarten. H\u00e4ufige Nebenwirkungen k\u00f6nnen Hautreizungen an der Pflasterstelle, Kopfschmerzen, \u00dcbelkeit oder Brustempfindlichkeit umfassen.<\/p>\n<p>Evra ist eine diskrete, zuverl\u00e4ssige und einfach zu verwendende Verh\u00fctungsoption f\u00fcr Frauen, die nach einer hormonellen Verh\u00fctungsmethode suchen.<\/p>\n","protected":false},"excerpt":{"rendered":"<ul>\n<li>W\u00f6chentlicher Verh\u00fctungspflaster<\/li>\n<li>Verhindert den Eisprung und eine Schwangerschaft<\/li>\n<li>Diskret und einfach zu verwenden<\/li>\n<\/ul>\n","protected":false},"featured_media":1135,"comment_status":"open","ping_status":"closed","template":"","meta":[],"product_brand":[],"product_cat":[99],"product_tag":[],"expert":[19],"class_list":{"0":"post-1133","1":"product","2":"type-product","3":"status-publish","4":"has-post-thumbnail","6":"product_cat-verhutungspflaster","7":"expert-dr-j-vazquez","9":"first","10":"instock","11":"shipping-taxable","12":"product-type-variable"},"yoast_head":"<!-- This site is optimized with the Yoast SEO plugin v27.0 - https:\/\/yoast.com\/product\/yoast-seo-wordpress\/ -->\n<title>Evra-Pflaster | Hormonelle Verh\u00fctungsl\u00f6sung - Transtoyou<\/title>\n<meta name=\"description\" content=\"Evra-Patch, eine praktische Verh\u00fctungsoption, stoppt den Eisprung und verhindert Schwangerschaften. Jetzt f\u00fcr effektive, w\u00f6chentliche Hormonkontrolle einkaufen.\" \/>\n<meta name=\"robots\" content=\"noindex, follow, max-snippet:-1, max-image-preview:large, max-video-preview:-1\" \/>\n<meta property=\"og:locale\" content=\"de_DE\" \/>\n<meta property=\"og:type\" content=\"article\" \/>\n<meta property=\"og:title\" content=\"Evra-Pflaster | Hormonelle Verh\u00fctungsl\u00f6sung - Transtoyou\" \/>\n<meta property=\"og:description\" content=\"Evra-Patch, eine praktische Verh\u00fctungsoption, stoppt den Eisprung und verhindert Schwangerschaften. Jetzt f\u00fcr effektive, w\u00f6chentliche Hormonkontrolle einkaufen.\" \/>\n<meta property=\"og:url\" content=\"https:\/\/www.transtoyou.com\/de\/product\/evra-patch\/\" \/>\n<meta property=\"og:site_name\" content=\"Transtoyou - DE\" \/>\n<meta property=\"article:modified_time\" content=\"2026-02-16T08:40:09+00:00\" \/>\n<meta name=\"twitter:card\" content=\"summary_large_image\" \/>\n<meta name=\"twitter:label1\" content=\"Gesch\u00e4tzte Lesezeit\" \/>\n\t<meta name=\"twitter:data1\" content=\"1\u00a0Minute\" \/>\n<script type=\"application\/ld+json\" class=\"yoast-schema-graph\">{\"@context\":\"https:\/\/schema.org\",\"@graph\":[{\"@type\":\"WebPage\",\"@id\":\"https:\/\/www.transtoyou.com\/de\/product\/evra-patch\/\",\"url\":\"https:\/\/www.transtoyou.com\/de\/product\/evra-patch\/\",\"name\":\"Evra-Pflaster | Hormonelle Verh\u00fctungsl\u00f6sung - Transtoyou\",\"isPartOf\":{\"@id\":\"https:\/\/www.transtoyou.com\/de\/#website\"},\"primaryImageOfPage\":{\"@id\":\"https:\/\/www.transtoyou.com\/de\/product\/evra-patch\/#primaryimage\"},\"image\":{\"@id\":\"https:\/\/www.transtoyou.com\/de\/product\/evra-patch\/#primaryimage\"},\"thumbnailUrl\":\"https:\/\/www.transtoyou.com\/de\/wp-content\/uploads\/sites\/4\/2026\/01\/tty-no-product-image-136.webp\",\"datePublished\":\"2026-01-25T01:57:43+00:00\",\"dateModified\":\"2026-02-16T08:40:09+00:00\",\"description\":\"Evra-Patch, eine praktische Verh\u00fctungsoption, stoppt den Eisprung und verhindert Schwangerschaften. Jetzt f\u00fcr effektive, w\u00f6chentliche Hormonkontrolle einkaufen.\",\"breadcrumb\":{\"@id\":\"https:\/\/www.transtoyou.com\/de\/product\/evra-patch\/#breadcrumb\"},\"inLanguage\":\"de\",\"potentialAction\":[{\"@type\":\"ReadAction\",\"target\":[\"https:\/\/www.transtoyou.com\/de\/product\/evra-patch\/\"]}]},{\"@type\":\"ImageObject\",\"inLanguage\":\"de\",\"@id\":\"https:\/\/www.transtoyou.com\/de\/product\/evra-patch\/#primaryimage\",\"url\":\"https:\/\/www.transtoyou.com\/de\/wp-content\/uploads\/sites\/4\/2026\/01\/tty-no-product-image-136.webp\",\"contentUrl\":\"https:\/\/www.transtoyou.com\/de\/wp-content\/uploads\/sites\/4\/2026\/01\/tty-no-product-image-136.webp\",\"width\":1000,\"height\":1000,\"caption\":\"Standardproduktbild\"},{\"@type\":\"WebSite\",\"@id\":\"https:\/\/www.transtoyou.com\/de\/#website\",\"url\":\"https:\/\/www.transtoyou.com\/de\/\",\"name\":\"Transtoyou - DE\",\"description\":\"DE\",\"publisher\":{\"@id\":\"https:\/\/www.transtoyou.com\/de\/#organization\"},\"potentialAction\":[{\"@type\":\"SearchAction\",\"target\":{\"@type\":\"EntryPoint\",\"urlTemplate\":\"https:\/\/www.transtoyou.com\/de\/?s={search_term_string}\"},\"query-input\":{\"@type\":\"PropertyValueSpecification\",\"valueRequired\":true,\"valueName\":\"search_term_string\"}}],\"inLanguage\":\"de\"},{\"@type\":\"Organization\",\"@id\":\"https:\/\/www.transtoyou.com\/de\/#organization\",\"name\":\"Transtoyou - DE\",\"url\":\"https:\/\/www.transtoyou.com\/de\/\",\"logo\":{\"@type\":\"ImageObject\",\"inLanguage\":\"de\",\"@id\":\"https:\/\/www.transtoyou.com\/de\/#\/schema\/logo\/image\/\",\"url\":\"https:\/\/www.transtoyou.com\/de\/wp-content\/uploads\/sites\/4\/2026\/01\/logo-tty-menu-bar-300x87-1.webp\",\"contentUrl\":\"https:\/\/www.transtoyou.com\/de\/wp-content\/uploads\/sites\/4\/2026\/01\/logo-tty-menu-bar-300x87-1.webp\",\"width\":300,\"height\":87,\"caption\":\"Transtoyou - DE\"},\"image\":{\"@id\":\"https:\/\/www.transtoyou.com\/de\/#\/schema\/logo\/image\/\"}}]}<\/script>\n<!-- \/ Yoast SEO plugin. -->","yoast_head_json":{"title":"Evra-Pflaster | Hormonelle Verh\u00fctungsl\u00f6sung - Transtoyou","description":"Evra-Patch, eine praktische Verh\u00fctungsoption, stoppt den Eisprung und verhindert Schwangerschaften. Jetzt f\u00fcr effektive, w\u00f6chentliche Hormonkontrolle einkaufen.","robots":{"index":"noindex","follow":"follow","max-snippet":"max-snippet:-1","max-image-preview":"max-image-preview:large","max-video-preview":"max-video-preview:-1"},"og_locale":"de_DE","og_type":"article","og_title":"Evra-Pflaster | Hormonelle Verh\u00fctungsl\u00f6sung - Transtoyou","og_description":"Evra-Patch, eine praktische Verh\u00fctungsoption, stoppt den Eisprung und verhindert Schwangerschaften. Jetzt f\u00fcr effektive, w\u00f6chentliche Hormonkontrolle einkaufen.","og_url":"https:\/\/www.transtoyou.com\/de\/product\/evra-patch\/","og_site_name":"Transtoyou - DE","article_modified_time":"2026-02-16T08:40:09+00:00","twitter_card":"summary_large_image","twitter_misc":{"Gesch\u00e4tzte Lesezeit":"1\u00a0Minute"},"schema":{"@context":"https:\/\/schema.org","@graph":[{"@type":"WebPage","@id":"https:\/\/www.transtoyou.com\/de\/product\/evra-patch\/","url":"https:\/\/www.transtoyou.com\/de\/product\/evra-patch\/","name":"Evra-Pflaster | Hormonelle Verh\u00fctungsl\u00f6sung - Transtoyou","isPartOf":{"@id":"https:\/\/www.transtoyou.com\/de\/#website"},"primaryImageOfPage":{"@id":"https:\/\/www.transtoyou.com\/de\/product\/evra-patch\/#primaryimage"},"image":{"@id":"https:\/\/www.transtoyou.com\/de\/product\/evra-patch\/#primaryimage"},"thumbnailUrl":"https:\/\/www.transtoyou.com\/de\/wp-content\/uploads\/sites\/4\/2026\/01\/tty-no-product-image-136.webp","datePublished":"2026-01-25T01:57:43+00:00","dateModified":"2026-02-16T08:40:09+00:00","description":"Evra-Patch, eine praktische Verh\u00fctungsoption, stoppt den Eisprung und verhindert Schwangerschaften. Jetzt f\u00fcr effektive, w\u00f6chentliche Hormonkontrolle einkaufen.","breadcrumb":{"@id":"https:\/\/www.transtoyou.com\/de\/product\/evra-patch\/#breadcrumb"},"inLanguage":"de","potentialAction":[{"@type":"ReadAction","target":["https:\/\/www.transtoyou.com\/de\/product\/evra-patch\/"]}]},{"@type":"ImageObject","inLanguage":"de","@id":"https:\/\/www.transtoyou.com\/de\/product\/evra-patch\/#primaryimage","url":"https:\/\/www.transtoyou.com\/de\/wp-content\/uploads\/sites\/4\/2026\/01\/tty-no-product-image-136.webp","contentUrl":"https:\/\/www.transtoyou.com\/de\/wp-content\/uploads\/sites\/4\/2026\/01\/tty-no-product-image-136.webp","width":1000,"height":1000,"caption":"Standardproduktbild"},{"@type":"WebSite","@id":"https:\/\/www.transtoyou.com\/de\/#website","url":"https:\/\/www.transtoyou.com\/de\/","name":"Transtoyou - DE","description":"DE","publisher":{"@id":"https:\/\/www.transtoyou.com\/de\/#organization"},"potentialAction":[{"@type":"SearchAction","target":{"@type":"EntryPoint","urlTemplate":"https:\/\/www.transtoyou.com\/de\/?s={search_term_string}"},"query-input":{"@type":"PropertyValueSpecification","valueRequired":true,"valueName":"search_term_string"}}],"inLanguage":"de"},{"@type":"Organization","@id":"https:\/\/www.transtoyou.com\/de\/#organization","name":"Transtoyou - DE","url":"https:\/\/www.transtoyou.com\/de\/","logo":{"@type":"ImageObject","inLanguage":"de","@id":"https:\/\/www.transtoyou.com\/de\/#\/schema\/logo\/image\/","url":"https:\/\/www.transtoyou.com\/de\/wp-content\/uploads\/sites\/4\/2026\/01\/logo-tty-menu-bar-300x87-1.webp","contentUrl":"https:\/\/www.transtoyou.com\/de\/wp-content\/uploads\/sites\/4\/2026\/01\/logo-tty-menu-bar-300x87-1.webp","width":300,"height":87,"caption":"Transtoyou - DE"},"image":{"@id":"https:\/\/www.transtoyou.com\/de\/#\/schema\/logo\/image\/"}}]}},"_links":{"self":[{"href":"https:\/\/www.transtoyou.com\/de\/wp-json\/wp\/v2\/product\/1133","targetHints":{"allow":["GET"]}}],"collection":[{"href":"https:\/\/www.transtoyou.com\/de\/wp-json\/wp\/v2\/product"}],"about":[{"href":"https:\/\/www.transtoyou.com\/de\/wp-json\/wp\/v2\/types\/product"}],"replies":[{"embeddable":true,"href":"https:\/\/www.transtoyou.com\/de\/wp-json\/wp\/v2\/comments?post=1133"}],"wp:featuredmedia":[{"embeddable":true,"href":"https:\/\/www.transtoyou.com\/de\/wp-json\/wp\/v2\/media\/1135"}],"wp:attachment":[{"href":"https:\/\/www.transtoyou.com\/de\/wp-json\/wp\/v2\/media?parent=1133"}],"wp:term":[{"taxonomy":"product_brand","embeddable":true,"href":"https:\/\/www.transtoyou.com\/de\/wp-json\/wp\/v2\/product_brand?post=1133"},{"taxonomy":"product_cat","embeddable":true,"href":"https:\/\/www.transtoyou.com\/de\/wp-json\/wp\/v2\/product_cat?post=1133"},{"taxonomy":"product_tag","embeddable":true,"href":"https:\/\/www.transtoyou.com\/de\/wp-json\/wp\/v2\/product_tag?post=1133"},{"taxonomy":"expert","embeddable":true,"href":"https:\/\/www.transtoyou.com\/de\/wp-json\/wp\/v2\/expert?post=1133"}],"curies":[{"name":"wp","href":"https:\/\/api.w.org\/{rel}","templated":true}]}}