{"id":1136,"date":"2026-01-25T04:13:06","date_gmt":"2026-01-25T02:13:06","guid":{"rendered":"https:\/\/www.transtoyou.com\/de\/product\/microgynon-30\/"},"modified":"2026-01-25T04:13:59","modified_gmt":"2026-01-25T02:13:59","slug":"microgynon-30","status":"publish","type":"product","link":"https:\/\/www.transtoyou.com\/de\/product\/microgynon-30\/","title":{"rendered":"Microgynon 30"},"content":{"rendered":"<p>Microgynon 30 ist ein kombiniertes orales Kontrazeptivum (KOK), das Ethinylestradiol (0,03 mg) und Levonorgestrel (0,15 mg) enth\u00e4lt. Es wirkt haupts\u00e4chlich, indem es den Eisprung hemmt, was bedeutet, dass die Freisetzung eines Eies aus den Eierst\u00f6cken verhindert wird. Dar\u00fcber hinaus verdickt es den Zervixschleim, wodurch es f\u00fcr Spermien schwieriger wird, die Geb\u00e4rmutter zu erreichen, und ver\u00e4ndert die Geb\u00e4rmutterschleimhaut, um sie weniger geeignet f\u00fcr die Einnistung zu machen.<\/p>\n<p>Diese Kombinationspille wird haupts\u00e4chlich zur Verh\u00fctung eingesetzt, ist aber auch zur Behandlung von Menstruationsst\u00f6rungen wie Dysmenorrhoe (schmerzhafte Perioden), Endometriose oder ovulationsbedingten Schmerzen angezeigt.<\/p>\n<p>Durch die Regulierung der Hormonspiegel stabilisiert Microgynon 30 den Menstruationszyklus, was oft zu leichteren und vorhersehbareren Perioden f\u00fchrt. Es kann Menstruationsschmerzen und starke Blutungen reduzieren und helfen, hormonelle Symptome wie Akne oder PMS zu bew\u00e4ltigen. Au\u00dferdem senkt es das Risiko von Eierstockzysten und verringert die Wahrscheinlichkeit, an Geb\u00e4rmutter- oder Eierstockkrebs zu erkranken.<\/p>\n<p>Einer der Hauptvorteile von Microgynon 30 ist die hohe Verh\u00fctungssicherheit bei korrekter Einnahme. Es kann auch zu einer Verbesserung des Hautbildes, weniger pr\u00e4menstruellen Symptomen und einer Verringerung der An\u00e4mie aufgrund von Menstruationsblutverlust f\u00fchren.<\/p>\n<p>Dieses Medikament ist f\u00fcr Erwachsene geeignet, die eine zuverl\u00e4ssige Verh\u00fctung oder therapeutische Behandlung von Menstruations- oder Fortpflanzungsst\u00f6rungen ben\u00f6tigen. Es ist nicht geeignet f\u00fcr Personen mit bestimmten medizinischen Bedingungen, einschlie\u00dflich einer Vorgeschichte von Thromboembolien, hormonabh\u00e4ngigen Krebserkrankungen oder schweren Lebererkrankungen.<\/p>\n","protected":false},"excerpt":{"rendered":"<ul>\n<li>Zuverl\u00e4ssliche t\u00e4gliche Antibabypille<\/li>\n<li>Hilft, den Menstruationszyklus zu regulieren<\/li>\n<li>Kann periodenbedingte Symptome reduzieren<\/li>\n<\/ul>\n","protected":false},"featured_media":1138,"comment_status":"open","ping_status":"closed","template":"","meta":[],"product_brand":[],"product_cat":[115,97],"product_tag":[],"expert":[17],"class_list":{"0":"post-1136","1":"product","2":"type-product","3":"status-publish","4":"has-post-thumbnail","6":"product_cat-endometriose","7":"product_cat-kombinationspille","8":"expert-dr-c-munoz-parada","10":"first","11":"instock","12":"shipping-taxable","13":"product-type-variable"},"yoast_head":"<!-- This site is optimized with the Yoast SEO plugin v27.0 - https:\/\/yoast.com\/product\/yoast-seo-wordpress\/ -->\n<title>Microgynon 30 | Vertrauensw\u00fcrdige Verh\u00fctungswahl - Transtoyou<\/title>\n<meta name=\"description\" content=\"Microgynon 30, eine vertrauensw\u00fcrdige L\u00f6sung f\u00fcr Verh\u00fctung und Menstruationsbeschwerden, hier erh\u00e4ltlich. Jetzt einkaufen f\u00fcr ausgewogene Hormone und regelm\u00e4\u00dfige Zyklen.\" \/>\n<meta name=\"robots\" content=\"noindex, follow, max-snippet:-1, max-image-preview:large, max-video-preview:-1\" \/>\n<meta property=\"og:locale\" content=\"de_DE\" \/>\n<meta property=\"og:type\" content=\"article\" \/>\n<meta property=\"og:title\" content=\"Microgynon 30 | Vertrauensw\u00fcrdige Verh\u00fctungswahl - Transtoyou\" \/>\n<meta property=\"og:description\" content=\"Microgynon 30, eine vertrauensw\u00fcrdige L\u00f6sung f\u00fcr Verh\u00fctung und Menstruationsbeschwerden, hier erh\u00e4ltlich. Jetzt einkaufen f\u00fcr ausgewogene Hormone und regelm\u00e4\u00dfige Zyklen.\" \/>\n<meta property=\"og:url\" content=\"https:\/\/www.transtoyou.com\/de\/product\/microgynon-30\/\" \/>\n<meta property=\"og:site_name\" content=\"Transtoyou - DE\" \/>\n<meta property=\"article:modified_time\" content=\"2026-01-25T02:13:59+00:00\" \/>\n<meta name=\"twitter:card\" content=\"summary_large_image\" \/>\n<meta name=\"twitter:label1\" content=\"Gesch\u00e4tzte Lesezeit\" \/>\n\t<meta name=\"twitter:data1\" content=\"1\u00a0Minute\" \/>\n<script type=\"application\/ld+json\" class=\"yoast-schema-graph\">{\"@context\":\"https:\/\/schema.org\",\"@graph\":[{\"@type\":\"WebPage\",\"@id\":\"https:\/\/www.transtoyou.com\/de\/product\/microgynon-30\/\",\"url\":\"https:\/\/www.transtoyou.com\/de\/product\/microgynon-30\/\",\"name\":\"Microgynon 30 | Vertrauensw\u00fcrdige Verh\u00fctungswahl - Transtoyou\",\"isPartOf\":{\"@id\":\"https:\/\/www.transtoyou.com\/de\/#website\"},\"primaryImageOfPage\":{\"@id\":\"https:\/\/www.transtoyou.com\/de\/product\/microgynon-30\/#primaryimage\"},\"image\":{\"@id\":\"https:\/\/www.transtoyou.com\/de\/product\/microgynon-30\/#primaryimage\"},\"thumbnailUrl\":\"https:\/\/www.transtoyou.com\/de\/wp-content\/uploads\/sites\/4\/2026\/01\/tty-no-product-image-137.webp\",\"datePublished\":\"2026-01-25T02:13:06+00:00\",\"dateModified\":\"2026-01-25T02:13:59+00:00\",\"description\":\"Microgynon 30, eine vertrauensw\u00fcrdige L\u00f6sung f\u00fcr Verh\u00fctung und Menstruationsbeschwerden, hier erh\u00e4ltlich. Jetzt einkaufen f\u00fcr ausgewogene Hormone und regelm\u00e4\u00dfige Zyklen.\",\"breadcrumb\":{\"@id\":\"https:\/\/www.transtoyou.com\/de\/product\/microgynon-30\/#breadcrumb\"},\"inLanguage\":\"de\",\"potentialAction\":[{\"@type\":\"ReadAction\",\"target\":[\"https:\/\/www.transtoyou.com\/de\/product\/microgynon-30\/\"]}]},{\"@type\":\"ImageObject\",\"inLanguage\":\"de\",\"@id\":\"https:\/\/www.transtoyou.com\/de\/product\/microgynon-30\/#primaryimage\",\"url\":\"https:\/\/www.transtoyou.com\/de\/wp-content\/uploads\/sites\/4\/2026\/01\/tty-no-product-image-137.webp\",\"contentUrl\":\"https:\/\/www.transtoyou.com\/de\/wp-content\/uploads\/sites\/4\/2026\/01\/tty-no-product-image-137.webp\",\"width\":1000,\"height\":1000,\"caption\":\"Standardproduktbild\"},{\"@type\":\"WebSite\",\"@id\":\"https:\/\/www.transtoyou.com\/de\/#website\",\"url\":\"https:\/\/www.transtoyou.com\/de\/\",\"name\":\"Transtoyou - DE\",\"description\":\"DE\",\"publisher\":{\"@id\":\"https:\/\/www.transtoyou.com\/de\/#organization\"},\"potentialAction\":[{\"@type\":\"SearchAction\",\"target\":{\"@type\":\"EntryPoint\",\"urlTemplate\":\"https:\/\/www.transtoyou.com\/de\/?s={search_term_string}\"},\"query-input\":{\"@type\":\"PropertyValueSpecification\",\"valueRequired\":true,\"valueName\":\"search_term_string\"}}],\"inLanguage\":\"de\"},{\"@type\":\"Organization\",\"@id\":\"https:\/\/www.transtoyou.com\/de\/#organization\",\"name\":\"Transtoyou - DE\",\"url\":\"https:\/\/www.transtoyou.com\/de\/\",\"logo\":{\"@type\":\"ImageObject\",\"inLanguage\":\"de\",\"@id\":\"https:\/\/www.transtoyou.com\/de\/#\/schema\/logo\/image\/\",\"url\":\"https:\/\/www.transtoyou.com\/de\/wp-content\/uploads\/sites\/4\/2026\/01\/logo-tty-menu-bar-300x87-1.webp\",\"contentUrl\":\"https:\/\/www.transtoyou.com\/de\/wp-content\/uploads\/sites\/4\/2026\/01\/logo-tty-menu-bar-300x87-1.webp\",\"width\":300,\"height\":87,\"caption\":\"Transtoyou - DE\"},\"image\":{\"@id\":\"https:\/\/www.transtoyou.com\/de\/#\/schema\/logo\/image\/\"}}]}<\/script>\n<!-- \/ Yoast SEO plugin. -->","yoast_head_json":{"title":"Microgynon 30 | Vertrauensw\u00fcrdige Verh\u00fctungswahl - Transtoyou","description":"Microgynon 30, eine vertrauensw\u00fcrdige L\u00f6sung f\u00fcr Verh\u00fctung und Menstruationsbeschwerden, hier erh\u00e4ltlich. Jetzt einkaufen f\u00fcr ausgewogene Hormone und regelm\u00e4\u00dfige Zyklen.","robots":{"index":"noindex","follow":"follow","max-snippet":"max-snippet:-1","max-image-preview":"max-image-preview:large","max-video-preview":"max-video-preview:-1"},"og_locale":"de_DE","og_type":"article","og_title":"Microgynon 30 | Vertrauensw\u00fcrdige Verh\u00fctungswahl - Transtoyou","og_description":"Microgynon 30, eine vertrauensw\u00fcrdige L\u00f6sung f\u00fcr Verh\u00fctung und Menstruationsbeschwerden, hier erh\u00e4ltlich. Jetzt einkaufen f\u00fcr ausgewogene Hormone und regelm\u00e4\u00dfige Zyklen.","og_url":"https:\/\/www.transtoyou.com\/de\/product\/microgynon-30\/","og_site_name":"Transtoyou - DE","article_modified_time":"2026-01-25T02:13:59+00:00","twitter_card":"summary_large_image","twitter_misc":{"Gesch\u00e4tzte Lesezeit":"1\u00a0Minute"},"schema":{"@context":"https:\/\/schema.org","@graph":[{"@type":"WebPage","@id":"https:\/\/www.transtoyou.com\/de\/product\/microgynon-30\/","url":"https:\/\/www.transtoyou.com\/de\/product\/microgynon-30\/","name":"Microgynon 30 | Vertrauensw\u00fcrdige Verh\u00fctungswahl - Transtoyou","isPartOf":{"@id":"https:\/\/www.transtoyou.com\/de\/#website"},"primaryImageOfPage":{"@id":"https:\/\/www.transtoyou.com\/de\/product\/microgynon-30\/#primaryimage"},"image":{"@id":"https:\/\/www.transtoyou.com\/de\/product\/microgynon-30\/#primaryimage"},"thumbnailUrl":"https:\/\/www.transtoyou.com\/de\/wp-content\/uploads\/sites\/4\/2026\/01\/tty-no-product-image-137.webp","datePublished":"2026-01-25T02:13:06+00:00","dateModified":"2026-01-25T02:13:59+00:00","description":"Microgynon 30, eine vertrauensw\u00fcrdige L\u00f6sung f\u00fcr Verh\u00fctung und Menstruationsbeschwerden, hier erh\u00e4ltlich. Jetzt einkaufen f\u00fcr ausgewogene Hormone und regelm\u00e4\u00dfige Zyklen.","breadcrumb":{"@id":"https:\/\/www.transtoyou.com\/de\/product\/microgynon-30\/#breadcrumb"},"inLanguage":"de","potentialAction":[{"@type":"ReadAction","target":["https:\/\/www.transtoyou.com\/de\/product\/microgynon-30\/"]}]},{"@type":"ImageObject","inLanguage":"de","@id":"https:\/\/www.transtoyou.com\/de\/product\/microgynon-30\/#primaryimage","url":"https:\/\/www.transtoyou.com\/de\/wp-content\/uploads\/sites\/4\/2026\/01\/tty-no-product-image-137.webp","contentUrl":"https:\/\/www.transtoyou.com\/de\/wp-content\/uploads\/sites\/4\/2026\/01\/tty-no-product-image-137.webp","width":1000,"height":1000,"caption":"Standardproduktbild"},{"@type":"WebSite","@id":"https:\/\/www.transtoyou.com\/de\/#website","url":"https:\/\/www.transtoyou.com\/de\/","name":"Transtoyou - DE","description":"DE","publisher":{"@id":"https:\/\/www.transtoyou.com\/de\/#organization"},"potentialAction":[{"@type":"SearchAction","target":{"@type":"EntryPoint","urlTemplate":"https:\/\/www.transtoyou.com\/de\/?s={search_term_string}"},"query-input":{"@type":"PropertyValueSpecification","valueRequired":true,"valueName":"search_term_string"}}],"inLanguage":"de"},{"@type":"Organization","@id":"https:\/\/www.transtoyou.com\/de\/#organization","name":"Transtoyou - DE","url":"https:\/\/www.transtoyou.com\/de\/","logo":{"@type":"ImageObject","inLanguage":"de","@id":"https:\/\/www.transtoyou.com\/de\/#\/schema\/logo\/image\/","url":"https:\/\/www.transtoyou.com\/de\/wp-content\/uploads\/sites\/4\/2026\/01\/logo-tty-menu-bar-300x87-1.webp","contentUrl":"https:\/\/www.transtoyou.com\/de\/wp-content\/uploads\/sites\/4\/2026\/01\/logo-tty-menu-bar-300x87-1.webp","width":300,"height":87,"caption":"Transtoyou - DE"},"image":{"@id":"https:\/\/www.transtoyou.com\/de\/#\/schema\/logo\/image\/"}}]}},"_links":{"self":[{"href":"https:\/\/www.transtoyou.com\/de\/wp-json\/wp\/v2\/product\/1136","targetHints":{"allow":["GET"]}}],"collection":[{"href":"https:\/\/www.transtoyou.com\/de\/wp-json\/wp\/v2\/product"}],"about":[{"href":"https:\/\/www.transtoyou.com\/de\/wp-json\/wp\/v2\/types\/product"}],"replies":[{"embeddable":true,"href":"https:\/\/www.transtoyou.com\/de\/wp-json\/wp\/v2\/comments?post=1136"}],"wp:featuredmedia":[{"embeddable":true,"href":"https:\/\/www.transtoyou.com\/de\/wp-json\/wp\/v2\/media\/1138"}],"wp:attachment":[{"href":"https:\/\/www.transtoyou.com\/de\/wp-json\/wp\/v2\/media?parent=1136"}],"wp:term":[{"taxonomy":"product_brand","embeddable":true,"href":"https:\/\/www.transtoyou.com\/de\/wp-json\/wp\/v2\/product_brand?post=1136"},{"taxonomy":"product_cat","embeddable":true,"href":"https:\/\/www.transtoyou.com\/de\/wp-json\/wp\/v2\/product_cat?post=1136"},{"taxonomy":"product_tag","embeddable":true,"href":"https:\/\/www.transtoyou.com\/de\/wp-json\/wp\/v2\/product_tag?post=1136"},{"taxonomy":"expert","embeddable":true,"href":"https:\/\/www.transtoyou.com\/de\/wp-json\/wp\/v2\/expert?post=1136"}],"curies":[{"name":"wp","href":"https:\/\/api.w.org\/{rel}","templated":true}]}}