{"id":1148,"date":"2026-01-25T05:20:31","date_gmt":"2026-01-25T03:20:31","guid":{"rendered":"https:\/\/www.transtoyou.com\/de\/product\/nystan\/"},"modified":"2026-02-28T13:32:12","modified_gmt":"2026-02-28T11:32:12","slug":"nystan","status":"publish","type":"product","link":"https:\/\/www.transtoyou.com\/de\/product\/nystan\/","title":{"rendered":"Nystan"},"content":{"rendered":"<p>Nystan, das den Wirkstoff Nystatin enth\u00e4lt, ist ein Antimykotikum zur Behandlung von Infektionen, die durch Candida verursacht werden, eine Art von Hefe, die h\u00e4ufig die Haut und Schleimh\u00e4ute betrifft. Es ist besonders wirksam bei der Behandlung von lokalisierten Pilzinfektionen wie Mundsoor, intestinaler Candidiasis und vaginalen Hefepilzinfektionen.<\/p>\n<p>Nystatin wirkt, indem es an die Zellmembran der Hefe bindet und L\u00f6cher schafft, die dazu f\u00fchren, dass der Zellinhalt austritt. Diese gezielte Wirkung t\u00f6tet den Pilz ab und verhindert weiteres Wachstum, sodass das betroffene Gewebe heilen und die Symptome abklingen k\u00f6nnen. Da es nur in dem Bereich wirkt, in dem es aufgetragen oder eingenommen wird, gilt Nystatin als lokale Behandlung und wird nicht signifikant in den Blutkreislauf aufgenommen.<\/p>\n<p>Bei vaginalen Infektionen wird Nystan eingesetzt, um Juckreiz, Reizungen und abnormalen Ausfluss, die mit vaginalem Soor verbunden sind, zu lindern.<\/p>\n<p>Nystatin wird auch als orale Suspension oder Lutschtabletten verwendet, um orale Candida-Infektionen (Soor) zu behandeln, insbesondere bei Patienten, die inhalative Steroide verwenden, Zahnprothesen tragen oder eine geschw\u00e4chte Immunit\u00e4t haben. Bei Verschreibung zur Behandlung von intestinaler Candidiasis hilft es, das \u00dcberwachsen von Hefepilzen im Verdauungstrakt zu kontrollieren.<\/p>\n<p>Nystan wird im Allgemeinen gut vertragen, Nebenwirkungen sind selten, k\u00f6nnen jedoch leichte gastrointestinale Beschwerden oder lokale Reizungen umfassen.<\/p>\n","protected":false},"excerpt":{"rendered":"<ul>\n<li>Zielt auf lokale Candida-\u00dcberwucherung ab<\/li>\n<li>Sanfte, nicht-systemische antimykotische Behandlung<\/li>\n<li>Lindert Mundsoor und Hefepilzinfektionen<\/li>\n<\/ul>\n","protected":false},"featured_media":1150,"comment_status":"open","ping_status":"closed","template":"","meta":[],"product_brand":[],"product_cat":[92,177],"product_tag":[],"expert":[16],"class_list":{"0":"post-1148","1":"product","2":"type-product","3":"status-publish","4":"has-post-thumbnail","6":"product_cat-candida","7":"product_cat-vaginale-infektionen-antimykotika","8":"expert-dr-c-alexandru","10":"first","11":"instock","12":"shipping-taxable","13":"product-type-variable"},"yoast_head":"<!-- This site is optimized with the Yoast SEO plugin v27.0 - https:\/\/yoast.com\/product\/yoast-seo-wordpress\/ -->\n<title>Nystan | Effektive Antimykotische L\u00f6sung - Transtoyou<\/title>\n<meta name=\"description\" content=\"Nystan behandelt Candida-Infektionen wie Mundsoor und vaginale Hefepilz. Jetzt kaufen f\u00fcr effektive Linderung bei Transtoyou.\" \/>\n<meta name=\"robots\" content=\"noindex, follow, max-snippet:-1, max-image-preview:large, max-video-preview:-1\" \/>\n<meta property=\"og:locale\" content=\"de_DE\" \/>\n<meta property=\"og:type\" content=\"article\" \/>\n<meta property=\"og:title\" content=\"Nystan | Effektive Antimykotische L\u00f6sung - Transtoyou\" \/>\n<meta property=\"og:description\" content=\"Nystan behandelt Candida-Infektionen wie Mundsoor und vaginale Hefepilz. Jetzt kaufen f\u00fcr effektive Linderung bei Transtoyou.\" \/>\n<meta property=\"og:url\" content=\"https:\/\/www.transtoyou.com\/de\/product\/nystan\/\" \/>\n<meta property=\"og:site_name\" content=\"Transtoyou - DE\" \/>\n<meta property=\"article:modified_time\" content=\"2026-02-28T11:32:12+00:00\" \/>\n<meta name=\"twitter:card\" content=\"summary_large_image\" \/>\n<meta name=\"twitter:label1\" content=\"Gesch\u00e4tzte Lesezeit\" \/>\n\t<meta name=\"twitter:data1\" content=\"1\u00a0Minute\" \/>\n<script type=\"application\/ld+json\" class=\"yoast-schema-graph\">{\"@context\":\"https:\/\/schema.org\",\"@graph\":[{\"@type\":\"WebPage\",\"@id\":\"https:\/\/www.transtoyou.com\/de\/product\/nystan\/\",\"url\":\"https:\/\/www.transtoyou.com\/de\/product\/nystan\/\",\"name\":\"Nystan | Effektive Antimykotische L\u00f6sung - Transtoyou\",\"isPartOf\":{\"@id\":\"https:\/\/www.transtoyou.com\/de\/#website\"},\"primaryImageOfPage\":{\"@id\":\"https:\/\/www.transtoyou.com\/de\/product\/nystan\/#primaryimage\"},\"image\":{\"@id\":\"https:\/\/www.transtoyou.com\/de\/product\/nystan\/#primaryimage\"},\"thumbnailUrl\":\"https:\/\/www.transtoyou.com\/de\/wp-content\/uploads\/sites\/4\/2026\/01\/tty-no-product-image-141.webp\",\"datePublished\":\"2026-01-25T03:20:31+00:00\",\"dateModified\":\"2026-02-28T11:32:12+00:00\",\"description\":\"Nystan behandelt Candida-Infektionen wie Mundsoor und vaginale Hefepilz. Jetzt kaufen f\u00fcr effektive Linderung bei Transtoyou.\",\"breadcrumb\":{\"@id\":\"https:\/\/www.transtoyou.com\/de\/product\/nystan\/#breadcrumb\"},\"inLanguage\":\"de\",\"potentialAction\":[{\"@type\":\"ReadAction\",\"target\":[\"https:\/\/www.transtoyou.com\/de\/product\/nystan\/\"]}]},{\"@type\":\"ImageObject\",\"inLanguage\":\"de\",\"@id\":\"https:\/\/www.transtoyou.com\/de\/product\/nystan\/#primaryimage\",\"url\":\"https:\/\/www.transtoyou.com\/de\/wp-content\/uploads\/sites\/4\/2026\/01\/tty-no-product-image-141.webp\",\"contentUrl\":\"https:\/\/www.transtoyou.com\/de\/wp-content\/uploads\/sites\/4\/2026\/01\/tty-no-product-image-141.webp\",\"width\":1000,\"height\":1000,\"caption\":\"Standardproduktbild\"},{\"@type\":\"WebSite\",\"@id\":\"https:\/\/www.transtoyou.com\/de\/#website\",\"url\":\"https:\/\/www.transtoyou.com\/de\/\",\"name\":\"Transtoyou - DE\",\"description\":\"DE\",\"publisher\":{\"@id\":\"https:\/\/www.transtoyou.com\/de\/#organization\"},\"potentialAction\":[{\"@type\":\"SearchAction\",\"target\":{\"@type\":\"EntryPoint\",\"urlTemplate\":\"https:\/\/www.transtoyou.com\/de\/?s={search_term_string}\"},\"query-input\":{\"@type\":\"PropertyValueSpecification\",\"valueRequired\":true,\"valueName\":\"search_term_string\"}}],\"inLanguage\":\"de\"},{\"@type\":\"Organization\",\"@id\":\"https:\/\/www.transtoyou.com\/de\/#organization\",\"name\":\"Transtoyou - DE\",\"url\":\"https:\/\/www.transtoyou.com\/de\/\",\"logo\":{\"@type\":\"ImageObject\",\"inLanguage\":\"de\",\"@id\":\"https:\/\/www.transtoyou.com\/de\/#\/schema\/logo\/image\/\",\"url\":\"https:\/\/www.transtoyou.com\/de\/wp-content\/uploads\/sites\/4\/2026\/01\/logo-tty-menu-bar-300x87-1.webp\",\"contentUrl\":\"https:\/\/www.transtoyou.com\/de\/wp-content\/uploads\/sites\/4\/2026\/01\/logo-tty-menu-bar-300x87-1.webp\",\"width\":300,\"height\":87,\"caption\":\"Transtoyou - DE\"},\"image\":{\"@id\":\"https:\/\/www.transtoyou.com\/de\/#\/schema\/logo\/image\/\"}}]}<\/script>\n<!-- \/ Yoast SEO plugin. -->","yoast_head_json":{"title":"Nystan | Effektive Antimykotische L\u00f6sung - Transtoyou","description":"Nystan behandelt Candida-Infektionen wie Mundsoor und vaginale Hefepilz. Jetzt kaufen f\u00fcr effektive Linderung bei Transtoyou.","robots":{"index":"noindex","follow":"follow","max-snippet":"max-snippet:-1","max-image-preview":"max-image-preview:large","max-video-preview":"max-video-preview:-1"},"og_locale":"de_DE","og_type":"article","og_title":"Nystan | Effektive Antimykotische L\u00f6sung - Transtoyou","og_description":"Nystan behandelt Candida-Infektionen wie Mundsoor und vaginale Hefepilz. Jetzt kaufen f\u00fcr effektive Linderung bei Transtoyou.","og_url":"https:\/\/www.transtoyou.com\/de\/product\/nystan\/","og_site_name":"Transtoyou - DE","article_modified_time":"2026-02-28T11:32:12+00:00","twitter_card":"summary_large_image","twitter_misc":{"Gesch\u00e4tzte Lesezeit":"1\u00a0Minute"},"schema":{"@context":"https:\/\/schema.org","@graph":[{"@type":"WebPage","@id":"https:\/\/www.transtoyou.com\/de\/product\/nystan\/","url":"https:\/\/www.transtoyou.com\/de\/product\/nystan\/","name":"Nystan | Effektive Antimykotische L\u00f6sung - Transtoyou","isPartOf":{"@id":"https:\/\/www.transtoyou.com\/de\/#website"},"primaryImageOfPage":{"@id":"https:\/\/www.transtoyou.com\/de\/product\/nystan\/#primaryimage"},"image":{"@id":"https:\/\/www.transtoyou.com\/de\/product\/nystan\/#primaryimage"},"thumbnailUrl":"https:\/\/www.transtoyou.com\/de\/wp-content\/uploads\/sites\/4\/2026\/01\/tty-no-product-image-141.webp","datePublished":"2026-01-25T03:20:31+00:00","dateModified":"2026-02-28T11:32:12+00:00","description":"Nystan behandelt Candida-Infektionen wie Mundsoor und vaginale Hefepilz. Jetzt kaufen f\u00fcr effektive Linderung bei Transtoyou.","breadcrumb":{"@id":"https:\/\/www.transtoyou.com\/de\/product\/nystan\/#breadcrumb"},"inLanguage":"de","potentialAction":[{"@type":"ReadAction","target":["https:\/\/www.transtoyou.com\/de\/product\/nystan\/"]}]},{"@type":"ImageObject","inLanguage":"de","@id":"https:\/\/www.transtoyou.com\/de\/product\/nystan\/#primaryimage","url":"https:\/\/www.transtoyou.com\/de\/wp-content\/uploads\/sites\/4\/2026\/01\/tty-no-product-image-141.webp","contentUrl":"https:\/\/www.transtoyou.com\/de\/wp-content\/uploads\/sites\/4\/2026\/01\/tty-no-product-image-141.webp","width":1000,"height":1000,"caption":"Standardproduktbild"},{"@type":"WebSite","@id":"https:\/\/www.transtoyou.com\/de\/#website","url":"https:\/\/www.transtoyou.com\/de\/","name":"Transtoyou - DE","description":"DE","publisher":{"@id":"https:\/\/www.transtoyou.com\/de\/#organization"},"potentialAction":[{"@type":"SearchAction","target":{"@type":"EntryPoint","urlTemplate":"https:\/\/www.transtoyou.com\/de\/?s={search_term_string}"},"query-input":{"@type":"PropertyValueSpecification","valueRequired":true,"valueName":"search_term_string"}}],"inLanguage":"de"},{"@type":"Organization","@id":"https:\/\/www.transtoyou.com\/de\/#organization","name":"Transtoyou - DE","url":"https:\/\/www.transtoyou.com\/de\/","logo":{"@type":"ImageObject","inLanguage":"de","@id":"https:\/\/www.transtoyou.com\/de\/#\/schema\/logo\/image\/","url":"https:\/\/www.transtoyou.com\/de\/wp-content\/uploads\/sites\/4\/2026\/01\/logo-tty-menu-bar-300x87-1.webp","contentUrl":"https:\/\/www.transtoyou.com\/de\/wp-content\/uploads\/sites\/4\/2026\/01\/logo-tty-menu-bar-300x87-1.webp","width":300,"height":87,"caption":"Transtoyou - DE"},"image":{"@id":"https:\/\/www.transtoyou.com\/de\/#\/schema\/logo\/image\/"}}]}},"_links":{"self":[{"href":"https:\/\/www.transtoyou.com\/de\/wp-json\/wp\/v2\/product\/1148","targetHints":{"allow":["GET"]}}],"collection":[{"href":"https:\/\/www.transtoyou.com\/de\/wp-json\/wp\/v2\/product"}],"about":[{"href":"https:\/\/www.transtoyou.com\/de\/wp-json\/wp\/v2\/types\/product"}],"replies":[{"embeddable":true,"href":"https:\/\/www.transtoyou.com\/de\/wp-json\/wp\/v2\/comments?post=1148"}],"wp:featuredmedia":[{"embeddable":true,"href":"https:\/\/www.transtoyou.com\/de\/wp-json\/wp\/v2\/media\/1150"}],"wp:attachment":[{"href":"https:\/\/www.transtoyou.com\/de\/wp-json\/wp\/v2\/media?parent=1148"}],"wp:term":[{"taxonomy":"product_brand","embeddable":true,"href":"https:\/\/www.transtoyou.com\/de\/wp-json\/wp\/v2\/product_brand?post=1148"},{"taxonomy":"product_cat","embeddable":true,"href":"https:\/\/www.transtoyou.com\/de\/wp-json\/wp\/v2\/product_cat?post=1148"},{"taxonomy":"product_tag","embeddable":true,"href":"https:\/\/www.transtoyou.com\/de\/wp-json\/wp\/v2\/product_tag?post=1148"},{"taxonomy":"expert","embeddable":true,"href":"https:\/\/www.transtoyou.com\/de\/wp-json\/wp\/v2\/expert?post=1148"}],"curies":[{"name":"wp","href":"https:\/\/api.w.org\/{rel}","templated":true}]}}