{"id":1166,"date":"2026-01-25T07:05:35","date_gmt":"2026-01-25T05:05:35","guid":{"rendered":"https:\/\/www.transtoyou.com\/de\/product\/seretide\/"},"modified":"2026-03-05T11:48:11","modified_gmt":"2026-03-05T09:48:11","slug":"seretid","status":"publish","type":"product","link":"https:\/\/www.transtoyou.com\/de\/product\/seretid\/","title":{"rendered":"Seretide"},"content":{"rendered":"<p>Seretide ist ein Kombinationsinhalator, der zur langfristigen Behandlung von Asthma und chronisch obstruktiver Lungenerkrankung (COPD) eingesetzt wird. Er enth\u00e4lt zwei Wirkstoffe: Salmeterol, ein langwirksamer Bronchodilatator, und Fluticason, ein Kortikosteroid. Zusammen sorgen sie daf\u00fcr, dass die Atemwege offen bleiben und die Entz\u00fcndung in den Lungen verringert wird, was den Menschen hilft, t\u00e4glich leichter zu atmen.<\/p>\n<p>Salmeterol hilft, die Muskeln um die Atemwege zu entspannen, was den Luftstrom verbessert und Symptome wie Keuchen, Engegef\u00fchl in der Brust und Atemnot verringert. Fluticason hingegen reduziert Schwellungen und Entz\u00fcndungen in den Lungen, was entscheidend ist, um die zugrunde liegenden Ursachen von Asthma- und COPD-Symptomen zu kontrollieren.<\/p>\n<p>Seretide ist kein schnell wirkender oder Notfallinhalator. Stattdessen ist er f\u00fcr die regelm\u00e4\u00dfige Anwendung konzipiert, um die Kontrolle aufrechtzuerhalten und Aufflackern zu verhindern. Bei Asthma hilft es, die H\u00e4ufigkeit und Schwere von Anf\u00e4llen zu reduzieren. Bei COPD hilft es, Symptome zu managen, das Risiko von Exazerbationen zu verringern und die Lungenfunktion im Laufe der Zeit zu unterst\u00fctzen.<\/p>\n<p>Das Medikament wird normalerweise zweimal t\u00e4glich mit einem Dosieraerosol (MDI) oder einem Trockenpulverinhalator (wie dem Accuhaler oder Diskus) eingenommen. F\u00fcr die besten Ergebnisse sollte Seretide konsequent verwendet werden, auch wenn die Symptome unter Kontrolle sind. Es kann einige Tage bis zu ein paar Wochen dauern, bis die volle Wirkung sp\u00fcrbar ist.<\/p>\n<p>Nebenwirkungen k\u00f6nnen eine heisere Stimme, Halsschmerzen oder Mundsoor umfassen. Das Aussp\u00fclen des Mundes nach jeder Anwendung hilft, diese Risiken zu verringern. Es ist wichtig, Seretide nicht pl\u00f6tzlich abzusetzen, insbesondere wenn es lange Zeit verwendet wurde, es sei denn, ein Gesundheitsdienstleister hat dies geraten.<\/p>\n","protected":false},"excerpt":{"rendered":"<ul>\n<li>Hilft bei der Kontrolle von Asthma und COPD.<\/li>\n<li>Reduziert Entz\u00fcndungen und h\u00e4lt die Atemwege offen.<\/li>\n<li>Gew\u00e4hrleistet eine langfristige Atemwegskontrolle.<\/li>\n<\/ul>\n","protected":false},"featured_media":1168,"comment_status":"open","ping_status":"closed","template":"","meta":[],"product_brand":[],"product_cat":[83,101],"product_tag":[],"expert":[16],"class_list":{"0":"post-1166","1":"product","2":"type-product","3":"status-publish","4":"has-post-thumbnail","6":"product_cat-asthma","7":"product_cat-copd","8":"expert-dr-c-alexandru","10":"first","11":"instock","12":"shipping-taxable","13":"product-type-variable"},"yoast_head":"<!-- This site is optimized with the Yoast SEO plugin v27.0 - https:\/\/yoast.com\/product\/yoast-seo-wordpress\/ -->\n<title>Seretide | T\u00e4glich leichter atmen - Transtoyou<\/title>\n<meta name=\"description\" content=\"Seretide, hier erh\u00e4ltlich, hilft bei der Behandlung von Asthma und COPD mit Salmeterol und Fluticason. Verbessere dein Atmen und reduziere Sch\u00fcbe noch heute.\" \/>\n<meta name=\"robots\" content=\"noindex, follow, max-snippet:-1, max-image-preview:large, max-video-preview:-1\" \/>\n<meta property=\"og:locale\" content=\"de_DE\" \/>\n<meta property=\"og:type\" content=\"article\" \/>\n<meta property=\"og:title\" content=\"Seretide | T\u00e4glich leichter atmen - Transtoyou\" \/>\n<meta property=\"og:description\" content=\"Seretide, hier erh\u00e4ltlich, hilft bei der Behandlung von Asthma und COPD mit Salmeterol und Fluticason. Verbessere dein Atmen und reduziere Sch\u00fcbe noch heute.\" \/>\n<meta property=\"og:url\" content=\"https:\/\/www.transtoyou.com\/de\/product\/seretide\/\" \/>\n<meta property=\"og:site_name\" content=\"Transtoyou - DE\" \/>\n<meta property=\"article:modified_time\" content=\"2026-03-05T09:48:11+00:00\" \/>\n<meta name=\"twitter:card\" content=\"summary_large_image\" \/>\n<meta name=\"twitter:label1\" content=\"Gesch\u00e4tzte Lesezeit\" \/>\n\t<meta name=\"twitter:data1\" content=\"1\u00a0Minute\" \/>\n<script type=\"application\/ld+json\" class=\"yoast-schema-graph\">{\"@context\":\"https:\/\/schema.org\",\"@graph\":[{\"@type\":\"WebPage\",\"@id\":\"https:\/\/www.transtoyou.com\/de\/product\/seretide\/\",\"url\":\"https:\/\/www.transtoyou.com\/de\/product\/seretide\/\",\"name\":\"Seretide | T\u00e4glich leichter atmen - Transtoyou\",\"isPartOf\":{\"@id\":\"https:\/\/www.transtoyou.com\/de\/#website\"},\"primaryImageOfPage\":{\"@id\":\"https:\/\/www.transtoyou.com\/de\/product\/seretide\/#primaryimage\"},\"image\":{\"@id\":\"https:\/\/www.transtoyou.com\/de\/product\/seretide\/#primaryimage\"},\"thumbnailUrl\":\"https:\/\/www.transtoyou.com\/de\/wp-content\/uploads\/sites\/4\/2026\/01\/tty-no-product-image-147.webp\",\"datePublished\":\"2026-01-25T05:05:35+00:00\",\"dateModified\":\"2026-03-05T09:48:11+00:00\",\"description\":\"Seretide, hier erh\u00e4ltlich, hilft bei der Behandlung von Asthma und COPD mit Salmeterol und Fluticason. Verbessere dein Atmen und reduziere Sch\u00fcbe noch heute.\",\"breadcrumb\":{\"@id\":\"https:\/\/www.transtoyou.com\/de\/product\/seretide\/#breadcrumb\"},\"inLanguage\":\"de\",\"potentialAction\":[{\"@type\":\"ReadAction\",\"target\":[\"https:\/\/www.transtoyou.com\/de\/product\/seretide\/\"]}]},{\"@type\":\"ImageObject\",\"inLanguage\":\"de\",\"@id\":\"https:\/\/www.transtoyou.com\/de\/product\/seretide\/#primaryimage\",\"url\":\"https:\/\/www.transtoyou.com\/de\/wp-content\/uploads\/sites\/4\/2026\/01\/tty-no-product-image-147.webp\",\"contentUrl\":\"https:\/\/www.transtoyou.com\/de\/wp-content\/uploads\/sites\/4\/2026\/01\/tty-no-product-image-147.webp\",\"width\":1000,\"height\":1000,\"caption\":\"Standardproduktbild\"},{\"@type\":\"WebSite\",\"@id\":\"https:\/\/www.transtoyou.com\/de\/#website\",\"url\":\"https:\/\/www.transtoyou.com\/de\/\",\"name\":\"Transtoyou - DE\",\"description\":\"DE\",\"publisher\":{\"@id\":\"https:\/\/www.transtoyou.com\/de\/#organization\"},\"potentialAction\":[{\"@type\":\"SearchAction\",\"target\":{\"@type\":\"EntryPoint\",\"urlTemplate\":\"https:\/\/www.transtoyou.com\/de\/?s={search_term_string}\"},\"query-input\":{\"@type\":\"PropertyValueSpecification\",\"valueRequired\":true,\"valueName\":\"search_term_string\"}}],\"inLanguage\":\"de\"},{\"@type\":\"Organization\",\"@id\":\"https:\/\/www.transtoyou.com\/de\/#organization\",\"name\":\"Transtoyou - DE\",\"url\":\"https:\/\/www.transtoyou.com\/de\/\",\"logo\":{\"@type\":\"ImageObject\",\"inLanguage\":\"de\",\"@id\":\"https:\/\/www.transtoyou.com\/de\/#\/schema\/logo\/image\/\",\"url\":\"https:\/\/www.transtoyou.com\/de\/wp-content\/uploads\/sites\/4\/2026\/01\/logo-tty-menu-bar-300x87-1.webp\",\"contentUrl\":\"https:\/\/www.transtoyou.com\/de\/wp-content\/uploads\/sites\/4\/2026\/01\/logo-tty-menu-bar-300x87-1.webp\",\"width\":300,\"height\":87,\"caption\":\"Transtoyou - DE\"},\"image\":{\"@id\":\"https:\/\/www.transtoyou.com\/de\/#\/schema\/logo\/image\/\"}}]}<\/script>\n<!-- \/ Yoast SEO plugin. -->","yoast_head_json":{"title":"Seretide | T\u00e4glich leichter atmen - Transtoyou","description":"Seretide, hier erh\u00e4ltlich, hilft bei der Behandlung von Asthma und COPD mit Salmeterol und Fluticason. Verbessere dein Atmen und reduziere Sch\u00fcbe noch heute.","robots":{"index":"noindex","follow":"follow","max-snippet":"max-snippet:-1","max-image-preview":"max-image-preview:large","max-video-preview":"max-video-preview:-1"},"og_locale":"de_DE","og_type":"article","og_title":"Seretide | T\u00e4glich leichter atmen - Transtoyou","og_description":"Seretide, hier erh\u00e4ltlich, hilft bei der Behandlung von Asthma und COPD mit Salmeterol und Fluticason. Verbessere dein Atmen und reduziere Sch\u00fcbe noch heute.","og_url":"https:\/\/www.transtoyou.com\/de\/product\/seretide\/","og_site_name":"Transtoyou - DE","article_modified_time":"2026-03-05T09:48:11+00:00","twitter_card":"summary_large_image","twitter_misc":{"Gesch\u00e4tzte Lesezeit":"1\u00a0Minute"},"schema":{"@context":"https:\/\/schema.org","@graph":[{"@type":"WebPage","@id":"https:\/\/www.transtoyou.com\/de\/product\/seretide\/","url":"https:\/\/www.transtoyou.com\/de\/product\/seretide\/","name":"Seretide | T\u00e4glich leichter atmen - Transtoyou","isPartOf":{"@id":"https:\/\/www.transtoyou.com\/de\/#website"},"primaryImageOfPage":{"@id":"https:\/\/www.transtoyou.com\/de\/product\/seretide\/#primaryimage"},"image":{"@id":"https:\/\/www.transtoyou.com\/de\/product\/seretide\/#primaryimage"},"thumbnailUrl":"https:\/\/www.transtoyou.com\/de\/wp-content\/uploads\/sites\/4\/2026\/01\/tty-no-product-image-147.webp","datePublished":"2026-01-25T05:05:35+00:00","dateModified":"2026-03-05T09:48:11+00:00","description":"Seretide, hier erh\u00e4ltlich, hilft bei der Behandlung von Asthma und COPD mit Salmeterol und Fluticason. Verbessere dein Atmen und reduziere Sch\u00fcbe noch heute.","breadcrumb":{"@id":"https:\/\/www.transtoyou.com\/de\/product\/seretide\/#breadcrumb"},"inLanguage":"de","potentialAction":[{"@type":"ReadAction","target":["https:\/\/www.transtoyou.com\/de\/product\/seretide\/"]}]},{"@type":"ImageObject","inLanguage":"de","@id":"https:\/\/www.transtoyou.com\/de\/product\/seretide\/#primaryimage","url":"https:\/\/www.transtoyou.com\/de\/wp-content\/uploads\/sites\/4\/2026\/01\/tty-no-product-image-147.webp","contentUrl":"https:\/\/www.transtoyou.com\/de\/wp-content\/uploads\/sites\/4\/2026\/01\/tty-no-product-image-147.webp","width":1000,"height":1000,"caption":"Standardproduktbild"},{"@type":"WebSite","@id":"https:\/\/www.transtoyou.com\/de\/#website","url":"https:\/\/www.transtoyou.com\/de\/","name":"Transtoyou - DE","description":"DE","publisher":{"@id":"https:\/\/www.transtoyou.com\/de\/#organization"},"potentialAction":[{"@type":"SearchAction","target":{"@type":"EntryPoint","urlTemplate":"https:\/\/www.transtoyou.com\/de\/?s={search_term_string}"},"query-input":{"@type":"PropertyValueSpecification","valueRequired":true,"valueName":"search_term_string"}}],"inLanguage":"de"},{"@type":"Organization","@id":"https:\/\/www.transtoyou.com\/de\/#organization","name":"Transtoyou - DE","url":"https:\/\/www.transtoyou.com\/de\/","logo":{"@type":"ImageObject","inLanguage":"de","@id":"https:\/\/www.transtoyou.com\/de\/#\/schema\/logo\/image\/","url":"https:\/\/www.transtoyou.com\/de\/wp-content\/uploads\/sites\/4\/2026\/01\/logo-tty-menu-bar-300x87-1.webp","contentUrl":"https:\/\/www.transtoyou.com\/de\/wp-content\/uploads\/sites\/4\/2026\/01\/logo-tty-menu-bar-300x87-1.webp","width":300,"height":87,"caption":"Transtoyou - DE"},"image":{"@id":"https:\/\/www.transtoyou.com\/de\/#\/schema\/logo\/image\/"}}]}},"_links":{"self":[{"href":"https:\/\/www.transtoyou.com\/de\/wp-json\/wp\/v2\/product\/1166","targetHints":{"allow":["GET"]}}],"collection":[{"href":"https:\/\/www.transtoyou.com\/de\/wp-json\/wp\/v2\/product"}],"about":[{"href":"https:\/\/www.transtoyou.com\/de\/wp-json\/wp\/v2\/types\/product"}],"replies":[{"embeddable":true,"href":"https:\/\/www.transtoyou.com\/de\/wp-json\/wp\/v2\/comments?post=1166"}],"wp:featuredmedia":[{"embeddable":true,"href":"https:\/\/www.transtoyou.com\/de\/wp-json\/wp\/v2\/media\/1168"}],"wp:attachment":[{"href":"https:\/\/www.transtoyou.com\/de\/wp-json\/wp\/v2\/media?parent=1166"}],"wp:term":[{"taxonomy":"product_brand","embeddable":true,"href":"https:\/\/www.transtoyou.com\/de\/wp-json\/wp\/v2\/product_brand?post=1166"},{"taxonomy":"product_cat","embeddable":true,"href":"https:\/\/www.transtoyou.com\/de\/wp-json\/wp\/v2\/product_cat?post=1166"},{"taxonomy":"product_tag","embeddable":true,"href":"https:\/\/www.transtoyou.com\/de\/wp-json\/wp\/v2\/product_tag?post=1166"},{"taxonomy":"expert","embeddable":true,"href":"https:\/\/www.transtoyou.com\/de\/wp-json\/wp\/v2\/expert?post=1166"}],"curies":[{"name":"wp","href":"https:\/\/api.w.org\/{rel}","templated":true}]}}