{"id":1169,"date":"2026-01-25T07:23:35","date_gmt":"2026-01-25T05:23:35","guid":{"rendered":"https:\/\/www.transtoyou.com\/de\/product\/relvar\/"},"modified":"2026-03-03T13:10:56","modified_gmt":"2026-03-03T11:10:56","slug":"relvar","status":"publish","type":"product","link":"https:\/\/www.transtoyou.com\/de\/product\/relvar\/","title":{"rendered":"Relvar"},"content":{"rendered":"<p>Die Behandlung chronischer Atemwegserkrankungen kann herausfordernd sein, aber Relvar bietet eine praktische und effektive L\u00f6sung f\u00fcr Asthma- und COPD-Patienten. Dieser Kombinationsinhalator sorgt f\u00fcr eine langfristige Symptomkontrolle, hilft den Menschen, leichter zu atmen und eine bessere Lebensqualit\u00e4t aufrechtzuerhalten.<\/p>\n<p>Relvar enth\u00e4lt zwei Wirkstoffe: Fluticasonfuroat, ein Kortikosteroid, das Entz\u00fcndungen in den Atemwegen reduziert, und Vilanterol, einen langwirksamen Beta-Agonisten, der hilft, die Atemwege offen zu halten. Durch ihr Zusammenspiel bieten diese Komponenten 24 Stunden Atemunterst\u00fctzung mit nur einer t\u00e4glichen Dosis.<\/p>\n<p>Im Gegensatz zu schnell wirkenden Inhalatoren ist Relvar f\u00fcr eine konsistente, langfristige Anwendung im Rahmen eines Erhaltungsbehandlungsplans konzipiert. Es hilft, Verschlimmerungen zu verhindern, verbessert die Lungenfunktion und reduziert den Bedarf an Notfallmedikamenten.<\/p>\n<p>Obwohl es im Allgemeinen gut vertragen wird, k\u00f6nnen einige Personen leichte Nebenwirkungen wie Halsreizungen, Heiserkeit oder Pilzinfektionen im Mund erleben, die durch Mundsp\u00fclungen nach der Anwendung minimiert werden k\u00f6nnen. Relvar sollte immer unter \u00e4rztlicher Aufsicht verwendet werden, um eine ordnungsgem\u00e4\u00dfe Behandlung von Atemwegserkrankungen sicherzustellen.<\/p>\n","protected":false},"excerpt":{"rendered":"<ul>\n<li>Bietet 24-Stunden-Kontrolle bei Asthma und COPD.<\/li>\n<li>Reduziert Entz\u00fcndungen und h\u00e4lt die Atemwege offen.<\/li>\n<li>Praktische einmal t\u00e4gliche Dosierung.<\/li>\n<\/ul>\n","protected":false},"featured_media":1171,"comment_status":"open","ping_status":"closed","template":"","meta":[],"product_brand":[],"product_cat":[83,101],"product_tag":[],"expert":[16],"class_list":{"0":"post-1169","1":"product","2":"type-product","3":"status-publish","4":"has-post-thumbnail","6":"product_cat-asthma","7":"product_cat-copd","8":"expert-dr-c-alexandru","10":"first","11":"instock","12":"shipping-taxable","13":"product-type-variable"},"yoast_head":"<!-- This site is optimized with the Yoast SEO plugin v27.0 - https:\/\/yoast.com\/product\/yoast-seo-wordpress\/ -->\n<title>Relvar | Atme leichter mit 24-Stunden-Unterst\u00fctzung - Transtoyou<\/title>\n<meta name=\"description\" content=\"Relvar: Asthma und COPD einfach managen. Langfristige Symptomkontrolle in einer t\u00e4glichen Dosis. Jetzt bei Transtoyou erh\u00e4ltlich.\" \/>\n<meta name=\"robots\" content=\"noindex, follow, max-snippet:-1, max-image-preview:large, max-video-preview:-1\" \/>\n<meta property=\"og:locale\" content=\"de_DE\" \/>\n<meta property=\"og:type\" content=\"article\" \/>\n<meta property=\"og:title\" content=\"Relvar | Atme leichter mit 24-Stunden-Unterst\u00fctzung - Transtoyou\" \/>\n<meta property=\"og:description\" content=\"Relvar: Asthma und COPD einfach managen. Langfristige Symptomkontrolle in einer t\u00e4glichen Dosis. Jetzt bei Transtoyou erh\u00e4ltlich.\" \/>\n<meta property=\"og:url\" content=\"https:\/\/www.transtoyou.com\/de\/product\/relvar\/\" \/>\n<meta property=\"og:site_name\" content=\"Transtoyou - DE\" \/>\n<meta property=\"article:modified_time\" content=\"2026-03-03T11:10:56+00:00\" \/>\n<meta name=\"twitter:card\" content=\"summary_large_image\" \/>\n<meta name=\"twitter:label1\" content=\"Gesch\u00e4tzte Lesezeit\" \/>\n\t<meta name=\"twitter:data1\" content=\"1\u00a0Minute\" \/>\n<script type=\"application\/ld+json\" class=\"yoast-schema-graph\">{\"@context\":\"https:\/\/schema.org\",\"@graph\":[{\"@type\":\"WebPage\",\"@id\":\"https:\/\/www.transtoyou.com\/de\/product\/relvar\/\",\"url\":\"https:\/\/www.transtoyou.com\/de\/product\/relvar\/\",\"name\":\"Relvar | Atme leichter mit 24-Stunden-Unterst\u00fctzung - Transtoyou\",\"isPartOf\":{\"@id\":\"https:\/\/www.transtoyou.com\/de\/#website\"},\"primaryImageOfPage\":{\"@id\":\"https:\/\/www.transtoyou.com\/de\/product\/relvar\/#primaryimage\"},\"image\":{\"@id\":\"https:\/\/www.transtoyou.com\/de\/product\/relvar\/#primaryimage\"},\"thumbnailUrl\":\"https:\/\/www.transtoyou.com\/de\/wp-content\/uploads\/sites\/4\/2026\/01\/tty-no-product-image-148.webp\",\"datePublished\":\"2026-01-25T05:23:35+00:00\",\"dateModified\":\"2026-03-03T11:10:56+00:00\",\"description\":\"Relvar: Asthma und COPD einfach managen. Langfristige Symptomkontrolle in einer t\u00e4glichen Dosis. Jetzt bei Transtoyou erh\u00e4ltlich.\",\"breadcrumb\":{\"@id\":\"https:\/\/www.transtoyou.com\/de\/product\/relvar\/#breadcrumb\"},\"inLanguage\":\"de\",\"potentialAction\":[{\"@type\":\"ReadAction\",\"target\":[\"https:\/\/www.transtoyou.com\/de\/product\/relvar\/\"]}]},{\"@type\":\"ImageObject\",\"inLanguage\":\"de\",\"@id\":\"https:\/\/www.transtoyou.com\/de\/product\/relvar\/#primaryimage\",\"url\":\"https:\/\/www.transtoyou.com\/de\/wp-content\/uploads\/sites\/4\/2026\/01\/tty-no-product-image-148.webp\",\"contentUrl\":\"https:\/\/www.transtoyou.com\/de\/wp-content\/uploads\/sites\/4\/2026\/01\/tty-no-product-image-148.webp\",\"width\":1000,\"height\":1000,\"caption\":\"Standardproduktbild\"},{\"@type\":\"WebSite\",\"@id\":\"https:\/\/www.transtoyou.com\/de\/#website\",\"url\":\"https:\/\/www.transtoyou.com\/de\/\",\"name\":\"Transtoyou - DE\",\"description\":\"DE\",\"publisher\":{\"@id\":\"https:\/\/www.transtoyou.com\/de\/#organization\"},\"potentialAction\":[{\"@type\":\"SearchAction\",\"target\":{\"@type\":\"EntryPoint\",\"urlTemplate\":\"https:\/\/www.transtoyou.com\/de\/?s={search_term_string}\"},\"query-input\":{\"@type\":\"PropertyValueSpecification\",\"valueRequired\":true,\"valueName\":\"search_term_string\"}}],\"inLanguage\":\"de\"},{\"@type\":\"Organization\",\"@id\":\"https:\/\/www.transtoyou.com\/de\/#organization\",\"name\":\"Transtoyou - DE\",\"url\":\"https:\/\/www.transtoyou.com\/de\/\",\"logo\":{\"@type\":\"ImageObject\",\"inLanguage\":\"de\",\"@id\":\"https:\/\/www.transtoyou.com\/de\/#\/schema\/logo\/image\/\",\"url\":\"https:\/\/www.transtoyou.com\/de\/wp-content\/uploads\/sites\/4\/2026\/01\/logo-tty-menu-bar-300x87-1.webp\",\"contentUrl\":\"https:\/\/www.transtoyou.com\/de\/wp-content\/uploads\/sites\/4\/2026\/01\/logo-tty-menu-bar-300x87-1.webp\",\"width\":300,\"height\":87,\"caption\":\"Transtoyou - DE\"},\"image\":{\"@id\":\"https:\/\/www.transtoyou.com\/de\/#\/schema\/logo\/image\/\"}}]}<\/script>\n<!-- \/ Yoast SEO plugin. -->","yoast_head_json":{"title":"Relvar | Atme leichter mit 24-Stunden-Unterst\u00fctzung - Transtoyou","description":"Relvar: Asthma und COPD einfach managen. Langfristige Symptomkontrolle in einer t\u00e4glichen Dosis. Jetzt bei Transtoyou erh\u00e4ltlich.","robots":{"index":"noindex","follow":"follow","max-snippet":"max-snippet:-1","max-image-preview":"max-image-preview:large","max-video-preview":"max-video-preview:-1"},"og_locale":"de_DE","og_type":"article","og_title":"Relvar | Atme leichter mit 24-Stunden-Unterst\u00fctzung - Transtoyou","og_description":"Relvar: Asthma und COPD einfach managen. Langfristige Symptomkontrolle in einer t\u00e4glichen Dosis. Jetzt bei Transtoyou erh\u00e4ltlich.","og_url":"https:\/\/www.transtoyou.com\/de\/product\/relvar\/","og_site_name":"Transtoyou - DE","article_modified_time":"2026-03-03T11:10:56+00:00","twitter_card":"summary_large_image","twitter_misc":{"Gesch\u00e4tzte Lesezeit":"1\u00a0Minute"},"schema":{"@context":"https:\/\/schema.org","@graph":[{"@type":"WebPage","@id":"https:\/\/www.transtoyou.com\/de\/product\/relvar\/","url":"https:\/\/www.transtoyou.com\/de\/product\/relvar\/","name":"Relvar | Atme leichter mit 24-Stunden-Unterst\u00fctzung - Transtoyou","isPartOf":{"@id":"https:\/\/www.transtoyou.com\/de\/#website"},"primaryImageOfPage":{"@id":"https:\/\/www.transtoyou.com\/de\/product\/relvar\/#primaryimage"},"image":{"@id":"https:\/\/www.transtoyou.com\/de\/product\/relvar\/#primaryimage"},"thumbnailUrl":"https:\/\/www.transtoyou.com\/de\/wp-content\/uploads\/sites\/4\/2026\/01\/tty-no-product-image-148.webp","datePublished":"2026-01-25T05:23:35+00:00","dateModified":"2026-03-03T11:10:56+00:00","description":"Relvar: Asthma und COPD einfach managen. Langfristige Symptomkontrolle in einer t\u00e4glichen Dosis. Jetzt bei Transtoyou erh\u00e4ltlich.","breadcrumb":{"@id":"https:\/\/www.transtoyou.com\/de\/product\/relvar\/#breadcrumb"},"inLanguage":"de","potentialAction":[{"@type":"ReadAction","target":["https:\/\/www.transtoyou.com\/de\/product\/relvar\/"]}]},{"@type":"ImageObject","inLanguage":"de","@id":"https:\/\/www.transtoyou.com\/de\/product\/relvar\/#primaryimage","url":"https:\/\/www.transtoyou.com\/de\/wp-content\/uploads\/sites\/4\/2026\/01\/tty-no-product-image-148.webp","contentUrl":"https:\/\/www.transtoyou.com\/de\/wp-content\/uploads\/sites\/4\/2026\/01\/tty-no-product-image-148.webp","width":1000,"height":1000,"caption":"Standardproduktbild"},{"@type":"WebSite","@id":"https:\/\/www.transtoyou.com\/de\/#website","url":"https:\/\/www.transtoyou.com\/de\/","name":"Transtoyou - DE","description":"DE","publisher":{"@id":"https:\/\/www.transtoyou.com\/de\/#organization"},"potentialAction":[{"@type":"SearchAction","target":{"@type":"EntryPoint","urlTemplate":"https:\/\/www.transtoyou.com\/de\/?s={search_term_string}"},"query-input":{"@type":"PropertyValueSpecification","valueRequired":true,"valueName":"search_term_string"}}],"inLanguage":"de"},{"@type":"Organization","@id":"https:\/\/www.transtoyou.com\/de\/#organization","name":"Transtoyou - DE","url":"https:\/\/www.transtoyou.com\/de\/","logo":{"@type":"ImageObject","inLanguage":"de","@id":"https:\/\/www.transtoyou.com\/de\/#\/schema\/logo\/image\/","url":"https:\/\/www.transtoyou.com\/de\/wp-content\/uploads\/sites\/4\/2026\/01\/logo-tty-menu-bar-300x87-1.webp","contentUrl":"https:\/\/www.transtoyou.com\/de\/wp-content\/uploads\/sites\/4\/2026\/01\/logo-tty-menu-bar-300x87-1.webp","width":300,"height":87,"caption":"Transtoyou - DE"},"image":{"@id":"https:\/\/www.transtoyou.com\/de\/#\/schema\/logo\/image\/"}}]}},"_links":{"self":[{"href":"https:\/\/www.transtoyou.com\/de\/wp-json\/wp\/v2\/product\/1169","targetHints":{"allow":["GET"]}}],"collection":[{"href":"https:\/\/www.transtoyou.com\/de\/wp-json\/wp\/v2\/product"}],"about":[{"href":"https:\/\/www.transtoyou.com\/de\/wp-json\/wp\/v2\/types\/product"}],"replies":[{"embeddable":true,"href":"https:\/\/www.transtoyou.com\/de\/wp-json\/wp\/v2\/comments?post=1169"}],"wp:featuredmedia":[{"embeddable":true,"href":"https:\/\/www.transtoyou.com\/de\/wp-json\/wp\/v2\/media\/1171"}],"wp:attachment":[{"href":"https:\/\/www.transtoyou.com\/de\/wp-json\/wp\/v2\/media?parent=1169"}],"wp:term":[{"taxonomy":"product_brand","embeddable":true,"href":"https:\/\/www.transtoyou.com\/de\/wp-json\/wp\/v2\/product_brand?post=1169"},{"taxonomy":"product_cat","embeddable":true,"href":"https:\/\/www.transtoyou.com\/de\/wp-json\/wp\/v2\/product_cat?post=1169"},{"taxonomy":"product_tag","embeddable":true,"href":"https:\/\/www.transtoyou.com\/de\/wp-json\/wp\/v2\/product_tag?post=1169"},{"taxonomy":"expert","embeddable":true,"href":"https:\/\/www.transtoyou.com\/de\/wp-json\/wp\/v2\/expert?post=1169"}],"curies":[{"name":"wp","href":"https:\/\/api.w.org\/{rel}","templated":true}]}}