{"id":1181,"date":"2026-01-25T08:38:51","date_gmt":"2026-01-25T06:38:51","guid":{"rendered":"https:\/\/www.transtoyou.com\/de\/product\/cefixim\/"},"modified":"2026-02-10T13:37:58","modified_gmt":"2026-02-10T11:37:58","slug":"cefixim","status":"publish","type":"product","link":"https:\/\/www.transtoyou.com\/de\/product\/cefixim\/","title":{"rendered":"Cefixim"},"content":{"rendered":"<p>Cefixim ist ein Antibiotikum, das zur Behandlung verschiedener bakterieller Infektionen eingesetzt wird. Es geh\u00f6rt zur Familie der Cephalosporine, einer Gruppe von Antibiotika, die wirken, indem sie die sch\u00fctzende Zellwand von Bakterien sch\u00e4digen. Dadurch werden die Bakterien geschw\u00e4cht, was dazu f\u00fchrt, dass sie auseinanderbrechen und absterben, was hilft, die Infektion aus dem K\u00f6rper zu beseitigen.<\/p>\n<p>Dieses Medikament wird h\u00e4ufig bei Infektionen wie Harnwegsinfektionen (HWI), Ohrenentz\u00fcndungen (Otitis media), Halsentz\u00fcndungen (Pharyngitis und Tonsillitis), Atemwegsinfektionen wie Bronchitis und unkomplizierter Gonorrh\u00f6 eingesetzt. Es zielt auf Bakterien wie E. coli, Haemophilus influenzae, Streptococcus pneumoniae, Moraxella catarrhalis und Neisseria gonorrhoeae ab.<\/p>\n<p>Cefixim lindert nicht direkt Schmerzen oder Entz\u00fcndungen. Stattdessen hilft es, die Infektion selbst zu beseitigen, indem es die verursachenden Bakterien abt\u00f6tet. Sobald die Bakterien eliminiert sind, verbessern sich Symptome wie Schmerzen, Fieber oder Unwohlsein oft von selbst.<\/p>\n<p>Es wird normalerweise einmal oder zweimal t\u00e4glich eingenommen, abh\u00e4ngig von der Art der Infektion. Die Behandlung ist kurzfristig und dauert typischerweise einige Tage. Die meisten Menschen vertragen Cefixim gut. M\u00f6gliche Nebenwirkungen k\u00f6nnen leichte Magenbeschwerden oder Durchfall sein.<\/p>\n<p>Um die beste Wirkung zu gew\u00e4hrleisten, ist es wichtig, Cefixim konsequent \u00fcber die gesamte Behandlungsdauer einzunehmen. Ein zu fr\u00fches Absetzen kann es Bakterien erm\u00f6glichen, zu \u00fcberleben und m\u00f6glicherweise zur\u00fcckzukehren.<\/p>\n<p>Dieses Produkt ist ausschlie\u00dflich f\u00fcr bakterielle Infektionen gedacht und wirkt nicht gegen Viren wie die gew\u00f6hnliche Erk\u00e4ltung oder Grippe.<\/p>\n","protected":false},"excerpt":{"rendered":"<ul>\n<li>Wirksame antibakterielle Aktivit\u00e4t, insbesondere bei Harnwegs- und HNO-Infektionen<\/li>\n<li>Praktische Dosierung<\/li>\n<li>G\u00fcnstiges Sicherheitsprofil<\/li>\n<\/ul>\n","protected":false},"featured_media":1183,"comment_status":"open","ping_status":"closed","template":"","meta":[],"product_brand":[],"product_cat":[82,128],"product_tag":[],"expert":[18],"class_list":{"0":"post-1181","1":"product","2":"type-product","3":"status-publish","4":"has-post-thumbnail","6":"product_cat-antibiotika-infektionen","7":"product_cat-gonorrhoe","8":"expert-dr-g-varbanov","10":"first","11":"instock","12":"shipping-taxable","13":"product-type-variable"},"yoast_head":"<!-- This site is optimized with the Yoast SEO plugin v27.0 - https:\/\/yoast.com\/product\/yoast-seo-wordpress\/ -->\n<title>Cefixim | Effektive Behandlung bakterieller Infektionen - Transtoyou<\/title>\n<meta name=\"description\" content=\"Cefixim bek\u00e4mpft Harnwegsinfektionen und Bronchitis, indem es Bakterien abt\u00f6tet. Jetzt bei Transtoyou bestellen f\u00fcr eine effektive Behandlung.\" \/>\n<meta name=\"robots\" content=\"noindex, follow, max-snippet:-1, max-image-preview:large, max-video-preview:-1\" \/>\n<meta property=\"og:locale\" content=\"de_DE\" \/>\n<meta property=\"og:type\" content=\"article\" \/>\n<meta property=\"og:title\" content=\"Cefixim | Effektive Behandlung bakterieller Infektionen - Transtoyou\" \/>\n<meta property=\"og:description\" content=\"Cefixim bek\u00e4mpft Harnwegsinfektionen und Bronchitis, indem es Bakterien abt\u00f6tet. Jetzt bei Transtoyou bestellen f\u00fcr eine effektive Behandlung.\" \/>\n<meta property=\"og:url\" content=\"https:\/\/www.transtoyou.com\/de\/product\/cefixim\/\" \/>\n<meta property=\"og:site_name\" content=\"Transtoyou - DE\" \/>\n<meta property=\"article:modified_time\" content=\"2026-02-10T11:37:58+00:00\" \/>\n<meta name=\"twitter:card\" content=\"summary_large_image\" \/>\n<meta name=\"twitter:label1\" content=\"Gesch\u00e4tzte Lesezeit\" \/>\n\t<meta name=\"twitter:data1\" content=\"1\u00a0Minute\" \/>\n<script type=\"application\/ld+json\" class=\"yoast-schema-graph\">{\"@context\":\"https:\/\/schema.org\",\"@graph\":[{\"@type\":\"WebPage\",\"@id\":\"https:\/\/www.transtoyou.com\/de\/product\/cefixim\/\",\"url\":\"https:\/\/www.transtoyou.com\/de\/product\/cefixim\/\",\"name\":\"Cefixim | Effektive Behandlung bakterieller Infektionen - Transtoyou\",\"isPartOf\":{\"@id\":\"https:\/\/www.transtoyou.com\/de\/#website\"},\"primaryImageOfPage\":{\"@id\":\"https:\/\/www.transtoyou.com\/de\/product\/cefixim\/#primaryimage\"},\"image\":{\"@id\":\"https:\/\/www.transtoyou.com\/de\/product\/cefixim\/#primaryimage\"},\"thumbnailUrl\":\"https:\/\/www.transtoyou.com\/de\/wp-content\/uploads\/sites\/4\/2026\/01\/tty-no-product-image-152.webp\",\"datePublished\":\"2026-01-25T06:38:51+00:00\",\"dateModified\":\"2026-02-10T11:37:58+00:00\",\"description\":\"Cefixim bek\u00e4mpft Harnwegsinfektionen und Bronchitis, indem es Bakterien abt\u00f6tet. Jetzt bei Transtoyou bestellen f\u00fcr eine effektive Behandlung.\",\"breadcrumb\":{\"@id\":\"https:\/\/www.transtoyou.com\/de\/product\/cefixim\/#breadcrumb\"},\"inLanguage\":\"de\",\"potentialAction\":[{\"@type\":\"ReadAction\",\"target\":[\"https:\/\/www.transtoyou.com\/de\/product\/cefixim\/\"]}]},{\"@type\":\"ImageObject\",\"inLanguage\":\"de\",\"@id\":\"https:\/\/www.transtoyou.com\/de\/product\/cefixim\/#primaryimage\",\"url\":\"https:\/\/www.transtoyou.com\/de\/wp-content\/uploads\/sites\/4\/2026\/01\/tty-no-product-image-152.webp\",\"contentUrl\":\"https:\/\/www.transtoyou.com\/de\/wp-content\/uploads\/sites\/4\/2026\/01\/tty-no-product-image-152.webp\",\"width\":1000,\"height\":1000,\"caption\":\"Standardproduktbild\"},{\"@type\":\"WebSite\",\"@id\":\"https:\/\/www.transtoyou.com\/de\/#website\",\"url\":\"https:\/\/www.transtoyou.com\/de\/\",\"name\":\"Transtoyou - DE\",\"description\":\"DE\",\"publisher\":{\"@id\":\"https:\/\/www.transtoyou.com\/de\/#organization\"},\"potentialAction\":[{\"@type\":\"SearchAction\",\"target\":{\"@type\":\"EntryPoint\",\"urlTemplate\":\"https:\/\/www.transtoyou.com\/de\/?s={search_term_string}\"},\"query-input\":{\"@type\":\"PropertyValueSpecification\",\"valueRequired\":true,\"valueName\":\"search_term_string\"}}],\"inLanguage\":\"de\"},{\"@type\":\"Organization\",\"@id\":\"https:\/\/www.transtoyou.com\/de\/#organization\",\"name\":\"Transtoyou - DE\",\"url\":\"https:\/\/www.transtoyou.com\/de\/\",\"logo\":{\"@type\":\"ImageObject\",\"inLanguage\":\"de\",\"@id\":\"https:\/\/www.transtoyou.com\/de\/#\/schema\/logo\/image\/\",\"url\":\"https:\/\/www.transtoyou.com\/de\/wp-content\/uploads\/sites\/4\/2026\/01\/logo-tty-menu-bar-300x87-1.webp\",\"contentUrl\":\"https:\/\/www.transtoyou.com\/de\/wp-content\/uploads\/sites\/4\/2026\/01\/logo-tty-menu-bar-300x87-1.webp\",\"width\":300,\"height\":87,\"caption\":\"Transtoyou - DE\"},\"image\":{\"@id\":\"https:\/\/www.transtoyou.com\/de\/#\/schema\/logo\/image\/\"}}]}<\/script>\n<!-- \/ Yoast SEO plugin. -->","yoast_head_json":{"title":"Cefixim | Effektive Behandlung bakterieller Infektionen - Transtoyou","description":"Cefixim bek\u00e4mpft Harnwegsinfektionen und Bronchitis, indem es Bakterien abt\u00f6tet. Jetzt bei Transtoyou bestellen f\u00fcr eine effektive Behandlung.","robots":{"index":"noindex","follow":"follow","max-snippet":"max-snippet:-1","max-image-preview":"max-image-preview:large","max-video-preview":"max-video-preview:-1"},"og_locale":"de_DE","og_type":"article","og_title":"Cefixim | Effektive Behandlung bakterieller Infektionen - Transtoyou","og_description":"Cefixim bek\u00e4mpft Harnwegsinfektionen und Bronchitis, indem es Bakterien abt\u00f6tet. Jetzt bei Transtoyou bestellen f\u00fcr eine effektive Behandlung.","og_url":"https:\/\/www.transtoyou.com\/de\/product\/cefixim\/","og_site_name":"Transtoyou - DE","article_modified_time":"2026-02-10T11:37:58+00:00","twitter_card":"summary_large_image","twitter_misc":{"Gesch\u00e4tzte Lesezeit":"1\u00a0Minute"},"schema":{"@context":"https:\/\/schema.org","@graph":[{"@type":"WebPage","@id":"https:\/\/www.transtoyou.com\/de\/product\/cefixim\/","url":"https:\/\/www.transtoyou.com\/de\/product\/cefixim\/","name":"Cefixim | Effektive Behandlung bakterieller Infektionen - Transtoyou","isPartOf":{"@id":"https:\/\/www.transtoyou.com\/de\/#website"},"primaryImageOfPage":{"@id":"https:\/\/www.transtoyou.com\/de\/product\/cefixim\/#primaryimage"},"image":{"@id":"https:\/\/www.transtoyou.com\/de\/product\/cefixim\/#primaryimage"},"thumbnailUrl":"https:\/\/www.transtoyou.com\/de\/wp-content\/uploads\/sites\/4\/2026\/01\/tty-no-product-image-152.webp","datePublished":"2026-01-25T06:38:51+00:00","dateModified":"2026-02-10T11:37:58+00:00","description":"Cefixim bek\u00e4mpft Harnwegsinfektionen und Bronchitis, indem es Bakterien abt\u00f6tet. Jetzt bei Transtoyou bestellen f\u00fcr eine effektive Behandlung.","breadcrumb":{"@id":"https:\/\/www.transtoyou.com\/de\/product\/cefixim\/#breadcrumb"},"inLanguage":"de","potentialAction":[{"@type":"ReadAction","target":["https:\/\/www.transtoyou.com\/de\/product\/cefixim\/"]}]},{"@type":"ImageObject","inLanguage":"de","@id":"https:\/\/www.transtoyou.com\/de\/product\/cefixim\/#primaryimage","url":"https:\/\/www.transtoyou.com\/de\/wp-content\/uploads\/sites\/4\/2026\/01\/tty-no-product-image-152.webp","contentUrl":"https:\/\/www.transtoyou.com\/de\/wp-content\/uploads\/sites\/4\/2026\/01\/tty-no-product-image-152.webp","width":1000,"height":1000,"caption":"Standardproduktbild"},{"@type":"WebSite","@id":"https:\/\/www.transtoyou.com\/de\/#website","url":"https:\/\/www.transtoyou.com\/de\/","name":"Transtoyou - DE","description":"DE","publisher":{"@id":"https:\/\/www.transtoyou.com\/de\/#organization"},"potentialAction":[{"@type":"SearchAction","target":{"@type":"EntryPoint","urlTemplate":"https:\/\/www.transtoyou.com\/de\/?s={search_term_string}"},"query-input":{"@type":"PropertyValueSpecification","valueRequired":true,"valueName":"search_term_string"}}],"inLanguage":"de"},{"@type":"Organization","@id":"https:\/\/www.transtoyou.com\/de\/#organization","name":"Transtoyou - DE","url":"https:\/\/www.transtoyou.com\/de\/","logo":{"@type":"ImageObject","inLanguage":"de","@id":"https:\/\/www.transtoyou.com\/de\/#\/schema\/logo\/image\/","url":"https:\/\/www.transtoyou.com\/de\/wp-content\/uploads\/sites\/4\/2026\/01\/logo-tty-menu-bar-300x87-1.webp","contentUrl":"https:\/\/www.transtoyou.com\/de\/wp-content\/uploads\/sites\/4\/2026\/01\/logo-tty-menu-bar-300x87-1.webp","width":300,"height":87,"caption":"Transtoyou - DE"},"image":{"@id":"https:\/\/www.transtoyou.com\/de\/#\/schema\/logo\/image\/"}}]}},"_links":{"self":[{"href":"https:\/\/www.transtoyou.com\/de\/wp-json\/wp\/v2\/product\/1181","targetHints":{"allow":["GET"]}}],"collection":[{"href":"https:\/\/www.transtoyou.com\/de\/wp-json\/wp\/v2\/product"}],"about":[{"href":"https:\/\/www.transtoyou.com\/de\/wp-json\/wp\/v2\/types\/product"}],"replies":[{"embeddable":true,"href":"https:\/\/www.transtoyou.com\/de\/wp-json\/wp\/v2\/comments?post=1181"}],"wp:featuredmedia":[{"embeddable":true,"href":"https:\/\/www.transtoyou.com\/de\/wp-json\/wp\/v2\/media\/1183"}],"wp:attachment":[{"href":"https:\/\/www.transtoyou.com\/de\/wp-json\/wp\/v2\/media?parent=1181"}],"wp:term":[{"taxonomy":"product_brand","embeddable":true,"href":"https:\/\/www.transtoyou.com\/de\/wp-json\/wp\/v2\/product_brand?post=1181"},{"taxonomy":"product_cat","embeddable":true,"href":"https:\/\/www.transtoyou.com\/de\/wp-json\/wp\/v2\/product_cat?post=1181"},{"taxonomy":"product_tag","embeddable":true,"href":"https:\/\/www.transtoyou.com\/de\/wp-json\/wp\/v2\/product_tag?post=1181"},{"taxonomy":"expert","embeddable":true,"href":"https:\/\/www.transtoyou.com\/de\/wp-json\/wp\/v2\/expert?post=1181"}],"curies":[{"name":"wp","href":"https:\/\/api.w.org\/{rel}","templated":true}]}}