{"id":1184,"date":"2026-01-25T08:59:34","date_gmt":"2026-01-25T06:59:34","guid":{"rendered":"https:\/\/www.transtoyou.com\/de\/product\/clindamycin\/"},"modified":"2026-02-13T11:37:08","modified_gmt":"2026-02-13T09:37:08","slug":"clindamycin","status":"publish","type":"product","link":"https:\/\/www.transtoyou.com\/de\/product\/clindamycin\/","title":{"rendered":"Clindamycin"},"content":{"rendered":"<p class=\"p1\">Clindamycin ist ein weit verbreitetes Antibiotikum, das bakterielle Infektionen behandelt, indem es das Wachstum von Bakterien stoppt. Es wird h\u00e4ufig bei Haut- und Weichgewebeinfektionen verschrieben und ist besonders wirksam, wenn die Infektion mit Entz\u00fcndungen, R\u00f6tungen und Schwellungen einhergeht. Indem es die Bakterien angreift, die f\u00fcr die Infektion verantwortlich sind, hilft Clindamycin dem K\u00f6rper, sich zu erholen, und verhindert die Ausbreitung sch\u00e4dlicher Mikroben.<\/p>\n<p class=\"p1\">Eine der h\u00e4ufigsten Anwendungen ist die Behandlung von Akne. In diesem Zusammenhang hilft Clindamycin, die Bakterien zu reduzieren, die Ausbr\u00fcche ausl\u00f6sen, und beruhigt die umgebende Entz\u00fcndung, die R\u00f6tungen und Schwellungen verursacht. Es ist besonders hilfreich bei persistierender oder entz\u00fcndlicher Akne, bei der die Haut gereizt oder empfindlich ist. Bei konsequenter Anwendung kann Clindamycin sowohl die H\u00e4ufigkeit als auch die Schwere von Sch\u00fcben reduzieren.<\/p>\n<p class=\"p1\">Clindamycin wird auch bei bakteriellen Hautinfektionen wie infizierten Schnitten, Furunkeln und entz\u00fcndeten Haarfollikeln eingesetzt. Seine antibakteriellen und entz\u00fcndungshemmenden Eigenschaften machen es zu einer zuverl\u00e4ssigen Behandlungsoption f\u00fcr eine Vielzahl von milden bis moderaten Hautinfektionen. Die Reduzierung der bakteriellen Belastung auf der Haut kann auch dazu beitragen, dass andere Hautbehandlungen effektiver wirken.<\/p>\n<p class=\"p1\">Die Behandlung zeigt typischerweise innerhalb weniger Tage bis Wochen Ergebnisse, abh\u00e4ngig von der Schwere der Infektion. Es ist wichtig, den gesamten Behandlungsverlauf wie empfohlen fortzusetzen, auch wenn sich die Symptome fr\u00fcher verbessern, um bakterielle Resistenzen oder R\u00fcckf\u00e4lle zu verhindern.<\/p>\n<p class=\"p1\">Milde Nebenwirkungen wie Hautirritationen oder Verdauungsbeschwerden k\u00f6nnen auftreten, sind aber in der Regel vor\u00fcbergehend. Clindamycin ist nicht f\u00fcr jeden geeignet, insbesondere nicht f\u00fcr Personen mit einer Vorgeschichte von antibiotikabedingten Magen-Darm-Problemen.<\/p>\n","protected":false},"excerpt":{"rendered":"<ul>\n<li>Breit gef\u00e4cherte Wirkung gegen viele Bakterien<\/li>\n<li>Erh\u00e4ltlich in oralen, topischen und vaginalen Formen<\/li>\n<li>Hilft, Entz\u00fcndungen bei Akne zu reduzieren<\/li>\n<\/ul>\n","protected":false},"featured_media":1186,"comment_status":"open","ping_status":"closed","template":"","meta":[],"product_brand":[],"product_cat":[76,82],"product_tag":[],"expert":[18],"class_list":{"0":"post-1184","1":"product","2":"type-product","3":"status-publish","4":"has-post-thumbnail","6":"product_cat-akne","7":"product_cat-antibiotika-infektionen","8":"expert-dr-g-varbanov","10":"first","11":"instock","12":"shipping-taxable","13":"product-type-variable"},"yoast_head":"<!-- This site is optimized with the Yoast SEO plugin v27.0 - https:\/\/yoast.com\/product\/yoast-seo-wordpress\/ -->\n<title>Clindamycin | Klare Haut, Selbstbewusstes Ich - Transtoyou<\/title>\n<meta name=\"description\" content=\"Entdecke Clindamycin f\u00fcr eine effektive Aknebehandlung. Jetzt bei Transtoyou einkaufen f\u00fcr zuverl\u00e4ssige Hilfe bei bakteriellen Hautinfektionen.\" \/>\n<meta name=\"robots\" content=\"noindex, follow, max-snippet:-1, max-image-preview:large, max-video-preview:-1\" \/>\n<meta property=\"og:locale\" content=\"de_DE\" \/>\n<meta property=\"og:type\" content=\"article\" \/>\n<meta property=\"og:title\" content=\"Clindamycin | Klare Haut, Selbstbewusstes Ich - Transtoyou\" \/>\n<meta property=\"og:description\" content=\"Entdecke Clindamycin f\u00fcr eine effektive Aknebehandlung. Jetzt bei Transtoyou einkaufen f\u00fcr zuverl\u00e4ssige Hilfe bei bakteriellen Hautinfektionen.\" \/>\n<meta property=\"og:url\" content=\"https:\/\/www.transtoyou.com\/de\/product\/clindamycin\/\" \/>\n<meta property=\"og:site_name\" content=\"Transtoyou - DE\" \/>\n<meta property=\"article:modified_time\" content=\"2026-02-13T09:37:08+00:00\" \/>\n<meta name=\"twitter:card\" content=\"summary_large_image\" \/>\n<meta name=\"twitter:label1\" content=\"Gesch\u00e4tzte Lesezeit\" \/>\n\t<meta name=\"twitter:data1\" content=\"1\u00a0Minute\" \/>\n<script type=\"application\/ld+json\" class=\"yoast-schema-graph\">{\"@context\":\"https:\/\/schema.org\",\"@graph\":[{\"@type\":\"WebPage\",\"@id\":\"https:\/\/www.transtoyou.com\/de\/product\/clindamycin\/\",\"url\":\"https:\/\/www.transtoyou.com\/de\/product\/clindamycin\/\",\"name\":\"Clindamycin | Klare Haut, Selbstbewusstes Ich - Transtoyou\",\"isPartOf\":{\"@id\":\"https:\/\/www.transtoyou.com\/de\/#website\"},\"primaryImageOfPage\":{\"@id\":\"https:\/\/www.transtoyou.com\/de\/product\/clindamycin\/#primaryimage\"},\"image\":{\"@id\":\"https:\/\/www.transtoyou.com\/de\/product\/clindamycin\/#primaryimage\"},\"thumbnailUrl\":\"https:\/\/www.transtoyou.com\/de\/wp-content\/uploads\/sites\/4\/2026\/01\/tty-no-product-image-153.webp\",\"datePublished\":\"2026-01-25T06:59:34+00:00\",\"dateModified\":\"2026-02-13T09:37:08+00:00\",\"description\":\"Entdecke Clindamycin f\u00fcr eine effektive Aknebehandlung. Jetzt bei Transtoyou einkaufen f\u00fcr zuverl\u00e4ssige Hilfe bei bakteriellen Hautinfektionen.\",\"breadcrumb\":{\"@id\":\"https:\/\/www.transtoyou.com\/de\/product\/clindamycin\/#breadcrumb\"},\"inLanguage\":\"de\",\"potentialAction\":[{\"@type\":\"ReadAction\",\"target\":[\"https:\/\/www.transtoyou.com\/de\/product\/clindamycin\/\"]}]},{\"@type\":\"ImageObject\",\"inLanguage\":\"de\",\"@id\":\"https:\/\/www.transtoyou.com\/de\/product\/clindamycin\/#primaryimage\",\"url\":\"https:\/\/www.transtoyou.com\/de\/wp-content\/uploads\/sites\/4\/2026\/01\/tty-no-product-image-153.webp\",\"contentUrl\":\"https:\/\/www.transtoyou.com\/de\/wp-content\/uploads\/sites\/4\/2026\/01\/tty-no-product-image-153.webp\",\"width\":1000,\"height\":1000,\"caption\":\"Standardproduktbild\"},{\"@type\":\"WebSite\",\"@id\":\"https:\/\/www.transtoyou.com\/de\/#website\",\"url\":\"https:\/\/www.transtoyou.com\/de\/\",\"name\":\"Transtoyou - DE\",\"description\":\"DE\",\"publisher\":{\"@id\":\"https:\/\/www.transtoyou.com\/de\/#organization\"},\"potentialAction\":[{\"@type\":\"SearchAction\",\"target\":{\"@type\":\"EntryPoint\",\"urlTemplate\":\"https:\/\/www.transtoyou.com\/de\/?s={search_term_string}\"},\"query-input\":{\"@type\":\"PropertyValueSpecification\",\"valueRequired\":true,\"valueName\":\"search_term_string\"}}],\"inLanguage\":\"de\"},{\"@type\":\"Organization\",\"@id\":\"https:\/\/www.transtoyou.com\/de\/#organization\",\"name\":\"Transtoyou - DE\",\"url\":\"https:\/\/www.transtoyou.com\/de\/\",\"logo\":{\"@type\":\"ImageObject\",\"inLanguage\":\"de\",\"@id\":\"https:\/\/www.transtoyou.com\/de\/#\/schema\/logo\/image\/\",\"url\":\"https:\/\/www.transtoyou.com\/de\/wp-content\/uploads\/sites\/4\/2026\/01\/logo-tty-menu-bar-300x87-1.webp\",\"contentUrl\":\"https:\/\/www.transtoyou.com\/de\/wp-content\/uploads\/sites\/4\/2026\/01\/logo-tty-menu-bar-300x87-1.webp\",\"width\":300,\"height\":87,\"caption\":\"Transtoyou - DE\"},\"image\":{\"@id\":\"https:\/\/www.transtoyou.com\/de\/#\/schema\/logo\/image\/\"}}]}<\/script>\n<!-- \/ Yoast SEO plugin. -->","yoast_head_json":{"title":"Clindamycin | Klare Haut, Selbstbewusstes Ich - Transtoyou","description":"Entdecke Clindamycin f\u00fcr eine effektive Aknebehandlung. Jetzt bei Transtoyou einkaufen f\u00fcr zuverl\u00e4ssige Hilfe bei bakteriellen Hautinfektionen.","robots":{"index":"noindex","follow":"follow","max-snippet":"max-snippet:-1","max-image-preview":"max-image-preview:large","max-video-preview":"max-video-preview:-1"},"og_locale":"de_DE","og_type":"article","og_title":"Clindamycin | Klare Haut, Selbstbewusstes Ich - Transtoyou","og_description":"Entdecke Clindamycin f\u00fcr eine effektive Aknebehandlung. Jetzt bei Transtoyou einkaufen f\u00fcr zuverl\u00e4ssige Hilfe bei bakteriellen Hautinfektionen.","og_url":"https:\/\/www.transtoyou.com\/de\/product\/clindamycin\/","og_site_name":"Transtoyou - DE","article_modified_time":"2026-02-13T09:37:08+00:00","twitter_card":"summary_large_image","twitter_misc":{"Gesch\u00e4tzte Lesezeit":"1\u00a0Minute"},"schema":{"@context":"https:\/\/schema.org","@graph":[{"@type":"WebPage","@id":"https:\/\/www.transtoyou.com\/de\/product\/clindamycin\/","url":"https:\/\/www.transtoyou.com\/de\/product\/clindamycin\/","name":"Clindamycin | Klare Haut, Selbstbewusstes Ich - Transtoyou","isPartOf":{"@id":"https:\/\/www.transtoyou.com\/de\/#website"},"primaryImageOfPage":{"@id":"https:\/\/www.transtoyou.com\/de\/product\/clindamycin\/#primaryimage"},"image":{"@id":"https:\/\/www.transtoyou.com\/de\/product\/clindamycin\/#primaryimage"},"thumbnailUrl":"https:\/\/www.transtoyou.com\/de\/wp-content\/uploads\/sites\/4\/2026\/01\/tty-no-product-image-153.webp","datePublished":"2026-01-25T06:59:34+00:00","dateModified":"2026-02-13T09:37:08+00:00","description":"Entdecke Clindamycin f\u00fcr eine effektive Aknebehandlung. Jetzt bei Transtoyou einkaufen f\u00fcr zuverl\u00e4ssige Hilfe bei bakteriellen Hautinfektionen.","breadcrumb":{"@id":"https:\/\/www.transtoyou.com\/de\/product\/clindamycin\/#breadcrumb"},"inLanguage":"de","potentialAction":[{"@type":"ReadAction","target":["https:\/\/www.transtoyou.com\/de\/product\/clindamycin\/"]}]},{"@type":"ImageObject","inLanguage":"de","@id":"https:\/\/www.transtoyou.com\/de\/product\/clindamycin\/#primaryimage","url":"https:\/\/www.transtoyou.com\/de\/wp-content\/uploads\/sites\/4\/2026\/01\/tty-no-product-image-153.webp","contentUrl":"https:\/\/www.transtoyou.com\/de\/wp-content\/uploads\/sites\/4\/2026\/01\/tty-no-product-image-153.webp","width":1000,"height":1000,"caption":"Standardproduktbild"},{"@type":"WebSite","@id":"https:\/\/www.transtoyou.com\/de\/#website","url":"https:\/\/www.transtoyou.com\/de\/","name":"Transtoyou - DE","description":"DE","publisher":{"@id":"https:\/\/www.transtoyou.com\/de\/#organization"},"potentialAction":[{"@type":"SearchAction","target":{"@type":"EntryPoint","urlTemplate":"https:\/\/www.transtoyou.com\/de\/?s={search_term_string}"},"query-input":{"@type":"PropertyValueSpecification","valueRequired":true,"valueName":"search_term_string"}}],"inLanguage":"de"},{"@type":"Organization","@id":"https:\/\/www.transtoyou.com\/de\/#organization","name":"Transtoyou - DE","url":"https:\/\/www.transtoyou.com\/de\/","logo":{"@type":"ImageObject","inLanguage":"de","@id":"https:\/\/www.transtoyou.com\/de\/#\/schema\/logo\/image\/","url":"https:\/\/www.transtoyou.com\/de\/wp-content\/uploads\/sites\/4\/2026\/01\/logo-tty-menu-bar-300x87-1.webp","contentUrl":"https:\/\/www.transtoyou.com\/de\/wp-content\/uploads\/sites\/4\/2026\/01\/logo-tty-menu-bar-300x87-1.webp","width":300,"height":87,"caption":"Transtoyou - DE"},"image":{"@id":"https:\/\/www.transtoyou.com\/de\/#\/schema\/logo\/image\/"}}]}},"_links":{"self":[{"href":"https:\/\/www.transtoyou.com\/de\/wp-json\/wp\/v2\/product\/1184","targetHints":{"allow":["GET"]}}],"collection":[{"href":"https:\/\/www.transtoyou.com\/de\/wp-json\/wp\/v2\/product"}],"about":[{"href":"https:\/\/www.transtoyou.com\/de\/wp-json\/wp\/v2\/types\/product"}],"replies":[{"embeddable":true,"href":"https:\/\/www.transtoyou.com\/de\/wp-json\/wp\/v2\/comments?post=1184"}],"wp:featuredmedia":[{"embeddable":true,"href":"https:\/\/www.transtoyou.com\/de\/wp-json\/wp\/v2\/media\/1186"}],"wp:attachment":[{"href":"https:\/\/www.transtoyou.com\/de\/wp-json\/wp\/v2\/media?parent=1184"}],"wp:term":[{"taxonomy":"product_brand","embeddable":true,"href":"https:\/\/www.transtoyou.com\/de\/wp-json\/wp\/v2\/product_brand?post=1184"},{"taxonomy":"product_cat","embeddable":true,"href":"https:\/\/www.transtoyou.com\/de\/wp-json\/wp\/v2\/product_cat?post=1184"},{"taxonomy":"product_tag","embeddable":true,"href":"https:\/\/www.transtoyou.com\/de\/wp-json\/wp\/v2\/product_tag?post=1184"},{"taxonomy":"expert","embeddable":true,"href":"https:\/\/www.transtoyou.com\/de\/wp-json\/wp\/v2\/expert?post=1184"}],"curies":[{"name":"wp","href":"https:\/\/api.w.org\/{rel}","templated":true}]}}