{"id":1187,"date":"2026-01-25T19:04:24","date_gmt":"2026-01-25T17:04:24","guid":{"rendered":"https:\/\/www.transtoyou.com\/de\/product\/doxycycline\/"},"modified":"2026-02-14T12:57:39","modified_gmt":"2026-02-14T10:57:39","slug":"doxycyclin","status":"publish","type":"product","link":"https:\/\/www.transtoyou.com\/de\/product\/doxycyclin\/","title":{"rendered":"Doxycyclin"},"content":{"rendered":"<p>Doxycyclin ist ein weit verbreitetes Antibiotikum, das hilft, viele Arten von bakteriellen Infektionen zu behandeln. Es geh\u00f6rt zu einer Gruppe von Antibiotika, die Tetracycline genannt werden. Doxycyclin wirkt, indem es Bakterien daran hindert, die Proteine zu produzieren, die sie zum Wachsen und \u00dcberleben ben\u00f6tigen. Dies geschieht, indem es sich an einen Teil des Ribosoms der Bakterien anheftet, speziell an die 30S-Untereinheit, die die Proteinproduktion blockiert. Ohne diese Proteine k\u00f6nnen die Bakterien nicht wachsen oder sich vermehren, was es dem Immunsystem des K\u00f6rpers erleichtert, die Infektion zu beseitigen.<\/p>\n<p>Dieses Medikament wird h\u00e4ufig bei Atemwegsinfektionen wie Pneumonie, Bronchitis und Sinusitis sowie bei Harnwegsinfektionen (HWI) und Hautinfektionen verschrieben. Es wird auch zur Behandlung von sexuell \u00fcbertragbaren Infektionen (STI) eingesetzt, einschlie\u00dflich Chlamydien und Gonorrh\u00f6. Dar\u00fcber hinaus spielt Doxycyclin eine Rolle bei der Behandlung von Lyme-Borreliose, Augeninfektionen, Zahnfleischerkrankungen (Parodontalerkrankungen) und Akne. Es wird auch h\u00e4ufig als vorbeugende Behandlung gegen Malaria bei Personen verwendet, die in Gebiete reisen, in denen die Krankheit verbreitet ist.<\/p>\n<p>Doxycyclin wirkt im gesamten K\u00f6rper, indem es in den Blutkreislauf gelangt und Bakterien dort angreift, wo die Infektion lokalisiert ist. Es lindert nicht direkt Schmerzen oder reduziert Entz\u00fcndungen, aber indem es die Infektion stoppt, hilft es, Symptome wie Schwellungen, Fieber und Unbehagen zu reduzieren. Bei Hauterkrankungen wie Akne oder Rosazea hilft Doxycyclin auch, Entz\u00fcndungen zu reduzieren, was im Laufe der Zeit zu klarerer, ruhigerer Haut f\u00fchrt.<\/p>\n<p>Einer der Hauptvorteile von Doxycyclin ist seine Breitbandaktivit\u00e4t, was bedeutet, dass es viele verschiedene Arten von Bakterien behandeln kann. Es wird normalerweise einmal oder zweimal t\u00e4glich eingenommen und ist in Tabletten oder Kapseln erh\u00e4ltlich, was die Anwendung erleichtert. Bei richtiger Einnahme gilt es als sicher und effektiv, mit Nebenwirkungen, die normalerweise mild und handhabbar sind.<\/p>\n","protected":false},"excerpt":{"rendered":"<ul>\n<li>Breitbandantibiotikum gegen bakterielle Infektionen<\/li>\n<li>Bek\u00e4mpft Akne, indem es Bakterien beseitigt und Entz\u00fcndungen reduziert<\/li>\n<li>Verhindert Malaria in Hochrisikogebieten<\/li>\n<\/ul>\n","protected":false},"featured_media":1189,"comment_status":"open","ping_status":"closed","template":"","meta":[],"product_brand":[],"product_cat":[76,82,93,128],"product_tag":[],"expert":[18],"class_list":{"0":"post-1187","1":"product","2":"type-product","3":"status-publish","4":"has-post-thumbnail","6":"product_cat-akne","7":"product_cat-antibiotika-infektionen","8":"product_cat-chlamydien","9":"product_cat-gonorrhoe","10":"expert-dr-g-varbanov","12":"first","13":"instock","14":"shipping-taxable","15":"product-type-variable"},"yoast_head":"<!-- This site is optimized with the Yoast SEO plugin v27.0 - https:\/\/yoast.com\/product\/yoast-seo-wordpress\/ -->\n<title>Doxycyclin | Effektives Antibiotikum gegen Infektionen - Transtoyou<\/title>\n<meta name=\"description\" content=\"Doxycyclin, ein vielseitiges Antibiotikum zur Behandlung bakterieller Infektionen, ist bei Transtoyou erh\u00e4ltlich. Sicher, effektiv und von \u00c4rzten verschrieben.\" \/>\n<meta name=\"robots\" content=\"noindex, follow, max-snippet:-1, max-image-preview:large, max-video-preview:-1\" \/>\n<meta property=\"og:locale\" content=\"de_DE\" \/>\n<meta property=\"og:type\" content=\"article\" \/>\n<meta property=\"og:title\" content=\"Doxycyclin | Effektives Antibiotikum gegen Infektionen - Transtoyou\" \/>\n<meta property=\"og:description\" content=\"Doxycyclin, ein vielseitiges Antibiotikum zur Behandlung bakterieller Infektionen, ist bei Transtoyou erh\u00e4ltlich. Sicher, effektiv und von \u00c4rzten verschrieben.\" \/>\n<meta property=\"og:url\" content=\"https:\/\/www.transtoyou.com\/de\/product\/doxycycline\/\" \/>\n<meta property=\"og:site_name\" content=\"Transtoyou - DE\" \/>\n<meta property=\"article:modified_time\" content=\"2026-02-14T10:57:39+00:00\" \/>\n<meta name=\"twitter:card\" content=\"summary_large_image\" \/>\n<meta name=\"twitter:label1\" content=\"Gesch\u00e4tzte Lesezeit\" \/>\n\t<meta name=\"twitter:data1\" content=\"1\u00a0Minute\" \/>\n<script type=\"application\/ld+json\" class=\"yoast-schema-graph\">{\"@context\":\"https:\/\/schema.org\",\"@graph\":[{\"@type\":\"WebPage\",\"@id\":\"https:\/\/www.transtoyou.com\/de\/product\/doxycycline\/\",\"url\":\"https:\/\/www.transtoyou.com\/de\/product\/doxycycline\/\",\"name\":\"Doxycyclin | Effektives Antibiotikum gegen Infektionen - Transtoyou\",\"isPartOf\":{\"@id\":\"https:\/\/www.transtoyou.com\/de\/#website\"},\"primaryImageOfPage\":{\"@id\":\"https:\/\/www.transtoyou.com\/de\/product\/doxycycline\/#primaryimage\"},\"image\":{\"@id\":\"https:\/\/www.transtoyou.com\/de\/product\/doxycycline\/#primaryimage\"},\"thumbnailUrl\":\"https:\/\/www.transtoyou.com\/de\/wp-content\/uploads\/sites\/4\/2026\/01\/tty-no-product-image-154.webp\",\"datePublished\":\"2026-01-25T17:04:24+00:00\",\"dateModified\":\"2026-02-14T10:57:39+00:00\",\"description\":\"Doxycyclin, ein vielseitiges Antibiotikum zur Behandlung bakterieller Infektionen, ist bei Transtoyou erh\u00e4ltlich. Sicher, effektiv und von \u00c4rzten verschrieben.\",\"breadcrumb\":{\"@id\":\"https:\/\/www.transtoyou.com\/de\/product\/doxycycline\/#breadcrumb\"},\"inLanguage\":\"de\",\"potentialAction\":[{\"@type\":\"ReadAction\",\"target\":[\"https:\/\/www.transtoyou.com\/de\/product\/doxycycline\/\"]}]},{\"@type\":\"ImageObject\",\"inLanguage\":\"de\",\"@id\":\"https:\/\/www.transtoyou.com\/de\/product\/doxycycline\/#primaryimage\",\"url\":\"https:\/\/www.transtoyou.com\/de\/wp-content\/uploads\/sites\/4\/2026\/01\/tty-no-product-image-154.webp\",\"contentUrl\":\"https:\/\/www.transtoyou.com\/de\/wp-content\/uploads\/sites\/4\/2026\/01\/tty-no-product-image-154.webp\",\"width\":1000,\"height\":1000,\"caption\":\"Standardproduktbild\"},{\"@type\":\"WebSite\",\"@id\":\"https:\/\/www.transtoyou.com\/de\/#website\",\"url\":\"https:\/\/www.transtoyou.com\/de\/\",\"name\":\"Transtoyou - DE\",\"description\":\"DE\",\"publisher\":{\"@id\":\"https:\/\/www.transtoyou.com\/de\/#organization\"},\"potentialAction\":[{\"@type\":\"SearchAction\",\"target\":{\"@type\":\"EntryPoint\",\"urlTemplate\":\"https:\/\/www.transtoyou.com\/de\/?s={search_term_string}\"},\"query-input\":{\"@type\":\"PropertyValueSpecification\",\"valueRequired\":true,\"valueName\":\"search_term_string\"}}],\"inLanguage\":\"de\"},{\"@type\":\"Organization\",\"@id\":\"https:\/\/www.transtoyou.com\/de\/#organization\",\"name\":\"Transtoyou - DE\",\"url\":\"https:\/\/www.transtoyou.com\/de\/\",\"logo\":{\"@type\":\"ImageObject\",\"inLanguage\":\"de\",\"@id\":\"https:\/\/www.transtoyou.com\/de\/#\/schema\/logo\/image\/\",\"url\":\"https:\/\/www.transtoyou.com\/de\/wp-content\/uploads\/sites\/4\/2026\/01\/logo-tty-menu-bar-300x87-1.webp\",\"contentUrl\":\"https:\/\/www.transtoyou.com\/de\/wp-content\/uploads\/sites\/4\/2026\/01\/logo-tty-menu-bar-300x87-1.webp\",\"width\":300,\"height\":87,\"caption\":\"Transtoyou - DE\"},\"image\":{\"@id\":\"https:\/\/www.transtoyou.com\/de\/#\/schema\/logo\/image\/\"}}]}<\/script>\n<!-- \/ Yoast SEO plugin. -->","yoast_head_json":{"title":"Doxycyclin | Effektives Antibiotikum gegen Infektionen - Transtoyou","description":"Doxycyclin, ein vielseitiges Antibiotikum zur Behandlung bakterieller Infektionen, ist bei Transtoyou erh\u00e4ltlich. Sicher, effektiv und von \u00c4rzten verschrieben.","robots":{"index":"noindex","follow":"follow","max-snippet":"max-snippet:-1","max-image-preview":"max-image-preview:large","max-video-preview":"max-video-preview:-1"},"og_locale":"de_DE","og_type":"article","og_title":"Doxycyclin | Effektives Antibiotikum gegen Infektionen - Transtoyou","og_description":"Doxycyclin, ein vielseitiges Antibiotikum zur Behandlung bakterieller Infektionen, ist bei Transtoyou erh\u00e4ltlich. Sicher, effektiv und von \u00c4rzten verschrieben.","og_url":"https:\/\/www.transtoyou.com\/de\/product\/doxycycline\/","og_site_name":"Transtoyou - DE","article_modified_time":"2026-02-14T10:57:39+00:00","twitter_card":"summary_large_image","twitter_misc":{"Gesch\u00e4tzte Lesezeit":"1\u00a0Minute"},"schema":{"@context":"https:\/\/schema.org","@graph":[{"@type":"WebPage","@id":"https:\/\/www.transtoyou.com\/de\/product\/doxycycline\/","url":"https:\/\/www.transtoyou.com\/de\/product\/doxycycline\/","name":"Doxycyclin | Effektives Antibiotikum gegen Infektionen - Transtoyou","isPartOf":{"@id":"https:\/\/www.transtoyou.com\/de\/#website"},"primaryImageOfPage":{"@id":"https:\/\/www.transtoyou.com\/de\/product\/doxycycline\/#primaryimage"},"image":{"@id":"https:\/\/www.transtoyou.com\/de\/product\/doxycycline\/#primaryimage"},"thumbnailUrl":"https:\/\/www.transtoyou.com\/de\/wp-content\/uploads\/sites\/4\/2026\/01\/tty-no-product-image-154.webp","datePublished":"2026-01-25T17:04:24+00:00","dateModified":"2026-02-14T10:57:39+00:00","description":"Doxycyclin, ein vielseitiges Antibiotikum zur Behandlung bakterieller Infektionen, ist bei Transtoyou erh\u00e4ltlich. Sicher, effektiv und von \u00c4rzten verschrieben.","breadcrumb":{"@id":"https:\/\/www.transtoyou.com\/de\/product\/doxycycline\/#breadcrumb"},"inLanguage":"de","potentialAction":[{"@type":"ReadAction","target":["https:\/\/www.transtoyou.com\/de\/product\/doxycycline\/"]}]},{"@type":"ImageObject","inLanguage":"de","@id":"https:\/\/www.transtoyou.com\/de\/product\/doxycycline\/#primaryimage","url":"https:\/\/www.transtoyou.com\/de\/wp-content\/uploads\/sites\/4\/2026\/01\/tty-no-product-image-154.webp","contentUrl":"https:\/\/www.transtoyou.com\/de\/wp-content\/uploads\/sites\/4\/2026\/01\/tty-no-product-image-154.webp","width":1000,"height":1000,"caption":"Standardproduktbild"},{"@type":"WebSite","@id":"https:\/\/www.transtoyou.com\/de\/#website","url":"https:\/\/www.transtoyou.com\/de\/","name":"Transtoyou - DE","description":"DE","publisher":{"@id":"https:\/\/www.transtoyou.com\/de\/#organization"},"potentialAction":[{"@type":"SearchAction","target":{"@type":"EntryPoint","urlTemplate":"https:\/\/www.transtoyou.com\/de\/?s={search_term_string}"},"query-input":{"@type":"PropertyValueSpecification","valueRequired":true,"valueName":"search_term_string"}}],"inLanguage":"de"},{"@type":"Organization","@id":"https:\/\/www.transtoyou.com\/de\/#organization","name":"Transtoyou - DE","url":"https:\/\/www.transtoyou.com\/de\/","logo":{"@type":"ImageObject","inLanguage":"de","@id":"https:\/\/www.transtoyou.com\/de\/#\/schema\/logo\/image\/","url":"https:\/\/www.transtoyou.com\/de\/wp-content\/uploads\/sites\/4\/2026\/01\/logo-tty-menu-bar-300x87-1.webp","contentUrl":"https:\/\/www.transtoyou.com\/de\/wp-content\/uploads\/sites\/4\/2026\/01\/logo-tty-menu-bar-300x87-1.webp","width":300,"height":87,"caption":"Transtoyou - DE"},"image":{"@id":"https:\/\/www.transtoyou.com\/de\/#\/schema\/logo\/image\/"}}]}},"_links":{"self":[{"href":"https:\/\/www.transtoyou.com\/de\/wp-json\/wp\/v2\/product\/1187","targetHints":{"allow":["GET"]}}],"collection":[{"href":"https:\/\/www.transtoyou.com\/de\/wp-json\/wp\/v2\/product"}],"about":[{"href":"https:\/\/www.transtoyou.com\/de\/wp-json\/wp\/v2\/types\/product"}],"replies":[{"embeddable":true,"href":"https:\/\/www.transtoyou.com\/de\/wp-json\/wp\/v2\/comments?post=1187"}],"wp:featuredmedia":[{"embeddable":true,"href":"https:\/\/www.transtoyou.com\/de\/wp-json\/wp\/v2\/media\/1189"}],"wp:attachment":[{"href":"https:\/\/www.transtoyou.com\/de\/wp-json\/wp\/v2\/media?parent=1187"}],"wp:term":[{"taxonomy":"product_brand","embeddable":true,"href":"https:\/\/www.transtoyou.com\/de\/wp-json\/wp\/v2\/product_brand?post=1187"},{"taxonomy":"product_cat","embeddable":true,"href":"https:\/\/www.transtoyou.com\/de\/wp-json\/wp\/v2\/product_cat?post=1187"},{"taxonomy":"product_tag","embeddable":true,"href":"https:\/\/www.transtoyou.com\/de\/wp-json\/wp\/v2\/product_tag?post=1187"},{"taxonomy":"expert","embeddable":true,"href":"https:\/\/www.transtoyou.com\/de\/wp-json\/wp\/v2\/expert?post=1187"}],"curies":[{"name":"wp","href":"https:\/\/api.w.org\/{rel}","templated":true}]}}