{"id":1196,"date":"2026-01-25T20:16:05","date_gmt":"2026-01-25T18:16:05","guid":{"rendered":"https:\/\/www.transtoyou.com\/de\/product\/antabuse\/"},"modified":"2026-02-09T14:15:05","modified_gmt":"2026-02-09T12:15:05","slug":"antabus","status":"publish","type":"product","link":"https:\/\/www.transtoyou.com\/de\/product\/antabus\/","title":{"rendered":"Antabus"},"content":{"rendered":"<p>Antabuse (Disulfiram) ist ein rezeptpflichtiges Medikament, das dazu entwickelt wurde, Personen bei ihrer Genesung von Alkoholabh\u00e4ngigkeit zu unterst\u00fctzen. Es wirkt, indem es eine akute Empfindlichkeit gegen\u00fcber Alkohol erzeugt. Wenn Alkohol konsumiert wird, w\u00e4hrend man Antabuse einnimmt, verursacht es unangenehme Wirkungen wie \u00dcbelkeit, Hitzewallungen und schnellen Herzschlag, was eine weitere Alkoholaufnahme entmutigt.<\/p>\n<p>Antabuse wird typischerweise als Teil eines umfassenden Behandlungsplans eingesetzt, der Beratung und Unterst\u00fctzungsprogramme umfasst. Es ist kein Heilmittel gegen Alkoholismus, sondern dient als Abschreckung vom Trinken und hilft den Personen, n\u00fcchtern zu bleiben.<\/p>\n<p>Antabuse wird normalerweise f\u00fcr eine langfristige Anwendung unter strenger medizinischer Aufsicht verschrieben, um die Einhaltung und Wirksamkeit sicherzustellen. Es ist in Tablettenform erh\u00e4ltlich und wird einmal t\u00e4glich oral eingenommen, vorzugsweise morgens.<\/p>\n<p>H\u00e4ufige Nebenwirkungen sind Schl\u00e4frigkeit, Kopfschmerzen und ein metallischer Geschmack im Mund. Seltene, aber schwerwiegende Nebenwirkungen k\u00f6nnen Lebertoxizit\u00e4t umfassen, die eine regelm\u00e4\u00dfige \u00dcberwachung der Leberfunktion w\u00e4hrend der Behandlung erfordert. Antabuse sollte niemals mit Alkohol oder alkoholhaltigen Produkten, wie bestimmten Hustens\u00e4ften oder Saucen, eingenommen werden.<\/p>\n","protected":false},"excerpt":{"rendered":"<ul>\n<li>Unterst\u00fctzt die Genesung von Alkoholabh\u00e4ngigkeit<\/li>\n<li>Wirkt als Abschreckung gegen das Trinken<\/li>\n<li>Teil eines umfassenden Behandlungsplans<\/li>\n<\/ul>\n","protected":false},"featured_media":1198,"comment_status":"open","ping_status":"closed","template":"","meta":[],"product_brand":[],"product_cat":[77],"product_tag":[],"expert":[19],"class_list":{"0":"post-1196","1":"product","2":"type-product","3":"status-publish","4":"has-post-thumbnail","6":"product_cat-alkohol-wiederherstellungshilfen","7":"expert-dr-j-vazquez","9":"first","10":"instock","11":"shipping-taxable","12":"product-type-variable"},"yoast_head":"<!-- This site is optimized with the Yoast SEO plugin v27.0 - https:\/\/yoast.com\/product\/yoast-seo-wordpress\/ -->\n<title>Antabuse | Effektive Unterst\u00fctzung f\u00fcr Abstinenz - Transtoyou<\/title>\n<meta name=\"description\" content=\"Entdecke Antabuse, ein Rezeptmittel gegen Alkoholabh\u00e4ngigkeit, erh\u00e4ltlich bei Transtoyou. Unterst\u00fctzt die N\u00fcchternheit unter \u00e4rztlicher Aufsicht.\" \/>\n<meta name=\"robots\" content=\"noindex, follow, max-snippet:-1, max-image-preview:large, max-video-preview:-1\" \/>\n<meta property=\"og:locale\" content=\"de_DE\" \/>\n<meta property=\"og:type\" content=\"article\" \/>\n<meta property=\"og:title\" content=\"Antabuse | Effektive Unterst\u00fctzung f\u00fcr Abstinenz - Transtoyou\" \/>\n<meta property=\"og:description\" content=\"Entdecke Antabuse, ein Rezeptmittel gegen Alkoholabh\u00e4ngigkeit, erh\u00e4ltlich bei Transtoyou. Unterst\u00fctzt die N\u00fcchternheit unter \u00e4rztlicher Aufsicht.\" \/>\n<meta property=\"og:url\" content=\"https:\/\/www.transtoyou.com\/de\/product\/antabuse\/\" \/>\n<meta property=\"og:site_name\" content=\"Transtoyou - DE\" \/>\n<meta property=\"article:modified_time\" content=\"2026-02-09T12:15:05+00:00\" \/>\n<meta name=\"twitter:card\" content=\"summary_large_image\" \/>\n<meta name=\"twitter:label1\" content=\"Gesch\u00e4tzte Lesezeit\" \/>\n\t<meta name=\"twitter:data1\" content=\"1\u00a0Minute\" \/>\n<script type=\"application\/ld+json\" class=\"yoast-schema-graph\">{\"@context\":\"https:\/\/schema.org\",\"@graph\":[{\"@type\":\"WebPage\",\"@id\":\"https:\/\/www.transtoyou.com\/de\/product\/antabuse\/\",\"url\":\"https:\/\/www.transtoyou.com\/de\/product\/antabuse\/\",\"name\":\"Antabuse | Effektive Unterst\u00fctzung f\u00fcr Abstinenz - Transtoyou\",\"isPartOf\":{\"@id\":\"https:\/\/www.transtoyou.com\/de\/#website\"},\"primaryImageOfPage\":{\"@id\":\"https:\/\/www.transtoyou.com\/de\/product\/antabuse\/#primaryimage\"},\"image\":{\"@id\":\"https:\/\/www.transtoyou.com\/de\/product\/antabuse\/#primaryimage\"},\"thumbnailUrl\":\"https:\/\/www.transtoyou.com\/de\/wp-content\/uploads\/sites\/4\/2026\/01\/tty-no-product-image-157.webp\",\"datePublished\":\"2026-01-25T18:16:05+00:00\",\"dateModified\":\"2026-02-09T12:15:05+00:00\",\"description\":\"Entdecke Antabuse, ein Rezeptmittel gegen Alkoholabh\u00e4ngigkeit, erh\u00e4ltlich bei Transtoyou. Unterst\u00fctzt die N\u00fcchternheit unter \u00e4rztlicher Aufsicht.\",\"breadcrumb\":{\"@id\":\"https:\/\/www.transtoyou.com\/de\/product\/antabuse\/#breadcrumb\"},\"inLanguage\":\"de\",\"potentialAction\":[{\"@type\":\"ReadAction\",\"target\":[\"https:\/\/www.transtoyou.com\/de\/product\/antabuse\/\"]}]},{\"@type\":\"ImageObject\",\"inLanguage\":\"de\",\"@id\":\"https:\/\/www.transtoyou.com\/de\/product\/antabuse\/#primaryimage\",\"url\":\"https:\/\/www.transtoyou.com\/de\/wp-content\/uploads\/sites\/4\/2026\/01\/tty-no-product-image-157.webp\",\"contentUrl\":\"https:\/\/www.transtoyou.com\/de\/wp-content\/uploads\/sites\/4\/2026\/01\/tty-no-product-image-157.webp\",\"width\":1000,\"height\":1000,\"caption\":\"Standardproduktbild\"},{\"@type\":\"WebSite\",\"@id\":\"https:\/\/www.transtoyou.com\/de\/#website\",\"url\":\"https:\/\/www.transtoyou.com\/de\/\",\"name\":\"Transtoyou - DE\",\"description\":\"DE\",\"publisher\":{\"@id\":\"https:\/\/www.transtoyou.com\/de\/#organization\"},\"potentialAction\":[{\"@type\":\"SearchAction\",\"target\":{\"@type\":\"EntryPoint\",\"urlTemplate\":\"https:\/\/www.transtoyou.com\/de\/?s={search_term_string}\"},\"query-input\":{\"@type\":\"PropertyValueSpecification\",\"valueRequired\":true,\"valueName\":\"search_term_string\"}}],\"inLanguage\":\"de\"},{\"@type\":\"Organization\",\"@id\":\"https:\/\/www.transtoyou.com\/de\/#organization\",\"name\":\"Transtoyou - DE\",\"url\":\"https:\/\/www.transtoyou.com\/de\/\",\"logo\":{\"@type\":\"ImageObject\",\"inLanguage\":\"de\",\"@id\":\"https:\/\/www.transtoyou.com\/de\/#\/schema\/logo\/image\/\",\"url\":\"https:\/\/www.transtoyou.com\/de\/wp-content\/uploads\/sites\/4\/2026\/01\/logo-tty-menu-bar-300x87-1.webp\",\"contentUrl\":\"https:\/\/www.transtoyou.com\/de\/wp-content\/uploads\/sites\/4\/2026\/01\/logo-tty-menu-bar-300x87-1.webp\",\"width\":300,\"height\":87,\"caption\":\"Transtoyou - DE\"},\"image\":{\"@id\":\"https:\/\/www.transtoyou.com\/de\/#\/schema\/logo\/image\/\"}}]}<\/script>\n<!-- \/ Yoast SEO plugin. -->","yoast_head_json":{"title":"Antabuse | Effektive Unterst\u00fctzung f\u00fcr Abstinenz - Transtoyou","description":"Entdecke Antabuse, ein Rezeptmittel gegen Alkoholabh\u00e4ngigkeit, erh\u00e4ltlich bei Transtoyou. Unterst\u00fctzt die N\u00fcchternheit unter \u00e4rztlicher Aufsicht.","robots":{"index":"noindex","follow":"follow","max-snippet":"max-snippet:-1","max-image-preview":"max-image-preview:large","max-video-preview":"max-video-preview:-1"},"og_locale":"de_DE","og_type":"article","og_title":"Antabuse | Effektive Unterst\u00fctzung f\u00fcr Abstinenz - Transtoyou","og_description":"Entdecke Antabuse, ein Rezeptmittel gegen Alkoholabh\u00e4ngigkeit, erh\u00e4ltlich bei Transtoyou. Unterst\u00fctzt die N\u00fcchternheit unter \u00e4rztlicher Aufsicht.","og_url":"https:\/\/www.transtoyou.com\/de\/product\/antabuse\/","og_site_name":"Transtoyou - DE","article_modified_time":"2026-02-09T12:15:05+00:00","twitter_card":"summary_large_image","twitter_misc":{"Gesch\u00e4tzte Lesezeit":"1\u00a0Minute"},"schema":{"@context":"https:\/\/schema.org","@graph":[{"@type":"WebPage","@id":"https:\/\/www.transtoyou.com\/de\/product\/antabuse\/","url":"https:\/\/www.transtoyou.com\/de\/product\/antabuse\/","name":"Antabuse | Effektive Unterst\u00fctzung f\u00fcr Abstinenz - Transtoyou","isPartOf":{"@id":"https:\/\/www.transtoyou.com\/de\/#website"},"primaryImageOfPage":{"@id":"https:\/\/www.transtoyou.com\/de\/product\/antabuse\/#primaryimage"},"image":{"@id":"https:\/\/www.transtoyou.com\/de\/product\/antabuse\/#primaryimage"},"thumbnailUrl":"https:\/\/www.transtoyou.com\/de\/wp-content\/uploads\/sites\/4\/2026\/01\/tty-no-product-image-157.webp","datePublished":"2026-01-25T18:16:05+00:00","dateModified":"2026-02-09T12:15:05+00:00","description":"Entdecke Antabuse, ein Rezeptmittel gegen Alkoholabh\u00e4ngigkeit, erh\u00e4ltlich bei Transtoyou. Unterst\u00fctzt die N\u00fcchternheit unter \u00e4rztlicher Aufsicht.","breadcrumb":{"@id":"https:\/\/www.transtoyou.com\/de\/product\/antabuse\/#breadcrumb"},"inLanguage":"de","potentialAction":[{"@type":"ReadAction","target":["https:\/\/www.transtoyou.com\/de\/product\/antabuse\/"]}]},{"@type":"ImageObject","inLanguage":"de","@id":"https:\/\/www.transtoyou.com\/de\/product\/antabuse\/#primaryimage","url":"https:\/\/www.transtoyou.com\/de\/wp-content\/uploads\/sites\/4\/2026\/01\/tty-no-product-image-157.webp","contentUrl":"https:\/\/www.transtoyou.com\/de\/wp-content\/uploads\/sites\/4\/2026\/01\/tty-no-product-image-157.webp","width":1000,"height":1000,"caption":"Standardproduktbild"},{"@type":"WebSite","@id":"https:\/\/www.transtoyou.com\/de\/#website","url":"https:\/\/www.transtoyou.com\/de\/","name":"Transtoyou - DE","description":"DE","publisher":{"@id":"https:\/\/www.transtoyou.com\/de\/#organization"},"potentialAction":[{"@type":"SearchAction","target":{"@type":"EntryPoint","urlTemplate":"https:\/\/www.transtoyou.com\/de\/?s={search_term_string}"},"query-input":{"@type":"PropertyValueSpecification","valueRequired":true,"valueName":"search_term_string"}}],"inLanguage":"de"},{"@type":"Organization","@id":"https:\/\/www.transtoyou.com\/de\/#organization","name":"Transtoyou - DE","url":"https:\/\/www.transtoyou.com\/de\/","logo":{"@type":"ImageObject","inLanguage":"de","@id":"https:\/\/www.transtoyou.com\/de\/#\/schema\/logo\/image\/","url":"https:\/\/www.transtoyou.com\/de\/wp-content\/uploads\/sites\/4\/2026\/01\/logo-tty-menu-bar-300x87-1.webp","contentUrl":"https:\/\/www.transtoyou.com\/de\/wp-content\/uploads\/sites\/4\/2026\/01\/logo-tty-menu-bar-300x87-1.webp","width":300,"height":87,"caption":"Transtoyou - DE"},"image":{"@id":"https:\/\/www.transtoyou.com\/de\/#\/schema\/logo\/image\/"}}]}},"_links":{"self":[{"href":"https:\/\/www.transtoyou.com\/de\/wp-json\/wp\/v2\/product\/1196","targetHints":{"allow":["GET"]}}],"collection":[{"href":"https:\/\/www.transtoyou.com\/de\/wp-json\/wp\/v2\/product"}],"about":[{"href":"https:\/\/www.transtoyou.com\/de\/wp-json\/wp\/v2\/types\/product"}],"replies":[{"embeddable":true,"href":"https:\/\/www.transtoyou.com\/de\/wp-json\/wp\/v2\/comments?post=1196"}],"wp:featuredmedia":[{"embeddable":true,"href":"https:\/\/www.transtoyou.com\/de\/wp-json\/wp\/v2\/media\/1198"}],"wp:attachment":[{"href":"https:\/\/www.transtoyou.com\/de\/wp-json\/wp\/v2\/media?parent=1196"}],"wp:term":[{"taxonomy":"product_brand","embeddable":true,"href":"https:\/\/www.transtoyou.com\/de\/wp-json\/wp\/v2\/product_brand?post=1196"},{"taxonomy":"product_cat","embeddable":true,"href":"https:\/\/www.transtoyou.com\/de\/wp-json\/wp\/v2\/product_cat?post=1196"},{"taxonomy":"product_tag","embeddable":true,"href":"https:\/\/www.transtoyou.com\/de\/wp-json\/wp\/v2\/product_tag?post=1196"},{"taxonomy":"expert","embeddable":true,"href":"https:\/\/www.transtoyou.com\/de\/wp-json\/wp\/v2\/expert?post=1196"}],"curies":[{"name":"wp","href":"https:\/\/api.w.org\/{rel}","templated":true}]}}