{"id":1199,"date":"2026-01-25T20:33:18","date_gmt":"2026-01-25T18:33:18","guid":{"rendered":"https:\/\/www.transtoyou.com\/de\/product\/grazax\/"},"modified":"2026-02-18T16:44:46","modified_gmt":"2026-02-18T14:44:46","slug":"grazax","status":"publish","type":"product","link":"https:\/\/www.transtoyou.com\/de\/product\/grazax\/","title":{"rendered":"Grazax"},"content":{"rendered":"<p>Grazax ist eine sublinguale Immuntherapie (SLIT) Tablette, die entwickelt wurde, um Gr\u00e4serpollenallergien zu behandeln, indem das Immunsystem schrittweise gegen Gr\u00e4serpollenallergene desensibilisiert wird. Es enth\u00e4lt einen standardisierten Allergenextrakt aus Timothy-Gr\u00e4serpollen, der hilft, die Schwere allergischer Reaktionen im Laufe der Zeit zu verringern.<\/p>\n<p>Grazax wird typischerweise f\u00fcr Personen mit schweren Gr\u00e4serpollenallergien verschrieben, die ihre Lebensqualit\u00e4t erheblich beeintr\u00e4chtigen. Es wird einmal t\u00e4glich eingenommen, beginnend mehrere Monate vor und w\u00e4hrend der gesamten Gr\u00e4serpollen-Saison f\u00fcr optimale Wirksamkeit.<\/p>\n<p>Die Behandlung funktioniert, indem das Immunsystem kleinen, kontrollierten Dosen von Gr\u00e4serpollenallergenen ausgesetzt wird, wodurch die Empfindlichkeit des K\u00f6rpers verringert und langfristige Linderung verschafft wird. Grazax ist am effektivsten, wenn es Teil eines umfassenden Allergiemanagementplans ist, der das Vermeiden von Allergenen und die Verwendung anderer Medikamente nach Bedarf umfasst.<\/p>\n<p>H\u00e4ufige Nebenwirkungen sind leichtes Jucken oder Schwellungen im Mund, Halsreizungen oder gastrointestinales Unbehagen, die normalerweise verschwinden, w\u00e4hrend sich der K\u00f6rper an die Behandlung gew\u00f6hnt.<\/p>\n","protected":false},"excerpt":{"rendered":"<ul>\n<li>Reduziert die Symptome von Gr\u00e4serpollenallergien<\/li>\n<li>Desensibilisiert das Immunsystem<\/li>\n<li>Praktische einmal t\u00e4gliche Sublingualtablette<\/li>\n<\/ul>\n","protected":false},"featured_media":1201,"comment_status":"open","ping_status":"closed","template":"","meta":[],"product_brand":[],"product_cat":[79],"product_tag":[],"expert":[19],"class_list":{"0":"post-1199","1":"product","2":"type-product","3":"status-publish","4":"has-post-thumbnail","6":"product_cat-allergie-und-heuschnupfenmittel","7":"expert-dr-j-vazquez","9":"first","10":"instock","11":"shipping-taxable","12":"product-type-variable"},"yoast_head":"<!-- This site is optimized with the Yoast SEO plugin v27.0 - https:\/\/yoast.com\/product\/yoast-seo-wordpress\/ -->\n<title>Grazax | Allergie-Linderung &amp; Immununterst\u00fctzung - Transtoyou<\/title>\n<meta name=\"description\" content=\"Entdecke Grazax, eine SLIT-Tablette gegen Gr\u00e4serpollenallergien. Verbessere dein Leben mit langfristiger Desensibilisierung. Jetzt bei Transtoyou kaufen.\" \/>\n<meta name=\"robots\" content=\"noindex, follow, max-snippet:-1, max-image-preview:large, max-video-preview:-1\" \/>\n<meta property=\"og:locale\" content=\"de_DE\" \/>\n<meta property=\"og:type\" content=\"article\" \/>\n<meta property=\"og:title\" content=\"Grazax | Allergie-Linderung &amp; Immununterst\u00fctzung - Transtoyou\" \/>\n<meta property=\"og:description\" content=\"Entdecke Grazax, eine SLIT-Tablette gegen Gr\u00e4serpollenallergien. Verbessere dein Leben mit langfristiger Desensibilisierung. Jetzt bei Transtoyou kaufen.\" \/>\n<meta property=\"og:url\" content=\"https:\/\/www.transtoyou.com\/de\/product\/grazax\/\" \/>\n<meta property=\"og:site_name\" content=\"Transtoyou - DE\" \/>\n<meta property=\"article:modified_time\" content=\"2026-02-18T14:44:46+00:00\" \/>\n<meta name=\"twitter:card\" content=\"summary_large_image\" \/>\n<meta name=\"twitter:label1\" content=\"Gesch\u00e4tzte Lesezeit\" \/>\n\t<meta name=\"twitter:data1\" content=\"1\u00a0Minute\" \/>\n<script type=\"application\/ld+json\" class=\"yoast-schema-graph\">{\"@context\":\"https:\/\/schema.org\",\"@graph\":[{\"@type\":\"WebPage\",\"@id\":\"https:\/\/www.transtoyou.com\/de\/product\/grazax\/\",\"url\":\"https:\/\/www.transtoyou.com\/de\/product\/grazax\/\",\"name\":\"Grazax | Allergie-Linderung & Immununterst\u00fctzung - Transtoyou\",\"isPartOf\":{\"@id\":\"https:\/\/www.transtoyou.com\/de\/#website\"},\"primaryImageOfPage\":{\"@id\":\"https:\/\/www.transtoyou.com\/de\/product\/grazax\/#primaryimage\"},\"image\":{\"@id\":\"https:\/\/www.transtoyou.com\/de\/product\/grazax\/#primaryimage\"},\"thumbnailUrl\":\"https:\/\/www.transtoyou.com\/de\/wp-content\/uploads\/sites\/4\/2026\/01\/tty-no-product-image-158.webp\",\"datePublished\":\"2026-01-25T18:33:18+00:00\",\"dateModified\":\"2026-02-18T14:44:46+00:00\",\"description\":\"Entdecke Grazax, eine SLIT-Tablette gegen Gr\u00e4serpollenallergien. Verbessere dein Leben mit langfristiger Desensibilisierung. Jetzt bei Transtoyou kaufen.\",\"breadcrumb\":{\"@id\":\"https:\/\/www.transtoyou.com\/de\/product\/grazax\/#breadcrumb\"},\"inLanguage\":\"de\",\"potentialAction\":[{\"@type\":\"ReadAction\",\"target\":[\"https:\/\/www.transtoyou.com\/de\/product\/grazax\/\"]}]},{\"@type\":\"ImageObject\",\"inLanguage\":\"de\",\"@id\":\"https:\/\/www.transtoyou.com\/de\/product\/grazax\/#primaryimage\",\"url\":\"https:\/\/www.transtoyou.com\/de\/wp-content\/uploads\/sites\/4\/2026\/01\/tty-no-product-image-158.webp\",\"contentUrl\":\"https:\/\/www.transtoyou.com\/de\/wp-content\/uploads\/sites\/4\/2026\/01\/tty-no-product-image-158.webp\",\"width\":1000,\"height\":1000,\"caption\":\"Standardproduktbild\"},{\"@type\":\"WebSite\",\"@id\":\"https:\/\/www.transtoyou.com\/de\/#website\",\"url\":\"https:\/\/www.transtoyou.com\/de\/\",\"name\":\"Transtoyou - DE\",\"description\":\"DE\",\"publisher\":{\"@id\":\"https:\/\/www.transtoyou.com\/de\/#organization\"},\"potentialAction\":[{\"@type\":\"SearchAction\",\"target\":{\"@type\":\"EntryPoint\",\"urlTemplate\":\"https:\/\/www.transtoyou.com\/de\/?s={search_term_string}\"},\"query-input\":{\"@type\":\"PropertyValueSpecification\",\"valueRequired\":true,\"valueName\":\"search_term_string\"}}],\"inLanguage\":\"de\"},{\"@type\":\"Organization\",\"@id\":\"https:\/\/www.transtoyou.com\/de\/#organization\",\"name\":\"Transtoyou - DE\",\"url\":\"https:\/\/www.transtoyou.com\/de\/\",\"logo\":{\"@type\":\"ImageObject\",\"inLanguage\":\"de\",\"@id\":\"https:\/\/www.transtoyou.com\/de\/#\/schema\/logo\/image\/\",\"url\":\"https:\/\/www.transtoyou.com\/de\/wp-content\/uploads\/sites\/4\/2026\/01\/logo-tty-menu-bar-300x87-1.webp\",\"contentUrl\":\"https:\/\/www.transtoyou.com\/de\/wp-content\/uploads\/sites\/4\/2026\/01\/logo-tty-menu-bar-300x87-1.webp\",\"width\":300,\"height\":87,\"caption\":\"Transtoyou - DE\"},\"image\":{\"@id\":\"https:\/\/www.transtoyou.com\/de\/#\/schema\/logo\/image\/\"}}]}<\/script>\n<!-- \/ Yoast SEO plugin. -->","yoast_head_json":{"title":"Grazax | Allergie-Linderung & Immununterst\u00fctzung - Transtoyou","description":"Entdecke Grazax, eine SLIT-Tablette gegen Gr\u00e4serpollenallergien. Verbessere dein Leben mit langfristiger Desensibilisierung. Jetzt bei Transtoyou kaufen.","robots":{"index":"noindex","follow":"follow","max-snippet":"max-snippet:-1","max-image-preview":"max-image-preview:large","max-video-preview":"max-video-preview:-1"},"og_locale":"de_DE","og_type":"article","og_title":"Grazax | Allergie-Linderung & Immununterst\u00fctzung - Transtoyou","og_description":"Entdecke Grazax, eine SLIT-Tablette gegen Gr\u00e4serpollenallergien. Verbessere dein Leben mit langfristiger Desensibilisierung. Jetzt bei Transtoyou kaufen.","og_url":"https:\/\/www.transtoyou.com\/de\/product\/grazax\/","og_site_name":"Transtoyou - DE","article_modified_time":"2026-02-18T14:44:46+00:00","twitter_card":"summary_large_image","twitter_misc":{"Gesch\u00e4tzte Lesezeit":"1\u00a0Minute"},"schema":{"@context":"https:\/\/schema.org","@graph":[{"@type":"WebPage","@id":"https:\/\/www.transtoyou.com\/de\/product\/grazax\/","url":"https:\/\/www.transtoyou.com\/de\/product\/grazax\/","name":"Grazax | Allergie-Linderung & Immununterst\u00fctzung - Transtoyou","isPartOf":{"@id":"https:\/\/www.transtoyou.com\/de\/#website"},"primaryImageOfPage":{"@id":"https:\/\/www.transtoyou.com\/de\/product\/grazax\/#primaryimage"},"image":{"@id":"https:\/\/www.transtoyou.com\/de\/product\/grazax\/#primaryimage"},"thumbnailUrl":"https:\/\/www.transtoyou.com\/de\/wp-content\/uploads\/sites\/4\/2026\/01\/tty-no-product-image-158.webp","datePublished":"2026-01-25T18:33:18+00:00","dateModified":"2026-02-18T14:44:46+00:00","description":"Entdecke Grazax, eine SLIT-Tablette gegen Gr\u00e4serpollenallergien. Verbessere dein Leben mit langfristiger Desensibilisierung. Jetzt bei Transtoyou kaufen.","breadcrumb":{"@id":"https:\/\/www.transtoyou.com\/de\/product\/grazax\/#breadcrumb"},"inLanguage":"de","potentialAction":[{"@type":"ReadAction","target":["https:\/\/www.transtoyou.com\/de\/product\/grazax\/"]}]},{"@type":"ImageObject","inLanguage":"de","@id":"https:\/\/www.transtoyou.com\/de\/product\/grazax\/#primaryimage","url":"https:\/\/www.transtoyou.com\/de\/wp-content\/uploads\/sites\/4\/2026\/01\/tty-no-product-image-158.webp","contentUrl":"https:\/\/www.transtoyou.com\/de\/wp-content\/uploads\/sites\/4\/2026\/01\/tty-no-product-image-158.webp","width":1000,"height":1000,"caption":"Standardproduktbild"},{"@type":"WebSite","@id":"https:\/\/www.transtoyou.com\/de\/#website","url":"https:\/\/www.transtoyou.com\/de\/","name":"Transtoyou - DE","description":"DE","publisher":{"@id":"https:\/\/www.transtoyou.com\/de\/#organization"},"potentialAction":[{"@type":"SearchAction","target":{"@type":"EntryPoint","urlTemplate":"https:\/\/www.transtoyou.com\/de\/?s={search_term_string}"},"query-input":{"@type":"PropertyValueSpecification","valueRequired":true,"valueName":"search_term_string"}}],"inLanguage":"de"},{"@type":"Organization","@id":"https:\/\/www.transtoyou.com\/de\/#organization","name":"Transtoyou - DE","url":"https:\/\/www.transtoyou.com\/de\/","logo":{"@type":"ImageObject","inLanguage":"de","@id":"https:\/\/www.transtoyou.com\/de\/#\/schema\/logo\/image\/","url":"https:\/\/www.transtoyou.com\/de\/wp-content\/uploads\/sites\/4\/2026\/01\/logo-tty-menu-bar-300x87-1.webp","contentUrl":"https:\/\/www.transtoyou.com\/de\/wp-content\/uploads\/sites\/4\/2026\/01\/logo-tty-menu-bar-300x87-1.webp","width":300,"height":87,"caption":"Transtoyou - DE"},"image":{"@id":"https:\/\/www.transtoyou.com\/de\/#\/schema\/logo\/image\/"}}]}},"_links":{"self":[{"href":"https:\/\/www.transtoyou.com\/de\/wp-json\/wp\/v2\/product\/1199","targetHints":{"allow":["GET"]}}],"collection":[{"href":"https:\/\/www.transtoyou.com\/de\/wp-json\/wp\/v2\/product"}],"about":[{"href":"https:\/\/www.transtoyou.com\/de\/wp-json\/wp\/v2\/types\/product"}],"replies":[{"embeddable":true,"href":"https:\/\/www.transtoyou.com\/de\/wp-json\/wp\/v2\/comments?post=1199"}],"wp:featuredmedia":[{"embeddable":true,"href":"https:\/\/www.transtoyou.com\/de\/wp-json\/wp\/v2\/media\/1201"}],"wp:attachment":[{"href":"https:\/\/www.transtoyou.com\/de\/wp-json\/wp\/v2\/media?parent=1199"}],"wp:term":[{"taxonomy":"product_brand","embeddable":true,"href":"https:\/\/www.transtoyou.com\/de\/wp-json\/wp\/v2\/product_brand?post=1199"},{"taxonomy":"product_cat","embeddable":true,"href":"https:\/\/www.transtoyou.com\/de\/wp-json\/wp\/v2\/product_cat?post=1199"},{"taxonomy":"product_tag","embeddable":true,"href":"https:\/\/www.transtoyou.com\/de\/wp-json\/wp\/v2\/product_tag?post=1199"},{"taxonomy":"expert","embeddable":true,"href":"https:\/\/www.transtoyou.com\/de\/wp-json\/wp\/v2\/expert?post=1199"}],"curies":[{"name":"wp","href":"https:\/\/api.w.org\/{rel}","templated":true}]}}