{"id":1205,"date":"2026-01-25T21:08:49","date_gmt":"2026-01-25T19:08:49","guid":{"rendered":"https:\/\/www.transtoyou.com\/de\/product\/skinoren\/"},"modified":"2026-03-05T12:52:29","modified_gmt":"2026-03-05T10:52:29","slug":"skinoren","status":"publish","type":"product","link":"https:\/\/www.transtoyou.com\/de\/product\/skinoren\/","title":{"rendered":"Skinoren"},"content":{"rendered":"<p>Skinoren ist eine topische Creme oder ein Gel, das zur Behandlung von Akne und Rosazea verwendet wird. Der Wirkstoff, Azelains\u00e4ure, ist eine nat\u00fcrlich vorkommende Substanz mit antibakteriellen und entz\u00fcndungshemmenden Eigenschaften. Skinoren wurde entwickelt, um die h\u00e4ufigen Ausl\u00f6ser von Hautausbr\u00fcchen zu bek\u00e4mpfen, indem es R\u00f6tungen reduziert, Entz\u00fcndungen verringert und verstopfte Poren verhindert, die zu Pickeln f\u00fchren.<\/p>\n<p>Bei Akne wirkt Skinoren, indem es sanft die Oberfl\u00e4che der Haut exfoliert und das Wachstum von Bakterien reduziert, die zu Ausbr\u00fcchen beitragen. Es hilft, Mitesser, wei\u00dfe K\u00f6pfe und entz\u00fcndete Pickel zu beseitigen, w\u00e4hrend es auch hilft, postakneische Narben im Laufe der Zeit verblassen zu lassen. Im Gegensatz zu einigen st\u00e4rkeren Behandlungen wird Skinoren im Allgemeinen gut vertragen und entzieht der Haut nicht die Feuchtigkeit oder verursacht signifikante Trockenheit, wenn es wie angewiesen verwendet wird.<\/p>\n<p>Bei Rosazea reduziert Skinoren R\u00f6tungen und die kleinen sichtbaren Erhebungen, die oft auf den Wangen, der Nase und dem Kinn zu sehen sind. Es wirkt, indem es die \u00fcberaktive Immunreaktion in der Haut beruhigt, die zu Reizungen und Entz\u00fcndungen f\u00fchrt. Viele Menschen mit Rosazea stellen fest, dass ihre Haut nach konsequenter Anwendung gleichm\u00e4\u00dfiger aussieht und weniger empfindlich ist.<\/p>\n<p>Skinoren wird typischerweise zweimal t\u00e4glich in einer d\u00fcnnen Schicht auf die betroffenen Bereiche aufgetragen, einmal morgens und einmal abends auf sauberer, trockener Haut. Es kann mehrere Wochen dauern, bis sichtbare Verbesserungen auftreten, insbesondere bei Rosazea, aber allm\u00e4hliche und stetige Ver\u00e4nderungen sind ein Zeichen daf\u00fcr, dass das Produkt wirkt.<\/p>\n<p>Einige Benutzer erleben anfangs milde Nebenwirkungen, wie ein brennendes oder prickelndes Gef\u00fchl, Trockenheit oder leichte R\u00f6tung. Diese Reaktionen nehmen in der Regel mit der Zeit ab. Skinoren ist nicht f\u00fcr die Anwendung auf verletzter oder sehr empfindlicher Haut geeignet und sollte von Augen und Mund ferngehalten werden.<\/p>\n","protected":false},"excerpt":{"rendered":"<ul>\n<li>Behandelt Akne und Rosazea und reduziert R\u00f6tungen<\/li>\n<li>Hilft, zuk\u00fcnftige Ausbr\u00fcche zu verhindern<\/li>\n<li>Gleicht den Hautton aus<\/li>\n<\/ul>\n","protected":false},"featured_media":1207,"comment_status":"open","ping_status":"closed","template":"","meta":[],"product_brand":[],"product_cat":[76,163],"product_tag":[],"expert":[19],"class_list":{"0":"post-1205","1":"product","2":"type-product","3":"status-publish","4":"has-post-thumbnail","6":"product_cat-akne","7":"product_cat-rosazea","8":"expert-dr-j-vazquez","10":"first","11":"instock","12":"shipping-taxable","13":"product-type-variable"},"yoast_head":"<!-- This site is optimized with the Yoast SEO plugin v27.0 - https:\/\/yoast.com\/product\/yoast-seo-wordpress\/ -->\n<title>Skinoren | Klare Hautl\u00f6sung f\u00fcr Akne &amp; Rosazea - Transtoyou<\/title>\n<meta name=\"description\" content=\"Kaufe Skinoren bei Transtoyou, deiner vertrauensw\u00fcrdigen Quelle f\u00fcr Akne- und Rosazea-Linderung. Erlebe die Wirkung von Azelains\u00e4ure noch heute.\" \/>\n<meta name=\"robots\" content=\"noindex, follow, max-snippet:-1, max-image-preview:large, max-video-preview:-1\" \/>\n<meta property=\"og:locale\" content=\"de_DE\" \/>\n<meta property=\"og:type\" content=\"article\" \/>\n<meta property=\"og:title\" content=\"Skinoren | Klare Hautl\u00f6sung f\u00fcr Akne &amp; Rosazea - Transtoyou\" \/>\n<meta property=\"og:description\" content=\"Kaufe Skinoren bei Transtoyou, deiner vertrauensw\u00fcrdigen Quelle f\u00fcr Akne- und Rosazea-Linderung. Erlebe die Wirkung von Azelains\u00e4ure noch heute.\" \/>\n<meta property=\"og:url\" content=\"https:\/\/www.transtoyou.com\/de\/product\/skinoren\/\" \/>\n<meta property=\"og:site_name\" content=\"Transtoyou - DE\" \/>\n<meta property=\"article:modified_time\" content=\"2026-03-05T10:52:29+00:00\" \/>\n<meta name=\"twitter:card\" content=\"summary_large_image\" \/>\n<meta name=\"twitter:label1\" content=\"Gesch\u00e4tzte Lesezeit\" \/>\n\t<meta name=\"twitter:data1\" content=\"2\u00a0Minuten\" \/>\n<script type=\"application\/ld+json\" class=\"yoast-schema-graph\">{\"@context\":\"https:\/\/schema.org\",\"@graph\":[{\"@type\":\"WebPage\",\"@id\":\"https:\/\/www.transtoyou.com\/de\/product\/skinoren\/\",\"url\":\"https:\/\/www.transtoyou.com\/de\/product\/skinoren\/\",\"name\":\"Skinoren | Klare Hautl\u00f6sung f\u00fcr Akne & Rosazea - Transtoyou\",\"isPartOf\":{\"@id\":\"https:\/\/www.transtoyou.com\/de\/#website\"},\"primaryImageOfPage\":{\"@id\":\"https:\/\/www.transtoyou.com\/de\/product\/skinoren\/#primaryimage\"},\"image\":{\"@id\":\"https:\/\/www.transtoyou.com\/de\/product\/skinoren\/#primaryimage\"},\"thumbnailUrl\":\"https:\/\/www.transtoyou.com\/de\/wp-content\/uploads\/sites\/4\/2026\/01\/tty-no-product-image-160.webp\",\"datePublished\":\"2026-01-25T19:08:49+00:00\",\"dateModified\":\"2026-03-05T10:52:29+00:00\",\"description\":\"Kaufe Skinoren bei Transtoyou, deiner vertrauensw\u00fcrdigen Quelle f\u00fcr Akne- und Rosazea-Linderung. Erlebe die Wirkung von Azelains\u00e4ure noch heute.\",\"breadcrumb\":{\"@id\":\"https:\/\/www.transtoyou.com\/de\/product\/skinoren\/#breadcrumb\"},\"inLanguage\":\"de\",\"potentialAction\":[{\"@type\":\"ReadAction\",\"target\":[\"https:\/\/www.transtoyou.com\/de\/product\/skinoren\/\"]}]},{\"@type\":\"ImageObject\",\"inLanguage\":\"de\",\"@id\":\"https:\/\/www.transtoyou.com\/de\/product\/skinoren\/#primaryimage\",\"url\":\"https:\/\/www.transtoyou.com\/de\/wp-content\/uploads\/sites\/4\/2026\/01\/tty-no-product-image-160.webp\",\"contentUrl\":\"https:\/\/www.transtoyou.com\/de\/wp-content\/uploads\/sites\/4\/2026\/01\/tty-no-product-image-160.webp\",\"width\":1000,\"height\":1000,\"caption\":\"Standardproduktbild\"},{\"@type\":\"WebSite\",\"@id\":\"https:\/\/www.transtoyou.com\/de\/#website\",\"url\":\"https:\/\/www.transtoyou.com\/de\/\",\"name\":\"Transtoyou - DE\",\"description\":\"DE\",\"publisher\":{\"@id\":\"https:\/\/www.transtoyou.com\/de\/#organization\"},\"potentialAction\":[{\"@type\":\"SearchAction\",\"target\":{\"@type\":\"EntryPoint\",\"urlTemplate\":\"https:\/\/www.transtoyou.com\/de\/?s={search_term_string}\"},\"query-input\":{\"@type\":\"PropertyValueSpecification\",\"valueRequired\":true,\"valueName\":\"search_term_string\"}}],\"inLanguage\":\"de\"},{\"@type\":\"Organization\",\"@id\":\"https:\/\/www.transtoyou.com\/de\/#organization\",\"name\":\"Transtoyou - DE\",\"url\":\"https:\/\/www.transtoyou.com\/de\/\",\"logo\":{\"@type\":\"ImageObject\",\"inLanguage\":\"de\",\"@id\":\"https:\/\/www.transtoyou.com\/de\/#\/schema\/logo\/image\/\",\"url\":\"https:\/\/www.transtoyou.com\/de\/wp-content\/uploads\/sites\/4\/2026\/01\/logo-tty-menu-bar-300x87-1.webp\",\"contentUrl\":\"https:\/\/www.transtoyou.com\/de\/wp-content\/uploads\/sites\/4\/2026\/01\/logo-tty-menu-bar-300x87-1.webp\",\"width\":300,\"height\":87,\"caption\":\"Transtoyou - DE\"},\"image\":{\"@id\":\"https:\/\/www.transtoyou.com\/de\/#\/schema\/logo\/image\/\"}}]}<\/script>\n<!-- \/ Yoast SEO plugin. -->","yoast_head_json":{"title":"Skinoren | Klare Hautl\u00f6sung f\u00fcr Akne & Rosazea - Transtoyou","description":"Kaufe Skinoren bei Transtoyou, deiner vertrauensw\u00fcrdigen Quelle f\u00fcr Akne- und Rosazea-Linderung. Erlebe die Wirkung von Azelains\u00e4ure noch heute.","robots":{"index":"noindex","follow":"follow","max-snippet":"max-snippet:-1","max-image-preview":"max-image-preview:large","max-video-preview":"max-video-preview:-1"},"og_locale":"de_DE","og_type":"article","og_title":"Skinoren | Klare Hautl\u00f6sung f\u00fcr Akne & Rosazea - Transtoyou","og_description":"Kaufe Skinoren bei Transtoyou, deiner vertrauensw\u00fcrdigen Quelle f\u00fcr Akne- und Rosazea-Linderung. Erlebe die Wirkung von Azelains\u00e4ure noch heute.","og_url":"https:\/\/www.transtoyou.com\/de\/product\/skinoren\/","og_site_name":"Transtoyou - DE","article_modified_time":"2026-03-05T10:52:29+00:00","twitter_card":"summary_large_image","twitter_misc":{"Gesch\u00e4tzte Lesezeit":"2\u00a0Minuten"},"schema":{"@context":"https:\/\/schema.org","@graph":[{"@type":"WebPage","@id":"https:\/\/www.transtoyou.com\/de\/product\/skinoren\/","url":"https:\/\/www.transtoyou.com\/de\/product\/skinoren\/","name":"Skinoren | Klare Hautl\u00f6sung f\u00fcr Akne & Rosazea - Transtoyou","isPartOf":{"@id":"https:\/\/www.transtoyou.com\/de\/#website"},"primaryImageOfPage":{"@id":"https:\/\/www.transtoyou.com\/de\/product\/skinoren\/#primaryimage"},"image":{"@id":"https:\/\/www.transtoyou.com\/de\/product\/skinoren\/#primaryimage"},"thumbnailUrl":"https:\/\/www.transtoyou.com\/de\/wp-content\/uploads\/sites\/4\/2026\/01\/tty-no-product-image-160.webp","datePublished":"2026-01-25T19:08:49+00:00","dateModified":"2026-03-05T10:52:29+00:00","description":"Kaufe Skinoren bei Transtoyou, deiner vertrauensw\u00fcrdigen Quelle f\u00fcr Akne- und Rosazea-Linderung. Erlebe die Wirkung von Azelains\u00e4ure noch heute.","breadcrumb":{"@id":"https:\/\/www.transtoyou.com\/de\/product\/skinoren\/#breadcrumb"},"inLanguage":"de","potentialAction":[{"@type":"ReadAction","target":["https:\/\/www.transtoyou.com\/de\/product\/skinoren\/"]}]},{"@type":"ImageObject","inLanguage":"de","@id":"https:\/\/www.transtoyou.com\/de\/product\/skinoren\/#primaryimage","url":"https:\/\/www.transtoyou.com\/de\/wp-content\/uploads\/sites\/4\/2026\/01\/tty-no-product-image-160.webp","contentUrl":"https:\/\/www.transtoyou.com\/de\/wp-content\/uploads\/sites\/4\/2026\/01\/tty-no-product-image-160.webp","width":1000,"height":1000,"caption":"Standardproduktbild"},{"@type":"WebSite","@id":"https:\/\/www.transtoyou.com\/de\/#website","url":"https:\/\/www.transtoyou.com\/de\/","name":"Transtoyou - DE","description":"DE","publisher":{"@id":"https:\/\/www.transtoyou.com\/de\/#organization"},"potentialAction":[{"@type":"SearchAction","target":{"@type":"EntryPoint","urlTemplate":"https:\/\/www.transtoyou.com\/de\/?s={search_term_string}"},"query-input":{"@type":"PropertyValueSpecification","valueRequired":true,"valueName":"search_term_string"}}],"inLanguage":"de"},{"@type":"Organization","@id":"https:\/\/www.transtoyou.com\/de\/#organization","name":"Transtoyou - DE","url":"https:\/\/www.transtoyou.com\/de\/","logo":{"@type":"ImageObject","inLanguage":"de","@id":"https:\/\/www.transtoyou.com\/de\/#\/schema\/logo\/image\/","url":"https:\/\/www.transtoyou.com\/de\/wp-content\/uploads\/sites\/4\/2026\/01\/logo-tty-menu-bar-300x87-1.webp","contentUrl":"https:\/\/www.transtoyou.com\/de\/wp-content\/uploads\/sites\/4\/2026\/01\/logo-tty-menu-bar-300x87-1.webp","width":300,"height":87,"caption":"Transtoyou - DE"},"image":{"@id":"https:\/\/www.transtoyou.com\/de\/#\/schema\/logo\/image\/"}}]}},"_links":{"self":[{"href":"https:\/\/www.transtoyou.com\/de\/wp-json\/wp\/v2\/product\/1205","targetHints":{"allow":["GET"]}}],"collection":[{"href":"https:\/\/www.transtoyou.com\/de\/wp-json\/wp\/v2\/product"}],"about":[{"href":"https:\/\/www.transtoyou.com\/de\/wp-json\/wp\/v2\/types\/product"}],"replies":[{"embeddable":true,"href":"https:\/\/www.transtoyou.com\/de\/wp-json\/wp\/v2\/comments?post=1205"}],"wp:featuredmedia":[{"embeddable":true,"href":"https:\/\/www.transtoyou.com\/de\/wp-json\/wp\/v2\/media\/1207"}],"wp:attachment":[{"href":"https:\/\/www.transtoyou.com\/de\/wp-json\/wp\/v2\/media?parent=1205"}],"wp:term":[{"taxonomy":"product_brand","embeddable":true,"href":"https:\/\/www.transtoyou.com\/de\/wp-json\/wp\/v2\/product_brand?post=1205"},{"taxonomy":"product_cat","embeddable":true,"href":"https:\/\/www.transtoyou.com\/de\/wp-json\/wp\/v2\/product_cat?post=1205"},{"taxonomy":"product_tag","embeddable":true,"href":"https:\/\/www.transtoyou.com\/de\/wp-json\/wp\/v2\/product_tag?post=1205"},{"taxonomy":"expert","embeddable":true,"href":"https:\/\/www.transtoyou.com\/de\/wp-json\/wp\/v2\/expert?post=1205"}],"curies":[{"name":"wp","href":"https:\/\/api.w.org\/{rel}","templated":true}]}}