{"id":1214,"date":"2026-01-25T22:00:14","date_gmt":"2026-01-25T20:00:14","guid":{"rendered":"https:\/\/www.transtoyou.com\/de\/product\/duac-acne-gel\/"},"modified":"2026-02-14T11:43:00","modified_gmt":"2026-02-14T09:43:00","slug":"duac-akne-gel","status":"publish","type":"product","link":"https:\/\/www.transtoyou.com\/de\/product\/duac-akne-gel\/","title":{"rendered":"Duac Akne Gel"},"content":{"rendered":"<p>Duac Acne Gel ist ein topisches Medikament, das entwickelt wurde, um Akne zu bek\u00e4mpfen, indem es zwei kraftvolle Inhaltsstoffe kombiniert, die zusammenwirken. Die Formulierung enth\u00e4lt typischerweise einen Antibiotikum-Wirkstoff sowie eine keratolytische Komponente, die zusammen die f\u00fcr Akne verantwortlichen Bakterien reduzieren und helfen, die Poren zu befreien. Bei der Anwendung dringt das Gel tief in die Hautschichten ein, reduziert Entz\u00fcndungen und minimiert R\u00f6tungen, w\u00e4hrend es zuk\u00fcnftige Ausbr\u00fcche verhindert. Seine Wirkungsweise ist zweifach: Erstens wird die Population der akneverursachenden Bakterien verringert, und zweitens wird die Exfoliation von abgestorbenen Hautzellen gef\u00f6rdert, die die Poren blockieren k\u00f6nnen. Infolgedessen erleben die Anwender klarere Haut und eine Verringerung der H\u00e4ufigkeit von Unreinheiten.<\/p>\n<p>Die Behandlung ist f\u00fcr leichte bis mittelschwere Akne gedacht und bietet eine schnell wirkende L\u00f6sung mit einer leichten, nicht fettenden Textur, die leicht absorbiert wird. Viele Patienten bemerken innerhalb weniger Wochen regelm\u00e4\u00dfiger Anwendung Verbesserungen. Dar\u00fcber hinaus ist die sanfte Formel so konzipiert, dass sie Irritationen begrenzt und somit auch f\u00fcr die t\u00e4gliche Anwendung geeignet ist, selbst f\u00fcr Personen mit empfindlicher Haut. Neben der Reduzierung aktiver Ausbr\u00fcche hilft Duac Acne Gel, einen gleichm\u00e4\u00dfigeren Hautton und eine verbesserte Textur wiederherzustellen, was zur allgemeinen Hautgesundheit beitr\u00e4gt. Patienten wird geraten, es konsequent als Teil ihrer Hautpflegeroutine zu verwenden und zus\u00e4tzlich medizinische Ratschl\u00e4ge bez\u00fcglich Sonnenexposition und erg\u00e4nzenden Hautpflegeprodukten zu befolgen.<\/p>\n","protected":false},"excerpt":{"rendered":"<ul>\n<li>Duale Formel zur Reduzierung von Bakterien und Entz\u00fcndungen<\/li>\n<li>Leichte, nicht fettende Textur, die f\u00fcr den t\u00e4glichen Gebrauch geeignet ist<\/li>\n<li>Hilft, neue Ausbr\u00fcche zu verhindern und die Hautklarheit zu verbessern<\/li>\n<\/ul>\n","protected":false},"featured_media":1216,"comment_status":"open","ping_status":"closed","template":"","meta":[],"product_brand":[],"product_cat":[76],"product_tag":[],"expert":[21],"class_list":{"0":"post-1214","1":"product","2":"type-product","3":"status-publish","4":"has-post-thumbnail","6":"product_cat-akne","7":"expert-dr-m-sharoyko","9":"first","10":"instock","11":"shipping-taxable","12":"product-type-variable"},"yoast_head":"<!-- This site is optimized with the Yoast SEO plugin v27.0 - https:\/\/yoast.com\/product\/yoast-seo-wordpress\/ -->\n<title>Duac Akne Gel | Schnellere Hautklarheit - Transtoyou<\/title>\n<meta name=\"description\" content=\"Duac Acne Gel bek\u00e4mpft Akne mit einer dualen Formel, reduziert Bakterien und befreit die Poren. Jetzt f\u00fcr klarere Haut und weniger Pickel einkaufen!\" \/>\n<meta name=\"robots\" content=\"noindex, follow, max-snippet:-1, max-image-preview:large, max-video-preview:-1\" \/>\n<meta property=\"og:locale\" content=\"de_DE\" \/>\n<meta property=\"og:type\" content=\"article\" \/>\n<meta property=\"og:title\" content=\"Duac Akne Gel | Schnellere Hautklarheit - Transtoyou\" \/>\n<meta property=\"og:description\" content=\"Duac Acne Gel bek\u00e4mpft Akne mit einer dualen Formel, reduziert Bakterien und befreit die Poren. Jetzt f\u00fcr klarere Haut und weniger Pickel einkaufen!\" \/>\n<meta property=\"og:url\" content=\"https:\/\/www.transtoyou.com\/de\/product\/duac-acne-gel\/\" \/>\n<meta property=\"og:site_name\" content=\"Transtoyou - DE\" \/>\n<meta property=\"article:modified_time\" content=\"2026-02-14T09:43:00+00:00\" \/>\n<meta name=\"twitter:card\" content=\"summary_large_image\" \/>\n<meta name=\"twitter:label1\" content=\"Gesch\u00e4tzte Lesezeit\" \/>\n\t<meta name=\"twitter:data1\" content=\"1\u00a0Minute\" \/>\n<script type=\"application\/ld+json\" class=\"yoast-schema-graph\">{\"@context\":\"https:\/\/schema.org\",\"@graph\":[{\"@type\":\"WebPage\",\"@id\":\"https:\/\/www.transtoyou.com\/de\/product\/duac-acne-gel\/\",\"url\":\"https:\/\/www.transtoyou.com\/de\/product\/duac-acne-gel\/\",\"name\":\"Duac Akne Gel | Schnellere Hautklarheit - Transtoyou\",\"isPartOf\":{\"@id\":\"https:\/\/www.transtoyou.com\/de\/#website\"},\"primaryImageOfPage\":{\"@id\":\"https:\/\/www.transtoyou.com\/de\/product\/duac-acne-gel\/#primaryimage\"},\"image\":{\"@id\":\"https:\/\/www.transtoyou.com\/de\/product\/duac-acne-gel\/#primaryimage\"},\"thumbnailUrl\":\"https:\/\/www.transtoyou.com\/de\/wp-content\/uploads\/sites\/4\/2026\/01\/tty-no-product-image-163.webp\",\"datePublished\":\"2026-01-25T20:00:14+00:00\",\"dateModified\":\"2026-02-14T09:43:00+00:00\",\"description\":\"Duac Acne Gel bek\u00e4mpft Akne mit einer dualen Formel, reduziert Bakterien und befreit die Poren. Jetzt f\u00fcr klarere Haut und weniger Pickel einkaufen!\",\"breadcrumb\":{\"@id\":\"https:\/\/www.transtoyou.com\/de\/product\/duac-acne-gel\/#breadcrumb\"},\"inLanguage\":\"de\",\"potentialAction\":[{\"@type\":\"ReadAction\",\"target\":[\"https:\/\/www.transtoyou.com\/de\/product\/duac-acne-gel\/\"]}]},{\"@type\":\"ImageObject\",\"inLanguage\":\"de\",\"@id\":\"https:\/\/www.transtoyou.com\/de\/product\/duac-acne-gel\/#primaryimage\",\"url\":\"https:\/\/www.transtoyou.com\/de\/wp-content\/uploads\/sites\/4\/2026\/01\/tty-no-product-image-163.webp\",\"contentUrl\":\"https:\/\/www.transtoyou.com\/de\/wp-content\/uploads\/sites\/4\/2026\/01\/tty-no-product-image-163.webp\",\"width\":1000,\"height\":1000,\"caption\":\"Standardproduktbild\"},{\"@type\":\"WebSite\",\"@id\":\"https:\/\/www.transtoyou.com\/de\/#website\",\"url\":\"https:\/\/www.transtoyou.com\/de\/\",\"name\":\"Transtoyou - DE\",\"description\":\"DE\",\"publisher\":{\"@id\":\"https:\/\/www.transtoyou.com\/de\/#organization\"},\"potentialAction\":[{\"@type\":\"SearchAction\",\"target\":{\"@type\":\"EntryPoint\",\"urlTemplate\":\"https:\/\/www.transtoyou.com\/de\/?s={search_term_string}\"},\"query-input\":{\"@type\":\"PropertyValueSpecification\",\"valueRequired\":true,\"valueName\":\"search_term_string\"}}],\"inLanguage\":\"de\"},{\"@type\":\"Organization\",\"@id\":\"https:\/\/www.transtoyou.com\/de\/#organization\",\"name\":\"Transtoyou - DE\",\"url\":\"https:\/\/www.transtoyou.com\/de\/\",\"logo\":{\"@type\":\"ImageObject\",\"inLanguage\":\"de\",\"@id\":\"https:\/\/www.transtoyou.com\/de\/#\/schema\/logo\/image\/\",\"url\":\"https:\/\/www.transtoyou.com\/de\/wp-content\/uploads\/sites\/4\/2026\/01\/logo-tty-menu-bar-300x87-1.webp\",\"contentUrl\":\"https:\/\/www.transtoyou.com\/de\/wp-content\/uploads\/sites\/4\/2026\/01\/logo-tty-menu-bar-300x87-1.webp\",\"width\":300,\"height\":87,\"caption\":\"Transtoyou - DE\"},\"image\":{\"@id\":\"https:\/\/www.transtoyou.com\/de\/#\/schema\/logo\/image\/\"}}]}<\/script>\n<!-- \/ Yoast SEO plugin. -->","yoast_head_json":{"title":"Duac Akne Gel | Schnellere Hautklarheit - Transtoyou","description":"Duac Acne Gel bek\u00e4mpft Akne mit einer dualen Formel, reduziert Bakterien und befreit die Poren. Jetzt f\u00fcr klarere Haut und weniger Pickel einkaufen!","robots":{"index":"noindex","follow":"follow","max-snippet":"max-snippet:-1","max-image-preview":"max-image-preview:large","max-video-preview":"max-video-preview:-1"},"og_locale":"de_DE","og_type":"article","og_title":"Duac Akne Gel | Schnellere Hautklarheit - Transtoyou","og_description":"Duac Acne Gel bek\u00e4mpft Akne mit einer dualen Formel, reduziert Bakterien und befreit die Poren. Jetzt f\u00fcr klarere Haut und weniger Pickel einkaufen!","og_url":"https:\/\/www.transtoyou.com\/de\/product\/duac-acne-gel\/","og_site_name":"Transtoyou - DE","article_modified_time":"2026-02-14T09:43:00+00:00","twitter_card":"summary_large_image","twitter_misc":{"Gesch\u00e4tzte Lesezeit":"1\u00a0Minute"},"schema":{"@context":"https:\/\/schema.org","@graph":[{"@type":"WebPage","@id":"https:\/\/www.transtoyou.com\/de\/product\/duac-acne-gel\/","url":"https:\/\/www.transtoyou.com\/de\/product\/duac-acne-gel\/","name":"Duac Akne Gel | Schnellere Hautklarheit - Transtoyou","isPartOf":{"@id":"https:\/\/www.transtoyou.com\/de\/#website"},"primaryImageOfPage":{"@id":"https:\/\/www.transtoyou.com\/de\/product\/duac-acne-gel\/#primaryimage"},"image":{"@id":"https:\/\/www.transtoyou.com\/de\/product\/duac-acne-gel\/#primaryimage"},"thumbnailUrl":"https:\/\/www.transtoyou.com\/de\/wp-content\/uploads\/sites\/4\/2026\/01\/tty-no-product-image-163.webp","datePublished":"2026-01-25T20:00:14+00:00","dateModified":"2026-02-14T09:43:00+00:00","description":"Duac Acne Gel bek\u00e4mpft Akne mit einer dualen Formel, reduziert Bakterien und befreit die Poren. Jetzt f\u00fcr klarere Haut und weniger Pickel einkaufen!","breadcrumb":{"@id":"https:\/\/www.transtoyou.com\/de\/product\/duac-acne-gel\/#breadcrumb"},"inLanguage":"de","potentialAction":[{"@type":"ReadAction","target":["https:\/\/www.transtoyou.com\/de\/product\/duac-acne-gel\/"]}]},{"@type":"ImageObject","inLanguage":"de","@id":"https:\/\/www.transtoyou.com\/de\/product\/duac-acne-gel\/#primaryimage","url":"https:\/\/www.transtoyou.com\/de\/wp-content\/uploads\/sites\/4\/2026\/01\/tty-no-product-image-163.webp","contentUrl":"https:\/\/www.transtoyou.com\/de\/wp-content\/uploads\/sites\/4\/2026\/01\/tty-no-product-image-163.webp","width":1000,"height":1000,"caption":"Standardproduktbild"},{"@type":"WebSite","@id":"https:\/\/www.transtoyou.com\/de\/#website","url":"https:\/\/www.transtoyou.com\/de\/","name":"Transtoyou - DE","description":"DE","publisher":{"@id":"https:\/\/www.transtoyou.com\/de\/#organization"},"potentialAction":[{"@type":"SearchAction","target":{"@type":"EntryPoint","urlTemplate":"https:\/\/www.transtoyou.com\/de\/?s={search_term_string}"},"query-input":{"@type":"PropertyValueSpecification","valueRequired":true,"valueName":"search_term_string"}}],"inLanguage":"de"},{"@type":"Organization","@id":"https:\/\/www.transtoyou.com\/de\/#organization","name":"Transtoyou - DE","url":"https:\/\/www.transtoyou.com\/de\/","logo":{"@type":"ImageObject","inLanguage":"de","@id":"https:\/\/www.transtoyou.com\/de\/#\/schema\/logo\/image\/","url":"https:\/\/www.transtoyou.com\/de\/wp-content\/uploads\/sites\/4\/2026\/01\/logo-tty-menu-bar-300x87-1.webp","contentUrl":"https:\/\/www.transtoyou.com\/de\/wp-content\/uploads\/sites\/4\/2026\/01\/logo-tty-menu-bar-300x87-1.webp","width":300,"height":87,"caption":"Transtoyou - DE"},"image":{"@id":"https:\/\/www.transtoyou.com\/de\/#\/schema\/logo\/image\/"}}]}},"_links":{"self":[{"href":"https:\/\/www.transtoyou.com\/de\/wp-json\/wp\/v2\/product\/1214","targetHints":{"allow":["GET"]}}],"collection":[{"href":"https:\/\/www.transtoyou.com\/de\/wp-json\/wp\/v2\/product"}],"about":[{"href":"https:\/\/www.transtoyou.com\/de\/wp-json\/wp\/v2\/types\/product"}],"replies":[{"embeddable":true,"href":"https:\/\/www.transtoyou.com\/de\/wp-json\/wp\/v2\/comments?post=1214"}],"wp:featuredmedia":[{"embeddable":true,"href":"https:\/\/www.transtoyou.com\/de\/wp-json\/wp\/v2\/media\/1216"}],"wp:attachment":[{"href":"https:\/\/www.transtoyou.com\/de\/wp-json\/wp\/v2\/media?parent=1214"}],"wp:term":[{"taxonomy":"product_brand","embeddable":true,"href":"https:\/\/www.transtoyou.com\/de\/wp-json\/wp\/v2\/product_brand?post=1214"},{"taxonomy":"product_cat","embeddable":true,"href":"https:\/\/www.transtoyou.com\/de\/wp-json\/wp\/v2\/product_cat?post=1214"},{"taxonomy":"product_tag","embeddable":true,"href":"https:\/\/www.transtoyou.com\/de\/wp-json\/wp\/v2\/product_tag?post=1214"},{"taxonomy":"expert","embeddable":true,"href":"https:\/\/www.transtoyou.com\/de\/wp-json\/wp\/v2\/expert?post=1214"}],"curies":[{"name":"wp","href":"https:\/\/api.w.org\/{rel}","templated":true}]}}