{"id":1217,"date":"2026-01-25T22:18:38","date_gmt":"2026-01-25T20:18:38","guid":{"rendered":"https:\/\/www.transtoyou.com\/de\/product\/isotretinoin\/"},"modified":"2026-02-26T11:50:32","modified_gmt":"2026-02-26T09:50:32","slug":"isotretinoin","status":"publish","type":"product","link":"https:\/\/www.transtoyou.com\/de\/product\/isotretinoin\/","title":{"rendered":"Isotretinoin"},"content":{"rendered":"<p>Isotretinoin ist ein Medikament, das zur Behandlung von sehr schwerer Akne eingesetzt wird, insbesondere der Art, die tiefe, schmerzhafte Pickel (wie Zysten oder Kn\u00f6tchen) verursacht und sich nicht mit Cremes oder Antibiotika bessert. Es wird als Tablette eingenommen und wird normalerweise in Betracht gezogen, wenn andere Behandlungen nicht funktioniert haben. Der Wirkstoff stammt aus Vitamin A und zielt auf die Ursachen von Akne ab.<\/p>\n<p>Es wirkt, indem es die Talgdr\u00fcsen der Haut verkleinert und die Menge an produziertem \u00d6l (Sebum) reduziert. Zu viel \u00d6l kann die Poren verstopfen und zu Ausbr\u00fcchen f\u00fchren. Isotretinoin hilft auch, die Ansammlung von abgestorbenen Hautzellen in den Poren zu verhindern und die Anzahl der akneverursachenden Bakterien auf der Haut zu verringern. Da es auf mehrere Ursachen gleichzeitig wirkt, kann es im Laufe der Zeit zu klarerer Haut f\u00fchren, und es kann auch helfen, Narben zu verbessern.<\/p>\n<p>Eine typische Behandlung dauert zwischen vier und sechs Monaten. Viele Menschen bemerken, dass sich ihre Haut in dieser Zeit allm\u00e4hlich verbessert. Allerdings kann Isotretinoin Nebenwirkungen verursachen. Die h\u00e4ufigsten sind trockene Lippen, trockene Haut und Empfindlichkeit gegen\u00fcber Sonnenlicht. Einige Menschen k\u00f6nnen auch Nasenbluten, Gelenkschmerzen oder Stimmungsschwankungen erleben. Da es auch die Leber und Cholesterinwerte beeinflussen kann, sind regelm\u00e4\u00dfige Blutuntersuchungen w\u00e4hrend der Behandlung normalerweise erforderlich oder sehr empfohlen.<\/p>\n<p>Eines der schwerwiegendsten Risiken ist, dass Isotretinoin Geburtsfehler verursachen kann, wenn es w\u00e4hrend der Schwangerschaft eingenommen wird. Aus diesem Grund m\u00fcssen Personen, die schwanger werden k\u00f6nnten, zuverl\u00e4ssige Verh\u00fctungsmittel verwenden und vor sowie w\u00e4hrend der Behandlung regelm\u00e4\u00dfige Schwangerschaftstests durchf\u00fchren. Isotretinoin wird aufgrund dieser m\u00f6glichen Nebenwirkungen und Risiken nur unter medizinischer Aufsicht verschrieben.<\/p>\n","protected":false},"excerpt":{"rendered":"<ul>\n<li>Potentes Retinoid f\u00fcr schwere, behandlungsresistente Akne<\/li>\n<li>Reduziert die Talgproduktion und normalisiert den Hautzellumsatz<\/li>\n<li>Verschafft eine nachhaltige Verbesserung der Hautklarheit und -struktur<\/li>\n<\/ul>\n","protected":false},"featured_media":1219,"comment_status":"open","ping_status":"closed","template":"","meta":[],"product_brand":[],"product_cat":[76],"product_tag":[],"expert":[21],"class_list":{"0":"post-1217","1":"product","2":"type-product","3":"status-publish","4":"has-post-thumbnail","6":"product_cat-akne","7":"expert-dr-m-sharoyko","9":"first","10":"instock","11":"shipping-taxable","12":"product-type-variable"},"yoast_head":"<!-- This site is optimized with the Yoast SEO plugin v27.0 - https:\/\/yoast.com\/product\/yoast-seo-wordpress\/ -->\n<title>Isotretinoin | Zielgerichtete Akne-Linderung - Transtoyou<\/title>\n<meta name=\"description\" content=\"Isotretinoin, eine effektive Akne-L\u00f6sung, reduziert die \u00d6lproduktion und bek\u00e4mpft schmerzhafte Stellen. Jetzt bei Transtoyou f\u00fcr klarere Haut erh\u00e4ltlich.\" \/>\n<meta name=\"robots\" content=\"noindex, follow, max-snippet:-1, max-image-preview:large, max-video-preview:-1\" \/>\n<meta property=\"og:locale\" content=\"de_DE\" \/>\n<meta property=\"og:type\" content=\"article\" \/>\n<meta property=\"og:title\" content=\"Isotretinoin | Zielgerichtete Akne-Linderung - Transtoyou\" \/>\n<meta property=\"og:description\" content=\"Isotretinoin, eine effektive Akne-L\u00f6sung, reduziert die \u00d6lproduktion und bek\u00e4mpft schmerzhafte Stellen. Jetzt bei Transtoyou f\u00fcr klarere Haut erh\u00e4ltlich.\" \/>\n<meta property=\"og:url\" content=\"https:\/\/www.transtoyou.com\/de\/product\/isotretinoin\/\" \/>\n<meta property=\"og:site_name\" content=\"Transtoyou - DE\" \/>\n<meta property=\"article:modified_time\" content=\"2026-02-26T09:50:32+00:00\" \/>\n<meta name=\"twitter:card\" content=\"summary_large_image\" \/>\n<meta name=\"twitter:label1\" content=\"Gesch\u00e4tzte Lesezeit\" \/>\n\t<meta name=\"twitter:data1\" content=\"1\u00a0Minute\" \/>\n<script type=\"application\/ld+json\" class=\"yoast-schema-graph\">{\"@context\":\"https:\/\/schema.org\",\"@graph\":[{\"@type\":\"WebPage\",\"@id\":\"https:\/\/www.transtoyou.com\/de\/product\/isotretinoin\/\",\"url\":\"https:\/\/www.transtoyou.com\/de\/product\/isotretinoin\/\",\"name\":\"Isotretinoin | Zielgerichtete Akne-Linderung - Transtoyou\",\"isPartOf\":{\"@id\":\"https:\/\/www.transtoyou.com\/de\/#website\"},\"primaryImageOfPage\":{\"@id\":\"https:\/\/www.transtoyou.com\/de\/product\/isotretinoin\/#primaryimage\"},\"image\":{\"@id\":\"https:\/\/www.transtoyou.com\/de\/product\/isotretinoin\/#primaryimage\"},\"thumbnailUrl\":\"https:\/\/www.transtoyou.com\/de\/wp-content\/uploads\/sites\/4\/2026\/01\/tty-no-product-image-164.webp\",\"datePublished\":\"2026-01-25T20:18:38+00:00\",\"dateModified\":\"2026-02-26T09:50:32+00:00\",\"description\":\"Isotretinoin, eine effektive Akne-L\u00f6sung, reduziert die \u00d6lproduktion und bek\u00e4mpft schmerzhafte Stellen. Jetzt bei Transtoyou f\u00fcr klarere Haut erh\u00e4ltlich.\",\"breadcrumb\":{\"@id\":\"https:\/\/www.transtoyou.com\/de\/product\/isotretinoin\/#breadcrumb\"},\"inLanguage\":\"de\",\"potentialAction\":[{\"@type\":\"ReadAction\",\"target\":[\"https:\/\/www.transtoyou.com\/de\/product\/isotretinoin\/\"]}]},{\"@type\":\"ImageObject\",\"inLanguage\":\"de\",\"@id\":\"https:\/\/www.transtoyou.com\/de\/product\/isotretinoin\/#primaryimage\",\"url\":\"https:\/\/www.transtoyou.com\/de\/wp-content\/uploads\/sites\/4\/2026\/01\/tty-no-product-image-164.webp\",\"contentUrl\":\"https:\/\/www.transtoyou.com\/de\/wp-content\/uploads\/sites\/4\/2026\/01\/tty-no-product-image-164.webp\",\"width\":1000,\"height\":1000,\"caption\":\"Standardproduktbild\"},{\"@type\":\"WebSite\",\"@id\":\"https:\/\/www.transtoyou.com\/de\/#website\",\"url\":\"https:\/\/www.transtoyou.com\/de\/\",\"name\":\"Transtoyou - DE\",\"description\":\"DE\",\"publisher\":{\"@id\":\"https:\/\/www.transtoyou.com\/de\/#organization\"},\"potentialAction\":[{\"@type\":\"SearchAction\",\"target\":{\"@type\":\"EntryPoint\",\"urlTemplate\":\"https:\/\/www.transtoyou.com\/de\/?s={search_term_string}\"},\"query-input\":{\"@type\":\"PropertyValueSpecification\",\"valueRequired\":true,\"valueName\":\"search_term_string\"}}],\"inLanguage\":\"de\"},{\"@type\":\"Organization\",\"@id\":\"https:\/\/www.transtoyou.com\/de\/#organization\",\"name\":\"Transtoyou - DE\",\"url\":\"https:\/\/www.transtoyou.com\/de\/\",\"logo\":{\"@type\":\"ImageObject\",\"inLanguage\":\"de\",\"@id\":\"https:\/\/www.transtoyou.com\/de\/#\/schema\/logo\/image\/\",\"url\":\"https:\/\/www.transtoyou.com\/de\/wp-content\/uploads\/sites\/4\/2026\/01\/logo-tty-menu-bar-300x87-1.webp\",\"contentUrl\":\"https:\/\/www.transtoyou.com\/de\/wp-content\/uploads\/sites\/4\/2026\/01\/logo-tty-menu-bar-300x87-1.webp\",\"width\":300,\"height\":87,\"caption\":\"Transtoyou - DE\"},\"image\":{\"@id\":\"https:\/\/www.transtoyou.com\/de\/#\/schema\/logo\/image\/\"}}]}<\/script>\n<!-- \/ Yoast SEO plugin. -->","yoast_head_json":{"title":"Isotretinoin | Zielgerichtete Akne-Linderung - Transtoyou","description":"Isotretinoin, eine effektive Akne-L\u00f6sung, reduziert die \u00d6lproduktion und bek\u00e4mpft schmerzhafte Stellen. Jetzt bei Transtoyou f\u00fcr klarere Haut erh\u00e4ltlich.","robots":{"index":"noindex","follow":"follow","max-snippet":"max-snippet:-1","max-image-preview":"max-image-preview:large","max-video-preview":"max-video-preview:-1"},"og_locale":"de_DE","og_type":"article","og_title":"Isotretinoin | Zielgerichtete Akne-Linderung - Transtoyou","og_description":"Isotretinoin, eine effektive Akne-L\u00f6sung, reduziert die \u00d6lproduktion und bek\u00e4mpft schmerzhafte Stellen. Jetzt bei Transtoyou f\u00fcr klarere Haut erh\u00e4ltlich.","og_url":"https:\/\/www.transtoyou.com\/de\/product\/isotretinoin\/","og_site_name":"Transtoyou - DE","article_modified_time":"2026-02-26T09:50:32+00:00","twitter_card":"summary_large_image","twitter_misc":{"Gesch\u00e4tzte Lesezeit":"1\u00a0Minute"},"schema":{"@context":"https:\/\/schema.org","@graph":[{"@type":"WebPage","@id":"https:\/\/www.transtoyou.com\/de\/product\/isotretinoin\/","url":"https:\/\/www.transtoyou.com\/de\/product\/isotretinoin\/","name":"Isotretinoin | Zielgerichtete Akne-Linderung - Transtoyou","isPartOf":{"@id":"https:\/\/www.transtoyou.com\/de\/#website"},"primaryImageOfPage":{"@id":"https:\/\/www.transtoyou.com\/de\/product\/isotretinoin\/#primaryimage"},"image":{"@id":"https:\/\/www.transtoyou.com\/de\/product\/isotretinoin\/#primaryimage"},"thumbnailUrl":"https:\/\/www.transtoyou.com\/de\/wp-content\/uploads\/sites\/4\/2026\/01\/tty-no-product-image-164.webp","datePublished":"2026-01-25T20:18:38+00:00","dateModified":"2026-02-26T09:50:32+00:00","description":"Isotretinoin, eine effektive Akne-L\u00f6sung, reduziert die \u00d6lproduktion und bek\u00e4mpft schmerzhafte Stellen. Jetzt bei Transtoyou f\u00fcr klarere Haut erh\u00e4ltlich.","breadcrumb":{"@id":"https:\/\/www.transtoyou.com\/de\/product\/isotretinoin\/#breadcrumb"},"inLanguage":"de","potentialAction":[{"@type":"ReadAction","target":["https:\/\/www.transtoyou.com\/de\/product\/isotretinoin\/"]}]},{"@type":"ImageObject","inLanguage":"de","@id":"https:\/\/www.transtoyou.com\/de\/product\/isotretinoin\/#primaryimage","url":"https:\/\/www.transtoyou.com\/de\/wp-content\/uploads\/sites\/4\/2026\/01\/tty-no-product-image-164.webp","contentUrl":"https:\/\/www.transtoyou.com\/de\/wp-content\/uploads\/sites\/4\/2026\/01\/tty-no-product-image-164.webp","width":1000,"height":1000,"caption":"Standardproduktbild"},{"@type":"WebSite","@id":"https:\/\/www.transtoyou.com\/de\/#website","url":"https:\/\/www.transtoyou.com\/de\/","name":"Transtoyou - DE","description":"DE","publisher":{"@id":"https:\/\/www.transtoyou.com\/de\/#organization"},"potentialAction":[{"@type":"SearchAction","target":{"@type":"EntryPoint","urlTemplate":"https:\/\/www.transtoyou.com\/de\/?s={search_term_string}"},"query-input":{"@type":"PropertyValueSpecification","valueRequired":true,"valueName":"search_term_string"}}],"inLanguage":"de"},{"@type":"Organization","@id":"https:\/\/www.transtoyou.com\/de\/#organization","name":"Transtoyou - DE","url":"https:\/\/www.transtoyou.com\/de\/","logo":{"@type":"ImageObject","inLanguage":"de","@id":"https:\/\/www.transtoyou.com\/de\/#\/schema\/logo\/image\/","url":"https:\/\/www.transtoyou.com\/de\/wp-content\/uploads\/sites\/4\/2026\/01\/logo-tty-menu-bar-300x87-1.webp","contentUrl":"https:\/\/www.transtoyou.com\/de\/wp-content\/uploads\/sites\/4\/2026\/01\/logo-tty-menu-bar-300x87-1.webp","width":300,"height":87,"caption":"Transtoyou - DE"},"image":{"@id":"https:\/\/www.transtoyou.com\/de\/#\/schema\/logo\/image\/"}}]}},"_links":{"self":[{"href":"https:\/\/www.transtoyou.com\/de\/wp-json\/wp\/v2\/product\/1217","targetHints":{"allow":["GET"]}}],"collection":[{"href":"https:\/\/www.transtoyou.com\/de\/wp-json\/wp\/v2\/product"}],"about":[{"href":"https:\/\/www.transtoyou.com\/de\/wp-json\/wp\/v2\/types\/product"}],"replies":[{"embeddable":true,"href":"https:\/\/www.transtoyou.com\/de\/wp-json\/wp\/v2\/comments?post=1217"}],"wp:featuredmedia":[{"embeddable":true,"href":"https:\/\/www.transtoyou.com\/de\/wp-json\/wp\/v2\/media\/1219"}],"wp:attachment":[{"href":"https:\/\/www.transtoyou.com\/de\/wp-json\/wp\/v2\/media?parent=1217"}],"wp:term":[{"taxonomy":"product_brand","embeddable":true,"href":"https:\/\/www.transtoyou.com\/de\/wp-json\/wp\/v2\/product_brand?post=1217"},{"taxonomy":"product_cat","embeddable":true,"href":"https:\/\/www.transtoyou.com\/de\/wp-json\/wp\/v2\/product_cat?post=1217"},{"taxonomy":"product_tag","embeddable":true,"href":"https:\/\/www.transtoyou.com\/de\/wp-json\/wp\/v2\/product_tag?post=1217"},{"taxonomy":"expert","embeddable":true,"href":"https:\/\/www.transtoyou.com\/de\/wp-json\/wp\/v2\/expert?post=1217"}],"curies":[{"name":"wp","href":"https:\/\/api.w.org\/{rel}","templated":true}]}}