{"id":1226,"date":"2026-01-25T23:15:31","date_gmt":"2026-01-25T21:15:31","guid":{"rendered":"https:\/\/www.transtoyou.com\/de\/product\/spironolactone\/"},"modified":"2026-03-05T13:54:39","modified_gmt":"2026-03-05T11:54:39","slug":"spironolacton","status":"publish","type":"product","link":"https:\/\/www.transtoyou.com\/de\/product\/spironolacton\/","title":{"rendered":"Spironolacton"},"content":{"rendered":"<p>Spironolacton ist ein kaliumsparendes Diuretikum, das zur Behandlung von Erkrankungen wie Bluthochdruck, Fl\u00fcssigkeitsretention und bestimmten hormonempfindlichen St\u00f6rungen eingesetzt wird. Es wirkt, indem es Aldosteron blockiert, ein Hormon, das die Natrium- und Wasserretention f\u00f6rdert, was hilft, Fl\u00fcssigkeitsansammlungen zu reduzieren und den Blutdruck zu senken.<\/p>\n<p>Neben seinen kardiovaskul\u00e4ren Anwendungen kann Spironolacton in der feminisierenden Hormontherapie eingesetzt werden, oft f\u00fcr Transgender-Frauen und nicht-bin\u00e4re Personen. Es wirkt als Antiandrogen und kann im Laufe der Zeit die Auswirkungen von Testosteron auf Haut, Haare und K\u00f6rper verringern. Berichte \u00fcber die Wirkungen k\u00f6nnen eine verringerte Gesichts-\/K\u00f6rperbehaarung, weniger Haarausfall auf der Kopfhaut und weichere Haut umfassen, obwohl die Ver\u00e4nderungen von Person zu Person erheblich variieren k\u00f6nnen.<\/p>\n<p>Spironolacton wird normalerweise einmal oder zweimal t\u00e4glich oral eingenommen. Die Dosierung wird basierend auf dem Gesundheitszustand, den Laborergebnissen und den Behandlungszielen personalisiert. Es wird oft mit einer \u00d6strogentherapie in der geschlechtsbejahenden Versorgung kombiniert. Eine \u00dcberwachung der Nierenfunktion und der Elektrolyte wird w\u00e4hrend der Behandlung empfohlen.<\/p>\n<p>Nebenwirkungen k\u00f6nnen h\u00e4ufiges Wasserlassen, Schwindel, Brustempfindlichkeit und erh\u00f6hte Kaliumwerte umfassen. Spironolacton wird nicht f\u00fcr Personen mit schwerer Niereninsuffizienz, hohem Kalium oder Morbus Addison empfohlen.<\/p>\n","protected":false},"excerpt":{"rendered":"<ul>\n<li>Kann die Ziele der feminisierenden Therapie unterst\u00fctzen<\/li>\n<li>Reduziert androgenbedingte (testosteronbezogene) Effekte<\/li>\n<li>Hilft, den Blutdruck und die Fl\u00fcssigkeitsretention zu senken<\/li>\n<\/ul>\n","protected":false},"featured_media":1228,"comment_status":"open","ping_status":"closed","template":"","meta":[],"product_brand":[],"product_cat":[139,119],"product_tag":[],"expert":[19],"class_list":{"0":"post-1226","1":"product","2":"type-product","3":"status-publish","4":"has-post-thumbnail","6":"product_cat-bluthochdruck","7":"product_cat-ostrogen-und-feminisierungstherapie","8":"expert-dr-j-vazquez","10":"first","11":"instock","12":"shipping-taxable","13":"product-type-variable"},"yoast_head":"<!-- This site is optimized with the Yoast SEO plugin v27.0 - https:\/\/yoast.com\/product\/yoast-seo-wordpress\/ -->\n<title>Spironolacton | Effektiv den Blutdruck senken - Transtoyou<\/title>\n<meta name=\"description\" content=\"Spironolacton, hier erh\u00e4ltlich, senkt den Blutdruck, indem es Aldosteron angreift und Kalium speichert. Effektiv bei resistenter Hypertonie. Jetzt kaufen!\" \/>\n<meta name=\"robots\" content=\"noindex, follow, max-snippet:-1, max-image-preview:large, max-video-preview:-1\" \/>\n<meta property=\"og:locale\" content=\"de_DE\" \/>\n<meta property=\"og:type\" content=\"article\" \/>\n<meta property=\"og:title\" content=\"Spironolacton | Effektiv den Blutdruck senken - Transtoyou\" \/>\n<meta property=\"og:description\" content=\"Spironolacton, hier erh\u00e4ltlich, senkt den Blutdruck, indem es Aldosteron angreift und Kalium speichert. Effektiv bei resistenter Hypertonie. Jetzt kaufen!\" \/>\n<meta property=\"og:url\" content=\"https:\/\/www.transtoyou.com\/de\/product\/spironolactone\/\" \/>\n<meta property=\"og:site_name\" content=\"Transtoyou - DE\" \/>\n<meta property=\"article:modified_time\" content=\"2026-03-05T11:54:39+00:00\" \/>\n<meta name=\"twitter:card\" content=\"summary_large_image\" \/>\n<meta name=\"twitter:label1\" content=\"Gesch\u00e4tzte Lesezeit\" \/>\n\t<meta name=\"twitter:data1\" content=\"1\u00a0Minute\" \/>\n<script type=\"application\/ld+json\" class=\"yoast-schema-graph\">{\"@context\":\"https:\/\/schema.org\",\"@graph\":[{\"@type\":\"WebPage\",\"@id\":\"https:\/\/www.transtoyou.com\/de\/product\/spironolactone\/\",\"url\":\"https:\/\/www.transtoyou.com\/de\/product\/spironolactone\/\",\"name\":\"Spironolacton | Effektiv den Blutdruck senken - Transtoyou\",\"isPartOf\":{\"@id\":\"https:\/\/www.transtoyou.com\/de\/#website\"},\"primaryImageOfPage\":{\"@id\":\"https:\/\/www.transtoyou.com\/de\/product\/spironolactone\/#primaryimage\"},\"image\":{\"@id\":\"https:\/\/www.transtoyou.com\/de\/product\/spironolactone\/#primaryimage\"},\"thumbnailUrl\":\"https:\/\/www.transtoyou.com\/de\/wp-content\/uploads\/sites\/4\/2026\/01\/tty-no-product-image-167.webp\",\"datePublished\":\"2026-01-25T21:15:31+00:00\",\"dateModified\":\"2026-03-05T11:54:39+00:00\",\"description\":\"Spironolacton, hier erh\u00e4ltlich, senkt den Blutdruck, indem es Aldosteron angreift und Kalium speichert. Effektiv bei resistenter Hypertonie. Jetzt kaufen!\",\"breadcrumb\":{\"@id\":\"https:\/\/www.transtoyou.com\/de\/product\/spironolactone\/#breadcrumb\"},\"inLanguage\":\"de\",\"potentialAction\":[{\"@type\":\"ReadAction\",\"target\":[\"https:\/\/www.transtoyou.com\/de\/product\/spironolactone\/\"]}]},{\"@type\":\"ImageObject\",\"inLanguage\":\"de\",\"@id\":\"https:\/\/www.transtoyou.com\/de\/product\/spironolactone\/#primaryimage\",\"url\":\"https:\/\/www.transtoyou.com\/de\/wp-content\/uploads\/sites\/4\/2026\/01\/tty-no-product-image-167.webp\",\"contentUrl\":\"https:\/\/www.transtoyou.com\/de\/wp-content\/uploads\/sites\/4\/2026\/01\/tty-no-product-image-167.webp\",\"width\":1000,\"height\":1000,\"caption\":\"Standardproduktbild\"},{\"@type\":\"WebSite\",\"@id\":\"https:\/\/www.transtoyou.com\/de\/#website\",\"url\":\"https:\/\/www.transtoyou.com\/de\/\",\"name\":\"Transtoyou - DE\",\"description\":\"DE\",\"publisher\":{\"@id\":\"https:\/\/www.transtoyou.com\/de\/#organization\"},\"potentialAction\":[{\"@type\":\"SearchAction\",\"target\":{\"@type\":\"EntryPoint\",\"urlTemplate\":\"https:\/\/www.transtoyou.com\/de\/?s={search_term_string}\"},\"query-input\":{\"@type\":\"PropertyValueSpecification\",\"valueRequired\":true,\"valueName\":\"search_term_string\"}}],\"inLanguage\":\"de\"},{\"@type\":\"Organization\",\"@id\":\"https:\/\/www.transtoyou.com\/de\/#organization\",\"name\":\"Transtoyou - DE\",\"url\":\"https:\/\/www.transtoyou.com\/de\/\",\"logo\":{\"@type\":\"ImageObject\",\"inLanguage\":\"de\",\"@id\":\"https:\/\/www.transtoyou.com\/de\/#\/schema\/logo\/image\/\",\"url\":\"https:\/\/www.transtoyou.com\/de\/wp-content\/uploads\/sites\/4\/2026\/01\/logo-tty-menu-bar-300x87-1.webp\",\"contentUrl\":\"https:\/\/www.transtoyou.com\/de\/wp-content\/uploads\/sites\/4\/2026\/01\/logo-tty-menu-bar-300x87-1.webp\",\"width\":300,\"height\":87,\"caption\":\"Transtoyou - DE\"},\"image\":{\"@id\":\"https:\/\/www.transtoyou.com\/de\/#\/schema\/logo\/image\/\"}}]}<\/script>\n<!-- \/ Yoast SEO plugin. -->","yoast_head_json":{"title":"Spironolacton | Effektiv den Blutdruck senken - Transtoyou","description":"Spironolacton, hier erh\u00e4ltlich, senkt den Blutdruck, indem es Aldosteron angreift und Kalium speichert. Effektiv bei resistenter Hypertonie. Jetzt kaufen!","robots":{"index":"noindex","follow":"follow","max-snippet":"max-snippet:-1","max-image-preview":"max-image-preview:large","max-video-preview":"max-video-preview:-1"},"og_locale":"de_DE","og_type":"article","og_title":"Spironolacton | Effektiv den Blutdruck senken - Transtoyou","og_description":"Spironolacton, hier erh\u00e4ltlich, senkt den Blutdruck, indem es Aldosteron angreift und Kalium speichert. Effektiv bei resistenter Hypertonie. Jetzt kaufen!","og_url":"https:\/\/www.transtoyou.com\/de\/product\/spironolactone\/","og_site_name":"Transtoyou - DE","article_modified_time":"2026-03-05T11:54:39+00:00","twitter_card":"summary_large_image","twitter_misc":{"Gesch\u00e4tzte Lesezeit":"1\u00a0Minute"},"schema":{"@context":"https:\/\/schema.org","@graph":[{"@type":"WebPage","@id":"https:\/\/www.transtoyou.com\/de\/product\/spironolactone\/","url":"https:\/\/www.transtoyou.com\/de\/product\/spironolactone\/","name":"Spironolacton | Effektiv den Blutdruck senken - Transtoyou","isPartOf":{"@id":"https:\/\/www.transtoyou.com\/de\/#website"},"primaryImageOfPage":{"@id":"https:\/\/www.transtoyou.com\/de\/product\/spironolactone\/#primaryimage"},"image":{"@id":"https:\/\/www.transtoyou.com\/de\/product\/spironolactone\/#primaryimage"},"thumbnailUrl":"https:\/\/www.transtoyou.com\/de\/wp-content\/uploads\/sites\/4\/2026\/01\/tty-no-product-image-167.webp","datePublished":"2026-01-25T21:15:31+00:00","dateModified":"2026-03-05T11:54:39+00:00","description":"Spironolacton, hier erh\u00e4ltlich, senkt den Blutdruck, indem es Aldosteron angreift und Kalium speichert. Effektiv bei resistenter Hypertonie. Jetzt kaufen!","breadcrumb":{"@id":"https:\/\/www.transtoyou.com\/de\/product\/spironolactone\/#breadcrumb"},"inLanguage":"de","potentialAction":[{"@type":"ReadAction","target":["https:\/\/www.transtoyou.com\/de\/product\/spironolactone\/"]}]},{"@type":"ImageObject","inLanguage":"de","@id":"https:\/\/www.transtoyou.com\/de\/product\/spironolactone\/#primaryimage","url":"https:\/\/www.transtoyou.com\/de\/wp-content\/uploads\/sites\/4\/2026\/01\/tty-no-product-image-167.webp","contentUrl":"https:\/\/www.transtoyou.com\/de\/wp-content\/uploads\/sites\/4\/2026\/01\/tty-no-product-image-167.webp","width":1000,"height":1000,"caption":"Standardproduktbild"},{"@type":"WebSite","@id":"https:\/\/www.transtoyou.com\/de\/#website","url":"https:\/\/www.transtoyou.com\/de\/","name":"Transtoyou - DE","description":"DE","publisher":{"@id":"https:\/\/www.transtoyou.com\/de\/#organization"},"potentialAction":[{"@type":"SearchAction","target":{"@type":"EntryPoint","urlTemplate":"https:\/\/www.transtoyou.com\/de\/?s={search_term_string}"},"query-input":{"@type":"PropertyValueSpecification","valueRequired":true,"valueName":"search_term_string"}}],"inLanguage":"de"},{"@type":"Organization","@id":"https:\/\/www.transtoyou.com\/de\/#organization","name":"Transtoyou - DE","url":"https:\/\/www.transtoyou.com\/de\/","logo":{"@type":"ImageObject","inLanguage":"de","@id":"https:\/\/www.transtoyou.com\/de\/#\/schema\/logo\/image\/","url":"https:\/\/www.transtoyou.com\/de\/wp-content\/uploads\/sites\/4\/2026\/01\/logo-tty-menu-bar-300x87-1.webp","contentUrl":"https:\/\/www.transtoyou.com\/de\/wp-content\/uploads\/sites\/4\/2026\/01\/logo-tty-menu-bar-300x87-1.webp","width":300,"height":87,"caption":"Transtoyou - DE"},"image":{"@id":"https:\/\/www.transtoyou.com\/de\/#\/schema\/logo\/image\/"}}]}},"_links":{"self":[{"href":"https:\/\/www.transtoyou.com\/de\/wp-json\/wp\/v2\/product\/1226","targetHints":{"allow":["GET"]}}],"collection":[{"href":"https:\/\/www.transtoyou.com\/de\/wp-json\/wp\/v2\/product"}],"about":[{"href":"https:\/\/www.transtoyou.com\/de\/wp-json\/wp\/v2\/types\/product"}],"replies":[{"embeddable":true,"href":"https:\/\/www.transtoyou.com\/de\/wp-json\/wp\/v2\/comments?post=1226"}],"wp:featuredmedia":[{"embeddable":true,"href":"https:\/\/www.transtoyou.com\/de\/wp-json\/wp\/v2\/media\/1228"}],"wp:attachment":[{"href":"https:\/\/www.transtoyou.com\/de\/wp-json\/wp\/v2\/media?parent=1226"}],"wp:term":[{"taxonomy":"product_brand","embeddable":true,"href":"https:\/\/www.transtoyou.com\/de\/wp-json\/wp\/v2\/product_brand?post=1226"},{"taxonomy":"product_cat","embeddable":true,"href":"https:\/\/www.transtoyou.com\/de\/wp-json\/wp\/v2\/product_cat?post=1226"},{"taxonomy":"product_tag","embeddable":true,"href":"https:\/\/www.transtoyou.com\/de\/wp-json\/wp\/v2\/product_tag?post=1226"},{"taxonomy":"expert","embeddable":true,"href":"https:\/\/www.transtoyou.com\/de\/wp-json\/wp\/v2\/expert?post=1226"}],"curies":[{"name":"wp","href":"https:\/\/api.w.org\/{rel}","templated":true}]}}