{"id":1235,"date":"2026-01-26T00:06:41","date_gmt":"2026-01-25T22:06:41","guid":{"rendered":"https:\/\/www.transtoyou.com\/de\/product\/propecia\/"},"modified":"2026-03-01T16:26:56","modified_gmt":"2026-03-01T14:26:56","slug":"propecia","status":"publish","type":"product","link":"https:\/\/www.transtoyou.com\/de\/product\/propecia\/","title":{"rendered":"Propecia"},"content":{"rendered":"<p>Propecia ist ein Medikament zur Behandlung des m\u00e4nnlichen Haarausfalls, auch bekannt als androgenetische Alopezie, bei erwachsenen M\u00e4nnern. Es enth\u00e4lt den Wirkstoff Finasterid, der zu einer Gruppe von Medikamenten geh\u00f6rt, die als 5\u03b1-Reduktase-Hemmer bezeichnet werden.<\/p>\n<p>Propecia wirkt, indem es ein bestimmtes Enzym im K\u00f6rper anvisiert, das als Typ II 5\u03b1-Reduktase bekannt ist. Dieses Enzym ist verantwortlich f\u00fcr die Umwandlung von Testosteron in Dihydrotestosteron (DHT), ein Hormon, das mit Haarausfall bei genetisch anf\u00e4lligen M\u00e4nnern in Verbindung steht. Durch die Blockierung dieses Enzyms senkt Propecia die DHT-Spiegel auf der Kopfhaut und im Blut, was hilft, den Haarausfall zu verlangsamen und bei manchen M\u00e4nnern sogar das Nachwachsen neuer Haare f\u00f6rdern kann.<\/p>\n<p>Propecia wird speziell zur Behandlung des m\u00e4nnlichen Haarausfalls eingesetzt, insbesondere auf dem Scheitel (oben) und in der Mitte der Stirn. Es ist nicht f\u00fcr die Anwendung bei Frauen oder Kindern gedacht und ist bei anderen Arten von Haarausfall nicht wirksam.<\/p>\n<p>Durch die Reduzierung der DHT-Spiegel hilft Propecia, das Schrumpfen (Miniaturisierung) der Haarfollikel zu verhindern, was die Hauptursache f\u00fcr d\u00fcnner werdendes Haar und Kahlheit beim m\u00e4nnlichen Haarausfall ist. Diese Wirkung erm\u00f6glicht es den Haarfollikeln, l\u00e4nger gesund zu bleiben, die Haardichte aufrechtzuerhalten und manchmal das Nachwachsen von k\u00fcrzlich verloren gegangenen Haaren zu f\u00f6rdern.<\/p>\n<p>Der Hauptvorteil von Propecia ist die F\u00e4higkeit, den Haarausfall bei M\u00e4nnern mit m\u00e4nnlichem Haarausfall zu verlangsamen oder zu stoppen. Viele M\u00e4nner bemerken, dass ihr Haarausfall nach etwa drei Monaten konsequenter Anwendung langsamer wird, wobei einige dickeres Haar oder Nachwuchs erleben, insbesondere am Scheitel. Die Wirkung h\u00e4lt an, solange das Medikament regelm\u00e4\u00dfig eingenommen wird. Propecia wird als einmal t\u00e4glich einzunehmende Tablette eingenommen, was die Anwendung bequem macht. Es wird im Allgemeinen gut vertragen, wobei die meisten M\u00e4nner nur wenige Nebenwirkungen erfahren. Wenn das Medikament jedoch abgesetzt wird, gehen in der Regel innerhalb eines Jahres alle gewonnenen oder erhaltenen Haare verloren.<\/p>\n","protected":false},"excerpt":{"rendered":"<ul>\n<li>Verlangsamt und verhindert Haarausfall<\/li>\n<li>F\u00f6rdert das Haarwachstum bei M\u00e4nnern<\/li>\n<li>Praktische einmal t\u00e4glich einzunehmende Tablette<\/li>\n<\/ul>\n","protected":false},"featured_media":1237,"comment_status":"open","ping_status":"closed","template":"","meta":[],"product_brand":[],"product_cat":[131],"product_tag":[],"expert":[18],"class_list":{"0":"post-1235","1":"product","2":"type-product","3":"status-publish","4":"has-post-thumbnail","6":"product_cat-haarverlustlosungen","7":"expert-dr-g-varbanov","9":"first","10":"instock","11":"shipping-taxable","12":"product-type-variable"},"yoast_head":"<!-- This site is optimized with the Yoast SEO plugin v27.0 - https:\/\/yoast.com\/product\/yoast-seo-wordpress\/ -->\n<title>Propecia | Effektive L\u00f6sung gegen Haarausfall - Transtoyou<\/title>\n<meta name=\"description\" content=\"Entdecke Propecia zur Behandlung von m\u00e4nnlichem Haarausfall bei Transtoyou. Bestelle jetzt online und profitiere von gepr\u00fcften L\u00f6sungen.\" \/>\n<meta name=\"robots\" content=\"noindex, follow, max-snippet:-1, max-image-preview:large, max-video-preview:-1\" \/>\n<meta property=\"og:locale\" content=\"de_DE\" \/>\n<meta property=\"og:type\" content=\"article\" \/>\n<meta property=\"og:title\" content=\"Propecia | Effektive L\u00f6sung gegen Haarausfall - Transtoyou\" \/>\n<meta property=\"og:description\" content=\"Entdecke Propecia zur Behandlung von m\u00e4nnlichem Haarausfall bei Transtoyou. Bestelle jetzt online und profitiere von gepr\u00fcften L\u00f6sungen.\" \/>\n<meta property=\"og:url\" content=\"https:\/\/www.transtoyou.com\/de\/product\/propecia\/\" \/>\n<meta property=\"og:site_name\" content=\"Transtoyou - DE\" \/>\n<meta property=\"article:modified_time\" content=\"2026-03-01T14:26:56+00:00\" \/>\n<meta name=\"twitter:card\" content=\"summary_large_image\" \/>\n<meta name=\"twitter:label1\" content=\"Gesch\u00e4tzte Lesezeit\" \/>\n\t<meta name=\"twitter:data1\" content=\"2\u00a0Minuten\" \/>\n<script type=\"application\/ld+json\" class=\"yoast-schema-graph\">{\"@context\":\"https:\/\/schema.org\",\"@graph\":[{\"@type\":\"WebPage\",\"@id\":\"https:\/\/www.transtoyou.com\/de\/product\/propecia\/\",\"url\":\"https:\/\/www.transtoyou.com\/de\/product\/propecia\/\",\"name\":\"Propecia | Effektive L\u00f6sung gegen Haarausfall - Transtoyou\",\"isPartOf\":{\"@id\":\"https:\/\/www.transtoyou.com\/de\/#website\"},\"primaryImageOfPage\":{\"@id\":\"https:\/\/www.transtoyou.com\/de\/product\/propecia\/#primaryimage\"},\"image\":{\"@id\":\"https:\/\/www.transtoyou.com\/de\/product\/propecia\/#primaryimage\"},\"thumbnailUrl\":\"https:\/\/www.transtoyou.com\/de\/wp-content\/uploads\/sites\/4\/2026\/01\/tty-no-product-image-170.webp\",\"datePublished\":\"2026-01-25T22:06:41+00:00\",\"dateModified\":\"2026-03-01T14:26:56+00:00\",\"description\":\"Entdecke Propecia zur Behandlung von m\u00e4nnlichem Haarausfall bei Transtoyou. Bestelle jetzt online und profitiere von gepr\u00fcften L\u00f6sungen.\",\"breadcrumb\":{\"@id\":\"https:\/\/www.transtoyou.com\/de\/product\/propecia\/#breadcrumb\"},\"inLanguage\":\"de\",\"potentialAction\":[{\"@type\":\"ReadAction\",\"target\":[\"https:\/\/www.transtoyou.com\/de\/product\/propecia\/\"]}]},{\"@type\":\"ImageObject\",\"inLanguage\":\"de\",\"@id\":\"https:\/\/www.transtoyou.com\/de\/product\/propecia\/#primaryimage\",\"url\":\"https:\/\/www.transtoyou.com\/de\/wp-content\/uploads\/sites\/4\/2026\/01\/tty-no-product-image-170.webp\",\"contentUrl\":\"https:\/\/www.transtoyou.com\/de\/wp-content\/uploads\/sites\/4\/2026\/01\/tty-no-product-image-170.webp\",\"width\":1000,\"height\":1000,\"caption\":\"Standardproduktbild\"},{\"@type\":\"WebSite\",\"@id\":\"https:\/\/www.transtoyou.com\/de\/#website\",\"url\":\"https:\/\/www.transtoyou.com\/de\/\",\"name\":\"Transtoyou - DE\",\"description\":\"DE\",\"publisher\":{\"@id\":\"https:\/\/www.transtoyou.com\/de\/#organization\"},\"potentialAction\":[{\"@type\":\"SearchAction\",\"target\":{\"@type\":\"EntryPoint\",\"urlTemplate\":\"https:\/\/www.transtoyou.com\/de\/?s={search_term_string}\"},\"query-input\":{\"@type\":\"PropertyValueSpecification\",\"valueRequired\":true,\"valueName\":\"search_term_string\"}}],\"inLanguage\":\"de\"},{\"@type\":\"Organization\",\"@id\":\"https:\/\/www.transtoyou.com\/de\/#organization\",\"name\":\"Transtoyou - DE\",\"url\":\"https:\/\/www.transtoyou.com\/de\/\",\"logo\":{\"@type\":\"ImageObject\",\"inLanguage\":\"de\",\"@id\":\"https:\/\/www.transtoyou.com\/de\/#\/schema\/logo\/image\/\",\"url\":\"https:\/\/www.transtoyou.com\/de\/wp-content\/uploads\/sites\/4\/2026\/01\/logo-tty-menu-bar-300x87-1.webp\",\"contentUrl\":\"https:\/\/www.transtoyou.com\/de\/wp-content\/uploads\/sites\/4\/2026\/01\/logo-tty-menu-bar-300x87-1.webp\",\"width\":300,\"height\":87,\"caption\":\"Transtoyou - DE\"},\"image\":{\"@id\":\"https:\/\/www.transtoyou.com\/de\/#\/schema\/logo\/image\/\"}}]}<\/script>\n<!-- \/ Yoast SEO plugin. -->","yoast_head_json":{"title":"Propecia | Effektive L\u00f6sung gegen Haarausfall - Transtoyou","description":"Entdecke Propecia zur Behandlung von m\u00e4nnlichem Haarausfall bei Transtoyou. Bestelle jetzt online und profitiere von gepr\u00fcften L\u00f6sungen.","robots":{"index":"noindex","follow":"follow","max-snippet":"max-snippet:-1","max-image-preview":"max-image-preview:large","max-video-preview":"max-video-preview:-1"},"og_locale":"de_DE","og_type":"article","og_title":"Propecia | Effektive L\u00f6sung gegen Haarausfall - Transtoyou","og_description":"Entdecke Propecia zur Behandlung von m\u00e4nnlichem Haarausfall bei Transtoyou. Bestelle jetzt online und profitiere von gepr\u00fcften L\u00f6sungen.","og_url":"https:\/\/www.transtoyou.com\/de\/product\/propecia\/","og_site_name":"Transtoyou - DE","article_modified_time":"2026-03-01T14:26:56+00:00","twitter_card":"summary_large_image","twitter_misc":{"Gesch\u00e4tzte Lesezeit":"2\u00a0Minuten"},"schema":{"@context":"https:\/\/schema.org","@graph":[{"@type":"WebPage","@id":"https:\/\/www.transtoyou.com\/de\/product\/propecia\/","url":"https:\/\/www.transtoyou.com\/de\/product\/propecia\/","name":"Propecia | Effektive L\u00f6sung gegen Haarausfall - Transtoyou","isPartOf":{"@id":"https:\/\/www.transtoyou.com\/de\/#website"},"primaryImageOfPage":{"@id":"https:\/\/www.transtoyou.com\/de\/product\/propecia\/#primaryimage"},"image":{"@id":"https:\/\/www.transtoyou.com\/de\/product\/propecia\/#primaryimage"},"thumbnailUrl":"https:\/\/www.transtoyou.com\/de\/wp-content\/uploads\/sites\/4\/2026\/01\/tty-no-product-image-170.webp","datePublished":"2026-01-25T22:06:41+00:00","dateModified":"2026-03-01T14:26:56+00:00","description":"Entdecke Propecia zur Behandlung von m\u00e4nnlichem Haarausfall bei Transtoyou. Bestelle jetzt online und profitiere von gepr\u00fcften L\u00f6sungen.","breadcrumb":{"@id":"https:\/\/www.transtoyou.com\/de\/product\/propecia\/#breadcrumb"},"inLanguage":"de","potentialAction":[{"@type":"ReadAction","target":["https:\/\/www.transtoyou.com\/de\/product\/propecia\/"]}]},{"@type":"ImageObject","inLanguage":"de","@id":"https:\/\/www.transtoyou.com\/de\/product\/propecia\/#primaryimage","url":"https:\/\/www.transtoyou.com\/de\/wp-content\/uploads\/sites\/4\/2026\/01\/tty-no-product-image-170.webp","contentUrl":"https:\/\/www.transtoyou.com\/de\/wp-content\/uploads\/sites\/4\/2026\/01\/tty-no-product-image-170.webp","width":1000,"height":1000,"caption":"Standardproduktbild"},{"@type":"WebSite","@id":"https:\/\/www.transtoyou.com\/de\/#website","url":"https:\/\/www.transtoyou.com\/de\/","name":"Transtoyou - DE","description":"DE","publisher":{"@id":"https:\/\/www.transtoyou.com\/de\/#organization"},"potentialAction":[{"@type":"SearchAction","target":{"@type":"EntryPoint","urlTemplate":"https:\/\/www.transtoyou.com\/de\/?s={search_term_string}"},"query-input":{"@type":"PropertyValueSpecification","valueRequired":true,"valueName":"search_term_string"}}],"inLanguage":"de"},{"@type":"Organization","@id":"https:\/\/www.transtoyou.com\/de\/#organization","name":"Transtoyou - DE","url":"https:\/\/www.transtoyou.com\/de\/","logo":{"@type":"ImageObject","inLanguage":"de","@id":"https:\/\/www.transtoyou.com\/de\/#\/schema\/logo\/image\/","url":"https:\/\/www.transtoyou.com\/de\/wp-content\/uploads\/sites\/4\/2026\/01\/logo-tty-menu-bar-300x87-1.webp","contentUrl":"https:\/\/www.transtoyou.com\/de\/wp-content\/uploads\/sites\/4\/2026\/01\/logo-tty-menu-bar-300x87-1.webp","width":300,"height":87,"caption":"Transtoyou - DE"},"image":{"@id":"https:\/\/www.transtoyou.com\/de\/#\/schema\/logo\/image\/"}}]}},"_links":{"self":[{"href":"https:\/\/www.transtoyou.com\/de\/wp-json\/wp\/v2\/product\/1235","targetHints":{"allow":["GET"]}}],"collection":[{"href":"https:\/\/www.transtoyou.com\/de\/wp-json\/wp\/v2\/product"}],"about":[{"href":"https:\/\/www.transtoyou.com\/de\/wp-json\/wp\/v2\/types\/product"}],"replies":[{"embeddable":true,"href":"https:\/\/www.transtoyou.com\/de\/wp-json\/wp\/v2\/comments?post=1235"}],"wp:featuredmedia":[{"embeddable":true,"href":"https:\/\/www.transtoyou.com\/de\/wp-json\/wp\/v2\/media\/1237"}],"wp:attachment":[{"href":"https:\/\/www.transtoyou.com\/de\/wp-json\/wp\/v2\/media?parent=1235"}],"wp:term":[{"taxonomy":"product_brand","embeddable":true,"href":"https:\/\/www.transtoyou.com\/de\/wp-json\/wp\/v2\/product_brand?post=1235"},{"taxonomy":"product_cat","embeddable":true,"href":"https:\/\/www.transtoyou.com\/de\/wp-json\/wp\/v2\/product_cat?post=1235"},{"taxonomy":"product_tag","embeddable":true,"href":"https:\/\/www.transtoyou.com\/de\/wp-json\/wp\/v2\/product_tag?post=1235"},{"taxonomy":"expert","embeddable":true,"href":"https:\/\/www.transtoyou.com\/de\/wp-json\/wp\/v2\/expert?post=1235"}],"curies":[{"name":"wp","href":"https:\/\/api.w.org\/{rel}","templated":true}]}}