{"id":1240,"date":"2026-01-26T00:37:11","date_gmt":"2026-01-25T22:37:11","guid":{"rendered":"https:\/\/www.transtoyou.com\/de\/product\/lumigan\/"},"modified":"2026-02-24T17:00:19","modified_gmt":"2026-02-24T15:00:19","slug":"lumigan","status":"publish","type":"product","link":"https:\/\/www.transtoyou.com\/de\/product\/lumigan\/","title":{"rendered":"Lumigan"},"content":{"rendered":"<p>Lumigan ist ein Augentropfen, der verwendet wird, um den Druck im Inneren des Auges zu senken. Er wird h\u00e4ufig f\u00fcr Menschen mit Glaukom oder okul\u00e4rer Hypertension verschrieben, Zust\u00e4nde, bei denen sich Fl\u00fcssigkeit ansammelt und zu viel Druck auf den Sehnerv aus\u00fcbt. Wenn dieser Druck nicht kontrolliert wird, kann er langsam zu einem dauerhaften Sehverlust f\u00fchren.<\/p>\n<p>Der Hauptbestandteil von Lumigan ist Bimatoprost. Er hilft, dass die Fl\u00fcssigkeit leichter aus dem Auge abflie\u00dft, wodurch der Druck auf ein sicheres Niveau gesenkt wird. Auch wenn er bereits entstandene Sch\u00e4den nicht r\u00fcckg\u00e4ngig macht, hilft er, ein Fortschreiten zu verhindern. F\u00fcr viele Menschen wird er Teil einer langfristigen Routine, um ihr Sehverm\u00f6gen zu sch\u00fctzen.<\/p>\n<p>Eine der Dinge, die die Menschen an Lumigan sch\u00e4tzen, ist, dass er nur einmal t\u00e4glich angewendet werden muss. In der Regel reicht ein Tropfen am Abend aus, um rund um die Uhr den Druck zu kontrollieren. Es ist eine einfache Gewohnheit, die im Laufe der Zeit einen gro\u00dfen Unterschied machen kann.<\/p>\n<p>Die Tropfen kommen in einer kleinen Flasche mit einem integrierten Applikator. Sie sind klar und leicht aufzutragen. Einige Menschen bemerken milde Effekte, wenn sie damit beginnen, wie rote oder juckende Augen oder l\u00e4ngere und dunklere Wimpern. Diese Nebenwirkungen sind in der Regel vor\u00fcbergehend und nicht sch\u00e4dlich, aber es ist gut, sich ihrer bewusst zu sein.<\/p>\n<p>Die regelm\u00e4\u00dfige Anwendung von Lumigan ist wichtig. Das Auslassen von Dosen kann dazu f\u00fchren, dass der Augeninnendruck wieder ansteigt, was den Fortschritt zunichte machen kann. Eine konsistente Routine liefert die besten Ergebnisse.<\/p>\n<p>Lumigan ist kein Heilmittel f\u00fcr Glaukom oder okul\u00e4re Hypertension, aber es ist eine vertrauensw\u00fcrdige Option zur Behandlung dieser Zust\u00e4nde und zum Schutz des Sehverm\u00f6gens im Laufe der Zeit auf praktische und unkomplizierte Weise.<\/p>\n","protected":false},"excerpt":{"rendered":"<ul>\n<li>Senkt den erh\u00f6hten Augeninnendruck, um den Fortschritt des Glaukoms zu sch\u00fctzen<\/li>\n<li>Unterst\u00fctzt die langfristige Augengesundheit bei konsequenter, t\u00e4glicher Anwendung<\/li>\n<li>Klinisch nachgewiesene Linderung bei Glaukom und okul\u00e4rer Hypertension<\/li>\n<\/ul>\n","protected":false},"featured_media":1242,"comment_status":"open","ping_status":"closed","template":"","meta":[],"product_brand":[],"product_cat":[120],"product_tag":[],"expert":[16],"class_list":{"0":"post-1240","1":"product","2":"type-product","3":"status-publish","4":"has-post-thumbnail","6":"product_cat-augenpflege","7":"expert-dr-c-alexandru","9":"first","10":"instock","11":"shipping-taxable","12":"product-type-variable"},"yoast_head":"<!-- This site is optimized with the Yoast SEO plugin v27.0 - https:\/\/yoast.com\/product\/yoast-seo-wordpress\/ -->\n<title>Lumigan | Augendruck senken, online kaufen - Transtoyou<\/title>\n<meta name=\"description\" content=\"Entdecke Lumigan, Augentropfen gegen Glaukom und Augenhypertonie. Erh\u00e4ltlich bei Transtoyou, senkt sicher und effektiv den Augeninnendruck.\" \/>\n<meta name=\"robots\" content=\"noindex, follow, max-snippet:-1, max-image-preview:large, max-video-preview:-1\" \/>\n<meta property=\"og:locale\" content=\"de_DE\" \/>\n<meta property=\"og:type\" content=\"article\" \/>\n<meta property=\"og:title\" content=\"Lumigan | Augendruck senken, online kaufen - Transtoyou\" \/>\n<meta property=\"og:description\" content=\"Entdecke Lumigan, Augentropfen gegen Glaukom und Augenhypertonie. Erh\u00e4ltlich bei Transtoyou, senkt sicher und effektiv den Augeninnendruck.\" \/>\n<meta property=\"og:url\" content=\"https:\/\/www.transtoyou.com\/de\/product\/lumigan\/\" \/>\n<meta property=\"og:site_name\" content=\"Transtoyou - DE\" \/>\n<meta property=\"article:modified_time\" content=\"2026-02-24T15:00:19+00:00\" \/>\n<meta name=\"twitter:card\" content=\"summary_large_image\" \/>\n<meta name=\"twitter:label1\" content=\"Gesch\u00e4tzte Lesezeit\" \/>\n\t<meta name=\"twitter:data1\" content=\"2\u00a0Minuten\" \/>\n<script type=\"application\/ld+json\" class=\"yoast-schema-graph\">{\"@context\":\"https:\/\/schema.org\",\"@graph\":[{\"@type\":\"WebPage\",\"@id\":\"https:\/\/www.transtoyou.com\/de\/product\/lumigan\/\",\"url\":\"https:\/\/www.transtoyou.com\/de\/product\/lumigan\/\",\"name\":\"Lumigan | Augendruck senken, online kaufen - Transtoyou\",\"isPartOf\":{\"@id\":\"https:\/\/www.transtoyou.com\/de\/#website\"},\"primaryImageOfPage\":{\"@id\":\"https:\/\/www.transtoyou.com\/de\/product\/lumigan\/#primaryimage\"},\"image\":{\"@id\":\"https:\/\/www.transtoyou.com\/de\/product\/lumigan\/#primaryimage\"},\"thumbnailUrl\":\"https:\/\/www.transtoyou.com\/de\/wp-content\/uploads\/sites\/4\/2026\/01\/tty-no-product-image-172.webp\",\"datePublished\":\"2026-01-25T22:37:11+00:00\",\"dateModified\":\"2026-02-24T15:00:19+00:00\",\"description\":\"Entdecke Lumigan, Augentropfen gegen Glaukom und Augenhypertonie. Erh\u00e4ltlich bei Transtoyou, senkt sicher und effektiv den Augeninnendruck.\",\"breadcrumb\":{\"@id\":\"https:\/\/www.transtoyou.com\/de\/product\/lumigan\/#breadcrumb\"},\"inLanguage\":\"de\",\"potentialAction\":[{\"@type\":\"ReadAction\",\"target\":[\"https:\/\/www.transtoyou.com\/de\/product\/lumigan\/\"]}]},{\"@type\":\"ImageObject\",\"inLanguage\":\"de\",\"@id\":\"https:\/\/www.transtoyou.com\/de\/product\/lumigan\/#primaryimage\",\"url\":\"https:\/\/www.transtoyou.com\/de\/wp-content\/uploads\/sites\/4\/2026\/01\/tty-no-product-image-172.webp\",\"contentUrl\":\"https:\/\/www.transtoyou.com\/de\/wp-content\/uploads\/sites\/4\/2026\/01\/tty-no-product-image-172.webp\",\"width\":1000,\"height\":1000,\"caption\":\"Standardproduktbild\"},{\"@type\":\"WebSite\",\"@id\":\"https:\/\/www.transtoyou.com\/de\/#website\",\"url\":\"https:\/\/www.transtoyou.com\/de\/\",\"name\":\"Transtoyou - DE\",\"description\":\"DE\",\"publisher\":{\"@id\":\"https:\/\/www.transtoyou.com\/de\/#organization\"},\"potentialAction\":[{\"@type\":\"SearchAction\",\"target\":{\"@type\":\"EntryPoint\",\"urlTemplate\":\"https:\/\/www.transtoyou.com\/de\/?s={search_term_string}\"},\"query-input\":{\"@type\":\"PropertyValueSpecification\",\"valueRequired\":true,\"valueName\":\"search_term_string\"}}],\"inLanguage\":\"de\"},{\"@type\":\"Organization\",\"@id\":\"https:\/\/www.transtoyou.com\/de\/#organization\",\"name\":\"Transtoyou - DE\",\"url\":\"https:\/\/www.transtoyou.com\/de\/\",\"logo\":{\"@type\":\"ImageObject\",\"inLanguage\":\"de\",\"@id\":\"https:\/\/www.transtoyou.com\/de\/#\/schema\/logo\/image\/\",\"url\":\"https:\/\/www.transtoyou.com\/de\/wp-content\/uploads\/sites\/4\/2026\/01\/logo-tty-menu-bar-300x87-1.webp\",\"contentUrl\":\"https:\/\/www.transtoyou.com\/de\/wp-content\/uploads\/sites\/4\/2026\/01\/logo-tty-menu-bar-300x87-1.webp\",\"width\":300,\"height\":87,\"caption\":\"Transtoyou - DE\"},\"image\":{\"@id\":\"https:\/\/www.transtoyou.com\/de\/#\/schema\/logo\/image\/\"}}]}<\/script>\n<!-- \/ Yoast SEO plugin. -->","yoast_head_json":{"title":"Lumigan | Augendruck senken, online kaufen - Transtoyou","description":"Entdecke Lumigan, Augentropfen gegen Glaukom und Augenhypertonie. Erh\u00e4ltlich bei Transtoyou, senkt sicher und effektiv den Augeninnendruck.","robots":{"index":"noindex","follow":"follow","max-snippet":"max-snippet:-1","max-image-preview":"max-image-preview:large","max-video-preview":"max-video-preview:-1"},"og_locale":"de_DE","og_type":"article","og_title":"Lumigan | Augendruck senken, online kaufen - Transtoyou","og_description":"Entdecke Lumigan, Augentropfen gegen Glaukom und Augenhypertonie. Erh\u00e4ltlich bei Transtoyou, senkt sicher und effektiv den Augeninnendruck.","og_url":"https:\/\/www.transtoyou.com\/de\/product\/lumigan\/","og_site_name":"Transtoyou - DE","article_modified_time":"2026-02-24T15:00:19+00:00","twitter_card":"summary_large_image","twitter_misc":{"Gesch\u00e4tzte Lesezeit":"2\u00a0Minuten"},"schema":{"@context":"https:\/\/schema.org","@graph":[{"@type":"WebPage","@id":"https:\/\/www.transtoyou.com\/de\/product\/lumigan\/","url":"https:\/\/www.transtoyou.com\/de\/product\/lumigan\/","name":"Lumigan | Augendruck senken, online kaufen - Transtoyou","isPartOf":{"@id":"https:\/\/www.transtoyou.com\/de\/#website"},"primaryImageOfPage":{"@id":"https:\/\/www.transtoyou.com\/de\/product\/lumigan\/#primaryimage"},"image":{"@id":"https:\/\/www.transtoyou.com\/de\/product\/lumigan\/#primaryimage"},"thumbnailUrl":"https:\/\/www.transtoyou.com\/de\/wp-content\/uploads\/sites\/4\/2026\/01\/tty-no-product-image-172.webp","datePublished":"2026-01-25T22:37:11+00:00","dateModified":"2026-02-24T15:00:19+00:00","description":"Entdecke Lumigan, Augentropfen gegen Glaukom und Augenhypertonie. Erh\u00e4ltlich bei Transtoyou, senkt sicher und effektiv den Augeninnendruck.","breadcrumb":{"@id":"https:\/\/www.transtoyou.com\/de\/product\/lumigan\/#breadcrumb"},"inLanguage":"de","potentialAction":[{"@type":"ReadAction","target":["https:\/\/www.transtoyou.com\/de\/product\/lumigan\/"]}]},{"@type":"ImageObject","inLanguage":"de","@id":"https:\/\/www.transtoyou.com\/de\/product\/lumigan\/#primaryimage","url":"https:\/\/www.transtoyou.com\/de\/wp-content\/uploads\/sites\/4\/2026\/01\/tty-no-product-image-172.webp","contentUrl":"https:\/\/www.transtoyou.com\/de\/wp-content\/uploads\/sites\/4\/2026\/01\/tty-no-product-image-172.webp","width":1000,"height":1000,"caption":"Standardproduktbild"},{"@type":"WebSite","@id":"https:\/\/www.transtoyou.com\/de\/#website","url":"https:\/\/www.transtoyou.com\/de\/","name":"Transtoyou - DE","description":"DE","publisher":{"@id":"https:\/\/www.transtoyou.com\/de\/#organization"},"potentialAction":[{"@type":"SearchAction","target":{"@type":"EntryPoint","urlTemplate":"https:\/\/www.transtoyou.com\/de\/?s={search_term_string}"},"query-input":{"@type":"PropertyValueSpecification","valueRequired":true,"valueName":"search_term_string"}}],"inLanguage":"de"},{"@type":"Organization","@id":"https:\/\/www.transtoyou.com\/de\/#organization","name":"Transtoyou - DE","url":"https:\/\/www.transtoyou.com\/de\/","logo":{"@type":"ImageObject","inLanguage":"de","@id":"https:\/\/www.transtoyou.com\/de\/#\/schema\/logo\/image\/","url":"https:\/\/www.transtoyou.com\/de\/wp-content\/uploads\/sites\/4\/2026\/01\/logo-tty-menu-bar-300x87-1.webp","contentUrl":"https:\/\/www.transtoyou.com\/de\/wp-content\/uploads\/sites\/4\/2026\/01\/logo-tty-menu-bar-300x87-1.webp","width":300,"height":87,"caption":"Transtoyou - DE"},"image":{"@id":"https:\/\/www.transtoyou.com\/de\/#\/schema\/logo\/image\/"}}]}},"_links":{"self":[{"href":"https:\/\/www.transtoyou.com\/de\/wp-json\/wp\/v2\/product\/1240","targetHints":{"allow":["GET"]}}],"collection":[{"href":"https:\/\/www.transtoyou.com\/de\/wp-json\/wp\/v2\/product"}],"about":[{"href":"https:\/\/www.transtoyou.com\/de\/wp-json\/wp\/v2\/types\/product"}],"replies":[{"embeddable":true,"href":"https:\/\/www.transtoyou.com\/de\/wp-json\/wp\/v2\/comments?post=1240"}],"wp:featuredmedia":[{"embeddable":true,"href":"https:\/\/www.transtoyou.com\/de\/wp-json\/wp\/v2\/media\/1242"}],"wp:attachment":[{"href":"https:\/\/www.transtoyou.com\/de\/wp-json\/wp\/v2\/media?parent=1240"}],"wp:term":[{"taxonomy":"product_brand","embeddable":true,"href":"https:\/\/www.transtoyou.com\/de\/wp-json\/wp\/v2\/product_brand?post=1240"},{"taxonomy":"product_cat","embeddable":true,"href":"https:\/\/www.transtoyou.com\/de\/wp-json\/wp\/v2\/product_cat?post=1240"},{"taxonomy":"product_tag","embeddable":true,"href":"https:\/\/www.transtoyou.com\/de\/wp-json\/wp\/v2\/product_tag?post=1240"},{"taxonomy":"expert","embeddable":true,"href":"https:\/\/www.transtoyou.com\/de\/wp-json\/wp\/v2\/expert?post=1240"}],"curies":[{"name":"wp","href":"https:\/\/api.w.org\/{rel}","templated":true}]}}