{"id":1243,"date":"2026-01-26T00:53:54","date_gmt":"2026-01-25T22:53:54","guid":{"rendered":"https:\/\/www.transtoyou.com\/de\/product\/gentamicin\/"},"modified":"2026-01-26T00:54:49","modified_gmt":"2026-01-25T22:54:49","slug":"gentamicin","status":"publish","type":"product","link":"https:\/\/www.transtoyou.com\/de\/product\/gentamicin\/","title":{"rendered":"Gentamicin"},"content":{"rendered":"<p>Gentamicin-Augentropfen sind zur Behandlung von bakteriellen Infektionen gedacht, die das Auge und die umliegenden Bereiche betreffen. Sie enthalten Gentamicin-Sulfat, ein Antibiotikum, das wirkt, indem es das Wachstum und die Verbreitung von Bakterien stoppt. Dies hilft, h\u00e4ufige Symptome wie R\u00f6tung, Schwellung und Ausfluss zu reduzieren.<\/p>\n<p>Diese Tropfen werden oft verwendet, wenn die Augen mit etwas wie einer Bindehautentz\u00fcndung, auch bekannt als rotes oder pinkes Auge, oder einer Blepharitis, die eine Entz\u00fcndung der Augenlider ist, zu k\u00e4mpfen haben. In schwereren F\u00e4llen k\u00f6nnen sie auch bei Hornhautgeschw\u00fcren eingesetzt werden. Egal in welcher Situation, das Ziel ist einfach: die Infektion unter Kontrolle zu bringen und deinen Augen zu helfen, sich wieder normal zu f\u00fchlen.<\/p>\n<p>Sobald sie angewendet werden, beginnen die Tropfen direkt an der Oberfl\u00e4che des Auges zu wirken. Sie gelangen direkt in den Problembereich, wodurch es f\u00fcr Bakterien schwieriger wird, sich zu vermehren. Das bedeutet, dass die Infektion weniger Chancen hat, sich auszubreiten oder schlimmer zu werden.<\/p>\n<p>Gentamicin ist keine langfristige Behandlung. Es wird normalerweise nur f\u00fcr einige Tage angewendet und sollte immer genau nach Anweisung verwendet werden. Eine zu h\u00e4ufige oder zu lange Anwendung kann Reizungen verursachen oder dazu f\u00fchren, dass Bakterien in Zukunft weniger auf die Behandlung ansprechen. Die Flasche ist klein und einfach zu handhaben, mit einem integrierten Tropfer f\u00fcr eine schnelle Anwendung.<\/p>\n<p>Stelle sicher, dass du die Tropfen an einem k\u00fchlen, trockenen Ort aufbewahrst und sie innerhalb der empfohlenen Zeit nach dem \u00d6ffnen der Flasche verwendest. Verwende sie nicht weiter, sobald die Behandlungsdauer vorbei ist, auch wenn noch etwas \u00fcbrig ist.<\/p>\n<p>Gentamicin-Augentropfen sind eine einfache und effektive M\u00f6glichkeit, mit bakteriellen Augeninfektionen umzugehen. Wenn deine Augen Hilfe ben\u00f6tigen, um Infektionen zu beseitigen und Reizungen zu beruhigen, ist dies eine praktische L\u00f6sung, die schnell wirkt.<\/p>\n","protected":false},"excerpt":{"rendered":"<ul>\n<li>Schnell wirkendes Antibiotikum bei bakteriellen Augeninfektionen<\/li>\n<li>Behandelt Bindehautentz\u00fcndung, Lidrandentz\u00fcndung und Hornhautgeschw\u00fcre<\/li>\n<li>Hilft, R\u00f6tung, Schwellung und Ausfluss zu reduzieren<\/li>\n<\/ul>\n","protected":false},"featured_media":1245,"comment_status":"open","ping_status":"closed","template":"","meta":[],"product_brand":[],"product_cat":[120],"product_tag":[],"expert":[16],"class_list":{"0":"post-1243","1":"product","2":"type-product","3":"status-publish","4":"has-post-thumbnail","6":"product_cat-augenpflege","7":"expert-dr-c-alexandru","9":"first","10":"instock","11":"shipping-taxable","12":"product-type-variable"},"yoast_head":"<!-- This site is optimized with the Yoast SEO plugin v27.0 - https:\/\/yoast.com\/product\/yoast-seo-wordpress\/ -->\n<title>Gentamicin | Effektive Linderung bei Augeninfektionen - Transtoyou<\/title>\n<meta name=\"description\" content=\"Gentamicin-Augentropfen behandeln bakterielle Augeninfektionen effektiv. Erh\u00e4ltlich bei Transtoyou, reduzieren diese Tropfen R\u00f6tungen und Schwellungen f\u00fcr ges\u00fcndere Augen.\" \/>\n<meta name=\"robots\" content=\"noindex, follow, max-snippet:-1, max-image-preview:large, max-video-preview:-1\" \/>\n<meta property=\"og:locale\" content=\"de_DE\" \/>\n<meta property=\"og:type\" content=\"article\" \/>\n<meta property=\"og:title\" content=\"Gentamicin | Effektive Linderung bei Augeninfektionen - Transtoyou\" \/>\n<meta property=\"og:description\" content=\"Gentamicin-Augentropfen behandeln bakterielle Augeninfektionen effektiv. Erh\u00e4ltlich bei Transtoyou, reduzieren diese Tropfen R\u00f6tungen und Schwellungen f\u00fcr ges\u00fcndere Augen.\" \/>\n<meta property=\"og:url\" content=\"https:\/\/www.transtoyou.com\/de\/product\/gentamicin\/\" \/>\n<meta property=\"og:site_name\" content=\"Transtoyou - DE\" \/>\n<meta property=\"article:modified_time\" content=\"2026-01-25T22:54:49+00:00\" \/>\n<meta name=\"twitter:card\" content=\"summary_large_image\" \/>\n<meta name=\"twitter:label1\" content=\"Gesch\u00e4tzte Lesezeit\" \/>\n\t<meta name=\"twitter:data1\" content=\"2\u00a0Minuten\" \/>\n<script type=\"application\/ld+json\" class=\"yoast-schema-graph\">{\"@context\":\"https:\/\/schema.org\",\"@graph\":[{\"@type\":\"WebPage\",\"@id\":\"https:\/\/www.transtoyou.com\/de\/product\/gentamicin\/\",\"url\":\"https:\/\/www.transtoyou.com\/de\/product\/gentamicin\/\",\"name\":\"Gentamicin | Effektive Linderung bei Augeninfektionen - Transtoyou\",\"isPartOf\":{\"@id\":\"https:\/\/www.transtoyou.com\/de\/#website\"},\"primaryImageOfPage\":{\"@id\":\"https:\/\/www.transtoyou.com\/de\/product\/gentamicin\/#primaryimage\"},\"image\":{\"@id\":\"https:\/\/www.transtoyou.com\/de\/product\/gentamicin\/#primaryimage\"},\"thumbnailUrl\":\"https:\/\/www.transtoyou.com\/de\/wp-content\/uploads\/sites\/4\/2026\/01\/tty-no-product-image-173.webp\",\"datePublished\":\"2026-01-25T22:53:54+00:00\",\"dateModified\":\"2026-01-25T22:54:49+00:00\",\"description\":\"Gentamicin-Augentropfen behandeln bakterielle Augeninfektionen effektiv. Erh\u00e4ltlich bei Transtoyou, reduzieren diese Tropfen R\u00f6tungen und Schwellungen f\u00fcr ges\u00fcndere Augen.\",\"breadcrumb\":{\"@id\":\"https:\/\/www.transtoyou.com\/de\/product\/gentamicin\/#breadcrumb\"},\"inLanguage\":\"de\",\"potentialAction\":[{\"@type\":\"ReadAction\",\"target\":[\"https:\/\/www.transtoyou.com\/de\/product\/gentamicin\/\"]}]},{\"@type\":\"ImageObject\",\"inLanguage\":\"de\",\"@id\":\"https:\/\/www.transtoyou.com\/de\/product\/gentamicin\/#primaryimage\",\"url\":\"https:\/\/www.transtoyou.com\/de\/wp-content\/uploads\/sites\/4\/2026\/01\/tty-no-product-image-173.webp\",\"contentUrl\":\"https:\/\/www.transtoyou.com\/de\/wp-content\/uploads\/sites\/4\/2026\/01\/tty-no-product-image-173.webp\",\"width\":1000,\"height\":1000,\"caption\":\"Standardproduktbild\"},{\"@type\":\"WebSite\",\"@id\":\"https:\/\/www.transtoyou.com\/de\/#website\",\"url\":\"https:\/\/www.transtoyou.com\/de\/\",\"name\":\"Transtoyou - DE\",\"description\":\"DE\",\"publisher\":{\"@id\":\"https:\/\/www.transtoyou.com\/de\/#organization\"},\"potentialAction\":[{\"@type\":\"SearchAction\",\"target\":{\"@type\":\"EntryPoint\",\"urlTemplate\":\"https:\/\/www.transtoyou.com\/de\/?s={search_term_string}\"},\"query-input\":{\"@type\":\"PropertyValueSpecification\",\"valueRequired\":true,\"valueName\":\"search_term_string\"}}],\"inLanguage\":\"de\"},{\"@type\":\"Organization\",\"@id\":\"https:\/\/www.transtoyou.com\/de\/#organization\",\"name\":\"Transtoyou - DE\",\"url\":\"https:\/\/www.transtoyou.com\/de\/\",\"logo\":{\"@type\":\"ImageObject\",\"inLanguage\":\"de\",\"@id\":\"https:\/\/www.transtoyou.com\/de\/#\/schema\/logo\/image\/\",\"url\":\"https:\/\/www.transtoyou.com\/de\/wp-content\/uploads\/sites\/4\/2026\/01\/logo-tty-menu-bar-300x87-1.webp\",\"contentUrl\":\"https:\/\/www.transtoyou.com\/de\/wp-content\/uploads\/sites\/4\/2026\/01\/logo-tty-menu-bar-300x87-1.webp\",\"width\":300,\"height\":87,\"caption\":\"Transtoyou - DE\"},\"image\":{\"@id\":\"https:\/\/www.transtoyou.com\/de\/#\/schema\/logo\/image\/\"}}]}<\/script>\n<!-- \/ Yoast SEO plugin. -->","yoast_head_json":{"title":"Gentamicin | Effektive Linderung bei Augeninfektionen - Transtoyou","description":"Gentamicin-Augentropfen behandeln bakterielle Augeninfektionen effektiv. Erh\u00e4ltlich bei Transtoyou, reduzieren diese Tropfen R\u00f6tungen und Schwellungen f\u00fcr ges\u00fcndere Augen.","robots":{"index":"noindex","follow":"follow","max-snippet":"max-snippet:-1","max-image-preview":"max-image-preview:large","max-video-preview":"max-video-preview:-1"},"og_locale":"de_DE","og_type":"article","og_title":"Gentamicin | Effektive Linderung bei Augeninfektionen - Transtoyou","og_description":"Gentamicin-Augentropfen behandeln bakterielle Augeninfektionen effektiv. Erh\u00e4ltlich bei Transtoyou, reduzieren diese Tropfen R\u00f6tungen und Schwellungen f\u00fcr ges\u00fcndere Augen.","og_url":"https:\/\/www.transtoyou.com\/de\/product\/gentamicin\/","og_site_name":"Transtoyou - DE","article_modified_time":"2026-01-25T22:54:49+00:00","twitter_card":"summary_large_image","twitter_misc":{"Gesch\u00e4tzte Lesezeit":"2\u00a0Minuten"},"schema":{"@context":"https:\/\/schema.org","@graph":[{"@type":"WebPage","@id":"https:\/\/www.transtoyou.com\/de\/product\/gentamicin\/","url":"https:\/\/www.transtoyou.com\/de\/product\/gentamicin\/","name":"Gentamicin | Effektive Linderung bei Augeninfektionen - Transtoyou","isPartOf":{"@id":"https:\/\/www.transtoyou.com\/de\/#website"},"primaryImageOfPage":{"@id":"https:\/\/www.transtoyou.com\/de\/product\/gentamicin\/#primaryimage"},"image":{"@id":"https:\/\/www.transtoyou.com\/de\/product\/gentamicin\/#primaryimage"},"thumbnailUrl":"https:\/\/www.transtoyou.com\/de\/wp-content\/uploads\/sites\/4\/2026\/01\/tty-no-product-image-173.webp","datePublished":"2026-01-25T22:53:54+00:00","dateModified":"2026-01-25T22:54:49+00:00","description":"Gentamicin-Augentropfen behandeln bakterielle Augeninfektionen effektiv. Erh\u00e4ltlich bei Transtoyou, reduzieren diese Tropfen R\u00f6tungen und Schwellungen f\u00fcr ges\u00fcndere Augen.","breadcrumb":{"@id":"https:\/\/www.transtoyou.com\/de\/product\/gentamicin\/#breadcrumb"},"inLanguage":"de","potentialAction":[{"@type":"ReadAction","target":["https:\/\/www.transtoyou.com\/de\/product\/gentamicin\/"]}]},{"@type":"ImageObject","inLanguage":"de","@id":"https:\/\/www.transtoyou.com\/de\/product\/gentamicin\/#primaryimage","url":"https:\/\/www.transtoyou.com\/de\/wp-content\/uploads\/sites\/4\/2026\/01\/tty-no-product-image-173.webp","contentUrl":"https:\/\/www.transtoyou.com\/de\/wp-content\/uploads\/sites\/4\/2026\/01\/tty-no-product-image-173.webp","width":1000,"height":1000,"caption":"Standardproduktbild"},{"@type":"WebSite","@id":"https:\/\/www.transtoyou.com\/de\/#website","url":"https:\/\/www.transtoyou.com\/de\/","name":"Transtoyou - DE","description":"DE","publisher":{"@id":"https:\/\/www.transtoyou.com\/de\/#organization"},"potentialAction":[{"@type":"SearchAction","target":{"@type":"EntryPoint","urlTemplate":"https:\/\/www.transtoyou.com\/de\/?s={search_term_string}"},"query-input":{"@type":"PropertyValueSpecification","valueRequired":true,"valueName":"search_term_string"}}],"inLanguage":"de"},{"@type":"Organization","@id":"https:\/\/www.transtoyou.com\/de\/#organization","name":"Transtoyou - DE","url":"https:\/\/www.transtoyou.com\/de\/","logo":{"@type":"ImageObject","inLanguage":"de","@id":"https:\/\/www.transtoyou.com\/de\/#\/schema\/logo\/image\/","url":"https:\/\/www.transtoyou.com\/de\/wp-content\/uploads\/sites\/4\/2026\/01\/logo-tty-menu-bar-300x87-1.webp","contentUrl":"https:\/\/www.transtoyou.com\/de\/wp-content\/uploads\/sites\/4\/2026\/01\/logo-tty-menu-bar-300x87-1.webp","width":300,"height":87,"caption":"Transtoyou - DE"},"image":{"@id":"https:\/\/www.transtoyou.com\/de\/#\/schema\/logo\/image\/"}}]}},"_links":{"self":[{"href":"https:\/\/www.transtoyou.com\/de\/wp-json\/wp\/v2\/product\/1243","targetHints":{"allow":["GET"]}}],"collection":[{"href":"https:\/\/www.transtoyou.com\/de\/wp-json\/wp\/v2\/product"}],"about":[{"href":"https:\/\/www.transtoyou.com\/de\/wp-json\/wp\/v2\/types\/product"}],"replies":[{"embeddable":true,"href":"https:\/\/www.transtoyou.com\/de\/wp-json\/wp\/v2\/comments?post=1243"}],"wp:featuredmedia":[{"embeddable":true,"href":"https:\/\/www.transtoyou.com\/de\/wp-json\/wp\/v2\/media\/1245"}],"wp:attachment":[{"href":"https:\/\/www.transtoyou.com\/de\/wp-json\/wp\/v2\/media?parent=1243"}],"wp:term":[{"taxonomy":"product_brand","embeddable":true,"href":"https:\/\/www.transtoyou.com\/de\/wp-json\/wp\/v2\/product_brand?post=1243"},{"taxonomy":"product_cat","embeddable":true,"href":"https:\/\/www.transtoyou.com\/de\/wp-json\/wp\/v2\/product_cat?post=1243"},{"taxonomy":"product_tag","embeddable":true,"href":"https:\/\/www.transtoyou.com\/de\/wp-json\/wp\/v2\/product_tag?post=1243"},{"taxonomy":"expert","embeddable":true,"href":"https:\/\/www.transtoyou.com\/de\/wp-json\/wp\/v2\/expert?post=1243"}],"curies":[{"name":"wp","href":"https:\/\/api.w.org\/{rel}","templated":true}]}}