{"id":1254,"date":"2026-01-26T02:03:27","date_gmt":"2026-01-26T00:03:27","guid":{"rendered":"https:\/\/www.transtoyou.com\/de\/product\/campral\/"},"modified":"2026-02-09T17:52:49","modified_gmt":"2026-02-09T15:52:49","slug":"campral","status":"publish","type":"product","link":"https:\/\/www.transtoyou.com\/de\/product\/campral\/","title":{"rendered":"Campral"},"content":{"rendered":"<p>Campral (Acamprosat) ist ein Medikament, das entwickelt wurde, um Personen zu unterst\u00fctzen, die sich von Alkoholabh\u00e4ngigkeit erholen. Es hilft, das Verlangen zu reduzieren und unterst\u00fctzt die langfristige Abstinenz, indem es die Aktivit\u00e4t der Neurotransmitter im Gehirn stabilisiert. Chronischer Alkoholkonsum st\u00f6rt das Gleichgewicht zwischen erregenden und hemmenden Neurotransmittern, was zu Abh\u00e4ngigkeit und Entzugssymptomen f\u00fchrt. Campral wirkt, indem es die Aktivit\u00e4t von Glutamat und GABA moduliert und dem Gehirn hilft, sein nat\u00fcrliches Gleichgewicht wiederzuerlangen.<\/p>\n<p>Im Gegensatz zu Medikamenten, die unangenehme Nebenwirkungen verursachen, wenn Alkohol konsumiert wird, macht Campral das Trinken nicht unangenehm. Stattdessen reduziert es das psychologische Verlangen zu trinken, was es den Personen erleichtert, n\u00fcchtern zu bleiben. Es ist am effektivsten, wenn es in Verbindung mit Beratung oder Therapie im Rahmen eines umfassenden Behandlungsprogramms verwendet wird.<\/p>\n<p>Durch die Verringerung des Alkoholverlangens hilft Campral, R\u00fcckf\u00e4lle zu verhindern und unterst\u00fctzt die langfristige Genesung. Es ist nicht abh\u00e4ngig machend und verursacht keine Entzugssymptome, wenn es abgesetzt wird. Das Medikament wird im Allgemeinen gut vertragen, wobei die h\u00e4ufigsten Nebenwirkungen leichte gastrointestinale Probleme wie Durchfall, \u00dcbelkeit oder Bauchbeschwerden sind. Diese klingen in der Regel im Laufe der Zeit ab, w\u00e4hrend sich der K\u00f6rper anpasst.<\/p>\n<p>Campral ist besonders vorteilhaft f\u00fcr Personen, die bereits die anf\u00e4ngliche Entgiftungsphase abgeschlossen haben und sich verpflichtet f\u00fchlen, abstinent zu bleiben. Studien haben gezeigt, dass es die Chancen auf langfristige N\u00fcchternheit erh\u00f6ht, wenn es wie verschrieben eingenommen wird. W\u00e4hrend es nicht bei jedem wirkt, profitieren diejenigen, die ihren Behandlungsplan einhalten und psychologische Unterst\u00fctzung erhalten, eher.<\/p>\n","protected":false},"excerpt":{"rendered":"<ul>\n<li>Reduziert Verlangen und unterst\u00fctzt langfristige N\u00fcchternheit<\/li>\n<li>Stellt das Gleichgewicht im Gehirn nach Alkoholgebrauch wieder her<\/li>\n<li>Nicht abh\u00e4ngig machend und allgemein gut vertr\u00e4glich<\/li>\n<\/ul>\n","protected":false},"featured_media":1256,"comment_status":"open","ping_status":"closed","template":"","meta":[],"product_brand":[],"product_cat":[77],"product_tag":[],"expert":[16],"class_list":{"0":"post-1254","1":"product","2":"type-product","3":"status-publish","4":"has-post-thumbnail","6":"product_cat-alkohol-wiederherstellungshilfen","7":"expert-dr-c-alexandru","9":"first","10":"instock","11":"shipping-taxable","12":"product-type-variable"},"yoast_head":"<!-- This site is optimized with the Yoast SEO plugin v27.0 - https:\/\/yoast.com\/product\/yoast-seo-wordpress\/ -->\n<title>Campral | Unterst\u00fctzung f\u00fcr ein alkoholfreies Leben - Transtoyou - DE<\/title>\n<meta name=\"description\" content=\"Campral reduziert das Verlangen nach Alkohol und unterst\u00fctzt die Genesung. Nicht s\u00fcchtig machend, f\u00f6rdert es langfristige Abstinenz. Erh\u00e4ltlich bei Transtoyou.\" \/>\n<meta name=\"robots\" content=\"noindex, follow, max-snippet:-1, max-image-preview:large, max-video-preview:-1\" \/>\n<meta property=\"og:locale\" content=\"de_DE\" \/>\n<meta property=\"og:type\" content=\"article\" \/>\n<meta property=\"og:title\" content=\"Campral | Unterst\u00fctzung f\u00fcr ein alkoholfreies Leben - Transtoyou - DE\" \/>\n<meta property=\"og:description\" content=\"Campral reduziert das Verlangen nach Alkohol und unterst\u00fctzt die Genesung. Nicht s\u00fcchtig machend, f\u00f6rdert es langfristige Abstinenz. Erh\u00e4ltlich bei Transtoyou.\" \/>\n<meta property=\"og:url\" content=\"https:\/\/www.transtoyou.com\/de\/product\/campral\/\" \/>\n<meta property=\"og:site_name\" content=\"Transtoyou - DE\" \/>\n<meta property=\"article:modified_time\" content=\"2026-02-09T15:52:49+00:00\" \/>\n<meta name=\"twitter:card\" content=\"summary_large_image\" \/>\n<meta name=\"twitter:label1\" content=\"Gesch\u00e4tzte Lesezeit\" \/>\n\t<meta name=\"twitter:data1\" content=\"1\u00a0Minute\" \/>\n<script type=\"application\/ld+json\" class=\"yoast-schema-graph\">{\"@context\":\"https:\/\/schema.org\",\"@graph\":[{\"@type\":\"WebPage\",\"@id\":\"https:\/\/www.transtoyou.com\/de\/product\/campral\/\",\"url\":\"https:\/\/www.transtoyou.com\/de\/product\/campral\/\",\"name\":\"Campral | Unterst\u00fctzung f\u00fcr ein alkoholfreies Leben - Transtoyou - DE\",\"isPartOf\":{\"@id\":\"https:\/\/www.transtoyou.com\/de\/#website\"},\"primaryImageOfPage\":{\"@id\":\"https:\/\/www.transtoyou.com\/de\/product\/campral\/#primaryimage\"},\"image\":{\"@id\":\"https:\/\/www.transtoyou.com\/de\/product\/campral\/#primaryimage\"},\"thumbnailUrl\":\"https:\/\/www.transtoyou.com\/de\/wp-content\/uploads\/sites\/4\/2026\/01\/tty-no-product-image-177.webp\",\"datePublished\":\"2026-01-26T00:03:27+00:00\",\"dateModified\":\"2026-02-09T15:52:49+00:00\",\"description\":\"Campral reduziert das Verlangen nach Alkohol und unterst\u00fctzt die Genesung. Nicht s\u00fcchtig machend, f\u00f6rdert es langfristige Abstinenz. Erh\u00e4ltlich bei Transtoyou.\",\"breadcrumb\":{\"@id\":\"https:\/\/www.transtoyou.com\/de\/product\/campral\/#breadcrumb\"},\"inLanguage\":\"de\",\"potentialAction\":[{\"@type\":\"ReadAction\",\"target\":[\"https:\/\/www.transtoyou.com\/de\/product\/campral\/\"]}]},{\"@type\":\"ImageObject\",\"inLanguage\":\"de\",\"@id\":\"https:\/\/www.transtoyou.com\/de\/product\/campral\/#primaryimage\",\"url\":\"https:\/\/www.transtoyou.com\/de\/wp-content\/uploads\/sites\/4\/2026\/01\/tty-no-product-image-177.webp\",\"contentUrl\":\"https:\/\/www.transtoyou.com\/de\/wp-content\/uploads\/sites\/4\/2026\/01\/tty-no-product-image-177.webp\",\"width\":1000,\"height\":1000,\"caption\":\"Standardproduktbild\"},{\"@type\":\"WebSite\",\"@id\":\"https:\/\/www.transtoyou.com\/de\/#website\",\"url\":\"https:\/\/www.transtoyou.com\/de\/\",\"name\":\"Transtoyou - DE\",\"description\":\"DE\",\"publisher\":{\"@id\":\"https:\/\/www.transtoyou.com\/de\/#organization\"},\"potentialAction\":[{\"@type\":\"SearchAction\",\"target\":{\"@type\":\"EntryPoint\",\"urlTemplate\":\"https:\/\/www.transtoyou.com\/de\/?s={search_term_string}\"},\"query-input\":{\"@type\":\"PropertyValueSpecification\",\"valueRequired\":true,\"valueName\":\"search_term_string\"}}],\"inLanguage\":\"de\"},{\"@type\":\"Organization\",\"@id\":\"https:\/\/www.transtoyou.com\/de\/#organization\",\"name\":\"Transtoyou - DE\",\"url\":\"https:\/\/www.transtoyou.com\/de\/\",\"logo\":{\"@type\":\"ImageObject\",\"inLanguage\":\"de\",\"@id\":\"https:\/\/www.transtoyou.com\/de\/#\/schema\/logo\/image\/\",\"url\":\"https:\/\/www.transtoyou.com\/de\/wp-content\/uploads\/sites\/4\/2026\/01\/logo-tty-menu-bar-300x87-1.webp\",\"contentUrl\":\"https:\/\/www.transtoyou.com\/de\/wp-content\/uploads\/sites\/4\/2026\/01\/logo-tty-menu-bar-300x87-1.webp\",\"width\":300,\"height\":87,\"caption\":\"Transtoyou - DE\"},\"image\":{\"@id\":\"https:\/\/www.transtoyou.com\/de\/#\/schema\/logo\/image\/\"}}]}<\/script>\n<!-- \/ Yoast SEO plugin. -->","yoast_head_json":{"title":"Campral | Unterst\u00fctzung f\u00fcr ein alkoholfreies Leben - Transtoyou - DE","description":"Campral reduziert das Verlangen nach Alkohol und unterst\u00fctzt die Genesung. Nicht s\u00fcchtig machend, f\u00f6rdert es langfristige Abstinenz. Erh\u00e4ltlich bei Transtoyou.","robots":{"index":"noindex","follow":"follow","max-snippet":"max-snippet:-1","max-image-preview":"max-image-preview:large","max-video-preview":"max-video-preview:-1"},"og_locale":"de_DE","og_type":"article","og_title":"Campral | Unterst\u00fctzung f\u00fcr ein alkoholfreies Leben - Transtoyou - DE","og_description":"Campral reduziert das Verlangen nach Alkohol und unterst\u00fctzt die Genesung. Nicht s\u00fcchtig machend, f\u00f6rdert es langfristige Abstinenz. Erh\u00e4ltlich bei Transtoyou.","og_url":"https:\/\/www.transtoyou.com\/de\/product\/campral\/","og_site_name":"Transtoyou - DE","article_modified_time":"2026-02-09T15:52:49+00:00","twitter_card":"summary_large_image","twitter_misc":{"Gesch\u00e4tzte Lesezeit":"1\u00a0Minute"},"schema":{"@context":"https:\/\/schema.org","@graph":[{"@type":"WebPage","@id":"https:\/\/www.transtoyou.com\/de\/product\/campral\/","url":"https:\/\/www.transtoyou.com\/de\/product\/campral\/","name":"Campral | Unterst\u00fctzung f\u00fcr ein alkoholfreies Leben - Transtoyou - DE","isPartOf":{"@id":"https:\/\/www.transtoyou.com\/de\/#website"},"primaryImageOfPage":{"@id":"https:\/\/www.transtoyou.com\/de\/product\/campral\/#primaryimage"},"image":{"@id":"https:\/\/www.transtoyou.com\/de\/product\/campral\/#primaryimage"},"thumbnailUrl":"https:\/\/www.transtoyou.com\/de\/wp-content\/uploads\/sites\/4\/2026\/01\/tty-no-product-image-177.webp","datePublished":"2026-01-26T00:03:27+00:00","dateModified":"2026-02-09T15:52:49+00:00","description":"Campral reduziert das Verlangen nach Alkohol und unterst\u00fctzt die Genesung. Nicht s\u00fcchtig machend, f\u00f6rdert es langfristige Abstinenz. Erh\u00e4ltlich bei Transtoyou.","breadcrumb":{"@id":"https:\/\/www.transtoyou.com\/de\/product\/campral\/#breadcrumb"},"inLanguage":"de","potentialAction":[{"@type":"ReadAction","target":["https:\/\/www.transtoyou.com\/de\/product\/campral\/"]}]},{"@type":"ImageObject","inLanguage":"de","@id":"https:\/\/www.transtoyou.com\/de\/product\/campral\/#primaryimage","url":"https:\/\/www.transtoyou.com\/de\/wp-content\/uploads\/sites\/4\/2026\/01\/tty-no-product-image-177.webp","contentUrl":"https:\/\/www.transtoyou.com\/de\/wp-content\/uploads\/sites\/4\/2026\/01\/tty-no-product-image-177.webp","width":1000,"height":1000,"caption":"Standardproduktbild"},{"@type":"WebSite","@id":"https:\/\/www.transtoyou.com\/de\/#website","url":"https:\/\/www.transtoyou.com\/de\/","name":"Transtoyou - DE","description":"DE","publisher":{"@id":"https:\/\/www.transtoyou.com\/de\/#organization"},"potentialAction":[{"@type":"SearchAction","target":{"@type":"EntryPoint","urlTemplate":"https:\/\/www.transtoyou.com\/de\/?s={search_term_string}"},"query-input":{"@type":"PropertyValueSpecification","valueRequired":true,"valueName":"search_term_string"}}],"inLanguage":"de"},{"@type":"Organization","@id":"https:\/\/www.transtoyou.com\/de\/#organization","name":"Transtoyou - DE","url":"https:\/\/www.transtoyou.com\/de\/","logo":{"@type":"ImageObject","inLanguage":"de","@id":"https:\/\/www.transtoyou.com\/de\/#\/schema\/logo\/image\/","url":"https:\/\/www.transtoyou.com\/de\/wp-content\/uploads\/sites\/4\/2026\/01\/logo-tty-menu-bar-300x87-1.webp","contentUrl":"https:\/\/www.transtoyou.com\/de\/wp-content\/uploads\/sites\/4\/2026\/01\/logo-tty-menu-bar-300x87-1.webp","width":300,"height":87,"caption":"Transtoyou - DE"},"image":{"@id":"https:\/\/www.transtoyou.com\/de\/#\/schema\/logo\/image\/"}}]}},"_links":{"self":[{"href":"https:\/\/www.transtoyou.com\/de\/wp-json\/wp\/v2\/product\/1254","targetHints":{"allow":["GET"]}}],"collection":[{"href":"https:\/\/www.transtoyou.com\/de\/wp-json\/wp\/v2\/product"}],"about":[{"href":"https:\/\/www.transtoyou.com\/de\/wp-json\/wp\/v2\/types\/product"}],"replies":[{"embeddable":true,"href":"https:\/\/www.transtoyou.com\/de\/wp-json\/wp\/v2\/comments?post=1254"}],"wp:featuredmedia":[{"embeddable":true,"href":"https:\/\/www.transtoyou.com\/de\/wp-json\/wp\/v2\/media\/1256"}],"wp:attachment":[{"href":"https:\/\/www.transtoyou.com\/de\/wp-json\/wp\/v2\/media?parent=1254"}],"wp:term":[{"taxonomy":"product_brand","embeddable":true,"href":"https:\/\/www.transtoyou.com\/de\/wp-json\/wp\/v2\/product_brand?post=1254"},{"taxonomy":"product_cat","embeddable":true,"href":"https:\/\/www.transtoyou.com\/de\/wp-json\/wp\/v2\/product_cat?post=1254"},{"taxonomy":"product_tag","embeddable":true,"href":"https:\/\/www.transtoyou.com\/de\/wp-json\/wp\/v2\/product_tag?post=1254"},{"taxonomy":"expert","embeddable":true,"href":"https:\/\/www.transtoyou.com\/de\/wp-json\/wp\/v2\/expert?post=1254"}],"curies":[{"name":"wp","href":"https:\/\/api.w.org\/{rel}","templated":true}]}}