{"id":1286,"date":"2026-01-26T05:35:22","date_gmt":"2026-01-26T03:35:22","guid":{"rendered":"https:\/\/www.transtoyou.com\/de\/product\/paracetamol-codeine\/"},"modified":"2026-03-01T12:20:18","modified_gmt":"2026-03-01T10:20:18","slug":"paracetamol-codein","status":"publish","type":"product","link":"https:\/\/www.transtoyou.com\/de\/product\/paracetamol-codein\/","title":{"rendered":"Paracetamol\/Codein"},"content":{"rendered":"<p>Schmerzen sind ein unerw\u00fcnschter Begleiter im Alltag, der alles von der Arbeit bis zu einfachen Vergn\u00fcgungen st\u00f6rt. Paracetamol\/Codein wurde entwickelt, um Linderung zu bieten, wenn herk\u00f6mmliche Schmerzmittel wie Ibuprofen oder Paracetamol allein nicht ausreichen. Dieses Medikament mit doppelter Wirkung kombiniert Paracetamol, ein weit verbreitetes Schmerzmittel und Fiebermittel, mit Codein, einem milden Opioid, das die Schmerzempfindung im Gehirn ver\u00e4ndert. Zusammen bieten sie eine st\u00e4rkere Reaktion auf m\u00e4\u00dfige bis starke Schmerzen.<\/p>\n<p>Paracetamol wirkt, indem es die Produktion von Prostaglandinen reduziert \u2013 Chemikalien im K\u00f6rper, die f\u00fcr Schmerzen und Entz\u00fcndungen verantwortlich sind. In der Zwischenzeit bindet Codein an Opioidrezeptoren im Gehirn, ver\u00e4ndert die Verarbeitung von Schmerzsignalen und verbessert die Schmerzlinderung. Diese Kombination ist besonders effektiv bei Kopfschmerzen, Migr\u00e4ne, Zahnschmerzen, muskuloskelettalen Schmerzen, postoperativen Schmerzen und Menstruationsbeschwerden.<\/p>\n<p>Die Linderung, die Paracetamol\/Codein bietet, beginnt typischerweise innerhalb von 30 bis 60 Minuten und h\u00e4lt mehrere Stunden an, was es zu einer zuverl\u00e4ssigen Option f\u00fcr diejenigen macht, die eine effektive Schmerzbek\u00e4mpfung ben\u00f6tigen. Es ist jedoch entscheidend, dieses Medikament verantwortungsbewusst zu verwenden. \u00dcberm\u00e4\u00dfiger Konsum von Paracetamol kann zu Lebersch\u00e4den f\u00fchren, w\u00e4hrend eine l\u00e4ngere Anwendung von Codein das Risiko einer Abh\u00e4ngigkeit birgt. Es sollte nur nach Anweisung eines Gesundheitsdienstleisters verwendet werden, und Alkohol sollte vermieden werden, um erh\u00f6hte Schl\u00e4frigkeit und potenzielle Lebersch\u00e4den zu verhindern.<\/p>\n","protected":false},"excerpt":{"rendered":"<ul>\n<li>Duale Wirkstoffformel f\u00fcr st\u00e4rkere Linderung<\/li>\n<li>Schnell wirkende Schmerzmittelkombination<\/li>\n<li>Hilft, wenn herk\u00f6mmliche Schmerzmittel versagen<\/li>\n<\/ul>\n","protected":false},"featured_media":1288,"comment_status":"open","ping_status":"closed","template":"","meta":[],"product_brand":[],"product_cat":[73,126,132,150,156,84],"product_tag":[],"expert":[16],"class_list":{"0":"post-1286","1":"product","2":"type-product","3":"status-publish","4":"has-post-thumbnail","6":"product_cat-bauchschmerzen","7":"product_cat-grippe-husten-erkaltungsmittel","8":"product_cat-kopfschmerzen-migrane","9":"product_cat-menstruationsbeschwerden","10":"product_cat-nervenschmerzen","11":"product_cat-rucken-muskel-gelenkschmerzen","12":"expert-dr-c-alexandru","14":"first","15":"instock","16":"shipping-taxable","17":"product-type-variable"},"yoast_head":"<!-- This site is optimized with the Yoast SEO plugin v27.0 - https:\/\/yoast.com\/product\/yoast-seo-wordpress\/ -->\n<title>Paracetamol mit Codein online kaufen | Schnelle Linderung - Transtoyou - DE<\/title>\n<meta name=\"description\" content=\"Bestelle Paracetamol\/Codein online f\u00fcr schnelle und effektive Schmerzlinderung bei m\u00e4\u00dfigen bis starken Schmerzen, wenn andere Mittel nicht ausreichen.\" \/>\n<meta name=\"robots\" content=\"noindex, follow, max-snippet:-1, max-image-preview:large, max-video-preview:-1\" \/>\n<meta property=\"og:locale\" content=\"de_DE\" \/>\n<meta property=\"og:type\" content=\"article\" \/>\n<meta property=\"og:title\" content=\"Paracetamol mit Codein online kaufen | Schnelle Linderung - Transtoyou - DE\" \/>\n<meta property=\"og:description\" content=\"Bestelle Paracetamol\/Codein online f\u00fcr schnelle und effektive Schmerzlinderung bei m\u00e4\u00dfigen bis starken Schmerzen, wenn andere Mittel nicht ausreichen.\" \/>\n<meta property=\"og:url\" content=\"https:\/\/www.transtoyou.com\/de\/product\/paracetamol-codeine\/\" \/>\n<meta property=\"og:site_name\" content=\"Transtoyou - DE\" \/>\n<meta property=\"article:modified_time\" content=\"2026-03-01T10:20:18+00:00\" \/>\n<meta name=\"twitter:card\" content=\"summary_large_image\" \/>\n<meta name=\"twitter:label1\" content=\"Gesch\u00e4tzte Lesezeit\" \/>\n\t<meta name=\"twitter:data1\" content=\"1\u00a0Minute\" \/>\n<script type=\"application\/ld+json\" class=\"yoast-schema-graph\">{\"@context\":\"https:\/\/schema.org\",\"@graph\":[{\"@type\":\"WebPage\",\"@id\":\"https:\/\/www.transtoyou.com\/de\/product\/paracetamol-codeine\/\",\"url\":\"https:\/\/www.transtoyou.com\/de\/product\/paracetamol-codeine\/\",\"name\":\"Paracetamol mit Codein online kaufen | Schnelle Linderung - Transtoyou - DE\",\"isPartOf\":{\"@id\":\"https:\/\/www.transtoyou.com\/de\/#website\"},\"primaryImageOfPage\":{\"@id\":\"https:\/\/www.transtoyou.com\/de\/product\/paracetamol-codeine\/#primaryimage\"},\"image\":{\"@id\":\"https:\/\/www.transtoyou.com\/de\/product\/paracetamol-codeine\/#primaryimage\"},\"thumbnailUrl\":\"https:\/\/www.transtoyou.com\/de\/wp-content\/uploads\/sites\/4\/2026\/01\/tty-no-product-image-188.webp\",\"datePublished\":\"2026-01-26T03:35:22+00:00\",\"dateModified\":\"2026-03-01T10:20:18+00:00\",\"description\":\"Bestelle Paracetamol\/Codein online f\u00fcr schnelle und effektive Schmerzlinderung bei m\u00e4\u00dfigen bis starken Schmerzen, wenn andere Mittel nicht ausreichen.\",\"breadcrumb\":{\"@id\":\"https:\/\/www.transtoyou.com\/de\/product\/paracetamol-codeine\/#breadcrumb\"},\"inLanguage\":\"de\",\"potentialAction\":[{\"@type\":\"ReadAction\",\"target\":[\"https:\/\/www.transtoyou.com\/de\/product\/paracetamol-codeine\/\"]}]},{\"@type\":\"ImageObject\",\"inLanguage\":\"de\",\"@id\":\"https:\/\/www.transtoyou.com\/de\/product\/paracetamol-codeine\/#primaryimage\",\"url\":\"https:\/\/www.transtoyou.com\/de\/wp-content\/uploads\/sites\/4\/2026\/01\/tty-no-product-image-188.webp\",\"contentUrl\":\"https:\/\/www.transtoyou.com\/de\/wp-content\/uploads\/sites\/4\/2026\/01\/tty-no-product-image-188.webp\",\"width\":1000,\"height\":1000,\"caption\":\"Standardproduktbild\"},{\"@type\":\"WebSite\",\"@id\":\"https:\/\/www.transtoyou.com\/de\/#website\",\"url\":\"https:\/\/www.transtoyou.com\/de\/\",\"name\":\"Transtoyou - DE\",\"description\":\"DE\",\"publisher\":{\"@id\":\"https:\/\/www.transtoyou.com\/de\/#organization\"},\"potentialAction\":[{\"@type\":\"SearchAction\",\"target\":{\"@type\":\"EntryPoint\",\"urlTemplate\":\"https:\/\/www.transtoyou.com\/de\/?s={search_term_string}\"},\"query-input\":{\"@type\":\"PropertyValueSpecification\",\"valueRequired\":true,\"valueName\":\"search_term_string\"}}],\"inLanguage\":\"de\"},{\"@type\":\"Organization\",\"@id\":\"https:\/\/www.transtoyou.com\/de\/#organization\",\"name\":\"Transtoyou - DE\",\"url\":\"https:\/\/www.transtoyou.com\/de\/\",\"logo\":{\"@type\":\"ImageObject\",\"inLanguage\":\"de\",\"@id\":\"https:\/\/www.transtoyou.com\/de\/#\/schema\/logo\/image\/\",\"url\":\"https:\/\/www.transtoyou.com\/de\/wp-content\/uploads\/sites\/4\/2026\/01\/logo-tty-menu-bar-300x87-1.webp\",\"contentUrl\":\"https:\/\/www.transtoyou.com\/de\/wp-content\/uploads\/sites\/4\/2026\/01\/logo-tty-menu-bar-300x87-1.webp\",\"width\":300,\"height\":87,\"caption\":\"Transtoyou - DE\"},\"image\":{\"@id\":\"https:\/\/www.transtoyou.com\/de\/#\/schema\/logo\/image\/\"}}]}<\/script>\n<!-- \/ Yoast SEO plugin. -->","yoast_head_json":{"title":"Paracetamol mit Codein online kaufen | Schnelle Linderung - Transtoyou - DE","description":"Bestelle Paracetamol\/Codein online f\u00fcr schnelle und effektive Schmerzlinderung bei m\u00e4\u00dfigen bis starken Schmerzen, wenn andere Mittel nicht ausreichen.","robots":{"index":"noindex","follow":"follow","max-snippet":"max-snippet:-1","max-image-preview":"max-image-preview:large","max-video-preview":"max-video-preview:-1"},"og_locale":"de_DE","og_type":"article","og_title":"Paracetamol mit Codein online kaufen | Schnelle Linderung - Transtoyou - DE","og_description":"Bestelle Paracetamol\/Codein online f\u00fcr schnelle und effektive Schmerzlinderung bei m\u00e4\u00dfigen bis starken Schmerzen, wenn andere Mittel nicht ausreichen.","og_url":"https:\/\/www.transtoyou.com\/de\/product\/paracetamol-codeine\/","og_site_name":"Transtoyou - DE","article_modified_time":"2026-03-01T10:20:18+00:00","twitter_card":"summary_large_image","twitter_misc":{"Gesch\u00e4tzte Lesezeit":"1\u00a0Minute"},"schema":{"@context":"https:\/\/schema.org","@graph":[{"@type":"WebPage","@id":"https:\/\/www.transtoyou.com\/de\/product\/paracetamol-codeine\/","url":"https:\/\/www.transtoyou.com\/de\/product\/paracetamol-codeine\/","name":"Paracetamol mit Codein online kaufen | Schnelle Linderung - Transtoyou - DE","isPartOf":{"@id":"https:\/\/www.transtoyou.com\/de\/#website"},"primaryImageOfPage":{"@id":"https:\/\/www.transtoyou.com\/de\/product\/paracetamol-codeine\/#primaryimage"},"image":{"@id":"https:\/\/www.transtoyou.com\/de\/product\/paracetamol-codeine\/#primaryimage"},"thumbnailUrl":"https:\/\/www.transtoyou.com\/de\/wp-content\/uploads\/sites\/4\/2026\/01\/tty-no-product-image-188.webp","datePublished":"2026-01-26T03:35:22+00:00","dateModified":"2026-03-01T10:20:18+00:00","description":"Bestelle Paracetamol\/Codein online f\u00fcr schnelle und effektive Schmerzlinderung bei m\u00e4\u00dfigen bis starken Schmerzen, wenn andere Mittel nicht ausreichen.","breadcrumb":{"@id":"https:\/\/www.transtoyou.com\/de\/product\/paracetamol-codeine\/#breadcrumb"},"inLanguage":"de","potentialAction":[{"@type":"ReadAction","target":["https:\/\/www.transtoyou.com\/de\/product\/paracetamol-codeine\/"]}]},{"@type":"ImageObject","inLanguage":"de","@id":"https:\/\/www.transtoyou.com\/de\/product\/paracetamol-codeine\/#primaryimage","url":"https:\/\/www.transtoyou.com\/de\/wp-content\/uploads\/sites\/4\/2026\/01\/tty-no-product-image-188.webp","contentUrl":"https:\/\/www.transtoyou.com\/de\/wp-content\/uploads\/sites\/4\/2026\/01\/tty-no-product-image-188.webp","width":1000,"height":1000,"caption":"Standardproduktbild"},{"@type":"WebSite","@id":"https:\/\/www.transtoyou.com\/de\/#website","url":"https:\/\/www.transtoyou.com\/de\/","name":"Transtoyou - DE","description":"DE","publisher":{"@id":"https:\/\/www.transtoyou.com\/de\/#organization"},"potentialAction":[{"@type":"SearchAction","target":{"@type":"EntryPoint","urlTemplate":"https:\/\/www.transtoyou.com\/de\/?s={search_term_string}"},"query-input":{"@type":"PropertyValueSpecification","valueRequired":true,"valueName":"search_term_string"}}],"inLanguage":"de"},{"@type":"Organization","@id":"https:\/\/www.transtoyou.com\/de\/#organization","name":"Transtoyou - DE","url":"https:\/\/www.transtoyou.com\/de\/","logo":{"@type":"ImageObject","inLanguage":"de","@id":"https:\/\/www.transtoyou.com\/de\/#\/schema\/logo\/image\/","url":"https:\/\/www.transtoyou.com\/de\/wp-content\/uploads\/sites\/4\/2026\/01\/logo-tty-menu-bar-300x87-1.webp","contentUrl":"https:\/\/www.transtoyou.com\/de\/wp-content\/uploads\/sites\/4\/2026\/01\/logo-tty-menu-bar-300x87-1.webp","width":300,"height":87,"caption":"Transtoyou - DE"},"image":{"@id":"https:\/\/www.transtoyou.com\/de\/#\/schema\/logo\/image\/"}}]}},"_links":{"self":[{"href":"https:\/\/www.transtoyou.com\/de\/wp-json\/wp\/v2\/product\/1286","targetHints":{"allow":["GET"]}}],"collection":[{"href":"https:\/\/www.transtoyou.com\/de\/wp-json\/wp\/v2\/product"}],"about":[{"href":"https:\/\/www.transtoyou.com\/de\/wp-json\/wp\/v2\/types\/product"}],"replies":[{"embeddable":true,"href":"https:\/\/www.transtoyou.com\/de\/wp-json\/wp\/v2\/comments?post=1286"}],"wp:featuredmedia":[{"embeddable":true,"href":"https:\/\/www.transtoyou.com\/de\/wp-json\/wp\/v2\/media\/1288"}],"wp:attachment":[{"href":"https:\/\/www.transtoyou.com\/de\/wp-json\/wp\/v2\/media?parent=1286"}],"wp:term":[{"taxonomy":"product_brand","embeddable":true,"href":"https:\/\/www.transtoyou.com\/de\/wp-json\/wp\/v2\/product_brand?post=1286"},{"taxonomy":"product_cat","embeddable":true,"href":"https:\/\/www.transtoyou.com\/de\/wp-json\/wp\/v2\/product_cat?post=1286"},{"taxonomy":"product_tag","embeddable":true,"href":"https:\/\/www.transtoyou.com\/de\/wp-json\/wp\/v2\/product_tag?post=1286"},{"taxonomy":"expert","embeddable":true,"href":"https:\/\/www.transtoyou.com\/de\/wp-json\/wp\/v2\/expert?post=1286"}],"curies":[{"name":"wp","href":"https:\/\/api.w.org\/{rel}","templated":true}]}}