{"id":1289,"date":"2026-01-26T05:54:44","date_gmt":"2026-01-26T03:54:44","guid":{"rendered":"https:\/\/www.transtoyou.com\/de\/product\/ibuprofen\/"},"modified":"2026-02-20T12:01:55","modified_gmt":"2026-02-20T10:01:55","slug":"ibuprofen","status":"publish","type":"product","link":"https:\/\/www.transtoyou.com\/de\/product\/ibuprofen\/","title":{"rendered":"Ibuprofen"},"content":{"rendered":"<p>Ibuprofen ist ein g\u00e4ngiges Medikament, das zur Schmerzlinderung, zur Verringerung von Entz\u00fcndungen und zur Senkung von Fieber eingesetzt wird. Es geh\u00f6rt zu einer Gruppe von Arzneimitteln, die als NSAIDs (nichtsteroidale entz\u00fcndungshemmende Medikamente) bezeichnet werden. Ibuprofen wirkt, indem es bestimmte Chemikalien im K\u00f6rper blockiert, die Schmerzen und Schwellungen verursachen, und hilft dir, dich besser zu f\u00fchlen und dich komfortabler zu bewegen.<\/p>\n<p>Dieses Medikament wird bei vielen Beschwerden eingesetzt, wie Kopfschmerzen, Migr\u00e4ne, Menstruationskr\u00e4mpfen, Zahnschmerzen, Halsschmerzen, R\u00fcckenschmerzen sowie Muskel- oder Gelenkschmerzen, die durch Verletzungen wie Verstauchungen oder Zerrungen verursacht werden. Es hilft auch, Fieber zu kontrollieren und wird manchmal bei chronischen Erkrankungen wie Arthritis eingesetzt, wo es die Gelenksteifheit verringert und die t\u00e4gliche Aktivit\u00e4t verbessert.<\/p>\n<p>Ibuprofen beginnt normalerweise innerhalb von 30 bis 60 Minuten zu wirken, und seine Wirkung kann bis zu 6\u20138 Stunden anhalten. Bei einigen entz\u00fcndlichen Erkrankungen kann es einige Tage oder Wochen regelm\u00e4\u00dfiger Anwendung dauern, bis eine vollst\u00e4ndige Verbesserung sp\u00fcrbar ist. Es ist in verschiedenen Formen erh\u00e4ltlich, darunter Tabletten, Kapseln, fl\u00fcssige Suspensionen und topische Gele, die auf die Haut aufgetragen werden.<\/p>\n<p>Viele Menschen verwenden Ibuprofen, weil es schnell wirkt und bei Bedarf bei kurzfristigen Problemen oder regelm\u00e4\u00dfig bei anhaltenden Schmerzen eingenommen werden kann. Es wird im Allgemeinen gut vertragen, wenn es wie vorgeschrieben eingenommen wird. Um Magenbeschwerden zu vermeiden, ist es am besten, es mit Nahrung oder Milch einzunehmen.<\/p>\n<p>Obwohl es wirksam ist, kann Ibuprofen manchmal Nebenwirkungen wie Magenbeschwerden, Sodbrennen, Schwindel oder Kopfschmerzen verursachen. Eine langfristige Einnahme oder hohe Dosen k\u00f6nnen das Risiko von Magengeschw\u00fcren, Nierenproblemen oder Bluthochdruck erh\u00f6hen. Personen mit bestimmten Erkrankungen oder solche, die andere Medikamente einnehmen, sollten vorsichtig sein und ihre verschriebene Dosierung genau befolgen.<\/p>\n","protected":false},"excerpt":{"rendered":"<ul>\n<li>Schnelle Linderung von Schmerzen und Fieber<\/li>\n<li>Reduziert Entz\u00fcndungen und Schwellungen<\/li>\n<li>Wirksam bei Kopfschmerzen, Muskelschmerzen und Menstruationskr\u00e4mpfen<\/li>\n<\/ul>\n","protected":false},"featured_media":1291,"comment_status":"open","ping_status":"closed","template":"","meta":[],"product_brand":[],"product_cat":[73,126,132,150,156,84],"product_tag":[],"expert":[17],"class_list":{"0":"post-1289","1":"product","2":"type-product","3":"status-publish","4":"has-post-thumbnail","6":"product_cat-bauchschmerzen","7":"product_cat-grippe-husten-erkaltungsmittel","8":"product_cat-kopfschmerzen-migrane","9":"product_cat-menstruationsbeschwerden","10":"product_cat-nervenschmerzen","11":"product_cat-rucken-muskel-gelenkschmerzen","12":"expert-dr-c-munoz-parada","14":"first","15":"instock","16":"shipping-taxable","17":"product-type-variable"},"yoast_head":"<!-- This site is optimized with the Yoast SEO plugin v27.0 - https:\/\/yoast.com\/product\/yoast-seo-wordpress\/ -->\n<title>Ibuprofen | Schnelle Lieferung in der EU - Transtoyou - DE<\/title>\n<meta name=\"description\" content=\"Bestelle Ibuprofen online ganz einfach. Mach einen kurzen Gesundheitscheck und erhalte schnellen, diskreten Versand. Genehmigt von EU-\u00c4rzten. Kein Abo n\u00f6tig.\" \/>\n<meta name=\"robots\" content=\"noindex, follow, max-snippet:-1, max-image-preview:large, max-video-preview:-1\" \/>\n<meta property=\"og:locale\" content=\"de_DE\" \/>\n<meta property=\"og:type\" content=\"article\" \/>\n<meta property=\"og:title\" content=\"Ibuprofen | Schnelle Lieferung in der EU - Transtoyou - DE\" \/>\n<meta property=\"og:description\" content=\"Bestelle Ibuprofen online ganz einfach. Mach einen kurzen Gesundheitscheck und erhalte schnellen, diskreten Versand. Genehmigt von EU-\u00c4rzten. Kein Abo n\u00f6tig.\" \/>\n<meta property=\"og:url\" content=\"https:\/\/www.transtoyou.com\/de\/product\/ibuprofen\/\" \/>\n<meta property=\"og:site_name\" content=\"Transtoyou - DE\" \/>\n<meta property=\"article:modified_time\" content=\"2026-02-20T10:01:55+00:00\" \/>\n<meta name=\"twitter:card\" content=\"summary_large_image\" \/>\n<meta name=\"twitter:label1\" content=\"Gesch\u00e4tzte Lesezeit\" \/>\n\t<meta name=\"twitter:data1\" content=\"1\u00a0Minute\" \/>\n<script type=\"application\/ld+json\" class=\"yoast-schema-graph\">{\"@context\":\"https:\/\/schema.org\",\"@graph\":[{\"@type\":\"WebPage\",\"@id\":\"https:\/\/www.transtoyou.com\/de\/product\/ibuprofen\/\",\"url\":\"https:\/\/www.transtoyou.com\/de\/product\/ibuprofen\/\",\"name\":\"Ibuprofen | Schnelle Lieferung in der EU - Transtoyou - DE\",\"isPartOf\":{\"@id\":\"https:\/\/www.transtoyou.com\/de\/#website\"},\"primaryImageOfPage\":{\"@id\":\"https:\/\/www.transtoyou.com\/de\/product\/ibuprofen\/#primaryimage\"},\"image\":{\"@id\":\"https:\/\/www.transtoyou.com\/de\/product\/ibuprofen\/#primaryimage\"},\"thumbnailUrl\":\"https:\/\/www.transtoyou.com\/de\/wp-content\/uploads\/sites\/4\/2026\/01\/tty-no-product-image-189.webp\",\"datePublished\":\"2026-01-26T03:54:44+00:00\",\"dateModified\":\"2026-02-20T10:01:55+00:00\",\"description\":\"Bestelle Ibuprofen online ganz einfach. Mach einen kurzen Gesundheitscheck und erhalte schnellen, diskreten Versand. Genehmigt von EU-\u00c4rzten. Kein Abo n\u00f6tig.\",\"breadcrumb\":{\"@id\":\"https:\/\/www.transtoyou.com\/de\/product\/ibuprofen\/#breadcrumb\"},\"inLanguage\":\"de\",\"potentialAction\":[{\"@type\":\"ReadAction\",\"target\":[\"https:\/\/www.transtoyou.com\/de\/product\/ibuprofen\/\"]}]},{\"@type\":\"ImageObject\",\"inLanguage\":\"de\",\"@id\":\"https:\/\/www.transtoyou.com\/de\/product\/ibuprofen\/#primaryimage\",\"url\":\"https:\/\/www.transtoyou.com\/de\/wp-content\/uploads\/sites\/4\/2026\/01\/tty-no-product-image-189.webp\",\"contentUrl\":\"https:\/\/www.transtoyou.com\/de\/wp-content\/uploads\/sites\/4\/2026\/01\/tty-no-product-image-189.webp\",\"width\":1000,\"height\":1000,\"caption\":\"Standardproduktbild\"},{\"@type\":\"WebSite\",\"@id\":\"https:\/\/www.transtoyou.com\/de\/#website\",\"url\":\"https:\/\/www.transtoyou.com\/de\/\",\"name\":\"Transtoyou - DE\",\"description\":\"DE\",\"publisher\":{\"@id\":\"https:\/\/www.transtoyou.com\/de\/#organization\"},\"potentialAction\":[{\"@type\":\"SearchAction\",\"target\":{\"@type\":\"EntryPoint\",\"urlTemplate\":\"https:\/\/www.transtoyou.com\/de\/?s={search_term_string}\"},\"query-input\":{\"@type\":\"PropertyValueSpecification\",\"valueRequired\":true,\"valueName\":\"search_term_string\"}}],\"inLanguage\":\"de\"},{\"@type\":\"Organization\",\"@id\":\"https:\/\/www.transtoyou.com\/de\/#organization\",\"name\":\"Transtoyou - DE\",\"url\":\"https:\/\/www.transtoyou.com\/de\/\",\"logo\":{\"@type\":\"ImageObject\",\"inLanguage\":\"de\",\"@id\":\"https:\/\/www.transtoyou.com\/de\/#\/schema\/logo\/image\/\",\"url\":\"https:\/\/www.transtoyou.com\/de\/wp-content\/uploads\/sites\/4\/2026\/01\/logo-tty-menu-bar-300x87-1.webp\",\"contentUrl\":\"https:\/\/www.transtoyou.com\/de\/wp-content\/uploads\/sites\/4\/2026\/01\/logo-tty-menu-bar-300x87-1.webp\",\"width\":300,\"height\":87,\"caption\":\"Transtoyou - DE\"},\"image\":{\"@id\":\"https:\/\/www.transtoyou.com\/de\/#\/schema\/logo\/image\/\"}}]}<\/script>\n<!-- \/ Yoast SEO plugin. -->","yoast_head_json":{"title":"Ibuprofen | Schnelle Lieferung in der EU - Transtoyou - DE","description":"Bestelle Ibuprofen online ganz einfach. Mach einen kurzen Gesundheitscheck und erhalte schnellen, diskreten Versand. Genehmigt von EU-\u00c4rzten. Kein Abo n\u00f6tig.","robots":{"index":"noindex","follow":"follow","max-snippet":"max-snippet:-1","max-image-preview":"max-image-preview:large","max-video-preview":"max-video-preview:-1"},"og_locale":"de_DE","og_type":"article","og_title":"Ibuprofen | Schnelle Lieferung in der EU - Transtoyou - DE","og_description":"Bestelle Ibuprofen online ganz einfach. Mach einen kurzen Gesundheitscheck und erhalte schnellen, diskreten Versand. Genehmigt von EU-\u00c4rzten. Kein Abo n\u00f6tig.","og_url":"https:\/\/www.transtoyou.com\/de\/product\/ibuprofen\/","og_site_name":"Transtoyou - DE","article_modified_time":"2026-02-20T10:01:55+00:00","twitter_card":"summary_large_image","twitter_misc":{"Gesch\u00e4tzte Lesezeit":"1\u00a0Minute"},"schema":{"@context":"https:\/\/schema.org","@graph":[{"@type":"WebPage","@id":"https:\/\/www.transtoyou.com\/de\/product\/ibuprofen\/","url":"https:\/\/www.transtoyou.com\/de\/product\/ibuprofen\/","name":"Ibuprofen | Schnelle Lieferung in der EU - Transtoyou - DE","isPartOf":{"@id":"https:\/\/www.transtoyou.com\/de\/#website"},"primaryImageOfPage":{"@id":"https:\/\/www.transtoyou.com\/de\/product\/ibuprofen\/#primaryimage"},"image":{"@id":"https:\/\/www.transtoyou.com\/de\/product\/ibuprofen\/#primaryimage"},"thumbnailUrl":"https:\/\/www.transtoyou.com\/de\/wp-content\/uploads\/sites\/4\/2026\/01\/tty-no-product-image-189.webp","datePublished":"2026-01-26T03:54:44+00:00","dateModified":"2026-02-20T10:01:55+00:00","description":"Bestelle Ibuprofen online ganz einfach. Mach einen kurzen Gesundheitscheck und erhalte schnellen, diskreten Versand. Genehmigt von EU-\u00c4rzten. Kein Abo n\u00f6tig.","breadcrumb":{"@id":"https:\/\/www.transtoyou.com\/de\/product\/ibuprofen\/#breadcrumb"},"inLanguage":"de","potentialAction":[{"@type":"ReadAction","target":["https:\/\/www.transtoyou.com\/de\/product\/ibuprofen\/"]}]},{"@type":"ImageObject","inLanguage":"de","@id":"https:\/\/www.transtoyou.com\/de\/product\/ibuprofen\/#primaryimage","url":"https:\/\/www.transtoyou.com\/de\/wp-content\/uploads\/sites\/4\/2026\/01\/tty-no-product-image-189.webp","contentUrl":"https:\/\/www.transtoyou.com\/de\/wp-content\/uploads\/sites\/4\/2026\/01\/tty-no-product-image-189.webp","width":1000,"height":1000,"caption":"Standardproduktbild"},{"@type":"WebSite","@id":"https:\/\/www.transtoyou.com\/de\/#website","url":"https:\/\/www.transtoyou.com\/de\/","name":"Transtoyou - DE","description":"DE","publisher":{"@id":"https:\/\/www.transtoyou.com\/de\/#organization"},"potentialAction":[{"@type":"SearchAction","target":{"@type":"EntryPoint","urlTemplate":"https:\/\/www.transtoyou.com\/de\/?s={search_term_string}"},"query-input":{"@type":"PropertyValueSpecification","valueRequired":true,"valueName":"search_term_string"}}],"inLanguage":"de"},{"@type":"Organization","@id":"https:\/\/www.transtoyou.com\/de\/#organization","name":"Transtoyou - DE","url":"https:\/\/www.transtoyou.com\/de\/","logo":{"@type":"ImageObject","inLanguage":"de","@id":"https:\/\/www.transtoyou.com\/de\/#\/schema\/logo\/image\/","url":"https:\/\/www.transtoyou.com\/de\/wp-content\/uploads\/sites\/4\/2026\/01\/logo-tty-menu-bar-300x87-1.webp","contentUrl":"https:\/\/www.transtoyou.com\/de\/wp-content\/uploads\/sites\/4\/2026\/01\/logo-tty-menu-bar-300x87-1.webp","width":300,"height":87,"caption":"Transtoyou - DE"},"image":{"@id":"https:\/\/www.transtoyou.com\/de\/#\/schema\/logo\/image\/"}}]}},"_links":{"self":[{"href":"https:\/\/www.transtoyou.com\/de\/wp-json\/wp\/v2\/product\/1289","targetHints":{"allow":["GET"]}}],"collection":[{"href":"https:\/\/www.transtoyou.com\/de\/wp-json\/wp\/v2\/product"}],"about":[{"href":"https:\/\/www.transtoyou.com\/de\/wp-json\/wp\/v2\/types\/product"}],"replies":[{"embeddable":true,"href":"https:\/\/www.transtoyou.com\/de\/wp-json\/wp\/v2\/comments?post=1289"}],"wp:featuredmedia":[{"embeddable":true,"href":"https:\/\/www.transtoyou.com\/de\/wp-json\/wp\/v2\/media\/1291"}],"wp:attachment":[{"href":"https:\/\/www.transtoyou.com\/de\/wp-json\/wp\/v2\/media?parent=1289"}],"wp:term":[{"taxonomy":"product_brand","embeddable":true,"href":"https:\/\/www.transtoyou.com\/de\/wp-json\/wp\/v2\/product_brand?post=1289"},{"taxonomy":"product_cat","embeddable":true,"href":"https:\/\/www.transtoyou.com\/de\/wp-json\/wp\/v2\/product_cat?post=1289"},{"taxonomy":"product_tag","embeddable":true,"href":"https:\/\/www.transtoyou.com\/de\/wp-json\/wp\/v2\/product_tag?post=1289"},{"taxonomy":"expert","embeddable":true,"href":"https:\/\/www.transtoyou.com\/de\/wp-json\/wp\/v2\/expert?post=1289"}],"curies":[{"name":"wp","href":"https:\/\/api.w.org\/{rel}","templated":true}]}}