{"id":2214,"date":"2026-02-04T08:19:39","date_gmt":"2026-02-04T06:19:39","guid":{"rendered":"https:\/\/www.transtoyou.com\/de\/product\/advil\/"},"modified":"2026-02-04T08:20:36","modified_gmt":"2026-02-04T06:20:36","slug":"advil","status":"publish","type":"product","link":"https:\/\/www.transtoyou.com\/de\/product\/advil\/","title":{"rendered":"Advil"},"content":{"rendered":"<p>Advil enth\u00e4lt Ibuprofen, ein Medikament, das zur Linderung von Schmerzen, zur Reduzierung von Schwellungen und zur Senkung von Fieber eingesetzt wird. Es geh\u00f6rt zu einer Gruppe von Arzneimitteln, die als nichtsteroidale entz\u00fcndungshemmende Medikamente bezeichnet werden. Ibuprofen wirkt, indem es Enzyme namens Cyclooxygenasen (COX) blockiert, die an der Produktion von Prostaglandinen beteiligt sind. Diese sind nat\u00fcrliche Substanzen, die eine Rolle bei der Verursachung von Schmerzen, Entz\u00fcndungen und Fieber spielen. Durch die Senkung der Prostaglandinspiegel kann Ibuprofen h\u00e4ufige Symptome wie Kopfschmerzen, Muskelverspannungen oder Gelenkschmerzen lindern.<\/p>\n<p>Die Wirkung beginnt normalerweise innerhalb von 30 bis 45 Minuten. Es kann etwas schneller auf n\u00fcchternen Magen wirken, aber die Einnahme mit Nahrung kann helfen, die Magenschleimhaut zu sch\u00fctzen. Nachdem das Medikament aufgenommen wurde, verteilt es sich im gesamten K\u00f6rper und erreicht auch die Gelenkfl\u00fcssigkeit, weshalb es bei Erkrankungen wie Arthritis helfen kann. Der K\u00f6rper scheidet Ibuprofen \u00fcber die Nieren aus. Das Medikament bleibt einige Stunden aktiv im K\u00f6rper (Ibuprofen hat eine Halbwertszeit von etwa 2 bis 4 Stunden, was bedeutet, dass die Wirkungen typischerweise 4 bis 6 Stunden anhalten), und Erwachsene k\u00f6nnen es bei Bedarf alle sechs bis acht Stunden einnehmen. (Die maximale rezeptfreie Tagesdosis f\u00fcr Erwachsene betr\u00e4gt 1.200 Milligramm.)<\/p>\n<p>Da Prostaglandine auch die Magenschleimhaut und die Nierenfunktion unterst\u00fctzen, ist es wichtig, Ibuprofen mit Vorsicht zu verwenden. Verwende die niedrigste wirksame Dosis f\u00fcr die k\u00fcrzeste Zeit. Die Einnahme mit Nahrung, ausreichendes Trinken und die Vermeidung von \u00fcberm\u00e4\u00dfigem Alkoholgebrauch k\u00f6nnen helfen, das Risiko von Magenproblemen zu verringern. Personen \u00fcber 60 oder mit einer Vorgeschichte von Magengeschw\u00fcren oder gastrointestinalen Blutungen wird m\u00f6glicherweise geraten, ein sch\u00fctzendes Medikament oder ein gastroprotektives Medikament, wie einen Protonenpumpenhemmer, zusammen mit Ibuprofen zu verwenden.<\/p>\n","protected":false},"excerpt":{"rendered":"<ul>\n<li>Schnell wirkendes Ibuprofen 200 mg &amp; 400 mg gegen Schmerzen, Fieber, Entz\u00fcndungen<\/li>\n<li>Wirkt in etwa 30 Minuten, h\u00e4lt bis zu 8 Stunden an<\/li>\n<li>OTC-Komfort mit Rezeptst\u00e4rke-Flexibilit\u00e4t<\/li>\n<\/ul>\n","protected":false},"featured_media":2216,"comment_status":"open","ping_status":"closed","template":"","meta":[],"product_brand":[],"product_cat":[73,126,132,150,84],"product_tag":[],"expert":[21],"class_list":{"0":"post-2214","1":"product","2":"type-product","3":"status-publish","4":"has-post-thumbnail","6":"product_cat-bauchschmerzen","7":"product_cat-grippe-husten-erkaltungsmittel","8":"product_cat-kopfschmerzen-migrane","9":"product_cat-menstruationsbeschwerden","10":"product_cat-rucken-muskel-gelenkschmerzen","11":"expert-dr-m-sharoyko","13":"first","14":"instock","15":"shipping-taxable","16":"product-type-variable"},"yoast_head":"<!-- This site is optimized with the Yoast SEO plugin v27.0 - https:\/\/yoast.com\/product\/yoast-seo-wordpress\/ -->\n<title>Advil | Schnelle Schmerzl\u00f6sung - Transtoyou<\/title>\n<meta name=\"description\" content=\"Advil erh\u00e4ltlich bei Transtoyou, deinem Ansprechpartner f\u00fcr effektive Schmerztherapie. Jetzt einkaufen f\u00fcr vertrauensw\u00fcrdige Qualit\u00e4t und schnellen Service.\" \/>\n<meta name=\"robots\" content=\"noindex, follow, max-snippet:-1, max-image-preview:large, max-video-preview:-1\" \/>\n<meta property=\"og:locale\" content=\"de_DE\" \/>\n<meta property=\"og:type\" content=\"article\" \/>\n<meta property=\"og:title\" content=\"Advil | Schnelle Schmerzl\u00f6sung - Transtoyou\" \/>\n<meta property=\"og:description\" content=\"Advil erh\u00e4ltlich bei Transtoyou, deinem Ansprechpartner f\u00fcr effektive Schmerztherapie. Jetzt einkaufen f\u00fcr vertrauensw\u00fcrdige Qualit\u00e4t und schnellen Service.\" \/>\n<meta property=\"og:url\" content=\"https:\/\/www.transtoyou.com\/de\/product\/advil\/\" \/>\n<meta property=\"og:site_name\" content=\"Transtoyou - DE\" \/>\n<meta property=\"article:modified_time\" content=\"2026-02-04T06:20:36+00:00\" \/>\n<meta name=\"twitter:card\" content=\"summary_large_image\" \/>\n<meta name=\"twitter:label1\" content=\"Gesch\u00e4tzte Lesezeit\" \/>\n\t<meta name=\"twitter:data1\" content=\"1\u00a0Minute\" \/>\n<script type=\"application\/ld+json\" class=\"yoast-schema-graph\">{\"@context\":\"https:\/\/schema.org\",\"@graph\":[{\"@type\":\"WebPage\",\"@id\":\"https:\/\/www.transtoyou.com\/de\/product\/advil\/\",\"url\":\"https:\/\/www.transtoyou.com\/de\/product\/advil\/\",\"name\":\"Advil | Schnelle Schmerzl\u00f6sung - Transtoyou\",\"isPartOf\":{\"@id\":\"https:\/\/www.transtoyou.com\/de\/#website\"},\"primaryImageOfPage\":{\"@id\":\"https:\/\/www.transtoyou.com\/de\/product\/advil\/#primaryimage\"},\"image\":{\"@id\":\"https:\/\/www.transtoyou.com\/de\/product\/advil\/#primaryimage\"},\"thumbnailUrl\":\"https:\/\/www.transtoyou.com\/de\/wp-content\/uploads\/sites\/4\/2026\/02\/tty-no-product-image.webp\",\"datePublished\":\"2026-02-04T06:19:39+00:00\",\"dateModified\":\"2026-02-04T06:20:36+00:00\",\"description\":\"Advil erh\u00e4ltlich bei Transtoyou, deinem Ansprechpartner f\u00fcr effektive Schmerztherapie. Jetzt einkaufen f\u00fcr vertrauensw\u00fcrdige Qualit\u00e4t und schnellen Service.\",\"breadcrumb\":{\"@id\":\"https:\/\/www.transtoyou.com\/de\/product\/advil\/#breadcrumb\"},\"inLanguage\":\"de\",\"potentialAction\":[{\"@type\":\"ReadAction\",\"target\":[\"https:\/\/www.transtoyou.com\/de\/product\/advil\/\"]}]},{\"@type\":\"ImageObject\",\"inLanguage\":\"de\",\"@id\":\"https:\/\/www.transtoyou.com\/de\/product\/advil\/#primaryimage\",\"url\":\"https:\/\/www.transtoyou.com\/de\/wp-content\/uploads\/sites\/4\/2026\/02\/tty-no-product-image.webp\",\"contentUrl\":\"https:\/\/www.transtoyou.com\/de\/wp-content\/uploads\/sites\/4\/2026\/02\/tty-no-product-image.webp\",\"width\":1000,\"height\":1000,\"caption\":\"Standardproduktbild\"},{\"@type\":\"WebSite\",\"@id\":\"https:\/\/www.transtoyou.com\/de\/#website\",\"url\":\"https:\/\/www.transtoyou.com\/de\/\",\"name\":\"Transtoyou - DE\",\"description\":\"DE\",\"publisher\":{\"@id\":\"https:\/\/www.transtoyou.com\/de\/#organization\"},\"potentialAction\":[{\"@type\":\"SearchAction\",\"target\":{\"@type\":\"EntryPoint\",\"urlTemplate\":\"https:\/\/www.transtoyou.com\/de\/?s={search_term_string}\"},\"query-input\":{\"@type\":\"PropertyValueSpecification\",\"valueRequired\":true,\"valueName\":\"search_term_string\"}}],\"inLanguage\":\"de\"},{\"@type\":\"Organization\",\"@id\":\"https:\/\/www.transtoyou.com\/de\/#organization\",\"name\":\"Transtoyou - DE\",\"url\":\"https:\/\/www.transtoyou.com\/de\/\",\"logo\":{\"@type\":\"ImageObject\",\"inLanguage\":\"de\",\"@id\":\"https:\/\/www.transtoyou.com\/de\/#\/schema\/logo\/image\/\",\"url\":\"https:\/\/www.transtoyou.com\/de\/wp-content\/uploads\/sites\/4\/2026\/01\/logo-tty-menu-bar-300x87-1.webp\",\"contentUrl\":\"https:\/\/www.transtoyou.com\/de\/wp-content\/uploads\/sites\/4\/2026\/01\/logo-tty-menu-bar-300x87-1.webp\",\"width\":300,\"height\":87,\"caption\":\"Transtoyou - DE\"},\"image\":{\"@id\":\"https:\/\/www.transtoyou.com\/de\/#\/schema\/logo\/image\/\"}}]}<\/script>\n<!-- \/ Yoast SEO plugin. -->","yoast_head_json":{"title":"Advil | Schnelle Schmerzl\u00f6sung - Transtoyou","description":"Advil erh\u00e4ltlich bei Transtoyou, deinem Ansprechpartner f\u00fcr effektive Schmerztherapie. Jetzt einkaufen f\u00fcr vertrauensw\u00fcrdige Qualit\u00e4t und schnellen Service.","robots":{"index":"noindex","follow":"follow","max-snippet":"max-snippet:-1","max-image-preview":"max-image-preview:large","max-video-preview":"max-video-preview:-1"},"og_locale":"de_DE","og_type":"article","og_title":"Advil | Schnelle Schmerzl\u00f6sung - Transtoyou","og_description":"Advil erh\u00e4ltlich bei Transtoyou, deinem Ansprechpartner f\u00fcr effektive Schmerztherapie. Jetzt einkaufen f\u00fcr vertrauensw\u00fcrdige Qualit\u00e4t und schnellen Service.","og_url":"https:\/\/www.transtoyou.com\/de\/product\/advil\/","og_site_name":"Transtoyou - DE","article_modified_time":"2026-02-04T06:20:36+00:00","twitter_card":"summary_large_image","twitter_misc":{"Gesch\u00e4tzte Lesezeit":"1\u00a0Minute"},"schema":{"@context":"https:\/\/schema.org","@graph":[{"@type":"WebPage","@id":"https:\/\/www.transtoyou.com\/de\/product\/advil\/","url":"https:\/\/www.transtoyou.com\/de\/product\/advil\/","name":"Advil | Schnelle Schmerzl\u00f6sung - Transtoyou","isPartOf":{"@id":"https:\/\/www.transtoyou.com\/de\/#website"},"primaryImageOfPage":{"@id":"https:\/\/www.transtoyou.com\/de\/product\/advil\/#primaryimage"},"image":{"@id":"https:\/\/www.transtoyou.com\/de\/product\/advil\/#primaryimage"},"thumbnailUrl":"https:\/\/www.transtoyou.com\/de\/wp-content\/uploads\/sites\/4\/2026\/02\/tty-no-product-image.webp","datePublished":"2026-02-04T06:19:39+00:00","dateModified":"2026-02-04T06:20:36+00:00","description":"Advil erh\u00e4ltlich bei Transtoyou, deinem Ansprechpartner f\u00fcr effektive Schmerztherapie. Jetzt einkaufen f\u00fcr vertrauensw\u00fcrdige Qualit\u00e4t und schnellen Service.","breadcrumb":{"@id":"https:\/\/www.transtoyou.com\/de\/product\/advil\/#breadcrumb"},"inLanguage":"de","potentialAction":[{"@type":"ReadAction","target":["https:\/\/www.transtoyou.com\/de\/product\/advil\/"]}]},{"@type":"ImageObject","inLanguage":"de","@id":"https:\/\/www.transtoyou.com\/de\/product\/advil\/#primaryimage","url":"https:\/\/www.transtoyou.com\/de\/wp-content\/uploads\/sites\/4\/2026\/02\/tty-no-product-image.webp","contentUrl":"https:\/\/www.transtoyou.com\/de\/wp-content\/uploads\/sites\/4\/2026\/02\/tty-no-product-image.webp","width":1000,"height":1000,"caption":"Standardproduktbild"},{"@type":"WebSite","@id":"https:\/\/www.transtoyou.com\/de\/#website","url":"https:\/\/www.transtoyou.com\/de\/","name":"Transtoyou - DE","description":"DE","publisher":{"@id":"https:\/\/www.transtoyou.com\/de\/#organization"},"potentialAction":[{"@type":"SearchAction","target":{"@type":"EntryPoint","urlTemplate":"https:\/\/www.transtoyou.com\/de\/?s={search_term_string}"},"query-input":{"@type":"PropertyValueSpecification","valueRequired":true,"valueName":"search_term_string"}}],"inLanguage":"de"},{"@type":"Organization","@id":"https:\/\/www.transtoyou.com\/de\/#organization","name":"Transtoyou - DE","url":"https:\/\/www.transtoyou.com\/de\/","logo":{"@type":"ImageObject","inLanguage":"de","@id":"https:\/\/www.transtoyou.com\/de\/#\/schema\/logo\/image\/","url":"https:\/\/www.transtoyou.com\/de\/wp-content\/uploads\/sites\/4\/2026\/01\/logo-tty-menu-bar-300x87-1.webp","contentUrl":"https:\/\/www.transtoyou.com\/de\/wp-content\/uploads\/sites\/4\/2026\/01\/logo-tty-menu-bar-300x87-1.webp","width":300,"height":87,"caption":"Transtoyou - DE"},"image":{"@id":"https:\/\/www.transtoyou.com\/de\/#\/schema\/logo\/image\/"}}]}},"_links":{"self":[{"href":"https:\/\/www.transtoyou.com\/de\/wp-json\/wp\/v2\/product\/2214","targetHints":{"allow":["GET"]}}],"collection":[{"href":"https:\/\/www.transtoyou.com\/de\/wp-json\/wp\/v2\/product"}],"about":[{"href":"https:\/\/www.transtoyou.com\/de\/wp-json\/wp\/v2\/types\/product"}],"replies":[{"embeddable":true,"href":"https:\/\/www.transtoyou.com\/de\/wp-json\/wp\/v2\/comments?post=2214"}],"wp:featuredmedia":[{"embeddable":true,"href":"https:\/\/www.transtoyou.com\/de\/wp-json\/wp\/v2\/media\/2216"}],"wp:attachment":[{"href":"https:\/\/www.transtoyou.com\/de\/wp-json\/wp\/v2\/media?parent=2214"}],"wp:term":[{"taxonomy":"product_brand","embeddable":true,"href":"https:\/\/www.transtoyou.com\/de\/wp-json\/wp\/v2\/product_brand?post=2214"},{"taxonomy":"product_cat","embeddable":true,"href":"https:\/\/www.transtoyou.com\/de\/wp-json\/wp\/v2\/product_cat?post=2214"},{"taxonomy":"product_tag","embeddable":true,"href":"https:\/\/www.transtoyou.com\/de\/wp-json\/wp\/v2\/product_tag?post=2214"},{"taxonomy":"expert","embeddable":true,"href":"https:\/\/www.transtoyou.com\/de\/wp-json\/wp\/v2\/expert?post=2214"}],"curies":[{"name":"wp","href":"https:\/\/api.w.org\/{rel}","templated":true}]}}