{"id":2219,"date":"2026-02-07T11:26:47","date_gmt":"2026-02-07T09:26:47","guid":{"rendered":"https:\/\/www.transtoyou.com\/de\/product\/allopurinol\/"},"modified":"2026-02-07T11:27:27","modified_gmt":"2026-02-07T09:27:27","slug":"allopurinol","status":"publish","type":"product","link":"https:\/\/www.transtoyou.com\/de\/product\/allopurinol\/","title":{"rendered":"Allopurinol"},"content":{"rendered":"<p>Allopurinol ist ein Medikament aus der Gruppe der Xanthinoxidase-Hemmer, das verwendet wird, um hohe Harns\u00e4urespiegel im K\u00f6rper zu senken. Es hilft, Probleme wie Gicht (eine Art von Gelenkschmerzen, die durch Harns\u00e4urekristalle verursacht werden) und Harns\u00e4ure-Nierensteine zu verhindern. Im Gegensatz zu Schmerzmitteln lindert es die Schmerzen nicht direkt, sondern wirkt, um zuk\u00fcnftige Sch\u00fcbe zu verhindern, indem es die Produktion von Harns\u00e4ure reduziert.<\/p>\n<p>Allopurinol blockiert einen chemischen Prozess im K\u00f6rper, der normalerweise Substanzen in Harns\u00e4ure umwandelt. Indem dieser Prozess verlangsamt wird, hilft es, die Harns\u00e4urespiegel niedrig zu halten. Dadurch k\u00f6nnen bestehende Kristalle allm\u00e4hlich aufgel\u00f6st werden und es wird verhindert, dass neue entstehen.<\/p>\n<p>Es wird haupts\u00e4chlich f\u00fcr Menschen mit chronisch hohen Harns\u00e4urespiegeln eingesetzt, insbesondere f\u00fcr diejenigen, die wiederholt Gichtanf\u00e4lle oder Nierensteine haben. In einigen F\u00e4llen wird es auch verwendet, wenn die Harns\u00e4urespiegel aufgrund anderer Gesundheitszust\u00e4nde oder Behandlungen steigen.<\/p>\n<p>Allopurinol wirkt nicht sofort \u2013 es dauert einige Tage, um die Harns\u00e4urespiegel zu senken, und bis zu 1\u20132 Wochen f\u00fcr die volle Wirkung. F\u00fcr die besten Ergebnisse sollte es jeden Tag mit Nahrung und ausreichend Fl\u00fcssigkeit (mindestens 2 Liter pro Tag) eingenommen werden.<\/p>\n<p>Der gr\u00f6\u00dfte Vorteil der Anwendung von Allopurinol besteht darin, Gichtanf\u00e4lle und Nierenprobleme langfristig zu verhindern. Es wird im Allgemeinen gut vertragen, aber bei einigen Menschen k\u00f6nnen leichte Hautausschl\u00e4ge oder andere seltene allergische Reaktionen auftreten.<\/p>\n","protected":false},"excerpt":{"rendered":"<ul>\n<li>Hilft, Gichtanf\u00e4lle und Harns\u00e4ure-Nierensteine zu verhindern<\/li>\n<li>Reduziert die Harns\u00e4urewerte im Blut und Urin<\/li>\n<li>Unterst\u00fctzt die langfristige Kontrolle der chronischen Hyperurik\u00e4mie<\/li>\n<\/ul>\n","protected":false},"featured_media":2221,"comment_status":"open","ping_status":"closed","template":"","meta":[],"product_brand":[],"product_cat":[71,84],"product_tag":[],"expert":[],"class_list":{"0":"post-2219","1":"product","2":"type-product","3":"status-publish","4":"has-post-thumbnail","6":"product_cat-allgemeine-gesundheit","7":"product_cat-rucken-muskel-gelenkschmerzen","9":"first","10":"instock","11":"shipping-taxable","12":"product-type-variable"},"yoast_head":"<!-- This site is optimized with the Yoast SEO plugin v27.0 - https:\/\/yoast.com\/product\/yoast-seo-wordpress\/ -->\n<title>Allopurinol Online Kaufen | Schnelle Arztgenehmigung - Transtoyou - DE<\/title>\n<meta name=\"description\" content=\"Bestelle Allopurinol online mit schneller medizinischer Pr\u00fcfung. Keine Wartezimmer. Schnelle Lieferung in ganz Europa. Sicher, diskret &amp; Rezept inklusive.\" \/>\n<meta name=\"robots\" content=\"noindex, follow, max-snippet:-1, max-image-preview:large, max-video-preview:-1\" \/>\n<meta property=\"og:locale\" content=\"de_DE\" \/>\n<meta property=\"og:type\" content=\"article\" \/>\n<meta property=\"og:title\" content=\"Allopurinol Online Kaufen | Schnelle Arztgenehmigung - Transtoyou - DE\" \/>\n<meta property=\"og:description\" content=\"Bestelle Allopurinol online mit schneller medizinischer Pr\u00fcfung. Keine Wartezimmer. Schnelle Lieferung in ganz Europa. Sicher, diskret &amp; Rezept inklusive.\" \/>\n<meta property=\"og:url\" content=\"https:\/\/www.transtoyou.com\/de\/product\/allopurinol\/\" \/>\n<meta property=\"og:site_name\" content=\"Transtoyou - DE\" \/>\n<meta property=\"article:modified_time\" content=\"2026-02-07T09:27:27+00:00\" \/>\n<meta name=\"twitter:card\" content=\"summary_large_image\" \/>\n<meta name=\"twitter:label1\" content=\"Gesch\u00e4tzte Lesezeit\" \/>\n\t<meta name=\"twitter:data1\" content=\"1\u00a0Minute\" \/>\n<script type=\"application\/ld+json\" class=\"yoast-schema-graph\">{\"@context\":\"https:\/\/schema.org\",\"@graph\":[{\"@type\":\"WebPage\",\"@id\":\"https:\/\/www.transtoyou.com\/de\/product\/allopurinol\/\",\"url\":\"https:\/\/www.transtoyou.com\/de\/product\/allopurinol\/\",\"name\":\"Allopurinol Online Kaufen | Schnelle Arztgenehmigung - Transtoyou - DE\",\"isPartOf\":{\"@id\":\"https:\/\/www.transtoyou.com\/de\/#website\"},\"primaryImageOfPage\":{\"@id\":\"https:\/\/www.transtoyou.com\/de\/product\/allopurinol\/#primaryimage\"},\"image\":{\"@id\":\"https:\/\/www.transtoyou.com\/de\/product\/allopurinol\/#primaryimage\"},\"thumbnailUrl\":\"https:\/\/www.transtoyou.com\/de\/wp-content\/uploads\/sites\/4\/2026\/02\/tty-no-product-image-1.webp\",\"datePublished\":\"2026-02-07T09:26:47+00:00\",\"dateModified\":\"2026-02-07T09:27:27+00:00\",\"description\":\"Bestelle Allopurinol online mit schneller medizinischer Pr\u00fcfung. Keine Wartezimmer. Schnelle Lieferung in ganz Europa. Sicher, diskret & Rezept inklusive.\",\"breadcrumb\":{\"@id\":\"https:\/\/www.transtoyou.com\/de\/product\/allopurinol\/#breadcrumb\"},\"inLanguage\":\"de\",\"potentialAction\":[{\"@type\":\"ReadAction\",\"target\":[\"https:\/\/www.transtoyou.com\/de\/product\/allopurinol\/\"]}]},{\"@type\":\"ImageObject\",\"inLanguage\":\"de\",\"@id\":\"https:\/\/www.transtoyou.com\/de\/product\/allopurinol\/#primaryimage\",\"url\":\"https:\/\/www.transtoyou.com\/de\/wp-content\/uploads\/sites\/4\/2026\/02\/tty-no-product-image-1.webp\",\"contentUrl\":\"https:\/\/www.transtoyou.com\/de\/wp-content\/uploads\/sites\/4\/2026\/02\/tty-no-product-image-1.webp\",\"width\":1000,\"height\":1000,\"caption\":\"Standardproduktbild\"},{\"@type\":\"WebSite\",\"@id\":\"https:\/\/www.transtoyou.com\/de\/#website\",\"url\":\"https:\/\/www.transtoyou.com\/de\/\",\"name\":\"Transtoyou - DE\",\"description\":\"DE\",\"publisher\":{\"@id\":\"https:\/\/www.transtoyou.com\/de\/#organization\"},\"potentialAction\":[{\"@type\":\"SearchAction\",\"target\":{\"@type\":\"EntryPoint\",\"urlTemplate\":\"https:\/\/www.transtoyou.com\/de\/?s={search_term_string}\"},\"query-input\":{\"@type\":\"PropertyValueSpecification\",\"valueRequired\":true,\"valueName\":\"search_term_string\"}}],\"inLanguage\":\"de\"},{\"@type\":\"Organization\",\"@id\":\"https:\/\/www.transtoyou.com\/de\/#organization\",\"name\":\"Transtoyou - DE\",\"url\":\"https:\/\/www.transtoyou.com\/de\/\",\"logo\":{\"@type\":\"ImageObject\",\"inLanguage\":\"de\",\"@id\":\"https:\/\/www.transtoyou.com\/de\/#\/schema\/logo\/image\/\",\"url\":\"https:\/\/www.transtoyou.com\/de\/wp-content\/uploads\/sites\/4\/2026\/01\/logo-tty-menu-bar-300x87-1.webp\",\"contentUrl\":\"https:\/\/www.transtoyou.com\/de\/wp-content\/uploads\/sites\/4\/2026\/01\/logo-tty-menu-bar-300x87-1.webp\",\"width\":300,\"height\":87,\"caption\":\"Transtoyou - DE\"},\"image\":{\"@id\":\"https:\/\/www.transtoyou.com\/de\/#\/schema\/logo\/image\/\"}}]}<\/script>\n<!-- \/ Yoast SEO plugin. -->","yoast_head_json":{"title":"Allopurinol Online Kaufen | Schnelle Arztgenehmigung - Transtoyou - DE","description":"Bestelle Allopurinol online mit schneller medizinischer Pr\u00fcfung. Keine Wartezimmer. Schnelle Lieferung in ganz Europa. Sicher, diskret & Rezept inklusive.","robots":{"index":"noindex","follow":"follow","max-snippet":"max-snippet:-1","max-image-preview":"max-image-preview:large","max-video-preview":"max-video-preview:-1"},"og_locale":"de_DE","og_type":"article","og_title":"Allopurinol Online Kaufen | Schnelle Arztgenehmigung - Transtoyou - DE","og_description":"Bestelle Allopurinol online mit schneller medizinischer Pr\u00fcfung. Keine Wartezimmer. Schnelle Lieferung in ganz Europa. Sicher, diskret & Rezept inklusive.","og_url":"https:\/\/www.transtoyou.com\/de\/product\/allopurinol\/","og_site_name":"Transtoyou - DE","article_modified_time":"2026-02-07T09:27:27+00:00","twitter_card":"summary_large_image","twitter_misc":{"Gesch\u00e4tzte Lesezeit":"1\u00a0Minute"},"schema":{"@context":"https:\/\/schema.org","@graph":[{"@type":"WebPage","@id":"https:\/\/www.transtoyou.com\/de\/product\/allopurinol\/","url":"https:\/\/www.transtoyou.com\/de\/product\/allopurinol\/","name":"Allopurinol Online Kaufen | Schnelle Arztgenehmigung - Transtoyou - DE","isPartOf":{"@id":"https:\/\/www.transtoyou.com\/de\/#website"},"primaryImageOfPage":{"@id":"https:\/\/www.transtoyou.com\/de\/product\/allopurinol\/#primaryimage"},"image":{"@id":"https:\/\/www.transtoyou.com\/de\/product\/allopurinol\/#primaryimage"},"thumbnailUrl":"https:\/\/www.transtoyou.com\/de\/wp-content\/uploads\/sites\/4\/2026\/02\/tty-no-product-image-1.webp","datePublished":"2026-02-07T09:26:47+00:00","dateModified":"2026-02-07T09:27:27+00:00","description":"Bestelle Allopurinol online mit schneller medizinischer Pr\u00fcfung. Keine Wartezimmer. Schnelle Lieferung in ganz Europa. Sicher, diskret & Rezept inklusive.","breadcrumb":{"@id":"https:\/\/www.transtoyou.com\/de\/product\/allopurinol\/#breadcrumb"},"inLanguage":"de","potentialAction":[{"@type":"ReadAction","target":["https:\/\/www.transtoyou.com\/de\/product\/allopurinol\/"]}]},{"@type":"ImageObject","inLanguage":"de","@id":"https:\/\/www.transtoyou.com\/de\/product\/allopurinol\/#primaryimage","url":"https:\/\/www.transtoyou.com\/de\/wp-content\/uploads\/sites\/4\/2026\/02\/tty-no-product-image-1.webp","contentUrl":"https:\/\/www.transtoyou.com\/de\/wp-content\/uploads\/sites\/4\/2026\/02\/tty-no-product-image-1.webp","width":1000,"height":1000,"caption":"Standardproduktbild"},{"@type":"WebSite","@id":"https:\/\/www.transtoyou.com\/de\/#website","url":"https:\/\/www.transtoyou.com\/de\/","name":"Transtoyou - DE","description":"DE","publisher":{"@id":"https:\/\/www.transtoyou.com\/de\/#organization"},"potentialAction":[{"@type":"SearchAction","target":{"@type":"EntryPoint","urlTemplate":"https:\/\/www.transtoyou.com\/de\/?s={search_term_string}"},"query-input":{"@type":"PropertyValueSpecification","valueRequired":true,"valueName":"search_term_string"}}],"inLanguage":"de"},{"@type":"Organization","@id":"https:\/\/www.transtoyou.com\/de\/#organization","name":"Transtoyou - DE","url":"https:\/\/www.transtoyou.com\/de\/","logo":{"@type":"ImageObject","inLanguage":"de","@id":"https:\/\/www.transtoyou.com\/de\/#\/schema\/logo\/image\/","url":"https:\/\/www.transtoyou.com\/de\/wp-content\/uploads\/sites\/4\/2026\/01\/logo-tty-menu-bar-300x87-1.webp","contentUrl":"https:\/\/www.transtoyou.com\/de\/wp-content\/uploads\/sites\/4\/2026\/01\/logo-tty-menu-bar-300x87-1.webp","width":300,"height":87,"caption":"Transtoyou - DE"},"image":{"@id":"https:\/\/www.transtoyou.com\/de\/#\/schema\/logo\/image\/"}}]}},"_links":{"self":[{"href":"https:\/\/www.transtoyou.com\/de\/wp-json\/wp\/v2\/product\/2219","targetHints":{"allow":["GET"]}}],"collection":[{"href":"https:\/\/www.transtoyou.com\/de\/wp-json\/wp\/v2\/product"}],"about":[{"href":"https:\/\/www.transtoyou.com\/de\/wp-json\/wp\/v2\/types\/product"}],"replies":[{"embeddable":true,"href":"https:\/\/www.transtoyou.com\/de\/wp-json\/wp\/v2\/comments?post=2219"}],"wp:featuredmedia":[{"embeddable":true,"href":"https:\/\/www.transtoyou.com\/de\/wp-json\/wp\/v2\/media\/2221"}],"wp:attachment":[{"href":"https:\/\/www.transtoyou.com\/de\/wp-json\/wp\/v2\/media?parent=2219"}],"wp:term":[{"taxonomy":"product_brand","embeddable":true,"href":"https:\/\/www.transtoyou.com\/de\/wp-json\/wp\/v2\/product_brand?post=2219"},{"taxonomy":"product_cat","embeddable":true,"href":"https:\/\/www.transtoyou.com\/de\/wp-json\/wp\/v2\/product_cat?post=2219"},{"taxonomy":"product_tag","embeddable":true,"href":"https:\/\/www.transtoyou.com\/de\/wp-json\/wp\/v2\/product_tag?post=2219"},{"taxonomy":"expert","embeddable":true,"href":"https:\/\/www.transtoyou.com\/de\/wp-json\/wp\/v2\/expert?post=2219"}],"curies":[{"name":"wp","href":"https:\/\/api.w.org\/{rel}","templated":true}]}}