{"id":2296,"date":"2026-02-09T17:39:35","date_gmt":"2026-02-09T15:39:35","guid":{"rendered":"https:\/\/www.transtoyou.com\/de\/product\/buscopan\/"},"modified":"2026-02-09T17:40:25","modified_gmt":"2026-02-09T15:40:25","slug":"buscopan","status":"publish","type":"product","link":"https:\/\/www.transtoyou.com\/de\/product\/buscopan\/","title":{"rendered":"Buscopan"},"content":{"rendered":"<p>Buscopan ist ein bekanntes Medikament zur Linderung von Bauchkr\u00e4mpfen und -spasmen, die durch Zust\u00e4nde wie das Reizdarmsyndrom (IBS), Menstruationsschmerzen oder andere Verdauungsst\u00f6rungen verursacht werden. Der Wirkstoff, Hyoscin-Butylbromid, wirkt, indem er die glatten Muskeln des Magens, des Darms und der Harnwege entspannt. Dies hilft, schmerzhafte Spasmen zu lindern und das Unbehagen zu reduzieren, sodass sich die Muskeln im Bauch wieder normal bewegen k\u00f6nnen.<\/p>\n<p>Im Gegensatz zu herk\u00f6mmlichen Schmerzmitteln, die nur das Schmerzempfinden maskieren, zielt Buscopan direkt auf die Ursache ab, die Muskelkontraktionen im Verdauungstrakt sind. Es beginnt innerhalb von etwa 15 bis 30 Minuten zu wirken und bietet schnelle Linderung bei krampfartigen Schmerzen. Viele Menschen finden, dass Buscopan ihnen hilft, ihre t\u00e4glichen Aktivit\u00e4ten ohne die Ablenkung durch Bauchbeschwerden fortzusetzen.<\/p>\n<p>Buscopan ist \u00fcblicherweise in Tablettenform erh\u00e4ltlich und wird ganz mit Wasser geschluckt. Es ist magenfreundlich und kann mit oder ohne Nahrung eingenommen werden. Das Medikament ist f\u00fcr die kurzfristige Anwendung geeignet und sollte nicht \u00fcber l\u00e4ngere Zeitr\u00e4ume ohne \u00e4rztlichen Rat kontinuierlich eingenommen werden.<\/p>\n<p>Buscopan wird im Allgemeinen gut vertragen. Da es jedoch auf die glatten Muskeln im gesamten K\u00f6rper wirkt, k\u00f6nnen einige Anwender leichte Nebenwirkungen wie Mundtrockenheit, Verstopfung oder verschwommenes Sehen erleben. Diese Effekte sind in der Regel vor\u00fcbergehend.<\/p>\n","protected":false},"excerpt":{"rendered":"<ul>\n<li>Schnelle Linderung von Bauchkr\u00e4mpfen und -spasmen<\/li>\n<li>Geht der Ursache der Schmerzen auf den Grund, nicht nur den Symptomen<\/li>\n<li>Schonend f\u00fcr den Magen<\/li>\n<\/ul>\n","protected":false},"featured_media":2300,"comment_status":"open","ping_status":"closed","template":"","meta":[],"product_brand":[],"product_cat":[73],"product_tag":[],"expert":[16],"class_list":{"0":"post-2296","1":"product","2":"type-product","3":"status-publish","4":"has-post-thumbnail","6":"product_cat-bauchschmerzen","7":"expert-dr-c-alexandru","9":"first","10":"instock","11":"shipping-taxable","12":"product-type-variable"},"yoast_head":"<!-- This site is optimized with the Yoast SEO plugin v27.0 - https:\/\/yoast.com\/product\/yoast-seo-wordpress\/ -->\n<title>Buscopan | Schnelle Linderung bei Bauchkr\u00e4mpfen - Transtoyou<\/title>\n<meta name=\"description\" content=\"Buscopan lindert schnell Bauchkr\u00e4mpfe und -spasmen. Hier erh\u00e4ltlich, zielt die einzigartige Formel auf Unbehagen ab, damit du zur\u00fcck ins t\u00e4gliche Leben kannst.\" \/>\n<meta name=\"robots\" content=\"noindex, follow, max-snippet:-1, max-image-preview:large, max-video-preview:-1\" \/>\n<meta property=\"og:locale\" content=\"de_DE\" \/>\n<meta property=\"og:type\" content=\"article\" \/>\n<meta property=\"og:title\" content=\"Buscopan | Schnelle Linderung bei Bauchkr\u00e4mpfen - Transtoyou\" \/>\n<meta property=\"og:description\" content=\"Buscopan lindert schnell Bauchkr\u00e4mpfe und -spasmen. Hier erh\u00e4ltlich, zielt die einzigartige Formel auf Unbehagen ab, damit du zur\u00fcck ins t\u00e4gliche Leben kannst.\" \/>\n<meta property=\"og:url\" content=\"https:\/\/www.transtoyou.com\/de\/product\/buscopan\/\" \/>\n<meta property=\"og:site_name\" content=\"Transtoyou - DE\" \/>\n<meta property=\"article:modified_time\" content=\"2026-02-09T15:40:25+00:00\" \/>\n<meta name=\"twitter:card\" content=\"summary_large_image\" \/>\n<meta name=\"twitter:label1\" content=\"Gesch\u00e4tzte Lesezeit\" \/>\n\t<meta name=\"twitter:data1\" content=\"1\u00a0Minute\" \/>\n<script type=\"application\/ld+json\" class=\"yoast-schema-graph\">{\"@context\":\"https:\/\/schema.org\",\"@graph\":[{\"@type\":\"WebPage\",\"@id\":\"https:\/\/www.transtoyou.com\/de\/product\/buscopan\/\",\"url\":\"https:\/\/www.transtoyou.com\/de\/product\/buscopan\/\",\"name\":\"Buscopan | Schnelle Linderung bei Bauchkr\u00e4mpfen - Transtoyou\",\"isPartOf\":{\"@id\":\"https:\/\/www.transtoyou.com\/de\/#website\"},\"primaryImageOfPage\":{\"@id\":\"https:\/\/www.transtoyou.com\/de\/product\/buscopan\/#primaryimage\"},\"image\":{\"@id\":\"https:\/\/www.transtoyou.com\/de\/product\/buscopan\/#primaryimage\"},\"thumbnailUrl\":\"https:\/\/www.transtoyou.com\/de\/wp-content\/uploads\/sites\/4\/2026\/02\/tty-no-product-image-2.webp\",\"datePublished\":\"2026-02-09T15:39:35+00:00\",\"dateModified\":\"2026-02-09T15:40:25+00:00\",\"description\":\"Buscopan lindert schnell Bauchkr\u00e4mpfe und -spasmen. Hier erh\u00e4ltlich, zielt die einzigartige Formel auf Unbehagen ab, damit du zur\u00fcck ins t\u00e4gliche Leben kannst.\",\"breadcrumb\":{\"@id\":\"https:\/\/www.transtoyou.com\/de\/product\/buscopan\/#breadcrumb\"},\"inLanguage\":\"de\",\"potentialAction\":[{\"@type\":\"ReadAction\",\"target\":[\"https:\/\/www.transtoyou.com\/de\/product\/buscopan\/\"]}]},{\"@type\":\"ImageObject\",\"inLanguage\":\"de\",\"@id\":\"https:\/\/www.transtoyou.com\/de\/product\/buscopan\/#primaryimage\",\"url\":\"https:\/\/www.transtoyou.com\/de\/wp-content\/uploads\/sites\/4\/2026\/02\/tty-no-product-image-2.webp\",\"contentUrl\":\"https:\/\/www.transtoyou.com\/de\/wp-content\/uploads\/sites\/4\/2026\/02\/tty-no-product-image-2.webp\",\"width\":1000,\"height\":1000,\"caption\":\"Standardproduktbild\"},{\"@type\":\"WebSite\",\"@id\":\"https:\/\/www.transtoyou.com\/de\/#website\",\"url\":\"https:\/\/www.transtoyou.com\/de\/\",\"name\":\"Transtoyou - DE\",\"description\":\"DE\",\"publisher\":{\"@id\":\"https:\/\/www.transtoyou.com\/de\/#organization\"},\"potentialAction\":[{\"@type\":\"SearchAction\",\"target\":{\"@type\":\"EntryPoint\",\"urlTemplate\":\"https:\/\/www.transtoyou.com\/de\/?s={search_term_string}\"},\"query-input\":{\"@type\":\"PropertyValueSpecification\",\"valueRequired\":true,\"valueName\":\"search_term_string\"}}],\"inLanguage\":\"de\"},{\"@type\":\"Organization\",\"@id\":\"https:\/\/www.transtoyou.com\/de\/#organization\",\"name\":\"Transtoyou - DE\",\"url\":\"https:\/\/www.transtoyou.com\/de\/\",\"logo\":{\"@type\":\"ImageObject\",\"inLanguage\":\"de\",\"@id\":\"https:\/\/www.transtoyou.com\/de\/#\/schema\/logo\/image\/\",\"url\":\"https:\/\/www.transtoyou.com\/de\/wp-content\/uploads\/sites\/4\/2026\/01\/logo-tty-menu-bar-300x87-1.webp\",\"contentUrl\":\"https:\/\/www.transtoyou.com\/de\/wp-content\/uploads\/sites\/4\/2026\/01\/logo-tty-menu-bar-300x87-1.webp\",\"width\":300,\"height\":87,\"caption\":\"Transtoyou - DE\"},\"image\":{\"@id\":\"https:\/\/www.transtoyou.com\/de\/#\/schema\/logo\/image\/\"}}]}<\/script>\n<!-- \/ Yoast SEO plugin. -->","yoast_head_json":{"title":"Buscopan | Schnelle Linderung bei Bauchkr\u00e4mpfen - Transtoyou","description":"Buscopan lindert schnell Bauchkr\u00e4mpfe und -spasmen. Hier erh\u00e4ltlich, zielt die einzigartige Formel auf Unbehagen ab, damit du zur\u00fcck ins t\u00e4gliche Leben kannst.","robots":{"index":"noindex","follow":"follow","max-snippet":"max-snippet:-1","max-image-preview":"max-image-preview:large","max-video-preview":"max-video-preview:-1"},"og_locale":"de_DE","og_type":"article","og_title":"Buscopan | Schnelle Linderung bei Bauchkr\u00e4mpfen - Transtoyou","og_description":"Buscopan lindert schnell Bauchkr\u00e4mpfe und -spasmen. Hier erh\u00e4ltlich, zielt die einzigartige Formel auf Unbehagen ab, damit du zur\u00fcck ins t\u00e4gliche Leben kannst.","og_url":"https:\/\/www.transtoyou.com\/de\/product\/buscopan\/","og_site_name":"Transtoyou - DE","article_modified_time":"2026-02-09T15:40:25+00:00","twitter_card":"summary_large_image","twitter_misc":{"Gesch\u00e4tzte Lesezeit":"1\u00a0Minute"},"schema":{"@context":"https:\/\/schema.org","@graph":[{"@type":"WebPage","@id":"https:\/\/www.transtoyou.com\/de\/product\/buscopan\/","url":"https:\/\/www.transtoyou.com\/de\/product\/buscopan\/","name":"Buscopan | Schnelle Linderung bei Bauchkr\u00e4mpfen - Transtoyou","isPartOf":{"@id":"https:\/\/www.transtoyou.com\/de\/#website"},"primaryImageOfPage":{"@id":"https:\/\/www.transtoyou.com\/de\/product\/buscopan\/#primaryimage"},"image":{"@id":"https:\/\/www.transtoyou.com\/de\/product\/buscopan\/#primaryimage"},"thumbnailUrl":"https:\/\/www.transtoyou.com\/de\/wp-content\/uploads\/sites\/4\/2026\/02\/tty-no-product-image-2.webp","datePublished":"2026-02-09T15:39:35+00:00","dateModified":"2026-02-09T15:40:25+00:00","description":"Buscopan lindert schnell Bauchkr\u00e4mpfe und -spasmen. Hier erh\u00e4ltlich, zielt die einzigartige Formel auf Unbehagen ab, damit du zur\u00fcck ins t\u00e4gliche Leben kannst.","breadcrumb":{"@id":"https:\/\/www.transtoyou.com\/de\/product\/buscopan\/#breadcrumb"},"inLanguage":"de","potentialAction":[{"@type":"ReadAction","target":["https:\/\/www.transtoyou.com\/de\/product\/buscopan\/"]}]},{"@type":"ImageObject","inLanguage":"de","@id":"https:\/\/www.transtoyou.com\/de\/product\/buscopan\/#primaryimage","url":"https:\/\/www.transtoyou.com\/de\/wp-content\/uploads\/sites\/4\/2026\/02\/tty-no-product-image-2.webp","contentUrl":"https:\/\/www.transtoyou.com\/de\/wp-content\/uploads\/sites\/4\/2026\/02\/tty-no-product-image-2.webp","width":1000,"height":1000,"caption":"Standardproduktbild"},{"@type":"WebSite","@id":"https:\/\/www.transtoyou.com\/de\/#website","url":"https:\/\/www.transtoyou.com\/de\/","name":"Transtoyou - DE","description":"DE","publisher":{"@id":"https:\/\/www.transtoyou.com\/de\/#organization"},"potentialAction":[{"@type":"SearchAction","target":{"@type":"EntryPoint","urlTemplate":"https:\/\/www.transtoyou.com\/de\/?s={search_term_string}"},"query-input":{"@type":"PropertyValueSpecification","valueRequired":true,"valueName":"search_term_string"}}],"inLanguage":"de"},{"@type":"Organization","@id":"https:\/\/www.transtoyou.com\/de\/#organization","name":"Transtoyou - DE","url":"https:\/\/www.transtoyou.com\/de\/","logo":{"@type":"ImageObject","inLanguage":"de","@id":"https:\/\/www.transtoyou.com\/de\/#\/schema\/logo\/image\/","url":"https:\/\/www.transtoyou.com\/de\/wp-content\/uploads\/sites\/4\/2026\/01\/logo-tty-menu-bar-300x87-1.webp","contentUrl":"https:\/\/www.transtoyou.com\/de\/wp-content\/uploads\/sites\/4\/2026\/01\/logo-tty-menu-bar-300x87-1.webp","width":300,"height":87,"caption":"Transtoyou - DE"},"image":{"@id":"https:\/\/www.transtoyou.com\/de\/#\/schema\/logo\/image\/"}}]}},"_links":{"self":[{"href":"https:\/\/www.transtoyou.com\/de\/wp-json\/wp\/v2\/product\/2296","targetHints":{"allow":["GET"]}}],"collection":[{"href":"https:\/\/www.transtoyou.com\/de\/wp-json\/wp\/v2\/product"}],"about":[{"href":"https:\/\/www.transtoyou.com\/de\/wp-json\/wp\/v2\/types\/product"}],"replies":[{"embeddable":true,"href":"https:\/\/www.transtoyou.com\/de\/wp-json\/wp\/v2\/comments?post=2296"}],"wp:featuredmedia":[{"embeddable":true,"href":"https:\/\/www.transtoyou.com\/de\/wp-json\/wp\/v2\/media\/2300"}],"wp:attachment":[{"href":"https:\/\/www.transtoyou.com\/de\/wp-json\/wp\/v2\/media?parent=2296"}],"wp:term":[{"taxonomy":"product_brand","embeddable":true,"href":"https:\/\/www.transtoyou.com\/de\/wp-json\/wp\/v2\/product_brand?post=2296"},{"taxonomy":"product_cat","embeddable":true,"href":"https:\/\/www.transtoyou.com\/de\/wp-json\/wp\/v2\/product_cat?post=2296"},{"taxonomy":"product_tag","embeddable":true,"href":"https:\/\/www.transtoyou.com\/de\/wp-json\/wp\/v2\/product_tag?post=2296"},{"taxonomy":"expert","embeddable":true,"href":"https:\/\/www.transtoyou.com\/de\/wp-json\/wp\/v2\/expert?post=2296"}],"curies":[{"name":"wp","href":"https:\/\/api.w.org\/{rel}","templated":true}]}}