{"id":2369,"date":"2026-02-13T16:20:04","date_gmt":"2026-02-13T14:20:04","guid":{"rendered":"https:\/\/www.transtoyou.com\/de\/product\/jardiance\/"},"modified":"2026-02-20T13:00:23","modified_gmt":"2026-02-20T11:00:23","slug":"jardiance","status":"publish","type":"product","link":"https:\/\/www.transtoyou.com\/de\/product\/jardiance\/","title":{"rendered":"Jardiance"},"content":{"rendered":"<p>Jardiance ist ein rezeptpflichtiges Medikament, das Empagliflozin enth\u00e4lt und zur Behandlung von Typ-2-Diabetes mellitus bei Erwachsenen eingesetzt wird. Es wird als Teil eines umfassenderen Behandlungsplans verschrieben, der auch Di\u00e4t- und Lebensstilma\u00dfnahmen umfasst. Jardiance ist nicht zur Behandlung von Typ-1-Diabetes oder diabetischer Ketoazidose gedacht.<\/p>\n<p>Empagliflozin geh\u00f6rt zu einer Klasse von Medikamenten, die als SGLT2-Hemmer bekannt sind. Diese Medikamente wirken, indem sie die R\u00fcckresorption von Glukose in den Nieren reduzieren, wodurch \u00fcbersch\u00fcssige Glukose \u00fcber den Urin ausgeschieden werden kann. Durch die Senkung des Blutzuckerspiegels hilft Jardiance, die glyk\u00e4mische Kontrolle bei Menschen mit Typ-2-Diabetes zu verbessern.<\/p>\n<p>Neben seiner Wirkung auf den Blutzucker kann Jardiance verschrieben werden, um das Risiko von kardiovaskul\u00e4ren Ereignissen bei bestimmten Patienten mit Typ-2-Diabetes und bestehender Herz-Kreislauf-Erkrankung zu reduzieren.<\/p>\n<p>Jardiance wird oral eingenommen und ist f\u00fcr die langfristige Anwendung unter \u00e4rztlicher Aufsicht vorgesehen. Eine regelm\u00e4\u00dfige \u00dcberwachung der Blutzuckerspiegel, der Nierenfunktion und der allgemeinen Gesundheit ist w\u00e4hrend der Behandlung wichtig. Wie bei allen rezeptpflichtigen Medikamenten sollte Jardiance nur nach einer medizinischen Bewertung und gem\u00e4\u00df den Anweisungen eines lizenzierten Arztes verwendet werden.<\/p>\n","protected":false},"excerpt":{"rendered":"<ul>\n<li>Verschreibungspflichtige Medikamente f\u00fcr Erwachsene mit Typ-2-Diabetes<\/li>\n<li>Enth\u00e4lt Empagliflozin, einen SGLT2-Hemmer<\/li>\n<li>Wird im Rahmen eines medizinisch \u00fcberwachten Behandlungsplans eingesetzt<\/li>\n<\/ul>\n","protected":false},"featured_media":2371,"comment_status":"open","ping_status":"closed","template":"","meta":[],"product_brand":[],"product_cat":[106],"product_tag":[],"expert":[16],"class_list":{"0":"post-2369","1":"product","2":"type-product","3":"status-publish","4":"has-post-thumbnail","6":"product_cat-diabetes","7":"expert-dr-c-alexandru","9":"first","10":"instock","11":"shipping-taxable","12":"product-type-variable"},"yoast_head":"<!-- This site is optimized with the Yoast SEO plugin v27.0 - https:\/\/yoast.com\/product\/yoast-seo-wordpress\/ -->\n<title>Jardiance | Empagliflozin bei Typ-2-Diabetes - Transtoyou<\/title>\n<meta name=\"description\" content=\"Jardiance bei Transtoyou, verschreibungspflichtige Medikamente f\u00fcr Typ-2-Diabetes zur Verbesserung der Blutzuckerwerte. Fordere noch heute eine Online-Arztbewertung an.\" \/>\n<meta name=\"robots\" content=\"noindex, follow, max-snippet:-1, max-image-preview:large, max-video-preview:-1\" \/>\n<meta property=\"og:locale\" content=\"de_DE\" \/>\n<meta property=\"og:type\" content=\"article\" \/>\n<meta property=\"og:title\" content=\"Jardiance | Empagliflozin bei Typ-2-Diabetes - Transtoyou\" \/>\n<meta property=\"og:description\" content=\"Jardiance bei Transtoyou, verschreibungspflichtige Medikamente f\u00fcr Typ-2-Diabetes zur Verbesserung der Blutzuckerwerte. Fordere noch heute eine Online-Arztbewertung an.\" \/>\n<meta property=\"og:url\" content=\"https:\/\/www.transtoyou.com\/de\/product\/jardiance\/\" \/>\n<meta property=\"og:site_name\" content=\"Transtoyou - DE\" \/>\n<meta property=\"article:modified_time\" content=\"2026-02-20T11:00:23+00:00\" \/>\n<meta name=\"twitter:card\" content=\"summary_large_image\" \/>\n<meta name=\"twitter:label1\" content=\"Gesch\u00e4tzte Lesezeit\" \/>\n\t<meta name=\"twitter:data1\" content=\"1\u00a0Minute\" \/>\n<script type=\"application\/ld+json\" class=\"yoast-schema-graph\">{\"@context\":\"https:\/\/schema.org\",\"@graph\":[{\"@type\":\"WebPage\",\"@id\":\"https:\/\/www.transtoyou.com\/de\/product\/jardiance\/\",\"url\":\"https:\/\/www.transtoyou.com\/de\/product\/jardiance\/\",\"name\":\"Jardiance | Empagliflozin bei Typ-2-Diabetes - Transtoyou\",\"isPartOf\":{\"@id\":\"https:\/\/www.transtoyou.com\/de\/#website\"},\"primaryImageOfPage\":{\"@id\":\"https:\/\/www.transtoyou.com\/de\/product\/jardiance\/#primaryimage\"},\"image\":{\"@id\":\"https:\/\/www.transtoyou.com\/de\/product\/jardiance\/#primaryimage\"},\"thumbnailUrl\":\"https:\/\/www.transtoyou.com\/de\/wp-content\/uploads\/sites\/4\/2026\/02\/tty-no-product-image-4.webp\",\"datePublished\":\"2026-02-13T14:20:04+00:00\",\"dateModified\":\"2026-02-20T11:00:23+00:00\",\"description\":\"Jardiance bei Transtoyou, verschreibungspflichtige Medikamente f\u00fcr Typ-2-Diabetes zur Verbesserung der Blutzuckerwerte. Fordere noch heute eine Online-Arztbewertung an.\",\"breadcrumb\":{\"@id\":\"https:\/\/www.transtoyou.com\/de\/product\/jardiance\/#breadcrumb\"},\"inLanguage\":\"de\",\"potentialAction\":[{\"@type\":\"ReadAction\",\"target\":[\"https:\/\/www.transtoyou.com\/de\/product\/jardiance\/\"]}]},{\"@type\":\"ImageObject\",\"inLanguage\":\"de\",\"@id\":\"https:\/\/www.transtoyou.com\/de\/product\/jardiance\/#primaryimage\",\"url\":\"https:\/\/www.transtoyou.com\/de\/wp-content\/uploads\/sites\/4\/2026\/02\/tty-no-product-image-4.webp\",\"contentUrl\":\"https:\/\/www.transtoyou.com\/de\/wp-content\/uploads\/sites\/4\/2026\/02\/tty-no-product-image-4.webp\",\"width\":1000,\"height\":1000,\"caption\":\"Standardproduktbild\"},{\"@type\":\"WebSite\",\"@id\":\"https:\/\/www.transtoyou.com\/de\/#website\",\"url\":\"https:\/\/www.transtoyou.com\/de\/\",\"name\":\"Transtoyou - DE\",\"description\":\"DE\",\"publisher\":{\"@id\":\"https:\/\/www.transtoyou.com\/de\/#organization\"},\"potentialAction\":[{\"@type\":\"SearchAction\",\"target\":{\"@type\":\"EntryPoint\",\"urlTemplate\":\"https:\/\/www.transtoyou.com\/de\/?s={search_term_string}\"},\"query-input\":{\"@type\":\"PropertyValueSpecification\",\"valueRequired\":true,\"valueName\":\"search_term_string\"}}],\"inLanguage\":\"de\"},{\"@type\":\"Organization\",\"@id\":\"https:\/\/www.transtoyou.com\/de\/#organization\",\"name\":\"Transtoyou - DE\",\"url\":\"https:\/\/www.transtoyou.com\/de\/\",\"logo\":{\"@type\":\"ImageObject\",\"inLanguage\":\"de\",\"@id\":\"https:\/\/www.transtoyou.com\/de\/#\/schema\/logo\/image\/\",\"url\":\"https:\/\/www.transtoyou.com\/de\/wp-content\/uploads\/sites\/4\/2026\/01\/logo-tty-menu-bar-300x87-1.webp\",\"contentUrl\":\"https:\/\/www.transtoyou.com\/de\/wp-content\/uploads\/sites\/4\/2026\/01\/logo-tty-menu-bar-300x87-1.webp\",\"width\":300,\"height\":87,\"caption\":\"Transtoyou - DE\"},\"image\":{\"@id\":\"https:\/\/www.transtoyou.com\/de\/#\/schema\/logo\/image\/\"}}]}<\/script>\n<!-- \/ Yoast SEO plugin. -->","yoast_head_json":{"title":"Jardiance | Empagliflozin bei Typ-2-Diabetes - Transtoyou","description":"Jardiance bei Transtoyou, verschreibungspflichtige Medikamente f\u00fcr Typ-2-Diabetes zur Verbesserung der Blutzuckerwerte. Fordere noch heute eine Online-Arztbewertung an.","robots":{"index":"noindex","follow":"follow","max-snippet":"max-snippet:-1","max-image-preview":"max-image-preview:large","max-video-preview":"max-video-preview:-1"},"og_locale":"de_DE","og_type":"article","og_title":"Jardiance | Empagliflozin bei Typ-2-Diabetes - Transtoyou","og_description":"Jardiance bei Transtoyou, verschreibungspflichtige Medikamente f\u00fcr Typ-2-Diabetes zur Verbesserung der Blutzuckerwerte. Fordere noch heute eine Online-Arztbewertung an.","og_url":"https:\/\/www.transtoyou.com\/de\/product\/jardiance\/","og_site_name":"Transtoyou - DE","article_modified_time":"2026-02-20T11:00:23+00:00","twitter_card":"summary_large_image","twitter_misc":{"Gesch\u00e4tzte Lesezeit":"1\u00a0Minute"},"schema":{"@context":"https:\/\/schema.org","@graph":[{"@type":"WebPage","@id":"https:\/\/www.transtoyou.com\/de\/product\/jardiance\/","url":"https:\/\/www.transtoyou.com\/de\/product\/jardiance\/","name":"Jardiance | Empagliflozin bei Typ-2-Diabetes - Transtoyou","isPartOf":{"@id":"https:\/\/www.transtoyou.com\/de\/#website"},"primaryImageOfPage":{"@id":"https:\/\/www.transtoyou.com\/de\/product\/jardiance\/#primaryimage"},"image":{"@id":"https:\/\/www.transtoyou.com\/de\/product\/jardiance\/#primaryimage"},"thumbnailUrl":"https:\/\/www.transtoyou.com\/de\/wp-content\/uploads\/sites\/4\/2026\/02\/tty-no-product-image-4.webp","datePublished":"2026-02-13T14:20:04+00:00","dateModified":"2026-02-20T11:00:23+00:00","description":"Jardiance bei Transtoyou, verschreibungspflichtige Medikamente f\u00fcr Typ-2-Diabetes zur Verbesserung der Blutzuckerwerte. Fordere noch heute eine Online-Arztbewertung an.","breadcrumb":{"@id":"https:\/\/www.transtoyou.com\/de\/product\/jardiance\/#breadcrumb"},"inLanguage":"de","potentialAction":[{"@type":"ReadAction","target":["https:\/\/www.transtoyou.com\/de\/product\/jardiance\/"]}]},{"@type":"ImageObject","inLanguage":"de","@id":"https:\/\/www.transtoyou.com\/de\/product\/jardiance\/#primaryimage","url":"https:\/\/www.transtoyou.com\/de\/wp-content\/uploads\/sites\/4\/2026\/02\/tty-no-product-image-4.webp","contentUrl":"https:\/\/www.transtoyou.com\/de\/wp-content\/uploads\/sites\/4\/2026\/02\/tty-no-product-image-4.webp","width":1000,"height":1000,"caption":"Standardproduktbild"},{"@type":"WebSite","@id":"https:\/\/www.transtoyou.com\/de\/#website","url":"https:\/\/www.transtoyou.com\/de\/","name":"Transtoyou - DE","description":"DE","publisher":{"@id":"https:\/\/www.transtoyou.com\/de\/#organization"},"potentialAction":[{"@type":"SearchAction","target":{"@type":"EntryPoint","urlTemplate":"https:\/\/www.transtoyou.com\/de\/?s={search_term_string}"},"query-input":{"@type":"PropertyValueSpecification","valueRequired":true,"valueName":"search_term_string"}}],"inLanguage":"de"},{"@type":"Organization","@id":"https:\/\/www.transtoyou.com\/de\/#organization","name":"Transtoyou - DE","url":"https:\/\/www.transtoyou.com\/de\/","logo":{"@type":"ImageObject","inLanguage":"de","@id":"https:\/\/www.transtoyou.com\/de\/#\/schema\/logo\/image\/","url":"https:\/\/www.transtoyou.com\/de\/wp-content\/uploads\/sites\/4\/2026\/01\/logo-tty-menu-bar-300x87-1.webp","contentUrl":"https:\/\/www.transtoyou.com\/de\/wp-content\/uploads\/sites\/4\/2026\/01\/logo-tty-menu-bar-300x87-1.webp","width":300,"height":87,"caption":"Transtoyou - DE"},"image":{"@id":"https:\/\/www.transtoyou.com\/de\/#\/schema\/logo\/image\/"}}]}},"_links":{"self":[{"href":"https:\/\/www.transtoyou.com\/de\/wp-json\/wp\/v2\/product\/2369","targetHints":{"allow":["GET"]}}],"collection":[{"href":"https:\/\/www.transtoyou.com\/de\/wp-json\/wp\/v2\/product"}],"about":[{"href":"https:\/\/www.transtoyou.com\/de\/wp-json\/wp\/v2\/types\/product"}],"replies":[{"embeddable":true,"href":"https:\/\/www.transtoyou.com\/de\/wp-json\/wp\/v2\/comments?post=2369"}],"wp:featuredmedia":[{"embeddable":true,"href":"https:\/\/www.transtoyou.com\/de\/wp-json\/wp\/v2\/media\/2371"}],"wp:attachment":[{"href":"https:\/\/www.transtoyou.com\/de\/wp-json\/wp\/v2\/media?parent=2369"}],"wp:term":[{"taxonomy":"product_brand","embeddable":true,"href":"https:\/\/www.transtoyou.com\/de\/wp-json\/wp\/v2\/product_brand?post=2369"},{"taxonomy":"product_cat","embeddable":true,"href":"https:\/\/www.transtoyou.com\/de\/wp-json\/wp\/v2\/product_cat?post=2369"},{"taxonomy":"product_tag","embeddable":true,"href":"https:\/\/www.transtoyou.com\/de\/wp-json\/wp\/v2\/product_tag?post=2369"},{"taxonomy":"expert","embeddable":true,"href":"https:\/\/www.transtoyou.com\/de\/wp-json\/wp\/v2\/expert?post=2369"}],"curies":[{"name":"wp","href":"https:\/\/api.w.org\/{rel}","templated":true}]}}