{"id":2504,"date":"2026-02-20T09:31:49","date_gmt":"2026-02-20T07:31:49","guid":{"rendered":"https:\/\/www.transtoyou.com\/de\/product\/gynokadin\/"},"modified":"2026-02-20T09:32:54","modified_gmt":"2026-02-20T07:32:54","slug":"gynokadin","status":"publish","type":"product","link":"https:\/\/www.transtoyou.com\/de\/product\/gynokadin\/","title":{"rendered":"Gynokadin"},"content":{"rendered":"<p>Gynokadin ist ein transdermales Gel, das Estradiol enth\u00e4lt, eine Form von \u00d6strogen, die in der Hormonersatztherapie und geschlechtsbejahender Versorgung verwendet wird. Es wird direkt auf die Haut aufgetragen, sodass Estradiol in den Blutkreislauf aufgenommen wird, ohne den Verdauungstrakt zu durchlaufen. Dies f\u00fchrt zu stabileren Hormonspiegeln und weniger Schwankungen als bei oralen Medikamenten.<\/p>\n<p>In der Menopause hilft Gynokadin, Symptome wie Hitzewallungen, Nachtschwei\u00df, Stimmungsschwankungen und vaginale Trockenheit zu lindern. Diese Symptome treten aufgrund des nat\u00fcrlichen R\u00fcckgangs der \u00d6strogenspiegel auf. Durch die Wiederherstellung von Estradiol unterst\u00fctzt das Gel das k\u00f6rperliche und emotionale Wohlbefinden und hilft, die Knochengesundheit zu erhalten.<\/p>\n<p>Gynokadin wird auch von Transfrauen im Rahmen der feminisierenden Hormonersatztherapie verwendet. Das Estradiol im Gel unterst\u00fctzt die Entwicklung weiblicher Eigenschaften wie Brustwachstum, Fettumverteilung und weichere Haut. Die anpassbare Dosierung und die einfache Anwendung machen es zu einer bevorzugten Option f\u00fcr viele, die eine Geschlechtsanpassung anstreben.<\/p>\n<p>Das Gel wird typischerweise einmal t\u00e4glich auf die saubere, trockene Haut an den Armen oder Beinen aufgetragen. Es trocknet schnell und hinterl\u00e4sst keine R\u00fcckst\u00e4nde. Gynokadin bietet eine flexible und konsistente M\u00f6glichkeit, die \u00d6strogentherapie zu verwalten, sei es zur Linderung von Menopausenbeschwerden oder als Teil eines geschlechtsbejahenden Behandlungsplans.<\/p>\n","protected":false},"excerpt":{"rendered":"<ul>\n<li>T\u00e4gliches \u00d6strogen-Gel<\/li>\n<li>Verwendet in der Menopause und \u00dcbergangsphase<\/li>\n<li>Verstellbare und nicht orale Anwendung<\/li>\n<\/ul>\n","protected":false},"featured_media":2507,"comment_status":"open","ping_status":"closed","template":"","meta":[],"product_brand":[],"product_cat":[142,148,119],"product_tag":[],"expert":[21],"class_list":{"0":"post-2504","1":"product","2":"type-product","3":"status-publish","4":"has-post-thumbnail","6":"product_cat-hormonersatztherapie-hrt","7":"product_cat-menopause-und-pms-linderung","8":"product_cat-ostrogen-und-feminisierungstherapie","9":"expert-dr-m-sharoyko","11":"first","12":"instock","13":"shipping-taxable","14":"product-type-variable"},"yoast_head":"<!-- This site is optimized with the Yoast SEO plugin v27.0 - https:\/\/yoast.com\/product\/yoast-seo-wordpress\/ -->\n<title>Gynokadin | Unterst\u00fctzung des Hormonhaushalts - Transtoyou<\/title>\n<meta name=\"description\" content=\"Gynokadin, jetzt verf\u00fcgbar auf Transtoyou, unterst\u00fctzt das hormonelle Gleichgewicht. Shoppe heute f\u00fcr effektive Linderung und verbessertes Wohlbefinden, unterst\u00fctzt von Experten.\" \/>\n<meta name=\"robots\" content=\"noindex, follow, max-snippet:-1, max-image-preview:large, max-video-preview:-1\" \/>\n<meta property=\"og:locale\" content=\"de_DE\" \/>\n<meta property=\"og:type\" content=\"article\" \/>\n<meta property=\"og:title\" content=\"Gynokadin | Unterst\u00fctzung des Hormonhaushalts - Transtoyou\" \/>\n<meta property=\"og:description\" content=\"Gynokadin, jetzt verf\u00fcgbar auf Transtoyou, unterst\u00fctzt das hormonelle Gleichgewicht. Shoppe heute f\u00fcr effektive Linderung und verbessertes Wohlbefinden, unterst\u00fctzt von Experten.\" \/>\n<meta property=\"og:url\" content=\"https:\/\/www.transtoyou.com\/de\/product\/gynokadin\/\" \/>\n<meta property=\"og:site_name\" content=\"Transtoyou - DE\" \/>\n<meta property=\"article:modified_time\" content=\"2026-02-20T07:32:54+00:00\" \/>\n<meta name=\"twitter:card\" content=\"summary_large_image\" \/>\n<meta name=\"twitter:label1\" content=\"Gesch\u00e4tzte Lesezeit\" \/>\n\t<meta name=\"twitter:data1\" content=\"1\u00a0Minute\" \/>\n<script type=\"application\/ld+json\" class=\"yoast-schema-graph\">{\"@context\":\"https:\/\/schema.org\",\"@graph\":[{\"@type\":\"WebPage\",\"@id\":\"https:\/\/www.transtoyou.com\/de\/product\/gynokadin\/\",\"url\":\"https:\/\/www.transtoyou.com\/de\/product\/gynokadin\/\",\"name\":\"Gynokadin | Unterst\u00fctzung des Hormonhaushalts - Transtoyou\",\"isPartOf\":{\"@id\":\"https:\/\/www.transtoyou.com\/de\/#website\"},\"primaryImageOfPage\":{\"@id\":\"https:\/\/www.transtoyou.com\/de\/product\/gynokadin\/#primaryimage\"},\"image\":{\"@id\":\"https:\/\/www.transtoyou.com\/de\/product\/gynokadin\/#primaryimage\"},\"thumbnailUrl\":\"https:\/\/www.transtoyou.com\/de\/wp-content\/uploads\/sites\/4\/2026\/02\/tty-no-product-image-5.webp\",\"datePublished\":\"2026-02-20T07:31:49+00:00\",\"dateModified\":\"2026-02-20T07:32:54+00:00\",\"description\":\"Gynokadin, jetzt verf\u00fcgbar auf Transtoyou, unterst\u00fctzt das hormonelle Gleichgewicht. Shoppe heute f\u00fcr effektive Linderung und verbessertes Wohlbefinden, unterst\u00fctzt von Experten.\",\"breadcrumb\":{\"@id\":\"https:\/\/www.transtoyou.com\/de\/product\/gynokadin\/#breadcrumb\"},\"inLanguage\":\"de\",\"potentialAction\":[{\"@type\":\"ReadAction\",\"target\":[\"https:\/\/www.transtoyou.com\/de\/product\/gynokadin\/\"]}]},{\"@type\":\"ImageObject\",\"inLanguage\":\"de\",\"@id\":\"https:\/\/www.transtoyou.com\/de\/product\/gynokadin\/#primaryimage\",\"url\":\"https:\/\/www.transtoyou.com\/de\/wp-content\/uploads\/sites\/4\/2026\/02\/tty-no-product-image-5.webp\",\"contentUrl\":\"https:\/\/www.transtoyou.com\/de\/wp-content\/uploads\/sites\/4\/2026\/02\/tty-no-product-image-5.webp\",\"width\":1000,\"height\":1000,\"caption\":\"Standardproduktbild\"},{\"@type\":\"WebSite\",\"@id\":\"https:\/\/www.transtoyou.com\/de\/#website\",\"url\":\"https:\/\/www.transtoyou.com\/de\/\",\"name\":\"Transtoyou - DE\",\"description\":\"DE\",\"publisher\":{\"@id\":\"https:\/\/www.transtoyou.com\/de\/#organization\"},\"potentialAction\":[{\"@type\":\"SearchAction\",\"target\":{\"@type\":\"EntryPoint\",\"urlTemplate\":\"https:\/\/www.transtoyou.com\/de\/?s={search_term_string}\"},\"query-input\":{\"@type\":\"PropertyValueSpecification\",\"valueRequired\":true,\"valueName\":\"search_term_string\"}}],\"inLanguage\":\"de\"},{\"@type\":\"Organization\",\"@id\":\"https:\/\/www.transtoyou.com\/de\/#organization\",\"name\":\"Transtoyou - DE\",\"url\":\"https:\/\/www.transtoyou.com\/de\/\",\"logo\":{\"@type\":\"ImageObject\",\"inLanguage\":\"de\",\"@id\":\"https:\/\/www.transtoyou.com\/de\/#\/schema\/logo\/image\/\",\"url\":\"https:\/\/www.transtoyou.com\/de\/wp-content\/uploads\/sites\/4\/2026\/01\/logo-tty-menu-bar-300x87-1.webp\",\"contentUrl\":\"https:\/\/www.transtoyou.com\/de\/wp-content\/uploads\/sites\/4\/2026\/01\/logo-tty-menu-bar-300x87-1.webp\",\"width\":300,\"height\":87,\"caption\":\"Transtoyou - DE\"},\"image\":{\"@id\":\"https:\/\/www.transtoyou.com\/de\/#\/schema\/logo\/image\/\"}}]}<\/script>\n<!-- \/ Yoast SEO plugin. -->","yoast_head_json":{"title":"Gynokadin | Unterst\u00fctzung des Hormonhaushalts - Transtoyou","description":"Gynokadin, jetzt verf\u00fcgbar auf Transtoyou, unterst\u00fctzt das hormonelle Gleichgewicht. Shoppe heute f\u00fcr effektive Linderung und verbessertes Wohlbefinden, unterst\u00fctzt von Experten.","robots":{"index":"noindex","follow":"follow","max-snippet":"max-snippet:-1","max-image-preview":"max-image-preview:large","max-video-preview":"max-video-preview:-1"},"og_locale":"de_DE","og_type":"article","og_title":"Gynokadin | Unterst\u00fctzung des Hormonhaushalts - Transtoyou","og_description":"Gynokadin, jetzt verf\u00fcgbar auf Transtoyou, unterst\u00fctzt das hormonelle Gleichgewicht. Shoppe heute f\u00fcr effektive Linderung und verbessertes Wohlbefinden, unterst\u00fctzt von Experten.","og_url":"https:\/\/www.transtoyou.com\/de\/product\/gynokadin\/","og_site_name":"Transtoyou - DE","article_modified_time":"2026-02-20T07:32:54+00:00","twitter_card":"summary_large_image","twitter_misc":{"Gesch\u00e4tzte Lesezeit":"1\u00a0Minute"},"schema":{"@context":"https:\/\/schema.org","@graph":[{"@type":"WebPage","@id":"https:\/\/www.transtoyou.com\/de\/product\/gynokadin\/","url":"https:\/\/www.transtoyou.com\/de\/product\/gynokadin\/","name":"Gynokadin | Unterst\u00fctzung des Hormonhaushalts - Transtoyou","isPartOf":{"@id":"https:\/\/www.transtoyou.com\/de\/#website"},"primaryImageOfPage":{"@id":"https:\/\/www.transtoyou.com\/de\/product\/gynokadin\/#primaryimage"},"image":{"@id":"https:\/\/www.transtoyou.com\/de\/product\/gynokadin\/#primaryimage"},"thumbnailUrl":"https:\/\/www.transtoyou.com\/de\/wp-content\/uploads\/sites\/4\/2026\/02\/tty-no-product-image-5.webp","datePublished":"2026-02-20T07:31:49+00:00","dateModified":"2026-02-20T07:32:54+00:00","description":"Gynokadin, jetzt verf\u00fcgbar auf Transtoyou, unterst\u00fctzt das hormonelle Gleichgewicht. Shoppe heute f\u00fcr effektive Linderung und verbessertes Wohlbefinden, unterst\u00fctzt von Experten.","breadcrumb":{"@id":"https:\/\/www.transtoyou.com\/de\/product\/gynokadin\/#breadcrumb"},"inLanguage":"de","potentialAction":[{"@type":"ReadAction","target":["https:\/\/www.transtoyou.com\/de\/product\/gynokadin\/"]}]},{"@type":"ImageObject","inLanguage":"de","@id":"https:\/\/www.transtoyou.com\/de\/product\/gynokadin\/#primaryimage","url":"https:\/\/www.transtoyou.com\/de\/wp-content\/uploads\/sites\/4\/2026\/02\/tty-no-product-image-5.webp","contentUrl":"https:\/\/www.transtoyou.com\/de\/wp-content\/uploads\/sites\/4\/2026\/02\/tty-no-product-image-5.webp","width":1000,"height":1000,"caption":"Standardproduktbild"},{"@type":"WebSite","@id":"https:\/\/www.transtoyou.com\/de\/#website","url":"https:\/\/www.transtoyou.com\/de\/","name":"Transtoyou - DE","description":"DE","publisher":{"@id":"https:\/\/www.transtoyou.com\/de\/#organization"},"potentialAction":[{"@type":"SearchAction","target":{"@type":"EntryPoint","urlTemplate":"https:\/\/www.transtoyou.com\/de\/?s={search_term_string}"},"query-input":{"@type":"PropertyValueSpecification","valueRequired":true,"valueName":"search_term_string"}}],"inLanguage":"de"},{"@type":"Organization","@id":"https:\/\/www.transtoyou.com\/de\/#organization","name":"Transtoyou - DE","url":"https:\/\/www.transtoyou.com\/de\/","logo":{"@type":"ImageObject","inLanguage":"de","@id":"https:\/\/www.transtoyou.com\/de\/#\/schema\/logo\/image\/","url":"https:\/\/www.transtoyou.com\/de\/wp-content\/uploads\/sites\/4\/2026\/01\/logo-tty-menu-bar-300x87-1.webp","contentUrl":"https:\/\/www.transtoyou.com\/de\/wp-content\/uploads\/sites\/4\/2026\/01\/logo-tty-menu-bar-300x87-1.webp","width":300,"height":87,"caption":"Transtoyou - DE"},"image":{"@id":"https:\/\/www.transtoyou.com\/de\/#\/schema\/logo\/image\/"}}]}},"_links":{"self":[{"href":"https:\/\/www.transtoyou.com\/de\/wp-json\/wp\/v2\/product\/2504","targetHints":{"allow":["GET"]}}],"collection":[{"href":"https:\/\/www.transtoyou.com\/de\/wp-json\/wp\/v2\/product"}],"about":[{"href":"https:\/\/www.transtoyou.com\/de\/wp-json\/wp\/v2\/types\/product"}],"replies":[{"embeddable":true,"href":"https:\/\/www.transtoyou.com\/de\/wp-json\/wp\/v2\/comments?post=2504"}],"wp:featuredmedia":[{"embeddable":true,"href":"https:\/\/www.transtoyou.com\/de\/wp-json\/wp\/v2\/media\/2507"}],"wp:attachment":[{"href":"https:\/\/www.transtoyou.com\/de\/wp-json\/wp\/v2\/media?parent=2504"}],"wp:term":[{"taxonomy":"product_brand","embeddable":true,"href":"https:\/\/www.transtoyou.com\/de\/wp-json\/wp\/v2\/product_brand?post=2504"},{"taxonomy":"product_cat","embeddable":true,"href":"https:\/\/www.transtoyou.com\/de\/wp-json\/wp\/v2\/product_cat?post=2504"},{"taxonomy":"product_tag","embeddable":true,"href":"https:\/\/www.transtoyou.com\/de\/wp-json\/wp\/v2\/product_tag?post=2504"},{"taxonomy":"expert","embeddable":true,"href":"https:\/\/www.transtoyou.com\/de\/wp-json\/wp\/v2\/expert?post=2504"}],"curies":[{"name":"wp","href":"https:\/\/api.w.org\/{rel}","templated":true}]}}