{"id":2601,"date":"2026-02-24T13:29:31","date_gmt":"2026-02-24T11:29:31","guid":{"rendered":"https:\/\/www.transtoyou.com\/de\/product\/estramon-comp\/"},"modified":"2026-03-03T09:52:43","modified_gmt":"2026-03-03T07:52:43","slug":"estramon-komp","status":"publish","type":"product","link":"https:\/\/www.transtoyou.com\/de\/product\/estramon-komp\/","title":{"rendered":"Estramon Comp"},"content":{"rendered":"<h2>Was ist Estramon Comp?<\/h2>\n<p>Estramon Comp ist ein sequenzielles kombiniertes <a href=\"\/de\/treatment\/hormone-replacement-therapy\/\">Hormonersatztherapie (HRT)<\/a>-Pflaster, das zur Behandlung von Menopausensymptomen eingesetzt wird. Es enth\u00e4lt zwei Hormone: Estradiol, eine Form von \u00d6strogen, und Norethisteronacetat, eine Art von Progesteron (auch als Gestagen bezeichnet).<\/p>\n<p>Im Gegensatz zur kontinuierlichen kombinierten HRT folgt Estramon Comp einem zyklischen oder sequenziellen Regime. Das bedeutet, dass du w\u00e4hrend eines Teils des Zyklus nur \u00d6strogen und w\u00e4hrend eines anderen Teils \u00d6strogen in Kombination mit Progesteron verwendest. Aufgrund dieses Musters kannst du eine monatliche Abbruchblutung erleben, \u00e4hnlich einer leichten Periode.<\/p>\n<p>Estramon Comp wird typischerweise verschrieben, wenn:<\/p>\n<ul>\n<li>Du in der Perimenopause bist (deine Perioden sind unregelm\u00e4\u00dfig, aber nicht vollst\u00e4ndig gestoppt), oder<\/li>\n<li>Du innerhalb von 12 Monaten nach deiner letzten nat\u00fcrlichen Periode bist<\/li>\n<\/ul>\n<p>Es ist f\u00fcr Frauen gedacht, die noch ihre Geb\u00e4rmutter haben und sowohl eine \u00d6strogenersatztherapie als auch einen Schutz der Geb\u00e4rmutterschleimhaut ben\u00f6tigen.<\/p>\n<p>Estramon Comp ist ein transdermales HRT-Pflaster, was bedeutet, dass die Hormone durch deine Haut direkt in deinen Blutkreislauf aufgenommen werden. Dadurch wird der Durchgang durch dein Verdauungssystem vermieden und stabile Hormonspiegel bereitgestellt.<\/p>\n<h2>Wof\u00fcr wird Estramon Comp verwendet?<\/h2>\n<p>Estramon Comp wird verwendet, um <a href=\"\/de\/treatment\/menopause-pms-relief\/\">Menopausensymptome<\/a> zu lindern, die durch sinkende \u00d6strogenspiegel verursacht werden.<\/p>\n<p>W\u00e4hrend der Menopause sinken die \u00d6strogenspiegel erheblich. Diese hormonelle Ver\u00e4nderung kann verursachen:<\/p>\n<ul>\n<li>Hitzewallungen<\/li>\n<li>Nachtsschwei\u00df<\/li>\n<li>Schlafprobleme<\/li>\n<li>Stimmungsschwankungen<\/li>\n<li>Vaginale Trockenheit<\/li>\n<li>Gehirnnebel<\/li>\n<li>M\u00fcdigkeit<\/li>\n<li>Vermindertes Libido<\/li>\n<\/ul>\n<p>Hitzewallungen und Nachtsschwei\u00df werden als vasomotorische Symptome bezeichnet, was bedeutet, dass das Temperaturkontrollsystem deines K\u00f6rpers durch hormonelle Ver\u00e4nderungen gest\u00f6rt ist.<\/p>\n<p>Estramon Comp kann auch helfen, die Knochendichte aufrechtzuerhalten. Nach der Menopause erh\u00f6hen niedrigere \u00d6strogenspiegel das Risiko f\u00fcr Osteoporose, eine Erkrankung, bei der die Knochen d\u00fcnner und fragiler werden. Eine Hormonersatztherapie kann helfen, den Knochenverlust bei Frauen, die gef\u00e4hrdet sind, zu verlangsamen.<\/p>\n<p>Estramon Comp ist besonders geeignet, wenn du noch gelegentliche Perioden hast oder fr\u00fch in der Menopause bist.<\/p>\n<h2>Wie funktioniert Estramon Comp?<\/h2>\n<p>Estramon Comp funktioniert, indem es die Hormone ersetzt, die dein K\u00f6rper w\u00e4hrend der Menopause allm\u00e4hlich nicht mehr produziert.<\/p>\n<h4>Estradiol (\u00d6strogen)<\/h4>\n<p>Estradiol ist chemisch \u00e4hnlich dem \u00d6strogen, das dein K\u00f6rper nat\u00fcrlich produziert. Es hilft:<\/p>\n<ul>\n<li>Hitzewallungen und Nachtsschwei\u00df zu reduzieren<\/li>\n<li>Vaginale Trockenheit zu verbessern<\/li>\n<li>Stimmung und Schlaf zu unterst\u00fctzen<\/li>\n<li>Knochenst\u00e4rke aufrechtzuerhalten<\/li>\n<\/ul>\n<h4>Norethisteron (Gestagen)<\/h4>\n<p>Wenn du noch deine Geb\u00e4rmutter hast, kann \u00d6strogen allein dazu f\u00fchren, dass die Schleimhaut deiner Geb\u00e4rmutter (das Endometrium) zu dick wird. Im Laufe der Zeit kann dies das Risiko f\u00fcr Geb\u00e4rmutterkrebs erh\u00f6hen.<\/p>\n<p>Norethisteron sch\u00fctzt deine Geb\u00e4rmutter, indem es eine \u00fcberm\u00e4\u00dfige Verdickung der Schleimhaut verhindert. Bei sequenzieller HRT wie Estramon Comp wird Progesteron w\u00e4hrend eines Teils des Zyklus hinzugef\u00fcgt, was zu einer geplanten monatlichen Blutung f\u00fchren kann.<\/p>\n<p>Da das Pflaster die Hormone durch deine Haut abgibt, erh\u00e4ltst du eine gleichm\u00e4\u00dfige Hormonaufnahme. Dieses transdermale Abgabesystem kann im Vergleich zu oralen Tabletten Hormonfluktuationen reduzieren.<\/p>\n<h2>Wer sollte Estramon Comp nicht verwenden?<\/h2>\n<p>Du solltest Estramon Comp nicht verwenden, wenn:<\/p>\n<ul>\n<li>Du Brustkrebs hast oder hattest<\/li>\n<li>Du \u00f6strogenabh\u00e4ngigen Krebs hast (wie Krebs der Geb\u00e4rmutterschleimhaut)<\/li>\n<li>Du unerkl\u00e4rliche vaginale Blutungen hast<\/li>\n<li>Du unbehandelte endometriale Hyperplasie hast<\/li>\n<li>Du Blutgerinnsel hast oder hattest<\/li>\n<li>Du eine Blutgerinnungsst\u00f6rung hast<\/li>\n<li>Du k\u00fcrzlich einen Herzinfarkt oder Schlaganfall hattest<\/li>\n<li>Du schwere Lebererkrankungen hast<\/li>\n<li>Du allergisch gegen Estradiol oder Norethisteron bist<\/li>\n<\/ul>\n<p>Informiere immer deinen Arzt \u00fcber deine Krankengeschichte, bevor du mit einer Hormonersatztherapie beginnst.<\/p>\n<h3>Schwangerschaft und Stillzeit<\/h3>\n<p>Estramon Comp ist kein Verh\u00fctungsmittel.<\/p>\n<p>Du darfst dieses Medikament nicht verwenden, wenn du schwanger bist oder denkst, dass du schwanger sein k\u00f6nntest. Obwohl die Fruchtbarkeit w\u00e4hrend der Menopause abnimmt, ist eine Schwangerschaft in der Perimenopause weiterhin m\u00f6glich.<\/p>\n<p>Estramon Comp sollte w\u00e4hrend der Stillzeit nicht verwendet werden.<\/p>\n<p>Wenn du w\u00e4hrend der Anwendung dieses Pflasters eine Schwangerschaft vermutest, entferne es und kontaktiere deinen Arzt.<\/p>\n<h2>Wie man Estramon Comp anwendet und Dosierung<\/h2>\n<p>Verwende Estramon Comp immer genau wie verschrieben.<\/p>\n<p>Da es sich um ein sequenzielles HRT-Pflaster handelt, folgst du einem Zyklus:<\/p>\n<ul>\n<li>Erste Phase: \u00d6strogen-Pflaster<\/li>\n<li>Zweite Phase: kombiniertes \u00d6strogen- und Gestagen-Pflaster<\/li>\n<\/ul>\n<p>Dein Arzt wird dir deinen genauen Zeitplan erkl\u00e4ren.<\/p>\n<p>So wendest du es an:<\/p>\n<ul>\n<li>Auf saubere, trockene, unversehrte Haut auftragen<\/li>\n<li>Geeignete Bereiche sind der Unterbauch oder das Ges\u00e4\u00df<\/li>\n<li>Nicht auf die Br\u00fcste auftragen<\/li>\n<li>Mindestens 10 Sekunden festdr\u00fccken<\/li>\n<li>Pflaster gem\u00e4\u00df deinem verschriebenen Zeitplan wechseln<\/li>\n<\/ul>\n<p>Wechsle den Anwendungsort, um Hautreizungen zu reduzieren.<\/p>\n<p>Du kannst w\u00e4hrend der Gestagen-Phase eine vorhersehbare monatliche Blutung erleben. Das ist normal bei sequenzieller HRT.<\/p>\n<h2>M\u00f6gliche Nebenwirkungen<\/h2>\n<p>Wie alle Medikamente kann Estramon Comp Nebenwirkungen verursachen.<\/p>\n<p>H\u00e4ufige Nebenwirkungen sind:<\/p>\n<ul>\n<li>Brustempfindlichkeit<\/li>\n<li>Kopfschmerzen<\/li>\n<li>\u00dcbelkeit<\/li>\n<li>Stimmungs\u00e4nderungen<\/li>\n<li>Hautreizungen<\/li>\n<li>Geplante monatliche Blutungen<\/li>\n<li>Unregelm\u00e4\u00dfige Schmierblutungen<\/li>\n<\/ul>\n<p>Schwerwiegendere, aber weniger h\u00e4ufige Risiken einer Hormonersatztherapie sind:<\/p>\n<ul>\n<li>Blutgerinnsel<\/li>\n<li>Schlaganfall<\/li>\n<li>Brustkrebs<\/li>\n<li>Eierstockkrebs<\/li>\n<li>Herzkrankheiten<\/li>\n<\/ul>\n<p>Dein individuelles Risiko h\u00e4ngt von deinem Alter, der Zeit seit der Menopause, der Familiengeschichte und deiner allgemeinen Gesundheit ab.<\/p>\n<p>Regelm\u00e4\u00dfige medizinische \u00dcberpr\u00fcfungen sind wichtig, w\u00e4hrend du HRT verwendest.<\/p>\n<h2>Wichtige Sicherheitsinformationen<\/h2>\n<p>Bevor du mit Estramon Comp beginnst, solltest du eine medizinische Konsultation haben.<\/p>\n<p>Informiere deinen Arzt, wenn du:<\/p>\n<ul>\n<li><a href=\"\/de\/treatment\/high-blood-pressure\">Bluthochdruck<\/a> hast<\/li>\n<li><a href=\"\/de\/treatment\/diabetes\">Diabetes<\/a> hast<\/li>\n<li><a href=\"\/de\/treatment\/headache-and-migraines\/\">Migr\u00e4ne<\/a> hast<\/li>\n<li>Gallensteine hast<\/li>\n<li>Leberprobleme hast<\/li>\n<li>Myome hast<\/li>\n<li><a href=\"\/de\/treatment\/endometriosis\/\">Endometriose<\/a> hast<\/li>\n<li>Hohe Triglyceridwerte hast<\/li>\n<li>Eine famili\u00e4re Vorgeschichte von hormonempfindlichen Krebserkrankungen hast<\/li>\n<\/ul>\n<p>W\u00e4hrend du Estramon Comp verwendest:<\/p>\n<ul>\n<li>Nehme regelm\u00e4\u00dfig an Kontrolluntersuchungen teil<\/li>\n<li>Setze die Brustscreenings fort<\/li>\n<li>F\u00fchre regelm\u00e4\u00dfige Selbstuntersuchungen der Br\u00fcste durch<\/li>\n<li>Melde ungew\u00f6hnliche Blutungen<\/li>\n<\/ul>\n<p>Die Hormonersatztherapie sollte mindestens einmal j\u00e4hrlich \u00fcberpr\u00fcft werden.<\/p>\n<h2>Wann man medizinische Hilfe suchen sollte<\/h2>\n<p>Beende die Anwendung von Estramon Comp und suche dringend medizinische Hilfe, wenn du Folgendes entwickelst:<\/p>\n<ul>\n<li>Schwellung oder Schmerzen in einem Bein<\/li>\n<li>Pl\u00f6tzliche Brustschmerzen<\/li>\n<li>Atembeschwerden<\/li>\n<li>Starke Kopfschmerzen<\/li>\n<li>Pl\u00f6tzliche Seh- oder Sprachprobleme<\/li>\n<li>Gelbf\u00e4rbung der Haut oder Augen<\/li>\n<li>Anzeichen einer schweren allergischen Reaktion<\/li>\n<\/ul>\n<p>Kontaktiere deinen Arzt, wenn du bemerkst:<\/p>\n<ul>\n<li>Unerwartete starke Blutungen<\/li>\n<li>Ein neuer Brustknoten<\/li>\n<li>Persistierende Bauchschmerzen<\/li>\n<li>Jede pl\u00f6tzliche Ver\u00e4nderung der Gesundheit<\/li>\n<\/ul>\n<p>Wenn du dir \u00fcber Symptome unsicher bist, suche immer medizinischen Rat.<\/p>\n","protected":false},"excerpt":{"rendered":"<ul>\n<li>Estramon Comp: Sequenzielles Hormon-Ersatztherapie-Pflaster zur Linderung von Menopausensymptomen und zum Schutz deiner Geb\u00e4rmutter.<\/li>\n<li>Wirkstoff: Estradiol (\u00d6strogen) und Norethisteronacetat (Progestogen)<\/li>\n<li>Verwendet f\u00fcr: Hormon-Ersatztherapie (HRT)<\/li>\n<\/ul>\n","protected":false},"featured_media":2603,"comment_status":"open","ping_status":"closed","template":"","meta":[],"product_brand":[],"product_cat":[142,148],"product_tag":[],"expert":[20],"class_list":{"0":"post-2601","1":"product","2":"type-product","3":"status-publish","4":"has-post-thumbnail","6":"product_cat-hormonersatztherapie-hrt","7":"product_cat-menopause-und-pms-linderung","8":"expert-dr-m-ahmed","10":"first","11":"instock","12":"shipping-taxable","13":"product-type-variable"},"yoast_head":"<!-- This site is optimized with the Yoast SEO plugin v27.0 - https:\/\/yoast.com\/product\/yoast-seo-wordpress\/ -->\n<title>Estramon Comp | HRT-Pflaster f\u00fcr die Menopause - Transtoyou<\/title>\n<meta name=\"description\" content=\"Estramon Comp HRT-Pflaster zur Linderung von Wechseljahresbeschwerden, nur auf Rezept \u00fcber Transtoyou-\u00c4rzte. Finde heraus, ob die Therapie f\u00fcr dich passt.\" \/>\n<meta name=\"robots\" content=\"noindex, follow, max-snippet:-1, max-image-preview:large, max-video-preview:-1\" \/>\n<meta property=\"og:locale\" content=\"de_DE\" \/>\n<meta property=\"og:type\" content=\"article\" \/>\n<meta property=\"og:title\" content=\"Estramon Comp | HRT-Pflaster f\u00fcr die Menopause - Transtoyou\" \/>\n<meta property=\"og:description\" content=\"Estramon Comp HRT-Pflaster zur Linderung von Wechseljahresbeschwerden, nur auf Rezept \u00fcber Transtoyou-\u00c4rzte. Finde heraus, ob die Therapie f\u00fcr dich passt.\" \/>\n<meta property=\"og:url\" content=\"https:\/\/www.transtoyou.com\/de\/product\/estramon-comp\/\" \/>\n<meta property=\"og:site_name\" content=\"Transtoyou - DE\" \/>\n<meta property=\"article:modified_time\" content=\"2026-03-03T07:52:43+00:00\" \/>\n<meta name=\"twitter:card\" content=\"summary_large_image\" \/>\n<meta name=\"twitter:label1\" content=\"Gesch\u00e4tzte Lesezeit\" \/>\n\t<meta name=\"twitter:data1\" content=\"5\u00a0Minuten\" \/>\n<script type=\"application\/ld+json\" class=\"yoast-schema-graph\">{\"@context\":\"https:\/\/schema.org\",\"@graph\":[{\"@type\":\"WebPage\",\"@id\":\"https:\/\/www.transtoyou.com\/de\/product\/estramon-comp\/\",\"url\":\"https:\/\/www.transtoyou.com\/de\/product\/estramon-comp\/\",\"name\":\"Estramon Comp | HRT-Pflaster f\u00fcr die Menopause - Transtoyou\",\"isPartOf\":{\"@id\":\"https:\/\/www.transtoyou.com\/de\/#website\"},\"primaryImageOfPage\":{\"@id\":\"https:\/\/www.transtoyou.com\/de\/product\/estramon-comp\/#primaryimage\"},\"image\":{\"@id\":\"https:\/\/www.transtoyou.com\/de\/product\/estramon-comp\/#primaryimage\"},\"thumbnailUrl\":\"https:\/\/www.transtoyou.com\/de\/wp-content\/uploads\/sites\/4\/2026\/02\/tty-no-product-image-14.webp\",\"datePublished\":\"2026-02-24T11:29:31+00:00\",\"dateModified\":\"2026-03-03T07:52:43+00:00\",\"description\":\"Estramon Comp HRT-Pflaster zur Linderung von Wechseljahresbeschwerden, nur auf Rezept \u00fcber Transtoyou-\u00c4rzte. Finde heraus, ob die Therapie f\u00fcr dich passt.\",\"breadcrumb\":{\"@id\":\"https:\/\/www.transtoyou.com\/de\/product\/estramon-comp\/#breadcrumb\"},\"inLanguage\":\"de\",\"potentialAction\":[{\"@type\":\"ReadAction\",\"target\":[\"https:\/\/www.transtoyou.com\/de\/product\/estramon-comp\/\"]}]},{\"@type\":\"ImageObject\",\"inLanguage\":\"de\",\"@id\":\"https:\/\/www.transtoyou.com\/de\/product\/estramon-comp\/#primaryimage\",\"url\":\"https:\/\/www.transtoyou.com\/de\/wp-content\/uploads\/sites\/4\/2026\/02\/tty-no-product-image-14.webp\",\"contentUrl\":\"https:\/\/www.transtoyou.com\/de\/wp-content\/uploads\/sites\/4\/2026\/02\/tty-no-product-image-14.webp\",\"width\":1000,\"height\":1000,\"caption\":\"Standardproduktbild\"},{\"@type\":\"WebSite\",\"@id\":\"https:\/\/www.transtoyou.com\/de\/#website\",\"url\":\"https:\/\/www.transtoyou.com\/de\/\",\"name\":\"Transtoyou - DE\",\"description\":\"DE\",\"publisher\":{\"@id\":\"https:\/\/www.transtoyou.com\/de\/#organization\"},\"potentialAction\":[{\"@type\":\"SearchAction\",\"target\":{\"@type\":\"EntryPoint\",\"urlTemplate\":\"https:\/\/www.transtoyou.com\/de\/?s={search_term_string}\"},\"query-input\":{\"@type\":\"PropertyValueSpecification\",\"valueRequired\":true,\"valueName\":\"search_term_string\"}}],\"inLanguage\":\"de\"},{\"@type\":\"Organization\",\"@id\":\"https:\/\/www.transtoyou.com\/de\/#organization\",\"name\":\"Transtoyou - DE\",\"url\":\"https:\/\/www.transtoyou.com\/de\/\",\"logo\":{\"@type\":\"ImageObject\",\"inLanguage\":\"de\",\"@id\":\"https:\/\/www.transtoyou.com\/de\/#\/schema\/logo\/image\/\",\"url\":\"https:\/\/www.transtoyou.com\/de\/wp-content\/uploads\/sites\/4\/2026\/01\/logo-tty-menu-bar-300x87-1.webp\",\"contentUrl\":\"https:\/\/www.transtoyou.com\/de\/wp-content\/uploads\/sites\/4\/2026\/01\/logo-tty-menu-bar-300x87-1.webp\",\"width\":300,\"height\":87,\"caption\":\"Transtoyou - DE\"},\"image\":{\"@id\":\"https:\/\/www.transtoyou.com\/de\/#\/schema\/logo\/image\/\"}}]}<\/script>\n<!-- \/ Yoast SEO plugin. -->","yoast_head_json":{"title":"Estramon Comp | HRT-Pflaster f\u00fcr die Menopause - Transtoyou","description":"Estramon Comp HRT-Pflaster zur Linderung von Wechseljahresbeschwerden, nur auf Rezept \u00fcber Transtoyou-\u00c4rzte. Finde heraus, ob die Therapie f\u00fcr dich passt.","robots":{"index":"noindex","follow":"follow","max-snippet":"max-snippet:-1","max-image-preview":"max-image-preview:large","max-video-preview":"max-video-preview:-1"},"og_locale":"de_DE","og_type":"article","og_title":"Estramon Comp | HRT-Pflaster f\u00fcr die Menopause - Transtoyou","og_description":"Estramon Comp HRT-Pflaster zur Linderung von Wechseljahresbeschwerden, nur auf Rezept \u00fcber Transtoyou-\u00c4rzte. Finde heraus, ob die Therapie f\u00fcr dich passt.","og_url":"https:\/\/www.transtoyou.com\/de\/product\/estramon-comp\/","og_site_name":"Transtoyou - DE","article_modified_time":"2026-03-03T07:52:43+00:00","twitter_card":"summary_large_image","twitter_misc":{"Gesch\u00e4tzte Lesezeit":"5\u00a0Minuten"},"schema":{"@context":"https:\/\/schema.org","@graph":[{"@type":"WebPage","@id":"https:\/\/www.transtoyou.com\/de\/product\/estramon-comp\/","url":"https:\/\/www.transtoyou.com\/de\/product\/estramon-comp\/","name":"Estramon Comp | HRT-Pflaster f\u00fcr die Menopause - Transtoyou","isPartOf":{"@id":"https:\/\/www.transtoyou.com\/de\/#website"},"primaryImageOfPage":{"@id":"https:\/\/www.transtoyou.com\/de\/product\/estramon-comp\/#primaryimage"},"image":{"@id":"https:\/\/www.transtoyou.com\/de\/product\/estramon-comp\/#primaryimage"},"thumbnailUrl":"https:\/\/www.transtoyou.com\/de\/wp-content\/uploads\/sites\/4\/2026\/02\/tty-no-product-image-14.webp","datePublished":"2026-02-24T11:29:31+00:00","dateModified":"2026-03-03T07:52:43+00:00","description":"Estramon Comp HRT-Pflaster zur Linderung von Wechseljahresbeschwerden, nur auf Rezept \u00fcber Transtoyou-\u00c4rzte. Finde heraus, ob die Therapie f\u00fcr dich passt.","breadcrumb":{"@id":"https:\/\/www.transtoyou.com\/de\/product\/estramon-comp\/#breadcrumb"},"inLanguage":"de","potentialAction":[{"@type":"ReadAction","target":["https:\/\/www.transtoyou.com\/de\/product\/estramon-comp\/"]}]},{"@type":"ImageObject","inLanguage":"de","@id":"https:\/\/www.transtoyou.com\/de\/product\/estramon-comp\/#primaryimage","url":"https:\/\/www.transtoyou.com\/de\/wp-content\/uploads\/sites\/4\/2026\/02\/tty-no-product-image-14.webp","contentUrl":"https:\/\/www.transtoyou.com\/de\/wp-content\/uploads\/sites\/4\/2026\/02\/tty-no-product-image-14.webp","width":1000,"height":1000,"caption":"Standardproduktbild"},{"@type":"WebSite","@id":"https:\/\/www.transtoyou.com\/de\/#website","url":"https:\/\/www.transtoyou.com\/de\/","name":"Transtoyou - DE","description":"DE","publisher":{"@id":"https:\/\/www.transtoyou.com\/de\/#organization"},"potentialAction":[{"@type":"SearchAction","target":{"@type":"EntryPoint","urlTemplate":"https:\/\/www.transtoyou.com\/de\/?s={search_term_string}"},"query-input":{"@type":"PropertyValueSpecification","valueRequired":true,"valueName":"search_term_string"}}],"inLanguage":"de"},{"@type":"Organization","@id":"https:\/\/www.transtoyou.com\/de\/#organization","name":"Transtoyou - DE","url":"https:\/\/www.transtoyou.com\/de\/","logo":{"@type":"ImageObject","inLanguage":"de","@id":"https:\/\/www.transtoyou.com\/de\/#\/schema\/logo\/image\/","url":"https:\/\/www.transtoyou.com\/de\/wp-content\/uploads\/sites\/4\/2026\/01\/logo-tty-menu-bar-300x87-1.webp","contentUrl":"https:\/\/www.transtoyou.com\/de\/wp-content\/uploads\/sites\/4\/2026\/01\/logo-tty-menu-bar-300x87-1.webp","width":300,"height":87,"caption":"Transtoyou - DE"},"image":{"@id":"https:\/\/www.transtoyou.com\/de\/#\/schema\/logo\/image\/"}}]}},"_links":{"self":[{"href":"https:\/\/www.transtoyou.com\/de\/wp-json\/wp\/v2\/product\/2601","targetHints":{"allow":["GET"]}}],"collection":[{"href":"https:\/\/www.transtoyou.com\/de\/wp-json\/wp\/v2\/product"}],"about":[{"href":"https:\/\/www.transtoyou.com\/de\/wp-json\/wp\/v2\/types\/product"}],"replies":[{"embeddable":true,"href":"https:\/\/www.transtoyou.com\/de\/wp-json\/wp\/v2\/comments?post=2601"}],"wp:featuredmedia":[{"embeddable":true,"href":"https:\/\/www.transtoyou.com\/de\/wp-json\/wp\/v2\/media\/2603"}],"wp:attachment":[{"href":"https:\/\/www.transtoyou.com\/de\/wp-json\/wp\/v2\/media?parent=2601"}],"wp:term":[{"taxonomy":"product_brand","embeddable":true,"href":"https:\/\/www.transtoyou.com\/de\/wp-json\/wp\/v2\/product_brand?post=2601"},{"taxonomy":"product_cat","embeddable":true,"href":"https:\/\/www.transtoyou.com\/de\/wp-json\/wp\/v2\/product_cat?post=2601"},{"taxonomy":"product_tag","embeddable":true,"href":"https:\/\/www.transtoyou.com\/de\/wp-json\/wp\/v2\/product_tag?post=2601"},{"taxonomy":"expert","embeddable":true,"href":"https:\/\/www.transtoyou.com\/de\/wp-json\/wp\/v2\/expert?post=2601"}],"curies":[{"name":"wp","href":"https:\/\/api.w.org\/{rel}","templated":true}]}}