{"id":2677,"date":"2026-02-25T15:08:33","date_gmt":"2026-02-25T13:08:33","guid":{"rendered":"https:\/\/www.transtoyou.com\/de\/product\/evorel-sequi\/"},"modified":"2026-02-25T15:33:24","modified_gmt":"2026-02-25T13:33:24","slug":"evorel-sequi","status":"publish","type":"product","link":"https:\/\/www.transtoyou.com\/de\/product\/evorel-sequi\/","title":{"rendered":"Evorel Sequi"},"content":{"rendered":"<h2>Was ist Evorel Sequi?<\/h2>\n<p>Evorel Sequi ist eine sequenzielle kombinierte <a href=\"\/de\/treatment\/hormone-replacement-therapy\/\">Hormonersatztherapie (HRT)<\/a>, die in Form von Hautpflastern erh\u00e4ltlich ist. Es enth\u00e4lt zwei Hormone: Estradiol, eine Form von \u00d6strogen, und Norethisteronacetat, eine Art von Progesteron (auch als Progestogen bezeichnet).<\/p>\n<p>Evorel Sequi wurde entwickelt, um Symptome zu lindern, die durch die hormonellen Ver\u00e4nderungen der Menopause verursacht werden. Es wird normalerweise verschrieben, wenn du dich in der Perimenopause befindest (deine Perioden sind unregelm\u00e4\u00dfig, aber nicht vollst\u00e4ndig gestoppt) oder wenn du dich in den fr\u00fchen Stadien nach der Menopause befindest und deine Geb\u00e4rmutter noch vorhanden ist.<\/p>\n<p>Da Evorel Sequi einem sequenziellen Behandlungszyklus folgt, verwendest du zuerst nur \u00d6strogenpflaster, gefolgt von kombinierten \u00d6strogen- und Progesteronpflastern. Dieses Muster f\u00fchrt oft zu einer monatlichen Entzugsblutung, \u00e4hnlich einer leichten Periode.<\/p>\n<p>Evorel Sequi ist eine transdermale HRT, was bedeutet, dass die Hormone durch deine Haut direkt in deinen Blutkreislauf abgegeben werden. Dies sorgt f\u00fcr stabile Hormonspiegel und vermeidet das Durchlaufen deines Verdauungssystems.<\/p>\n<h2>Wof\u00fcr wird Evorel Sequi verwendet?<\/h2>\n<p>Evorel Sequi wird verwendet, um <a href=\"\/de\/treatment\/menopause-pms-relief\/\">Menopausensymptome<\/a> zu behandeln, die durch niedrige \u00d6strogenspiegel verursacht werden.<\/p>\n<p>W\u00e4hrend der Menopause produziert dein K\u00f6rper weniger \u00d6strogen. Diese nat\u00fcrliche Ver\u00e4nderung kann Symptome wie Folgendes verursachen:<\/p>\n<ul>\n<li>Hitzewallungen<\/li>\n<li>Nachtsschwei\u00df<\/li>\n<li>Schlafst\u00f6rungen<\/li>\n<li>Stimmungswechsel<\/li>\n<li>Vaginale Trockenheit<\/li>\n<li>Vermindertes Libido<\/li>\n<li>M\u00fcdigkeit<\/li>\n<li>Gehirnnebel<\/li>\n<\/ul>\n<p>Hitzewallungen und Nachtsschwei\u00df sind als vasomotorische Symptome bekannt, was bedeutet, dass die interne Temperaturkontrolle deines K\u00f6rpers durch hormonelle Ver\u00e4nderungen gest\u00f6rt ist.<\/p>\n<p>Evorel Sequi kann auch helfen, die Knochendichte aufrechtzuerhalten. Nach der Menopause erh\u00f6hen niedrigere \u00d6strogenspiegel das Risiko f\u00fcr Osteoporose, eine Erkrankung, bei der die Knochen d\u00fcnner und br\u00fcchiger werden. Die Hormonersatztherapie kann helfen, den Knochenverlust bei Frauen mit erh\u00f6htem Frakturrisiko zu verlangsamen.<\/p>\n<p>Evorel Sequi ist besonders geeignet, wenn du noch gelegentliche nat\u00fcrliche Blutungen hast oder im ersten Jahr nach deiner letzten Periode bist.<\/p>\n<h2>Wie funktioniert Evorel Sequi?<\/h2>\n<p>Evorel Sequi funktioniert, indem es die Hormone ersetzt, die w\u00e4hrend der Menopause abnehmen.<\/p>\n<h4>Estradiol (\u00d6strogen)<\/h4>\n<p>Estradiol ist chemisch \u00e4hnlich dem \u00d6strogen, das dein K\u00f6rper nat\u00fcrlich produziert. Es hilft, um:<\/p>\n<ul>\n<li>Hitzewallungen und Nachtsschwei\u00df zu reduzieren<\/li>\n<li>Vaginale Trockenheit zu verbessern<\/li>\n<li>Stimmung und Schlaf zu unterst\u00fctzen<\/li>\n<li>Knochenst\u00e4rke aufrechtzuerhalten<\/li>\n<\/ul>\n<p>Durch die Wiederherstellung der \u00d6strogenspiegel hilft Evorel Sequi, die Systeme in deinem K\u00f6rper zu stabilisieren, die von der Menopause betroffen sind.<\/p>\n<h4>Norethisteron (Progestogen)<\/h4>\n<p>Wenn du deine Geb\u00e4rmutter noch hast, kann \u00d6strogen allein dazu f\u00fchren, dass sich die Schleimhaut deiner Geb\u00e4rmutter (das Endometrium) zu stark verdickt. Im Laufe der Zeit erh\u00f6ht dies das Risiko f\u00fcr Geb\u00e4rmutterkrebs.<\/p>\n<p>Norethisteron sch\u00fctzt die Schleimhaut deiner Geb\u00e4rmutter, indem es eine \u00fcberm\u00e4\u00dfige Verdickung verhindert. Bei sequenzieller HRT wie Evorel Sequi wird Progesteron w\u00e4hrend eines Teils des Zyklus hinzugef\u00fcgt, was eine vorhersehbare monatliche Blutung verursachen kann.<\/p>\n<p>Da Evorel Sequi durch die Haut abgegeben wird, sorgt es f\u00fcr eine gleichm\u00e4\u00dfige Hormonaufnahme und kann im Vergleich zu oralen Hormontabletten bestimmte Risiken reduzieren.<\/p>\n<h2>Wer sollte Evorel Sequi nicht verwenden?<\/h2>\n<p>Du solltest Evorel Sequi nicht verwenden, wenn:<\/p>\n<ul>\n<li>du Brustkrebs hast oder hattest<\/li>\n<li>du \u00f6strogenabh\u00e4ngigen Krebs hast (wie Krebs der Geb\u00e4rmutterschleimhaut)<\/li>\n<li>du unerkl\u00e4rliche vaginale Blutungen hast<\/li>\n<li>du unbehandelte endometriale Hyperplasie hast<\/li>\n<li>du Blutgerinnsel hast oder hattest (tiefe Venenthrombose oder Lungenembolie)<\/li>\n<li>du eine bekannte Blutgerinnungsst\u00f6rung hast<\/li>\n<li>du k\u00fcrzlich einen Herzinfarkt oder Schlaganfall hattest<\/li>\n<li>du schwere Lebererkrankungen hast<\/li>\n<li>du allergisch gegen Estradiol oder Norethisteron bist<\/li>\n<\/ul>\n<p>Informiere immer deinen Arzt \u00fcber deine vollst\u00e4ndige Krankengeschichte, bevor du mit der Hormonersatztherapie beginnst.<\/p>\n<h3>Schwangerschaft und Stillzeit<\/h3>\n<p>Evorel Sequi ist kein Verh\u00fctungsmittel.<\/p>\n<p>Du darfst Evorel Sequi nicht verwenden, wenn du schwanger bist oder denkst, dass du schwanger sein k\u00f6nntest. Eine Schwangerschaft ist w\u00e4hrend der Perimenopause weiterhin m\u00f6glich.<\/p>\n<p>Evorel Sequi sollte nicht w\u00e4hrend der Stillzeit verwendet werden.<\/p>\n<p>Wenn du w\u00e4hrend der Anwendung des Pflasters eine Schwangerschaft vermutest, entferne es und kontaktiere sofort deinen Arzt.<\/p>\n<h2>Wie man Evorel Sequi anwendet und Dosierung<\/h2>\n<p>Verwende Evorel Sequi immer genau wie verschrieben.<\/p>\n<p>Evorel Sequi enth\u00e4lt zwei Arten von Pflastern, die nacheinander verwendet werden:<\/p>\n<ul>\n<li>\u00d6strogenpflaster (erster Teil des Zyklus)<\/li>\n<li>Kombinierte \u00d6strogen- und Progesteronpflaster (zweiter Teil des Zyklus)<\/li>\n<\/ul>\n<p>Du wechselst typischerweise das Pflaster zweimal w\u00f6chentlich, gem\u00e4\u00df dem Zeitplan, den dir dein Arzt gegeben hat.<\/p>\n<p>So wendest du es an:<\/p>\n<ul>\n<li>Auf saubere, trockene, unbesch\u00e4digte Haut auftragen<\/li>\n<li>Auf deinen Unterbauch oder Ges\u00e4\u00df platzieren<\/li>\n<li>Nicht auf deine Br\u00fcste auftragen<\/li>\n<li>Mindestens 10 Sekunden fest dr\u00fccken<\/li>\n<li>Anwendungstellen wechseln, um Reizungen zu vermeiden<\/li>\n<\/ul>\n<p>Du kannst w\u00e4hrend der Progesteronphase eine vorhersehbare monatliche Blutung erleben. Dies ist bei sequenzieller HRT zu erwarten.<\/p>\n<p>Dein Arzt wird die niedrigste wirksame Dosis verschreiben und deine Behandlung regelm\u00e4\u00dfig \u00fcberpr\u00fcfen.<\/p>\n<h2>M\u00f6gliche Nebenwirkungen<\/h2>\n<p>Wie alle Medikamente kann Evorel Sequi Nebenwirkungen verursachen, obwohl nicht jeder sie erlebt.<\/p>\n<p>H\u00e4ufige Nebenwirkungen sind:<\/p>\n<ul>\n<li>Brustempfindlichkeit<\/li>\n<li>Kopfschmerzen<\/li>\n<li>\u00dcbelkeit<\/li>\n<li>Stimmungs\u00e4nderungen<\/li>\n<li>Hautreizungen an der Anwendungsstelle<\/li>\n<li>Geplante monatliche Blutungen<\/li>\n<li>Zwischenblutungen<\/li>\n<\/ul>\n<p>Weniger h\u00e4ufig, aber ernsthafte Risiken im Zusammenhang mit HRT sind:<\/p>\n<ul>\n<li>Blutgerinnsel<\/li>\n<li>Schlaganfall<\/li>\n<li>Brustkrebs<\/li>\n<li>Eierstockkrebs<\/li>\n<li>Herzkrankheiten<\/li>\n<\/ul>\n<p>Dein pers\u00f6nliches Risiko h\u00e4ngt von deinem Alter, deiner Krankengeschichte, deiner Familiengeschichte und der Dauer der Anwendung der Hormonersatztherapie ab.<\/p>\n<p>Regelm\u00e4\u00dfige Nachsorgeuntersuchungen sind wichtig.<\/p>\n<h2>Wichtige Sicherheitsinformationen<\/h2>\n<p>Bevor du mit Evorel Sequi beginnst, solltest du eine medizinische Konsultation haben.<\/p>\n<p>Informiere deinen Arzt, wenn du jemals hattest:<\/p>\n<ul>\n<li><a href=\"\/de\/treatment\/high-blood-pressure\">Bluthochdruck<\/a><\/li>\n<li><a href=\"\/de\/treatment\/diabetes\">Diabetes<\/a><\/li>\n<li><a href=\"\/de\/treatment\/headache-and-migraines\/\">Migr\u00e4ne<\/a><\/li>\n<li>Gallensteine<\/li>\n<li>Leberprobleme<\/li>\n<li>Myome<\/li>\n<li><a href=\"\/de\/treatment\/endometriosis\/\">Endometriose<\/a><\/li>\n<li>Hohe Triglyceride<\/li>\n<li>Eine Familiengeschichte von Brustkrebs<\/li>\n<\/ul>\n<p>W\u00e4hrend du Evorel Sequi verwendest:<\/p>\n<ul>\n<li>Regelm\u00e4\u00dfige Kontrolluntersuchungen wahrnehmen<\/li>\n<li>Routine-Brustscreenings fortsetzen<\/li>\n<li>Brustselbstuntersuchungen durchf\u00fchren<\/li>\n<li>Ungew\u00f6hnliche vaginale Blutungen melden<\/li>\n<\/ul>\n<p>Die Hormonersatztherapie sollte mindestens einmal im Jahr \u00fcberpr\u00fcft werden, um Nutzen und Risiken zu bewerten.<\/p>\n<h2>Wann man medizinische Hilfe in Anspruch nehmen sollte<\/h2>\n<p>Stoppe die Anwendung von Evorel Sequi und suche dringend medizinische Hilfe, wenn du Folgendes erlebst:<\/p>\n<ul>\n<li>Schmerzhafte Schwellung in einem Bein<\/li>\n<li>Pl\u00f6tzliche Brustschmerzen<\/li>\n<li>Atembeschwerden<\/li>\n<li>Starker pl\u00f6tzlicher Kopfschmerz<\/li>\n<li>Seh- oder Sprachprobleme<\/li>\n<li>Schw\u00e4che auf einer Seite deines K\u00f6rpers<\/li>\n<li>Gelbf\u00e4rbung der Haut oder Augen<\/li>\n<li>Anzeichen einer schweren allergischen Reaktion<\/li>\n<\/ul>\n<p>Kontaktiere umgehend deinen Arzt, wenn du Folgendes bemerkst:<\/p>\n<ul>\n<li>Unerwartete starke Blutungen<\/li>\n<li>Ein neuer Brustknoten<\/li>\n<li>Persistierende Bauchschmerzen<\/li>\n<li>Pl\u00f6tzliche erhebliche Ver\u00e4nderungen deiner Gesundheit<\/li>\n<\/ul>\n<p>Wenn du dir nicht sicher bist, ob deine Symptome mit der Hormonersatztherapie zusammenh\u00e4ngen, kannst du ganz einfach eine sichere Video-Konsultation mit einem unserer lizenzierten \u00c4rzte \u00fcber Transtoyou buchen. Sie werden deine Symptome bewerten und dir die sichersten n\u00e4chsten Schritte empfehlen. Wenn du schwere oder pl\u00f6tzliche Symptome erlebst, suche sofort dringend medizinische Hilfe.<\/p>\n","protected":false},"excerpt":{"rendered":"<ul>\n<li>Evorel Sequi: Sequenzielle kombinierte HRT-Pflaster zur Linderung von Menopausensymptomen und zum Schutz deiner Geb\u00e4rmutter.<\/li>\n<li>Wirkstoff: Estradiol (\u00d6strogen) und Norethisteronacetat (Progestogen)<\/li>\n<li>Verwendet f\u00fcr: Hormontherapie (HRT)<\/li>\n<\/ul>\n","protected":false},"featured_media":2679,"comment_status":"open","ping_status":"closed","template":"","meta":[],"product_brand":[],"product_cat":[142,148],"product_tag":[],"expert":[16],"class_list":{"0":"post-2677","1":"product","2":"type-product","3":"status-publish","4":"has-post-thumbnail","6":"product_cat-hormonersatztherapie-hrt","7":"product_cat-menopause-und-pms-linderung","8":"expert-dr-c-alexandru","10":"first","11":"instock","12":"shipping-taxable","13":"product-type-variable"},"yoast_head":"<!-- This site is optimized with the Yoast SEO plugin v27.0 - https:\/\/yoast.com\/product\/yoast-seo-wordpress\/ -->\n<title>Evorel Sequi | HRT-Pflaster f\u00fcr die Menopause - Transtoyou<\/title>\n<meta name=\"description\" content=\"Evorel Sequi HRT-Pflaster bei Transtoyou erh\u00e4ltlich, um menopausale Symptome mit sequenzieller \u00d6strogen- und Gestagenunterst\u00fctzung zu lindern.\" \/>\n<meta name=\"robots\" content=\"noindex, follow, max-snippet:-1, max-image-preview:large, max-video-preview:-1\" \/>\n<meta property=\"og:locale\" content=\"de_DE\" \/>\n<meta property=\"og:type\" content=\"article\" \/>\n<meta property=\"og:title\" content=\"Evorel Sequi | HRT-Pflaster f\u00fcr die Menopause - Transtoyou\" \/>\n<meta property=\"og:description\" content=\"Evorel Sequi HRT-Pflaster bei Transtoyou erh\u00e4ltlich, um menopausale Symptome mit sequenzieller \u00d6strogen- und Gestagenunterst\u00fctzung zu lindern.\" \/>\n<meta property=\"og:url\" content=\"https:\/\/www.transtoyou.com\/de\/product\/evorel-sequi\/\" \/>\n<meta property=\"og:site_name\" content=\"Transtoyou - DE\" \/>\n<meta property=\"article:modified_time\" content=\"2026-02-25T13:33:24+00:00\" \/>\n<meta name=\"twitter:card\" content=\"summary_large_image\" \/>\n<meta name=\"twitter:label1\" content=\"Gesch\u00e4tzte Lesezeit\" \/>\n\t<meta name=\"twitter:data1\" content=\"5\u00a0Minuten\" \/>\n<script type=\"application\/ld+json\" class=\"yoast-schema-graph\">{\"@context\":\"https:\/\/schema.org\",\"@graph\":[{\"@type\":\"WebPage\",\"@id\":\"https:\/\/www.transtoyou.com\/de\/product\/evorel-sequi\/\",\"url\":\"https:\/\/www.transtoyou.com\/de\/product\/evorel-sequi\/\",\"name\":\"Evorel Sequi | HRT-Pflaster f\u00fcr die Menopause - Transtoyou\",\"isPartOf\":{\"@id\":\"https:\/\/www.transtoyou.com\/de\/#website\"},\"primaryImageOfPage\":{\"@id\":\"https:\/\/www.transtoyou.com\/de\/product\/evorel-sequi\/#primaryimage\"},\"image\":{\"@id\":\"https:\/\/www.transtoyou.com\/de\/product\/evorel-sequi\/#primaryimage\"},\"thumbnailUrl\":\"https:\/\/www.transtoyou.com\/de\/wp-content\/uploads\/sites\/4\/2026\/02\/tty-no-product-image-16.webp\",\"datePublished\":\"2026-02-25T13:08:33+00:00\",\"dateModified\":\"2026-02-25T13:33:24+00:00\",\"description\":\"Evorel Sequi HRT-Pflaster bei Transtoyou erh\u00e4ltlich, um menopausale Symptome mit sequenzieller \u00d6strogen- und Gestagenunterst\u00fctzung zu lindern.\",\"breadcrumb\":{\"@id\":\"https:\/\/www.transtoyou.com\/de\/product\/evorel-sequi\/#breadcrumb\"},\"inLanguage\":\"de\",\"potentialAction\":[{\"@type\":\"ReadAction\",\"target\":[\"https:\/\/www.transtoyou.com\/de\/product\/evorel-sequi\/\"]}]},{\"@type\":\"ImageObject\",\"inLanguage\":\"de\",\"@id\":\"https:\/\/www.transtoyou.com\/de\/product\/evorel-sequi\/#primaryimage\",\"url\":\"https:\/\/www.transtoyou.com\/de\/wp-content\/uploads\/sites\/4\/2026\/02\/tty-no-product-image-16.webp\",\"contentUrl\":\"https:\/\/www.transtoyou.com\/de\/wp-content\/uploads\/sites\/4\/2026\/02\/tty-no-product-image-16.webp\",\"width\":1000,\"height\":1000,\"caption\":\"Standardproduktbild\"},{\"@type\":\"WebSite\",\"@id\":\"https:\/\/www.transtoyou.com\/de\/#website\",\"url\":\"https:\/\/www.transtoyou.com\/de\/\",\"name\":\"Transtoyou - DE\",\"description\":\"DE\",\"publisher\":{\"@id\":\"https:\/\/www.transtoyou.com\/de\/#organization\"},\"potentialAction\":[{\"@type\":\"SearchAction\",\"target\":{\"@type\":\"EntryPoint\",\"urlTemplate\":\"https:\/\/www.transtoyou.com\/de\/?s={search_term_string}\"},\"query-input\":{\"@type\":\"PropertyValueSpecification\",\"valueRequired\":true,\"valueName\":\"search_term_string\"}}],\"inLanguage\":\"de\"},{\"@type\":\"Organization\",\"@id\":\"https:\/\/www.transtoyou.com\/de\/#organization\",\"name\":\"Transtoyou - DE\",\"url\":\"https:\/\/www.transtoyou.com\/de\/\",\"logo\":{\"@type\":\"ImageObject\",\"inLanguage\":\"de\",\"@id\":\"https:\/\/www.transtoyou.com\/de\/#\/schema\/logo\/image\/\",\"url\":\"https:\/\/www.transtoyou.com\/de\/wp-content\/uploads\/sites\/4\/2026\/01\/logo-tty-menu-bar-300x87-1.webp\",\"contentUrl\":\"https:\/\/www.transtoyou.com\/de\/wp-content\/uploads\/sites\/4\/2026\/01\/logo-tty-menu-bar-300x87-1.webp\",\"width\":300,\"height\":87,\"caption\":\"Transtoyou - DE\"},\"image\":{\"@id\":\"https:\/\/www.transtoyou.com\/de\/#\/schema\/logo\/image\/\"}}]}<\/script>\n<!-- \/ Yoast SEO plugin. -->","yoast_head_json":{"title":"Evorel Sequi | HRT-Pflaster f\u00fcr die Menopause - Transtoyou","description":"Evorel Sequi HRT-Pflaster bei Transtoyou erh\u00e4ltlich, um menopausale Symptome mit sequenzieller \u00d6strogen- und Gestagenunterst\u00fctzung zu lindern.","robots":{"index":"noindex","follow":"follow","max-snippet":"max-snippet:-1","max-image-preview":"max-image-preview:large","max-video-preview":"max-video-preview:-1"},"og_locale":"de_DE","og_type":"article","og_title":"Evorel Sequi | HRT-Pflaster f\u00fcr die Menopause - Transtoyou","og_description":"Evorel Sequi HRT-Pflaster bei Transtoyou erh\u00e4ltlich, um menopausale Symptome mit sequenzieller \u00d6strogen- und Gestagenunterst\u00fctzung zu lindern.","og_url":"https:\/\/www.transtoyou.com\/de\/product\/evorel-sequi\/","og_site_name":"Transtoyou - DE","article_modified_time":"2026-02-25T13:33:24+00:00","twitter_card":"summary_large_image","twitter_misc":{"Gesch\u00e4tzte Lesezeit":"5\u00a0Minuten"},"schema":{"@context":"https:\/\/schema.org","@graph":[{"@type":"WebPage","@id":"https:\/\/www.transtoyou.com\/de\/product\/evorel-sequi\/","url":"https:\/\/www.transtoyou.com\/de\/product\/evorel-sequi\/","name":"Evorel Sequi | HRT-Pflaster f\u00fcr die Menopause - Transtoyou","isPartOf":{"@id":"https:\/\/www.transtoyou.com\/de\/#website"},"primaryImageOfPage":{"@id":"https:\/\/www.transtoyou.com\/de\/product\/evorel-sequi\/#primaryimage"},"image":{"@id":"https:\/\/www.transtoyou.com\/de\/product\/evorel-sequi\/#primaryimage"},"thumbnailUrl":"https:\/\/www.transtoyou.com\/de\/wp-content\/uploads\/sites\/4\/2026\/02\/tty-no-product-image-16.webp","datePublished":"2026-02-25T13:08:33+00:00","dateModified":"2026-02-25T13:33:24+00:00","description":"Evorel Sequi HRT-Pflaster bei Transtoyou erh\u00e4ltlich, um menopausale Symptome mit sequenzieller \u00d6strogen- und Gestagenunterst\u00fctzung zu lindern.","breadcrumb":{"@id":"https:\/\/www.transtoyou.com\/de\/product\/evorel-sequi\/#breadcrumb"},"inLanguage":"de","potentialAction":[{"@type":"ReadAction","target":["https:\/\/www.transtoyou.com\/de\/product\/evorel-sequi\/"]}]},{"@type":"ImageObject","inLanguage":"de","@id":"https:\/\/www.transtoyou.com\/de\/product\/evorel-sequi\/#primaryimage","url":"https:\/\/www.transtoyou.com\/de\/wp-content\/uploads\/sites\/4\/2026\/02\/tty-no-product-image-16.webp","contentUrl":"https:\/\/www.transtoyou.com\/de\/wp-content\/uploads\/sites\/4\/2026\/02\/tty-no-product-image-16.webp","width":1000,"height":1000,"caption":"Standardproduktbild"},{"@type":"WebSite","@id":"https:\/\/www.transtoyou.com\/de\/#website","url":"https:\/\/www.transtoyou.com\/de\/","name":"Transtoyou - DE","description":"DE","publisher":{"@id":"https:\/\/www.transtoyou.com\/de\/#organization"},"potentialAction":[{"@type":"SearchAction","target":{"@type":"EntryPoint","urlTemplate":"https:\/\/www.transtoyou.com\/de\/?s={search_term_string}"},"query-input":{"@type":"PropertyValueSpecification","valueRequired":true,"valueName":"search_term_string"}}],"inLanguage":"de"},{"@type":"Organization","@id":"https:\/\/www.transtoyou.com\/de\/#organization","name":"Transtoyou - DE","url":"https:\/\/www.transtoyou.com\/de\/","logo":{"@type":"ImageObject","inLanguage":"de","@id":"https:\/\/www.transtoyou.com\/de\/#\/schema\/logo\/image\/","url":"https:\/\/www.transtoyou.com\/de\/wp-content\/uploads\/sites\/4\/2026\/01\/logo-tty-menu-bar-300x87-1.webp","contentUrl":"https:\/\/www.transtoyou.com\/de\/wp-content\/uploads\/sites\/4\/2026\/01\/logo-tty-menu-bar-300x87-1.webp","width":300,"height":87,"caption":"Transtoyou - DE"},"image":{"@id":"https:\/\/www.transtoyou.com\/de\/#\/schema\/logo\/image\/"}}]}},"_links":{"self":[{"href":"https:\/\/www.transtoyou.com\/de\/wp-json\/wp\/v2\/product\/2677","targetHints":{"allow":["GET"]}}],"collection":[{"href":"https:\/\/www.transtoyou.com\/de\/wp-json\/wp\/v2\/product"}],"about":[{"href":"https:\/\/www.transtoyou.com\/de\/wp-json\/wp\/v2\/types\/product"}],"replies":[{"embeddable":true,"href":"https:\/\/www.transtoyou.com\/de\/wp-json\/wp\/v2\/comments?post=2677"}],"wp:featuredmedia":[{"embeddable":true,"href":"https:\/\/www.transtoyou.com\/de\/wp-json\/wp\/v2\/media\/2679"}],"wp:attachment":[{"href":"https:\/\/www.transtoyou.com\/de\/wp-json\/wp\/v2\/media?parent=2677"}],"wp:term":[{"taxonomy":"product_brand","embeddable":true,"href":"https:\/\/www.transtoyou.com\/de\/wp-json\/wp\/v2\/product_brand?post=2677"},{"taxonomy":"product_cat","embeddable":true,"href":"https:\/\/www.transtoyou.com\/de\/wp-json\/wp\/v2\/product_cat?post=2677"},{"taxonomy":"product_tag","embeddable":true,"href":"https:\/\/www.transtoyou.com\/de\/wp-json\/wp\/v2\/product_tag?post=2677"},{"taxonomy":"expert","embeddable":true,"href":"https:\/\/www.transtoyou.com\/de\/wp-json\/wp\/v2\/expert?post=2677"}],"curies":[{"name":"wp","href":"https:\/\/api.w.org\/{rel}","templated":true}]}}