{"id":2681,"date":"2026-02-25T16:27:13","date_gmt":"2026-02-25T14:27:13","guid":{"rendered":"https:\/\/www.transtoyou.com\/de\/product\/femoston-conti\/"},"modified":"2026-02-25T16:51:36","modified_gmt":"2026-02-25T14:51:36","slug":"femoston-conti","status":"publish","type":"product","link":"https:\/\/www.transtoyou.com\/de\/product\/femoston-conti\/","title":{"rendered":"Femoston Conti"},"content":{"rendered":"<h2>Was ist Femoston Conti?<\/h2>\n<p>Femoston Conti ist eine kontinuierliche kombinierte <a href=\"\/de\/treatment\/hormone-replacement-therapy\">Hormonersatztherapie (HRT)<\/a> Tablette, die zur <a href=\"\/de\/treatment\/menopause-pms-relief\/\">Behandlung von Menopausensymptomen<\/a> eingesetzt wird. Sie enth\u00e4lt zwei Hormone: Estradiol, eine Form von \u00d6strogen, und Dydrogesteron, eine Art von Progesteron (auch als Progestogen bezeichnet).<\/p>\n<p>Nach der Menopause h\u00f6ren deine Eierst\u00f6cke auf, signifikante Mengen an \u00d6strogen zu produzieren. Diese hormonelle Ver\u00e4nderung kann Symptome wie Hitzewallungen, Nachtschwei\u00df, Schlafprobleme und vaginale Trockenheit verursachen. Femoston Conti ersetzt diese Hormone in einer konstanten t\u00e4glichen Dosis.<\/p>\n<p>Da Femoston Conti sowohl \u00d6strogen als auch Progesteron in jeder Tablette enth\u00e4lt, wird es als kontinuierliche kombinierte HRT bezeichnet. \u201eKontinuierlich\u201c bedeutet, dass du es jeden Tag ohne Unterbrechung einnimmst. Im Gegensatz zur sequenziellen HRT ist Femoston Conti so konzipiert, dass du normalerweise keine monatliche Blutung hast.<\/p>\n<p>Femoston Conti wird normalerweise verschrieben, wenn:<\/p>\n<ul>\n<li>Du postmenopausal bist (keine Periode seit mindestens 12 Monaten)<\/li>\n<li>Du noch deine Geb\u00e4rmutter hast<\/li>\n<\/ul>\n<p>Es kommt als orale Tablette, die du einmal t\u00e4glich einnimmst.<\/p>\n<h2>Wof\u00fcr wird Femoston Conti verwendet?<\/h2>\n<p>Femoston Conti wird verwendet, um Menopausensymptome zu lindern, die durch niedrige \u00d6strogenspiegel verursacht werden.<\/p>\n<p>W\u00e4hrend der Menopause kann der R\u00fcckgang des \u00d6strogens Folgendes verursachen:<\/p>\n<ul>\n<li>Hitzewallungen<\/li>\n<li>Nachtschwei\u00df<\/li>\n<li>Schlafst\u00f6rungen<\/li>\n<li>Stimmungs\u00e4nderungen<\/li>\n<li>Vaginale Trockenheit<\/li>\n<li>Vermindertes Libido<\/li>\n<li>M\u00fcdigkeit<\/li>\n<li>Gelenkbeschwerden<\/li>\n<\/ul>\n<p>Hitzewallungen und Nachtschwei\u00df sind als vasomotorische Symptome bekannt. Das bedeutet, dass die innere Temperaturregulation deines K\u00f6rpers durch hormonelle Ver\u00e4nderungen gest\u00f6rt ist.<\/p>\n<p>Femoston Conti kann auch helfen, postmenopausale Osteoporose zu verhindern, eine Erkrankung, bei der die Knochen aufgrund des Verlusts von \u00d6strogen d\u00fcnner und fragiler werden. Dies kann das Frakturrisiko bei Frauen verringern, die ein erh\u00f6htes Risiko haben und keine anderen Knochentherapien verwenden k\u00f6nnen.<\/p>\n<p>Femoston Conti ist besonders geeignet, wenn du vollst\u00e4ndig postmenopausal bist und keine monatlichen Blutungen haben m\u00f6chtest.<\/p>\n<h2>Wie wirkt Femoston Conti?<\/h2>\n<p>Femoston Conti wirkt, indem es die beiden Schl\u00fcsselhormone ersetzt, die nach der Menopause abnehmen.<\/p>\n<h4>Estradiol (\u00d6strogen)<\/h4>\n<p>Estradiol ist chemisch \u00e4hnlich dem \u00d6strogen, das dein K\u00f6rper vor der Menopause nat\u00fcrlich produziert hat. Es hilft, um:<\/p>\n<ul>\n<li>Hitzewallungen und Nachtschwei\u00df zu reduzieren<\/li>\n<li>Vaginale Trockenheit zu verbessern<\/li>\n<li>Stimmung und Schlaf zu unterst\u00fctzen<\/li>\n<li>Knochendichte zu erhalten<\/li>\n<li>Das allgemeine hormonelle Gleichgewicht zu unterst\u00fctzen<\/li>\n<\/ul>\n<h3>Dydrogesteron (Progestogen)<\/h3>\n<p>Wenn du noch deine Geb\u00e4rmutter hast, kann die Einnahme von \u00d6strogen allein dazu f\u00fchren, dass sich die Schleimhaut deiner Geb\u00e4rmutter (Endometrium genannt) zu stark verdickt. Im Laufe der Zeit erh\u00f6ht dies das Risiko f\u00fcr Geb\u00e4rmutterkrebs.<\/p>\n<p>Dydrogesteron sch\u00fctzt die Schleimhaut deiner Geb\u00e4rmutter, indem es eine \u00fcberm\u00e4\u00dfige Verdickung verhindert. Da es in jeder Tablette enthalten ist, ist die Behandlung kontinuierlich und verhindert normalerweise monatliche Blutungen.<\/p>\n<p>Durch die Kombination beider Hormone in einer t\u00e4glichen Tablette bietet Femoston Conti eine ausgewogene Hormonersatztherapie f\u00fcr postmenopausale Frauen.<\/p>\n<h2>Wer sollte Femoston Conti nicht verwenden?<\/h2>\n<p>Du solltest Femoston Conti nicht verwenden, wenn:<\/p>\n<ul>\n<li>Du Brustkrebs hast oder hattest<\/li>\n<li>Du \u00f6strogenabh\u00e4ngigen Krebs hast<\/li>\n<li>Du unerkl\u00e4rliche vaginale Blutungen hast<\/li>\n<li>Du unbehandelte endometriale Hyperplasie hast<\/li>\n<li>Du Blutgerinnsel hast oder hattest<\/li>\n<li>Du eine bekannte Gerinnungsst\u00f6rung hast<\/li>\n<li>Du k\u00fcrzlich einen Herzinfarkt oder Schlaganfall hattest<\/li>\n<li>Du schwere Lebererkrankungen hast<\/li>\n<li>Du allergisch gegen Estradiol oder Dydrogesteron bist<\/li>\n<\/ul>\n<p>Informiere immer deinen Arzt \u00fcber deine Krankengeschichte, bevor du mit der Hormonersatztherapie beginnst.<\/p>\n<h3>Schwangerschaft und Stillzeit<\/h3>\n<p>Femoston Conti ist nur f\u00fcr postmenopausale Frauen vorgesehen.<\/p>\n<p>Du darfst Femoston Conti nicht einnehmen, wenn du schwanger bist oder denkst, dass du schwanger sein k\u00f6nntest.<\/p>\n<p>Femoston Conti sollte w\u00e4hrend der Stillzeit nicht verwendet werden.<\/p>\n<p>Wenn w\u00e4hrend der Behandlung eine Schwangerschaft eintritt, stoppe die Einnahme der Tabletten und kontaktiere sofort einen Arzt.<\/p>\n<h2>Wie man Femoston Conti anwendet und die Dosierung<\/h2>\n<p>Nehme Femoston Conti immer genau wie verschrieben ein.<\/p>\n<ul>\n<li>Nehme einmal t\u00e4glich eine Tablette ein<\/li>\n<li>Nehme sie zur gleichen Zeit jeden Tag ein<\/li>\n<li>Schlucke die Tablette mit Wasser<\/li>\n<li>\u00dcberspringe keine Dosen<\/li>\n<\/ul>\n<p>Da es sich um eine kontinuierliche kombinierte HRT handelt, nimmst du die Tabletten jeden Tag ohne Unterbrechung zwischen den Packungen.<\/p>\n<p>Wenn du eine Dosis vergisst und weniger als 12 Stunden vergangen sind, nimm sie ein, sobald du daran denkst. Wenn mehr als 12 Stunden vergangen sind, \u00fcberspringe die vers\u00e4umte Dosis und fahre normal fort.<\/p>\n<p>Dein Arzt wird die niedrigste wirksame Dosis verschreiben, um deine Symptome zu kontrollieren, und wird deine Behandlung regelm\u00e4\u00dfig \u00fcberpr\u00fcfen.<\/p>\n<h2>M\u00f6gliche Nebenwirkungen<\/h2>\n<p>Wie alle Medikamente kann Femoston Conti Nebenwirkungen verursachen, obwohl nicht jeder sie erlebt.<\/p>\n<p>H\u00e4ufige Nebenwirkungen sind:<\/p>\n<ul>\n<li>Brustempfindlichkeit<\/li>\n<li>Kopfschmerzen<\/li>\n<li>\u00dcbelkeit<\/li>\n<li>Bauchschmerzen<\/li>\n<li>Stimmungs\u00e4nderungen<\/li>\n<li>Leichte Fl\u00fcssigkeitsretention<\/li>\n<li>Unregelm\u00e4\u00dfige Blutungen, insbesondere in den ersten Monaten<\/li>\n<\/ul>\n<p>Schwerwiegendere, aber weniger h\u00e4ufige Risiken, die mit der Hormonersatztherapie verbunden sind, umfassen:<\/p>\n<ul>\n<li>Blutgerinnsel<\/li>\n<li>Schlaganfall<\/li>\n<li>Brustkrebs<\/li>\n<li>Eierstockkrebs<\/li>\n<li>Herzkrankheiten<\/li>\n<\/ul>\n<p>Dein individuelles Risiko h\u00e4ngt von deinem Alter, der Zeit seit der Menopause, deiner pers\u00f6nlichen Krankengeschichte und deiner Familiengeschichte ab.<\/p>\n<p>F\u00fcr gesunde Frauen unter 60 oder innerhalb von 10 Jahren nach der Menopause wird das Gesamtrisiko in der Regel als niedrig angesehen, wenn es angemessen \u00fcberwacht wird.<\/p>\n<h2>Wichtige Sicherheitsinformationen<\/h2>\n<p>Bevor du mit Femoston Conti beginnst, solltest du eine vollst\u00e4ndige medizinische Beratung erhalten.<\/p>\n<p>Informiere deinen Arzt, wenn du jemals hattest:<\/p>\n<ul>\n<li><a href=\"\/de\/treatment\/high-blood-pressure\">Bluthochdruck<\/a><\/li>\n<li><a href=\"\/de\/treatment\/diabetes\">Diabetes<\/a><\/li>\n<li><a href=\"\/de\/treatment\/headache-and-migraines\/\">Migr\u00e4ne<\/a><\/li>\n<li>Gallensteine<\/li>\n<li>Lebererkrankungen<\/li>\n<li>Myome<\/li>\n<li><a href=\"\/de\/treatment\/endometriosis\">Endometriose<\/a><\/li>\n<li>Hohe Triglyceride<\/li>\n<li>Eine famili\u00e4re Vorgeschichte von Brustkrebs<\/li>\n<\/ul>\n<p>W\u00e4hrend der Anwendung von Femoston Conti:<\/p>\n<ul>\n<li>Besuche regelm\u00e4\u00dfige Kontrolluntersuchungen<\/li>\n<li>Setze die routinem\u00e4\u00dfige Brustscreening fort<\/li>\n<li>F\u00fchre regelm\u00e4\u00dfige Brustselbstuntersuchungen durch<\/li>\n<li>Melde ungew\u00f6hnliche vaginale Blutungen<\/li>\n<\/ul>\n<p>Die Hormonersatztherapie sollte mindestens einmal im Jahr \u00fcberpr\u00fcft werden.<\/p>\n<h2>Wann du medizinische Hilfe suchen solltest<\/h2>\n<p>Stoppe die Einnahme von Femoston Conti und suche dringend medizinische Hilfe, wenn du Folgendes erlebst:<\/p>\n<ul>\n<li>Schmerzhafte Schwellung in einem Bein<\/li>\n<li>Pl\u00f6tzliche Brustschmerzen<\/li>\n<li>Atembeschwerden<\/li>\n<li>Starke pl\u00f6tzliche Kopfschmerzen<\/li>\n<li>Seh- oder Sprachprobleme<\/li>\n<li>Schw\u00e4che auf einer K\u00f6rperseite<\/li>\n<li>Gelbf\u00e4rbung der Haut oder Augen<\/li>\n<li>Anzeichen einer schweren allergischen Reaktion<\/li>\n<\/ul>\n<p>Wenn du dir nicht sicher bist, ob deine Symptome mit der Hormonersatztherapie zusammenh\u00e4ngen, kannst du \u00fcber Transtoyou eine sichere Video-Konsultation mit einem unserer lizenzierten \u00c4rzte buchen, um pers\u00f6nliche medizinische Beratung zu erhalten. Wenn deine Symptome schwerwiegend oder pl\u00f6tzlich sind, suche sofort dringend medizinische Hilfe.<\/p>\n","protected":false},"excerpt":{"rendered":"<p>Femoston Conti: Kontinuierliche kombinierte Hormonersatztherapie-Tabletten zur Linderung von Menopausensymptomen ohne monatliche Blutung.<br \/>\nWirkstoff: Estradiol (\u00d6strogen) und Dydrogesteron (Gestagen)<br \/>\nVerwendet f\u00fcr: Hormonersatztherapie (HRT)<\/p>\n","protected":false},"featured_media":2683,"comment_status":"open","ping_status":"closed","template":"","meta":[],"product_brand":[],"product_cat":[142,148],"product_tag":[],"expert":[16],"class_list":{"0":"post-2681","1":"product","2":"type-product","3":"status-publish","4":"has-post-thumbnail","6":"product_cat-hormonersatztherapie-hrt","7":"product_cat-menopause-und-pms-linderung","8":"expert-dr-c-alexandru","10":"first","11":"instock","12":"shipping-taxable","13":"product-type-variable"},"yoast_head":"<!-- This site is optimized with the Yoast SEO plugin v27.0 - https:\/\/yoast.com\/product\/yoast-seo-wordpress\/ -->\n<title>Femoston Conti | Kontinuierliche HRT zur Linderung - Transtoyou<\/title>\n<meta name=\"description\" content=\"Femoston Conti kontinuierliche kombinierte HRT bei postmenopausalen Symptomen. Finde heraus, wie es wirkt und pr\u00fcfe deine Eignung mit einem Arzt bei Transtoyou.\" \/>\n<meta name=\"robots\" content=\"noindex, follow, max-snippet:-1, max-image-preview:large, max-video-preview:-1\" \/>\n<meta property=\"og:locale\" content=\"de_DE\" \/>\n<meta property=\"og:type\" content=\"article\" \/>\n<meta property=\"og:title\" content=\"Femoston Conti | Kontinuierliche HRT zur Linderung - Transtoyou\" \/>\n<meta property=\"og:description\" content=\"Femoston Conti kontinuierliche kombinierte HRT bei postmenopausalen Symptomen. Finde heraus, wie es wirkt und pr\u00fcfe deine Eignung mit einem Arzt bei Transtoyou.\" \/>\n<meta property=\"og:url\" content=\"https:\/\/www.transtoyou.com\/de\/product\/femoston-conti\/\" \/>\n<meta property=\"og:site_name\" content=\"Transtoyou - DE\" \/>\n<meta property=\"article:modified_time\" content=\"2026-02-25T14:51:36+00:00\" \/>\n<meta name=\"twitter:card\" content=\"summary_large_image\" \/>\n<meta name=\"twitter:label1\" content=\"Gesch\u00e4tzte Lesezeit\" \/>\n\t<meta name=\"twitter:data1\" content=\"5\u00a0Minuten\" \/>\n<script type=\"application\/ld+json\" class=\"yoast-schema-graph\">{\"@context\":\"https:\/\/schema.org\",\"@graph\":[{\"@type\":\"WebPage\",\"@id\":\"https:\/\/www.transtoyou.com\/de\/product\/femoston-conti\/\",\"url\":\"https:\/\/www.transtoyou.com\/de\/product\/femoston-conti\/\",\"name\":\"Femoston Conti | Kontinuierliche HRT zur Linderung - Transtoyou\",\"isPartOf\":{\"@id\":\"https:\/\/www.transtoyou.com\/de\/#website\"},\"primaryImageOfPage\":{\"@id\":\"https:\/\/www.transtoyou.com\/de\/product\/femoston-conti\/#primaryimage\"},\"image\":{\"@id\":\"https:\/\/www.transtoyou.com\/de\/product\/femoston-conti\/#primaryimage\"},\"thumbnailUrl\":\"https:\/\/www.transtoyou.com\/de\/wp-content\/uploads\/sites\/4\/2026\/02\/tty-no-product-image-17.webp\",\"datePublished\":\"2026-02-25T14:27:13+00:00\",\"dateModified\":\"2026-02-25T14:51:36+00:00\",\"description\":\"Femoston Conti kontinuierliche kombinierte HRT bei postmenopausalen Symptomen. Finde heraus, wie es wirkt und pr\u00fcfe deine Eignung mit einem Arzt bei Transtoyou.\",\"breadcrumb\":{\"@id\":\"https:\/\/www.transtoyou.com\/de\/product\/femoston-conti\/#breadcrumb\"},\"inLanguage\":\"de\",\"potentialAction\":[{\"@type\":\"ReadAction\",\"target\":[\"https:\/\/www.transtoyou.com\/de\/product\/femoston-conti\/\"]}]},{\"@type\":\"ImageObject\",\"inLanguage\":\"de\",\"@id\":\"https:\/\/www.transtoyou.com\/de\/product\/femoston-conti\/#primaryimage\",\"url\":\"https:\/\/www.transtoyou.com\/de\/wp-content\/uploads\/sites\/4\/2026\/02\/tty-no-product-image-17.webp\",\"contentUrl\":\"https:\/\/www.transtoyou.com\/de\/wp-content\/uploads\/sites\/4\/2026\/02\/tty-no-product-image-17.webp\",\"width\":1000,\"height\":1000,\"caption\":\"Standardproduktbild\"},{\"@type\":\"WebSite\",\"@id\":\"https:\/\/www.transtoyou.com\/de\/#website\",\"url\":\"https:\/\/www.transtoyou.com\/de\/\",\"name\":\"Transtoyou - DE\",\"description\":\"DE\",\"publisher\":{\"@id\":\"https:\/\/www.transtoyou.com\/de\/#organization\"},\"potentialAction\":[{\"@type\":\"SearchAction\",\"target\":{\"@type\":\"EntryPoint\",\"urlTemplate\":\"https:\/\/www.transtoyou.com\/de\/?s={search_term_string}\"},\"query-input\":{\"@type\":\"PropertyValueSpecification\",\"valueRequired\":true,\"valueName\":\"search_term_string\"}}],\"inLanguage\":\"de\"},{\"@type\":\"Organization\",\"@id\":\"https:\/\/www.transtoyou.com\/de\/#organization\",\"name\":\"Transtoyou - DE\",\"url\":\"https:\/\/www.transtoyou.com\/de\/\",\"logo\":{\"@type\":\"ImageObject\",\"inLanguage\":\"de\",\"@id\":\"https:\/\/www.transtoyou.com\/de\/#\/schema\/logo\/image\/\",\"url\":\"https:\/\/www.transtoyou.com\/de\/wp-content\/uploads\/sites\/4\/2026\/01\/logo-tty-menu-bar-300x87-1.webp\",\"contentUrl\":\"https:\/\/www.transtoyou.com\/de\/wp-content\/uploads\/sites\/4\/2026\/01\/logo-tty-menu-bar-300x87-1.webp\",\"width\":300,\"height\":87,\"caption\":\"Transtoyou - DE\"},\"image\":{\"@id\":\"https:\/\/www.transtoyou.com\/de\/#\/schema\/logo\/image\/\"}}]}<\/script>\n<!-- \/ Yoast SEO plugin. -->","yoast_head_json":{"title":"Femoston Conti | Kontinuierliche HRT zur Linderung - Transtoyou","description":"Femoston Conti kontinuierliche kombinierte HRT bei postmenopausalen Symptomen. Finde heraus, wie es wirkt und pr\u00fcfe deine Eignung mit einem Arzt bei Transtoyou.","robots":{"index":"noindex","follow":"follow","max-snippet":"max-snippet:-1","max-image-preview":"max-image-preview:large","max-video-preview":"max-video-preview:-1"},"og_locale":"de_DE","og_type":"article","og_title":"Femoston Conti | Kontinuierliche HRT zur Linderung - Transtoyou","og_description":"Femoston Conti kontinuierliche kombinierte HRT bei postmenopausalen Symptomen. Finde heraus, wie es wirkt und pr\u00fcfe deine Eignung mit einem Arzt bei Transtoyou.","og_url":"https:\/\/www.transtoyou.com\/de\/product\/femoston-conti\/","og_site_name":"Transtoyou - DE","article_modified_time":"2026-02-25T14:51:36+00:00","twitter_card":"summary_large_image","twitter_misc":{"Gesch\u00e4tzte Lesezeit":"5\u00a0Minuten"},"schema":{"@context":"https:\/\/schema.org","@graph":[{"@type":"WebPage","@id":"https:\/\/www.transtoyou.com\/de\/product\/femoston-conti\/","url":"https:\/\/www.transtoyou.com\/de\/product\/femoston-conti\/","name":"Femoston Conti | Kontinuierliche HRT zur Linderung - Transtoyou","isPartOf":{"@id":"https:\/\/www.transtoyou.com\/de\/#website"},"primaryImageOfPage":{"@id":"https:\/\/www.transtoyou.com\/de\/product\/femoston-conti\/#primaryimage"},"image":{"@id":"https:\/\/www.transtoyou.com\/de\/product\/femoston-conti\/#primaryimage"},"thumbnailUrl":"https:\/\/www.transtoyou.com\/de\/wp-content\/uploads\/sites\/4\/2026\/02\/tty-no-product-image-17.webp","datePublished":"2026-02-25T14:27:13+00:00","dateModified":"2026-02-25T14:51:36+00:00","description":"Femoston Conti kontinuierliche kombinierte HRT bei postmenopausalen Symptomen. Finde heraus, wie es wirkt und pr\u00fcfe deine Eignung mit einem Arzt bei Transtoyou.","breadcrumb":{"@id":"https:\/\/www.transtoyou.com\/de\/product\/femoston-conti\/#breadcrumb"},"inLanguage":"de","potentialAction":[{"@type":"ReadAction","target":["https:\/\/www.transtoyou.com\/de\/product\/femoston-conti\/"]}]},{"@type":"ImageObject","inLanguage":"de","@id":"https:\/\/www.transtoyou.com\/de\/product\/femoston-conti\/#primaryimage","url":"https:\/\/www.transtoyou.com\/de\/wp-content\/uploads\/sites\/4\/2026\/02\/tty-no-product-image-17.webp","contentUrl":"https:\/\/www.transtoyou.com\/de\/wp-content\/uploads\/sites\/4\/2026\/02\/tty-no-product-image-17.webp","width":1000,"height":1000,"caption":"Standardproduktbild"},{"@type":"WebSite","@id":"https:\/\/www.transtoyou.com\/de\/#website","url":"https:\/\/www.transtoyou.com\/de\/","name":"Transtoyou - DE","description":"DE","publisher":{"@id":"https:\/\/www.transtoyou.com\/de\/#organization"},"potentialAction":[{"@type":"SearchAction","target":{"@type":"EntryPoint","urlTemplate":"https:\/\/www.transtoyou.com\/de\/?s={search_term_string}"},"query-input":{"@type":"PropertyValueSpecification","valueRequired":true,"valueName":"search_term_string"}}],"inLanguage":"de"},{"@type":"Organization","@id":"https:\/\/www.transtoyou.com\/de\/#organization","name":"Transtoyou - DE","url":"https:\/\/www.transtoyou.com\/de\/","logo":{"@type":"ImageObject","inLanguage":"de","@id":"https:\/\/www.transtoyou.com\/de\/#\/schema\/logo\/image\/","url":"https:\/\/www.transtoyou.com\/de\/wp-content\/uploads\/sites\/4\/2026\/01\/logo-tty-menu-bar-300x87-1.webp","contentUrl":"https:\/\/www.transtoyou.com\/de\/wp-content\/uploads\/sites\/4\/2026\/01\/logo-tty-menu-bar-300x87-1.webp","width":300,"height":87,"caption":"Transtoyou - DE"},"image":{"@id":"https:\/\/www.transtoyou.com\/de\/#\/schema\/logo\/image\/"}}]}},"_links":{"self":[{"href":"https:\/\/www.transtoyou.com\/de\/wp-json\/wp\/v2\/product\/2681","targetHints":{"allow":["GET"]}}],"collection":[{"href":"https:\/\/www.transtoyou.com\/de\/wp-json\/wp\/v2\/product"}],"about":[{"href":"https:\/\/www.transtoyou.com\/de\/wp-json\/wp\/v2\/types\/product"}],"replies":[{"embeddable":true,"href":"https:\/\/www.transtoyou.com\/de\/wp-json\/wp\/v2\/comments?post=2681"}],"wp:featuredmedia":[{"embeddable":true,"href":"https:\/\/www.transtoyou.com\/de\/wp-json\/wp\/v2\/media\/2683"}],"wp:attachment":[{"href":"https:\/\/www.transtoyou.com\/de\/wp-json\/wp\/v2\/media?parent=2681"}],"wp:term":[{"taxonomy":"product_brand","embeddable":true,"href":"https:\/\/www.transtoyou.com\/de\/wp-json\/wp\/v2\/product_brand?post=2681"},{"taxonomy":"product_cat","embeddable":true,"href":"https:\/\/www.transtoyou.com\/de\/wp-json\/wp\/v2\/product_cat?post=2681"},{"taxonomy":"product_tag","embeddable":true,"href":"https:\/\/www.transtoyou.com\/de\/wp-json\/wp\/v2\/product_tag?post=2681"},{"taxonomy":"expert","embeddable":true,"href":"https:\/\/www.transtoyou.com\/de\/wp-json\/wp\/v2\/expert?post=2681"}],"curies":[{"name":"wp","href":"https:\/\/api.w.org\/{rel}","templated":true}]}}