{"id":2808,"date":"2026-03-01T11:40:05","date_gmt":"2026-03-01T09:40:05","guid":{"rendered":"https:\/\/www.transtoyou.com\/de\/product\/testogel-androgel\/"},"modified":"2026-03-06T14:35:15","modified_gmt":"2026-03-06T12:35:15","slug":"testogel-androgel","status":"publish","type":"product","link":"https:\/\/www.transtoyou.com\/de\/product\/testogel-androgel\/","title":{"rendered":"Testogel (Androgel)"},"content":{"rendered":"<p>Testogel (auch vermarktet als Androgel) ist eine transdermale Testosteron-Ersatztherapie, die zur Behandlung von niedrigem Testosteronspiegel bei erwachsenen M\u00e4nnern und als Teil der masculinisierten Hormontherapie f\u00fcr trans M\u00e4nner und nicht-bin\u00e4re Personen eingesetzt wird. Das Gel wird direkt auf die Haut aufgetragen, wodurch Testosteron allm\u00e4hlich in den Blutkreislauf aufgenommen wird, um eine konsistente hormonelle Abgabe zu gew\u00e4hrleisten.<\/p>\n<p>Bei trans M\u00e4nnern und nicht-bin\u00e4ren Personen wird Testogel als Teil der geschlechtsaffirmierenden Versorgung verwendet, um masculinierende k\u00f6rperliche Ver\u00e4nderungen zu unterst\u00fctzen, die eine erh\u00f6hte Muskelmasse, eine Vertiefung der Stimme, K\u00f6rper- und Gesichtshaare sowie das Ausbleiben der Menstruation umfassen k\u00f6nnen. Diese Effekte entwickeln sich schrittweise, wobei einige Anwender innerhalb weniger Wochen von mehr Energie oder Libido berichten. Bedeutendere k\u00f6rperliche Ver\u00e4nderungen k\u00f6nnen mehrere Monate in Anspruch nehmen.<\/p>\n<p>Bei cisgeschlechtlichen M\u00e4nnern mit Hypogonadismus (Testosteronmangel) kann Testogel helfen, Symptome wie M\u00fcdigkeit, reduzierte Libido, schlechte Stimmung und Konzentrationsst\u00f6rungen zu lindern. Durch die Wiederherstellung des Testosteronspiegels in physiologischen Bereichen kann es die k\u00f6rperliche St\u00e4rke, die sexuelle Funktion und das allgemeine Wohlbefinden unterst\u00fctzen.<\/p>\n<p>Das Gel wird einmal t\u00e4glich auf die saubere, trockene Haut aufgetragen, typischerweise auf die Schultern, Oberarme oder den Bauch. Es sollte vollst\u00e4ndig trocknen, bevor man sich anzieht. Eine ordnungsgem\u00e4\u00dfe Handhygiene und Kontaktvorkehrungen sind wichtig, um eine unbeabsichtigte Hormon\u00fcbertragung auf andere zu verhindern.<\/p>\n<p>Obwohl es im Allgemeinen gut vertragen wird, k\u00f6nnen Nebenwirkungen wie Hautreizungen, Akne, Stimmungsschwankungen oder erh\u00f6hte rote Blutk\u00f6rperchen auftreten. Eine fortlaufende Blut\u00fcberwachung wird empfohlen, um Hormonspiegel, H\u00e4matokrit und Leberfunktion zu verfolgen. Testogel sollte nicht von Personen verwendet werden, die derzeit an Prostata- oder Brustkrebs leiden oder in der Vergangenheit litten, oder von denen, die aus medizinischen Gr\u00fcnden keine Testosterontherapie ben\u00f6tigen.<\/p>\n","protected":false},"excerpt":{"rendered":"<ul>\n<li>T\u00e4gliches topisches Testosteron-Gel<\/li>\n<li>Unterst\u00fctzt die masculinierende Hormontherapie und die Behandlung von Testosteronmangel<\/li>\n<li>W\u00e4hrend des medizinischen Fragebogens wirst du gebeten, deine neuesten Blutuntersuchungsergebnisse hochzuladen, damit der Arzt deine Anfrage sicher beurteilen kann.<\/li>\n<\/ul>\n","protected":false},"featured_media":2810,"comment_status":"open","ping_status":"closed","template":"","meta":[],"product_brand":[],"product_cat":[171,172],"product_tag":[],"expert":[19],"class_list":{"0":"post-2808","1":"product","2":"type-product","3":"status-publish","4":"has-post-thumbnail","6":"product_cat-testosteron-anti-aging","7":"product_cat-testosteron-und-mannlichkeitstherapie","8":"expert-dr-j-vazquez","10":"first","11":"instock","12":"shipping-taxable","13":"product-type-variable"},"yoast_head":"<!-- This site is optimized with the Yoast SEO plugin v27.0 - https:\/\/yoast.com\/product\/yoast-seo-wordpress\/ -->\n<title>Testogel (Androgel) | Topisches Testosteron-Gel - Transtoyou<\/title>\n<meta name=\"description\" content=\"Testogel ist ein t\u00e4gliches Testosteron-Gel zur Behandlung von niedrigem Testosteron bei M\u00e4nnern und f\u00fcr die m\u00e4nnliche Hormontherapie. Wird \u00fcber die Haut aufgenommen.\" \/>\n<meta name=\"robots\" content=\"noindex, follow, max-snippet:-1, max-image-preview:large, max-video-preview:-1\" \/>\n<meta property=\"og:locale\" content=\"de_DE\" \/>\n<meta property=\"og:type\" content=\"article\" \/>\n<meta property=\"og:title\" content=\"Testogel (Androgel) | Topisches Testosteron-Gel - Transtoyou\" \/>\n<meta property=\"og:description\" content=\"Testogel ist ein t\u00e4gliches Testosteron-Gel zur Behandlung von niedrigem Testosteron bei M\u00e4nnern und f\u00fcr die m\u00e4nnliche Hormontherapie. Wird \u00fcber die Haut aufgenommen.\" \/>\n<meta property=\"og:url\" content=\"https:\/\/www.transtoyou.com\/de\/product\/testogel-androgel\/\" \/>\n<meta property=\"og:site_name\" content=\"Transtoyou - DE\" \/>\n<meta property=\"article:modified_time\" content=\"2026-03-06T12:35:15+00:00\" \/>\n<meta name=\"twitter:card\" content=\"summary_large_image\" \/>\n<meta name=\"twitter:label1\" content=\"Gesch\u00e4tzte Lesezeit\" \/>\n\t<meta name=\"twitter:data1\" content=\"1\u00a0Minute\" \/>\n<script type=\"application\/ld+json\" class=\"yoast-schema-graph\">{\"@context\":\"https:\/\/schema.org\",\"@graph\":[{\"@type\":\"WebPage\",\"@id\":\"https:\/\/www.transtoyou.com\/de\/product\/testogel-androgel\/\",\"url\":\"https:\/\/www.transtoyou.com\/de\/product\/testogel-androgel\/\",\"name\":\"Testogel (Androgel) | Topisches Testosteron-Gel - Transtoyou\",\"isPartOf\":{\"@id\":\"https:\/\/www.transtoyou.com\/de\/#website\"},\"primaryImageOfPage\":{\"@id\":\"https:\/\/www.transtoyou.com\/de\/product\/testogel-androgel\/#primaryimage\"},\"image\":{\"@id\":\"https:\/\/www.transtoyou.com\/de\/product\/testogel-androgel\/#primaryimage\"},\"thumbnailUrl\":\"https:\/\/www.transtoyou.com\/de\/wp-content\/uploads\/sites\/4\/2026\/03\/tty-no-product-image.webp\",\"datePublished\":\"2026-03-01T09:40:05+00:00\",\"dateModified\":\"2026-03-06T12:35:15+00:00\",\"description\":\"Testogel ist ein t\u00e4gliches Testosteron-Gel zur Behandlung von niedrigem Testosteron bei M\u00e4nnern und f\u00fcr die m\u00e4nnliche Hormontherapie. Wird \u00fcber die Haut aufgenommen.\",\"breadcrumb\":{\"@id\":\"https:\/\/www.transtoyou.com\/de\/product\/testogel-androgel\/#breadcrumb\"},\"inLanguage\":\"de\",\"potentialAction\":[{\"@type\":\"ReadAction\",\"target\":[\"https:\/\/www.transtoyou.com\/de\/product\/testogel-androgel\/\"]}]},{\"@type\":\"ImageObject\",\"inLanguage\":\"de\",\"@id\":\"https:\/\/www.transtoyou.com\/de\/product\/testogel-androgel\/#primaryimage\",\"url\":\"https:\/\/www.transtoyou.com\/de\/wp-content\/uploads\/sites\/4\/2026\/03\/tty-no-product-image.webp\",\"contentUrl\":\"https:\/\/www.transtoyou.com\/de\/wp-content\/uploads\/sites\/4\/2026\/03\/tty-no-product-image.webp\",\"width\":1000,\"height\":1000,\"caption\":\"Standardproduktbild\"},{\"@type\":\"WebSite\",\"@id\":\"https:\/\/www.transtoyou.com\/de\/#website\",\"url\":\"https:\/\/www.transtoyou.com\/de\/\",\"name\":\"Transtoyou - DE\",\"description\":\"DE\",\"publisher\":{\"@id\":\"https:\/\/www.transtoyou.com\/de\/#organization\"},\"potentialAction\":[{\"@type\":\"SearchAction\",\"target\":{\"@type\":\"EntryPoint\",\"urlTemplate\":\"https:\/\/www.transtoyou.com\/de\/?s={search_term_string}\"},\"query-input\":{\"@type\":\"PropertyValueSpecification\",\"valueRequired\":true,\"valueName\":\"search_term_string\"}}],\"inLanguage\":\"de\"},{\"@type\":\"Organization\",\"@id\":\"https:\/\/www.transtoyou.com\/de\/#organization\",\"name\":\"Transtoyou - DE\",\"url\":\"https:\/\/www.transtoyou.com\/de\/\",\"logo\":{\"@type\":\"ImageObject\",\"inLanguage\":\"de\",\"@id\":\"https:\/\/www.transtoyou.com\/de\/#\/schema\/logo\/image\/\",\"url\":\"https:\/\/www.transtoyou.com\/de\/wp-content\/uploads\/sites\/4\/2026\/01\/logo-tty-menu-bar-300x87-1.webp\",\"contentUrl\":\"https:\/\/www.transtoyou.com\/de\/wp-content\/uploads\/sites\/4\/2026\/01\/logo-tty-menu-bar-300x87-1.webp\",\"width\":300,\"height\":87,\"caption\":\"Transtoyou - DE\"},\"image\":{\"@id\":\"https:\/\/www.transtoyou.com\/de\/#\/schema\/logo\/image\/\"}}]}<\/script>\n<!-- \/ Yoast SEO plugin. -->","yoast_head_json":{"title":"Testogel (Androgel) | Topisches Testosteron-Gel - Transtoyou","description":"Testogel ist ein t\u00e4gliches Testosteron-Gel zur Behandlung von niedrigem Testosteron bei M\u00e4nnern und f\u00fcr die m\u00e4nnliche Hormontherapie. Wird \u00fcber die Haut aufgenommen.","robots":{"index":"noindex","follow":"follow","max-snippet":"max-snippet:-1","max-image-preview":"max-image-preview:large","max-video-preview":"max-video-preview:-1"},"og_locale":"de_DE","og_type":"article","og_title":"Testogel (Androgel) | Topisches Testosteron-Gel - Transtoyou","og_description":"Testogel ist ein t\u00e4gliches Testosteron-Gel zur Behandlung von niedrigem Testosteron bei M\u00e4nnern und f\u00fcr die m\u00e4nnliche Hormontherapie. Wird \u00fcber die Haut aufgenommen.","og_url":"https:\/\/www.transtoyou.com\/de\/product\/testogel-androgel\/","og_site_name":"Transtoyou - DE","article_modified_time":"2026-03-06T12:35:15+00:00","twitter_card":"summary_large_image","twitter_misc":{"Gesch\u00e4tzte Lesezeit":"1\u00a0Minute"},"schema":{"@context":"https:\/\/schema.org","@graph":[{"@type":"WebPage","@id":"https:\/\/www.transtoyou.com\/de\/product\/testogel-androgel\/","url":"https:\/\/www.transtoyou.com\/de\/product\/testogel-androgel\/","name":"Testogel (Androgel) | Topisches Testosteron-Gel - Transtoyou","isPartOf":{"@id":"https:\/\/www.transtoyou.com\/de\/#website"},"primaryImageOfPage":{"@id":"https:\/\/www.transtoyou.com\/de\/product\/testogel-androgel\/#primaryimage"},"image":{"@id":"https:\/\/www.transtoyou.com\/de\/product\/testogel-androgel\/#primaryimage"},"thumbnailUrl":"https:\/\/www.transtoyou.com\/de\/wp-content\/uploads\/sites\/4\/2026\/03\/tty-no-product-image.webp","datePublished":"2026-03-01T09:40:05+00:00","dateModified":"2026-03-06T12:35:15+00:00","description":"Testogel ist ein t\u00e4gliches Testosteron-Gel zur Behandlung von niedrigem Testosteron bei M\u00e4nnern und f\u00fcr die m\u00e4nnliche Hormontherapie. Wird \u00fcber die Haut aufgenommen.","breadcrumb":{"@id":"https:\/\/www.transtoyou.com\/de\/product\/testogel-androgel\/#breadcrumb"},"inLanguage":"de","potentialAction":[{"@type":"ReadAction","target":["https:\/\/www.transtoyou.com\/de\/product\/testogel-androgel\/"]}]},{"@type":"ImageObject","inLanguage":"de","@id":"https:\/\/www.transtoyou.com\/de\/product\/testogel-androgel\/#primaryimage","url":"https:\/\/www.transtoyou.com\/de\/wp-content\/uploads\/sites\/4\/2026\/03\/tty-no-product-image.webp","contentUrl":"https:\/\/www.transtoyou.com\/de\/wp-content\/uploads\/sites\/4\/2026\/03\/tty-no-product-image.webp","width":1000,"height":1000,"caption":"Standardproduktbild"},{"@type":"WebSite","@id":"https:\/\/www.transtoyou.com\/de\/#website","url":"https:\/\/www.transtoyou.com\/de\/","name":"Transtoyou - DE","description":"DE","publisher":{"@id":"https:\/\/www.transtoyou.com\/de\/#organization"},"potentialAction":[{"@type":"SearchAction","target":{"@type":"EntryPoint","urlTemplate":"https:\/\/www.transtoyou.com\/de\/?s={search_term_string}"},"query-input":{"@type":"PropertyValueSpecification","valueRequired":true,"valueName":"search_term_string"}}],"inLanguage":"de"},{"@type":"Organization","@id":"https:\/\/www.transtoyou.com\/de\/#organization","name":"Transtoyou - DE","url":"https:\/\/www.transtoyou.com\/de\/","logo":{"@type":"ImageObject","inLanguage":"de","@id":"https:\/\/www.transtoyou.com\/de\/#\/schema\/logo\/image\/","url":"https:\/\/www.transtoyou.com\/de\/wp-content\/uploads\/sites\/4\/2026\/01\/logo-tty-menu-bar-300x87-1.webp","contentUrl":"https:\/\/www.transtoyou.com\/de\/wp-content\/uploads\/sites\/4\/2026\/01\/logo-tty-menu-bar-300x87-1.webp","width":300,"height":87,"caption":"Transtoyou - DE"},"image":{"@id":"https:\/\/www.transtoyou.com\/de\/#\/schema\/logo\/image\/"}}]}},"_links":{"self":[{"href":"https:\/\/www.transtoyou.com\/de\/wp-json\/wp\/v2\/product\/2808","targetHints":{"allow":["GET"]}}],"collection":[{"href":"https:\/\/www.transtoyou.com\/de\/wp-json\/wp\/v2\/product"}],"about":[{"href":"https:\/\/www.transtoyou.com\/de\/wp-json\/wp\/v2\/types\/product"}],"replies":[{"embeddable":true,"href":"https:\/\/www.transtoyou.com\/de\/wp-json\/wp\/v2\/comments?post=2808"}],"wp:featuredmedia":[{"embeddable":true,"href":"https:\/\/www.transtoyou.com\/de\/wp-json\/wp\/v2\/media\/2810"}],"wp:attachment":[{"href":"https:\/\/www.transtoyou.com\/de\/wp-json\/wp\/v2\/media?parent=2808"}],"wp:term":[{"taxonomy":"product_brand","embeddable":true,"href":"https:\/\/www.transtoyou.com\/de\/wp-json\/wp\/v2\/product_brand?post=2808"},{"taxonomy":"product_cat","embeddable":true,"href":"https:\/\/www.transtoyou.com\/de\/wp-json\/wp\/v2\/product_cat?post=2808"},{"taxonomy":"product_tag","embeddable":true,"href":"https:\/\/www.transtoyou.com\/de\/wp-json\/wp\/v2\/product_tag?post=2808"},{"taxonomy":"expert","embeddable":true,"href":"https:\/\/www.transtoyou.com\/de\/wp-json\/wp\/v2\/expert?post=2808"}],"curies":[{"name":"wp","href":"https:\/\/api.w.org\/{rel}","templated":true}]}}