{"id":2889,"date":"2026-03-03T13:35:25","date_gmt":"2026-03-03T11:35:25","guid":{"rendered":"https:\/\/www.transtoyou.com\/de\/product\/ropinirole\/"},"modified":"2026-03-11T09:17:51","modified_gmt":"2026-03-11T07:17:51","slug":"ropinirol","status":"publish","type":"product","link":"https:\/\/www.transtoyou.com\/de\/product\/ropinirol\/","title":{"rendered":"Ropinirol"},"content":{"rendered":"<h2>Was ist Ropinirol?<\/h2>\n<p>Ropinirol ist ein rezeptpflichtiges Medikament, das zu einer Gruppe von Medikamenten geh\u00f6rt, die als Dopaminagonisten bezeichnet werden. Ein Dopaminagonist ist ein Medikament, das die Wirkung von Dopamin nachahmt, einem nat\u00fcrlichen chemischen Botenstoff in deinem Gehirn.<\/p>\n<p>Dopamin spielt eine wichtige Rolle bei der Bewegungssteuerung und der Nervenkommunikation. Bei Menschen mit dem Restless-Legs-Syndrom (RLS) wird angenommen, dass die Dopamin\u00fcbertragung gest\u00f6rt ist, was zu unangenehmen Empfindungen und einem unkontrollierbaren Drang f\u00fchrt, die Beine zu bewegen.<\/p>\n<p>Obwohl Ropinirol auch f\u00fcr andere neurologische Erkrankungen verwendet wird, wird es \u00fcber Transtoyou nur f\u00fcr moderates bis schweres Restless-Legs-Syndrom (RLS) verschrieben. Es wird \u00fcber diese Plattform nicht f\u00fcr die Parkinson-Krankheit verschrieben.<\/p>\n<h2>Wof\u00fcr wird es verwendet?<\/h2>\n<p>Ropinirol wird zur Behandlung von moderatem bis schwerem Restless-Legs-Syndrom (RLS) eingesetzt.<\/p>\n<p>RLS ist eine neurologische Erkrankung, die verursacht:<\/p>\n<ul>\n<li>Ein unkontrollierbares Verlangen, deine Beine zu bewegen<\/li>\n<li>Kribbeln, Krabbeln, Ziehen oder Brennen<\/li>\n<li>Symptome, die sich am Abend oder in der Nacht verschlimmern<\/li>\n<li>Erleichterung, wenn du deine Beine bewegst<\/li>\n<li>Schwierigkeiten beim Einschlafen oder Durchschlafen<\/li>\n<\/ul>\n<p>RLS kann die Schlafqualit\u00e4t und die t\u00e4gliche Funktionsf\u00e4higkeit erheblich beeintr\u00e4chtigen. Indem es das zugrunde liegende Dopaminungleichgewicht anspricht, hilft Ropinirol, die Symptome zu reduzieren und den n\u00e4chtlichen Komfort zu verbessern.<\/p>\n<p>\u00dcber Transtoyou wird Ropinirol nur nach einer medizinischen Bewertung verschrieben, die Symptome best\u00e4tigt, die mit RLS \u00fcbereinstimmen.<\/p>\n<h2>Wie funktioniert das Produkt?<\/h2>\n<p>Ropinirol wirkt, indem es die Dopaminrezeptoren im Gehirn stimuliert.<\/p>\n<p>Dopamin ist ein Neurotransmitter, was bedeutet, dass es den Nervenzellen hilft, zu kommunizieren. Beim Restless-Legs-Syndrom kann die Dopaminaktivit\u00e4t reduziert oder unausgewogen sein.<\/p>\n<p>Ropinirol:<\/p>\n<ul>\n<li>Aktiviert Dopaminrezeptoren<\/li>\n<li>Hilft, die Nervenkommunikation zu normalisieren<\/li>\n<li>Reduziert den Drang, deine Beine zu bewegen<\/li>\n<li>Verringert unangenehme Empfindungen<\/li>\n<li>Verbessert die Schlafqualit\u00e4t<\/li>\n<\/ul>\n<p>Da es direkt die Dopaminrezeptoren stimuliert, kann Ropinirol die RLS-Symptome reduzieren, wenn es regelm\u00e4\u00dfig wie verschrieben eingenommen wird.<\/p>\n<h2>Wer sollte das Produkt nicht verwenden?<\/h2>\n<p>Du solltest Ropinirol nicht verwenden, wenn:<\/p>\n<ul>\n<li>Du allergisch gegen Ropinirol bist<\/li>\n<li>Du an schwerer Lebererkrankung leidest<\/li>\n<li>Du an schwerer Niereninsuffizienz ohne medizinische Aufsicht leidest<\/li>\n<\/ul>\n<p>Ropinirol sollte mit Vorsicht angewendet werden, wenn du:<\/p>\n<ul>\n<li>Niedrigen Blutdruck hast<\/li>\n<li>Herzkrankheiten hast<\/li>\n<li>Eine Vorgeschichte von Halluzinationen hast<\/li>\n<li>Eine Vorgeschichte von Impulskontrollst\u00f6rungen (wie zwanghaftem Gl\u00fccksspiel oder Einkaufen) hast<\/li>\n<li>Signifikante psychische Erkrankungen hast<\/li>\n<\/ul>\n<p>Ropinirol wird \u00fcber Transtoyou nicht f\u00fcr die Parkinson-Krankheit oder andere neurologische Erkrankungen verschrieben.<\/p>\n<p>Stelle immer sicher, dass du w\u00e4hrend deiner Konsultation vollst\u00e4ndige medizinische Informationen bereitstellst.<\/p>\n<h2>Schwangerschaft und Stillzeit<\/h2>\n<p>Wenn du schwanger bist oder eine Schwangerschaft planst, sprich mit einem Arzt, bevor du Ropinirol verwendest. Es gibt nur begrenzte Daten zur Sicherheit w\u00e4hrend der Schwangerschaft.<\/p>\n<p>Ropinirol kann die Milchproduktion reduzieren und kann in die Muttermilch \u00fcbergehen. Es wird allgemein nicht w\u00e4hrend der Stillzeit empfohlen.<\/p>\n<p>Sprich immer mit einem Arzt \u00fcber Risiken und Vorteile, bevor du mit der Behandlung beginnst.<\/p>\n<h2>Wie zu verwenden und Dosierung<\/h2>\n<p>Nehme Ropinirol immer genau wie verschrieben ein.<\/p>\n<p>F\u00fcr das Restless-Legs-Syndrom:<\/p>\n<ul>\n<li>Die Behandlung beginnt normalerweise mit einer niedrigen Dosis<\/li>\n<li>Die Dosis kann schrittweise erh\u00f6ht werden<\/li>\n<li>Es wird typischerweise einmal t\u00e4glich eingenommen<\/li>\n<li>Es sollte 1 bis 3 Stunden vor dem Schlafengehen eingenommen werden<\/li>\n<\/ul>\n<p>Schlucke die Tablette mit Wasser.<\/p>\n<p>Dein Arzt wird die niedrigste wirksame Dosis verschreiben, um deine Symptome zu kontrollieren.<\/p>\n<p>Beende die Einnahme von Ropinirol nicht pl\u00f6tzlich ohne \u00e4rztlichen Rat, da dies die Symptome verschlimmern kann.<\/p>\n<h2>M\u00f6gliche Nebenwirkungen<\/h2>\n<p>Wie alle Medikamente kann Ropinirol Nebenwirkungen verursachen, obwohl nicht jeder sie erlebt.<\/p>\n<p>H\u00e4ufige Nebenwirkungen sind:<\/p>\n<ul>\n<li>\u00dcbelkeit<\/li>\n<li>Schwindel<\/li>\n<li>Schl\u00e4frigkeit<\/li>\n<li>M\u00fcdigkeit<\/li>\n<li>Kopfschmerzen<\/li>\n<\/ul>\n<p>Ropinirol kann auch verursachen:<\/p>\n<ul>\n<li>Pl\u00f6tzliche Schlafepisoden<\/li>\n<li>Halluzinationen<\/li>\n<li>Verwirrung<\/li>\n<li>Niedrigen Blutdruck<\/li>\n<li>Schwellungen in den Beinen<\/li>\n<\/ul>\n<p>Ein bekanntes Risiko von Dopaminagonisten sind Impulskontrollst\u00f6rungen, die Folgendes umfassen k\u00f6nnen:<\/p>\n<ul>\n<li>Zwanghaftes Gl\u00fccksspiel<\/li>\n<li>\u00dcberm\u00e4\u00dfiges Einkaufen<\/li>\n<li>Erh\u00f6hte sexuelle Impulse<\/li>\n<li>Essanf\u00e4lle<\/li>\n<\/ul>\n<p>Wenn du oder die Menschen um dich herum Verhaltens\u00e4nderungen bemerken, kontaktiere umgehend einen Arzt.<\/p>\n<h2>Wichtige Sicherheitsinformationen<\/h2>\n<p>Bevor du mit Ropinirol beginnst, teile deinem Arzt mit, wenn du:<\/p>\n<ul>\n<li>Nierenprobleme hast<\/li>\n<li>Leberprobleme hast<\/li>\n<li>Herzkrankheiten hast<\/li>\n<li>Ohnmachtsanf\u00e4lle hast<\/li>\n<li>Eine Vorgeschichte von psychischen Erkrankungen hast<\/li>\n<\/ul>\n<p>Ropinirol kann Schl\u00e4frigkeit verursachen und in seltenen F\u00e4llen pl\u00f6tzliche Schlafattacken. Wenn du dies erlebst, fahre nicht Auto und bediene keine Maschinen.<\/p>\n<p>Eine regelm\u00e4\u00dfige \u00dcberpr\u00fcfung ist wichtig, um die Wirksamkeit und Nebenwirkungen zu \u00fcberwachen.<\/p>\n<h2>Wann man medizinische Hilfe suchen sollte<\/h2>\n<p>Suche dringend medizinische Hilfe, wenn du Folgendes erlebst:<\/p>\n<ul>\n<li>Schwere Halluzinationen<\/li>\n<li>Ohnmacht<\/li>\n<li>Schwere allergische Reaktion (Schwellung von Gesicht, Lippen oder Hals)<\/li>\n<li>Brustschmerzen<\/li>\n<\/ul>\n<p>Kontaktiere deinen Arzt, wenn:<\/p>\n<ul>\n<li>Deine RLS-Symptome sich verschlimmern<\/li>\n<li>Du ungew\u00f6hnliche zwanghafte Verhaltensweisen entwickelst<\/li>\n<li>Du dich tags\u00fcber extrem schl\u00e4frig f\u00fchlst<\/li>\n<li>Du anhaltende Nebenwirkungen erlebst<\/li>\n<\/ul>\n<p>Wenn du dir unsicher bist, ob deine Symptome mit dem Restless-Legs-Syndrom oder deiner Medikation zusammenh\u00e4ngen, kannst du \u00fcber Transtoyou eine sichere Video-Konsultation mit einem lizenzierten Arzt buchen, um pers\u00f6nliche Beratung zu erhalten. Wenn die Symptome schwerwiegend oder pl\u00f6tzlich sind, suche sofort dringend medizinische Hilfe.<\/p>\n","protected":false},"excerpt":{"rendered":"<ul>\n<li>Ropinirol Rezeptbehandlung f\u00fcr m\u00e4\u00dfiges bis schweres Restless-Legs-Syndrom (RLS), um Beinschmerzen zu reduzieren und die Schlafqualit\u00e4t zu verbessern.<\/li>\n<li>Wirkstoff: Ropinirol<\/li>\n<li>Verwendet f\u00fcr: Behandlung von m\u00e4\u00dfigem bis schwerem Restless-Legs-Syndrom (RLS)<\/li>\n<\/ul>\n","protected":false},"featured_media":2891,"comment_status":"open","ping_status":"closed","template":"","meta":[],"product_brand":[],"product_cat":[105],"product_tag":[],"expert":[21],"class_list":{"0":"post-2889","1":"product","2":"type-product","3":"status-publish","4":"has-post-thumbnail","6":"product_cat-demenz-gehirn","7":"expert-dr-m-sharoyko","9":"first","10":"instock","11":"shipping-taxable","12":"product-type-variable"},"yoast_head":"<!-- This site is optimized with the Yoast SEO plugin v27.0 - https:\/\/yoast.com\/product\/yoast-seo-wordpress\/ -->\n<title>Ropinirol | Hilfe bei Restless-Legs - Transtoyou<\/title>\n<meta name=\"description\" content=\"Ropinirol-Informationen und -Anleitungen von Transtoyou: Erfahre, wie dieses rezeptpflichtige Medikament bei bestimmten Erkrankungen unterst\u00fctzt.\" \/>\n<meta name=\"robots\" content=\"noindex, follow, max-snippet:-1, max-image-preview:large, max-video-preview:-1\" \/>\n<meta property=\"og:locale\" content=\"de_DE\" \/>\n<meta property=\"og:type\" content=\"article\" \/>\n<meta property=\"og:title\" content=\"Ropinirol | Hilfe bei Restless-Legs - Transtoyou\" \/>\n<meta property=\"og:description\" content=\"Ropinirol-Informationen und -Anleitungen von Transtoyou: Erfahre, wie dieses rezeptpflichtige Medikament bei bestimmten Erkrankungen unterst\u00fctzt.\" \/>\n<meta property=\"og:url\" content=\"https:\/\/www.transtoyou.com\/de\/product\/ropinirole\/\" \/>\n<meta property=\"og:site_name\" content=\"Transtoyou - DE\" \/>\n<meta property=\"article:modified_time\" content=\"2026-03-11T07:17:51+00:00\" \/>\n<meta name=\"twitter:card\" content=\"summary_large_image\" \/>\n<meta name=\"twitter:label1\" content=\"Gesch\u00e4tzte Lesezeit\" \/>\n\t<meta name=\"twitter:data1\" content=\"4\u00a0Minuten\" \/>\n<script type=\"application\/ld+json\" class=\"yoast-schema-graph\">{\"@context\":\"https:\/\/schema.org\",\"@graph\":[{\"@type\":\"WebPage\",\"@id\":\"https:\/\/www.transtoyou.com\/de\/product\/ropinirole\/\",\"url\":\"https:\/\/www.transtoyou.com\/de\/product\/ropinirole\/\",\"name\":\"Ropinirol | Hilfe bei Restless-Legs - Transtoyou\",\"isPartOf\":{\"@id\":\"https:\/\/www.transtoyou.com\/de\/#website\"},\"primaryImageOfPage\":{\"@id\":\"https:\/\/www.transtoyou.com\/de\/product\/ropinirole\/#primaryimage\"},\"image\":{\"@id\":\"https:\/\/www.transtoyou.com\/de\/product\/ropinirole\/#primaryimage\"},\"thumbnailUrl\":\"https:\/\/www.transtoyou.com\/de\/wp-content\/uploads\/sites\/4\/2026\/03\/tty-no-product-image-5.webp\",\"datePublished\":\"2026-03-03T11:35:25+00:00\",\"dateModified\":\"2026-03-11T07:17:51+00:00\",\"description\":\"Ropinirol-Informationen und -Anleitungen von Transtoyou: Erfahre, wie dieses rezeptpflichtige Medikament bei bestimmten Erkrankungen unterst\u00fctzt.\",\"breadcrumb\":{\"@id\":\"https:\/\/www.transtoyou.com\/de\/product\/ropinirole\/#breadcrumb\"},\"inLanguage\":\"de\",\"potentialAction\":[{\"@type\":\"ReadAction\",\"target\":[\"https:\/\/www.transtoyou.com\/de\/product\/ropinirole\/\"]}]},{\"@type\":\"ImageObject\",\"inLanguage\":\"de\",\"@id\":\"https:\/\/www.transtoyou.com\/de\/product\/ropinirole\/#primaryimage\",\"url\":\"https:\/\/www.transtoyou.com\/de\/wp-content\/uploads\/sites\/4\/2026\/03\/tty-no-product-image-5.webp\",\"contentUrl\":\"https:\/\/www.transtoyou.com\/de\/wp-content\/uploads\/sites\/4\/2026\/03\/tty-no-product-image-5.webp\",\"width\":1000,\"height\":1000,\"caption\":\"Standardproduktbild\"},{\"@type\":\"WebSite\",\"@id\":\"https:\/\/www.transtoyou.com\/de\/#website\",\"url\":\"https:\/\/www.transtoyou.com\/de\/\",\"name\":\"Transtoyou - DE\",\"description\":\"DE\",\"publisher\":{\"@id\":\"https:\/\/www.transtoyou.com\/de\/#organization\"},\"potentialAction\":[{\"@type\":\"SearchAction\",\"target\":{\"@type\":\"EntryPoint\",\"urlTemplate\":\"https:\/\/www.transtoyou.com\/de\/?s={search_term_string}\"},\"query-input\":{\"@type\":\"PropertyValueSpecification\",\"valueRequired\":true,\"valueName\":\"search_term_string\"}}],\"inLanguage\":\"de\"},{\"@type\":\"Organization\",\"@id\":\"https:\/\/www.transtoyou.com\/de\/#organization\",\"name\":\"Transtoyou - DE\",\"url\":\"https:\/\/www.transtoyou.com\/de\/\",\"logo\":{\"@type\":\"ImageObject\",\"inLanguage\":\"de\",\"@id\":\"https:\/\/www.transtoyou.com\/de\/#\/schema\/logo\/image\/\",\"url\":\"https:\/\/www.transtoyou.com\/de\/wp-content\/uploads\/sites\/4\/2026\/01\/logo-tty-menu-bar-300x87-1.webp\",\"contentUrl\":\"https:\/\/www.transtoyou.com\/de\/wp-content\/uploads\/sites\/4\/2026\/01\/logo-tty-menu-bar-300x87-1.webp\",\"width\":300,\"height\":87,\"caption\":\"Transtoyou - DE\"},\"image\":{\"@id\":\"https:\/\/www.transtoyou.com\/de\/#\/schema\/logo\/image\/\"}}]}<\/script>\n<!-- \/ Yoast SEO plugin. -->","yoast_head_json":{"title":"Ropinirol | Hilfe bei Restless-Legs - Transtoyou","description":"Ropinirol-Informationen und -Anleitungen von Transtoyou: Erfahre, wie dieses rezeptpflichtige Medikament bei bestimmten Erkrankungen unterst\u00fctzt.","robots":{"index":"noindex","follow":"follow","max-snippet":"max-snippet:-1","max-image-preview":"max-image-preview:large","max-video-preview":"max-video-preview:-1"},"og_locale":"de_DE","og_type":"article","og_title":"Ropinirol | Hilfe bei Restless-Legs - Transtoyou","og_description":"Ropinirol-Informationen und -Anleitungen von Transtoyou: Erfahre, wie dieses rezeptpflichtige Medikament bei bestimmten Erkrankungen unterst\u00fctzt.","og_url":"https:\/\/www.transtoyou.com\/de\/product\/ropinirole\/","og_site_name":"Transtoyou - DE","article_modified_time":"2026-03-11T07:17:51+00:00","twitter_card":"summary_large_image","twitter_misc":{"Gesch\u00e4tzte Lesezeit":"4\u00a0Minuten"},"schema":{"@context":"https:\/\/schema.org","@graph":[{"@type":"WebPage","@id":"https:\/\/www.transtoyou.com\/de\/product\/ropinirole\/","url":"https:\/\/www.transtoyou.com\/de\/product\/ropinirole\/","name":"Ropinirol | Hilfe bei Restless-Legs - Transtoyou","isPartOf":{"@id":"https:\/\/www.transtoyou.com\/de\/#website"},"primaryImageOfPage":{"@id":"https:\/\/www.transtoyou.com\/de\/product\/ropinirole\/#primaryimage"},"image":{"@id":"https:\/\/www.transtoyou.com\/de\/product\/ropinirole\/#primaryimage"},"thumbnailUrl":"https:\/\/www.transtoyou.com\/de\/wp-content\/uploads\/sites\/4\/2026\/03\/tty-no-product-image-5.webp","datePublished":"2026-03-03T11:35:25+00:00","dateModified":"2026-03-11T07:17:51+00:00","description":"Ropinirol-Informationen und -Anleitungen von Transtoyou: Erfahre, wie dieses rezeptpflichtige Medikament bei bestimmten Erkrankungen unterst\u00fctzt.","breadcrumb":{"@id":"https:\/\/www.transtoyou.com\/de\/product\/ropinirole\/#breadcrumb"},"inLanguage":"de","potentialAction":[{"@type":"ReadAction","target":["https:\/\/www.transtoyou.com\/de\/product\/ropinirole\/"]}]},{"@type":"ImageObject","inLanguage":"de","@id":"https:\/\/www.transtoyou.com\/de\/product\/ropinirole\/#primaryimage","url":"https:\/\/www.transtoyou.com\/de\/wp-content\/uploads\/sites\/4\/2026\/03\/tty-no-product-image-5.webp","contentUrl":"https:\/\/www.transtoyou.com\/de\/wp-content\/uploads\/sites\/4\/2026\/03\/tty-no-product-image-5.webp","width":1000,"height":1000,"caption":"Standardproduktbild"},{"@type":"WebSite","@id":"https:\/\/www.transtoyou.com\/de\/#website","url":"https:\/\/www.transtoyou.com\/de\/","name":"Transtoyou - DE","description":"DE","publisher":{"@id":"https:\/\/www.transtoyou.com\/de\/#organization"},"potentialAction":[{"@type":"SearchAction","target":{"@type":"EntryPoint","urlTemplate":"https:\/\/www.transtoyou.com\/de\/?s={search_term_string}"},"query-input":{"@type":"PropertyValueSpecification","valueRequired":true,"valueName":"search_term_string"}}],"inLanguage":"de"},{"@type":"Organization","@id":"https:\/\/www.transtoyou.com\/de\/#organization","name":"Transtoyou - DE","url":"https:\/\/www.transtoyou.com\/de\/","logo":{"@type":"ImageObject","inLanguage":"de","@id":"https:\/\/www.transtoyou.com\/de\/#\/schema\/logo\/image\/","url":"https:\/\/www.transtoyou.com\/de\/wp-content\/uploads\/sites\/4\/2026\/01\/logo-tty-menu-bar-300x87-1.webp","contentUrl":"https:\/\/www.transtoyou.com\/de\/wp-content\/uploads\/sites\/4\/2026\/01\/logo-tty-menu-bar-300x87-1.webp","width":300,"height":87,"caption":"Transtoyou - DE"},"image":{"@id":"https:\/\/www.transtoyou.com\/de\/#\/schema\/logo\/image\/"}}]}},"_links":{"self":[{"href":"https:\/\/www.transtoyou.com\/de\/wp-json\/wp\/v2\/product\/2889","targetHints":{"allow":["GET"]}}],"collection":[{"href":"https:\/\/www.transtoyou.com\/de\/wp-json\/wp\/v2\/product"}],"about":[{"href":"https:\/\/www.transtoyou.com\/de\/wp-json\/wp\/v2\/types\/product"}],"replies":[{"embeddable":true,"href":"https:\/\/www.transtoyou.com\/de\/wp-json\/wp\/v2\/comments?post=2889"}],"wp:featuredmedia":[{"embeddable":true,"href":"https:\/\/www.transtoyou.com\/de\/wp-json\/wp\/v2\/media\/2891"}],"wp:attachment":[{"href":"https:\/\/www.transtoyou.com\/de\/wp-json\/wp\/v2\/media?parent=2889"}],"wp:term":[{"taxonomy":"product_brand","embeddable":true,"href":"https:\/\/www.transtoyou.com\/de\/wp-json\/wp\/v2\/product_brand?post=2889"},{"taxonomy":"product_cat","embeddable":true,"href":"https:\/\/www.transtoyou.com\/de\/wp-json\/wp\/v2\/product_cat?post=2889"},{"taxonomy":"product_tag","embeddable":true,"href":"https:\/\/www.transtoyou.com\/de\/wp-json\/wp\/v2\/product_tag?post=2889"},{"taxonomy":"expert","embeddable":true,"href":"https:\/\/www.transtoyou.com\/de\/wp-json\/wp\/v2\/expert?post=2889"}],"curies":[{"name":"wp","href":"https:\/\/api.w.org\/{rel}","templated":true}]}}