{"id":2936,"date":"2026-03-05T12:24:03","date_gmt":"2026-03-05T10:24:03","guid":{"rendered":"https:\/\/www.transtoyou.com\/de\/product\/simvastatin\/"},"modified":"2026-03-05T12:24:41","modified_gmt":"2026-03-05T10:24:41","slug":"simvastatin","status":"publish","type":"product","link":"https:\/\/www.transtoyou.com\/de\/product\/simvastatin\/","title":{"rendered":"Simvastatin"},"content":{"rendered":"<p>Simvastatin ist ein Medikament, das hilft, hohe Cholesterinwerte zu verwalten, eine h\u00e4ufige Erkrankung, die das Risiko von Herz-Kreislauf-Erkrankungen erh\u00f6hen kann. Es geh\u00f6rt zu einer Gruppe von Medikamenten, die Statine genannt werden, und wirkt, indem es die Produktion von Cholesterin in der Leber reduziert, wobei es speziell auf das Low-Density-Lipoprotein (LDL) abzielt, das oft als \u201eschlechtes\u201c Cholesterin bezeichnet wird. Es hilft auch, die Werte des High-Density-Lipoproteins (HDL), oder \u201eguten\u201c Cholesterins, zu erh\u00f6hen und senkt die Triglyceride, eine Art von Fett im Blut.<\/p>\n<p>Dieses Medikament spielt eine entscheidende Rolle bei der Vorbeugung von Herzinfarkten, Schlaganf\u00e4llen und anderen Komplikationen im Zusammenhang mit Atherosklerose, einer Erkrankung, bei der Cholesterinablagerungen sich an den W\u00e4nden der Arterien ansammeln. Simvastatin wird typischerweise f\u00fcr Personen mit erh\u00f6htem Cholesterin, f\u00fcr diejenigen mit einer Vorgeschichte von Herz-Kreislauf-Ereignissen oder f\u00fcr Menschen mit hohem Risiko aufgrund von Faktoren wie Diabetes, Rauchen oder Bluthochdruck oder einer famili\u00e4ren Vorgeschichte von Herzkrankheiten verschrieben.<\/p>\n<p>Simvastatin wird normalerweise einmal t\u00e4glich am Abend eingenommen, da der K\u00f6rper nachts mehr Cholesterin produziert. Es ist in Tablettenform erh\u00e4ltlich und kommt in verschiedenen St\u00e4rken, abh\u00e4ngig von den Cholesterinwerten und dem allgemeinen Gesundheitsprofil des Einzelnen.<\/p>\n<p>Patienten, die Simvastatin einnehmen, wird in der Regel geraten, regelm\u00e4\u00dfige Blutuntersuchungen durchzuf\u00fchren, um die Leberfunktion und die Cholesterinwerte zu \u00fcberwachen. Das Medikament wird von den meisten Menschen gut vertragen, obwohl einige leichte Muskelschmerzen oder Verdauungsbeschwerden erfahren k\u00f6nnen. In seltenen F\u00e4llen k\u00f6nnen ernsthafte Erkrankungen wie Rhabdomyolyse (schwere Muskelzerst\u00f6rung) oder Leberverletzungen auftreten.<\/p>\n","protected":false},"excerpt":{"rendered":"<ul>\n<li>Reduziert LDL (schlechtes) Cholesterin<\/li>\n<li>Unterst\u00fctzt die Gesundheit von Herz und Arterien<\/li>\n<li>Einmal t\u00e4glich orale Behandlung<\/li>\n<\/ul>\n","protected":false},"featured_media":2940,"comment_status":"open","ping_status":"closed","template":"","meta":[],"product_brand":[],"product_cat":[95],"product_tag":[],"expert":[21],"class_list":{"0":"post-2936","1":"product","2":"type-product","3":"status-publish","4":"has-post-thumbnail","6":"product_cat-cholesterin-kontrolle","7":"expert-dr-m-sharoyko","9":"first","10":"instock","11":"shipping-taxable","12":"product-type-variable"},"yoast_head":"<!-- This site is optimized with the Yoast SEO plugin v27.0 - https:\/\/yoast.com\/product\/yoast-seo-wordpress\/ -->\n<title>Simvastatin | Cholesterin Unterst\u00fctzungsl\u00f6sung - Transtoyou<\/title>\n<meta name=\"description\" content=\"Entdecke Simvastatin bei Transtoyou, eine vertrauensw\u00fcrdige L\u00f6sung zur Cholesterinregulierung. Jetzt verf\u00fcgbar f\u00fcr zuverl\u00e4ssige Herzgesundheit. Kaufe heute ein!\" \/>\n<meta name=\"robots\" content=\"noindex, follow, max-snippet:-1, max-image-preview:large, max-video-preview:-1\" \/>\n<meta property=\"og:locale\" content=\"de_DE\" \/>\n<meta property=\"og:type\" content=\"article\" \/>\n<meta property=\"og:title\" content=\"Simvastatin | Cholesterin Unterst\u00fctzungsl\u00f6sung - Transtoyou\" \/>\n<meta property=\"og:description\" content=\"Entdecke Simvastatin bei Transtoyou, eine vertrauensw\u00fcrdige L\u00f6sung zur Cholesterinregulierung. Jetzt verf\u00fcgbar f\u00fcr zuverl\u00e4ssige Herzgesundheit. Kaufe heute ein!\" \/>\n<meta property=\"og:url\" content=\"https:\/\/www.transtoyou.com\/de\/product\/simvastatin\/\" \/>\n<meta property=\"og:site_name\" content=\"Transtoyou - DE\" \/>\n<meta property=\"article:modified_time\" content=\"2026-03-05T10:24:41+00:00\" \/>\n<meta name=\"twitter:card\" content=\"summary_large_image\" \/>\n<meta name=\"twitter:label1\" content=\"Gesch\u00e4tzte Lesezeit\" \/>\n\t<meta name=\"twitter:data1\" content=\"1\u00a0Minute\" \/>\n<script type=\"application\/ld+json\" class=\"yoast-schema-graph\">{\"@context\":\"https:\/\/schema.org\",\"@graph\":[{\"@type\":\"WebPage\",\"@id\":\"https:\/\/www.transtoyou.com\/de\/product\/simvastatin\/\",\"url\":\"https:\/\/www.transtoyou.com\/de\/product\/simvastatin\/\",\"name\":\"Simvastatin | Cholesterin Unterst\u00fctzungsl\u00f6sung - Transtoyou\",\"isPartOf\":{\"@id\":\"https:\/\/www.transtoyou.com\/de\/#website\"},\"primaryImageOfPage\":{\"@id\":\"https:\/\/www.transtoyou.com\/de\/product\/simvastatin\/#primaryimage\"},\"image\":{\"@id\":\"https:\/\/www.transtoyou.com\/de\/product\/simvastatin\/#primaryimage\"},\"thumbnailUrl\":\"https:\/\/www.transtoyou.com\/de\/wp-content\/uploads\/sites\/4\/2026\/03\/tty-no-product-image-6.webp\",\"datePublished\":\"2026-03-05T10:24:03+00:00\",\"dateModified\":\"2026-03-05T10:24:41+00:00\",\"description\":\"Entdecke Simvastatin bei Transtoyou, eine vertrauensw\u00fcrdige L\u00f6sung zur Cholesterinregulierung. Jetzt verf\u00fcgbar f\u00fcr zuverl\u00e4ssige Herzgesundheit. Kaufe heute ein!\",\"breadcrumb\":{\"@id\":\"https:\/\/www.transtoyou.com\/de\/product\/simvastatin\/#breadcrumb\"},\"inLanguage\":\"de\",\"potentialAction\":[{\"@type\":\"ReadAction\",\"target\":[\"https:\/\/www.transtoyou.com\/de\/product\/simvastatin\/\"]}]},{\"@type\":\"ImageObject\",\"inLanguage\":\"de\",\"@id\":\"https:\/\/www.transtoyou.com\/de\/product\/simvastatin\/#primaryimage\",\"url\":\"https:\/\/www.transtoyou.com\/de\/wp-content\/uploads\/sites\/4\/2026\/03\/tty-no-product-image-6.webp\",\"contentUrl\":\"https:\/\/www.transtoyou.com\/de\/wp-content\/uploads\/sites\/4\/2026\/03\/tty-no-product-image-6.webp\",\"width\":1000,\"height\":1000,\"caption\":\"Standardproduktbild\"},{\"@type\":\"WebSite\",\"@id\":\"https:\/\/www.transtoyou.com\/de\/#website\",\"url\":\"https:\/\/www.transtoyou.com\/de\/\",\"name\":\"Transtoyou - DE\",\"description\":\"DE\",\"publisher\":{\"@id\":\"https:\/\/www.transtoyou.com\/de\/#organization\"},\"potentialAction\":[{\"@type\":\"SearchAction\",\"target\":{\"@type\":\"EntryPoint\",\"urlTemplate\":\"https:\/\/www.transtoyou.com\/de\/?s={search_term_string}\"},\"query-input\":{\"@type\":\"PropertyValueSpecification\",\"valueRequired\":true,\"valueName\":\"search_term_string\"}}],\"inLanguage\":\"de\"},{\"@type\":\"Organization\",\"@id\":\"https:\/\/www.transtoyou.com\/de\/#organization\",\"name\":\"Transtoyou - DE\",\"url\":\"https:\/\/www.transtoyou.com\/de\/\",\"logo\":{\"@type\":\"ImageObject\",\"inLanguage\":\"de\",\"@id\":\"https:\/\/www.transtoyou.com\/de\/#\/schema\/logo\/image\/\",\"url\":\"https:\/\/www.transtoyou.com\/de\/wp-content\/uploads\/sites\/4\/2026\/01\/logo-tty-menu-bar-300x87-1.webp\",\"contentUrl\":\"https:\/\/www.transtoyou.com\/de\/wp-content\/uploads\/sites\/4\/2026\/01\/logo-tty-menu-bar-300x87-1.webp\",\"width\":300,\"height\":87,\"caption\":\"Transtoyou - DE\"},\"image\":{\"@id\":\"https:\/\/www.transtoyou.com\/de\/#\/schema\/logo\/image\/\"}}]}<\/script>\n<!-- \/ Yoast SEO plugin. -->","yoast_head_json":{"title":"Simvastatin | Cholesterin Unterst\u00fctzungsl\u00f6sung - Transtoyou","description":"Entdecke Simvastatin bei Transtoyou, eine vertrauensw\u00fcrdige L\u00f6sung zur Cholesterinregulierung. Jetzt verf\u00fcgbar f\u00fcr zuverl\u00e4ssige Herzgesundheit. Kaufe heute ein!","robots":{"index":"noindex","follow":"follow","max-snippet":"max-snippet:-1","max-image-preview":"max-image-preview:large","max-video-preview":"max-video-preview:-1"},"og_locale":"de_DE","og_type":"article","og_title":"Simvastatin | Cholesterin Unterst\u00fctzungsl\u00f6sung - Transtoyou","og_description":"Entdecke Simvastatin bei Transtoyou, eine vertrauensw\u00fcrdige L\u00f6sung zur Cholesterinregulierung. Jetzt verf\u00fcgbar f\u00fcr zuverl\u00e4ssige Herzgesundheit. Kaufe heute ein!","og_url":"https:\/\/www.transtoyou.com\/de\/product\/simvastatin\/","og_site_name":"Transtoyou - DE","article_modified_time":"2026-03-05T10:24:41+00:00","twitter_card":"summary_large_image","twitter_misc":{"Gesch\u00e4tzte Lesezeit":"1\u00a0Minute"},"schema":{"@context":"https:\/\/schema.org","@graph":[{"@type":"WebPage","@id":"https:\/\/www.transtoyou.com\/de\/product\/simvastatin\/","url":"https:\/\/www.transtoyou.com\/de\/product\/simvastatin\/","name":"Simvastatin | Cholesterin Unterst\u00fctzungsl\u00f6sung - Transtoyou","isPartOf":{"@id":"https:\/\/www.transtoyou.com\/de\/#website"},"primaryImageOfPage":{"@id":"https:\/\/www.transtoyou.com\/de\/product\/simvastatin\/#primaryimage"},"image":{"@id":"https:\/\/www.transtoyou.com\/de\/product\/simvastatin\/#primaryimage"},"thumbnailUrl":"https:\/\/www.transtoyou.com\/de\/wp-content\/uploads\/sites\/4\/2026\/03\/tty-no-product-image-6.webp","datePublished":"2026-03-05T10:24:03+00:00","dateModified":"2026-03-05T10:24:41+00:00","description":"Entdecke Simvastatin bei Transtoyou, eine vertrauensw\u00fcrdige L\u00f6sung zur Cholesterinregulierung. Jetzt verf\u00fcgbar f\u00fcr zuverl\u00e4ssige Herzgesundheit. Kaufe heute ein!","breadcrumb":{"@id":"https:\/\/www.transtoyou.com\/de\/product\/simvastatin\/#breadcrumb"},"inLanguage":"de","potentialAction":[{"@type":"ReadAction","target":["https:\/\/www.transtoyou.com\/de\/product\/simvastatin\/"]}]},{"@type":"ImageObject","inLanguage":"de","@id":"https:\/\/www.transtoyou.com\/de\/product\/simvastatin\/#primaryimage","url":"https:\/\/www.transtoyou.com\/de\/wp-content\/uploads\/sites\/4\/2026\/03\/tty-no-product-image-6.webp","contentUrl":"https:\/\/www.transtoyou.com\/de\/wp-content\/uploads\/sites\/4\/2026\/03\/tty-no-product-image-6.webp","width":1000,"height":1000,"caption":"Standardproduktbild"},{"@type":"WebSite","@id":"https:\/\/www.transtoyou.com\/de\/#website","url":"https:\/\/www.transtoyou.com\/de\/","name":"Transtoyou - DE","description":"DE","publisher":{"@id":"https:\/\/www.transtoyou.com\/de\/#organization"},"potentialAction":[{"@type":"SearchAction","target":{"@type":"EntryPoint","urlTemplate":"https:\/\/www.transtoyou.com\/de\/?s={search_term_string}"},"query-input":{"@type":"PropertyValueSpecification","valueRequired":true,"valueName":"search_term_string"}}],"inLanguage":"de"},{"@type":"Organization","@id":"https:\/\/www.transtoyou.com\/de\/#organization","name":"Transtoyou - DE","url":"https:\/\/www.transtoyou.com\/de\/","logo":{"@type":"ImageObject","inLanguage":"de","@id":"https:\/\/www.transtoyou.com\/de\/#\/schema\/logo\/image\/","url":"https:\/\/www.transtoyou.com\/de\/wp-content\/uploads\/sites\/4\/2026\/01\/logo-tty-menu-bar-300x87-1.webp","contentUrl":"https:\/\/www.transtoyou.com\/de\/wp-content\/uploads\/sites\/4\/2026\/01\/logo-tty-menu-bar-300x87-1.webp","width":300,"height":87,"caption":"Transtoyou - DE"},"image":{"@id":"https:\/\/www.transtoyou.com\/de\/#\/schema\/logo\/image\/"}}]}},"_links":{"self":[{"href":"https:\/\/www.transtoyou.com\/de\/wp-json\/wp\/v2\/product\/2936","targetHints":{"allow":["GET"]}}],"collection":[{"href":"https:\/\/www.transtoyou.com\/de\/wp-json\/wp\/v2\/product"}],"about":[{"href":"https:\/\/www.transtoyou.com\/de\/wp-json\/wp\/v2\/types\/product"}],"replies":[{"embeddable":true,"href":"https:\/\/www.transtoyou.com\/de\/wp-json\/wp\/v2\/comments?post=2936"}],"wp:featuredmedia":[{"embeddable":true,"href":"https:\/\/www.transtoyou.com\/de\/wp-json\/wp\/v2\/media\/2940"}],"wp:attachment":[{"href":"https:\/\/www.transtoyou.com\/de\/wp-json\/wp\/v2\/media?parent=2936"}],"wp:term":[{"taxonomy":"product_brand","embeddable":true,"href":"https:\/\/www.transtoyou.com\/de\/wp-json\/wp\/v2\/product_brand?post=2936"},{"taxonomy":"product_cat","embeddable":true,"href":"https:\/\/www.transtoyou.com\/de\/wp-json\/wp\/v2\/product_cat?post=2936"},{"taxonomy":"product_tag","embeddable":true,"href":"https:\/\/www.transtoyou.com\/de\/wp-json\/wp\/v2\/product_tag?post=2936"},{"taxonomy":"expert","embeddable":true,"href":"https:\/\/www.transtoyou.com\/de\/wp-json\/wp\/v2\/expert?post=2936"}],"curies":[{"name":"wp","href":"https:\/\/api.w.org\/{rel}","templated":true}]}}