{"id":747,"date":"2026-01-22T15:01:00","date_gmt":"2026-01-22T13:01:00","guid":{"rendered":"https:\/\/www.transtoyou.com\/de\/product\/ivermectin\/"},"modified":"2026-02-20T13:09:43","modified_gmt":"2026-02-20T11:09:43","slug":"ivermectin","status":"publish","type":"product","link":"https:\/\/www.transtoyou.com\/de\/product\/ivermectin\/","title":{"rendered":"Ivermectin"},"content":{"rendered":"<p>Ivermectin ist ein orales antiparasit\u00e4res Medikament, das zur Behandlung einer Reihe von parasit\u00e4ren Infektionen eingesetzt wird, einschlie\u00dflich Kr\u00e4tze, bestimmten Darmw\u00fcrmern und anderen parasit\u00e4ren Erkrankungen.<\/p>\n<p>Bei Kr\u00e4tze wird Ivermectin h\u00e4ufig verschrieben, wenn topische Behandlungen wie Permethrin unwirksam oder unpraktisch sind. Dazu geh\u00f6ren weit verbreitete Infektionen, geschuppte Kr\u00e4tze oder Patienten, die Schwierigkeiten haben, Cremes aufzutragen. Es wirkt, indem es das Nervensystem der Milben angreift, was typischerweise zu L\u00e4hmung und Tod der Parasiten und ihrer Larven f\u00fchrt. Die Behandlung umfasst normalerweise eine Dosis, gefolgt von einer weiteren nach 1\u20132 Wochen, um verbleibende Parasiten zu beseitigen.<\/p>\n<p>Bei parasit\u00e4ren Infektionen wie Strongyloidiasis oder Onchozerkose st\u00f6rt Ivermectin das Nervensystem des Parasiten, unterbricht die Neurotransmission und hilft, die Infektion zu beseitigen. Es wird h\u00e4ufig in \u00f6ffentlichen Gesundheitskampagnen in endemischen Gebieten aufgrund seiner breiten Wirksamkeit und Sicherheitsprofil eingesetzt.<\/p>\n<p>Ivermectin wird in der Regel gut unter medizinischer Aufsicht vertragen. Leichte Nebenwirkungen wie Kopfschmerzen, Schwindel, \u00dcbelkeit oder Hautausschlag k\u00f6nnen auftreten. Bei Personen mit einer hohen Parasitenlast k\u00f6nnen die Symptome vor\u00fcbergehend aufgrund der entz\u00fcndlichen Reaktion des K\u00f6rpers auf sterbende Parasiten intensiver werden.<\/p>\n","protected":false},"excerpt":{"rendered":"<ul>\n<li>Orale antiparasit\u00e4re Behandlung<\/li>\n<li>Wirksam gegen Milben und W\u00fcrmer<\/li>\n<li>Wird eingesetzt, wenn topische Mittel versagen<\/li>\n<\/ul>\n","protected":false},"featured_media":749,"comment_status":"open","ping_status":"closed","template":"","meta":[],"product_brand":[],"product_cat":[164,158,163,183],"product_tag":[],"expert":[19],"class_list":{"0":"post-747","1":"product","2":"type-product","3":"status-publish","4":"has-post-thumbnail","6":"product_cat-kratze","7":"product_cat-parasiten","8":"product_cat-rosazea","9":"product_cat-wurmer","10":"expert-dr-j-vazquez","12":"first","13":"instock","14":"shipping-taxable","15":"product-type-variable"},"yoast_head":"<!-- This site is optimized with the Yoast SEO plugin v27.0 - https:\/\/yoast.com\/product\/yoast-seo-wordpress\/ -->\n<title>Ivermectin | Wirksam gegen Kr\u00e4tze &amp; Parasiten - Transtoyou<\/title>\n<meta name=\"description\" content=\"Entdecke, wie Ivermectin Kr\u00e4tze, W\u00fcrmer und parasit\u00e4re Infektionen behandelt. Hol dir dein Produkt schnell und diskret mit einem Rezept.\" \/>\n<meta name=\"robots\" content=\"noindex, follow, max-snippet:-1, max-image-preview:large, max-video-preview:-1\" \/>\n<meta property=\"og:locale\" content=\"de_DE\" \/>\n<meta property=\"og:type\" content=\"article\" \/>\n<meta property=\"og:title\" content=\"Ivermectin | Wirksam gegen Kr\u00e4tze &amp; Parasiten - Transtoyou\" \/>\n<meta property=\"og:description\" content=\"Entdecke, wie Ivermectin Kr\u00e4tze, W\u00fcrmer und parasit\u00e4re Infektionen behandelt. Hol dir dein Produkt schnell und diskret mit einem Rezept.\" \/>\n<meta property=\"og:url\" content=\"https:\/\/www.transtoyou.com\/de\/product\/ivermectin\/\" \/>\n<meta property=\"og:site_name\" content=\"Transtoyou - DE\" \/>\n<meta property=\"article:modified_time\" content=\"2026-02-20T11:09:43+00:00\" \/>\n<meta name=\"twitter:card\" content=\"summary_large_image\" \/>\n<meta name=\"twitter:label1\" content=\"Gesch\u00e4tzte Lesezeit\" \/>\n\t<meta name=\"twitter:data1\" content=\"1\u00a0Minute\" \/>\n<script type=\"application\/ld+json\" class=\"yoast-schema-graph\">{\"@context\":\"https:\/\/schema.org\",\"@graph\":[{\"@type\":\"WebPage\",\"@id\":\"https:\/\/www.transtoyou.com\/de\/product\/ivermectin\/\",\"url\":\"https:\/\/www.transtoyou.com\/de\/product\/ivermectin\/\",\"name\":\"Ivermectin | Wirksam gegen Kr\u00e4tze & Parasiten - Transtoyou\",\"isPartOf\":{\"@id\":\"https:\/\/www.transtoyou.com\/de\/#website\"},\"primaryImageOfPage\":{\"@id\":\"https:\/\/www.transtoyou.com\/de\/product\/ivermectin\/#primaryimage\"},\"image\":{\"@id\":\"https:\/\/www.transtoyou.com\/de\/product\/ivermectin\/#primaryimage\"},\"thumbnailUrl\":\"https:\/\/www.transtoyou.com\/de\/wp-content\/uploads\/sites\/4\/2026\/01\/tty-no-product-image-3.webp\",\"datePublished\":\"2026-01-22T13:01:00+00:00\",\"dateModified\":\"2026-02-20T11:09:43+00:00\",\"description\":\"Entdecke, wie Ivermectin Kr\u00e4tze, W\u00fcrmer und parasit\u00e4re Infektionen behandelt. Hol dir dein Produkt schnell und diskret mit einem Rezept.\",\"breadcrumb\":{\"@id\":\"https:\/\/www.transtoyou.com\/de\/product\/ivermectin\/#breadcrumb\"},\"inLanguage\":\"de\",\"potentialAction\":[{\"@type\":\"ReadAction\",\"target\":[\"https:\/\/www.transtoyou.com\/de\/product\/ivermectin\/\"]}]},{\"@type\":\"ImageObject\",\"inLanguage\":\"de\",\"@id\":\"https:\/\/www.transtoyou.com\/de\/product\/ivermectin\/#primaryimage\",\"url\":\"https:\/\/www.transtoyou.com\/de\/wp-content\/uploads\/sites\/4\/2026\/01\/tty-no-product-image-3.webp\",\"contentUrl\":\"https:\/\/www.transtoyou.com\/de\/wp-content\/uploads\/sites\/4\/2026\/01\/tty-no-product-image-3.webp\",\"width\":1000,\"height\":1000,\"caption\":\"Standardproduktbild\"},{\"@type\":\"WebSite\",\"@id\":\"https:\/\/www.transtoyou.com\/de\/#website\",\"url\":\"https:\/\/www.transtoyou.com\/de\/\",\"name\":\"Transtoyou - DE\",\"description\":\"DE\",\"publisher\":{\"@id\":\"https:\/\/www.transtoyou.com\/de\/#organization\"},\"potentialAction\":[{\"@type\":\"SearchAction\",\"target\":{\"@type\":\"EntryPoint\",\"urlTemplate\":\"https:\/\/www.transtoyou.com\/de\/?s={search_term_string}\"},\"query-input\":{\"@type\":\"PropertyValueSpecification\",\"valueRequired\":true,\"valueName\":\"search_term_string\"}}],\"inLanguage\":\"de\"},{\"@type\":\"Organization\",\"@id\":\"https:\/\/www.transtoyou.com\/de\/#organization\",\"name\":\"Transtoyou - DE\",\"url\":\"https:\/\/www.transtoyou.com\/de\/\",\"logo\":{\"@type\":\"ImageObject\",\"inLanguage\":\"de\",\"@id\":\"https:\/\/www.transtoyou.com\/de\/#\/schema\/logo\/image\/\",\"url\":\"https:\/\/www.transtoyou.com\/de\/wp-content\/uploads\/sites\/4\/2026\/01\/logo-tty-menu-bar-300x87-1.webp\",\"contentUrl\":\"https:\/\/www.transtoyou.com\/de\/wp-content\/uploads\/sites\/4\/2026\/01\/logo-tty-menu-bar-300x87-1.webp\",\"width\":300,\"height\":87,\"caption\":\"Transtoyou - DE\"},\"image\":{\"@id\":\"https:\/\/www.transtoyou.com\/de\/#\/schema\/logo\/image\/\"}}]}<\/script>\n<!-- \/ Yoast SEO plugin. -->","yoast_head_json":{"title":"Ivermectin | Wirksam gegen Kr\u00e4tze & Parasiten - Transtoyou","description":"Entdecke, wie Ivermectin Kr\u00e4tze, W\u00fcrmer und parasit\u00e4re Infektionen behandelt. Hol dir dein Produkt schnell und diskret mit einem Rezept.","robots":{"index":"noindex","follow":"follow","max-snippet":"max-snippet:-1","max-image-preview":"max-image-preview:large","max-video-preview":"max-video-preview:-1"},"og_locale":"de_DE","og_type":"article","og_title":"Ivermectin | Wirksam gegen Kr\u00e4tze & Parasiten - Transtoyou","og_description":"Entdecke, wie Ivermectin Kr\u00e4tze, W\u00fcrmer und parasit\u00e4re Infektionen behandelt. Hol dir dein Produkt schnell und diskret mit einem Rezept.","og_url":"https:\/\/www.transtoyou.com\/de\/product\/ivermectin\/","og_site_name":"Transtoyou - DE","article_modified_time":"2026-02-20T11:09:43+00:00","twitter_card":"summary_large_image","twitter_misc":{"Gesch\u00e4tzte Lesezeit":"1\u00a0Minute"},"schema":{"@context":"https:\/\/schema.org","@graph":[{"@type":"WebPage","@id":"https:\/\/www.transtoyou.com\/de\/product\/ivermectin\/","url":"https:\/\/www.transtoyou.com\/de\/product\/ivermectin\/","name":"Ivermectin | Wirksam gegen Kr\u00e4tze & Parasiten - Transtoyou","isPartOf":{"@id":"https:\/\/www.transtoyou.com\/de\/#website"},"primaryImageOfPage":{"@id":"https:\/\/www.transtoyou.com\/de\/product\/ivermectin\/#primaryimage"},"image":{"@id":"https:\/\/www.transtoyou.com\/de\/product\/ivermectin\/#primaryimage"},"thumbnailUrl":"https:\/\/www.transtoyou.com\/de\/wp-content\/uploads\/sites\/4\/2026\/01\/tty-no-product-image-3.webp","datePublished":"2026-01-22T13:01:00+00:00","dateModified":"2026-02-20T11:09:43+00:00","description":"Entdecke, wie Ivermectin Kr\u00e4tze, W\u00fcrmer und parasit\u00e4re Infektionen behandelt. Hol dir dein Produkt schnell und diskret mit einem Rezept.","breadcrumb":{"@id":"https:\/\/www.transtoyou.com\/de\/product\/ivermectin\/#breadcrumb"},"inLanguage":"de","potentialAction":[{"@type":"ReadAction","target":["https:\/\/www.transtoyou.com\/de\/product\/ivermectin\/"]}]},{"@type":"ImageObject","inLanguage":"de","@id":"https:\/\/www.transtoyou.com\/de\/product\/ivermectin\/#primaryimage","url":"https:\/\/www.transtoyou.com\/de\/wp-content\/uploads\/sites\/4\/2026\/01\/tty-no-product-image-3.webp","contentUrl":"https:\/\/www.transtoyou.com\/de\/wp-content\/uploads\/sites\/4\/2026\/01\/tty-no-product-image-3.webp","width":1000,"height":1000,"caption":"Standardproduktbild"},{"@type":"WebSite","@id":"https:\/\/www.transtoyou.com\/de\/#website","url":"https:\/\/www.transtoyou.com\/de\/","name":"Transtoyou - DE","description":"DE","publisher":{"@id":"https:\/\/www.transtoyou.com\/de\/#organization"},"potentialAction":[{"@type":"SearchAction","target":{"@type":"EntryPoint","urlTemplate":"https:\/\/www.transtoyou.com\/de\/?s={search_term_string}"},"query-input":{"@type":"PropertyValueSpecification","valueRequired":true,"valueName":"search_term_string"}}],"inLanguage":"de"},{"@type":"Organization","@id":"https:\/\/www.transtoyou.com\/de\/#organization","name":"Transtoyou - DE","url":"https:\/\/www.transtoyou.com\/de\/","logo":{"@type":"ImageObject","inLanguage":"de","@id":"https:\/\/www.transtoyou.com\/de\/#\/schema\/logo\/image\/","url":"https:\/\/www.transtoyou.com\/de\/wp-content\/uploads\/sites\/4\/2026\/01\/logo-tty-menu-bar-300x87-1.webp","contentUrl":"https:\/\/www.transtoyou.com\/de\/wp-content\/uploads\/sites\/4\/2026\/01\/logo-tty-menu-bar-300x87-1.webp","width":300,"height":87,"caption":"Transtoyou - DE"},"image":{"@id":"https:\/\/www.transtoyou.com\/de\/#\/schema\/logo\/image\/"}}]}},"_links":{"self":[{"href":"https:\/\/www.transtoyou.com\/de\/wp-json\/wp\/v2\/product\/747","targetHints":{"allow":["GET"]}}],"collection":[{"href":"https:\/\/www.transtoyou.com\/de\/wp-json\/wp\/v2\/product"}],"about":[{"href":"https:\/\/www.transtoyou.com\/de\/wp-json\/wp\/v2\/types\/product"}],"replies":[{"embeddable":true,"href":"https:\/\/www.transtoyou.com\/de\/wp-json\/wp\/v2\/comments?post=747"}],"wp:featuredmedia":[{"embeddable":true,"href":"https:\/\/www.transtoyou.com\/de\/wp-json\/wp\/v2\/media\/749"}],"wp:attachment":[{"href":"https:\/\/www.transtoyou.com\/de\/wp-json\/wp\/v2\/media?parent=747"}],"wp:term":[{"taxonomy":"product_brand","embeddable":true,"href":"https:\/\/www.transtoyou.com\/de\/wp-json\/wp\/v2\/product_brand?post=747"},{"taxonomy":"product_cat","embeddable":true,"href":"https:\/\/www.transtoyou.com\/de\/wp-json\/wp\/v2\/product_cat?post=747"},{"taxonomy":"product_tag","embeddable":true,"href":"https:\/\/www.transtoyou.com\/de\/wp-json\/wp\/v2\/product_tag?post=747"},{"taxonomy":"expert","embeddable":true,"href":"https:\/\/www.transtoyou.com\/de\/wp-json\/wp\/v2\/expert?post=747"}],"curies":[{"name":"wp","href":"https:\/\/api.w.org\/{rel}","templated":true}]}}