{"id":750,"date":"2026-01-22T15:16:09","date_gmt":"2026-01-22T13:16:09","guid":{"rendered":"https:\/\/www.transtoyou.com\/de\/product\/permethrin\/"},"modified":"2026-03-09T09:22:36","modified_gmt":"2026-03-09T07:22:36","slug":"permethrin","status":"publish","type":"product","link":"https:\/\/www.transtoyou.com\/de\/product\/permethrin\/","title":{"rendered":"Permethrin"},"content":{"rendered":"<p>Permethrin ist ein topisches Medikament, das zur Behandlung von Kr\u00e4tze entwickelt wurde, einer hoch ansteckenden Hautinfektion, die durch die Milbe Sarcoptes scabiei verursacht wird. Sie breitet sich haupts\u00e4chlich durch l\u00e4ngeren Hautkontakt aus und ist mit intensivem Juckreiz (insbesondere nachts) sowie einem roten, knubbeligen Ausschlag in Bereichen wie den Fingern, Handgelenken, Ellbogen und der Leiste verbunden.<\/p>\n<p>Permethrin geh\u00f6rt zur Klasse der synthetischen Pyrethroide und wirkt, indem es die Natriumkan\u00e4le im Nervensystem der Milben st\u00f6rt, was zu L\u00e4hmung und Tod f\u00fchrt. Es zielt sowohl auf erwachsene Milben als auch auf deren Eier ab, hilft dabei, die Infektion zu beseitigen und die durch die Immunreaktion auf die Milben verursachte Entz\u00fcndung zu reduzieren.<\/p>\n<p>Die Creme wird auf die saubere, trockene Haut vom Hals abw\u00e4rts aufgetragen, einschlie\u00dflich zwischen den Fingern\/Zehnen, unter den N\u00e4geln und um Hautfalten (z. B. Handgelenke, Ges\u00e4\u00df, Genitalien). Die Creme sollte 8 bis 14 Stunden auf der Haut verbleiben und dann gr\u00fcndlich abgewaschen werden. Eine zweite Anwendung kann nach 7 bis 14 Tagen unter medizinischer Aufsicht erforderlich sein, wenn die Symptome bestehen bleiben.<\/p>\n<p>Juckreiz nach der Behandlung ist h\u00e4ufig und kann mehrere Wochen anhalten, selbst nach erfolgreicher Ausrottung der Milben. Dies ist Teil der Immunreaktion des K\u00f6rpers und deutet nicht unbedingt auf einen Behandlungsfehler hin.<\/p>\n<p>Permethrin ist bei den meisten Patienten sicher und gut vertr\u00e4glich. Leichte Nebenwirkungen wie R\u00f6tung, Brennen oder vor\u00fcbergehender Juckreiz k\u00f6nnen auftreten und l\u00f6sen sich in der Regel ohne Eingreifen.<\/p>\n","protected":false},"excerpt":{"rendered":"<ul>\n<li>T\u00f6tet Milben und ihre Eier<\/li>\n<li>Bietet eine Erstbehandlung f\u00fcr Kr\u00e4tze<\/li>\n<li>Hilft, hartn\u00e4ckigen Juckreiz zu lindern<\/li>\n<\/ul>\n","protected":false},"featured_media":751,"comment_status":"open","ping_status":"closed","template":"","meta":[],"product_brand":[],"product_cat":[164,158],"product_tag":[],"expert":[19],"class_list":{"0":"post-750","1":"product","2":"type-product","3":"status-publish","4":"has-post-thumbnail","6":"product_cat-kratze","7":"product_cat-parasiten","8":"expert-dr-j-vazquez","10":"first","11":"outofstock","12":"shipping-taxable","13":"product-type-simple"},"yoast_head":"<!-- This site is optimized with the Yoast SEO plugin v27.0 - https:\/\/yoast.com\/product\/yoast-seo-wordpress\/ -->\n<title>Permethrin | Beruhige Deine Haut Heute - Transtoyou<\/title>\n<meta name=\"description\" content=\"Entdecke Permethrin, eine bew\u00e4hrte L\u00f6sung gegen Kr\u00e4tze. Jetzt bei Transtoyou f\u00fcr zuverl\u00e4ssige Linderung und einfachen Kauf erh\u00e4ltlich.\" \/>\n<meta name=\"robots\" content=\"noindex, follow, max-snippet:-1, max-image-preview:large, max-video-preview:-1\" \/>\n<meta property=\"og:locale\" content=\"de_DE\" \/>\n<meta property=\"og:type\" content=\"article\" \/>\n<meta property=\"og:title\" content=\"Permethrin | Beruhige Deine Haut Heute - Transtoyou\" \/>\n<meta property=\"og:description\" content=\"Entdecke Permethrin, eine bew\u00e4hrte L\u00f6sung gegen Kr\u00e4tze. Jetzt bei Transtoyou f\u00fcr zuverl\u00e4ssige Linderung und einfachen Kauf erh\u00e4ltlich.\" \/>\n<meta property=\"og:url\" content=\"https:\/\/www.transtoyou.com\/de\/product\/permethrin\/\" \/>\n<meta property=\"og:site_name\" content=\"Transtoyou - DE\" \/>\n<meta property=\"article:modified_time\" content=\"2026-03-09T07:22:36+00:00\" \/>\n<meta name=\"twitter:card\" content=\"summary_large_image\" \/>\n<meta name=\"twitter:label1\" content=\"Gesch\u00e4tzte Lesezeit\" \/>\n\t<meta name=\"twitter:data1\" content=\"1\u00a0Minute\" \/>\n<script type=\"application\/ld+json\" class=\"yoast-schema-graph\">{\"@context\":\"https:\/\/schema.org\",\"@graph\":[{\"@type\":\"WebPage\",\"@id\":\"https:\/\/www.transtoyou.com\/de\/product\/permethrin\/\",\"url\":\"https:\/\/www.transtoyou.com\/de\/product\/permethrin\/\",\"name\":\"Permethrin | Beruhige Deine Haut Heute - Transtoyou\",\"isPartOf\":{\"@id\":\"https:\/\/www.transtoyou.com\/de\/#website\"},\"primaryImageOfPage\":{\"@id\":\"https:\/\/www.transtoyou.com\/de\/product\/permethrin\/#primaryimage\"},\"image\":{\"@id\":\"https:\/\/www.transtoyou.com\/de\/product\/permethrin\/#primaryimage\"},\"thumbnailUrl\":\"https:\/\/www.transtoyou.com\/de\/wp-content\/uploads\/sites\/4\/2026\/01\/tty-no-product-image-4.webp\",\"datePublished\":\"2026-01-22T13:16:09+00:00\",\"dateModified\":\"2026-03-09T07:22:36+00:00\",\"description\":\"Entdecke Permethrin, eine bew\u00e4hrte L\u00f6sung gegen Kr\u00e4tze. Jetzt bei Transtoyou f\u00fcr zuverl\u00e4ssige Linderung und einfachen Kauf erh\u00e4ltlich.\",\"breadcrumb\":{\"@id\":\"https:\/\/www.transtoyou.com\/de\/product\/permethrin\/#breadcrumb\"},\"inLanguage\":\"de\",\"potentialAction\":[{\"@type\":\"ReadAction\",\"target\":[\"https:\/\/www.transtoyou.com\/de\/product\/permethrin\/\"]}]},{\"@type\":\"ImageObject\",\"inLanguage\":\"de\",\"@id\":\"https:\/\/www.transtoyou.com\/de\/product\/permethrin\/#primaryimage\",\"url\":\"https:\/\/www.transtoyou.com\/de\/wp-content\/uploads\/sites\/4\/2026\/01\/tty-no-product-image-4.webp\",\"contentUrl\":\"https:\/\/www.transtoyou.com\/de\/wp-content\/uploads\/sites\/4\/2026\/01\/tty-no-product-image-4.webp\",\"width\":1000,\"height\":1000,\"caption\":\"Standardproduktbild\"},{\"@type\":\"WebSite\",\"@id\":\"https:\/\/www.transtoyou.com\/de\/#website\",\"url\":\"https:\/\/www.transtoyou.com\/de\/\",\"name\":\"Transtoyou - DE\",\"description\":\"DE\",\"publisher\":{\"@id\":\"https:\/\/www.transtoyou.com\/de\/#organization\"},\"potentialAction\":[{\"@type\":\"SearchAction\",\"target\":{\"@type\":\"EntryPoint\",\"urlTemplate\":\"https:\/\/www.transtoyou.com\/de\/?s={search_term_string}\"},\"query-input\":{\"@type\":\"PropertyValueSpecification\",\"valueRequired\":true,\"valueName\":\"search_term_string\"}}],\"inLanguage\":\"de\"},{\"@type\":\"Organization\",\"@id\":\"https:\/\/www.transtoyou.com\/de\/#organization\",\"name\":\"Transtoyou - DE\",\"url\":\"https:\/\/www.transtoyou.com\/de\/\",\"logo\":{\"@type\":\"ImageObject\",\"inLanguage\":\"de\",\"@id\":\"https:\/\/www.transtoyou.com\/de\/#\/schema\/logo\/image\/\",\"url\":\"https:\/\/www.transtoyou.com\/de\/wp-content\/uploads\/sites\/4\/2026\/01\/logo-tty-menu-bar-300x87-1.webp\",\"contentUrl\":\"https:\/\/www.transtoyou.com\/de\/wp-content\/uploads\/sites\/4\/2026\/01\/logo-tty-menu-bar-300x87-1.webp\",\"width\":300,\"height\":87,\"caption\":\"Transtoyou - DE\"},\"image\":{\"@id\":\"https:\/\/www.transtoyou.com\/de\/#\/schema\/logo\/image\/\"}}]}<\/script>\n<!-- \/ Yoast SEO plugin. -->","yoast_head_json":{"title":"Permethrin | Beruhige Deine Haut Heute - Transtoyou","description":"Entdecke Permethrin, eine bew\u00e4hrte L\u00f6sung gegen Kr\u00e4tze. Jetzt bei Transtoyou f\u00fcr zuverl\u00e4ssige Linderung und einfachen Kauf erh\u00e4ltlich.","robots":{"index":"noindex","follow":"follow","max-snippet":"max-snippet:-1","max-image-preview":"max-image-preview:large","max-video-preview":"max-video-preview:-1"},"og_locale":"de_DE","og_type":"article","og_title":"Permethrin | Beruhige Deine Haut Heute - Transtoyou","og_description":"Entdecke Permethrin, eine bew\u00e4hrte L\u00f6sung gegen Kr\u00e4tze. Jetzt bei Transtoyou f\u00fcr zuverl\u00e4ssige Linderung und einfachen Kauf erh\u00e4ltlich.","og_url":"https:\/\/www.transtoyou.com\/de\/product\/permethrin\/","og_site_name":"Transtoyou - DE","article_modified_time":"2026-03-09T07:22:36+00:00","twitter_card":"summary_large_image","twitter_misc":{"Gesch\u00e4tzte Lesezeit":"1\u00a0Minute"},"schema":{"@context":"https:\/\/schema.org","@graph":[{"@type":"WebPage","@id":"https:\/\/www.transtoyou.com\/de\/product\/permethrin\/","url":"https:\/\/www.transtoyou.com\/de\/product\/permethrin\/","name":"Permethrin | Beruhige Deine Haut Heute - Transtoyou","isPartOf":{"@id":"https:\/\/www.transtoyou.com\/de\/#website"},"primaryImageOfPage":{"@id":"https:\/\/www.transtoyou.com\/de\/product\/permethrin\/#primaryimage"},"image":{"@id":"https:\/\/www.transtoyou.com\/de\/product\/permethrin\/#primaryimage"},"thumbnailUrl":"https:\/\/www.transtoyou.com\/de\/wp-content\/uploads\/sites\/4\/2026\/01\/tty-no-product-image-4.webp","datePublished":"2026-01-22T13:16:09+00:00","dateModified":"2026-03-09T07:22:36+00:00","description":"Entdecke Permethrin, eine bew\u00e4hrte L\u00f6sung gegen Kr\u00e4tze. Jetzt bei Transtoyou f\u00fcr zuverl\u00e4ssige Linderung und einfachen Kauf erh\u00e4ltlich.","breadcrumb":{"@id":"https:\/\/www.transtoyou.com\/de\/product\/permethrin\/#breadcrumb"},"inLanguage":"de","potentialAction":[{"@type":"ReadAction","target":["https:\/\/www.transtoyou.com\/de\/product\/permethrin\/"]}]},{"@type":"ImageObject","inLanguage":"de","@id":"https:\/\/www.transtoyou.com\/de\/product\/permethrin\/#primaryimage","url":"https:\/\/www.transtoyou.com\/de\/wp-content\/uploads\/sites\/4\/2026\/01\/tty-no-product-image-4.webp","contentUrl":"https:\/\/www.transtoyou.com\/de\/wp-content\/uploads\/sites\/4\/2026\/01\/tty-no-product-image-4.webp","width":1000,"height":1000,"caption":"Standardproduktbild"},{"@type":"WebSite","@id":"https:\/\/www.transtoyou.com\/de\/#website","url":"https:\/\/www.transtoyou.com\/de\/","name":"Transtoyou - DE","description":"DE","publisher":{"@id":"https:\/\/www.transtoyou.com\/de\/#organization"},"potentialAction":[{"@type":"SearchAction","target":{"@type":"EntryPoint","urlTemplate":"https:\/\/www.transtoyou.com\/de\/?s={search_term_string}"},"query-input":{"@type":"PropertyValueSpecification","valueRequired":true,"valueName":"search_term_string"}}],"inLanguage":"de"},{"@type":"Organization","@id":"https:\/\/www.transtoyou.com\/de\/#organization","name":"Transtoyou - DE","url":"https:\/\/www.transtoyou.com\/de\/","logo":{"@type":"ImageObject","inLanguage":"de","@id":"https:\/\/www.transtoyou.com\/de\/#\/schema\/logo\/image\/","url":"https:\/\/www.transtoyou.com\/de\/wp-content\/uploads\/sites\/4\/2026\/01\/logo-tty-menu-bar-300x87-1.webp","contentUrl":"https:\/\/www.transtoyou.com\/de\/wp-content\/uploads\/sites\/4\/2026\/01\/logo-tty-menu-bar-300x87-1.webp","width":300,"height":87,"caption":"Transtoyou - DE"},"image":{"@id":"https:\/\/www.transtoyou.com\/de\/#\/schema\/logo\/image\/"}}]}},"_links":{"self":[{"href":"https:\/\/www.transtoyou.com\/de\/wp-json\/wp\/v2\/product\/750","targetHints":{"allow":["GET"]}}],"collection":[{"href":"https:\/\/www.transtoyou.com\/de\/wp-json\/wp\/v2\/product"}],"about":[{"href":"https:\/\/www.transtoyou.com\/de\/wp-json\/wp\/v2\/types\/product"}],"replies":[{"embeddable":true,"href":"https:\/\/www.transtoyou.com\/de\/wp-json\/wp\/v2\/comments?post=750"}],"wp:featuredmedia":[{"embeddable":true,"href":"https:\/\/www.transtoyou.com\/de\/wp-json\/wp\/v2\/media\/751"}],"wp:attachment":[{"href":"https:\/\/www.transtoyou.com\/de\/wp-json\/wp\/v2\/media?parent=750"}],"wp:term":[{"taxonomy":"product_brand","embeddable":true,"href":"https:\/\/www.transtoyou.com\/de\/wp-json\/wp\/v2\/product_brand?post=750"},{"taxonomy":"product_cat","embeddable":true,"href":"https:\/\/www.transtoyou.com\/de\/wp-json\/wp\/v2\/product_cat?post=750"},{"taxonomy":"product_tag","embeddable":true,"href":"https:\/\/www.transtoyou.com\/de\/wp-json\/wp\/v2\/product_tag?post=750"},{"taxonomy":"expert","embeddable":true,"href":"https:\/\/www.transtoyou.com\/de\/wp-json\/wp\/v2\/expert?post=750"}],"curies":[{"name":"wp","href":"https:\/\/api.w.org\/{rel}","templated":true}]}}