{"id":752,"date":"2026-01-22T15:32:20","date_gmt":"2026-01-22T13:32:20","guid":{"rendered":"https:\/\/www.transtoyou.com\/de\/product\/vermox\/"},"modified":"2026-03-07T16:05:01","modified_gmt":"2026-03-07T14:05:01","slug":"vermox","status":"publish","type":"product","link":"https:\/\/www.transtoyou.com\/de\/product\/vermox\/","title":{"rendered":"Vermox"},"content":{"rendered":"<p>Vermox ist eine weit verbreitete Behandlung von Darmwurm-Infektionen und besonders wirksam gegen Madenw\u00fcrmer, Rundw\u00fcrmer, Peitschenw\u00fcrmer und Hakenw\u00fcrmer. Es enth\u00e4lt den Wirkstoff Mebendazol, der die F\u00e4higkeit der W\u00fcrmer beeintr\u00e4chtigt, Glukose, ihre Hauptenergiequelle, aufzunehmen. Infolgedessen verlieren die Parasiten Energie, sterben und werden auf nat\u00fcrliche Weise \u00fcber das Verdauungssystem aus dem K\u00f6rper ausgeschieden.<\/p>\n<p>Wurm-Infektionen k\u00f6nnen Symptome wie Juckreiz im Analbereich, Unruhe, Bauchkr\u00e4mpfe und N\u00e4hrstoffm\u00e4ngel verursachen. Vermox bietet eine einfache und effektive M\u00f6glichkeit, diese Symptome zu lindern und die Infektion zu beseitigen. Es wird normalerweise als Einzeldosisbehandlung verabreicht, und in einigen F\u00e4llen wird zwei Wochen sp\u00e4ter eine zweite Dosis empfohlen, um eine erneute Infektion zu verhindern.<\/p>\n<p>Dieses Medikament wird im Allgemeinen gut vertragen, wobei Nebenwirkungen selten und normalerweise mild sind. Wenn sie auftreten, k\u00f6nnen sie vor\u00fcbergehende Magen-Darm-Beschwerden umfassen. Vermox verbleibt im Verdauungstrakt und wird nur minimal in den Blutkreislauf aufgenommen, was das Risiko systemischer Nebenwirkungen verringert.<\/p>\n<p>Um die Ausbreitung von W\u00fcrmern zu verhindern, werden Hygienema\u00dfnahmen wie regelm\u00e4\u00dfiges H\u00e4ndewaschen, kurze Fingern\u00e4gel und h\u00e4ufiges Waschen von Bettw\u00e4sche und Kleidung empfohlen. Alle Mitglieder des Haushalts gleichzeitig zu behandeln, kann helfen, eine erneute Infektion zu verhindern.<\/p>\n","protected":false},"excerpt":{"rendered":"<ul>\n<li>Wirksam gegen mehrere Wurmarten<\/li>\n<li>Einzel- oder Zweidosis-Behandlung<\/li>\n<li>Familienfreundliche Optionen<\/li>\n<\/ul>\n","protected":false},"featured_media":754,"comment_status":"open","ping_status":"closed","template":"","meta":[],"product_brand":[],"product_cat":[183],"product_tag":[],"expert":[],"class_list":{"0":"post-752","1":"product","2":"type-product","3":"status-publish","4":"has-post-thumbnail","6":"product_cat-wurmer","8":"first","9":"instock","10":"shipping-taxable","11":"product-type-variable"},"yoast_head":"<!-- This site is optimized with the Yoast SEO plugin v27.0 - https:\/\/yoast.com\/product\/yoast-seo-wordpress\/ -->\n<title>Vermox | Effektive Parasitenbehandlung - Transtoyou<\/title>\n<meta name=\"description\" content=\"Vermox ist bei Transtoyou erh\u00e4ltlich, einer vertrauensw\u00fcrdigen Gesundheitsplattform. Jetzt einkaufen f\u00fcr eine effektive Behandlung von parasit\u00e4ren Infektionen.\" \/>\n<meta name=\"robots\" content=\"noindex, follow, max-snippet:-1, max-image-preview:large, max-video-preview:-1\" \/>\n<meta property=\"og:locale\" content=\"de_DE\" \/>\n<meta property=\"og:type\" content=\"article\" \/>\n<meta property=\"og:title\" content=\"Vermox | Effektive Parasitenbehandlung - Transtoyou\" \/>\n<meta property=\"og:description\" content=\"Vermox ist bei Transtoyou erh\u00e4ltlich, einer vertrauensw\u00fcrdigen Gesundheitsplattform. Jetzt einkaufen f\u00fcr eine effektive Behandlung von parasit\u00e4ren Infektionen.\" \/>\n<meta property=\"og:url\" content=\"https:\/\/www.transtoyou.com\/de\/product\/vermox\/\" \/>\n<meta property=\"og:site_name\" content=\"Transtoyou - DE\" \/>\n<meta property=\"article:modified_time\" content=\"2026-03-07T14:05:01+00:00\" \/>\n<meta name=\"twitter:card\" content=\"summary_large_image\" \/>\n<meta name=\"twitter:label1\" content=\"Gesch\u00e4tzte Lesezeit\" \/>\n\t<meta name=\"twitter:data1\" content=\"1\u00a0Minute\" \/>\n<script type=\"application\/ld+json\" class=\"yoast-schema-graph\">{\"@context\":\"https:\/\/schema.org\",\"@graph\":[{\"@type\":\"WebPage\",\"@id\":\"https:\/\/www.transtoyou.com\/de\/product\/vermox\/\",\"url\":\"https:\/\/www.transtoyou.com\/de\/product\/vermox\/\",\"name\":\"Vermox | Effektive Parasitenbehandlung - Transtoyou\",\"isPartOf\":{\"@id\":\"https:\/\/www.transtoyou.com\/de\/#website\"},\"primaryImageOfPage\":{\"@id\":\"https:\/\/www.transtoyou.com\/de\/product\/vermox\/#primaryimage\"},\"image\":{\"@id\":\"https:\/\/www.transtoyou.com\/de\/product\/vermox\/#primaryimage\"},\"thumbnailUrl\":\"https:\/\/www.transtoyou.com\/de\/wp-content\/uploads\/sites\/4\/2026\/01\/tty-no-product-image-5.webp\",\"datePublished\":\"2026-01-22T13:32:20+00:00\",\"dateModified\":\"2026-03-07T14:05:01+00:00\",\"description\":\"Vermox ist bei Transtoyou erh\u00e4ltlich, einer vertrauensw\u00fcrdigen Gesundheitsplattform. Jetzt einkaufen f\u00fcr eine effektive Behandlung von parasit\u00e4ren Infektionen.\",\"breadcrumb\":{\"@id\":\"https:\/\/www.transtoyou.com\/de\/product\/vermox\/#breadcrumb\"},\"inLanguage\":\"de\",\"potentialAction\":[{\"@type\":\"ReadAction\",\"target\":[\"https:\/\/www.transtoyou.com\/de\/product\/vermox\/\"]}]},{\"@type\":\"ImageObject\",\"inLanguage\":\"de\",\"@id\":\"https:\/\/www.transtoyou.com\/de\/product\/vermox\/#primaryimage\",\"url\":\"https:\/\/www.transtoyou.com\/de\/wp-content\/uploads\/sites\/4\/2026\/01\/tty-no-product-image-5.webp\",\"contentUrl\":\"https:\/\/www.transtoyou.com\/de\/wp-content\/uploads\/sites\/4\/2026\/01\/tty-no-product-image-5.webp\",\"width\":1000,\"height\":1000,\"caption\":\"Standardproduktbild\"},{\"@type\":\"WebSite\",\"@id\":\"https:\/\/www.transtoyou.com\/de\/#website\",\"url\":\"https:\/\/www.transtoyou.com\/de\/\",\"name\":\"Transtoyou - DE\",\"description\":\"DE\",\"publisher\":{\"@id\":\"https:\/\/www.transtoyou.com\/de\/#organization\"},\"potentialAction\":[{\"@type\":\"SearchAction\",\"target\":{\"@type\":\"EntryPoint\",\"urlTemplate\":\"https:\/\/www.transtoyou.com\/de\/?s={search_term_string}\"},\"query-input\":{\"@type\":\"PropertyValueSpecification\",\"valueRequired\":true,\"valueName\":\"search_term_string\"}}],\"inLanguage\":\"de\"},{\"@type\":\"Organization\",\"@id\":\"https:\/\/www.transtoyou.com\/de\/#organization\",\"name\":\"Transtoyou - DE\",\"url\":\"https:\/\/www.transtoyou.com\/de\/\",\"logo\":{\"@type\":\"ImageObject\",\"inLanguage\":\"de\",\"@id\":\"https:\/\/www.transtoyou.com\/de\/#\/schema\/logo\/image\/\",\"url\":\"https:\/\/www.transtoyou.com\/de\/wp-content\/uploads\/sites\/4\/2026\/01\/logo-tty-menu-bar-300x87-1.webp\",\"contentUrl\":\"https:\/\/www.transtoyou.com\/de\/wp-content\/uploads\/sites\/4\/2026\/01\/logo-tty-menu-bar-300x87-1.webp\",\"width\":300,\"height\":87,\"caption\":\"Transtoyou - DE\"},\"image\":{\"@id\":\"https:\/\/www.transtoyou.com\/de\/#\/schema\/logo\/image\/\"}}]}<\/script>\n<!-- \/ Yoast SEO plugin. -->","yoast_head_json":{"title":"Vermox | Effektive Parasitenbehandlung - Transtoyou","description":"Vermox ist bei Transtoyou erh\u00e4ltlich, einer vertrauensw\u00fcrdigen Gesundheitsplattform. Jetzt einkaufen f\u00fcr eine effektive Behandlung von parasit\u00e4ren Infektionen.","robots":{"index":"noindex","follow":"follow","max-snippet":"max-snippet:-1","max-image-preview":"max-image-preview:large","max-video-preview":"max-video-preview:-1"},"og_locale":"de_DE","og_type":"article","og_title":"Vermox | Effektive Parasitenbehandlung - Transtoyou","og_description":"Vermox ist bei Transtoyou erh\u00e4ltlich, einer vertrauensw\u00fcrdigen Gesundheitsplattform. Jetzt einkaufen f\u00fcr eine effektive Behandlung von parasit\u00e4ren Infektionen.","og_url":"https:\/\/www.transtoyou.com\/de\/product\/vermox\/","og_site_name":"Transtoyou - DE","article_modified_time":"2026-03-07T14:05:01+00:00","twitter_card":"summary_large_image","twitter_misc":{"Gesch\u00e4tzte Lesezeit":"1\u00a0Minute"},"schema":{"@context":"https:\/\/schema.org","@graph":[{"@type":"WebPage","@id":"https:\/\/www.transtoyou.com\/de\/product\/vermox\/","url":"https:\/\/www.transtoyou.com\/de\/product\/vermox\/","name":"Vermox | Effektive Parasitenbehandlung - Transtoyou","isPartOf":{"@id":"https:\/\/www.transtoyou.com\/de\/#website"},"primaryImageOfPage":{"@id":"https:\/\/www.transtoyou.com\/de\/product\/vermox\/#primaryimage"},"image":{"@id":"https:\/\/www.transtoyou.com\/de\/product\/vermox\/#primaryimage"},"thumbnailUrl":"https:\/\/www.transtoyou.com\/de\/wp-content\/uploads\/sites\/4\/2026\/01\/tty-no-product-image-5.webp","datePublished":"2026-01-22T13:32:20+00:00","dateModified":"2026-03-07T14:05:01+00:00","description":"Vermox ist bei Transtoyou erh\u00e4ltlich, einer vertrauensw\u00fcrdigen Gesundheitsplattform. Jetzt einkaufen f\u00fcr eine effektive Behandlung von parasit\u00e4ren Infektionen.","breadcrumb":{"@id":"https:\/\/www.transtoyou.com\/de\/product\/vermox\/#breadcrumb"},"inLanguage":"de","potentialAction":[{"@type":"ReadAction","target":["https:\/\/www.transtoyou.com\/de\/product\/vermox\/"]}]},{"@type":"ImageObject","inLanguage":"de","@id":"https:\/\/www.transtoyou.com\/de\/product\/vermox\/#primaryimage","url":"https:\/\/www.transtoyou.com\/de\/wp-content\/uploads\/sites\/4\/2026\/01\/tty-no-product-image-5.webp","contentUrl":"https:\/\/www.transtoyou.com\/de\/wp-content\/uploads\/sites\/4\/2026\/01\/tty-no-product-image-5.webp","width":1000,"height":1000,"caption":"Standardproduktbild"},{"@type":"WebSite","@id":"https:\/\/www.transtoyou.com\/de\/#website","url":"https:\/\/www.transtoyou.com\/de\/","name":"Transtoyou - DE","description":"DE","publisher":{"@id":"https:\/\/www.transtoyou.com\/de\/#organization"},"potentialAction":[{"@type":"SearchAction","target":{"@type":"EntryPoint","urlTemplate":"https:\/\/www.transtoyou.com\/de\/?s={search_term_string}"},"query-input":{"@type":"PropertyValueSpecification","valueRequired":true,"valueName":"search_term_string"}}],"inLanguage":"de"},{"@type":"Organization","@id":"https:\/\/www.transtoyou.com\/de\/#organization","name":"Transtoyou - DE","url":"https:\/\/www.transtoyou.com\/de\/","logo":{"@type":"ImageObject","inLanguage":"de","@id":"https:\/\/www.transtoyou.com\/de\/#\/schema\/logo\/image\/","url":"https:\/\/www.transtoyou.com\/de\/wp-content\/uploads\/sites\/4\/2026\/01\/logo-tty-menu-bar-300x87-1.webp","contentUrl":"https:\/\/www.transtoyou.com\/de\/wp-content\/uploads\/sites\/4\/2026\/01\/logo-tty-menu-bar-300x87-1.webp","width":300,"height":87,"caption":"Transtoyou - DE"},"image":{"@id":"https:\/\/www.transtoyou.com\/de\/#\/schema\/logo\/image\/"}}]}},"_links":{"self":[{"href":"https:\/\/www.transtoyou.com\/de\/wp-json\/wp\/v2\/product\/752","targetHints":{"allow":["GET"]}}],"collection":[{"href":"https:\/\/www.transtoyou.com\/de\/wp-json\/wp\/v2\/product"}],"about":[{"href":"https:\/\/www.transtoyou.com\/de\/wp-json\/wp\/v2\/types\/product"}],"replies":[{"embeddable":true,"href":"https:\/\/www.transtoyou.com\/de\/wp-json\/wp\/v2\/comments?post=752"}],"wp:featuredmedia":[{"embeddable":true,"href":"https:\/\/www.transtoyou.com\/de\/wp-json\/wp\/v2\/media\/754"}],"wp:attachment":[{"href":"https:\/\/www.transtoyou.com\/de\/wp-json\/wp\/v2\/media?parent=752"}],"wp:term":[{"taxonomy":"product_brand","embeddable":true,"href":"https:\/\/www.transtoyou.com\/de\/wp-json\/wp\/v2\/product_brand?post=752"},{"taxonomy":"product_cat","embeddable":true,"href":"https:\/\/www.transtoyou.com\/de\/wp-json\/wp\/v2\/product_cat?post=752"},{"taxonomy":"product_tag","embeddable":true,"href":"https:\/\/www.transtoyou.com\/de\/wp-json\/wp\/v2\/product_tag?post=752"},{"taxonomy":"expert","embeddable":true,"href":"https:\/\/www.transtoyou.com\/de\/wp-json\/wp\/v2\/expert?post=752"}],"curies":[{"name":"wp","href":"https:\/\/api.w.org\/{rel}","templated":true}]}}