{"id":755,"date":"2026-01-22T15:47:47","date_gmt":"2026-01-22T13:47:47","guid":{"rendered":"https:\/\/www.transtoyou.com\/de\/product\/molevac\/"},"modified":"2026-02-28T12:25:31","modified_gmt":"2026-02-28T10:25:31","slug":"molevac","status":"publish","type":"product","link":"https:\/\/www.transtoyou.com\/de\/product\/molevac\/","title":{"rendered":"Molevac"},"content":{"rendered":"<p>Molevac ist ein Medikament zur Behandlung von Infektionen, die durch Darmw\u00fcrmer, insbesondere Madenw\u00fcrmer, verursacht werden. Madenwurminfektionen sind h\u00e4ufig, besonders bei Kindern, und k\u00f6nnen Symptome wie Juckreiz (Unruhe) im Analbereich, Unruhe und leichte Bauchbeschwerden verursachen. Molevac enth\u00e4lt den Wirkstoff Pyrviniumembonat, der wirkt, indem er die W\u00fcrmer l\u00e4hmt, sodass sie auf nat\u00fcrliche Weise durch Stuhlgang ausgeschieden werden k\u00f6nnen.<\/p>\n<p>Diese Behandlung wird normalerweise als eine einmalige orale Dosis verabreicht, wobei eine Wiederholungsdosis nach zwei Wochen empfohlen wird, um eine Wiederinfektion zu verhindern. Da Madenw\u00fcrmer sich leicht durch Kontakt und kontaminierte Oberfl\u00e4chen verbreiten, wird empfohlen, alle Haushaltsmitglieder gleichzeitig zu behandeln, um eine Wiederinfektion zu vermeiden.<\/p>\n<p>Molevac wird gut vertragen, mit sehr wenigen Nebenwirkungen. Einige Menschen k\u00f6nnen leichte gastrointestinal Symptome wie \u00dcbelkeit oder Kr\u00e4mpfe bemerken, aber diese sind in der Regel von kurzer Dauer. Gute Hygiene ist w\u00e4hrend und nach der Behandlung unerl\u00e4sslich, um eine weitere \u00dcbertragung der W\u00fcrmer zu vermeiden. Dazu geh\u00f6rt regelm\u00e4\u00dfiges H\u00e4ndewaschen, das Reinigen von Bettw\u00e4sche und Kleidung sowie das K\u00fcrzen der Fingern\u00e4gel.<\/p>\n","protected":false},"excerpt":{"rendered":"<ul>\n<li>Einzeldosisbehandlung<\/li>\n<li>Zielt auf Madenw\u00fcrmer ab<\/li>\n<li>Geeignet f\u00fcr viele Menschen<\/li>\n<\/ul>\n","protected":false},"featured_media":756,"comment_status":"open","ping_status":"closed","template":"","meta":[],"product_brand":[],"product_cat":[183],"product_tag":[],"expert":[21],"class_list":{"0":"post-755","1":"product","2":"type-product","3":"status-publish","4":"has-post-thumbnail","6":"product_cat-wurmer","7":"expert-dr-m-sharoyko","9":"first","10":"outofstock","11":"shipping-taxable","12":"product-type-simple"},"yoast_head":"<!-- This site is optimized with the Yoast SEO plugin v27.0 - https:\/\/yoast.com\/product\/yoast-seo-wordpress\/ -->\n<title>Molevac | Effektive L\u00f6sung gegen Parasiten - Transtoyou<\/title>\n<meta name=\"description\" content=\"Entdecke Molevac zur effektiven Parasitenbek\u00e4mpfung bei Transtoyou. Unterst\u00fctze deine Darmgesundheit mit unserer bew\u00e4hrten Formel. Hol dir deine heute!\" \/>\n<meta name=\"robots\" content=\"noindex, follow, max-snippet:-1, max-image-preview:large, max-video-preview:-1\" \/>\n<meta property=\"og:locale\" content=\"de_DE\" \/>\n<meta property=\"og:type\" content=\"article\" \/>\n<meta property=\"og:title\" content=\"Molevac | Effektive L\u00f6sung gegen Parasiten - Transtoyou\" \/>\n<meta property=\"og:description\" content=\"Entdecke Molevac zur effektiven Parasitenbek\u00e4mpfung bei Transtoyou. Unterst\u00fctze deine Darmgesundheit mit unserer bew\u00e4hrten Formel. Hol dir deine heute!\" \/>\n<meta property=\"og:url\" content=\"https:\/\/www.transtoyou.com\/de\/product\/molevac\/\" \/>\n<meta property=\"og:site_name\" content=\"Transtoyou - DE\" \/>\n<meta property=\"article:modified_time\" content=\"2026-02-28T10:25:31+00:00\" \/>\n<meta name=\"twitter:card\" content=\"summary_large_image\" \/>\n<meta name=\"twitter:label1\" content=\"Gesch\u00e4tzte Lesezeit\" \/>\n\t<meta name=\"twitter:data1\" content=\"1\u00a0Minute\" \/>\n<script type=\"application\/ld+json\" class=\"yoast-schema-graph\">{\"@context\":\"https:\/\/schema.org\",\"@graph\":[{\"@type\":\"WebPage\",\"@id\":\"https:\/\/www.transtoyou.com\/de\/product\/molevac\/\",\"url\":\"https:\/\/www.transtoyou.com\/de\/product\/molevac\/\",\"name\":\"Molevac | Effektive L\u00f6sung gegen Parasiten - Transtoyou\",\"isPartOf\":{\"@id\":\"https:\/\/www.transtoyou.com\/de\/#website\"},\"primaryImageOfPage\":{\"@id\":\"https:\/\/www.transtoyou.com\/de\/product\/molevac\/#primaryimage\"},\"image\":{\"@id\":\"https:\/\/www.transtoyou.com\/de\/product\/molevac\/#primaryimage\"},\"thumbnailUrl\":\"https:\/\/www.transtoyou.com\/de\/wp-content\/uploads\/sites\/4\/2026\/01\/tty-no-product-image-6.webp\",\"datePublished\":\"2026-01-22T13:47:47+00:00\",\"dateModified\":\"2026-02-28T10:25:31+00:00\",\"description\":\"Entdecke Molevac zur effektiven Parasitenbek\u00e4mpfung bei Transtoyou. Unterst\u00fctze deine Darmgesundheit mit unserer bew\u00e4hrten Formel. Hol dir deine heute!\",\"breadcrumb\":{\"@id\":\"https:\/\/www.transtoyou.com\/de\/product\/molevac\/#breadcrumb\"},\"inLanguage\":\"de\",\"potentialAction\":[{\"@type\":\"ReadAction\",\"target\":[\"https:\/\/www.transtoyou.com\/de\/product\/molevac\/\"]}]},{\"@type\":\"ImageObject\",\"inLanguage\":\"de\",\"@id\":\"https:\/\/www.transtoyou.com\/de\/product\/molevac\/#primaryimage\",\"url\":\"https:\/\/www.transtoyou.com\/de\/wp-content\/uploads\/sites\/4\/2026\/01\/tty-no-product-image-6.webp\",\"contentUrl\":\"https:\/\/www.transtoyou.com\/de\/wp-content\/uploads\/sites\/4\/2026\/01\/tty-no-product-image-6.webp\",\"width\":1000,\"height\":1000,\"caption\":\"Standardproduktbild\"},{\"@type\":\"WebSite\",\"@id\":\"https:\/\/www.transtoyou.com\/de\/#website\",\"url\":\"https:\/\/www.transtoyou.com\/de\/\",\"name\":\"Transtoyou - DE\",\"description\":\"DE\",\"publisher\":{\"@id\":\"https:\/\/www.transtoyou.com\/de\/#organization\"},\"potentialAction\":[{\"@type\":\"SearchAction\",\"target\":{\"@type\":\"EntryPoint\",\"urlTemplate\":\"https:\/\/www.transtoyou.com\/de\/?s={search_term_string}\"},\"query-input\":{\"@type\":\"PropertyValueSpecification\",\"valueRequired\":true,\"valueName\":\"search_term_string\"}}],\"inLanguage\":\"de\"},{\"@type\":\"Organization\",\"@id\":\"https:\/\/www.transtoyou.com\/de\/#organization\",\"name\":\"Transtoyou - DE\",\"url\":\"https:\/\/www.transtoyou.com\/de\/\",\"logo\":{\"@type\":\"ImageObject\",\"inLanguage\":\"de\",\"@id\":\"https:\/\/www.transtoyou.com\/de\/#\/schema\/logo\/image\/\",\"url\":\"https:\/\/www.transtoyou.com\/de\/wp-content\/uploads\/sites\/4\/2026\/01\/logo-tty-menu-bar-300x87-1.webp\",\"contentUrl\":\"https:\/\/www.transtoyou.com\/de\/wp-content\/uploads\/sites\/4\/2026\/01\/logo-tty-menu-bar-300x87-1.webp\",\"width\":300,\"height\":87,\"caption\":\"Transtoyou - DE\"},\"image\":{\"@id\":\"https:\/\/www.transtoyou.com\/de\/#\/schema\/logo\/image\/\"}}]}<\/script>\n<!-- \/ Yoast SEO plugin. -->","yoast_head_json":{"title":"Molevac | Effektive L\u00f6sung gegen Parasiten - Transtoyou","description":"Entdecke Molevac zur effektiven Parasitenbek\u00e4mpfung bei Transtoyou. Unterst\u00fctze deine Darmgesundheit mit unserer bew\u00e4hrten Formel. Hol dir deine heute!","robots":{"index":"noindex","follow":"follow","max-snippet":"max-snippet:-1","max-image-preview":"max-image-preview:large","max-video-preview":"max-video-preview:-1"},"og_locale":"de_DE","og_type":"article","og_title":"Molevac | Effektive L\u00f6sung gegen Parasiten - Transtoyou","og_description":"Entdecke Molevac zur effektiven Parasitenbek\u00e4mpfung bei Transtoyou. Unterst\u00fctze deine Darmgesundheit mit unserer bew\u00e4hrten Formel. Hol dir deine heute!","og_url":"https:\/\/www.transtoyou.com\/de\/product\/molevac\/","og_site_name":"Transtoyou - DE","article_modified_time":"2026-02-28T10:25:31+00:00","twitter_card":"summary_large_image","twitter_misc":{"Gesch\u00e4tzte Lesezeit":"1\u00a0Minute"},"schema":{"@context":"https:\/\/schema.org","@graph":[{"@type":"WebPage","@id":"https:\/\/www.transtoyou.com\/de\/product\/molevac\/","url":"https:\/\/www.transtoyou.com\/de\/product\/molevac\/","name":"Molevac | Effektive L\u00f6sung gegen Parasiten - Transtoyou","isPartOf":{"@id":"https:\/\/www.transtoyou.com\/de\/#website"},"primaryImageOfPage":{"@id":"https:\/\/www.transtoyou.com\/de\/product\/molevac\/#primaryimage"},"image":{"@id":"https:\/\/www.transtoyou.com\/de\/product\/molevac\/#primaryimage"},"thumbnailUrl":"https:\/\/www.transtoyou.com\/de\/wp-content\/uploads\/sites\/4\/2026\/01\/tty-no-product-image-6.webp","datePublished":"2026-01-22T13:47:47+00:00","dateModified":"2026-02-28T10:25:31+00:00","description":"Entdecke Molevac zur effektiven Parasitenbek\u00e4mpfung bei Transtoyou. Unterst\u00fctze deine Darmgesundheit mit unserer bew\u00e4hrten Formel. Hol dir deine heute!","breadcrumb":{"@id":"https:\/\/www.transtoyou.com\/de\/product\/molevac\/#breadcrumb"},"inLanguage":"de","potentialAction":[{"@type":"ReadAction","target":["https:\/\/www.transtoyou.com\/de\/product\/molevac\/"]}]},{"@type":"ImageObject","inLanguage":"de","@id":"https:\/\/www.transtoyou.com\/de\/product\/molevac\/#primaryimage","url":"https:\/\/www.transtoyou.com\/de\/wp-content\/uploads\/sites\/4\/2026\/01\/tty-no-product-image-6.webp","contentUrl":"https:\/\/www.transtoyou.com\/de\/wp-content\/uploads\/sites\/4\/2026\/01\/tty-no-product-image-6.webp","width":1000,"height":1000,"caption":"Standardproduktbild"},{"@type":"WebSite","@id":"https:\/\/www.transtoyou.com\/de\/#website","url":"https:\/\/www.transtoyou.com\/de\/","name":"Transtoyou - DE","description":"DE","publisher":{"@id":"https:\/\/www.transtoyou.com\/de\/#organization"},"potentialAction":[{"@type":"SearchAction","target":{"@type":"EntryPoint","urlTemplate":"https:\/\/www.transtoyou.com\/de\/?s={search_term_string}"},"query-input":{"@type":"PropertyValueSpecification","valueRequired":true,"valueName":"search_term_string"}}],"inLanguage":"de"},{"@type":"Organization","@id":"https:\/\/www.transtoyou.com\/de\/#organization","name":"Transtoyou - DE","url":"https:\/\/www.transtoyou.com\/de\/","logo":{"@type":"ImageObject","inLanguage":"de","@id":"https:\/\/www.transtoyou.com\/de\/#\/schema\/logo\/image\/","url":"https:\/\/www.transtoyou.com\/de\/wp-content\/uploads\/sites\/4\/2026\/01\/logo-tty-menu-bar-300x87-1.webp","contentUrl":"https:\/\/www.transtoyou.com\/de\/wp-content\/uploads\/sites\/4\/2026\/01\/logo-tty-menu-bar-300x87-1.webp","width":300,"height":87,"caption":"Transtoyou - DE"},"image":{"@id":"https:\/\/www.transtoyou.com\/de\/#\/schema\/logo\/image\/"}}]}},"_links":{"self":[{"href":"https:\/\/www.transtoyou.com\/de\/wp-json\/wp\/v2\/product\/755","targetHints":{"allow":["GET"]}}],"collection":[{"href":"https:\/\/www.transtoyou.com\/de\/wp-json\/wp\/v2\/product"}],"about":[{"href":"https:\/\/www.transtoyou.com\/de\/wp-json\/wp\/v2\/types\/product"}],"replies":[{"embeddable":true,"href":"https:\/\/www.transtoyou.com\/de\/wp-json\/wp\/v2\/comments?post=755"}],"wp:featuredmedia":[{"embeddable":true,"href":"https:\/\/www.transtoyou.com\/de\/wp-json\/wp\/v2\/media\/756"}],"wp:attachment":[{"href":"https:\/\/www.transtoyou.com\/de\/wp-json\/wp\/v2\/media?parent=755"}],"wp:term":[{"taxonomy":"product_brand","embeddable":true,"href":"https:\/\/www.transtoyou.com\/de\/wp-json\/wp\/v2\/product_brand?post=755"},{"taxonomy":"product_cat","embeddable":true,"href":"https:\/\/www.transtoyou.com\/de\/wp-json\/wp\/v2\/product_cat?post=755"},{"taxonomy":"product_tag","embeddable":true,"href":"https:\/\/www.transtoyou.com\/de\/wp-json\/wp\/v2\/product_tag?post=755"},{"taxonomy":"expert","embeddable":true,"href":"https:\/\/www.transtoyou.com\/de\/wp-json\/wp\/v2\/expert?post=755"}],"curies":[{"name":"wp","href":"https:\/\/api.w.org\/{rel}","templated":true}]}}