{"id":760,"date":"2026-01-22T16:21:15","date_gmt":"2026-01-22T14:21:15","guid":{"rendered":"https:\/\/www.transtoyou.com\/de\/product\/wegovy\/"},"modified":"2026-03-08T12:38:45","modified_gmt":"2026-03-08T10:38:45","slug":"wegovy","status":"publish","type":"product","link":"https:\/\/www.transtoyou.com\/de\/product\/wegovy\/","title":{"rendered":"Wegovy"},"content":{"rendered":"<p>Wegovy ist ein rezeptpflichtiges Medikament, das zur Unterst\u00fctzung des langfristigen Gewichtsmanagements bei Erwachsenen entwickelt wurde, die \u00fcbergewichtig oder fettleibig sind. Es enth\u00e4lt Semaglutid, eine Verbindung, die ein nat\u00fcrlich vorkommendes Hormon im K\u00f6rper nachahmt, das als GLP-1 bekannt ist und eine Schl\u00fcsselrolle bei der Regulierung des Appetits und der Nahrungsaufnahme spielt. Durch die gezielte Ansprache bestimmter Rezeptoren im Gehirn hilft Wegovy, den Hunger zu reduzieren, das S\u00e4ttigungsgef\u00fchl zu erh\u00f6hen und die gesamte Kalorienaufnahme zu begrenzen.<\/p>\n<p>Wegovy wird einmal w\u00f6chentlich als Injektion unter die Haut mit einem vorgef\u00fcllten Pen verabreicht. Es ist vorgesehen, in Kombination mit einer kalorienreduzierten Di\u00e4t und erh\u00f6hter k\u00f6rperlicher Aktivit\u00e4t verwendet zu werden. Personen, die Wegovy verwenden, erleben typischerweise eine allm\u00e4hliche und nachhaltige Gewichtsreduktion im Laufe der Zeit. Dies unterst\u00fctzt nicht nur die Verbesserung der k\u00f6rperlichen Gesundheit, sondern verringert auch das Risiko von gewichtsbedingten Erkrankungen wie Typ-2-Diabetes, Bluthochdruck und Herz-Kreislauf-Erkrankungen.<\/p>\n<p>Das Medikament wird mit einer niedrigen Dosis begonnen und \u00fcber mehrere Wochen schrittweise auf die volle Erhaltungsdosis erh\u00f6ht. Dieser Ansatz hilft dem K\u00f6rper, sich anzupassen, und verringert das Risiko von Nebenwirkungen wie \u00dcbelkeit, Erbrechen oder gastrointestinalen Beschwerden. Wegovy wirkt nicht als Stimulans oder beeinflusst den Stoffwechsel direkt, sondern f\u00f6rdert stattdessen ein ges\u00fcnderes Essverhalten, indem es die Appetitsignale reguliert.<\/p>\n","protected":false},"excerpt":{"rendered":"<ul>\n<li>W\u00f6chentliche Injektion<\/li>\n<li>Reduziert den Appetit<\/li>\n<li>Langfristige Unterst\u00fctzung beim Gewicht<\/li>\n<\/ul>\n","protected":false},"featured_media":762,"comment_status":"open","ping_status":"closed","template":"","meta":[],"product_brand":[],"product_cat":[180],"product_tag":[],"expert":[16],"class_list":{"0":"post-760","1":"product","2":"type-product","3":"status-publish","4":"has-post-thumbnail","6":"product_cat-gewichtsreduktion","7":"expert-dr-c-alexandru","9":"first","10":"instock","11":"shipping-taxable","12":"product-type-variable"},"yoast_head":"<!-- This site is optimized with the Yoast SEO plugin v27.0 - https:\/\/yoast.com\/product\/yoast-seo-wordpress\/ -->\n<title>Wegovy | Effektive L\u00f6sung zur Gewichtsregulation - Transtoyou<\/title>\n<meta name=\"description\" content=\"Entdecke Wegovy f\u00fcr effektives Gewichtsmanagement bei Transtoyou. Jetzt einkaufen f\u00fcr klinisch genehmigte Gesundheitsl\u00f6sungen.\" \/>\n<meta name=\"robots\" content=\"noindex, follow, max-snippet:-1, max-image-preview:large, max-video-preview:-1\" \/>\n<meta property=\"og:locale\" content=\"de_DE\" \/>\n<meta property=\"og:type\" content=\"article\" \/>\n<meta property=\"og:title\" content=\"Wegovy | Effektive L\u00f6sung zur Gewichtsregulation - Transtoyou\" \/>\n<meta property=\"og:description\" content=\"Entdecke Wegovy f\u00fcr effektives Gewichtsmanagement bei Transtoyou. Jetzt einkaufen f\u00fcr klinisch genehmigte Gesundheitsl\u00f6sungen.\" \/>\n<meta property=\"og:url\" content=\"https:\/\/www.transtoyou.com\/de\/product\/wegovy\/\" \/>\n<meta property=\"og:site_name\" content=\"Transtoyou - DE\" \/>\n<meta property=\"article:modified_time\" content=\"2026-03-08T10:38:45+00:00\" \/>\n<meta name=\"twitter:card\" content=\"summary_large_image\" \/>\n<meta name=\"twitter:label1\" content=\"Gesch\u00e4tzte Lesezeit\" \/>\n\t<meta name=\"twitter:data1\" content=\"1\u00a0Minute\" \/>\n<script type=\"application\/ld+json\" class=\"yoast-schema-graph\">{\"@context\":\"https:\/\/schema.org\",\"@graph\":[{\"@type\":\"WebPage\",\"@id\":\"https:\/\/www.transtoyou.com\/de\/product\/wegovy\/\",\"url\":\"https:\/\/www.transtoyou.com\/de\/product\/wegovy\/\",\"name\":\"Wegovy | Effektive L\u00f6sung zur Gewichtsregulation - Transtoyou\",\"isPartOf\":{\"@id\":\"https:\/\/www.transtoyou.com\/de\/#website\"},\"primaryImageOfPage\":{\"@id\":\"https:\/\/www.transtoyou.com\/de\/product\/wegovy\/#primaryimage\"},\"image\":{\"@id\":\"https:\/\/www.transtoyou.com\/de\/product\/wegovy\/#primaryimage\"},\"thumbnailUrl\":\"https:\/\/www.transtoyou.com\/de\/wp-content\/uploads\/sites\/4\/2026\/01\/wegovy-transtoyou-overview.png\",\"datePublished\":\"2026-01-22T14:21:15+00:00\",\"dateModified\":\"2026-03-08T10:38:45+00:00\",\"description\":\"Entdecke Wegovy f\u00fcr effektives Gewichtsmanagement bei Transtoyou. Jetzt einkaufen f\u00fcr klinisch genehmigte Gesundheitsl\u00f6sungen.\",\"breadcrumb\":{\"@id\":\"https:\/\/www.transtoyou.com\/de\/product\/wegovy\/#breadcrumb\"},\"inLanguage\":\"de\",\"potentialAction\":[{\"@type\":\"ReadAction\",\"target\":[\"https:\/\/www.transtoyou.com\/de\/product\/wegovy\/\"]}]},{\"@type\":\"ImageObject\",\"inLanguage\":\"de\",\"@id\":\"https:\/\/www.transtoyou.com\/de\/product\/wegovy\/#primaryimage\",\"url\":\"https:\/\/www.transtoyou.com\/de\/wp-content\/uploads\/sites\/4\/2026\/01\/wegovy-transtoyou-overview.png\",\"contentUrl\":\"https:\/\/www.transtoyou.com\/de\/wp-content\/uploads\/sites\/4\/2026\/01\/wegovy-transtoyou-overview.png\",\"width\":1080,\"height\":1080,\"caption\":\"Wegovy Injektionspen - Transtoyou\"},{\"@type\":\"WebSite\",\"@id\":\"https:\/\/www.transtoyou.com\/de\/#website\",\"url\":\"https:\/\/www.transtoyou.com\/de\/\",\"name\":\"Transtoyou - DE\",\"description\":\"DE\",\"publisher\":{\"@id\":\"https:\/\/www.transtoyou.com\/de\/#organization\"},\"potentialAction\":[{\"@type\":\"SearchAction\",\"target\":{\"@type\":\"EntryPoint\",\"urlTemplate\":\"https:\/\/www.transtoyou.com\/de\/?s={search_term_string}\"},\"query-input\":{\"@type\":\"PropertyValueSpecification\",\"valueRequired\":true,\"valueName\":\"search_term_string\"}}],\"inLanguage\":\"de\"},{\"@type\":\"Organization\",\"@id\":\"https:\/\/www.transtoyou.com\/de\/#organization\",\"name\":\"Transtoyou - DE\",\"url\":\"https:\/\/www.transtoyou.com\/de\/\",\"logo\":{\"@type\":\"ImageObject\",\"inLanguage\":\"de\",\"@id\":\"https:\/\/www.transtoyou.com\/de\/#\/schema\/logo\/image\/\",\"url\":\"https:\/\/www.transtoyou.com\/de\/wp-content\/uploads\/sites\/4\/2026\/01\/logo-tty-menu-bar-300x87-1.webp\",\"contentUrl\":\"https:\/\/www.transtoyou.com\/de\/wp-content\/uploads\/sites\/4\/2026\/01\/logo-tty-menu-bar-300x87-1.webp\",\"width\":300,\"height\":87,\"caption\":\"Transtoyou - DE\"},\"image\":{\"@id\":\"https:\/\/www.transtoyou.com\/de\/#\/schema\/logo\/image\/\"}}]}<\/script>\n<!-- \/ Yoast SEO plugin. -->","yoast_head_json":{"title":"Wegovy | Effektive L\u00f6sung zur Gewichtsregulation - Transtoyou","description":"Entdecke Wegovy f\u00fcr effektives Gewichtsmanagement bei Transtoyou. Jetzt einkaufen f\u00fcr klinisch genehmigte Gesundheitsl\u00f6sungen.","robots":{"index":"noindex","follow":"follow","max-snippet":"max-snippet:-1","max-image-preview":"max-image-preview:large","max-video-preview":"max-video-preview:-1"},"og_locale":"de_DE","og_type":"article","og_title":"Wegovy | Effektive L\u00f6sung zur Gewichtsregulation - Transtoyou","og_description":"Entdecke Wegovy f\u00fcr effektives Gewichtsmanagement bei Transtoyou. Jetzt einkaufen f\u00fcr klinisch genehmigte Gesundheitsl\u00f6sungen.","og_url":"https:\/\/www.transtoyou.com\/de\/product\/wegovy\/","og_site_name":"Transtoyou - DE","article_modified_time":"2026-03-08T10:38:45+00:00","twitter_card":"summary_large_image","twitter_misc":{"Gesch\u00e4tzte Lesezeit":"1\u00a0Minute"},"schema":{"@context":"https:\/\/schema.org","@graph":[{"@type":"WebPage","@id":"https:\/\/www.transtoyou.com\/de\/product\/wegovy\/","url":"https:\/\/www.transtoyou.com\/de\/product\/wegovy\/","name":"Wegovy | Effektive L\u00f6sung zur Gewichtsregulation - Transtoyou","isPartOf":{"@id":"https:\/\/www.transtoyou.com\/de\/#website"},"primaryImageOfPage":{"@id":"https:\/\/www.transtoyou.com\/de\/product\/wegovy\/#primaryimage"},"image":{"@id":"https:\/\/www.transtoyou.com\/de\/product\/wegovy\/#primaryimage"},"thumbnailUrl":"https:\/\/www.transtoyou.com\/de\/wp-content\/uploads\/sites\/4\/2026\/01\/wegovy-transtoyou-overview.png","datePublished":"2026-01-22T14:21:15+00:00","dateModified":"2026-03-08T10:38:45+00:00","description":"Entdecke Wegovy f\u00fcr effektives Gewichtsmanagement bei Transtoyou. Jetzt einkaufen f\u00fcr klinisch genehmigte Gesundheitsl\u00f6sungen.","breadcrumb":{"@id":"https:\/\/www.transtoyou.com\/de\/product\/wegovy\/#breadcrumb"},"inLanguage":"de","potentialAction":[{"@type":"ReadAction","target":["https:\/\/www.transtoyou.com\/de\/product\/wegovy\/"]}]},{"@type":"ImageObject","inLanguage":"de","@id":"https:\/\/www.transtoyou.com\/de\/product\/wegovy\/#primaryimage","url":"https:\/\/www.transtoyou.com\/de\/wp-content\/uploads\/sites\/4\/2026\/01\/wegovy-transtoyou-overview.png","contentUrl":"https:\/\/www.transtoyou.com\/de\/wp-content\/uploads\/sites\/4\/2026\/01\/wegovy-transtoyou-overview.png","width":1080,"height":1080,"caption":"Wegovy Injektionspen - Transtoyou"},{"@type":"WebSite","@id":"https:\/\/www.transtoyou.com\/de\/#website","url":"https:\/\/www.transtoyou.com\/de\/","name":"Transtoyou - DE","description":"DE","publisher":{"@id":"https:\/\/www.transtoyou.com\/de\/#organization"},"potentialAction":[{"@type":"SearchAction","target":{"@type":"EntryPoint","urlTemplate":"https:\/\/www.transtoyou.com\/de\/?s={search_term_string}"},"query-input":{"@type":"PropertyValueSpecification","valueRequired":true,"valueName":"search_term_string"}}],"inLanguage":"de"},{"@type":"Organization","@id":"https:\/\/www.transtoyou.com\/de\/#organization","name":"Transtoyou - DE","url":"https:\/\/www.transtoyou.com\/de\/","logo":{"@type":"ImageObject","inLanguage":"de","@id":"https:\/\/www.transtoyou.com\/de\/#\/schema\/logo\/image\/","url":"https:\/\/www.transtoyou.com\/de\/wp-content\/uploads\/sites\/4\/2026\/01\/logo-tty-menu-bar-300x87-1.webp","contentUrl":"https:\/\/www.transtoyou.com\/de\/wp-content\/uploads\/sites\/4\/2026\/01\/logo-tty-menu-bar-300x87-1.webp","width":300,"height":87,"caption":"Transtoyou - DE"},"image":{"@id":"https:\/\/www.transtoyou.com\/de\/#\/schema\/logo\/image\/"}}]}},"_links":{"self":[{"href":"https:\/\/www.transtoyou.com\/de\/wp-json\/wp\/v2\/product\/760","targetHints":{"allow":["GET"]}}],"collection":[{"href":"https:\/\/www.transtoyou.com\/de\/wp-json\/wp\/v2\/product"}],"about":[{"href":"https:\/\/www.transtoyou.com\/de\/wp-json\/wp\/v2\/types\/product"}],"replies":[{"embeddable":true,"href":"https:\/\/www.transtoyou.com\/de\/wp-json\/wp\/v2\/comments?post=760"}],"wp:featuredmedia":[{"embeddable":true,"href":"https:\/\/www.transtoyou.com\/de\/wp-json\/wp\/v2\/media\/762"}],"wp:attachment":[{"href":"https:\/\/www.transtoyou.com\/de\/wp-json\/wp\/v2\/media?parent=760"}],"wp:term":[{"taxonomy":"product_brand","embeddable":true,"href":"https:\/\/www.transtoyou.com\/de\/wp-json\/wp\/v2\/product_brand?post=760"},{"taxonomy":"product_cat","embeddable":true,"href":"https:\/\/www.transtoyou.com\/de\/wp-json\/wp\/v2\/product_cat?post=760"},{"taxonomy":"product_tag","embeddable":true,"href":"https:\/\/www.transtoyou.com\/de\/wp-json\/wp\/v2\/product_tag?post=760"},{"taxonomy":"expert","embeddable":true,"href":"https:\/\/www.transtoyou.com\/de\/wp-json\/wp\/v2\/expert?post=760"}],"curies":[{"name":"wp","href":"https:\/\/api.w.org\/{rel}","templated":true}]}}