{"id":763,"date":"2026-01-22T16:38:52","date_gmt":"2026-01-22T14:38:52","guid":{"rendered":"https:\/\/www.transtoyou.com\/de\/product\/saxenda\/"},"modified":"2026-03-05T11:34:21","modified_gmt":"2026-03-05T09:34:21","slug":"saxenda","status":"publish","type":"product","link":"https:\/\/www.transtoyou.com\/de\/product\/saxenda\/","title":{"rendered":"Saxenda"},"content":{"rendered":"<p>Saxenda ist ein injizierbares Rezeptmedikament, das entwickelt wurde, um Erwachsenen mit \u00dcbergewicht oder Adipositas beim Abnehmen zu helfen. Es enth\u00e4lt Liraglutid, eine Verbindung, die ein nat\u00fcrliches Hormon im K\u00f6rper nachahmt, das als GLP-1 bekannt ist. Dieses Hormon spielt eine Rolle bei der Regulierung von Appetit, Blutzucker und Verdauung. Saxenda wirkt, indem es mit Rezeptoren im Gehirn interagiert, um dir zu helfen, schneller ein S\u00e4ttigungsgef\u00fchl zu versp\u00fcren und den Hunger zwischen den Mahlzeiten zu reduzieren.<\/p>\n<p>Im Gegensatz zu vielen traditionellen Abnehmpillen wird Saxenda \u00fcber eine t\u00e4gliche Injektion unter die Haut mit einem vorgef\u00fcllten Pen verabreicht. Es ist am effektivsten, wenn es zusammen mit einer kalorienreduzierten Ern\u00e4hrung und erh\u00f6hter k\u00f6rperlicher Aktivit\u00e4t verwendet wird. Personen, die Saxenda verwenden, erleben oft eine allm\u00e4hliche, stetige Gewichtsabnahme \u00fcber die Zeit, was zu Verbesserungen bei anderen Gesundheitszust\u00e4nden wie Typ-2-Diabetes, Bluthochdruck oder erh\u00f6htem Cholesterin f\u00fchren kann.<\/p>\n<p>Saxenda wird normalerweise mit einer niedrigen Dosis begonnen, um dem K\u00f6rper die Anpassung zu erm\u00f6glichen, mit schrittweisen Erh\u00f6hungen \u00fcber mehrere Wochen. Dieser schrittweise Ansatz hilft, h\u00e4ufige Nebenwirkungen wie \u00dcbelkeit oder Magenbeschwerden zu minimieren. W\u00e4hrend das Medikament den Appetit und das S\u00e4ttigungsgef\u00fchl beeinflusst, beschleunigt es nicht den Stoffwechsel und wirkt nicht als Stimulans.<\/p>\n","protected":false},"excerpt":{"rendered":"<ul>\n<li>Unterst\u00fctzung der Appetitregulation<\/li>\n<li>T\u00e4gliche Injektion<\/li>\n<li>F\u00f6rdert einen schrittweisen Gewichtsverlust<\/li>\n<\/ul>\n","protected":false},"featured_media":765,"comment_status":"open","ping_status":"closed","template":"","meta":[],"product_brand":[],"product_cat":[180],"product_tag":[],"expert":[16],"class_list":{"0":"post-763","1":"product","2":"type-product","3":"status-publish","4":"has-post-thumbnail","6":"product_cat-gewichtsreduktion","7":"expert-dr-c-alexandru","9":"first","10":"instock","11":"shipping-taxable","12":"product-type-variable"},"yoast_head":"<!-- This site is optimized with the Yoast SEO plugin v27.0 - https:\/\/yoast.com\/product\/yoast-seo-wordpress\/ -->\n<title>Saxenda | Effektive Gewichtsreduktion - Transtoyou<\/title>\n<meta name=\"description\" content=\"Entdecke Saxenda bei Transtoyou f\u00fcr effektives Gewichtsmanagement. Klinisch gepr\u00fcft, zuverl\u00e4ssig und bequem. Jetzt f\u00fcr deine Gesundheit einkaufen.\" \/>\n<meta name=\"robots\" content=\"noindex, follow, max-snippet:-1, max-image-preview:large, max-video-preview:-1\" \/>\n<meta property=\"og:locale\" content=\"de_DE\" \/>\n<meta property=\"og:type\" content=\"article\" \/>\n<meta property=\"og:title\" content=\"Saxenda | Effektive Gewichtsreduktion - Transtoyou\" \/>\n<meta property=\"og:description\" content=\"Entdecke Saxenda bei Transtoyou f\u00fcr effektives Gewichtsmanagement. Klinisch gepr\u00fcft, zuverl\u00e4ssig und bequem. Jetzt f\u00fcr deine Gesundheit einkaufen.\" \/>\n<meta property=\"og:url\" content=\"https:\/\/www.transtoyou.com\/de\/product\/saxenda\/\" \/>\n<meta property=\"og:site_name\" content=\"Transtoyou - DE\" \/>\n<meta property=\"article:modified_time\" content=\"2026-03-05T09:34:21+00:00\" \/>\n<meta name=\"twitter:card\" content=\"summary_large_image\" \/>\n<meta name=\"twitter:label1\" content=\"Gesch\u00e4tzte Lesezeit\" \/>\n\t<meta name=\"twitter:data1\" content=\"1\u00a0Minute\" \/>\n<script type=\"application\/ld+json\" class=\"yoast-schema-graph\">{\"@context\":\"https:\/\/schema.org\",\"@graph\":[{\"@type\":\"WebPage\",\"@id\":\"https:\/\/www.transtoyou.com\/de\/product\/saxenda\/\",\"url\":\"https:\/\/www.transtoyou.com\/de\/product\/saxenda\/\",\"name\":\"Saxenda | Effektive Gewichtsreduktion - Transtoyou\",\"isPartOf\":{\"@id\":\"https:\/\/www.transtoyou.com\/de\/#website\"},\"primaryImageOfPage\":{\"@id\":\"https:\/\/www.transtoyou.com\/de\/product\/saxenda\/#primaryimage\"},\"image\":{\"@id\":\"https:\/\/www.transtoyou.com\/de\/product\/saxenda\/#primaryimage\"},\"thumbnailUrl\":\"https:\/\/www.transtoyou.com\/de\/wp-content\/uploads\/sites\/4\/2026\/01\/tty-no-product-image-8.webp\",\"datePublished\":\"2026-01-22T14:38:52+00:00\",\"dateModified\":\"2026-03-05T09:34:21+00:00\",\"description\":\"Entdecke Saxenda bei Transtoyou f\u00fcr effektives Gewichtsmanagement. Klinisch gepr\u00fcft, zuverl\u00e4ssig und bequem. Jetzt f\u00fcr deine Gesundheit einkaufen.\",\"breadcrumb\":{\"@id\":\"https:\/\/www.transtoyou.com\/de\/product\/saxenda\/#breadcrumb\"},\"inLanguage\":\"de\",\"potentialAction\":[{\"@type\":\"ReadAction\",\"target\":[\"https:\/\/www.transtoyou.com\/de\/product\/saxenda\/\"]}]},{\"@type\":\"ImageObject\",\"inLanguage\":\"de\",\"@id\":\"https:\/\/www.transtoyou.com\/de\/product\/saxenda\/#primaryimage\",\"url\":\"https:\/\/www.transtoyou.com\/de\/wp-content\/uploads\/sites\/4\/2026\/01\/tty-no-product-image-8.webp\",\"contentUrl\":\"https:\/\/www.transtoyou.com\/de\/wp-content\/uploads\/sites\/4\/2026\/01\/tty-no-product-image-8.webp\",\"width\":1000,\"height\":1000,\"caption\":\"Standardproduktbild\"},{\"@type\":\"WebSite\",\"@id\":\"https:\/\/www.transtoyou.com\/de\/#website\",\"url\":\"https:\/\/www.transtoyou.com\/de\/\",\"name\":\"Transtoyou - DE\",\"description\":\"DE\",\"publisher\":{\"@id\":\"https:\/\/www.transtoyou.com\/de\/#organization\"},\"potentialAction\":[{\"@type\":\"SearchAction\",\"target\":{\"@type\":\"EntryPoint\",\"urlTemplate\":\"https:\/\/www.transtoyou.com\/de\/?s={search_term_string}\"},\"query-input\":{\"@type\":\"PropertyValueSpecification\",\"valueRequired\":true,\"valueName\":\"search_term_string\"}}],\"inLanguage\":\"de\"},{\"@type\":\"Organization\",\"@id\":\"https:\/\/www.transtoyou.com\/de\/#organization\",\"name\":\"Transtoyou - DE\",\"url\":\"https:\/\/www.transtoyou.com\/de\/\",\"logo\":{\"@type\":\"ImageObject\",\"inLanguage\":\"de\",\"@id\":\"https:\/\/www.transtoyou.com\/de\/#\/schema\/logo\/image\/\",\"url\":\"https:\/\/www.transtoyou.com\/de\/wp-content\/uploads\/sites\/4\/2026\/01\/logo-tty-menu-bar-300x87-1.webp\",\"contentUrl\":\"https:\/\/www.transtoyou.com\/de\/wp-content\/uploads\/sites\/4\/2026\/01\/logo-tty-menu-bar-300x87-1.webp\",\"width\":300,\"height\":87,\"caption\":\"Transtoyou - DE\"},\"image\":{\"@id\":\"https:\/\/www.transtoyou.com\/de\/#\/schema\/logo\/image\/\"}}]}<\/script>\n<!-- \/ Yoast SEO plugin. -->","yoast_head_json":{"title":"Saxenda | Effektive Gewichtsreduktion - Transtoyou","description":"Entdecke Saxenda bei Transtoyou f\u00fcr effektives Gewichtsmanagement. Klinisch gepr\u00fcft, zuverl\u00e4ssig und bequem. Jetzt f\u00fcr deine Gesundheit einkaufen.","robots":{"index":"noindex","follow":"follow","max-snippet":"max-snippet:-1","max-image-preview":"max-image-preview:large","max-video-preview":"max-video-preview:-1"},"og_locale":"de_DE","og_type":"article","og_title":"Saxenda | Effektive Gewichtsreduktion - Transtoyou","og_description":"Entdecke Saxenda bei Transtoyou f\u00fcr effektives Gewichtsmanagement. Klinisch gepr\u00fcft, zuverl\u00e4ssig und bequem. Jetzt f\u00fcr deine Gesundheit einkaufen.","og_url":"https:\/\/www.transtoyou.com\/de\/product\/saxenda\/","og_site_name":"Transtoyou - DE","article_modified_time":"2026-03-05T09:34:21+00:00","twitter_card":"summary_large_image","twitter_misc":{"Gesch\u00e4tzte Lesezeit":"1\u00a0Minute"},"schema":{"@context":"https:\/\/schema.org","@graph":[{"@type":"WebPage","@id":"https:\/\/www.transtoyou.com\/de\/product\/saxenda\/","url":"https:\/\/www.transtoyou.com\/de\/product\/saxenda\/","name":"Saxenda | Effektive Gewichtsreduktion - Transtoyou","isPartOf":{"@id":"https:\/\/www.transtoyou.com\/de\/#website"},"primaryImageOfPage":{"@id":"https:\/\/www.transtoyou.com\/de\/product\/saxenda\/#primaryimage"},"image":{"@id":"https:\/\/www.transtoyou.com\/de\/product\/saxenda\/#primaryimage"},"thumbnailUrl":"https:\/\/www.transtoyou.com\/de\/wp-content\/uploads\/sites\/4\/2026\/01\/tty-no-product-image-8.webp","datePublished":"2026-01-22T14:38:52+00:00","dateModified":"2026-03-05T09:34:21+00:00","description":"Entdecke Saxenda bei Transtoyou f\u00fcr effektives Gewichtsmanagement. Klinisch gepr\u00fcft, zuverl\u00e4ssig und bequem. Jetzt f\u00fcr deine Gesundheit einkaufen.","breadcrumb":{"@id":"https:\/\/www.transtoyou.com\/de\/product\/saxenda\/#breadcrumb"},"inLanguage":"de","potentialAction":[{"@type":"ReadAction","target":["https:\/\/www.transtoyou.com\/de\/product\/saxenda\/"]}]},{"@type":"ImageObject","inLanguage":"de","@id":"https:\/\/www.transtoyou.com\/de\/product\/saxenda\/#primaryimage","url":"https:\/\/www.transtoyou.com\/de\/wp-content\/uploads\/sites\/4\/2026\/01\/tty-no-product-image-8.webp","contentUrl":"https:\/\/www.transtoyou.com\/de\/wp-content\/uploads\/sites\/4\/2026\/01\/tty-no-product-image-8.webp","width":1000,"height":1000,"caption":"Standardproduktbild"},{"@type":"WebSite","@id":"https:\/\/www.transtoyou.com\/de\/#website","url":"https:\/\/www.transtoyou.com\/de\/","name":"Transtoyou - DE","description":"DE","publisher":{"@id":"https:\/\/www.transtoyou.com\/de\/#organization"},"potentialAction":[{"@type":"SearchAction","target":{"@type":"EntryPoint","urlTemplate":"https:\/\/www.transtoyou.com\/de\/?s={search_term_string}"},"query-input":{"@type":"PropertyValueSpecification","valueRequired":true,"valueName":"search_term_string"}}],"inLanguage":"de"},{"@type":"Organization","@id":"https:\/\/www.transtoyou.com\/de\/#organization","name":"Transtoyou - DE","url":"https:\/\/www.transtoyou.com\/de\/","logo":{"@type":"ImageObject","inLanguage":"de","@id":"https:\/\/www.transtoyou.com\/de\/#\/schema\/logo\/image\/","url":"https:\/\/www.transtoyou.com\/de\/wp-content\/uploads\/sites\/4\/2026\/01\/logo-tty-menu-bar-300x87-1.webp","contentUrl":"https:\/\/www.transtoyou.com\/de\/wp-content\/uploads\/sites\/4\/2026\/01\/logo-tty-menu-bar-300x87-1.webp","width":300,"height":87,"caption":"Transtoyou - DE"},"image":{"@id":"https:\/\/www.transtoyou.com\/de\/#\/schema\/logo\/image\/"}}]}},"_links":{"self":[{"href":"https:\/\/www.transtoyou.com\/de\/wp-json\/wp\/v2\/product\/763","targetHints":{"allow":["GET"]}}],"collection":[{"href":"https:\/\/www.transtoyou.com\/de\/wp-json\/wp\/v2\/product"}],"about":[{"href":"https:\/\/www.transtoyou.com\/de\/wp-json\/wp\/v2\/types\/product"}],"replies":[{"embeddable":true,"href":"https:\/\/www.transtoyou.com\/de\/wp-json\/wp\/v2\/comments?post=763"}],"wp:featuredmedia":[{"embeddable":true,"href":"https:\/\/www.transtoyou.com\/de\/wp-json\/wp\/v2\/media\/765"}],"wp:attachment":[{"href":"https:\/\/www.transtoyou.com\/de\/wp-json\/wp\/v2\/media?parent=763"}],"wp:term":[{"taxonomy":"product_brand","embeddable":true,"href":"https:\/\/www.transtoyou.com\/de\/wp-json\/wp\/v2\/product_brand?post=763"},{"taxonomy":"product_cat","embeddable":true,"href":"https:\/\/www.transtoyou.com\/de\/wp-json\/wp\/v2\/product_cat?post=763"},{"taxonomy":"product_tag","embeddable":true,"href":"https:\/\/www.transtoyou.com\/de\/wp-json\/wp\/v2\/product_tag?post=763"},{"taxonomy":"expert","embeddable":true,"href":"https:\/\/www.transtoyou.com\/de\/wp-json\/wp\/v2\/expert?post=763"}],"curies":[{"name":"wp","href":"https:\/\/api.w.org\/{rel}","templated":true}]}}