{"id":766,"date":"2026-01-22T16:56:15","date_gmt":"2026-01-22T14:56:15","guid":{"rendered":"https:\/\/www.transtoyou.com\/de\/product\/orlistat\/"},"modified":"2026-03-01T11:25:11","modified_gmt":"2026-03-01T09:25:11","slug":"orlistat","status":"publish","type":"product","link":"https:\/\/www.transtoyou.com\/de\/product\/orlistat\/","title":{"rendered":"Orlistat"},"content":{"rendered":"<p>Orlistat ist ein Medikament zur Gewichtsreduktion, das wirkt, indem es die Absorption von Fett aus der Nahrung, die du isst, verhindert. Es wird typischerweise von Erwachsenen verwendet, die \u00fcbergewichtig oder fettleibig sind und versuchen, ihr Gewicht in Kombination mit einer kalorienreduzierten, fettarmen Ern\u00e4hrung zu managen. Im Gegensatz zu Appetitz\u00fcglern, die das Gehirn beeinflussen, wirkt Orlistat lokal im Verdauungstrakt und zielt auf das Enzym Lipase ab. Dieses Enzym ist verantwortlich f\u00fcr den Abbau von Nahrungsfett, damit es vom K\u00f6rper aufgenommen werden kann. Durch die Hemmung von Lipase stellt Orlistat sicher, dass etwa ein Drittel des Nahrungsfetts nicht aufgenommen wird und stattdessen auf nat\u00fcrliche Weise durch den K\u00f6rper ausgeschieden wird.<\/p>\n<p>Orlistat wird normalerweise dreimal t\u00e4glich mit jeder Hauptmahlzeit eingenommen, die Fett enth\u00e4lt. Seine Wirksamkeit ist eng mit der Aufrechterhaltung einer ausgewogenen Ern\u00e4hrung und regelm\u00e4\u00dfiger k\u00f6rperlicher Aktivit\u00e4t verbunden. Die meisten Nutzer beginnen innerhalb weniger Wochen eine allm\u00e4hliche Gewichtsreduktion zu beobachten. Dar\u00fcber hinaus hat sich gezeigt, dass Orlistat hilft, den Blutdruck, die Cholesterinwerte und die Blutzuckerregulation bei Menschen mit gewichtsbedingten Gesundheitsproblemen zu verbessern.<\/p>\n<p>Die h\u00e4ufigsten Nebenwirkungen sind verdauungsbedingter Natur und umfassen \u00f6lige oder fettige St\u00fchle, erh\u00f6hte Stuhlg\u00e4nge oder Magenbeschwerden. Diese Nebenwirkungen nehmen oft ab, wenn sich der K\u00f6rper anpasst und die Nutzer eine fett\u00e4rmere Ern\u00e4hrung annehmen. Um die Absorption von fettl\u00f6slichen Vitaminen zu unterst\u00fctzen, wird oft empfohlen, ein Multivitaminpr\u00e4parat zu einem anderen Zeitpunkt des Tages als die Orlistat-Dosis einzunehmen.<\/p>\n","protected":false},"excerpt":{"rendered":"<ul>\n<li>Reduziert die Fettaufnahme<\/li>\n<li>Nicht-systemisches Gewichtsverlustmittel<\/li>\n<li>Hilft, die metabolische Gesundheit zu verbessern<\/li>\n<\/ul>\n","protected":false},"featured_media":768,"comment_status":"open","ping_status":"closed","template":"","meta":[],"product_brand":[],"product_cat":[180],"product_tag":[],"expert":[16],"class_list":{"0":"post-766","1":"product","2":"type-product","3":"status-publish","4":"has-post-thumbnail","6":"product_cat-gewichtsreduktion","7":"expert-dr-c-alexandru","9":"first","10":"instock","11":"shipping-taxable","12":"product-type-variable"},"yoast_head":"<!-- This site is optimized with the Yoast SEO plugin v27.0 - https:\/\/yoast.com\/product\/yoast-seo-wordpress\/ -->\n<title>Orlistat | Effektives Gewichtsmanagement - Transtoyou<\/title>\n<meta name=\"description\" content=\"Orlistat: Unterst\u00fctze dein Gewichtsmanagement mit diesem effektiven Produkt, erh\u00e4ltlich bei Transtoyou. Jetzt shoppen f\u00fcr eine vertrauensw\u00fcrdige L\u00f6sung.\" \/>\n<meta name=\"robots\" content=\"noindex, follow, max-snippet:-1, max-image-preview:large, max-video-preview:-1\" \/>\n<meta property=\"og:locale\" content=\"de_DE\" \/>\n<meta property=\"og:type\" content=\"article\" \/>\n<meta property=\"og:title\" content=\"Orlistat | Effektives Gewichtsmanagement - Transtoyou\" \/>\n<meta property=\"og:description\" content=\"Orlistat: Unterst\u00fctze dein Gewichtsmanagement mit diesem effektiven Produkt, erh\u00e4ltlich bei Transtoyou. Jetzt shoppen f\u00fcr eine vertrauensw\u00fcrdige L\u00f6sung.\" \/>\n<meta property=\"og:url\" content=\"https:\/\/www.transtoyou.com\/de\/product\/orlistat\/\" \/>\n<meta property=\"og:site_name\" content=\"Transtoyou - DE\" \/>\n<meta property=\"article:modified_time\" content=\"2026-03-01T09:25:11+00:00\" \/>\n<meta name=\"twitter:card\" content=\"summary_large_image\" \/>\n<meta name=\"twitter:label1\" content=\"Gesch\u00e4tzte Lesezeit\" \/>\n\t<meta name=\"twitter:data1\" content=\"1\u00a0Minute\" \/>\n<script type=\"application\/ld+json\" class=\"yoast-schema-graph\">{\"@context\":\"https:\/\/schema.org\",\"@graph\":[{\"@type\":\"WebPage\",\"@id\":\"https:\/\/www.transtoyou.com\/de\/product\/orlistat\/\",\"url\":\"https:\/\/www.transtoyou.com\/de\/product\/orlistat\/\",\"name\":\"Orlistat | Effektives Gewichtsmanagement - Transtoyou\",\"isPartOf\":{\"@id\":\"https:\/\/www.transtoyou.com\/de\/#website\"},\"primaryImageOfPage\":{\"@id\":\"https:\/\/www.transtoyou.com\/de\/product\/orlistat\/#primaryimage\"},\"image\":{\"@id\":\"https:\/\/www.transtoyou.com\/de\/product\/orlistat\/#primaryimage\"},\"thumbnailUrl\":\"https:\/\/www.transtoyou.com\/de\/wp-content\/uploads\/sites\/4\/2026\/01\/tty-no-product-image-9.webp\",\"datePublished\":\"2026-01-22T14:56:15+00:00\",\"dateModified\":\"2026-03-01T09:25:11+00:00\",\"description\":\"Orlistat: Unterst\u00fctze dein Gewichtsmanagement mit diesem effektiven Produkt, erh\u00e4ltlich bei Transtoyou. Jetzt shoppen f\u00fcr eine vertrauensw\u00fcrdige L\u00f6sung.\",\"breadcrumb\":{\"@id\":\"https:\/\/www.transtoyou.com\/de\/product\/orlistat\/#breadcrumb\"},\"inLanguage\":\"de\",\"potentialAction\":[{\"@type\":\"ReadAction\",\"target\":[\"https:\/\/www.transtoyou.com\/de\/product\/orlistat\/\"]}]},{\"@type\":\"ImageObject\",\"inLanguage\":\"de\",\"@id\":\"https:\/\/www.transtoyou.com\/de\/product\/orlistat\/#primaryimage\",\"url\":\"https:\/\/www.transtoyou.com\/de\/wp-content\/uploads\/sites\/4\/2026\/01\/tty-no-product-image-9.webp\",\"contentUrl\":\"https:\/\/www.transtoyou.com\/de\/wp-content\/uploads\/sites\/4\/2026\/01\/tty-no-product-image-9.webp\",\"width\":1000,\"height\":1000,\"caption\":\"Standardproduktbild\"},{\"@type\":\"WebSite\",\"@id\":\"https:\/\/www.transtoyou.com\/de\/#website\",\"url\":\"https:\/\/www.transtoyou.com\/de\/\",\"name\":\"Transtoyou - DE\",\"description\":\"DE\",\"publisher\":{\"@id\":\"https:\/\/www.transtoyou.com\/de\/#organization\"},\"potentialAction\":[{\"@type\":\"SearchAction\",\"target\":{\"@type\":\"EntryPoint\",\"urlTemplate\":\"https:\/\/www.transtoyou.com\/de\/?s={search_term_string}\"},\"query-input\":{\"@type\":\"PropertyValueSpecification\",\"valueRequired\":true,\"valueName\":\"search_term_string\"}}],\"inLanguage\":\"de\"},{\"@type\":\"Organization\",\"@id\":\"https:\/\/www.transtoyou.com\/de\/#organization\",\"name\":\"Transtoyou - DE\",\"url\":\"https:\/\/www.transtoyou.com\/de\/\",\"logo\":{\"@type\":\"ImageObject\",\"inLanguage\":\"de\",\"@id\":\"https:\/\/www.transtoyou.com\/de\/#\/schema\/logo\/image\/\",\"url\":\"https:\/\/www.transtoyou.com\/de\/wp-content\/uploads\/sites\/4\/2026\/01\/logo-tty-menu-bar-300x87-1.webp\",\"contentUrl\":\"https:\/\/www.transtoyou.com\/de\/wp-content\/uploads\/sites\/4\/2026\/01\/logo-tty-menu-bar-300x87-1.webp\",\"width\":300,\"height\":87,\"caption\":\"Transtoyou - DE\"},\"image\":{\"@id\":\"https:\/\/www.transtoyou.com\/de\/#\/schema\/logo\/image\/\"}}]}<\/script>\n<!-- \/ Yoast SEO plugin. -->","yoast_head_json":{"title":"Orlistat | Effektives Gewichtsmanagement - Transtoyou","description":"Orlistat: Unterst\u00fctze dein Gewichtsmanagement mit diesem effektiven Produkt, erh\u00e4ltlich bei Transtoyou. Jetzt shoppen f\u00fcr eine vertrauensw\u00fcrdige L\u00f6sung.","robots":{"index":"noindex","follow":"follow","max-snippet":"max-snippet:-1","max-image-preview":"max-image-preview:large","max-video-preview":"max-video-preview:-1"},"og_locale":"de_DE","og_type":"article","og_title":"Orlistat | Effektives Gewichtsmanagement - Transtoyou","og_description":"Orlistat: Unterst\u00fctze dein Gewichtsmanagement mit diesem effektiven Produkt, erh\u00e4ltlich bei Transtoyou. Jetzt shoppen f\u00fcr eine vertrauensw\u00fcrdige L\u00f6sung.","og_url":"https:\/\/www.transtoyou.com\/de\/product\/orlistat\/","og_site_name":"Transtoyou - DE","article_modified_time":"2026-03-01T09:25:11+00:00","twitter_card":"summary_large_image","twitter_misc":{"Gesch\u00e4tzte Lesezeit":"1\u00a0Minute"},"schema":{"@context":"https:\/\/schema.org","@graph":[{"@type":"WebPage","@id":"https:\/\/www.transtoyou.com\/de\/product\/orlistat\/","url":"https:\/\/www.transtoyou.com\/de\/product\/orlistat\/","name":"Orlistat | Effektives Gewichtsmanagement - Transtoyou","isPartOf":{"@id":"https:\/\/www.transtoyou.com\/de\/#website"},"primaryImageOfPage":{"@id":"https:\/\/www.transtoyou.com\/de\/product\/orlistat\/#primaryimage"},"image":{"@id":"https:\/\/www.transtoyou.com\/de\/product\/orlistat\/#primaryimage"},"thumbnailUrl":"https:\/\/www.transtoyou.com\/de\/wp-content\/uploads\/sites\/4\/2026\/01\/tty-no-product-image-9.webp","datePublished":"2026-01-22T14:56:15+00:00","dateModified":"2026-03-01T09:25:11+00:00","description":"Orlistat: Unterst\u00fctze dein Gewichtsmanagement mit diesem effektiven Produkt, erh\u00e4ltlich bei Transtoyou. Jetzt shoppen f\u00fcr eine vertrauensw\u00fcrdige L\u00f6sung.","breadcrumb":{"@id":"https:\/\/www.transtoyou.com\/de\/product\/orlistat\/#breadcrumb"},"inLanguage":"de","potentialAction":[{"@type":"ReadAction","target":["https:\/\/www.transtoyou.com\/de\/product\/orlistat\/"]}]},{"@type":"ImageObject","inLanguage":"de","@id":"https:\/\/www.transtoyou.com\/de\/product\/orlistat\/#primaryimage","url":"https:\/\/www.transtoyou.com\/de\/wp-content\/uploads\/sites\/4\/2026\/01\/tty-no-product-image-9.webp","contentUrl":"https:\/\/www.transtoyou.com\/de\/wp-content\/uploads\/sites\/4\/2026\/01\/tty-no-product-image-9.webp","width":1000,"height":1000,"caption":"Standardproduktbild"},{"@type":"WebSite","@id":"https:\/\/www.transtoyou.com\/de\/#website","url":"https:\/\/www.transtoyou.com\/de\/","name":"Transtoyou - DE","description":"DE","publisher":{"@id":"https:\/\/www.transtoyou.com\/de\/#organization"},"potentialAction":[{"@type":"SearchAction","target":{"@type":"EntryPoint","urlTemplate":"https:\/\/www.transtoyou.com\/de\/?s={search_term_string}"},"query-input":{"@type":"PropertyValueSpecification","valueRequired":true,"valueName":"search_term_string"}}],"inLanguage":"de"},{"@type":"Organization","@id":"https:\/\/www.transtoyou.com\/de\/#organization","name":"Transtoyou - DE","url":"https:\/\/www.transtoyou.com\/de\/","logo":{"@type":"ImageObject","inLanguage":"de","@id":"https:\/\/www.transtoyou.com\/de\/#\/schema\/logo\/image\/","url":"https:\/\/www.transtoyou.com\/de\/wp-content\/uploads\/sites\/4\/2026\/01\/logo-tty-menu-bar-300x87-1.webp","contentUrl":"https:\/\/www.transtoyou.com\/de\/wp-content\/uploads\/sites\/4\/2026\/01\/logo-tty-menu-bar-300x87-1.webp","width":300,"height":87,"caption":"Transtoyou - DE"},"image":{"@id":"https:\/\/www.transtoyou.com\/de\/#\/schema\/logo\/image\/"}}]}},"_links":{"self":[{"href":"https:\/\/www.transtoyou.com\/de\/wp-json\/wp\/v2\/product\/766","targetHints":{"allow":["GET"]}}],"collection":[{"href":"https:\/\/www.transtoyou.com\/de\/wp-json\/wp\/v2\/product"}],"about":[{"href":"https:\/\/www.transtoyou.com\/de\/wp-json\/wp\/v2\/types\/product"}],"replies":[{"embeddable":true,"href":"https:\/\/www.transtoyou.com\/de\/wp-json\/wp\/v2\/comments?post=766"}],"wp:featuredmedia":[{"embeddable":true,"href":"https:\/\/www.transtoyou.com\/de\/wp-json\/wp\/v2\/media\/768"}],"wp:attachment":[{"href":"https:\/\/www.transtoyou.com\/de\/wp-json\/wp\/v2\/media?parent=766"}],"wp:term":[{"taxonomy":"product_brand","embeddable":true,"href":"https:\/\/www.transtoyou.com\/de\/wp-json\/wp\/v2\/product_brand?post=766"},{"taxonomy":"product_cat","embeddable":true,"href":"https:\/\/www.transtoyou.com\/de\/wp-json\/wp\/v2\/product_cat?post=766"},{"taxonomy":"product_tag","embeddable":true,"href":"https:\/\/www.transtoyou.com\/de\/wp-json\/wp\/v2\/product_tag?post=766"},{"taxonomy":"expert","embeddable":true,"href":"https:\/\/www.transtoyou.com\/de\/wp-json\/wp\/v2\/expert?post=766"}],"curies":[{"name":"wp","href":"https:\/\/api.w.org\/{rel}","templated":true}]}}