{"id":772,"date":"2026-01-22T17:29:22","date_gmt":"2026-01-22T15:29:22","guid":{"rendered":"https:\/\/www.transtoyou.com\/de\/product\/diflucan\/"},"modified":"2026-01-22T17:30:23","modified_gmt":"2026-01-22T15:30:23","slug":"diflucan","status":"publish","type":"product","link":"https:\/\/www.transtoyou.com\/de\/product\/diflucan\/","title":{"rendered":"Diflucan"},"content":{"rendered":"<p>Diflucan ist ein orales Antimykotikum, das zur Behandlung von vaginalen Hefepilzinfektionen durch Candida eingesetzt wird. Es enth\u00e4lt Fluconazol, einen systemischen Antimykotika, der die Ursache bek\u00e4mpft, indem er die Zellmembran des Pilzes beeintr\u00e4chtigt. Im Gegensatz zu lokalen Behandlungen wird es als einmalige orale Dosis eingenommen.<\/p>\n<p>Candida-Infektionen, allgemein bekannt als Soor, k\u00f6nnen Juckreiz, Reizungen, Schwellungen und abnormalen Ausfluss verursachen, da die nat\u00fcrliche vaginale Mikrobiota gest\u00f6rt wird. Diflucan wirkt, indem es die Bildung von Ergosterol blockiert, einem wesentlichen Bestandteil der Zellwand des Pilzes, was zum Absterben der Pilzzellen und zur Behebung der Infektion f\u00fchrt.<\/p>\n<p>Da es oral eingenommen wird, wirkt Diflucan systemisch und kann besonders n\u00fctzlich f\u00fcr Personen sein, die eine einmalige Behandlung bevorzugen oder keine vaginalen Produkte verwenden k\u00f6nnen. Viele Menschen k\u00f6nnen innerhalb von 24 bis 48 Stunden eine Linderung der Symptome erfahren, obwohl mehrere Tage f\u00fcr eine vollst\u00e4ndige Heilung erforderlich sein k\u00f6nnen.<\/p>\n<p>Nebenwirkungen sind in der Regel mild und k\u00f6nnen \u00dcbelkeit, Kopfschmerzen, Bauchbeschwerden oder Durchfall umfassen. Es sollte bei Personen mit Lebererkrankungen oder bei denen, die Medikamente einnehmen, die mit Fluconazol interagieren, insbesondere solche, die den Herzrhythmus oder die Leberenzyme beeinflussen, mit Vorsicht angewendet werden.<\/p>\n<p>Diflucan wird oft f\u00fcr einzelne Episoden von Soor verwendet, kann aber auch als Teil eines langfristigen Plans f\u00fcr wiederkehrende Infektionen verschrieben werden. Es wird in der fr\u00fchen Schwangerschaft ohne \u00e4rztlichen Rat nicht empfohlen; eine einmalige Dosis von 150 mg scheint geringe Risiken zu bergen, aber wiederholte oder hohe Dosen k\u00f6nnen potenziellen Schaden verursachen.<\/p>\n","protected":false},"excerpt":{"rendered":"<ul>\n<li>Einmalige Behandlung von Hefepilzinfektionen<\/li>\n<li>Wirkt systemisch gegen Candida<\/li>\n<li>Effektive orale antifungale Linderung<\/li>\n<\/ul>\n","protected":false},"featured_media":774,"comment_status":"open","ping_status":"closed","template":"","meta":[],"product_brand":[],"product_cat":[92,177],"product_tag":[],"expert":[19],"class_list":{"0":"post-772","1":"product","2":"type-product","3":"status-publish","4":"has-post-thumbnail","6":"product_cat-candida","7":"product_cat-vaginale-infektionen-antimykotika","8":"expert-dr-j-vazquez","10":"first","11":"instock","12":"shipping-taxable","13":"product-type-variable"},"yoast_head":"<!-- This site is optimized with the Yoast SEO plugin v27.0 - https:\/\/yoast.com\/product\/yoast-seo-wordpress\/ -->\n<title>Diflucan | Effektive Antimykotische L\u00f6sung - Transtoyou<\/title>\n<meta name=\"description\" content=\"L\u00f6se Pilzinfektionen mit Diflucan, erh\u00e4ltlich bei Transtoyou. Jetzt einkaufen f\u00fcr eine effektive Behandlung und linder deine Symptome heute.\" \/>\n<meta name=\"robots\" content=\"noindex, follow, max-snippet:-1, max-image-preview:large, max-video-preview:-1\" \/>\n<meta property=\"og:locale\" content=\"de_DE\" \/>\n<meta property=\"og:type\" content=\"article\" \/>\n<meta property=\"og:title\" content=\"Diflucan | Effektive Antimykotische L\u00f6sung - Transtoyou\" \/>\n<meta property=\"og:description\" content=\"L\u00f6se Pilzinfektionen mit Diflucan, erh\u00e4ltlich bei Transtoyou. Jetzt einkaufen f\u00fcr eine effektive Behandlung und linder deine Symptome heute.\" \/>\n<meta property=\"og:url\" content=\"https:\/\/www.transtoyou.com\/de\/product\/diflucan\/\" \/>\n<meta property=\"og:site_name\" content=\"Transtoyou - DE\" \/>\n<meta property=\"article:modified_time\" content=\"2026-01-22T15:30:23+00:00\" \/>\n<meta name=\"twitter:card\" content=\"summary_large_image\" \/>\n<meta name=\"twitter:label1\" content=\"Gesch\u00e4tzte Lesezeit\" \/>\n\t<meta name=\"twitter:data1\" content=\"1\u00a0Minute\" \/>\n<script type=\"application\/ld+json\" class=\"yoast-schema-graph\">{\"@context\":\"https:\/\/schema.org\",\"@graph\":[{\"@type\":\"WebPage\",\"@id\":\"https:\/\/www.transtoyou.com\/de\/product\/diflucan\/\",\"url\":\"https:\/\/www.transtoyou.com\/de\/product\/diflucan\/\",\"name\":\"Diflucan | Effektive Antimykotische L\u00f6sung - Transtoyou\",\"isPartOf\":{\"@id\":\"https:\/\/www.transtoyou.com\/de\/#website\"},\"primaryImageOfPage\":{\"@id\":\"https:\/\/www.transtoyou.com\/de\/product\/diflucan\/#primaryimage\"},\"image\":{\"@id\":\"https:\/\/www.transtoyou.com\/de\/product\/diflucan\/#primaryimage\"},\"thumbnailUrl\":\"https:\/\/www.transtoyou.com\/de\/wp-content\/uploads\/sites\/4\/2026\/01\/tty-no-product-image-11.webp\",\"datePublished\":\"2026-01-22T15:29:22+00:00\",\"dateModified\":\"2026-01-22T15:30:23+00:00\",\"description\":\"L\u00f6se Pilzinfektionen mit Diflucan, erh\u00e4ltlich bei Transtoyou. Jetzt einkaufen f\u00fcr eine effektive Behandlung und linder deine Symptome heute.\",\"breadcrumb\":{\"@id\":\"https:\/\/www.transtoyou.com\/de\/product\/diflucan\/#breadcrumb\"},\"inLanguage\":\"de\",\"potentialAction\":[{\"@type\":\"ReadAction\",\"target\":[\"https:\/\/www.transtoyou.com\/de\/product\/diflucan\/\"]}]},{\"@type\":\"ImageObject\",\"inLanguage\":\"de\",\"@id\":\"https:\/\/www.transtoyou.com\/de\/product\/diflucan\/#primaryimage\",\"url\":\"https:\/\/www.transtoyou.com\/de\/wp-content\/uploads\/sites\/4\/2026\/01\/tty-no-product-image-11.webp\",\"contentUrl\":\"https:\/\/www.transtoyou.com\/de\/wp-content\/uploads\/sites\/4\/2026\/01\/tty-no-product-image-11.webp\",\"width\":1000,\"height\":1000,\"caption\":\"Standardproduktbild\"},{\"@type\":\"WebSite\",\"@id\":\"https:\/\/www.transtoyou.com\/de\/#website\",\"url\":\"https:\/\/www.transtoyou.com\/de\/\",\"name\":\"Transtoyou - DE\",\"description\":\"DE\",\"publisher\":{\"@id\":\"https:\/\/www.transtoyou.com\/de\/#organization\"},\"potentialAction\":[{\"@type\":\"SearchAction\",\"target\":{\"@type\":\"EntryPoint\",\"urlTemplate\":\"https:\/\/www.transtoyou.com\/de\/?s={search_term_string}\"},\"query-input\":{\"@type\":\"PropertyValueSpecification\",\"valueRequired\":true,\"valueName\":\"search_term_string\"}}],\"inLanguage\":\"de\"},{\"@type\":\"Organization\",\"@id\":\"https:\/\/www.transtoyou.com\/de\/#organization\",\"name\":\"Transtoyou - DE\",\"url\":\"https:\/\/www.transtoyou.com\/de\/\",\"logo\":{\"@type\":\"ImageObject\",\"inLanguage\":\"de\",\"@id\":\"https:\/\/www.transtoyou.com\/de\/#\/schema\/logo\/image\/\",\"url\":\"https:\/\/www.transtoyou.com\/de\/wp-content\/uploads\/sites\/4\/2026\/01\/logo-tty-menu-bar-300x87-1.webp\",\"contentUrl\":\"https:\/\/www.transtoyou.com\/de\/wp-content\/uploads\/sites\/4\/2026\/01\/logo-tty-menu-bar-300x87-1.webp\",\"width\":300,\"height\":87,\"caption\":\"Transtoyou - DE\"},\"image\":{\"@id\":\"https:\/\/www.transtoyou.com\/de\/#\/schema\/logo\/image\/\"}}]}<\/script>\n<!-- \/ Yoast SEO plugin. -->","yoast_head_json":{"title":"Diflucan | Effektive Antimykotische L\u00f6sung - Transtoyou","description":"L\u00f6se Pilzinfektionen mit Diflucan, erh\u00e4ltlich bei Transtoyou. Jetzt einkaufen f\u00fcr eine effektive Behandlung und linder deine Symptome heute.","robots":{"index":"noindex","follow":"follow","max-snippet":"max-snippet:-1","max-image-preview":"max-image-preview:large","max-video-preview":"max-video-preview:-1"},"og_locale":"de_DE","og_type":"article","og_title":"Diflucan | Effektive Antimykotische L\u00f6sung - Transtoyou","og_description":"L\u00f6se Pilzinfektionen mit Diflucan, erh\u00e4ltlich bei Transtoyou. Jetzt einkaufen f\u00fcr eine effektive Behandlung und linder deine Symptome heute.","og_url":"https:\/\/www.transtoyou.com\/de\/product\/diflucan\/","og_site_name":"Transtoyou - DE","article_modified_time":"2026-01-22T15:30:23+00:00","twitter_card":"summary_large_image","twitter_misc":{"Gesch\u00e4tzte Lesezeit":"1\u00a0Minute"},"schema":{"@context":"https:\/\/schema.org","@graph":[{"@type":"WebPage","@id":"https:\/\/www.transtoyou.com\/de\/product\/diflucan\/","url":"https:\/\/www.transtoyou.com\/de\/product\/diflucan\/","name":"Diflucan | Effektive Antimykotische L\u00f6sung - Transtoyou","isPartOf":{"@id":"https:\/\/www.transtoyou.com\/de\/#website"},"primaryImageOfPage":{"@id":"https:\/\/www.transtoyou.com\/de\/product\/diflucan\/#primaryimage"},"image":{"@id":"https:\/\/www.transtoyou.com\/de\/product\/diflucan\/#primaryimage"},"thumbnailUrl":"https:\/\/www.transtoyou.com\/de\/wp-content\/uploads\/sites\/4\/2026\/01\/tty-no-product-image-11.webp","datePublished":"2026-01-22T15:29:22+00:00","dateModified":"2026-01-22T15:30:23+00:00","description":"L\u00f6se Pilzinfektionen mit Diflucan, erh\u00e4ltlich bei Transtoyou. Jetzt einkaufen f\u00fcr eine effektive Behandlung und linder deine Symptome heute.","breadcrumb":{"@id":"https:\/\/www.transtoyou.com\/de\/product\/diflucan\/#breadcrumb"},"inLanguage":"de","potentialAction":[{"@type":"ReadAction","target":["https:\/\/www.transtoyou.com\/de\/product\/diflucan\/"]}]},{"@type":"ImageObject","inLanguage":"de","@id":"https:\/\/www.transtoyou.com\/de\/product\/diflucan\/#primaryimage","url":"https:\/\/www.transtoyou.com\/de\/wp-content\/uploads\/sites\/4\/2026\/01\/tty-no-product-image-11.webp","contentUrl":"https:\/\/www.transtoyou.com\/de\/wp-content\/uploads\/sites\/4\/2026\/01\/tty-no-product-image-11.webp","width":1000,"height":1000,"caption":"Standardproduktbild"},{"@type":"WebSite","@id":"https:\/\/www.transtoyou.com\/de\/#website","url":"https:\/\/www.transtoyou.com\/de\/","name":"Transtoyou - DE","description":"DE","publisher":{"@id":"https:\/\/www.transtoyou.com\/de\/#organization"},"potentialAction":[{"@type":"SearchAction","target":{"@type":"EntryPoint","urlTemplate":"https:\/\/www.transtoyou.com\/de\/?s={search_term_string}"},"query-input":{"@type":"PropertyValueSpecification","valueRequired":true,"valueName":"search_term_string"}}],"inLanguage":"de"},{"@type":"Organization","@id":"https:\/\/www.transtoyou.com\/de\/#organization","name":"Transtoyou - DE","url":"https:\/\/www.transtoyou.com\/de\/","logo":{"@type":"ImageObject","inLanguage":"de","@id":"https:\/\/www.transtoyou.com\/de\/#\/schema\/logo\/image\/","url":"https:\/\/www.transtoyou.com\/de\/wp-content\/uploads\/sites\/4\/2026\/01\/logo-tty-menu-bar-300x87-1.webp","contentUrl":"https:\/\/www.transtoyou.com\/de\/wp-content\/uploads\/sites\/4\/2026\/01\/logo-tty-menu-bar-300x87-1.webp","width":300,"height":87,"caption":"Transtoyou - DE"},"image":{"@id":"https:\/\/www.transtoyou.com\/de\/#\/schema\/logo\/image\/"}}]}},"_links":{"self":[{"href":"https:\/\/www.transtoyou.com\/de\/wp-json\/wp\/v2\/product\/772","targetHints":{"allow":["GET"]}}],"collection":[{"href":"https:\/\/www.transtoyou.com\/de\/wp-json\/wp\/v2\/product"}],"about":[{"href":"https:\/\/www.transtoyou.com\/de\/wp-json\/wp\/v2\/types\/product"}],"replies":[{"embeddable":true,"href":"https:\/\/www.transtoyou.com\/de\/wp-json\/wp\/v2\/comments?post=772"}],"wp:featuredmedia":[{"embeddable":true,"href":"https:\/\/www.transtoyou.com\/de\/wp-json\/wp\/v2\/media\/774"}],"wp:attachment":[{"href":"https:\/\/www.transtoyou.com\/de\/wp-json\/wp\/v2\/media?parent=772"}],"wp:term":[{"taxonomy":"product_brand","embeddable":true,"href":"https:\/\/www.transtoyou.com\/de\/wp-json\/wp\/v2\/product_brand?post=772"},{"taxonomy":"product_cat","embeddable":true,"href":"https:\/\/www.transtoyou.com\/de\/wp-json\/wp\/v2\/product_cat?post=772"},{"taxonomy":"product_tag","embeddable":true,"href":"https:\/\/www.transtoyou.com\/de\/wp-json\/wp\/v2\/product_tag?post=772"},{"taxonomy":"expert","embeddable":true,"href":"https:\/\/www.transtoyou.com\/de\/wp-json\/wp\/v2\/expert?post=772"}],"curies":[{"name":"wp","href":"https:\/\/api.w.org\/{rel}","templated":true}]}}