{"id":778,"date":"2026-01-22T18:01:26","date_gmt":"2026-01-22T16:01:26","guid":{"rendered":"https:\/\/www.transtoyou.com\/de\/product\/vesicare\/"},"modified":"2026-01-22T18:02:33","modified_gmt":"2026-01-22T16:02:33","slug":"vesicare","status":"publish","type":"product","link":"https:\/\/www.transtoyou.com\/de\/product\/vesicare\/","title":{"rendered":"Vesicare"},"content":{"rendered":"<p>Vesicare ist ein Medikament zur Behandlung von Symptomen einer \u00fcberaktiven Blase (OAB), wie z.B. pl\u00f6tzlichem Harndrang, h\u00e4ufigem Wasserlassen und Dranginkontinenz. Es enth\u00e4lt den Wirkstoff Solifenacin, der zu einer Klasse von Medikamenten geh\u00f6rt, die als Anticholinergika bezeichnet werden. Diese Medikamente wirken, indem sie spezifische Rezeptoren in der Blasenwand blockieren, was hilft, den Blasenmuskel zu entspannen und seine Kapazit\u00e4t zur Speicherung von Urin zu erh\u00f6hen.<\/p>\n<p>Eine \u00fcberaktive Blase kann das t\u00e4gliche Leben erheblich beeintr\u00e4chtigen, indem sie pl\u00f6tzliche und unkontrollierbare Harndr\u00e4nge, h\u00e4ufige Toiletteng\u00e4nge und m\u00f6gliche Undichtigkeiten verursacht. Vesicare hilft, diese Symptome zu managen, indem es unwillk\u00fcrliche Blasenkontraktionen reduziert, sodass die Betroffenen die Kontrolle und das Vertrauen in ihre t\u00e4glichen Aktivit\u00e4ten zur\u00fcckgewinnen k\u00f6nnen.<\/p>\n<p>Vesicare wird einmal t\u00e4glich eingenommen, normalerweise zur gleichen Zeit jeden Tag, mit oder ohne Nahrung. Die Tablette sollte ganz mit Wasser geschluckt werden. Die meisten Menschen bemerken innerhalb der ersten Wochen der Anwendung Verbesserungen der Symptome, obwohl es l\u00e4nger dauern kann, bis die volle Wirkung eintritt.<\/p>\n<p>H\u00e4ufige Nebenwirkungen von Vesicare sind trockener Mund, Verstopfung, Bl\u00e4hungen, \u00dcbelkeit, Bauchschmerzen und verschwommenes Sehen. In einigen F\u00e4llen k\u00f6nnen Schwindel oder Harnverhalt auftreten. Diese Nebenwirkungen sind oft mild und gut behandelbar.<\/p>\n<p>Vesicare ist nicht geeignet f\u00fcr Personen mit bestimmten medizinischen Bedingungen wie schweren gastrointestinalen Problemen, Harnverhalt oder unkontrolliertem Glaukom.<\/p>\n","protected":false},"excerpt":{"rendered":"<ul>\n<li>Einmal t\u00e4glich Blasenkontrolle<\/li>\n<li>Reduziert Dringlichkeit und Leckagen<\/li>\n<li>Verbessert die Blasenstabilit\u00e4t<\/li>\n<\/ul>\n","protected":false},"featured_media":780,"comment_status":"open","ping_status":"closed","template":"","meta":[],"product_brand":[],"product_cat":[176],"product_tag":[],"expert":[18],"class_list":{"0":"post-778","1":"product","2":"type-product","3":"status-publish","4":"has-post-thumbnail","6":"product_cat-harninkontinenz","7":"expert-dr-g-varbanov","9":"first","10":"instock","11":"shipping-taxable","12":"product-type-variable"},"yoast_head":"<!-- This site is optimized with the Yoast SEO plugin v27.0 - https:\/\/yoast.com\/product\/yoast-seo-wordpress\/ -->\n<title>Vesicare | Effektive Blasenkontrolle - Transtoyou<\/title>\n<meta name=\"description\" content=\"Vesicare zur Linderung einer \u00fcberaktiven Blase, jetzt bei Transtoyou erh\u00e4ltlich. Verbessere deinen Alltag, shoppe heute f\u00fcr effektives Symptomanagement.\" \/>\n<meta name=\"robots\" content=\"noindex, follow, max-snippet:-1, max-image-preview:large, max-video-preview:-1\" \/>\n<meta property=\"og:locale\" content=\"de_DE\" \/>\n<meta property=\"og:type\" content=\"article\" \/>\n<meta property=\"og:title\" content=\"Vesicare | Effektive Blasenkontrolle - Transtoyou\" \/>\n<meta property=\"og:description\" content=\"Vesicare zur Linderung einer \u00fcberaktiven Blase, jetzt bei Transtoyou erh\u00e4ltlich. Verbessere deinen Alltag, shoppe heute f\u00fcr effektives Symptomanagement.\" \/>\n<meta property=\"og:url\" content=\"https:\/\/www.transtoyou.com\/de\/product\/vesicare\/\" \/>\n<meta property=\"og:site_name\" content=\"Transtoyou - DE\" \/>\n<meta property=\"article:modified_time\" content=\"2026-01-22T16:02:33+00:00\" \/>\n<meta name=\"twitter:card\" content=\"summary_large_image\" \/>\n<meta name=\"twitter:label1\" content=\"Gesch\u00e4tzte Lesezeit\" \/>\n\t<meta name=\"twitter:data1\" content=\"1\u00a0Minute\" \/>\n<script type=\"application\/ld+json\" class=\"yoast-schema-graph\">{\"@context\":\"https:\/\/schema.org\",\"@graph\":[{\"@type\":\"WebPage\",\"@id\":\"https:\/\/www.transtoyou.com\/de\/product\/vesicare\/\",\"url\":\"https:\/\/www.transtoyou.com\/de\/product\/vesicare\/\",\"name\":\"Vesicare | Effektive Blasenkontrolle - Transtoyou\",\"isPartOf\":{\"@id\":\"https:\/\/www.transtoyou.com\/de\/#website\"},\"primaryImageOfPage\":{\"@id\":\"https:\/\/www.transtoyou.com\/de\/product\/vesicare\/#primaryimage\"},\"image\":{\"@id\":\"https:\/\/www.transtoyou.com\/de\/product\/vesicare\/#primaryimage\"},\"thumbnailUrl\":\"https:\/\/www.transtoyou.com\/de\/wp-content\/uploads\/sites\/4\/2026\/01\/tty-no-product-image-13.webp\",\"datePublished\":\"2026-01-22T16:01:26+00:00\",\"dateModified\":\"2026-01-22T16:02:33+00:00\",\"description\":\"Vesicare zur Linderung einer \u00fcberaktiven Blase, jetzt bei Transtoyou erh\u00e4ltlich. Verbessere deinen Alltag, shoppe heute f\u00fcr effektives Symptomanagement.\",\"breadcrumb\":{\"@id\":\"https:\/\/www.transtoyou.com\/de\/product\/vesicare\/#breadcrumb\"},\"inLanguage\":\"de\",\"potentialAction\":[{\"@type\":\"ReadAction\",\"target\":[\"https:\/\/www.transtoyou.com\/de\/product\/vesicare\/\"]}]},{\"@type\":\"ImageObject\",\"inLanguage\":\"de\",\"@id\":\"https:\/\/www.transtoyou.com\/de\/product\/vesicare\/#primaryimage\",\"url\":\"https:\/\/www.transtoyou.com\/de\/wp-content\/uploads\/sites\/4\/2026\/01\/tty-no-product-image-13.webp\",\"contentUrl\":\"https:\/\/www.transtoyou.com\/de\/wp-content\/uploads\/sites\/4\/2026\/01\/tty-no-product-image-13.webp\",\"width\":1000,\"height\":1000,\"caption\":\"Standardproduktbild\"},{\"@type\":\"WebSite\",\"@id\":\"https:\/\/www.transtoyou.com\/de\/#website\",\"url\":\"https:\/\/www.transtoyou.com\/de\/\",\"name\":\"Transtoyou - DE\",\"description\":\"DE\",\"publisher\":{\"@id\":\"https:\/\/www.transtoyou.com\/de\/#organization\"},\"potentialAction\":[{\"@type\":\"SearchAction\",\"target\":{\"@type\":\"EntryPoint\",\"urlTemplate\":\"https:\/\/www.transtoyou.com\/de\/?s={search_term_string}\"},\"query-input\":{\"@type\":\"PropertyValueSpecification\",\"valueRequired\":true,\"valueName\":\"search_term_string\"}}],\"inLanguage\":\"de\"},{\"@type\":\"Organization\",\"@id\":\"https:\/\/www.transtoyou.com\/de\/#organization\",\"name\":\"Transtoyou - DE\",\"url\":\"https:\/\/www.transtoyou.com\/de\/\",\"logo\":{\"@type\":\"ImageObject\",\"inLanguage\":\"de\",\"@id\":\"https:\/\/www.transtoyou.com\/de\/#\/schema\/logo\/image\/\",\"url\":\"https:\/\/www.transtoyou.com\/de\/wp-content\/uploads\/sites\/4\/2026\/01\/logo-tty-menu-bar-300x87-1.webp\",\"contentUrl\":\"https:\/\/www.transtoyou.com\/de\/wp-content\/uploads\/sites\/4\/2026\/01\/logo-tty-menu-bar-300x87-1.webp\",\"width\":300,\"height\":87,\"caption\":\"Transtoyou - DE\"},\"image\":{\"@id\":\"https:\/\/www.transtoyou.com\/de\/#\/schema\/logo\/image\/\"}}]}<\/script>\n<!-- \/ Yoast SEO plugin. -->","yoast_head_json":{"title":"Vesicare | Effektive Blasenkontrolle - Transtoyou","description":"Vesicare zur Linderung einer \u00fcberaktiven Blase, jetzt bei Transtoyou erh\u00e4ltlich. Verbessere deinen Alltag, shoppe heute f\u00fcr effektives Symptomanagement.","robots":{"index":"noindex","follow":"follow","max-snippet":"max-snippet:-1","max-image-preview":"max-image-preview:large","max-video-preview":"max-video-preview:-1"},"og_locale":"de_DE","og_type":"article","og_title":"Vesicare | Effektive Blasenkontrolle - Transtoyou","og_description":"Vesicare zur Linderung einer \u00fcberaktiven Blase, jetzt bei Transtoyou erh\u00e4ltlich. Verbessere deinen Alltag, shoppe heute f\u00fcr effektives Symptomanagement.","og_url":"https:\/\/www.transtoyou.com\/de\/product\/vesicare\/","og_site_name":"Transtoyou - DE","article_modified_time":"2026-01-22T16:02:33+00:00","twitter_card":"summary_large_image","twitter_misc":{"Gesch\u00e4tzte Lesezeit":"1\u00a0Minute"},"schema":{"@context":"https:\/\/schema.org","@graph":[{"@type":"WebPage","@id":"https:\/\/www.transtoyou.com\/de\/product\/vesicare\/","url":"https:\/\/www.transtoyou.com\/de\/product\/vesicare\/","name":"Vesicare | Effektive Blasenkontrolle - Transtoyou","isPartOf":{"@id":"https:\/\/www.transtoyou.com\/de\/#website"},"primaryImageOfPage":{"@id":"https:\/\/www.transtoyou.com\/de\/product\/vesicare\/#primaryimage"},"image":{"@id":"https:\/\/www.transtoyou.com\/de\/product\/vesicare\/#primaryimage"},"thumbnailUrl":"https:\/\/www.transtoyou.com\/de\/wp-content\/uploads\/sites\/4\/2026\/01\/tty-no-product-image-13.webp","datePublished":"2026-01-22T16:01:26+00:00","dateModified":"2026-01-22T16:02:33+00:00","description":"Vesicare zur Linderung einer \u00fcberaktiven Blase, jetzt bei Transtoyou erh\u00e4ltlich. Verbessere deinen Alltag, shoppe heute f\u00fcr effektives Symptomanagement.","breadcrumb":{"@id":"https:\/\/www.transtoyou.com\/de\/product\/vesicare\/#breadcrumb"},"inLanguage":"de","potentialAction":[{"@type":"ReadAction","target":["https:\/\/www.transtoyou.com\/de\/product\/vesicare\/"]}]},{"@type":"ImageObject","inLanguage":"de","@id":"https:\/\/www.transtoyou.com\/de\/product\/vesicare\/#primaryimage","url":"https:\/\/www.transtoyou.com\/de\/wp-content\/uploads\/sites\/4\/2026\/01\/tty-no-product-image-13.webp","contentUrl":"https:\/\/www.transtoyou.com\/de\/wp-content\/uploads\/sites\/4\/2026\/01\/tty-no-product-image-13.webp","width":1000,"height":1000,"caption":"Standardproduktbild"},{"@type":"WebSite","@id":"https:\/\/www.transtoyou.com\/de\/#website","url":"https:\/\/www.transtoyou.com\/de\/","name":"Transtoyou - DE","description":"DE","publisher":{"@id":"https:\/\/www.transtoyou.com\/de\/#organization"},"potentialAction":[{"@type":"SearchAction","target":{"@type":"EntryPoint","urlTemplate":"https:\/\/www.transtoyou.com\/de\/?s={search_term_string}"},"query-input":{"@type":"PropertyValueSpecification","valueRequired":true,"valueName":"search_term_string"}}],"inLanguage":"de"},{"@type":"Organization","@id":"https:\/\/www.transtoyou.com\/de\/#organization","name":"Transtoyou - DE","url":"https:\/\/www.transtoyou.com\/de\/","logo":{"@type":"ImageObject","inLanguage":"de","@id":"https:\/\/www.transtoyou.com\/de\/#\/schema\/logo\/image\/","url":"https:\/\/www.transtoyou.com\/de\/wp-content\/uploads\/sites\/4\/2026\/01\/logo-tty-menu-bar-300x87-1.webp","contentUrl":"https:\/\/www.transtoyou.com\/de\/wp-content\/uploads\/sites\/4\/2026\/01\/logo-tty-menu-bar-300x87-1.webp","width":300,"height":87,"caption":"Transtoyou - DE"},"image":{"@id":"https:\/\/www.transtoyou.com\/de\/#\/schema\/logo\/image\/"}}]}},"_links":{"self":[{"href":"https:\/\/www.transtoyou.com\/de\/wp-json\/wp\/v2\/product\/778","targetHints":{"allow":["GET"]}}],"collection":[{"href":"https:\/\/www.transtoyou.com\/de\/wp-json\/wp\/v2\/product"}],"about":[{"href":"https:\/\/www.transtoyou.com\/de\/wp-json\/wp\/v2\/types\/product"}],"replies":[{"embeddable":true,"href":"https:\/\/www.transtoyou.com\/de\/wp-json\/wp\/v2\/comments?post=778"}],"wp:featuredmedia":[{"embeddable":true,"href":"https:\/\/www.transtoyou.com\/de\/wp-json\/wp\/v2\/media\/780"}],"wp:attachment":[{"href":"https:\/\/www.transtoyou.com\/de\/wp-json\/wp\/v2\/media?parent=778"}],"wp:term":[{"taxonomy":"product_brand","embeddable":true,"href":"https:\/\/www.transtoyou.com\/de\/wp-json\/wp\/v2\/product_brand?post=778"},{"taxonomy":"product_cat","embeddable":true,"href":"https:\/\/www.transtoyou.com\/de\/wp-json\/wp\/v2\/product_cat?post=778"},{"taxonomy":"product_tag","embeddable":true,"href":"https:\/\/www.transtoyou.com\/de\/wp-json\/wp\/v2\/product_tag?post=778"},{"taxonomy":"expert","embeddable":true,"href":"https:\/\/www.transtoyou.com\/de\/wp-json\/wp\/v2\/expert?post=778"}],"curies":[{"name":"wp","href":"https:\/\/api.w.org\/{rel}","templated":true}]}}